{"id":113841,"date":"2020-05-27T01:09:00","date_gmt":"2020-05-26T17:09:00","guid":{"rendered":"https:\/\/localhost\/gelidsolutions\/product\/1-to-4-pwm-luefternarbe\/"},"modified":"2023-01-24T17:19:20","modified_gmt":"2023-01-24T09:19:20","slug":"pwm-lufter-hub","status":"publish","type":"product","link":"https:\/\/gelidsolutions.com\/de\/produkt\/pwm-lufter-hub\/","title":{"rendered":"1 bis 4 PWM FAN HUB"},"content":{"rendered":"<p><i><b>1-bis-4-PWM-L\u00fcfter-Hub (FC-PWM-04)<\/b><\/i><br \/>\n4 Port-PWM-L\u00fcfter Hub H\u00fclse Kabel<\/p>\n<p>Entwickelt f\u00fcr Enthusiasten, um die Steuerung zahlreicher Systeml\u00fcfter zu erleichtern.<\/p>\n<p>Mit dem 1-zu-4-PWM-L\u00fcfter-Hub k\u00f6nnen Sie einen PWM-L\u00fcfteranschluss auf dem Motherboard ganz einfach erweitern, um bis zu 4 L\u00fcfter anzuschlie\u00dfen. Kompatibel mit allen 3-Pin und 4-Pin PWM-L\u00fcftern. Mit Muffenverkabelung f\u00fcr nahtloses Kabelmanagement und vorappliziertem Klebeband f\u00fcr eine einfache Installation.<\/p>\n<p>EAN: 4897025782297<\/p>\n","protected":false},"excerpt":{"rendered":"<ul>\n<li>4 x PWM-Ausg\u00e4nge<\/li>\n<li>Unterst\u00fctzung f\u00fcr 3-Pin und 4-Pin PWM-L\u00fcfter<\/li>\n<li>Ultra-strapazierf\u00e4higes H\u00fclsenkabel<\/li>\n<li>Inklusive Klebeband<\/li>\n<\/ul>\n<p>Nord-Amerika<\/p>\n<p><a href=\"https:\/\/www.amazon.com\/Computer-Connector-Splitter-Sleeved-CA-PWM-03\/dp\/B08CTFJPHK?ref_=ast_sto_dp&amp;th=1\"><img loading=\"lazy\" decoding=\"async\" class=\"alignnone size-full wp-image-115044\" src=\"https:\/\/gelidsolutions.com\/wp-content\/uploads\/2022\/06\/amazon-logo_white-300x145-1.png\" alt=\"\" width=\"300\" height=\"145\" srcset=\"https:\/\/gelidsolutions.com\/wp-content\/uploads\/2022\/06\/amazon-logo_white-300x145-1.png 300w, https:\/\/gelidsolutions.com\/wp-content\/uploads\/2022\/06\/amazon-logo_white-300x145-1-84x41.png 84w, https:\/\/gelidsolutions.com\/wp-content\/uploads\/2022\/06\/amazon-logo_white-300x145-1-200x97.png 200w, https:\/\/gelidsolutions.com\/wp-content\/uploads\/2022\/06\/amazon-logo_white-300x145-1-186x90.png 186w\" sizes=\"auto, (max-width: 300px) 100vw, 300px\" \/><\/a><\/p>\n<h6><strong>Kaufen Sie unser Produkt von Amazon, um verg\u00fcnstigte Versandpreise zu erhalten!<\/strong><\/h6>\n<p>&nbsp;<\/p>\n","protected":false},"featured_media":112918,"comment_status":"closed","ping_status":"closed","template":"","meta":{"_acf_changed":false},"product_cat":[305,506],"product_tag":[],"class_list":{"0":"post-113841","1":"product","2":"type-product","3":"status-publish","4":"has-post-thumbnail","6":"product_cat-kuehlloesungen","7":"product_cat-zubehor","9":"first","10":"instock","11":"taxable","12":"shipping-taxable","13":"purchasable","14":"product-type-simple"},"supplier_id":null,"supplier_sku":"FC-PWM-04","barcode":"4897025782297","atum_controlled":true,"out_stock_date":null,"out_stock_threshold":null,"inheritable":false,"inbound_stock":null,"stock_on_hold":0,"sold_today":0,"sales_last_days":0,"reserved_stock":null,"customer_returns":null,"warehouse_damage":null,"lost_in_post":null,"other_logs":null,"out_stock_days":0,"lost_sales":0,"has_location":false,"update_date":"2026-04-11T00:07:57","atum_locations":[],"atum_stock_status":"instock","restock_status":false,"low_stock_amount":"","sales_update_date":"2026-04-11T00:07:57","calc_backorders":null,"acf":[],"yoast_head":"<!-- This site is optimized with the Yoast SEO plugin v27.3 - https:\/\/yoast.com\/product\/yoast-seo-wordpress\/ -->\n<title>1 bis 4 PWM FAN HUB - Gelid Solutions<\/title>\n<meta name=\"robots\" content=\"index, follow, max-snippet:-1, max-image-preview:large, max-video-preview:-1\" \/>\n<link rel=\"canonical\" href=\"https:\/\/gelidsolutions.com\/de\/produkt\/pwm-lufter-hub\/\" \/>\n<meta property=\"og:locale\" content=\"de_DE\" \/>\n<meta property=\"og:type\" content=\"article\" \/>\n<meta property=\"og:title\" content=\"1 bis 4 PWM FAN HUB - Gelid Solutions\" \/>\n<meta property=\"og:description\" content=\"4 x PWM-Ausg\u00e4nge  Unterst\u00fctzung f\u00fcr 3-Pin und 4-Pin PWM-L\u00fcfter  Ultra-strapazierf\u00e4higes H\u00fclsenkabel  Inklusive Klebeband  Nord-Amerika   Kaufen Sie unser Produkt von Amazon, um verg\u00fcnstigte Versandpreise zu erhalten! &nbsp;\" \/>\n<meta property=\"og:url\" content=\"https:\/\/gelidsolutions.com\/de\/produkt\/pwm-lufter-hub\/\" \/>\n<meta property=\"og:site_name\" content=\"Gelid Solutions\" \/>\n<meta property=\"article:modified_time\" content=\"2023-01-24T09:19:20+00:00\" \/>\n<meta property=\"og:image\" content=\"https:\/\/gelidsolutions.com\/wp-content\/uploads\/2022\/05\/pwm_fan_hub_1.jpg\" \/>\n\t<meta property=\"og:image:width\" content=\"1600\" \/>\n\t<meta property=\"og:image:height\" content=\"1600\" \/>\n\t<meta property=\"og:image:type\" content=\"image\/jpeg\" \/>\n<meta name=\"twitter:card\" content=\"summary_large_image\" \/>\n<meta name=\"twitter:label1\" content=\"Gesch\u00e4tzte Lesezeit\" \/>\n\t<meta name=\"twitter:data1\" content=\"1\u00a0Minute\" \/>\n<script type=\"application\/ld+json\" class=\"yoast-schema-graph\">{\"@context\":\"https:\\\/\\\/schema.org\",\"@graph\":[{\"@type\":\"WebPage\",\"@id\":\"https:\\\/\\\/gelidsolutions.com\\\/de\\\/produkt\\\/pwm-lufter-hub\\\/\",\"url\":\"https:\\\/\\\/gelidsolutions.com\\\/de\\\/produkt\\\/pwm-lufter-hub\\\/\",\"name\":\"1 bis 4 PWM FAN HUB - Gelid Solutions\",\"isPartOf\":{\"@id\":\"https:\\\/\\\/gelidsolutions.com\\\/de\\\/#website\"},\"primaryImageOfPage\":{\"@id\":\"https:\\\/\\\/gelidsolutions.com\\\/de\\\/produkt\\\/pwm-lufter-hub\\\/#primaryimage\"},\"image\":{\"@id\":\"https:\\\/\\\/gelidsolutions.com\\\/de\\\/produkt\\\/pwm-lufter-hub\\\/#primaryimage\"},\"thumbnailUrl\":\"https:\\\/\\\/gelidsolutions.com\\\/wp-content\\\/uploads\\\/2022\\\/05\\\/pwm_fan_hub_1.jpg\",\"datePublished\":\"2020-05-26T17:09:00+00:00\",\"dateModified\":\"2023-01-24T09:19:20+00:00\",\"breadcrumb\":{\"@id\":\"https:\\\/\\\/gelidsolutions.com\\\/de\\\/produkt\\\/pwm-lufter-hub\\\/#breadcrumb\"},\"inLanguage\":\"de\",\"potentialAction\":[{\"@type\":\"ReadAction\",\"target\":[\"https:\\\/\\\/gelidsolutions.com\\\/de\\\/produkt\\\/pwm-lufter-hub\\\/\"]}]},{\"@type\":\"ImageObject\",\"inLanguage\":\"de\",\"@id\":\"https:\\\/\\\/gelidsolutions.com\\\/de\\\/produkt\\\/pwm-lufter-hub\\\/#primaryimage\",\"url\":\"https:\\\/\\\/gelidsolutions.com\\\/wp-content\\\/uploads\\\/2022\\\/05\\\/pwm_fan_hub_1.jpg\",\"contentUrl\":\"https:\\\/\\\/gelidsolutions.com\\\/wp-content\\\/uploads\\\/2022\\\/05\\\/pwm_fan_hub_1.jpg\",\"width\":1600,\"height\":1600,\"caption\":\"1-zu-4-PWM-L\u00fcfter-Hub\"},{\"@type\":\"BreadcrumbList\",\"@id\":\"https:\\\/\\\/gelidsolutions.com\\\/de\\\/produkt\\\/pwm-lufter-hub\\\/#breadcrumb\",\"itemListElement\":[{\"@type\":\"ListItem\",\"position\":1,\"name\":\"Home\",\"item\":\"https:\\\/\\\/gelidsolutions.com\\\/de\\\/\"},{\"@type\":\"ListItem\",\"position\":2,\"name\":\"Shop\",\"item\":\"https:\\\/\\\/gelidsolutions.com\\\/shop\\\/\"},{\"@type\":\"ListItem\",\"position\":3,\"name\":\"1 bis 4 PWM FAN HUB\"}]},{\"@type\":\"WebSite\",\"@id\":\"https:\\\/\\\/gelidsolutions.com\\\/de\\\/#website\",\"url\":\"https:\\\/\\\/gelidsolutions.com\\\/de\\\/\",\"name\":\"Gelid Solutions\",\"description\":\"\",\"publisher\":{\"@id\":\"https:\\\/\\\/gelidsolutions.com\\\/de\\\/#organization\"},\"potentialAction\":[{\"@type\":\"SearchAction\",\"target\":{\"@type\":\"EntryPoint\",\"urlTemplate\":\"https:\\\/\\\/gelidsolutions.com\\\/de\\\/?s={search_term_string}\"},\"query-input\":{\"@type\":\"PropertyValueSpecification\",\"valueRequired\":true,\"valueName\":\"search_term_string\"}}],\"inLanguage\":\"de\"},{\"@type\":\"Organization\",\"@id\":\"https:\\\/\\\/gelidsolutions.com\\\/de\\\/#organization\",\"name\":\"Gelid Solutions\",\"url\":\"https:\\\/\\\/gelidsolutions.com\\\/de\\\/\",\"logo\":{\"@type\":\"ImageObject\",\"inLanguage\":\"de\",\"@id\":\"https:\\\/\\\/gelidsolutions.com\\\/de\\\/#\\\/schema\\\/logo\\\/image\\\/\",\"url\":\"https:\\\/\\\/gelidsolutions.com\\\/wp-content\\\/uploads\\\/2022\\\/06\\\/logo_white_104_104.gif\",\"contentUrl\":\"https:\\\/\\\/gelidsolutions.com\\\/wp-content\\\/uploads\\\/2022\\\/06\\\/logo_white_104_104.gif\",\"width\":104,\"height\":104,\"caption\":\"Gelid Solutions\"},\"image\":{\"@id\":\"https:\\\/\\\/gelidsolutions.com\\\/de\\\/#\\\/schema\\\/logo\\\/image\\\/\"}}]}<\/script>\n<!-- \/ Yoast SEO plugin. -->","yoast_head_json":{"title":"1 bis 4 PWM FAN HUB - Gelid Solutions","robots":{"index":"index","follow":"follow","max-snippet":"max-snippet:-1","max-image-preview":"max-image-preview:large","max-video-preview":"max-video-preview:-1"},"canonical":"https:\/\/gelidsolutions.com\/de\/produkt\/pwm-lufter-hub\/","og_locale":"de_DE","og_type":"article","og_title":"1 bis 4 PWM FAN HUB - Gelid Solutions","og_description":"4 x PWM-Ausg\u00e4nge  Unterst\u00fctzung f\u00fcr 3-Pin und 4-Pin PWM-L\u00fcfter  Ultra-strapazierf\u00e4higes H\u00fclsenkabel  Inklusive Klebeband  Nord-Amerika   Kaufen Sie unser Produkt von Amazon, um verg\u00fcnstigte Versandpreise zu erhalten! &nbsp;","og_url":"https:\/\/gelidsolutions.com\/de\/produkt\/pwm-lufter-hub\/","og_site_name":"Gelid Solutions","article_modified_time":"2023-01-24T09:19:20+00:00","og_image":[{"width":1600,"height":1600,"url":"https:\/\/gelidsolutions.com\/wp-content\/uploads\/2022\/05\/pwm_fan_hub_1.jpg","type":"image\/jpeg"}],"twitter_card":"summary_large_image","twitter_misc":{"Gesch\u00e4tzte Lesezeit":"1\u00a0Minute"},"schema":{"@context":"https:\/\/schema.org","@graph":[{"@type":"WebPage","@id":"https:\/\/gelidsolutions.com\/de\/produkt\/pwm-lufter-hub\/","url":"https:\/\/gelidsolutions.com\/de\/produkt\/pwm-lufter-hub\/","name":"1 bis 4 PWM FAN HUB - Gelid Solutions","isPartOf":{"@id":"https:\/\/gelidsolutions.com\/de\/#website"},"primaryImageOfPage":{"@id":"https:\/\/gelidsolutions.com\/de\/produkt\/pwm-lufter-hub\/#primaryimage"},"image":{"@id":"https:\/\/gelidsolutions.com\/de\/produkt\/pwm-lufter-hub\/#primaryimage"},"thumbnailUrl":"https:\/\/gelidsolutions.com\/wp-content\/uploads\/2022\/05\/pwm_fan_hub_1.jpg","datePublished":"2020-05-26T17:09:00+00:00","dateModified":"2023-01-24T09:19:20+00:00","breadcrumb":{"@id":"https:\/\/gelidsolutions.com\/de\/produkt\/pwm-lufter-hub\/#breadcrumb"},"inLanguage":"de","potentialAction":[{"@type":"ReadAction","target":["https:\/\/gelidsolutions.com\/de\/produkt\/pwm-lufter-hub\/"]}]},{"@type":"ImageObject","inLanguage":"de","@id":"https:\/\/gelidsolutions.com\/de\/produkt\/pwm-lufter-hub\/#primaryimage","url":"https:\/\/gelidsolutions.com\/wp-content\/uploads\/2022\/05\/pwm_fan_hub_1.jpg","contentUrl":"https:\/\/gelidsolutions.com\/wp-content\/uploads\/2022\/05\/pwm_fan_hub_1.jpg","width":1600,"height":1600,"caption":"1-zu-4-PWM-L\u00fcfter-Hub"},{"@type":"BreadcrumbList","@id":"https:\/\/gelidsolutions.com\/de\/produkt\/pwm-lufter-hub\/#breadcrumb","itemListElement":[{"@type":"ListItem","position":1,"name":"Home","item":"https:\/\/gelidsolutions.com\/de\/"},{"@type":"ListItem","position":2,"name":"Shop","item":"https:\/\/gelidsolutions.com\/shop\/"},{"@type":"ListItem","position":3,"name":"1 bis 4 PWM FAN HUB"}]},{"@type":"WebSite","@id":"https:\/\/gelidsolutions.com\/de\/#website","url":"https:\/\/gelidsolutions.com\/de\/","name":"Gelid Solutions","description":"","publisher":{"@id":"https:\/\/gelidsolutions.com\/de\/#organization"},"potentialAction":[{"@type":"SearchAction","target":{"@type":"EntryPoint","urlTemplate":"https:\/\/gelidsolutions.com\/de\/?s={search_term_string}"},"query-input":{"@type":"PropertyValueSpecification","valueRequired":true,"valueName":"search_term_string"}}],"inLanguage":"de"},{"@type":"Organization","@id":"https:\/\/gelidsolutions.com\/de\/#organization","name":"Gelid Solutions","url":"https:\/\/gelidsolutions.com\/de\/","logo":{"@type":"ImageObject","inLanguage":"de","@id":"https:\/\/gelidsolutions.com\/de\/#\/schema\/logo\/image\/","url":"https:\/\/gelidsolutions.com\/wp-content\/uploads\/2022\/06\/logo_white_104_104.gif","contentUrl":"https:\/\/gelidsolutions.com\/wp-content\/uploads\/2022\/06\/logo_white_104_104.gif","width":104,"height":104,"caption":"Gelid Solutions"},"image":{"@id":"https:\/\/gelidsolutions.com\/de\/#\/schema\/logo\/image\/"}}]}},"_links":{"self":[{"href":"https:\/\/gelidsolutions.com\/de\/wp-json\/wp\/v2\/product\/113841","targetHints":{"allow":["GET"]}}],"collection":[{"href":"https:\/\/gelidsolutions.com\/de\/wp-json\/wp\/v2\/product"}],"about":[{"href":"https:\/\/gelidsolutions.com\/de\/wp-json\/wp\/v2\/types\/product"}],"replies":[{"embeddable":true,"href":"https:\/\/gelidsolutions.com\/de\/wp-json\/wp\/v2\/comments?post=113841"}],"wp:featuredmedia":[{"embeddable":true,"href":"https:\/\/gelidsolutions.com\/de\/wp-json\/wp\/v2\/media\/112918"}],"wp:attachment":[{"href":"https:\/\/gelidsolutions.com\/de\/wp-json\/wp\/v2\/media?parent=113841"}],"wp:term":[{"taxonomy":"product_cat","embeddable":true,"href":"https:\/\/gelidsolutions.com\/de\/wp-json\/wp\/v2\/product_cat?post=113841"},{"taxonomy":"product_tag","embeddable":true,"href":"https:\/\/gelidsolutions.com\/de\/wp-json\/wp\/v2\/product_tag?post=113841"}],"curies":[{"name":"wp","href":"https:\/\/api.w.org\/{rel}","templated":true}]}}