{"id":113843,"date":"2020-11-25T21:36:00","date_gmt":"2020-11-25T13:36:00","guid":{"rendered":"https:\/\/localhost\/gelidsolutions\/product\/amber5-argb-regler\/"},"modified":"2023-07-11T15:05:47","modified_gmt":"2023-07-11T07:05:47","slug":"amber5-argb-regler","status":"publish","type":"product","link":"https:\/\/gelidsolutions.com\/de\/produkt\/amber5-argb-regler\/","title":{"rendered":"AMBER5 ARGB REGLER"},"content":{"rendered":"<p><b><i>AMBER5 (RF-RGB-01)<\/i><\/b><br \/>\n5-Kanal RF ARGB Fernbedienungs-Regler<\/p>\n<p>&nbsp;<\/p>\n<p><strong>Gestalten Sie Ihr RGB-Setup einfach und cool!<\/strong><\/p>\n<p>&nbsp;<\/p>\n<p>AMBER5 steuert bis zu 5 L\u00fcfter, Streifen oder andere adressierbare RGB-Ger\u00e4te (ARGB) und verf\u00fcgt \u00fcber 366 Voreinstellungen f\u00fcr dynamische Beleuchtung, die eine sorgf\u00e4ltig ausgew\u00e4hlte Sammlung vorprogrammierter RGB-Modi und dynamischer Effekte umfassen.<\/p>\n<p>&nbsp;<\/p>\n<p>Die SATA-Stromverbindung wird verwendet, welche eine maximale Ausgangsleistung von bis zu 85 W liefert und ARGB-Ger\u00e4te mit bis zu 120 integrierten LEDs unterst\u00fctzt, die auf jedem Kanal aufleuchten und Sie steuern k\u00f6nnen.<\/p>\n<p>&nbsp;<\/p>\n<p>AMBER5 unterst\u00fctzt ebenfalss den Passthrough-ARGB-Sync \/ Hub-Modus \u00fcber den 3-poligen ARGB-Sync-Eingang, wenn er mit kompatiblen Motherboards verbunden ist: ASUS, Gigabyte, MSI oder ASRock. Sie k\u00f6nnen die Controller-Voreinstellungen verwenden oder zu Ihren eigenen Voreinstellungen wechseln, die in Ihrer bevorzugten RGB-Software entwickelt wurden.<\/p>\n<p>&nbsp;<\/p>\n<p><strong><img loading=\"lazy\" decoding=\"async\" class=\"wp-image-33522 aligncenter\" src=\"https:\/\/gelidsolutions.com\/wp-content\/uploads\/2020\/11\/amber5-schema.png\" alt=\"\" width=\"596\" height=\"406\" \/><\/strong><\/p>\n<p>&nbsp;<\/p>\n<p>AMBER5 wird mit der 21-Tasten-RF-Fernbedienung (Radio Frequency) geliefert, um eine zuverl\u00e4ssige und reaktionsschnelle Fernbedienung im Bereich von 8 Metern zu erm\u00f6glichen.<\/p>\n<p>&nbsp;<\/p>\n<p><img loading=\"lazy\" decoding=\"async\" class=\"wp-image-33517 aligncenter\" src=\"https:\/\/gelidsolutions.com\/wp-content\/uploads\/2020\/11\/amber5-rc-unit.png\" alt=\"\" width=\"597\" height=\"407\" \/><\/p>\n<p>&nbsp;<\/p>\n<p>AMBER5 kann dank des eingebauten Magneten in Sekundenschnelle innerhalb oder au\u00dferhalb Ihres PCs installiert werden. Zus\u00e4tzlich ist das selbstklebende Pad enthalten, um die Installation in einem aus Aluminium gefertigten oder nicht metallischen PC-Geh\u00e4use zu erleichtern.<\/p>\n<p>&nbsp;<\/p>\n<h3>RGB-Header-Kompatibilit\u00e4t des Motherboards<\/h3>\n<p>&nbsp;<\/p>\n<p><img loading=\"lazy\" decoding=\"async\" class=\"alignleft size-full wp-image-34824\" src=\"https:\/\/gelidsolutions.com\/wp-content\/uploads\/2021\/01\/argb-compatibility-vdg-ger.png\" alt=\"Motherboard RGB Header Compatibility\" width=\"600\" height=\"360\" \/><\/p>\n<p>&nbsp;<\/p>\n<p>&nbsp;<\/p>\n<p><b><i>UVP: USD 14.99 \/ EUR 12.99<br \/>\n<\/i><\/b><\/p>\n<p><i>EAN: 4897025782587<br \/>\n<\/i><\/p>\n<p>&nbsp;<\/p>\n<p><em>* AMBER5 ist in S\u00fcdkorea nicht erh\u00e4ltlich (FR 433 MHz Bandbreite f\u00fcr den Fernbedienungsbetrieb)<\/em><\/p>\n<p>&nbsp;<\/p>\n","protected":false},"excerpt":{"rendered":"<p><i><b>Merkmale:<\/b><\/i><\/p>\n<ul>\n<li>5 Adressierbare RGB-Kan\u00e4le<\/li>\n<li>5 PWM Kan\u00e4le (Gemeinsame PWM-Steuerung)<\/li>\n<li>366 Vorprogrammierte RGB-Modi<\/li>\n<li>Manuelle \/ automatische RGB-Steuerung<\/li>\n<li>21-Tasten-RF-Fernbedienung<\/li>\n<li>ARGB Sync-kompatibel<\/li>\n<li>Eingebauter Magnethalter<\/li>\n<\/ul>\n<p>&nbsp;<\/p>\n","protected":false},"featured_media":121084,"comment_status":"closed","ping_status":"closed","template":"","meta":{"_acf_changed":false},"product_cat":[549,327,569,305,428,318],"product_tag":[],"class_list":{"0":"post-113843","1":"product","2":"type-product","3":"status-publish","4":"has-post-thumbnail","6":"product_cat-collections-de","7":"product_cat-gamer-zubehoer","8":"product_cat-hervorragendes-zubehor","9":"product_cat-kuehlloesungen","10":"product_cat-rgb-collection-de","11":"product_cat-zubehoer","13":"first","14":"outofstock","15":"taxable","16":"shipping-taxable","17":"purchasable","18":"product-type-simple"},"supplier_id":null,"supplier_sku":"RF-RGB-01","barcode":"4897025782587","atum_controlled":true,"out_stock_date":null,"out_stock_threshold":null,"inheritable":false,"inbound_stock":null,"stock_on_hold":0,"sold_today":0,"sales_last_days":0,"reserved_stock":null,"customer_returns":null,"warehouse_damage":null,"lost_in_post":null,"other_logs":null,"out_stock_days":0,"lost_sales":0,"has_location":false,"update_date":"2026-05-03T01:13:52","atum_locations":[],"atum_stock_status":"outofstock","restock_status":false,"low_stock_amount":"","sales_update_date":"2026-05-03T01:13:52","calc_backorders":null,"acf":[],"yoast_head":"<!-- This site is optimized with the Yoast SEO plugin v27.5 - https:\/\/yoast.com\/product\/yoast-seo-wordpress\/ -->\n<title>AMBER5 ARGB REGLER - Gelid Solutions<\/title>\n<meta name=\"robots\" content=\"index, follow, max-snippet:-1, max-image-preview:large, max-video-preview:-1\" \/>\n<link rel=\"canonical\" href=\"https:\/\/gelidsolutions.com\/de\/produkt\/amber5-argb-regler\/\" \/>\n<meta property=\"og:locale\" content=\"de_DE\" \/>\n<meta property=\"og:type\" content=\"article\" \/>\n<meta property=\"og:title\" content=\"AMBER5 ARGB REGLER - Gelid Solutions\" \/>\n<meta property=\"og:description\" content=\"Merkmale:   5 Adressierbare RGB-Kan\u00e4le  5 PWM Kan\u00e4le (Gemeinsame PWM-Steuerung)  366 Vorprogrammierte RGB-Modi  Manuelle \/ automatische RGB-Steuerung  21-Tasten-RF-Fernbedienung  ARGB Sync-kompatibel  Eingebauter Magnethalter  &nbsp;\" \/>\n<meta property=\"og:url\" content=\"https:\/\/gelidsolutions.com\/de\/produkt\/amber5-argb-regler\/\" \/>\n<meta property=\"og:site_name\" content=\"Gelid Solutions\" \/>\n<meta property=\"article:modified_time\" content=\"2023-07-11T07:05:47+00:00\" \/>\n<meta property=\"og:image\" content=\"https:\/\/gelidsolutions.com\/wp-content\/uploads\/2020\/11\/amber5-argb.1.png\" \/>\n\t<meta property=\"og:image:width\" content=\"2000\" \/>\n\t<meta property=\"og:image:height\" content=\"2000\" \/>\n\t<meta property=\"og:image:type\" content=\"image\/png\" \/>\n<meta name=\"twitter:card\" content=\"summary_large_image\" \/>\n<meta name=\"twitter:label1\" content=\"Gesch\u00e4tzte Lesezeit\" \/>\n\t<meta name=\"twitter:data1\" content=\"1\u00a0Minute\" \/>\n<script type=\"application\/ld+json\" class=\"yoast-schema-graph\">{\"@context\":\"https:\\\/\\\/schema.org\",\"@graph\":[{\"@type\":\"WebPage\",\"@id\":\"https:\\\/\\\/gelidsolutions.com\\\/de\\\/produkt\\\/amber5-argb-regler\\\/\",\"url\":\"https:\\\/\\\/gelidsolutions.com\\\/de\\\/produkt\\\/amber5-argb-regler\\\/\",\"name\":\"AMBER5 ARGB REGLER - Gelid Solutions\",\"isPartOf\":{\"@id\":\"https:\\\/\\\/gelidsolutions.com\\\/de\\\/#website\"},\"primaryImageOfPage\":{\"@id\":\"https:\\\/\\\/gelidsolutions.com\\\/de\\\/produkt\\\/amber5-argb-regler\\\/#primaryimage\"},\"image\":{\"@id\":\"https:\\\/\\\/gelidsolutions.com\\\/de\\\/produkt\\\/amber5-argb-regler\\\/#primaryimage\"},\"thumbnailUrl\":\"https:\\\/\\\/gelidsolutions.com\\\/wp-content\\\/uploads\\\/2020\\\/11\\\/amber5-argb.1.png\",\"datePublished\":\"2020-11-25T13:36:00+00:00\",\"dateModified\":\"2023-07-11T07:05:47+00:00\",\"breadcrumb\":{\"@id\":\"https:\\\/\\\/gelidsolutions.com\\\/de\\\/produkt\\\/amber5-argb-regler\\\/#breadcrumb\"},\"inLanguage\":\"de\",\"potentialAction\":[{\"@type\":\"ReadAction\",\"target\":[\"https:\\\/\\\/gelidsolutions.com\\\/de\\\/produkt\\\/amber5-argb-regler\\\/\"]}]},{\"@type\":\"ImageObject\",\"inLanguage\":\"de\",\"@id\":\"https:\\\/\\\/gelidsolutions.com\\\/de\\\/produkt\\\/amber5-argb-regler\\\/#primaryimage\",\"url\":\"https:\\\/\\\/gelidsolutions.com\\\/wp-content\\\/uploads\\\/2020\\\/11\\\/amber5-argb.1.png\",\"contentUrl\":\"https:\\\/\\\/gelidsolutions.com\\\/wp-content\\\/uploads\\\/2020\\\/11\\\/amber5-argb.1.png\",\"width\":2000,\"height\":2000},{\"@type\":\"BreadcrumbList\",\"@id\":\"https:\\\/\\\/gelidsolutions.com\\\/de\\\/produkt\\\/amber5-argb-regler\\\/#breadcrumb\",\"itemListElement\":[{\"@type\":\"ListItem\",\"position\":1,\"name\":\"Home\",\"item\":\"https:\\\/\\\/gelidsolutions.com\\\/de\\\/\"},{\"@type\":\"ListItem\",\"position\":2,\"name\":\"Shop\",\"item\":\"https:\\\/\\\/gelidsolutions.com\\\/shop\\\/\"},{\"@type\":\"ListItem\",\"position\":3,\"name\":\"AMBER5 ARGB REGLER\"}]},{\"@type\":\"WebSite\",\"@id\":\"https:\\\/\\\/gelidsolutions.com\\\/de\\\/#website\",\"url\":\"https:\\\/\\\/gelidsolutions.com\\\/de\\\/\",\"name\":\"Gelid Solutions\",\"description\":\"\",\"publisher\":{\"@id\":\"https:\\\/\\\/gelidsolutions.com\\\/de\\\/#organization\"},\"potentialAction\":[{\"@type\":\"SearchAction\",\"target\":{\"@type\":\"EntryPoint\",\"urlTemplate\":\"https:\\\/\\\/gelidsolutions.com\\\/de\\\/?s={search_term_string}\"},\"query-input\":{\"@type\":\"PropertyValueSpecification\",\"valueRequired\":true,\"valueName\":\"search_term_string\"}}],\"inLanguage\":\"de\"},{\"@type\":\"Organization\",\"@id\":\"https:\\\/\\\/gelidsolutions.com\\\/de\\\/#organization\",\"name\":\"Gelid Solutions\",\"url\":\"https:\\\/\\\/gelidsolutions.com\\\/de\\\/\",\"logo\":{\"@type\":\"ImageObject\",\"inLanguage\":\"de\",\"@id\":\"https:\\\/\\\/gelidsolutions.com\\\/de\\\/#\\\/schema\\\/logo\\\/image\\\/\",\"url\":\"https:\\\/\\\/gelidsolutions.com\\\/wp-content\\\/uploads\\\/2022\\\/06\\\/logo_white_104_104.gif\",\"contentUrl\":\"https:\\\/\\\/gelidsolutions.com\\\/wp-content\\\/uploads\\\/2022\\\/06\\\/logo_white_104_104.gif\",\"width\":104,\"height\":104,\"caption\":\"Gelid Solutions\"},\"image\":{\"@id\":\"https:\\\/\\\/gelidsolutions.com\\\/de\\\/#\\\/schema\\\/logo\\\/image\\\/\"}}]}<\/script>\n<!-- \/ Yoast SEO plugin. -->","yoast_head_json":{"title":"AMBER5 ARGB REGLER - Gelid Solutions","robots":{"index":"index","follow":"follow","max-snippet":"max-snippet:-1","max-image-preview":"max-image-preview:large","max-video-preview":"max-video-preview:-1"},"canonical":"https:\/\/gelidsolutions.com\/de\/produkt\/amber5-argb-regler\/","og_locale":"de_DE","og_type":"article","og_title":"AMBER5 ARGB REGLER - Gelid Solutions","og_description":"Merkmale:   5 Adressierbare RGB-Kan\u00e4le  5 PWM Kan\u00e4le (Gemeinsame PWM-Steuerung)  366 Vorprogrammierte RGB-Modi  Manuelle \/ automatische RGB-Steuerung  21-Tasten-RF-Fernbedienung  ARGB Sync-kompatibel  Eingebauter Magnethalter  &nbsp;","og_url":"https:\/\/gelidsolutions.com\/de\/produkt\/amber5-argb-regler\/","og_site_name":"Gelid Solutions","article_modified_time":"2023-07-11T07:05:47+00:00","og_image":[{"width":2000,"height":2000,"url":"https:\/\/gelidsolutions.com\/wp-content\/uploads\/2020\/11\/amber5-argb.1.png","type":"image\/png"}],"twitter_card":"summary_large_image","twitter_misc":{"Gesch\u00e4tzte Lesezeit":"1\u00a0Minute"},"schema":{"@context":"https:\/\/schema.org","@graph":[{"@type":"WebPage","@id":"https:\/\/gelidsolutions.com\/de\/produkt\/amber5-argb-regler\/","url":"https:\/\/gelidsolutions.com\/de\/produkt\/amber5-argb-regler\/","name":"AMBER5 ARGB REGLER - Gelid Solutions","isPartOf":{"@id":"https:\/\/gelidsolutions.com\/de\/#website"},"primaryImageOfPage":{"@id":"https:\/\/gelidsolutions.com\/de\/produkt\/amber5-argb-regler\/#primaryimage"},"image":{"@id":"https:\/\/gelidsolutions.com\/de\/produkt\/amber5-argb-regler\/#primaryimage"},"thumbnailUrl":"https:\/\/gelidsolutions.com\/wp-content\/uploads\/2020\/11\/amber5-argb.1.png","datePublished":"2020-11-25T13:36:00+00:00","dateModified":"2023-07-11T07:05:47+00:00","breadcrumb":{"@id":"https:\/\/gelidsolutions.com\/de\/produkt\/amber5-argb-regler\/#breadcrumb"},"inLanguage":"de","potentialAction":[{"@type":"ReadAction","target":["https:\/\/gelidsolutions.com\/de\/produkt\/amber5-argb-regler\/"]}]},{"@type":"ImageObject","inLanguage":"de","@id":"https:\/\/gelidsolutions.com\/de\/produkt\/amber5-argb-regler\/#primaryimage","url":"https:\/\/gelidsolutions.com\/wp-content\/uploads\/2020\/11\/amber5-argb.1.png","contentUrl":"https:\/\/gelidsolutions.com\/wp-content\/uploads\/2020\/11\/amber5-argb.1.png","width":2000,"height":2000},{"@type":"BreadcrumbList","@id":"https:\/\/gelidsolutions.com\/de\/produkt\/amber5-argb-regler\/#breadcrumb","itemListElement":[{"@type":"ListItem","position":1,"name":"Home","item":"https:\/\/gelidsolutions.com\/de\/"},{"@type":"ListItem","position":2,"name":"Shop","item":"https:\/\/gelidsolutions.com\/shop\/"},{"@type":"ListItem","position":3,"name":"AMBER5 ARGB REGLER"}]},{"@type":"WebSite","@id":"https:\/\/gelidsolutions.com\/de\/#website","url":"https:\/\/gelidsolutions.com\/de\/","name":"Gelid Solutions","description":"","publisher":{"@id":"https:\/\/gelidsolutions.com\/de\/#organization"},"potentialAction":[{"@type":"SearchAction","target":{"@type":"EntryPoint","urlTemplate":"https:\/\/gelidsolutions.com\/de\/?s={search_term_string}"},"query-input":{"@type":"PropertyValueSpecification","valueRequired":true,"valueName":"search_term_string"}}],"inLanguage":"de"},{"@type":"Organization","@id":"https:\/\/gelidsolutions.com\/de\/#organization","name":"Gelid Solutions","url":"https:\/\/gelidsolutions.com\/de\/","logo":{"@type":"ImageObject","inLanguage":"de","@id":"https:\/\/gelidsolutions.com\/de\/#\/schema\/logo\/image\/","url":"https:\/\/gelidsolutions.com\/wp-content\/uploads\/2022\/06\/logo_white_104_104.gif","contentUrl":"https:\/\/gelidsolutions.com\/wp-content\/uploads\/2022\/06\/logo_white_104_104.gif","width":104,"height":104,"caption":"Gelid Solutions"},"image":{"@id":"https:\/\/gelidsolutions.com\/de\/#\/schema\/logo\/image\/"}}]}},"_links":{"self":[{"href":"https:\/\/gelidsolutions.com\/de\/wp-json\/wp\/v2\/product\/113843","targetHints":{"allow":["GET"]}}],"collection":[{"href":"https:\/\/gelidsolutions.com\/de\/wp-json\/wp\/v2\/product"}],"about":[{"href":"https:\/\/gelidsolutions.com\/de\/wp-json\/wp\/v2\/types\/product"}],"replies":[{"embeddable":true,"href":"https:\/\/gelidsolutions.com\/de\/wp-json\/wp\/v2\/comments?post=113843"}],"wp:featuredmedia":[{"embeddable":true,"href":"https:\/\/gelidsolutions.com\/de\/wp-json\/wp\/v2\/media\/121084"}],"wp:attachment":[{"href":"https:\/\/gelidsolutions.com\/de\/wp-json\/wp\/v2\/media?parent=113843"}],"wp:term":[{"taxonomy":"product_cat","embeddable":true,"href":"https:\/\/gelidsolutions.com\/de\/wp-json\/wp\/v2\/product_cat?post=113843"},{"taxonomy":"product_tag","embeddable":true,"href":"https:\/\/gelidsolutions.com\/de\/wp-json\/wp\/v2\/product_tag?post=113843"}],"curies":[{"name":"wp","href":"https:\/\/api.w.org\/{rel}","templated":true}]}}