{"id":113844,"date":"2020-12-15T18:37:00","date_gmt":"2020-12-15T10:37:00","guid":{"rendered":"https:\/\/localhost\/gelidsolutions\/product\/lyra-argb-fan\/"},"modified":"2024-05-20T00:00:11","modified_gmt":"2024-05-19T16:00:11","slug":"lyra-argb-fan","status":"publish","type":"product","link":"https:\/\/gelidsolutions.com\/de\/produkt\/lyra-argb-fan\/","title":{"rendered":"LYRA ARGB FAN"},"content":{"rendered":"<p><b><i>Lyra (FN-LYRA-01)<\/i><\/b><br \/>\n140mm Dual Ring ARGB L\u00fcfter<\/p>\n<p><img loading=\"lazy\" decoding=\"async\" class=\"alignleft wp-image-28798\" src=\"https:\/\/gelidsolutions.com\/wp-content\/uploads\/2019\/04\/mb_rgb_tech.png\" alt=\"Unterst\u00fctzte RGB-Technologien\" width=\"589\" height=\"119\"><\/p>\n<p><b>Beleuchten Sie Ihr System mit lebendigen RGB-Lichtern!<br \/>\n<\/b><\/p>\n<p>LYRA stellt eine perfekte Mischung aus erstklassigen Technologien vor, die in der Gr\u00f6\u00dfe eines 140-mm-L\u00fcfters untergebracht sind. Er verf\u00fcgt \u00fcber 8 an der Nabe und 16 am Rahmen montierte unabh\u00e4ngige ARGB-LEDs, die eine stilvolle Dual-Ring-Beleuchtung erm\u00f6glichen. Der L\u00fcfter verf\u00fcgt au\u00dferdem \u00fcber ein doppeltes Kugellager f\u00fcr einen extrem langlebigen Betrieb und ein optimiertes Laufrad f\u00fcr einen verbesserten Luftstrom. Die robuste Bauweise, die spektakul\u00e4re RGB-Beleuchtung und der ger\u00e4uscharme Betrieb machen LYRA zu einem w\u00fcrdigen Begleiter f\u00fcr Ihre Gaming-Rigs.<\/p>\n<p><img loading=\"lazy\" decoding=\"async\" class=\"size-full wp-image-33845 aligncenter\" src=\"https:\/\/gelidsolutions.com\/wp-content\/uploads\/2020\/12\/lyra_page_pic-1.jpg\" alt=\"Lyra ARGB Ventilator\" width=\"700\" height=\"470\"><\/p>\n<p><strong>24 ARGB-LEDs:<\/strong> Sehr helle, einzeln adressierbare LEDs f\u00fcr ein atemberaubend lebendiges RGB-Beleuchtungserlebnis.<\/p>\n<p><strong>Duale Ring-Beleuchtung:<\/strong> Unbegrenzte dynamische Farben und RGB-Modi \u00fcber unabh\u00e4ngige, an der Nabe und am Ring montierte LED-Arrays.<\/p>\n<p><strong>Optimierter Luftstrom:<\/strong> Die neue optimierte Klinge sorgt f\u00fcr einen h\u00f6heren Luftstrom und weniger L\u00e4rm.<\/p>\n<p><strong>Ger\u00e4uschloser Motortreiber-IC:<\/strong> Verbesserte Motortreiberschaltung zur Eliminierung von Klickger\u00e4uschen.<\/p>\n<p><strong>Doppeltes Kugellager:<\/strong> Sorgf\u00e4ltig ausgew\u00e4hlte, hochwertige Kugellager f\u00fcr einen extrem langlebigen Betrieb.<\/p>\n<p><strong>Daisy-Chain ARGB Kabel:<\/strong> Schneller und einfacher Anschluss mehrerer L\u00fcfter.<\/p>\n<p><strong>Breite Kompatibilit\u00e4t:<\/strong> Alle modernen Motherboards mit RGB-Sync-Steuerung und 5V Addressable RGB (ARGB)-Header werden unterst\u00fctzt.<\/p>\n<h3><strong>Erkl\u00e4rungen zu Standard-RGB und individuell adressierbarem RGB (ARGB)<\/strong><\/h3>\n<p>Bei Standard-RGB-Anwendungen verwendet diese Art von L\u00fcftern den Standard-RGB-LED-Header mit 4 Verdrahtungen: 12V, R, G, B. Alle LEDs, die in den L\u00fcfter integriert sind, werden dann an die gleichen 4 Busse angeschlossen, sie werden alle als Ganzes gesteuert, so dass sie alle genau die gleiche Farbe ausgeben werden.<\/p>\n<p>Es ist so, als ob Sie die Farbe f\u00fcr ein Objekt in Ihrem Grafikeditor einstellen, zum Beispiel Rot: 25, Gr\u00fcn: 50 und Blau: 125. Ein externer RGB-Controller oder eine Hauptplatine steuert den Standard-RGB-LED-L\u00fcfter auf die gleiche Weise an, indem er die Leistung auf den Farbbussen mit dem richtigen Tastverh\u00e4ltnis &#8211; dem roten, gr\u00fcnen bzw. blauen Bus &#8211; \u00e4ndert, um die gew\u00fcnschte RGB-Farbe auszugeben.<\/p>\n<p>Nat\u00fcrlich k\u00f6nnen die Farben dynamisch verwaltet werden, mit zahlreichen Lichteffekten in Serie. Aber die Einheitlichkeit der LEDs &#8211; eine Farbe f\u00fcr alle LEDs gleichzeitig &#8211; schr\u00e4nkt die RGB-Beleuchtungseffekte bis zu einem gewissen Grad ein.<\/p>\n<p><img loading=\"lazy\" decoding=\"async\" class=\"alignnone size-medium wp-image-27775\" src=\"https:\/\/gelidsolutions.com\/wp-content\/uploads\/2018\/10\/rgb-fan-headers.jpg\" alt=\"RGB-L\u00fcfter-Header\" width=\"500\" height=\"402\"><\/p>\n<p><strong>Lyra Individuell adressierbares RGB (ARGB)<\/strong><\/p>\n<p>Im Gegensatz zu den Standard-RGB-L\u00fcftern sind die Steuerungen der individuell adressierbaren RGB-L\u00fcfter (ARGB) digitaler Natur. F\u00fcr dieses Geh\u00e4use verwenden die L\u00fcfter den adressierbaren RGB-LED-Header mit 3-Leiter-Anschluss: 5V, D, Masse. Und die in den L\u00fcfter integrierten LEDs haben einen speziellen Begleit-IC, der jede von ihnen einzeln ansteuert: Er befindet sich auf einem seriellen Ein-Draht-Bus und sendet Befehle wie &#8222;LEDs Nummer 3, 5 und 6: schalte auf gr\u00fcn&#8220;, um die gew\u00fcnschte Farbe f\u00fcr jede einzelne LED einzustellen. So hat jede der LEDs ihre eigene ID und wird unabh\u00e4ngig von den anderen gesteuert. Der IC kann wiederum mit einer externen App programmiert werden, so dass praktisch unbegrenzte M\u00f6glichkeiten an Farbmodi und Effekten bestehen. Regenbogenkreise, rotierende Farben, pulsierende Farben mit mehreren Punkten und einige andere atemberaubend lebendige RGB-Beleuchtungseffekte sind nur mit den ARGB-L\u00fcftern m\u00f6glich. Da diese Art von L\u00fcftern jedoch nur digitale RGB-Steuerungen unterst\u00fctzt, liegt es an Ihrem Motherboard, eine vollwertige ARGB-App bereitzustellen, um die Vorz\u00fcge der adressierbaren RGB-Beleuchtung zu entdecken.<\/p>\n<p>Bitte lesen Sie im Handbuch Ihres Motherboards nach, bevor Sie die individuell adressierbaren RGB-L\u00fcfter anschlie\u00dfen.<\/p>\n<p><i>Der L\u00fcfter ist RoHS- und WEEE-konform und hat eine 3-Jahres-Garantie.<\/i><i><br \/>\n<\/i><\/p>\n<h3>Kompatibilit\u00e4t der RGB-Header des Motherboards<\/h3>\n<p><img loading=\"lazy\" decoding=\"async\" class=\"alignleft size-full wp-image-34819\" src=\"https:\/\/gelidsolutions.com\/wp-content\/uploads\/2021\/03\/argb-compatibility.png\" alt=\"Kompatibilit\u00e4t der RGB-Header des Motherboards\" width=\"600\" height=\"360\"><\/p>\n<p>EAN: 4897025782730<\/p>\n","protected":false},"excerpt":{"rendered":"<ul>\n<li>  24 ARGB-LEDs<\/li>\n<li>  Duale Ringbeleuchtung<\/li>\n<li>  Adressierbare RGB-Steuerungen<\/li>\n<li>  Luftstromoptimiertes Laufrad<\/li>\n<li>  Ger\u00e4uschlose Motorsteuerung IC<\/li>\n<li>  Ultra-haltbares doppeltes Kugellager<\/li>\n<li>  Daisy-Chain ARGB-Kabel<\/li>\n<\/ul>\n","protected":false},"featured_media":120423,"comment_status":"closed","ping_status":"closed","template":"","meta":{"_acf_changed":false},"product_cat":[548,549,307,531,305,306,428],"product_tag":[551,554,558,553],"class_list":{"0":"post-113844","1":"product","2":"type-product","3":"status-publish","4":"has-post-thumbnail","6":"product_cat-award-winning-thermal-solutions-collections-de","7":"product_cat-collections-de","8":"product_cat-gamer-luefter","9":"product_cat-heiser-verkauf","10":"product_cat-kuehlloesungen","11":"product_cat-luefter","12":"product_cat-rgb-collection-de","13":"product_tag-case-fan-de","14":"product_tag-gamer-case-fan-de","15":"product_tag-rgb-de","16":"product_tag-thermal-solution-de","18":"first","19":"instock","20":"taxable","21":"shipping-taxable","22":"purchasable","23":"product-type-simple"},"supplier_id":null,"supplier_sku":"FN-LYRA-01","barcode":"4897025782730","atum_controlled":true,"out_stock_date":null,"out_stock_threshold":null,"inheritable":false,"inbound_stock":0,"stock_on_hold":0,"sold_today":0,"sales_last_days":0,"reserved_stock":0,"customer_returns":0,"warehouse_damage":0,"lost_in_post":0,"other_logs":0,"out_stock_days":0,"lost_sales":0,"has_location":false,"update_date":"2026-04-05T00:03:55","atum_locations":[],"atum_stock_status":"instock","restock_status":false,"low_stock_amount":"","sales_update_date":"2026-04-05T00:03:55","calc_backorders":null,"acf":[],"yoast_head":"<!-- This site is optimized with the Yoast SEO plugin v27.3 - https:\/\/yoast.com\/product\/yoast-seo-wordpress\/ -->\n<title>LYRA ARGB FAN - Gelid Solutions<\/title>\n<meta name=\"robots\" content=\"index, follow, max-snippet:-1, max-image-preview:large, max-video-preview:-1\" \/>\n<link rel=\"canonical\" href=\"https:\/\/gelidsolutions.com\/de\/produkt\/lyra-argb-fan\/\" \/>\n<meta property=\"og:locale\" content=\"de_DE\" \/>\n<meta property=\"og:type\" content=\"article\" \/>\n<meta property=\"og:title\" content=\"LYRA ARGB FAN - Gelid Solutions\" \/>\n<meta property=\"og:description\" content=\"24 ARGB-LEDs   Duale Ringbeleuchtung   Adressierbare RGB-Steuerungen   Luftstromoptimiertes Laufrad   Ger\u00e4uschlose Motorsteuerung IC   Ultra-haltbares doppeltes Kugellager   Daisy-Chain ARGB-Kabel\" \/>\n<meta property=\"og:url\" content=\"https:\/\/gelidsolutions.com\/de\/produkt\/lyra-argb-fan\/\" \/>\n<meta property=\"og:site_name\" content=\"Gelid Solutions\" \/>\n<meta property=\"article:modified_time\" content=\"2024-05-19T16:00:11+00:00\" \/>\n<meta property=\"og:image\" content=\"https:\/\/gelidsolutions.com\/wp-content\/uploads\/2020\/12\/lyra_argb_fan_1.1.png\" \/>\n\t<meta property=\"og:image:width\" content=\"2000\" \/>\n\t<meta property=\"og:image:height\" content=\"2000\" \/>\n\t<meta property=\"og:image:type\" content=\"image\/png\" \/>\n<meta name=\"twitter:card\" content=\"summary_large_image\" \/>\n<meta name=\"twitter:label1\" content=\"Gesch\u00e4tzte Lesezeit\" \/>\n\t<meta name=\"twitter:data1\" content=\"3\u00a0Minuten\" \/>\n<script type=\"application\/ld+json\" class=\"yoast-schema-graph\">{\"@context\":\"https:\\\/\\\/schema.org\",\"@graph\":[{\"@type\":\"WebPage\",\"@id\":\"https:\\\/\\\/gelidsolutions.com\\\/de\\\/produkt\\\/lyra-argb-fan\\\/\",\"url\":\"https:\\\/\\\/gelidsolutions.com\\\/de\\\/produkt\\\/lyra-argb-fan\\\/\",\"name\":\"LYRA ARGB FAN - Gelid Solutions\",\"isPartOf\":{\"@id\":\"https:\\\/\\\/gelidsolutions.com\\\/de\\\/#website\"},\"primaryImageOfPage\":{\"@id\":\"https:\\\/\\\/gelidsolutions.com\\\/de\\\/produkt\\\/lyra-argb-fan\\\/#primaryimage\"},\"image\":{\"@id\":\"https:\\\/\\\/gelidsolutions.com\\\/de\\\/produkt\\\/lyra-argb-fan\\\/#primaryimage\"},\"thumbnailUrl\":\"https:\\\/\\\/gelidsolutions.com\\\/wp-content\\\/uploads\\\/2020\\\/12\\\/lyra_argb_fan_1.1.png\",\"datePublished\":\"2020-12-15T10:37:00+00:00\",\"dateModified\":\"2024-05-19T16:00:11+00:00\",\"breadcrumb\":{\"@id\":\"https:\\\/\\\/gelidsolutions.com\\\/de\\\/produkt\\\/lyra-argb-fan\\\/#breadcrumb\"},\"inLanguage\":\"de\",\"potentialAction\":[{\"@type\":\"ReadAction\",\"target\":[\"https:\\\/\\\/gelidsolutions.com\\\/de\\\/produkt\\\/lyra-argb-fan\\\/\"]}]},{\"@type\":\"ImageObject\",\"inLanguage\":\"de\",\"@id\":\"https:\\\/\\\/gelidsolutions.com\\\/de\\\/produkt\\\/lyra-argb-fan\\\/#primaryimage\",\"url\":\"https:\\\/\\\/gelidsolutions.com\\\/wp-content\\\/uploads\\\/2020\\\/12\\\/lyra_argb_fan_1.1.png\",\"contentUrl\":\"https:\\\/\\\/gelidsolutions.com\\\/wp-content\\\/uploads\\\/2020\\\/12\\\/lyra_argb_fan_1.1.png\",\"width\":2000,\"height\":2000,\"caption\":\"Lyra\"},{\"@type\":\"BreadcrumbList\",\"@id\":\"https:\\\/\\\/gelidsolutions.com\\\/de\\\/produkt\\\/lyra-argb-fan\\\/#breadcrumb\",\"itemListElement\":[{\"@type\":\"ListItem\",\"position\":1,\"name\":\"Home\",\"item\":\"https:\\\/\\\/gelidsolutions.com\\\/de\\\/\"},{\"@type\":\"ListItem\",\"position\":2,\"name\":\"Shop\",\"item\":\"https:\\\/\\\/gelidsolutions.com\\\/shop\\\/\"},{\"@type\":\"ListItem\",\"position\":3,\"name\":\"LYRA ARGB FAN\"}]},{\"@type\":\"WebSite\",\"@id\":\"https:\\\/\\\/gelidsolutions.com\\\/de\\\/#website\",\"url\":\"https:\\\/\\\/gelidsolutions.com\\\/de\\\/\",\"name\":\"Gelid Solutions\",\"description\":\"\",\"publisher\":{\"@id\":\"https:\\\/\\\/gelidsolutions.com\\\/de\\\/#organization\"},\"potentialAction\":[{\"@type\":\"SearchAction\",\"target\":{\"@type\":\"EntryPoint\",\"urlTemplate\":\"https:\\\/\\\/gelidsolutions.com\\\/de\\\/?s={search_term_string}\"},\"query-input\":{\"@type\":\"PropertyValueSpecification\",\"valueRequired\":true,\"valueName\":\"search_term_string\"}}],\"inLanguage\":\"de\"},{\"@type\":\"Organization\",\"@id\":\"https:\\\/\\\/gelidsolutions.com\\\/de\\\/#organization\",\"name\":\"Gelid Solutions\",\"url\":\"https:\\\/\\\/gelidsolutions.com\\\/de\\\/\",\"logo\":{\"@type\":\"ImageObject\",\"inLanguage\":\"de\",\"@id\":\"https:\\\/\\\/gelidsolutions.com\\\/de\\\/#\\\/schema\\\/logo\\\/image\\\/\",\"url\":\"https:\\\/\\\/gelidsolutions.com\\\/wp-content\\\/uploads\\\/2022\\\/06\\\/logo_white_104_104.gif\",\"contentUrl\":\"https:\\\/\\\/gelidsolutions.com\\\/wp-content\\\/uploads\\\/2022\\\/06\\\/logo_white_104_104.gif\",\"width\":104,\"height\":104,\"caption\":\"Gelid Solutions\"},\"image\":{\"@id\":\"https:\\\/\\\/gelidsolutions.com\\\/de\\\/#\\\/schema\\\/logo\\\/image\\\/\"}}]}<\/script>\n<!-- \/ Yoast SEO plugin. -->","yoast_head_json":{"title":"LYRA ARGB FAN - Gelid Solutions","robots":{"index":"index","follow":"follow","max-snippet":"max-snippet:-1","max-image-preview":"max-image-preview:large","max-video-preview":"max-video-preview:-1"},"canonical":"https:\/\/gelidsolutions.com\/de\/produkt\/lyra-argb-fan\/","og_locale":"de_DE","og_type":"article","og_title":"LYRA ARGB FAN - Gelid Solutions","og_description":"24 ARGB-LEDs   Duale Ringbeleuchtung   Adressierbare RGB-Steuerungen   Luftstromoptimiertes Laufrad   Ger\u00e4uschlose Motorsteuerung IC   Ultra-haltbares doppeltes Kugellager   Daisy-Chain ARGB-Kabel","og_url":"https:\/\/gelidsolutions.com\/de\/produkt\/lyra-argb-fan\/","og_site_name":"Gelid Solutions","article_modified_time":"2024-05-19T16:00:11+00:00","og_image":[{"width":2000,"height":2000,"url":"https:\/\/gelidsolutions.com\/wp-content\/uploads\/2020\/12\/lyra_argb_fan_1.1.png","type":"image\/png"}],"twitter_card":"summary_large_image","twitter_misc":{"Gesch\u00e4tzte Lesezeit":"3\u00a0Minuten"},"schema":{"@context":"https:\/\/schema.org","@graph":[{"@type":"WebPage","@id":"https:\/\/gelidsolutions.com\/de\/produkt\/lyra-argb-fan\/","url":"https:\/\/gelidsolutions.com\/de\/produkt\/lyra-argb-fan\/","name":"LYRA ARGB FAN - Gelid Solutions","isPartOf":{"@id":"https:\/\/gelidsolutions.com\/de\/#website"},"primaryImageOfPage":{"@id":"https:\/\/gelidsolutions.com\/de\/produkt\/lyra-argb-fan\/#primaryimage"},"image":{"@id":"https:\/\/gelidsolutions.com\/de\/produkt\/lyra-argb-fan\/#primaryimage"},"thumbnailUrl":"https:\/\/gelidsolutions.com\/wp-content\/uploads\/2020\/12\/lyra_argb_fan_1.1.png","datePublished":"2020-12-15T10:37:00+00:00","dateModified":"2024-05-19T16:00:11+00:00","breadcrumb":{"@id":"https:\/\/gelidsolutions.com\/de\/produkt\/lyra-argb-fan\/#breadcrumb"},"inLanguage":"de","potentialAction":[{"@type":"ReadAction","target":["https:\/\/gelidsolutions.com\/de\/produkt\/lyra-argb-fan\/"]}]},{"@type":"ImageObject","inLanguage":"de","@id":"https:\/\/gelidsolutions.com\/de\/produkt\/lyra-argb-fan\/#primaryimage","url":"https:\/\/gelidsolutions.com\/wp-content\/uploads\/2020\/12\/lyra_argb_fan_1.1.png","contentUrl":"https:\/\/gelidsolutions.com\/wp-content\/uploads\/2020\/12\/lyra_argb_fan_1.1.png","width":2000,"height":2000,"caption":"Lyra"},{"@type":"BreadcrumbList","@id":"https:\/\/gelidsolutions.com\/de\/produkt\/lyra-argb-fan\/#breadcrumb","itemListElement":[{"@type":"ListItem","position":1,"name":"Home","item":"https:\/\/gelidsolutions.com\/de\/"},{"@type":"ListItem","position":2,"name":"Shop","item":"https:\/\/gelidsolutions.com\/shop\/"},{"@type":"ListItem","position":3,"name":"LYRA ARGB FAN"}]},{"@type":"WebSite","@id":"https:\/\/gelidsolutions.com\/de\/#website","url":"https:\/\/gelidsolutions.com\/de\/","name":"Gelid Solutions","description":"","publisher":{"@id":"https:\/\/gelidsolutions.com\/de\/#organization"},"potentialAction":[{"@type":"SearchAction","target":{"@type":"EntryPoint","urlTemplate":"https:\/\/gelidsolutions.com\/de\/?s={search_term_string}"},"query-input":{"@type":"PropertyValueSpecification","valueRequired":true,"valueName":"search_term_string"}}],"inLanguage":"de"},{"@type":"Organization","@id":"https:\/\/gelidsolutions.com\/de\/#organization","name":"Gelid Solutions","url":"https:\/\/gelidsolutions.com\/de\/","logo":{"@type":"ImageObject","inLanguage":"de","@id":"https:\/\/gelidsolutions.com\/de\/#\/schema\/logo\/image\/","url":"https:\/\/gelidsolutions.com\/wp-content\/uploads\/2022\/06\/logo_white_104_104.gif","contentUrl":"https:\/\/gelidsolutions.com\/wp-content\/uploads\/2022\/06\/logo_white_104_104.gif","width":104,"height":104,"caption":"Gelid Solutions"},"image":{"@id":"https:\/\/gelidsolutions.com\/de\/#\/schema\/logo\/image\/"}}]}},"_links":{"self":[{"href":"https:\/\/gelidsolutions.com\/de\/wp-json\/wp\/v2\/product\/113844","targetHints":{"allow":["GET"]}}],"collection":[{"href":"https:\/\/gelidsolutions.com\/de\/wp-json\/wp\/v2\/product"}],"about":[{"href":"https:\/\/gelidsolutions.com\/de\/wp-json\/wp\/v2\/types\/product"}],"replies":[{"embeddable":true,"href":"https:\/\/gelidsolutions.com\/de\/wp-json\/wp\/v2\/comments?post=113844"}],"wp:featuredmedia":[{"embeddable":true,"href":"https:\/\/gelidsolutions.com\/de\/wp-json\/wp\/v2\/media\/120423"}],"wp:attachment":[{"href":"https:\/\/gelidsolutions.com\/de\/wp-json\/wp\/v2\/media?parent=113844"}],"wp:term":[{"taxonomy":"product_cat","embeddable":true,"href":"https:\/\/gelidsolutions.com\/de\/wp-json\/wp\/v2\/product_cat?post=113844"},{"taxonomy":"product_tag","embeddable":true,"href":"https:\/\/gelidsolutions.com\/de\/wp-json\/wp\/v2\/product_tag?post=113844"}],"curies":[{"name":"wp","href":"https:\/\/api.w.org\/{rel}","templated":true}]}}