{"id":113847,"date":"2021-01-12T23:36:00","date_gmt":"2021-01-12T15:36:00","guid":{"rendered":"https:\/\/localhost\/gelidsolutions\/product\/glint-argb-m-2-ssd-cooler\/"},"modified":"2022-10-25T19:03:15","modified_gmt":"2022-10-25T11:03:15","slug":"glint-argb-m-2-ssd-cooler","status":"publish","type":"product","link":"https:\/\/gelidsolutions.com\/de\/produkt\/glint-argb-m-2-ssd-cooler\/","title":{"rendered":"GLINT ARGB M.2 SSD COOLER"},"content":{"rendered":"<p><i><b>GLINT (M2-RGB-01)<\/b><\/i><br \/>\nARGB M.2 2280 SSD-K\u00fchler<\/p>\n<p>&nbsp;<\/p>\n<p>GLINT wurde entwickelt, um Ihre M.2-SSD effizient zu k\u00fchlen und die Laufwerksleistung zu steigern. Es hilft dabei, die Temperaturen unter allen Arbeits- oder Nutzungsszenarien im normalen Bereich zu halten, verbessert die Datenintegrit\u00e4t und verhindert, dass die thermische Drosselung aktiviert wird.<\/p>\n<p>GLINT verwendet den schlanken Aluminiumk\u00fchlk\u00f6rper und die speziell gefertigten W\u00e4rmeleitpads, um die K\u00fchlung zu verbessern und die Betriebstemperaturen f\u00fcr Speicher-ICs und andere elektronische Komponenten der SSD Typ M.2 erheblich zu senken. Der K\u00fchlk\u00f6rper ist au\u00dferdem durch die untere Abdeckung und 4 Befestigungsschrauben, f\u00fcr eine sichere Handhabung und bessere W\u00e4rmeableitung gesichert.<\/p>\n<p><iframe loading=\"lazy\" src=\"https:\/\/glo3d.net\/iFrame\/mf10mVGTDR\" width=\"600\" height=\"480\" frameborder=\"0\" scrolling=\"no\"><\/iframe><\/p>\n<p>GLINT wird durch das ARGB-Modul mit 5 strahlenden LEDs erg\u00e4nzt, die alle wichtigen Motherboards unterst\u00fctzen: ASUS, Gigabyte, MSI oder ASRock. Sie k\u00f6nnen auf einfache Weise lebendige Lichteffekte mit Ihrer bevorzugten RGB-Software erstellen und synchronisieren oder die LEDs \u00fcber einen externen ARGB-Controller programmieren.<\/p>\n<h3>Machen Sie Ihre SSD cool, schnell und gl\u00e4nzend!<\/h3>\n<p><strong>SSD Thermische Drosselung erkl\u00e4rt:<\/strong><\/p>\n<p>Die thermische Drosselung ist eine Technik, bei der die Frequenz eines IC automatisch angepasst werden kann, um die vom IC erzeugte W\u00e4rmemenge zu reduzieren. Normalerweise arbeiten die elektronischen Komponenten innerhalb des Standardtemperaturbereichs mit voller Geschwindigkeit. Bei hoher Arbeitsbelastung w\u00e4hrend der Ausf\u00fchrung der Apps wie Computerspiele, Videoverarbeitung oder Datenmanipulation, kann der SSD-Controller und die Speicher-ICs aufgrund des hohen Datendurchsatzes jedoch eine \u00fcberm\u00e4\u00dfige Hitze erzeugen.<\/p>\n<p>Um die SSD abzuk\u00fchlen, wird ein automatischer Arbeitszyklus angewendet. Die effektive Frequenz wird niedriger und die Betriebstemperatur erreicht schrittweise den normalen Bereich. In diesem Zyklus verschlechtert sich die Leistung der SSD, bis sie k\u00fchler l\u00e4uft.<\/p>\n<p>GLINT verbessert die K\u00fchlung der SSD erheblich. Die Betriebstemperatur wird niedriger und die Aktivierung der thermischen Drosselung wird unter keinen Arbeitslast- oder Nutzungsszenarien verhindert.<\/p>\n<h3>RGB-Header-Kompatibilit\u00e4t des Motherboards<\/h3>\n<p><img loading=\"lazy\" decoding=\"async\" class=\"alignleft size-full wp-image-34824\" src=\"https:\/\/gelidsolutions.com\/wp-content\/uploads\/2021\/01\/argb-compatibility-vdg-ger.png\" alt=\"Motherboard RGB Header Compatibility\" width=\"600\" height=\"360\" \/><\/p>\n<p><i>EAN: 4897025782860<\/i><\/p>\n<p>&nbsp;<\/p>\n","protected":false},"excerpt":{"rendered":"<ul>\n<li> Hervorragende W\u00e4rmeableitung<\/li>\n<li> Leichtes und schlankes Design<\/li>\n<li> Integriertes ARGB-Modul<\/li>\n<li> ARGB-Synchronisierung<\/li>\n<li> Schnelle und einfache Montage<\/li>\n<li> Passend f\u00fcr alle M.2 Typ 2280 SSDs (nur Desktop-Anwendungen)<\/li>\n<\/ul>\n<p>&nbsp;<\/p>\n","protected":false},"featured_media":120330,"comment_status":"closed","ping_status":"closed","template":"","meta":{"_acf_changed":false},"product_cat":[549,327,305,428,561,318],"product_tag":[562,567,558,553],"class_list":{"0":"post-113847","1":"product","2":"type-product","3":"status-publish","4":"has-post-thumbnail","6":"product_cat-collections-de","7":"product_cat-gamer-zubehoer","8":"product_cat-kuehlloesungen","9":"product_cat-rgb-collection-de","10":"product_cat-ssd-cooler-thermal-solutions-de","11":"product_cat-zubehoer","12":"product_tag-accessories-de","13":"product_tag-gamer-zubehor","14":"product_tag-rgb-de","15":"product_tag-thermal-solution-de","17":"first","18":"instock","19":"taxable","20":"shipping-taxable","21":"purchasable","22":"product-type-simple"},"supplier_id":null,"supplier_sku":"M2-RGB-01","barcode":"4897025782860","atum_controlled":true,"out_stock_date":null,"out_stock_threshold":null,"inheritable":false,"inbound_stock":null,"stock_on_hold":0,"sold_today":0,"sales_last_days":0,"reserved_stock":null,"customer_returns":null,"warehouse_damage":null,"lost_in_post":null,"other_logs":null,"out_stock_days":0,"lost_sales":0,"has_location":false,"update_date":"2026-04-03T00:03:07","atum_locations":[],"atum_stock_status":"instock","restock_status":false,"low_stock_amount":"","sales_update_date":"2026-04-03T00:03:07","calc_backorders":null,"acf":[],"yoast_head":"<!-- This site is optimized with the Yoast SEO plugin v27.3 - https:\/\/yoast.com\/product\/yoast-seo-wordpress\/ -->\n<title>GLINT ARGB M.2 SSD COOLER - Gelid Solutions<\/title>\n<meta name=\"robots\" content=\"index, follow, max-snippet:-1, max-image-preview:large, max-video-preview:-1\" \/>\n<link rel=\"canonical\" href=\"https:\/\/gelidsolutions.com\/de\/produkt\/glint-argb-m-2-ssd-cooler\/\" \/>\n<meta property=\"og:locale\" content=\"de_DE\" \/>\n<meta property=\"og:type\" content=\"article\" \/>\n<meta property=\"og:title\" content=\"GLINT ARGB M.2 SSD COOLER - Gelid Solutions\" \/>\n<meta property=\"og:description\" content=\"Hervorragende W\u00e4rmeableitung   Leichtes und schlankes Design   Integriertes ARGB-Modul   ARGB-Synchronisierung   Schnelle und einfache Montage   Passend f\u00fcr alle M.2 Typ 2280 SSDs (nur Desktop-Anwendungen)   &nbsp;\" \/>\n<meta property=\"og:url\" content=\"https:\/\/gelidsolutions.com\/de\/produkt\/glint-argb-m-2-ssd-cooler\/\" \/>\n<meta property=\"og:site_name\" content=\"Gelid Solutions\" \/>\n<meta property=\"article:modified_time\" content=\"2022-10-25T11:03:15+00:00\" \/>\n<meta property=\"og:image\" content=\"https:\/\/gelidsolutions.com\/wp-content\/uploads\/2021\/01\/glint-ssd-cooler-argb-1.1.png\" \/>\n\t<meta property=\"og:image:width\" content=\"2000\" \/>\n\t<meta property=\"og:image:height\" content=\"2000\" \/>\n\t<meta property=\"og:image:type\" content=\"image\/png\" \/>\n<meta name=\"twitter:card\" content=\"summary_large_image\" \/>\n<meta name=\"twitter:label1\" content=\"Gesch\u00e4tzte Lesezeit\" \/>\n\t<meta name=\"twitter:data1\" content=\"2\u00a0Minuten\" \/>\n<script type=\"application\/ld+json\" class=\"yoast-schema-graph\">{\"@context\":\"https:\\\/\\\/schema.org\",\"@graph\":[{\"@type\":\"WebPage\",\"@id\":\"https:\\\/\\\/gelidsolutions.com\\\/de\\\/produkt\\\/glint-argb-m-2-ssd-cooler\\\/\",\"url\":\"https:\\\/\\\/gelidsolutions.com\\\/de\\\/produkt\\\/glint-argb-m-2-ssd-cooler\\\/\",\"name\":\"GLINT ARGB M.2 SSD COOLER - Gelid Solutions\",\"isPartOf\":{\"@id\":\"https:\\\/\\\/gelidsolutions.com\\\/de\\\/#website\"},\"primaryImageOfPage\":{\"@id\":\"https:\\\/\\\/gelidsolutions.com\\\/de\\\/produkt\\\/glint-argb-m-2-ssd-cooler\\\/#primaryimage\"},\"image\":{\"@id\":\"https:\\\/\\\/gelidsolutions.com\\\/de\\\/produkt\\\/glint-argb-m-2-ssd-cooler\\\/#primaryimage\"},\"thumbnailUrl\":\"https:\\\/\\\/gelidsolutions.com\\\/wp-content\\\/uploads\\\/2021\\\/01\\\/glint-ssd-cooler-argb-1.1.png\",\"datePublished\":\"2021-01-12T15:36:00+00:00\",\"dateModified\":\"2022-10-25T11:03:15+00:00\",\"breadcrumb\":{\"@id\":\"https:\\\/\\\/gelidsolutions.com\\\/de\\\/produkt\\\/glint-argb-m-2-ssd-cooler\\\/#breadcrumb\"},\"inLanguage\":\"de\",\"potentialAction\":[{\"@type\":\"ReadAction\",\"target\":[\"https:\\\/\\\/gelidsolutions.com\\\/de\\\/produkt\\\/glint-argb-m-2-ssd-cooler\\\/\"]}]},{\"@type\":\"ImageObject\",\"inLanguage\":\"de\",\"@id\":\"https:\\\/\\\/gelidsolutions.com\\\/de\\\/produkt\\\/glint-argb-m-2-ssd-cooler\\\/#primaryimage\",\"url\":\"https:\\\/\\\/gelidsolutions.com\\\/wp-content\\\/uploads\\\/2021\\\/01\\\/glint-ssd-cooler-argb-1.1.png\",\"contentUrl\":\"https:\\\/\\\/gelidsolutions.com\\\/wp-content\\\/uploads\\\/2021\\\/01\\\/glint-ssd-cooler-argb-1.1.png\",\"width\":2000,\"height\":2000,\"caption\":\"Glint\"},{\"@type\":\"BreadcrumbList\",\"@id\":\"https:\\\/\\\/gelidsolutions.com\\\/de\\\/produkt\\\/glint-argb-m-2-ssd-cooler\\\/#breadcrumb\",\"itemListElement\":[{\"@type\":\"ListItem\",\"position\":1,\"name\":\"Home\",\"item\":\"https:\\\/\\\/gelidsolutions.com\\\/de\\\/\"},{\"@type\":\"ListItem\",\"position\":2,\"name\":\"Shop\",\"item\":\"https:\\\/\\\/gelidsolutions.com\\\/shop\\\/\"},{\"@type\":\"ListItem\",\"position\":3,\"name\":\"GLINT ARGB M.2 SSD COOLER\"}]},{\"@type\":\"WebSite\",\"@id\":\"https:\\\/\\\/gelidsolutions.com\\\/de\\\/#website\",\"url\":\"https:\\\/\\\/gelidsolutions.com\\\/de\\\/\",\"name\":\"Gelid Solutions\",\"description\":\"\",\"publisher\":{\"@id\":\"https:\\\/\\\/gelidsolutions.com\\\/de\\\/#organization\"},\"potentialAction\":[{\"@type\":\"SearchAction\",\"target\":{\"@type\":\"EntryPoint\",\"urlTemplate\":\"https:\\\/\\\/gelidsolutions.com\\\/de\\\/?s={search_term_string}\"},\"query-input\":{\"@type\":\"PropertyValueSpecification\",\"valueRequired\":true,\"valueName\":\"search_term_string\"}}],\"inLanguage\":\"de\"},{\"@type\":\"Organization\",\"@id\":\"https:\\\/\\\/gelidsolutions.com\\\/de\\\/#organization\",\"name\":\"Gelid Solutions\",\"url\":\"https:\\\/\\\/gelidsolutions.com\\\/de\\\/\",\"logo\":{\"@type\":\"ImageObject\",\"inLanguage\":\"de\",\"@id\":\"https:\\\/\\\/gelidsolutions.com\\\/de\\\/#\\\/schema\\\/logo\\\/image\\\/\",\"url\":\"https:\\\/\\\/gelidsolutions.com\\\/wp-content\\\/uploads\\\/2022\\\/06\\\/logo_white_104_104.gif\",\"contentUrl\":\"https:\\\/\\\/gelidsolutions.com\\\/wp-content\\\/uploads\\\/2022\\\/06\\\/logo_white_104_104.gif\",\"width\":104,\"height\":104,\"caption\":\"Gelid Solutions\"},\"image\":{\"@id\":\"https:\\\/\\\/gelidsolutions.com\\\/de\\\/#\\\/schema\\\/logo\\\/image\\\/\"}}]}<\/script>\n<!-- \/ Yoast SEO plugin. -->","yoast_head_json":{"title":"GLINT ARGB M.2 SSD COOLER - Gelid Solutions","robots":{"index":"index","follow":"follow","max-snippet":"max-snippet:-1","max-image-preview":"max-image-preview:large","max-video-preview":"max-video-preview:-1"},"canonical":"https:\/\/gelidsolutions.com\/de\/produkt\/glint-argb-m-2-ssd-cooler\/","og_locale":"de_DE","og_type":"article","og_title":"GLINT ARGB M.2 SSD COOLER - Gelid Solutions","og_description":"Hervorragende W\u00e4rmeableitung   Leichtes und schlankes Design   Integriertes ARGB-Modul   ARGB-Synchronisierung   Schnelle und einfache Montage   Passend f\u00fcr alle M.2 Typ 2280 SSDs (nur Desktop-Anwendungen)   &nbsp;","og_url":"https:\/\/gelidsolutions.com\/de\/produkt\/glint-argb-m-2-ssd-cooler\/","og_site_name":"Gelid Solutions","article_modified_time":"2022-10-25T11:03:15+00:00","og_image":[{"width":2000,"height":2000,"url":"https:\/\/gelidsolutions.com\/wp-content\/uploads\/2021\/01\/glint-ssd-cooler-argb-1.1.png","type":"image\/png"}],"twitter_card":"summary_large_image","twitter_misc":{"Gesch\u00e4tzte Lesezeit":"2\u00a0Minuten"},"schema":{"@context":"https:\/\/schema.org","@graph":[{"@type":"WebPage","@id":"https:\/\/gelidsolutions.com\/de\/produkt\/glint-argb-m-2-ssd-cooler\/","url":"https:\/\/gelidsolutions.com\/de\/produkt\/glint-argb-m-2-ssd-cooler\/","name":"GLINT ARGB M.2 SSD COOLER - Gelid Solutions","isPartOf":{"@id":"https:\/\/gelidsolutions.com\/de\/#website"},"primaryImageOfPage":{"@id":"https:\/\/gelidsolutions.com\/de\/produkt\/glint-argb-m-2-ssd-cooler\/#primaryimage"},"image":{"@id":"https:\/\/gelidsolutions.com\/de\/produkt\/glint-argb-m-2-ssd-cooler\/#primaryimage"},"thumbnailUrl":"https:\/\/gelidsolutions.com\/wp-content\/uploads\/2021\/01\/glint-ssd-cooler-argb-1.1.png","datePublished":"2021-01-12T15:36:00+00:00","dateModified":"2022-10-25T11:03:15+00:00","breadcrumb":{"@id":"https:\/\/gelidsolutions.com\/de\/produkt\/glint-argb-m-2-ssd-cooler\/#breadcrumb"},"inLanguage":"de","potentialAction":[{"@type":"ReadAction","target":["https:\/\/gelidsolutions.com\/de\/produkt\/glint-argb-m-2-ssd-cooler\/"]}]},{"@type":"ImageObject","inLanguage":"de","@id":"https:\/\/gelidsolutions.com\/de\/produkt\/glint-argb-m-2-ssd-cooler\/#primaryimage","url":"https:\/\/gelidsolutions.com\/wp-content\/uploads\/2021\/01\/glint-ssd-cooler-argb-1.1.png","contentUrl":"https:\/\/gelidsolutions.com\/wp-content\/uploads\/2021\/01\/glint-ssd-cooler-argb-1.1.png","width":2000,"height":2000,"caption":"Glint"},{"@type":"BreadcrumbList","@id":"https:\/\/gelidsolutions.com\/de\/produkt\/glint-argb-m-2-ssd-cooler\/#breadcrumb","itemListElement":[{"@type":"ListItem","position":1,"name":"Home","item":"https:\/\/gelidsolutions.com\/de\/"},{"@type":"ListItem","position":2,"name":"Shop","item":"https:\/\/gelidsolutions.com\/shop\/"},{"@type":"ListItem","position":3,"name":"GLINT ARGB M.2 SSD COOLER"}]},{"@type":"WebSite","@id":"https:\/\/gelidsolutions.com\/de\/#website","url":"https:\/\/gelidsolutions.com\/de\/","name":"Gelid Solutions","description":"","publisher":{"@id":"https:\/\/gelidsolutions.com\/de\/#organization"},"potentialAction":[{"@type":"SearchAction","target":{"@type":"EntryPoint","urlTemplate":"https:\/\/gelidsolutions.com\/de\/?s={search_term_string}"},"query-input":{"@type":"PropertyValueSpecification","valueRequired":true,"valueName":"search_term_string"}}],"inLanguage":"de"},{"@type":"Organization","@id":"https:\/\/gelidsolutions.com\/de\/#organization","name":"Gelid Solutions","url":"https:\/\/gelidsolutions.com\/de\/","logo":{"@type":"ImageObject","inLanguage":"de","@id":"https:\/\/gelidsolutions.com\/de\/#\/schema\/logo\/image\/","url":"https:\/\/gelidsolutions.com\/wp-content\/uploads\/2022\/06\/logo_white_104_104.gif","contentUrl":"https:\/\/gelidsolutions.com\/wp-content\/uploads\/2022\/06\/logo_white_104_104.gif","width":104,"height":104,"caption":"Gelid Solutions"},"image":{"@id":"https:\/\/gelidsolutions.com\/de\/#\/schema\/logo\/image\/"}}]}},"_links":{"self":[{"href":"https:\/\/gelidsolutions.com\/de\/wp-json\/wp\/v2\/product\/113847","targetHints":{"allow":["GET"]}}],"collection":[{"href":"https:\/\/gelidsolutions.com\/de\/wp-json\/wp\/v2\/product"}],"about":[{"href":"https:\/\/gelidsolutions.com\/de\/wp-json\/wp\/v2\/types\/product"}],"replies":[{"embeddable":true,"href":"https:\/\/gelidsolutions.com\/de\/wp-json\/wp\/v2\/comments?post=113847"}],"wp:featuredmedia":[{"embeddable":true,"href":"https:\/\/gelidsolutions.com\/de\/wp-json\/wp\/v2\/media\/120330"}],"wp:attachment":[{"href":"https:\/\/gelidsolutions.com\/de\/wp-json\/wp\/v2\/media?parent=113847"}],"wp:term":[{"taxonomy":"product_cat","embeddable":true,"href":"https:\/\/gelidsolutions.com\/de\/wp-json\/wp\/v2\/product_cat?post=113847"},{"taxonomy":"product_tag","embeddable":true,"href":"https:\/\/gelidsolutions.com\/de\/wp-json\/wp\/v2\/product_tag?post=113847"}],"curies":[{"name":"wp","href":"https:\/\/api.w.org\/{rel}","templated":true}]}}