{"id":113848,"date":"2020-12-10T20:16:00","date_gmt":"2020-12-10T12:16:00","guid":{"rendered":"https:\/\/localhost\/gelidsolutions\/product\/amber5-argb-combo-bundle\/"},"modified":"2022-10-25T23:32:06","modified_gmt":"2022-10-25T15:32:06","slug":"stella-argb-fan-bundle","status":"publish","type":"product","link":"https:\/\/gelidsolutions.com\/de\/produkt\/stella-argb-fan-bundle\/","title":{"rendered":"AMBER5 ARGB KOMBI-PAKET"},"content":{"rendered":"<p><b><i>Amber5 ARGB Kombi-Paket (RF-RGB-MP-01)<\/i><\/b><br \/>\nEnth\u00e4lt: 5 x Stella ARGB L\u00fcfter, 1 x Amber 5 RF Remote ARGB Controller<\/p>\n<p><img loading=\"lazy\" decoding=\"async\" class=\"alignleft wp-image-28798\" src=\"https:\/\/gelidsolutions.com\/wp-content\/uploads\/2019\/04\/mb_rgb_tech.png\" alt=\"Unterst\u00fctzte RGB-Technologien\" width=\"589\" height=\"119\" \/><\/p>\n<p><b>Beleuchten Sie Ihr System mit RGB-Lichtern!<\/b><\/p>\n<p><strong>STELLA<\/strong> stellt eine perfekte Mischung aus Spitzentechnologie und lebendigem Design dar. Er verf\u00fcgt \u00fcber 8 an der Nabe montierte ARGB-LEDs und 16 am Rahmen montierte, unabh\u00e4ngige ARGB-LEDs f\u00fcr die stilvolle Dual-Ring-Beleuchtung. Der L\u00fcfter verf\u00fcgt au\u00dferdem \u00fcber ein doppeltes Kugellager f\u00fcr h\u00f6here Zuverl\u00e4ssigkeit und ein optimiertes Laufrad f\u00fcr einen verbesserten Luftstrom. Lebendige Beleuchtung, robuste Bauweise und ger\u00e4uscharmer Betrieb machen STELLA zu einem w\u00fcrdigen Begleiter f\u00fcr Gaming-PCs.<\/p>\n<p><strong>AMBER5<\/strong> steuert bis zu 5 L\u00fcfter, Leisten oder andere adressierbare RGB-Ger\u00e4te (ARGB) und verf\u00fcgt \u00fcber 366 lebendige Beleuchtungsvoreinstellungen, die eine sorgf\u00e4ltig ausgew\u00e4hlte Sammlung vorprogrammierter RGB-Modi und dynamischer Effekte umfassen. Die 21-Tasten-RF-Fernbedienung (Radio Frequency) sorgt f\u00fcr eine zuverl\u00e4ssige und reaktionsschnelle Fernsteuerung in einer Reichweite von 8 Metern.<\/p>\n<p><strong>AMBER5<\/strong> unterst\u00fctzt einen Passthrough-ARGB-Sync\/Hub-Modus \u00fcber den 3-Pin-ARGB-Sync-Eingang bei Anschluss an kompatible Motherboards: ASUS, Gigabyte, MSI oder ASRock. Es steht Ihnen frei, die Voreinstellungen des Controllers zu verwenden oder zu Ihren eigenen Voreinstellungen zu wechseln, die Sie mit Ihrer bevorzugten RGB-Software erstellt haben.<\/p>\n<p>&nbsp;<\/p>\n<h3>Kompatibilit\u00e4t der RGB-Header des Motherboards<\/h3>\n<p>&nbsp;<\/p>\n<p><img loading=\"lazy\" decoding=\"async\" class=\"alignleft size-full wp-image-34824\" src=\"https:\/\/gelidsolutions.com\/wp-content\/uploads\/2021\/03\/argb-compatibility-vdg.png\" alt=\"Kompatibilit\u00e4t der RGB-Header des Motherboards\" width=\"600\" height=\"360\" \/><\/p>\n<p>EAN: 4897025782716<\/p>\n","protected":false},"excerpt":{"rendered":"<ul>\n<li>  24 ARGB-LEDs<\/li>\n<li>  Duale Ringbeleuchtung<\/li>\n<li>  Ultra-haltbares doppeltes Kugellager<\/li>\n<li>  Ger\u00e4uschlose Motorsteuerung IC<\/li>\n<li>  Luftstromoptimiertes Laufrad<\/li>\n<li>  5 x Stella-L\u00fcfter und Amber5 ARGB-Controller im Lieferumfang enthalten<\/li>\n<\/ul>\n","protected":false},"featured_media":120389,"comment_status":"closed","ping_status":"closed","template":"","meta":{"_acf_changed":false},"product_cat":[548,549,320],"product_tag":[551,554,558,553],"class_list":{"0":"post-113848","1":"product","2":"type-product","3":"status-publish","4":"has-post-thumbnail","6":"product_cat-award-winning-thermal-solutions-collections-de","7":"product_cat-collections-de","8":"product_cat-zubehoer-archiv","9":"product_tag-case-fan-de","10":"product_tag-gamer-case-fan-de","11":"product_tag-rgb-de","12":"product_tag-thermal-solution-de","14":"first","15":"outofstock","16":"taxable","17":"shipping-taxable","18":"purchasable","19":"product-type-simple"},"supplier_id":null,"supplier_sku":"RF-RGB-MP-01","barcode":"4897025782716","atum_controlled":true,"out_stock_date":"2023-01-19 08:40:03","out_stock_threshold":null,"inheritable":false,"inbound_stock":null,"stock_on_hold":0,"sold_today":0,"sales_last_days":0,"reserved_stock":null,"customer_returns":null,"warehouse_damage":null,"lost_in_post":null,"other_logs":null,"out_stock_days":1200,"lost_sales":0,"has_location":false,"update_date":"2026-05-04T01:13:52","atum_locations":[],"atum_stock_status":"outofstock","restock_status":false,"low_stock_amount":"","sales_update_date":"2026-05-04T01:13:52","calc_backorders":null,"acf":[],"yoast_head":"<!-- This site is optimized with the Yoast SEO plugin v27.5 - https:\/\/yoast.com\/product\/yoast-seo-wordpress\/ -->\n<title>AMBER5 ARGB KOMBI-PAKET - Gelid Solutions<\/title>\n<meta name=\"robots\" content=\"index, follow, max-snippet:-1, max-image-preview:large, max-video-preview:-1\" \/>\n<link rel=\"canonical\" href=\"https:\/\/gelidsolutions.com\/de\/produkt\/stella-argb-fan-bundle\/\" \/>\n<meta property=\"og:locale\" content=\"de_DE\" \/>\n<meta property=\"og:type\" content=\"article\" \/>\n<meta property=\"og:title\" content=\"AMBER5 ARGB KOMBI-PAKET - Gelid Solutions\" \/>\n<meta property=\"og:description\" content=\"24 ARGB-LEDs   Duale Ringbeleuchtung   Ultra-haltbares doppeltes Kugellager   Ger\u00e4uschlose Motorsteuerung IC   Luftstromoptimiertes Laufrad   5 x Stella-L\u00fcfter und Amber5 ARGB-Controller im Lieferumfang enthalten\" \/>\n<meta property=\"og:url\" content=\"https:\/\/gelidsolutions.com\/de\/produkt\/stella-argb-fan-bundle\/\" \/>\n<meta property=\"og:site_name\" content=\"Gelid Solutions\" \/>\n<meta property=\"article:modified_time\" content=\"2022-10-25T15:32:06+00:00\" \/>\n<meta property=\"og:image\" content=\"https:\/\/gelidsolutions.com\/wp-content\/uploads\/2020\/12\/stella-amber5-bundle-1.png\" \/>\n\t<meta property=\"og:image:width\" content=\"2000\" \/>\n\t<meta property=\"og:image:height\" content=\"2000\" \/>\n\t<meta property=\"og:image:type\" content=\"image\/png\" \/>\n<meta name=\"twitter:card\" content=\"summary_large_image\" \/>\n<meta name=\"twitter:label1\" content=\"Gesch\u00e4tzte Lesezeit\" \/>\n\t<meta name=\"twitter:data1\" content=\"1\u00a0Minute\" \/>\n<script type=\"application\/ld+json\" class=\"yoast-schema-graph\">{\"@context\":\"https:\\\/\\\/schema.org\",\"@graph\":[{\"@type\":\"WebPage\",\"@id\":\"https:\\\/\\\/gelidsolutions.com\\\/de\\\/produkt\\\/stella-argb-fan-bundle\\\/\",\"url\":\"https:\\\/\\\/gelidsolutions.com\\\/de\\\/produkt\\\/stella-argb-fan-bundle\\\/\",\"name\":\"AMBER5 ARGB KOMBI-PAKET - Gelid Solutions\",\"isPartOf\":{\"@id\":\"https:\\\/\\\/gelidsolutions.com\\\/de\\\/#website\"},\"primaryImageOfPage\":{\"@id\":\"https:\\\/\\\/gelidsolutions.com\\\/de\\\/produkt\\\/stella-argb-fan-bundle\\\/#primaryimage\"},\"image\":{\"@id\":\"https:\\\/\\\/gelidsolutions.com\\\/de\\\/produkt\\\/stella-argb-fan-bundle\\\/#primaryimage\"},\"thumbnailUrl\":\"https:\\\/\\\/gelidsolutions.com\\\/wp-content\\\/uploads\\\/2020\\\/12\\\/stella-amber5-bundle-1.png\",\"datePublished\":\"2020-12-10T12:16:00+00:00\",\"dateModified\":\"2022-10-25T15:32:06+00:00\",\"breadcrumb\":{\"@id\":\"https:\\\/\\\/gelidsolutions.com\\\/de\\\/produkt\\\/stella-argb-fan-bundle\\\/#breadcrumb\"},\"inLanguage\":\"de\",\"potentialAction\":[{\"@type\":\"ReadAction\",\"target\":[\"https:\\\/\\\/gelidsolutions.com\\\/de\\\/produkt\\\/stella-argb-fan-bundle\\\/\"]}]},{\"@type\":\"ImageObject\",\"inLanguage\":\"de\",\"@id\":\"https:\\\/\\\/gelidsolutions.com\\\/de\\\/produkt\\\/stella-argb-fan-bundle\\\/#primaryimage\",\"url\":\"https:\\\/\\\/gelidsolutions.com\\\/wp-content\\\/uploads\\\/2020\\\/12\\\/stella-amber5-bundle-1.png\",\"contentUrl\":\"https:\\\/\\\/gelidsolutions.com\\\/wp-content\\\/uploads\\\/2020\\\/12\\\/stella-amber5-bundle-1.png\",\"width\":2000,\"height\":2000,\"caption\":\"Amber5-B\u00fcndel\"},{\"@type\":\"BreadcrumbList\",\"@id\":\"https:\\\/\\\/gelidsolutions.com\\\/de\\\/produkt\\\/stella-argb-fan-bundle\\\/#breadcrumb\",\"itemListElement\":[{\"@type\":\"ListItem\",\"position\":1,\"name\":\"Home\",\"item\":\"https:\\\/\\\/gelidsolutions.com\\\/de\\\/\"},{\"@type\":\"ListItem\",\"position\":2,\"name\":\"Shop\",\"item\":\"https:\\\/\\\/gelidsolutions.com\\\/shop\\\/\"},{\"@type\":\"ListItem\",\"position\":3,\"name\":\"AMBER5 ARGB KOMBI-PAKET\"}]},{\"@type\":\"WebSite\",\"@id\":\"https:\\\/\\\/gelidsolutions.com\\\/de\\\/#website\",\"url\":\"https:\\\/\\\/gelidsolutions.com\\\/de\\\/\",\"name\":\"Gelid Solutions\",\"description\":\"\",\"publisher\":{\"@id\":\"https:\\\/\\\/gelidsolutions.com\\\/de\\\/#organization\"},\"potentialAction\":[{\"@type\":\"SearchAction\",\"target\":{\"@type\":\"EntryPoint\",\"urlTemplate\":\"https:\\\/\\\/gelidsolutions.com\\\/de\\\/?s={search_term_string}\"},\"query-input\":{\"@type\":\"PropertyValueSpecification\",\"valueRequired\":true,\"valueName\":\"search_term_string\"}}],\"inLanguage\":\"de\"},{\"@type\":\"Organization\",\"@id\":\"https:\\\/\\\/gelidsolutions.com\\\/de\\\/#organization\",\"name\":\"Gelid Solutions\",\"url\":\"https:\\\/\\\/gelidsolutions.com\\\/de\\\/\",\"logo\":{\"@type\":\"ImageObject\",\"inLanguage\":\"de\",\"@id\":\"https:\\\/\\\/gelidsolutions.com\\\/de\\\/#\\\/schema\\\/logo\\\/image\\\/\",\"url\":\"https:\\\/\\\/gelidsolutions.com\\\/wp-content\\\/uploads\\\/2022\\\/06\\\/logo_white_104_104.gif\",\"contentUrl\":\"https:\\\/\\\/gelidsolutions.com\\\/wp-content\\\/uploads\\\/2022\\\/06\\\/logo_white_104_104.gif\",\"width\":104,\"height\":104,\"caption\":\"Gelid Solutions\"},\"image\":{\"@id\":\"https:\\\/\\\/gelidsolutions.com\\\/de\\\/#\\\/schema\\\/logo\\\/image\\\/\"}}]}<\/script>\n<!-- \/ Yoast SEO plugin. -->","yoast_head_json":{"title":"AMBER5 ARGB KOMBI-PAKET - Gelid Solutions","robots":{"index":"index","follow":"follow","max-snippet":"max-snippet:-1","max-image-preview":"max-image-preview:large","max-video-preview":"max-video-preview:-1"},"canonical":"https:\/\/gelidsolutions.com\/de\/produkt\/stella-argb-fan-bundle\/","og_locale":"de_DE","og_type":"article","og_title":"AMBER5 ARGB KOMBI-PAKET - Gelid Solutions","og_description":"24 ARGB-LEDs   Duale Ringbeleuchtung   Ultra-haltbares doppeltes Kugellager   Ger\u00e4uschlose Motorsteuerung IC   Luftstromoptimiertes Laufrad   5 x Stella-L\u00fcfter und Amber5 ARGB-Controller im Lieferumfang enthalten","og_url":"https:\/\/gelidsolutions.com\/de\/produkt\/stella-argb-fan-bundle\/","og_site_name":"Gelid Solutions","article_modified_time":"2022-10-25T15:32:06+00:00","og_image":[{"width":2000,"height":2000,"url":"https:\/\/gelidsolutions.com\/wp-content\/uploads\/2020\/12\/stella-amber5-bundle-1.png","type":"image\/png"}],"twitter_card":"summary_large_image","twitter_misc":{"Gesch\u00e4tzte Lesezeit":"1\u00a0Minute"},"schema":{"@context":"https:\/\/schema.org","@graph":[{"@type":"WebPage","@id":"https:\/\/gelidsolutions.com\/de\/produkt\/stella-argb-fan-bundle\/","url":"https:\/\/gelidsolutions.com\/de\/produkt\/stella-argb-fan-bundle\/","name":"AMBER5 ARGB KOMBI-PAKET - Gelid Solutions","isPartOf":{"@id":"https:\/\/gelidsolutions.com\/de\/#website"},"primaryImageOfPage":{"@id":"https:\/\/gelidsolutions.com\/de\/produkt\/stella-argb-fan-bundle\/#primaryimage"},"image":{"@id":"https:\/\/gelidsolutions.com\/de\/produkt\/stella-argb-fan-bundle\/#primaryimage"},"thumbnailUrl":"https:\/\/gelidsolutions.com\/wp-content\/uploads\/2020\/12\/stella-amber5-bundle-1.png","datePublished":"2020-12-10T12:16:00+00:00","dateModified":"2022-10-25T15:32:06+00:00","breadcrumb":{"@id":"https:\/\/gelidsolutions.com\/de\/produkt\/stella-argb-fan-bundle\/#breadcrumb"},"inLanguage":"de","potentialAction":[{"@type":"ReadAction","target":["https:\/\/gelidsolutions.com\/de\/produkt\/stella-argb-fan-bundle\/"]}]},{"@type":"ImageObject","inLanguage":"de","@id":"https:\/\/gelidsolutions.com\/de\/produkt\/stella-argb-fan-bundle\/#primaryimage","url":"https:\/\/gelidsolutions.com\/wp-content\/uploads\/2020\/12\/stella-amber5-bundle-1.png","contentUrl":"https:\/\/gelidsolutions.com\/wp-content\/uploads\/2020\/12\/stella-amber5-bundle-1.png","width":2000,"height":2000,"caption":"Amber5-B\u00fcndel"},{"@type":"BreadcrumbList","@id":"https:\/\/gelidsolutions.com\/de\/produkt\/stella-argb-fan-bundle\/#breadcrumb","itemListElement":[{"@type":"ListItem","position":1,"name":"Home","item":"https:\/\/gelidsolutions.com\/de\/"},{"@type":"ListItem","position":2,"name":"Shop","item":"https:\/\/gelidsolutions.com\/shop\/"},{"@type":"ListItem","position":3,"name":"AMBER5 ARGB KOMBI-PAKET"}]},{"@type":"WebSite","@id":"https:\/\/gelidsolutions.com\/de\/#website","url":"https:\/\/gelidsolutions.com\/de\/","name":"Gelid Solutions","description":"","publisher":{"@id":"https:\/\/gelidsolutions.com\/de\/#organization"},"potentialAction":[{"@type":"SearchAction","target":{"@type":"EntryPoint","urlTemplate":"https:\/\/gelidsolutions.com\/de\/?s={search_term_string}"},"query-input":{"@type":"PropertyValueSpecification","valueRequired":true,"valueName":"search_term_string"}}],"inLanguage":"de"},{"@type":"Organization","@id":"https:\/\/gelidsolutions.com\/de\/#organization","name":"Gelid Solutions","url":"https:\/\/gelidsolutions.com\/de\/","logo":{"@type":"ImageObject","inLanguage":"de","@id":"https:\/\/gelidsolutions.com\/de\/#\/schema\/logo\/image\/","url":"https:\/\/gelidsolutions.com\/wp-content\/uploads\/2022\/06\/logo_white_104_104.gif","contentUrl":"https:\/\/gelidsolutions.com\/wp-content\/uploads\/2022\/06\/logo_white_104_104.gif","width":104,"height":104,"caption":"Gelid Solutions"},"image":{"@id":"https:\/\/gelidsolutions.com\/de\/#\/schema\/logo\/image\/"}}]}},"_links":{"self":[{"href":"https:\/\/gelidsolutions.com\/de\/wp-json\/wp\/v2\/product\/113848","targetHints":{"allow":["GET"]}}],"collection":[{"href":"https:\/\/gelidsolutions.com\/de\/wp-json\/wp\/v2\/product"}],"about":[{"href":"https:\/\/gelidsolutions.com\/de\/wp-json\/wp\/v2\/types\/product"}],"replies":[{"embeddable":true,"href":"https:\/\/gelidsolutions.com\/de\/wp-json\/wp\/v2\/comments?post=113848"}],"wp:featuredmedia":[{"embeddable":true,"href":"https:\/\/gelidsolutions.com\/de\/wp-json\/wp\/v2\/media\/120389"}],"wp:attachment":[{"href":"https:\/\/gelidsolutions.com\/de\/wp-json\/wp\/v2\/media?parent=113848"}],"wp:term":[{"taxonomy":"product_cat","embeddable":true,"href":"https:\/\/gelidsolutions.com\/de\/wp-json\/wp\/v2\/product_cat?post=113848"},{"taxonomy":"product_tag","embeddable":true,"href":"https:\/\/gelidsolutions.com\/de\/wp-json\/wp\/v2\/product_tag?post=113848"}],"curies":[{"name":"wp","href":"https:\/\/api.w.org\/{rel}","templated":true}]}}