{"id":113851,"date":"2021-07-12T09:10:00","date_gmt":"2021-07-12T09:10:00","guid":{"rendered":"https:\/\/localhost\/gelidsolutions\/product\/gp-ultimate-120x120-thermal-pad\/"},"modified":"2023-01-03T00:31:42","modified_gmt":"2023-01-02T16:31:42","slug":"gp-ultimate-120x120-thermal-pad","status":"publish","type":"product","link":"https:\/\/gelidsolutions.com\/de\/produkt\/gp-ultimate-120x120-thermal-pad\/","title":{"rendered":"GP-ULTIMATE 120&#215;120 W\u00c4RMELEITPAD"},"content":{"rendered":"<p><i><b>GP-Ultimate 120&#215;120 W\u00e4rmeleitpad-Serie<br \/>\n<\/b><\/i><\/p>\n<p>&nbsp;<\/p>\n<h5>Das innovative W\u00e4rmeleitpad<\/h5>\n<p>&nbsp;<\/p>\n<p>St\u00e4rkegrade:<br \/>\n0.5 mm (TP-GP04-S-A), 1.0mm (TP-GP04-S-B), 1.5mm (TP-GP04-S-C), 2mm (TP-GP04-S-D), 3mm (TP-GP04-S-E)<\/p>\n<p>&nbsp;<\/p>\n<p>Das GP-Ultimate 120&#215;120 bietet eine perfekte thermische Schnittstelle zur \u00dcbertragung von W\u00e4rme auf den K\u00fchlk\u00f6rper, wenn es auf PCBs mit H\u00f6henunterschieden und unebenen Oberfl\u00e4chen wie DRAM-ICs, VRM-ICs, Leistungs-MOSFETs, NVRAM-ICs und anderen Hochtemperatur-SMD-Komponenten installiert wird. Dank seiner verbesserten Multilayer-Matrix, der \u00fcberlegenen Materialzusammensetzung und der ultimativen W\u00e4rmeleitf\u00e4higkeit von 15 W\/mK, bietet das GP-Ultimate 120&#215;120 die beste Leistung seiner Klasse.<\/p>\n<p>&nbsp;<\/p>\n<p>Das GP-Ultimate 120&#215;120 ist nicht elektrisch leitend, nicht korrosiv, nicht aush\u00e4rtend, ungiftig und unterst\u00fctzt einen erweiterten Betriebstemperaturbereich von -60\u00b0C bis 220\u00b0C. Es bietet eine nahtlose Anwendung und hat die Abmessungen des W\u00e4rmeleitpads von 120 x 120 mm, um vergr\u00f6\u00dferte Oberfl\u00e4chen von RAM-Speichermodulen, GPU- und CPU-VRM-Schaltungen, M.2-Typ-SSDs und anderen dicht gepackten elektronischen Ger\u00e4ten optimal anzupassen.<\/p>\n<p>&nbsp;<\/p>\n<p><strong>UVP:<\/strong><\/p>\n<p>&nbsp;<\/p>\n<p><strong>Einzelpackung (1 Stk. inlusive)<\/strong>:<br \/>\n<i>0.5mm: USD 22.00 \/ 16.00 Euro <\/i><br \/>\n<i>1mm: USD 28.00 \/ 22.00 Euro<\/i><br \/>\n<i>1.5mm: USD 32.00 \/ 24.00 Euro<\/i><br \/>\n<i>2mm: USD 38.00 \/ 26.00 Euro<\/i><br \/>\n<i>3mm: USD 50.00 \/ 38.00 Euro<\/i><\/p>\n<p>&nbsp;<\/p>\n<p><strong>EAN (1 Stk inklusive)<\/strong>:<br \/>\n<i>0.5mm: 4897025783058<\/i><br \/>\n<i>1mm: 4897025783065<\/i><br \/>\n<i>1.5mm: 4897025783072<\/i><br \/>\n<i>2mm: 4897025783089<\/i><br \/>\n<i>3mm: 4897025783096<\/i><\/p>\n<p>&nbsp;<\/p>\n","protected":false},"excerpt":{"rendered":"<p><i><b>Features:<\/b><\/i><\/p>\n<ul>\n<li>\u00a0 \u00a0 \u00a0 \u00a0 \u25cf Ultimative 15 W\/mK W\u00e4rmeleitf\u00e4higkeit<\/li>\n<li>\u00a0 \u00a0 \u00a0 \u00a0 \u25cf Nicht elektrisch leitend<\/li>\n<li>\u00a0 \u00a0 \u00a0 \u00a0 \u25cf Nicht korrosiv, nicht aush\u00e4rtend &amp; ungiftig<\/li>\n<li>\u00a0\u00a0\u00a0\u00a0\u00a0\u00a0\u00a0 \u25cf Perfekt f\u00fcr RAM-Speicher, VRM &amp; M.2-Typ-SSD<\/li>\n<\/ul>\n<p>&nbsp;<\/p>\n<table style=\"width: 320px;\">\n<tbody>\n<tr>\n<td style=\"padding: 5px 5px;\">[vc_single_image image=\"32804\" img_size=\"full\" onclick=\"custom_link\" qode_css_animation=\"element_from_fade\" qode_hover_animation=\"zoom_in\" link=\"https:\/\/gelidstore.com\/collections\/thermal-pad\/products\/gp-ultimate-120x20-thermal-pad-value-pack-1mm\"]<\/td>\n<td style=\"padding: 5px 5px;\">[vc_single_image image=\"34626\" img_size=\"full\" onclick=\"custom_link\" qode_css_animation=\"element_from_fade\" qode_hover_animation=\"zoom_in\" link=\"https:\/\/www.lazada.sg\/products\/gp-ultimate-12020-thermal-pad-value-pack-1mm-tp-vp04-r-b-i1449026725-s6698788311.html\"]<\/td>\n<\/tr>\n<\/tbody>\n<\/table>\n<p>&nbsp;<\/p>\n","protected":false},"featured_media":0,"comment_status":"closed","ping_status":"closed","template":"","meta":{"_acf_changed":false},"product_cat":[452,453,305,329],"product_tag":[455],"class_list":{"0":"post-113851","1":"product","2":"type-product","3":"status-publish","5":"product_cat-award-winning-thermal","6":"product_cat-collections-2","7":"product_cat-kuehlloesungen","8":"product_cat-waermeleitpad","9":"product_tag-gamer-accessories-3","11":"first","12":"instock","13":"taxable","14":"shipping-taxable","15":"product-type-simple"},"supplier_id":null,"supplier_sku":"","barcode":null,"atum_controlled":true,"out_stock_date":null,"out_stock_threshold":null,"inheritable":false,"inbound_stock":null,"stock_on_hold":0,"sold_today":0,"sales_last_days":0,"reserved_stock":null,"customer_returns":null,"warehouse_damage":null,"lost_in_post":null,"other_logs":null,"out_stock_days":0,"lost_sales":0,"has_location":false,"update_date":"2026-04-28T01:10:56","atum_locations":[],"atum_stock_status":"instock","restock_status":false,"low_stock_amount":"","sales_update_date":"2026-04-28T01:10:56","calc_backorders":null,"acf":[],"yoast_head":"<!-- This site is optimized with the Yoast SEO plugin v27.5 - https:\/\/yoast.com\/product\/yoast-seo-wordpress\/ -->\n<title>GP-ULTIMATE 120x120 W\u00c4RMELEITPAD - Gelid Solutions<\/title>\n<meta name=\"robots\" content=\"index, follow, max-snippet:-1, max-image-preview:large, max-video-preview:-1\" \/>\n<link rel=\"canonical\" href=\"https:\/\/gelidsolutions.com\/de\/produkt\/gp-ultimate-120x120-thermal-pad\/\" \/>\n<meta property=\"og:locale\" content=\"de_DE\" \/>\n<meta property=\"og:type\" content=\"article\" \/>\n<meta property=\"og:title\" content=\"GP-ULTIMATE 120x120 W\u00c4RMELEITPAD - Gelid Solutions\" \/>\n<meta property=\"og:description\" content=\"Features:   \u00a0 \u00a0 \u00a0 \u00a0 \u25cf Ultimative 15 W\/mK W\u00e4rmeleitf\u00e4higkeit  \u00a0 \u00a0 \u00a0 \u00a0 \u25cf Nicht elektrisch leitend  \u00a0 \u00a0 \u00a0 \u00a0 \u25cf Nicht korrosiv, nicht aush\u00e4rtend &amp; ungiftig  \u00a0\u00a0\u00a0\u00a0\u00a0\u00a0\u00a0 \u25cf Perfekt f\u00fcr RAM-Speicher, VRM &amp; M.2-Typ-SSD  &nbsp;         &nbsp;\" \/>\n<meta property=\"og:url\" content=\"https:\/\/gelidsolutions.com\/de\/produkt\/gp-ultimate-120x120-thermal-pad\/\" \/>\n<meta property=\"og:site_name\" content=\"Gelid Solutions\" \/>\n<meta property=\"article:modified_time\" content=\"2023-01-02T16:31:42+00:00\" \/>\n<meta name=\"twitter:card\" content=\"summary_large_image\" \/>\n<meta name=\"twitter:label1\" content=\"Gesch\u00e4tzte Lesezeit\" \/>\n\t<meta name=\"twitter:data1\" content=\"1\u00a0Minute\" \/>\n<script type=\"application\/ld+json\" class=\"yoast-schema-graph\">{\"@context\":\"https:\\\/\\\/schema.org\",\"@graph\":[{\"@type\":\"WebPage\",\"@id\":\"https:\\\/\\\/gelidsolutions.com\\\/de\\\/produkt\\\/gp-ultimate-120x120-thermal-pad\\\/\",\"url\":\"https:\\\/\\\/gelidsolutions.com\\\/de\\\/produkt\\\/gp-ultimate-120x120-thermal-pad\\\/\",\"name\":\"GP-ULTIMATE 120x120 W\u00c4RMELEITPAD - Gelid Solutions\",\"isPartOf\":{\"@id\":\"https:\\\/\\\/gelidsolutions.com\\\/de\\\/#website\"},\"datePublished\":\"2021-07-12T09:10:00+00:00\",\"dateModified\":\"2023-01-02T16:31:42+00:00\",\"breadcrumb\":{\"@id\":\"https:\\\/\\\/gelidsolutions.com\\\/de\\\/produkt\\\/gp-ultimate-120x120-thermal-pad\\\/#breadcrumb\"},\"inLanguage\":\"de\",\"potentialAction\":[{\"@type\":\"ReadAction\",\"target\":[\"https:\\\/\\\/gelidsolutions.com\\\/de\\\/produkt\\\/gp-ultimate-120x120-thermal-pad\\\/\"]}]},{\"@type\":\"BreadcrumbList\",\"@id\":\"https:\\\/\\\/gelidsolutions.com\\\/de\\\/produkt\\\/gp-ultimate-120x120-thermal-pad\\\/#breadcrumb\",\"itemListElement\":[{\"@type\":\"ListItem\",\"position\":1,\"name\":\"Home\",\"item\":\"https:\\\/\\\/gelidsolutions.com\\\/de\\\/\"},{\"@type\":\"ListItem\",\"position\":2,\"name\":\"Shop\",\"item\":\"https:\\\/\\\/gelidsolutions.com\\\/shop\\\/\"},{\"@type\":\"ListItem\",\"position\":3,\"name\":\"GP-ULTIMATE 120&#215;120 W\u00c4RMELEITPAD\"}]},{\"@type\":\"WebSite\",\"@id\":\"https:\\\/\\\/gelidsolutions.com\\\/de\\\/#website\",\"url\":\"https:\\\/\\\/gelidsolutions.com\\\/de\\\/\",\"name\":\"Gelid Solutions\",\"description\":\"\",\"publisher\":{\"@id\":\"https:\\\/\\\/gelidsolutions.com\\\/de\\\/#organization\"},\"potentialAction\":[{\"@type\":\"SearchAction\",\"target\":{\"@type\":\"EntryPoint\",\"urlTemplate\":\"https:\\\/\\\/gelidsolutions.com\\\/de\\\/?s={search_term_string}\"},\"query-input\":{\"@type\":\"PropertyValueSpecification\",\"valueRequired\":true,\"valueName\":\"search_term_string\"}}],\"inLanguage\":\"de\"},{\"@type\":\"Organization\",\"@id\":\"https:\\\/\\\/gelidsolutions.com\\\/de\\\/#organization\",\"name\":\"Gelid Solutions\",\"url\":\"https:\\\/\\\/gelidsolutions.com\\\/de\\\/\",\"logo\":{\"@type\":\"ImageObject\",\"inLanguage\":\"de\",\"@id\":\"https:\\\/\\\/gelidsolutions.com\\\/de\\\/#\\\/schema\\\/logo\\\/image\\\/\",\"url\":\"https:\\\/\\\/gelidsolutions.com\\\/wp-content\\\/uploads\\\/2022\\\/06\\\/logo_white_104_104.gif\",\"contentUrl\":\"https:\\\/\\\/gelidsolutions.com\\\/wp-content\\\/uploads\\\/2022\\\/06\\\/logo_white_104_104.gif\",\"width\":104,\"height\":104,\"caption\":\"Gelid Solutions\"},\"image\":{\"@id\":\"https:\\\/\\\/gelidsolutions.com\\\/de\\\/#\\\/schema\\\/logo\\\/image\\\/\"}}]}<\/script>\n<!-- \/ Yoast SEO plugin. -->","yoast_head_json":{"title":"GP-ULTIMATE 120x120 W\u00c4RMELEITPAD - Gelid Solutions","robots":{"index":"index","follow":"follow","max-snippet":"max-snippet:-1","max-image-preview":"max-image-preview:large","max-video-preview":"max-video-preview:-1"},"canonical":"https:\/\/gelidsolutions.com\/de\/produkt\/gp-ultimate-120x120-thermal-pad\/","og_locale":"de_DE","og_type":"article","og_title":"GP-ULTIMATE 120x120 W\u00c4RMELEITPAD - Gelid Solutions","og_description":"Features:   \u00a0 \u00a0 \u00a0 \u00a0 \u25cf Ultimative 15 W\/mK W\u00e4rmeleitf\u00e4higkeit  \u00a0 \u00a0 \u00a0 \u00a0 \u25cf Nicht elektrisch leitend  \u00a0 \u00a0 \u00a0 \u00a0 \u25cf Nicht korrosiv, nicht aush\u00e4rtend &amp; ungiftig  \u00a0\u00a0\u00a0\u00a0\u00a0\u00a0\u00a0 \u25cf Perfekt f\u00fcr RAM-Speicher, VRM &amp; M.2-Typ-SSD  &nbsp;         &nbsp;","og_url":"https:\/\/gelidsolutions.com\/de\/produkt\/gp-ultimate-120x120-thermal-pad\/","og_site_name":"Gelid Solutions","article_modified_time":"2023-01-02T16:31:42+00:00","twitter_card":"summary_large_image","twitter_misc":{"Gesch\u00e4tzte Lesezeit":"1\u00a0Minute"},"schema":{"@context":"https:\/\/schema.org","@graph":[{"@type":"WebPage","@id":"https:\/\/gelidsolutions.com\/de\/produkt\/gp-ultimate-120x120-thermal-pad\/","url":"https:\/\/gelidsolutions.com\/de\/produkt\/gp-ultimate-120x120-thermal-pad\/","name":"GP-ULTIMATE 120x120 W\u00c4RMELEITPAD - Gelid Solutions","isPartOf":{"@id":"https:\/\/gelidsolutions.com\/de\/#website"},"datePublished":"2021-07-12T09:10:00+00:00","dateModified":"2023-01-02T16:31:42+00:00","breadcrumb":{"@id":"https:\/\/gelidsolutions.com\/de\/produkt\/gp-ultimate-120x120-thermal-pad\/#breadcrumb"},"inLanguage":"de","potentialAction":[{"@type":"ReadAction","target":["https:\/\/gelidsolutions.com\/de\/produkt\/gp-ultimate-120x120-thermal-pad\/"]}]},{"@type":"BreadcrumbList","@id":"https:\/\/gelidsolutions.com\/de\/produkt\/gp-ultimate-120x120-thermal-pad\/#breadcrumb","itemListElement":[{"@type":"ListItem","position":1,"name":"Home","item":"https:\/\/gelidsolutions.com\/de\/"},{"@type":"ListItem","position":2,"name":"Shop","item":"https:\/\/gelidsolutions.com\/shop\/"},{"@type":"ListItem","position":3,"name":"GP-ULTIMATE 120&#215;120 W\u00c4RMELEITPAD"}]},{"@type":"WebSite","@id":"https:\/\/gelidsolutions.com\/de\/#website","url":"https:\/\/gelidsolutions.com\/de\/","name":"Gelid Solutions","description":"","publisher":{"@id":"https:\/\/gelidsolutions.com\/de\/#organization"},"potentialAction":[{"@type":"SearchAction","target":{"@type":"EntryPoint","urlTemplate":"https:\/\/gelidsolutions.com\/de\/?s={search_term_string}"},"query-input":{"@type":"PropertyValueSpecification","valueRequired":true,"valueName":"search_term_string"}}],"inLanguage":"de"},{"@type":"Organization","@id":"https:\/\/gelidsolutions.com\/de\/#organization","name":"Gelid Solutions","url":"https:\/\/gelidsolutions.com\/de\/","logo":{"@type":"ImageObject","inLanguage":"de","@id":"https:\/\/gelidsolutions.com\/de\/#\/schema\/logo\/image\/","url":"https:\/\/gelidsolutions.com\/wp-content\/uploads\/2022\/06\/logo_white_104_104.gif","contentUrl":"https:\/\/gelidsolutions.com\/wp-content\/uploads\/2022\/06\/logo_white_104_104.gif","width":104,"height":104,"caption":"Gelid Solutions"},"image":{"@id":"https:\/\/gelidsolutions.com\/de\/#\/schema\/logo\/image\/"}}]}},"_links":{"self":[{"href":"https:\/\/gelidsolutions.com\/de\/wp-json\/wp\/v2\/product\/113851","targetHints":{"allow":["GET"]}}],"collection":[{"href":"https:\/\/gelidsolutions.com\/de\/wp-json\/wp\/v2\/product"}],"about":[{"href":"https:\/\/gelidsolutions.com\/de\/wp-json\/wp\/v2\/types\/product"}],"replies":[{"embeddable":true,"href":"https:\/\/gelidsolutions.com\/de\/wp-json\/wp\/v2\/comments?post=113851"}],"wp:attachment":[{"href":"https:\/\/gelidsolutions.com\/de\/wp-json\/wp\/v2\/media?parent=113851"}],"wp:term":[{"taxonomy":"product_cat","embeddable":true,"href":"https:\/\/gelidsolutions.com\/de\/wp-json\/wp\/v2\/product_cat?post=113851"},{"taxonomy":"product_tag","embeddable":true,"href":"https:\/\/gelidsolutions.com\/de\/wp-json\/wp\/v2\/product_tag?post=113851"}],"curies":[{"name":"wp","href":"https:\/\/api.w.org\/{rel}","templated":true}]}}