{"id":115977,"date":"2022-06-07T15:36:45","date_gmt":"2022-06-07T07:36:45","guid":{"rendered":"https:\/\/64.4.160.99\/gelidsolutions_new\/product\/black-diamond-mt-bd-01\/"},"modified":"2023-03-24T17:14:33","modified_gmt":"2023-03-24T09:14:33","slug":"black-diamond-mt-bd-01","status":"publish","type":"product","link":"https:\/\/gelidsolutions.com\/de\/produkt\/black-diamond-mt-bd-01\/","title":{"rendered":"BLACK DIAMOND"},"content":{"rendered":"<div class=\"ts-icon-title-text \" style=\"text-align: center; line-height: 41.8px; font-size: 38px;\">Entwickelt f\u00fcr Gaming<\/div>\n<div class=\"ts-icon-title-text \" style=\"text-align: center; line-height: 33px; font-size: 20px;\">Passt zu Top-Performance-Komponenten, bietet vollwertigen Wasserk\u00fchlungs-Support und sorgt mit geh\u00e4rteten Glasscheiben f\u00fcr exzellenten Style<\/div>\n<div class=\"vc_single_image-wrapper vc_box_border_grey\"><img loading=\"lazy\" decoding=\"async\" class=\"vc_single_image-img attachment-full\" src=\"https:\/\/gelidsolutions.com\/wp-content\/uploads\/2020\/04\/black-diamond-disscected.jpg\" sizes=\"auto, (max-width: 2400px) 100vw, 2400px\" srcset=\"https:\/\/gelidsolutions.com\/wp-content\/uploads\/2020\/04\/black-diamond-disscected.jpg 2400w, https:\/\/gelidsolutions.com\/wp-content\/uploads\/2020\/04\/black-diamond-disscected-300x190.jpg 300w, https:\/\/gelidsolutions.com\/wp-content\/uploads\/2020\/04\/black-diamond-disscected-768x486.jpg 768w, https:\/\/gelidsolutions.com\/wp-content\/uploads\/2020\/04\/black-diamond-disscected-1024x648.jpg 1024w, https:\/\/gelidsolutions.com\/wp-content\/uploads\/2020\/04\/black-diamond-disscected-1200x760.jpg 1200w, https:\/\/gelidsolutions.com\/wp-content\/uploads\/2020\/04\/black-diamond-disscected-700x443.jpg 700w\" alt=\"\" width=\"2400\" height=\"1519\" \/><\/div>\n<div class=\"ts-icon-title-text \" style=\"text-align: center; line-height: 41.8px; font-size: 38px;\">Optimale Gr\u00f6\u00dfe &amp; Robuste Bauweise<\/div>\n<div class=\"ts-icon-title-text \" style=\"text-align: center; line-height: 33px; font-size: 20px;\">Einfache und schnelle Installation f\u00fcr Hochleistungs-Gaming-Rigs<\/div>\n<div class=\"vc_single_image-wrapper vc_box_border_grey\"><img loading=\"lazy\" decoding=\"async\" class=\"vc_single_image-img attachment-full\" src=\"https:\/\/gelidsolutions.com\/wp-content\/uploads\/2020\/04\/black-diamond-view.png\" sizes=\"auto, (max-width: 2000px) 100vw, 2000px\" srcset=\"https:\/\/gelidsolutions.com\/wp-content\/uploads\/2020\/04\/black-diamond-view.png 2000w, https:\/\/gelidsolutions.com\/wp-content\/uploads\/2020\/04\/black-diamond-view-300x193.png 300w, https:\/\/gelidsolutions.com\/wp-content\/uploads\/2020\/04\/black-diamond-view-768x495.png 768w, https:\/\/gelidsolutions.com\/wp-content\/uploads\/2020\/04\/black-diamond-view-1024x659.png 1024w, https:\/\/gelidsolutions.com\/wp-content\/uploads\/2020\/04\/black-diamond-view-1200x773.png 1200w, https:\/\/gelidsolutions.com\/wp-content\/uploads\/2020\/04\/black-diamond-view-700x451.png 700w\" alt=\"\" width=\"2000\" height=\"1288\" \/><\/div>\n<div class=\"ts-icon-title-text \" style=\"text-align: center; line-height: 41.8px; font-size: 38px;\">Ma\u00dfgeschneidert f\u00fcr Gamer-Bed\u00fcrfnisse<\/div>\n<div class=\"ts-icon-title-text \" style=\"text-align: center; line-height: 33px; font-size: 20px;\">Erweiterte Freigabe f\u00fcr die neueste GPU, das Hochleistungsnetzteil und den erstklassigen CPU-K\u00fchler<\/div>\n<div class=\"vc_single_image-wrapper vc_box_border_grey\"><img loading=\"lazy\" decoding=\"async\" class=\"vc_single_image-img attachment-full\" src=\"https:\/\/gelidsolutions.com\/wp-content\/uploads\/2020\/04\/black-diamond-clearance.png\" sizes=\"auto, (max-width: 2000px) 100vw, 2000px\" srcset=\"https:\/\/gelidsolutions.com\/wp-content\/uploads\/2020\/04\/black-diamond-clearance.png 2000w, https:\/\/gelidsolutions.com\/wp-content\/uploads\/2020\/04\/black-diamond-clearance-300x205.png 300w, https:\/\/gelidsolutions.com\/wp-content\/uploads\/2020\/04\/black-diamond-clearance-768x525.png 768w, https:\/\/gelidsolutions.com\/wp-content\/uploads\/2020\/04\/black-diamond-clearance-1024x700.png 1024w, https:\/\/gelidsolutions.com\/wp-content\/uploads\/2020\/04\/black-diamond-clearance-1200x820.png 1200w, https:\/\/gelidsolutions.com\/wp-content\/uploads\/2020\/04\/black-diamond-clearance-700x478.png 700w\" alt=\"\" width=\"2000\" height=\"1367\" \/><\/div>\n<div class=\"ts-icon-title-text \" style=\"text-align: center; line-height: 41.8px; font-size: 38px;\">Vordere Bel\u00fcftungs\u00f6ffnungen<\/div>\n<div class=\"ts-icon-title-text \" style=\"text-align: center; line-height: 33px; font-size: 20px;\">Bel\u00fcftungs\u00f6ffnungen auf der Vorderseite f\u00fcr verbesserten Luftstrom<\/div>\n<div class=\"vc_single_image-wrapper vc_box_border_grey\"><img loading=\"lazy\" decoding=\"async\" class=\"vc_single_image-img attachment-full\" src=\"https:\/\/gelidsolutions.com\/wp-content\/uploads\/2020\/04\/black-diamond-airflow-rev.png\" sizes=\"auto, (max-width: 1600px) 100vw, 1600px\" srcset=\"https:\/\/gelidsolutions.com\/wp-content\/uploads\/2020\/04\/black-diamond-airflow-rev.png 1600w, https:\/\/gelidsolutions.com\/wp-content\/uploads\/2020\/04\/black-diamond-airflow-rev-300x263.png 300w, https:\/\/gelidsolutions.com\/wp-content\/uploads\/2020\/04\/black-diamond-airflow-rev-768x672.png 768w, https:\/\/gelidsolutions.com\/wp-content\/uploads\/2020\/04\/black-diamond-airflow-rev-1024x896.png 1024w, https:\/\/gelidsolutions.com\/wp-content\/uploads\/2020\/04\/black-diamond-airflow-rev-1200x1050.png 1200w, https:\/\/gelidsolutions.com\/wp-content\/uploads\/2020\/04\/black-diamond-airflow-rev-700x613.png 700w\" alt=\"\" width=\"1600\" height=\"1400\" \/><\/div>\n<div class=\"ts-icon-title-text \" style=\"text-align: center; line-height: 41.8px; font-size: 38px;\">Mehrere Speicheroptionen<\/div>\n<div class=\"ts-icon-title-text \" style=\"text-align: center; line-height: 33px; font-size: 20px;\">Interne Laufwerkssch\u00e4chte f\u00fcr 2 x 3,5-Zoll-HDD und 2 x 2,5-Zoll-SSD mit optimierter Platzierung<\/div>\n<div class=\"vc_single_image-wrapper vc_box_border_grey\"><img loading=\"lazy\" decoding=\"async\" class=\"vc_single_image-img attachment-full\" src=\"https:\/\/gelidsolutions.com\/wp-content\/uploads\/2020\/04\/black-diamond-side-hdd-rev.png\" sizes=\"auto, (max-width: 2250px) 100vw, 2250px\" srcset=\"https:\/\/gelidsolutions.com\/wp-content\/uploads\/2020\/04\/black-diamond-side-hdd-rev.png 2250w, https:\/\/gelidsolutions.com\/wp-content\/uploads\/2020\/04\/black-diamond-side-hdd-rev-300x213.png 300w, https:\/\/gelidsolutions.com\/wp-content\/uploads\/2020\/04\/black-diamond-side-hdd-rev-768x546.png 768w, https:\/\/gelidsolutions.com\/wp-content\/uploads\/2020\/04\/black-diamond-side-hdd-rev-1024x728.png 1024w, https:\/\/gelidsolutions.com\/wp-content\/uploads\/2020\/04\/black-diamond-side-hdd-rev-1200x853.png 1200w, https:\/\/gelidsolutions.com\/wp-content\/uploads\/2020\/04\/black-diamond-side-hdd-rev-700x498.png 700w\" alt=\"\" width=\"2250\" height=\"1600\" \/><\/div>\n<div class=\"ts-icon-title-text \" style=\"text-align: center; line-height: 41.8px; font-size: 38px;\">Alle Anschl\u00fcsse gleich um die Ecke<\/div>\n<div class=\"ts-icon-title-text \" style=\"text-align: center; line-height: 33px; font-size: 20px;\">Schneller Zugriff auf USB 3.0, HD Audio und Mikrofonausg\u00e4nge<\/div>\n<div class=\"vc_single_image-wrapper vc_box_border_grey\"><img loading=\"lazy\" decoding=\"async\" class=\"vc_single_image-img attachment-full\" src=\"https:\/\/gelidsolutions.com\/wp-content\/uploads\/2020\/04\/black-diamond-ports.png\" sizes=\"auto, (max-width: 1600px) 100vw, 1600px\" srcset=\"https:\/\/gelidsolutions.com\/wp-content\/uploads\/2020\/04\/black-diamond-ports.png 1600w, https:\/\/gelidsolutions.com\/wp-content\/uploads\/2020\/04\/black-diamond-ports-300x267.png 300w, https:\/\/gelidsolutions.com\/wp-content\/uploads\/2020\/04\/black-diamond-ports-768x684.png 768w, https:\/\/gelidsolutions.com\/wp-content\/uploads\/2020\/04\/black-diamond-ports-1024x913.png 1024w, https:\/\/gelidsolutions.com\/wp-content\/uploads\/2020\/04\/black-diamond-ports-1200x1070.png 1200w, https:\/\/gelidsolutions.com\/wp-content\/uploads\/2020\/04\/black-diamond-ports-700x624.png 700w\" alt=\"\" width=\"1600\" height=\"1426\" \/><\/div>\n","protected":false},"excerpt":{"rendered":"<ul>\n<li>Vorderer &amp; Oberer Wasserk\u00fchlungsk\u00fchlerhalter<\/li>\n<li>Geh\u00e4rtete Glasscheiben<\/li>\n<li>Frontblende mit direkter Bel\u00fcftung<\/li>\n<li>Erweiterte GPU, Netzteil &amp; Abstand des CPU-K\u00fchlers<\/li>\n<li>Nahtloses Kabelmanagement<\/li>\n<li>Bis zu 6 x 120-mm-\/140-mm-L\u00fcfter<\/li>\n<li>USB 3.0-Anschl\u00fcsse<\/li>\n<\/ul>\n","protected":false},"featured_media":104177,"comment_status":"closed","ping_status":"closed","template":"","meta":{"_acf_changed":false},"product_cat":[434],"product_tag":[435],"class_list":{"0":"post-115977","1":"product","2":"type-product","3":"status-publish","4":"has-post-thumbnail","6":"product_cat-gaming-pc-case-de","7":"product_tag-gaming-pc-case-de","9":"first","10":"outofstock","11":"taxable","12":"shipping-taxable","13":"purchasable","14":"product-type-simple"},"supplier_id":null,"supplier_sku":"MT-BD-01","barcode":"4897025782372","atum_controlled":true,"out_stock_date":"2022-06-29 10:06:03","out_stock_threshold":null,"inheritable":false,"inbound_stock":0,"stock_on_hold":0,"sold_today":0,"sales_last_days":0,"reserved_stock":0,"customer_returns":0,"warehouse_damage":0,"lost_in_post":0,"other_logs":0,"out_stock_days":1389,"lost_sales":0,"has_location":false,"update_date":"2026-04-19T00:11:56","atum_locations":[],"atum_stock_status":"outofstock","restock_status":false,"low_stock_amount":"","sales_update_date":"2026-04-19T00:11:56","calc_backorders":null,"acf":[],"yoast_head":"<!-- This site is optimized with the Yoast SEO plugin v27.4 - https:\/\/yoast.com\/product\/yoast-seo-wordpress\/ -->\n<title>BLACK DIAMOND - Gelid Solutions<\/title>\n<meta name=\"robots\" content=\"index, follow, max-snippet:-1, max-image-preview:large, max-video-preview:-1\" \/>\n<link rel=\"canonical\" href=\"https:\/\/gelidsolutions.com\/de\/produkt\/black-diamond-mt-bd-01\/\" \/>\n<meta property=\"og:locale\" content=\"de_DE\" \/>\n<meta property=\"og:type\" content=\"article\" \/>\n<meta property=\"og:title\" content=\"BLACK DIAMOND - Gelid Solutions\" \/>\n<meta property=\"og:description\" content=\"Vorderer &amp; Oberer Wasserk\u00fchlungsk\u00fchlerhalter  Geh\u00e4rtete Glasscheiben  Frontblende mit direkter Bel\u00fcftung  Erweiterte GPU, Netzteil &amp; Abstand des CPU-K\u00fchlers  Nahtloses Kabelmanagement  Bis zu 6 x 120-mm-\/140-mm-L\u00fcfter  USB 3.0-Anschl\u00fcsse\" \/>\n<meta property=\"og:url\" content=\"https:\/\/gelidsolutions.com\/de\/produkt\/black-diamond-mt-bd-01\/\" \/>\n<meta property=\"og:site_name\" content=\"Gelid Solutions\" \/>\n<meta property=\"article:modified_time\" content=\"2023-03-24T09:14:33+00:00\" \/>\n<meta property=\"og:image\" content=\"https:\/\/gelidsolutions.com\/wp-content\/uploads\/2022\/03\/black-diamond-assembly-1012x1024.png\" \/>\n\t<meta property=\"og:image:width\" content=\"1012\" \/>\n\t<meta property=\"og:image:height\" content=\"1024\" \/>\n\t<meta property=\"og:image:type\" content=\"image\/png\" \/>\n<meta name=\"twitter:card\" content=\"summary_large_image\" \/>\n<meta name=\"twitter:label1\" content=\"Gesch\u00e4tzte Lesezeit\" \/>\n\t<meta name=\"twitter:data1\" content=\"2\u00a0Minuten\" \/>\n<script type=\"application\/ld+json\" class=\"yoast-schema-graph\">{\"@context\":\"https:\\\/\\\/schema.org\",\"@graph\":[{\"@type\":\"WebPage\",\"@id\":\"https:\\\/\\\/gelidsolutions.com\\\/de\\\/produkt\\\/black-diamond-mt-bd-01\\\/\",\"url\":\"https:\\\/\\\/gelidsolutions.com\\\/de\\\/produkt\\\/black-diamond-mt-bd-01\\\/\",\"name\":\"BLACK DIAMOND - Gelid Solutions\",\"isPartOf\":{\"@id\":\"https:\\\/\\\/gelidsolutions.com\\\/de\\\/#website\"},\"primaryImageOfPage\":{\"@id\":\"https:\\\/\\\/gelidsolutions.com\\\/de\\\/produkt\\\/black-diamond-mt-bd-01\\\/#primaryimage\"},\"image\":{\"@id\":\"https:\\\/\\\/gelidsolutions.com\\\/de\\\/produkt\\\/black-diamond-mt-bd-01\\\/#primaryimage\"},\"thumbnailUrl\":\"https:\\\/\\\/gelidsolutions.com\\\/wp-content\\\/uploads\\\/2022\\\/03\\\/black-diamond-assembly.png\",\"datePublished\":\"2022-06-07T07:36:45+00:00\",\"dateModified\":\"2023-03-24T09:14:33+00:00\",\"breadcrumb\":{\"@id\":\"https:\\\/\\\/gelidsolutions.com\\\/de\\\/produkt\\\/black-diamond-mt-bd-01\\\/#breadcrumb\"},\"inLanguage\":\"de\",\"potentialAction\":[{\"@type\":\"ReadAction\",\"target\":[\"https:\\\/\\\/gelidsolutions.com\\\/de\\\/produkt\\\/black-diamond-mt-bd-01\\\/\"]}]},{\"@type\":\"ImageObject\",\"inLanguage\":\"de\",\"@id\":\"https:\\\/\\\/gelidsolutions.com\\\/de\\\/produkt\\\/black-diamond-mt-bd-01\\\/#primaryimage\",\"url\":\"https:\\\/\\\/gelidsolutions.com\\\/wp-content\\\/uploads\\\/2022\\\/03\\\/black-diamond-assembly.png\",\"contentUrl\":\"https:\\\/\\\/gelidsolutions.com\\\/wp-content\\\/uploads\\\/2022\\\/03\\\/black-diamond-assembly.png\",\"width\":3086,\"height\":3124},{\"@type\":\"BreadcrumbList\",\"@id\":\"https:\\\/\\\/gelidsolutions.com\\\/de\\\/produkt\\\/black-diamond-mt-bd-01\\\/#breadcrumb\",\"itemListElement\":[{\"@type\":\"ListItem\",\"position\":1,\"name\":\"Home\",\"item\":\"https:\\\/\\\/gelidsolutions.com\\\/de\\\/\"},{\"@type\":\"ListItem\",\"position\":2,\"name\":\"Shop\",\"item\":\"https:\\\/\\\/gelidsolutions.com\\\/shop\\\/\"},{\"@type\":\"ListItem\",\"position\":3,\"name\":\"BLACK DIAMOND\"}]},{\"@type\":\"WebSite\",\"@id\":\"https:\\\/\\\/gelidsolutions.com\\\/de\\\/#website\",\"url\":\"https:\\\/\\\/gelidsolutions.com\\\/de\\\/\",\"name\":\"Gelid Solutions\",\"description\":\"\",\"publisher\":{\"@id\":\"https:\\\/\\\/gelidsolutions.com\\\/de\\\/#organization\"},\"potentialAction\":[{\"@type\":\"SearchAction\",\"target\":{\"@type\":\"EntryPoint\",\"urlTemplate\":\"https:\\\/\\\/gelidsolutions.com\\\/de\\\/?s={search_term_string}\"},\"query-input\":{\"@type\":\"PropertyValueSpecification\",\"valueRequired\":true,\"valueName\":\"search_term_string\"}}],\"inLanguage\":\"de\"},{\"@type\":\"Organization\",\"@id\":\"https:\\\/\\\/gelidsolutions.com\\\/de\\\/#organization\",\"name\":\"Gelid Solutions\",\"url\":\"https:\\\/\\\/gelidsolutions.com\\\/de\\\/\",\"logo\":{\"@type\":\"ImageObject\",\"inLanguage\":\"de\",\"@id\":\"https:\\\/\\\/gelidsolutions.com\\\/de\\\/#\\\/schema\\\/logo\\\/image\\\/\",\"url\":\"https:\\\/\\\/gelidsolutions.com\\\/wp-content\\\/uploads\\\/2022\\\/06\\\/logo_white_104_104.gif\",\"contentUrl\":\"https:\\\/\\\/gelidsolutions.com\\\/wp-content\\\/uploads\\\/2022\\\/06\\\/logo_white_104_104.gif\",\"width\":104,\"height\":104,\"caption\":\"Gelid Solutions\"},\"image\":{\"@id\":\"https:\\\/\\\/gelidsolutions.com\\\/de\\\/#\\\/schema\\\/logo\\\/image\\\/\"}}]}<\/script>\n<!-- \/ Yoast SEO plugin. -->","yoast_head_json":{"title":"BLACK DIAMOND - Gelid Solutions","robots":{"index":"index","follow":"follow","max-snippet":"max-snippet:-1","max-image-preview":"max-image-preview:large","max-video-preview":"max-video-preview:-1"},"canonical":"https:\/\/gelidsolutions.com\/de\/produkt\/black-diamond-mt-bd-01\/","og_locale":"de_DE","og_type":"article","og_title":"BLACK DIAMOND - Gelid Solutions","og_description":"Vorderer &amp; Oberer Wasserk\u00fchlungsk\u00fchlerhalter  Geh\u00e4rtete Glasscheiben  Frontblende mit direkter Bel\u00fcftung  Erweiterte GPU, Netzteil &amp; Abstand des CPU-K\u00fchlers  Nahtloses Kabelmanagement  Bis zu 6 x 120-mm-\/140-mm-L\u00fcfter  USB 3.0-Anschl\u00fcsse","og_url":"https:\/\/gelidsolutions.com\/de\/produkt\/black-diamond-mt-bd-01\/","og_site_name":"Gelid Solutions","article_modified_time":"2023-03-24T09:14:33+00:00","og_image":[{"width":1012,"height":1024,"url":"https:\/\/gelidsolutions.com\/wp-content\/uploads\/2022\/03\/black-diamond-assembly-1012x1024.png","type":"image\/png"}],"twitter_card":"summary_large_image","twitter_misc":{"Gesch\u00e4tzte Lesezeit":"2\u00a0Minuten"},"schema":{"@context":"https:\/\/schema.org","@graph":[{"@type":"WebPage","@id":"https:\/\/gelidsolutions.com\/de\/produkt\/black-diamond-mt-bd-01\/","url":"https:\/\/gelidsolutions.com\/de\/produkt\/black-diamond-mt-bd-01\/","name":"BLACK DIAMOND - Gelid Solutions","isPartOf":{"@id":"https:\/\/gelidsolutions.com\/de\/#website"},"primaryImageOfPage":{"@id":"https:\/\/gelidsolutions.com\/de\/produkt\/black-diamond-mt-bd-01\/#primaryimage"},"image":{"@id":"https:\/\/gelidsolutions.com\/de\/produkt\/black-diamond-mt-bd-01\/#primaryimage"},"thumbnailUrl":"https:\/\/gelidsolutions.com\/wp-content\/uploads\/2022\/03\/black-diamond-assembly.png","datePublished":"2022-06-07T07:36:45+00:00","dateModified":"2023-03-24T09:14:33+00:00","breadcrumb":{"@id":"https:\/\/gelidsolutions.com\/de\/produkt\/black-diamond-mt-bd-01\/#breadcrumb"},"inLanguage":"de","potentialAction":[{"@type":"ReadAction","target":["https:\/\/gelidsolutions.com\/de\/produkt\/black-diamond-mt-bd-01\/"]}]},{"@type":"ImageObject","inLanguage":"de","@id":"https:\/\/gelidsolutions.com\/de\/produkt\/black-diamond-mt-bd-01\/#primaryimage","url":"https:\/\/gelidsolutions.com\/wp-content\/uploads\/2022\/03\/black-diamond-assembly.png","contentUrl":"https:\/\/gelidsolutions.com\/wp-content\/uploads\/2022\/03\/black-diamond-assembly.png","width":3086,"height":3124},{"@type":"BreadcrumbList","@id":"https:\/\/gelidsolutions.com\/de\/produkt\/black-diamond-mt-bd-01\/#breadcrumb","itemListElement":[{"@type":"ListItem","position":1,"name":"Home","item":"https:\/\/gelidsolutions.com\/de\/"},{"@type":"ListItem","position":2,"name":"Shop","item":"https:\/\/gelidsolutions.com\/shop\/"},{"@type":"ListItem","position":3,"name":"BLACK DIAMOND"}]},{"@type":"WebSite","@id":"https:\/\/gelidsolutions.com\/de\/#website","url":"https:\/\/gelidsolutions.com\/de\/","name":"Gelid Solutions","description":"","publisher":{"@id":"https:\/\/gelidsolutions.com\/de\/#organization"},"potentialAction":[{"@type":"SearchAction","target":{"@type":"EntryPoint","urlTemplate":"https:\/\/gelidsolutions.com\/de\/?s={search_term_string}"},"query-input":{"@type":"PropertyValueSpecification","valueRequired":true,"valueName":"search_term_string"}}],"inLanguage":"de"},{"@type":"Organization","@id":"https:\/\/gelidsolutions.com\/de\/#organization","name":"Gelid Solutions","url":"https:\/\/gelidsolutions.com\/de\/","logo":{"@type":"ImageObject","inLanguage":"de","@id":"https:\/\/gelidsolutions.com\/de\/#\/schema\/logo\/image\/","url":"https:\/\/gelidsolutions.com\/wp-content\/uploads\/2022\/06\/logo_white_104_104.gif","contentUrl":"https:\/\/gelidsolutions.com\/wp-content\/uploads\/2022\/06\/logo_white_104_104.gif","width":104,"height":104,"caption":"Gelid Solutions"},"image":{"@id":"https:\/\/gelidsolutions.com\/de\/#\/schema\/logo\/image\/"}}]}},"_links":{"self":[{"href":"https:\/\/gelidsolutions.com\/de\/wp-json\/wp\/v2\/product\/115977","targetHints":{"allow":["GET"]}}],"collection":[{"href":"https:\/\/gelidsolutions.com\/de\/wp-json\/wp\/v2\/product"}],"about":[{"href":"https:\/\/gelidsolutions.com\/de\/wp-json\/wp\/v2\/types\/product"}],"replies":[{"embeddable":true,"href":"https:\/\/gelidsolutions.com\/de\/wp-json\/wp\/v2\/comments?post=115977"}],"wp:featuredmedia":[{"embeddable":true,"href":"https:\/\/gelidsolutions.com\/de\/wp-json\/wp\/v2\/media\/104177"}],"wp:attachment":[{"href":"https:\/\/gelidsolutions.com\/de\/wp-json\/wp\/v2\/media?parent=115977"}],"wp:term":[{"taxonomy":"product_cat","embeddable":true,"href":"https:\/\/gelidsolutions.com\/de\/wp-json\/wp\/v2\/product_cat?post=115977"},{"taxonomy":"product_tag","embeddable":true,"href":"https:\/\/gelidsolutions.com\/de\/wp-json\/wp\/v2\/product_tag?post=115977"}],"curies":[{"name":"wp","href":"https:\/\/api.w.org\/{rel}","templated":true}]}}