{"id":119074,"date":"2022-09-19T08:04:07","date_gmt":"2022-09-19T00:04:07","guid":{"rendered":"https:\/\/gelidsolutions.com\/product\/am4-cpu-schutzhalterung-buendel\/"},"modified":"2024-01-16T15:13:05","modified_gmt":"2024-01-16T07:13:05","slug":"am4-cpu-schutz-halterung-bundle","status":"publish","type":"product","link":"https:\/\/gelidsolutions.com\/de\/produkt\/am4-cpu-schutz-halterung-bundle\/","title":{"rendered":"AM4 CPU-SCHUTZHALTERUNG B\u00dcNDEL"},"content":{"rendered":"<div class=\"wpb-content-wrapper\"><section class=\"vc_row wpb_row vc_row-fluid\"><div class=\"wpb_column vc_column_container col-xs-mobile-fullwidth vc_col-sm-12\"><div class=\"vc_column-inner\"><div class=\"wpb_wrapper\"><div class=\"text-block-content hongo-text-block-1 last-paragraph-no-margin\"><p><i><b>AM4 CPU-Schutzb\u00fcgel-Bundle (TC-GC-PT-AM4)<br \/>\n<\/b><\/i><\/p>\n<p><strong>Halten Sie Ihre CPU sicher und stabil!<\/strong><\/p>\n<p>Die Schutzhalterung bietet Ihrer CPU einen zus\u00e4tzlichen Schutz und sorgt f\u00fcr eine problemlose CPU-Installation\/-Deinstallation<span data-sanitized-data-mce-fragment=\"1\">mit Ihrem CPU-K\u00fchler.<\/span><\/p>\n<p><span data-sanitized-data-mce-fragment=\"1\">Es sichert die CPU im AM4-Sockel fest, verhindert ein Verbiegen oder ungleichm\u00e4\u00dfigen Druck, belastet, w\u00e4hrend Sie einen CPU-K\u00fchlk\u00f6rper montieren. Es sch\u00fctzt insbesondere die CPU vor versehentlichem Herausziehen aus dem Sockel, w\u00e4hrend Sie Ihren CPU-K\u00fchlk\u00f6rper entfernen oder ersetzen.<\/span><\/p>\n<div style=\"width: 576px;\" class=\"wp-video\"><video class=\"wp-video-shortcode\" id=\"video-119074-1\" width=\"576\" height=\"324\" preload=\"none\" controls=\"controls\"><source type=\"video\/mp4\" src=\"https:\/\/gelidsolutions.com\/wp-content\/uploads\/2021\/02\/CPU-Bracket.mp4?_=1\" \/><a href=\"https:\/\/gelidsolutions.com\/wp-content\/uploads\/2021\/02\/CPU-Bracket.mp4\">https:\/\/gelidsolutions.com\/wp-content\/uploads\/2021\/02\/CPU-Bracket.mp4<\/a><\/video><\/div>\n<p>Enthalten: 1x AM4 CPU Schutz, 1x GC-Extreme W\u00e4rmeleitpaste 1g <br data-mce-fragment=\"1\" \/><strong>Kompatibel nur mit GELID Phantom, Phantom Black und Sirocco CPU-K\u00fchlern<\/strong><\/p>\n<\/div><\/div><\/div><\/div><\/section>\n<\/div>","protected":false},"excerpt":{"rendered":"<ul>\n<li>CPU-Pull-Out-Verhinderung<\/li>\n<li>Kompatibel mit dem GELID AM4-Montagesatz<\/li>\n<li>Nahtlose und einfache Installation<\/li>\n<li>Schutz der Steckdosenintegrit\u00e4t<\/li>\n<li>Stark und langlebig<\/li>\n<li>RoHS-konform<\/li>\n<li>Ultrad\u00fcnne Dicke<\/li>\n<\/ul>\n","protected":false},"featured_media":118302,"comment_status":"open","ping_status":"closed","template":"","meta":{"_acf_changed":false},"product_cat":[506],"product_tag":[],"class_list":{"0":"post-119074","1":"product","2":"type-product","3":"status-publish","4":"has-post-thumbnail","6":"product_cat-zubehor","8":"first","9":"instock","10":"sale","11":"taxable","12":"shipping-taxable","13":"purchasable","14":"product-type-simple"},"supplier_id":null,"supplier_sku":"","barcode":"4897025782983","atum_controlled":true,"out_stock_date":null,"out_stock_threshold":null,"inheritable":false,"inbound_stock":0,"stock_on_hold":0,"sold_today":0,"sales_last_days":0,"reserved_stock":0,"customer_returns":0,"warehouse_damage":0,"lost_in_post":0,"other_logs":0,"out_stock_days":0,"lost_sales":0,"has_location":false,"update_date":"2026-04-04T00:03:56","atum_locations":[],"atum_stock_status":"instock","restock_status":false,"low_stock_amount":"","sales_update_date":"2026-04-04T00:03:56","calc_backorders":null,"acf":[],"yoast_head":"<!-- This site is optimized with the Yoast SEO plugin v27.3 - https:\/\/yoast.com\/product\/yoast-seo-wordpress\/ -->\n<title>AM4 CPU-SCHUTZHALTERUNG B\u00dcNDEL - Gelid Solutions<\/title>\n<meta name=\"robots\" content=\"index, follow, max-snippet:-1, max-image-preview:large, max-video-preview:-1\" \/>\n<link rel=\"canonical\" href=\"https:\/\/gelidsolutions.com\/de\/produkt\/am4-cpu-schutz-halterung-bundle\/\" \/>\n<meta property=\"og:locale\" content=\"de_DE\" \/>\n<meta property=\"og:type\" content=\"article\" \/>\n<meta property=\"og:title\" content=\"AM4 CPU-SCHUTZHALTERUNG B\u00dcNDEL - Gelid Solutions\" \/>\n<meta property=\"og:description\" content=\"CPU-Pull-Out-Verhinderung  Kompatibel mit dem GELID AM4-Montagesatz  Nahtlose und einfache Installation  Schutz der Steckdosenintegrit\u00e4t  Stark und langlebig  RoHS-konform  Ultrad\u00fcnne Dicke\" \/>\n<meta property=\"og:url\" content=\"https:\/\/gelidsolutions.com\/de\/produkt\/am4-cpu-schutz-halterung-bundle\/\" \/>\n<meta property=\"og:site_name\" content=\"Gelid Solutions\" \/>\n<meta property=\"article:modified_time\" content=\"2024-01-16T07:13:05+00:00\" \/>\n<meta property=\"og:image\" content=\"https:\/\/gelidsolutions.com\/wp-content\/uploads\/2022\/09\/GCwithAM4c-scaled.jpg\" \/>\n\t<meta property=\"og:image:width\" content=\"2560\" \/>\n\t<meta property=\"og:image:height\" content=\"2048\" \/>\n\t<meta property=\"og:image:type\" content=\"image\/jpeg\" \/>\n<meta name=\"twitter:card\" content=\"summary_large_image\" \/>\n<meta name=\"twitter:label1\" content=\"Gesch\u00e4tzte Lesezeit\" \/>\n\t<meta name=\"twitter:data1\" content=\"1\u00a0Minute\" \/>\n<script type=\"application\/ld+json\" class=\"yoast-schema-graph\">{\"@context\":\"https:\\\/\\\/schema.org\",\"@graph\":[{\"@type\":\"WebPage\",\"@id\":\"https:\\\/\\\/gelidsolutions.com\\\/de\\\/produkt\\\/am4-cpu-schutz-halterung-bundle\\\/\",\"url\":\"https:\\\/\\\/gelidsolutions.com\\\/de\\\/produkt\\\/am4-cpu-schutz-halterung-bundle\\\/\",\"name\":\"AM4 CPU-SCHUTZHALTERUNG B\u00dcNDEL - Gelid Solutions\",\"isPartOf\":{\"@id\":\"https:\\\/\\\/gelidsolutions.com\\\/de\\\/#website\"},\"primaryImageOfPage\":{\"@id\":\"https:\\\/\\\/gelidsolutions.com\\\/de\\\/produkt\\\/am4-cpu-schutz-halterung-bundle\\\/#primaryimage\"},\"image\":{\"@id\":\"https:\\\/\\\/gelidsolutions.com\\\/de\\\/produkt\\\/am4-cpu-schutz-halterung-bundle\\\/#primaryimage\"},\"thumbnailUrl\":\"https:\\\/\\\/gelidsolutions.com\\\/wp-content\\\/uploads\\\/2022\\\/09\\\/GCwithAM4c-scaled.jpg\",\"datePublished\":\"2022-09-19T00:04:07+00:00\",\"dateModified\":\"2024-01-16T07:13:05+00:00\",\"breadcrumb\":{\"@id\":\"https:\\\/\\\/gelidsolutions.com\\\/de\\\/produkt\\\/am4-cpu-schutz-halterung-bundle\\\/#breadcrumb\"},\"inLanguage\":\"de\",\"potentialAction\":[{\"@type\":\"ReadAction\",\"target\":[\"https:\\\/\\\/gelidsolutions.com\\\/de\\\/produkt\\\/am4-cpu-schutz-halterung-bundle\\\/\"]}]},{\"@type\":\"ImageObject\",\"inLanguage\":\"de\",\"@id\":\"https:\\\/\\\/gelidsolutions.com\\\/de\\\/produkt\\\/am4-cpu-schutz-halterung-bundle\\\/#primaryimage\",\"url\":\"https:\\\/\\\/gelidsolutions.com\\\/wp-content\\\/uploads\\\/2022\\\/09\\\/GCwithAM4c-scaled.jpg\",\"contentUrl\":\"https:\\\/\\\/gelidsolutions.com\\\/wp-content\\\/uploads\\\/2022\\\/09\\\/GCwithAM4c-scaled.jpg\",\"width\":2560,\"height\":2048,\"caption\":\"AM4 CPU BRACKET BUNDLE\"},{\"@type\":\"BreadcrumbList\",\"@id\":\"https:\\\/\\\/gelidsolutions.com\\\/de\\\/produkt\\\/am4-cpu-schutz-halterung-bundle\\\/#breadcrumb\",\"itemListElement\":[{\"@type\":\"ListItem\",\"position\":1,\"name\":\"Home\",\"item\":\"https:\\\/\\\/gelidsolutions.com\\\/de\\\/\"},{\"@type\":\"ListItem\",\"position\":2,\"name\":\"Shop\",\"item\":\"https:\\\/\\\/gelidsolutions.com\\\/shop\\\/\"},{\"@type\":\"ListItem\",\"position\":3,\"name\":\"AM4 CPU-SCHUTZHALTERUNG B\u00dcNDEL\"}]},{\"@type\":\"WebSite\",\"@id\":\"https:\\\/\\\/gelidsolutions.com\\\/de\\\/#website\",\"url\":\"https:\\\/\\\/gelidsolutions.com\\\/de\\\/\",\"name\":\"Gelid Solutions\",\"description\":\"\",\"publisher\":{\"@id\":\"https:\\\/\\\/gelidsolutions.com\\\/de\\\/#organization\"},\"potentialAction\":[{\"@type\":\"SearchAction\",\"target\":{\"@type\":\"EntryPoint\",\"urlTemplate\":\"https:\\\/\\\/gelidsolutions.com\\\/de\\\/?s={search_term_string}\"},\"query-input\":{\"@type\":\"PropertyValueSpecification\",\"valueRequired\":true,\"valueName\":\"search_term_string\"}}],\"inLanguage\":\"de\"},{\"@type\":\"Organization\",\"@id\":\"https:\\\/\\\/gelidsolutions.com\\\/de\\\/#organization\",\"name\":\"Gelid Solutions\",\"url\":\"https:\\\/\\\/gelidsolutions.com\\\/de\\\/\",\"logo\":{\"@type\":\"ImageObject\",\"inLanguage\":\"de\",\"@id\":\"https:\\\/\\\/gelidsolutions.com\\\/de\\\/#\\\/schema\\\/logo\\\/image\\\/\",\"url\":\"https:\\\/\\\/gelidsolutions.com\\\/wp-content\\\/uploads\\\/2022\\\/06\\\/logo_white_104_104.gif\",\"contentUrl\":\"https:\\\/\\\/gelidsolutions.com\\\/wp-content\\\/uploads\\\/2022\\\/06\\\/logo_white_104_104.gif\",\"width\":104,\"height\":104,\"caption\":\"Gelid Solutions\"},\"image\":{\"@id\":\"https:\\\/\\\/gelidsolutions.com\\\/de\\\/#\\\/schema\\\/logo\\\/image\\\/\"}}]}<\/script>\n<!-- \/ Yoast SEO plugin. -->","yoast_head_json":{"title":"AM4 CPU-SCHUTZHALTERUNG B\u00dcNDEL - Gelid Solutions","robots":{"index":"index","follow":"follow","max-snippet":"max-snippet:-1","max-image-preview":"max-image-preview:large","max-video-preview":"max-video-preview:-1"},"canonical":"https:\/\/gelidsolutions.com\/de\/produkt\/am4-cpu-schutz-halterung-bundle\/","og_locale":"de_DE","og_type":"article","og_title":"AM4 CPU-SCHUTZHALTERUNG B\u00dcNDEL - Gelid Solutions","og_description":"CPU-Pull-Out-Verhinderung  Kompatibel mit dem GELID AM4-Montagesatz  Nahtlose und einfache Installation  Schutz der Steckdosenintegrit\u00e4t  Stark und langlebig  RoHS-konform  Ultrad\u00fcnne Dicke","og_url":"https:\/\/gelidsolutions.com\/de\/produkt\/am4-cpu-schutz-halterung-bundle\/","og_site_name":"Gelid Solutions","article_modified_time":"2024-01-16T07:13:05+00:00","og_image":[{"width":2560,"height":2048,"url":"https:\/\/gelidsolutions.com\/wp-content\/uploads\/2022\/09\/GCwithAM4c-scaled.jpg","type":"image\/jpeg"}],"twitter_card":"summary_large_image","twitter_misc":{"Gesch\u00e4tzte Lesezeit":"1\u00a0Minute"},"schema":{"@context":"https:\/\/schema.org","@graph":[{"@type":"WebPage","@id":"https:\/\/gelidsolutions.com\/de\/produkt\/am4-cpu-schutz-halterung-bundle\/","url":"https:\/\/gelidsolutions.com\/de\/produkt\/am4-cpu-schutz-halterung-bundle\/","name":"AM4 CPU-SCHUTZHALTERUNG B\u00dcNDEL - Gelid Solutions","isPartOf":{"@id":"https:\/\/gelidsolutions.com\/de\/#website"},"primaryImageOfPage":{"@id":"https:\/\/gelidsolutions.com\/de\/produkt\/am4-cpu-schutz-halterung-bundle\/#primaryimage"},"image":{"@id":"https:\/\/gelidsolutions.com\/de\/produkt\/am4-cpu-schutz-halterung-bundle\/#primaryimage"},"thumbnailUrl":"https:\/\/gelidsolutions.com\/wp-content\/uploads\/2022\/09\/GCwithAM4c-scaled.jpg","datePublished":"2022-09-19T00:04:07+00:00","dateModified":"2024-01-16T07:13:05+00:00","breadcrumb":{"@id":"https:\/\/gelidsolutions.com\/de\/produkt\/am4-cpu-schutz-halterung-bundle\/#breadcrumb"},"inLanguage":"de","potentialAction":[{"@type":"ReadAction","target":["https:\/\/gelidsolutions.com\/de\/produkt\/am4-cpu-schutz-halterung-bundle\/"]}]},{"@type":"ImageObject","inLanguage":"de","@id":"https:\/\/gelidsolutions.com\/de\/produkt\/am4-cpu-schutz-halterung-bundle\/#primaryimage","url":"https:\/\/gelidsolutions.com\/wp-content\/uploads\/2022\/09\/GCwithAM4c-scaled.jpg","contentUrl":"https:\/\/gelidsolutions.com\/wp-content\/uploads\/2022\/09\/GCwithAM4c-scaled.jpg","width":2560,"height":2048,"caption":"AM4 CPU BRACKET BUNDLE"},{"@type":"BreadcrumbList","@id":"https:\/\/gelidsolutions.com\/de\/produkt\/am4-cpu-schutz-halterung-bundle\/#breadcrumb","itemListElement":[{"@type":"ListItem","position":1,"name":"Home","item":"https:\/\/gelidsolutions.com\/de\/"},{"@type":"ListItem","position":2,"name":"Shop","item":"https:\/\/gelidsolutions.com\/shop\/"},{"@type":"ListItem","position":3,"name":"AM4 CPU-SCHUTZHALTERUNG B\u00dcNDEL"}]},{"@type":"WebSite","@id":"https:\/\/gelidsolutions.com\/de\/#website","url":"https:\/\/gelidsolutions.com\/de\/","name":"Gelid Solutions","description":"","publisher":{"@id":"https:\/\/gelidsolutions.com\/de\/#organization"},"potentialAction":[{"@type":"SearchAction","target":{"@type":"EntryPoint","urlTemplate":"https:\/\/gelidsolutions.com\/de\/?s={search_term_string}"},"query-input":{"@type":"PropertyValueSpecification","valueRequired":true,"valueName":"search_term_string"}}],"inLanguage":"de"},{"@type":"Organization","@id":"https:\/\/gelidsolutions.com\/de\/#organization","name":"Gelid Solutions","url":"https:\/\/gelidsolutions.com\/de\/","logo":{"@type":"ImageObject","inLanguage":"de","@id":"https:\/\/gelidsolutions.com\/de\/#\/schema\/logo\/image\/","url":"https:\/\/gelidsolutions.com\/wp-content\/uploads\/2022\/06\/logo_white_104_104.gif","contentUrl":"https:\/\/gelidsolutions.com\/wp-content\/uploads\/2022\/06\/logo_white_104_104.gif","width":104,"height":104,"caption":"Gelid Solutions"},"image":{"@id":"https:\/\/gelidsolutions.com\/de\/#\/schema\/logo\/image\/"}}]}},"_links":{"self":[{"href":"https:\/\/gelidsolutions.com\/de\/wp-json\/wp\/v2\/product\/119074","targetHints":{"allow":["GET"]}}],"collection":[{"href":"https:\/\/gelidsolutions.com\/de\/wp-json\/wp\/v2\/product"}],"about":[{"href":"https:\/\/gelidsolutions.com\/de\/wp-json\/wp\/v2\/types\/product"}],"replies":[{"embeddable":true,"href":"https:\/\/gelidsolutions.com\/de\/wp-json\/wp\/v2\/comments?post=119074"}],"wp:featuredmedia":[{"embeddable":true,"href":"https:\/\/gelidsolutions.com\/de\/wp-json\/wp\/v2\/media\/118302"}],"wp:attachment":[{"href":"https:\/\/gelidsolutions.com\/de\/wp-json\/wp\/v2\/media?parent=119074"}],"wp:term":[{"taxonomy":"product_cat","embeddable":true,"href":"https:\/\/gelidsolutions.com\/de\/wp-json\/wp\/v2\/product_cat?post=119074"},{"taxonomy":"product_tag","embeddable":true,"href":"https:\/\/gelidsolutions.com\/de\/wp-json\/wp\/v2\/product_tag?post=119074"}],"curies":[{"name":"wp","href":"https:\/\/api.w.org\/{rel}","templated":true}]}}