{"id":119624,"date":"2022-06-16T08:02:00","date_gmt":"2022-06-16T00:02:00","guid":{"rendered":"https:\/\/gelidsolutions.com\/product\/rev-5-tranquillo\/"},"modified":"2023-08-22T17:11:02","modified_gmt":"2023-08-22T09:11:02","slug":"rev-5-tranq","status":"publish","type":"product","link":"https:\/\/gelidsolutions.com\/de\/produkt\/rev-5-tranq\/","title":{"rendered":"REV. 5 TRANQUILLO"},"content":{"rendered":"<div class=\"wpb-content-wrapper\"><section class=\"vc_row wpb_row vc_row-fluid\"><div class=\"wpb_column vc_column_container col-xs-mobile-fullwidth vc_col-sm-12\"><div class=\"vc_column-inner\"><div class=\"wpb_wrapper\"><div class=\"text-block-content hongo-text-block-1 last-paragraph-no-margin\"><p><em><strong><a href=\"https:\/\/gelidsolutions.com\/wp-content\/uploads\/2022\/06\/REV.-5-TRANQUILLO_A-Content_MOCKUP-DE.png\"><img loading=\"lazy\" decoding=\"async\" class=\"alignnone size-full wp-image-129010\" src=\"https:\/\/gelidsolutions.com\/wp-content\/uploads\/2022\/06\/REV.-5-TRANQUILLO_A-Content_MOCKUP-DE.png\" alt=\"\" width=\"2037\" height=\"4477\" srcset=\"https:\/\/gelidsolutions.com\/wp-content\/uploads\/2022\/06\/REV.-5-TRANQUILLO_A-Content_MOCKUP-DE.png 2037w, https:\/\/gelidsolutions.com\/wp-content\/uploads\/2022\/06\/REV.-5-TRANQUILLO_A-Content_MOCKUP-DE-136x300.png 136w, https:\/\/gelidsolutions.com\/wp-content\/uploads\/2022\/06\/REV.-5-TRANQUILLO_A-Content_MOCKUP-DE-466x1024.png 466w, https:\/\/gelidsolutions.com\/wp-content\/uploads\/2022\/06\/REV.-5-TRANQUILLO_A-Content_MOCKUP-DE-768x1688.png 768w, https:\/\/gelidsolutions.com\/wp-content\/uploads\/2022\/06\/REV.-5-TRANQUILLO_A-Content_MOCKUP-DE-699x1536.png 699w, https:\/\/gelidsolutions.com\/wp-content\/uploads\/2022\/06\/REV.-5-TRANQUILLO_A-Content_MOCKUP-DE-932x2048.png 932w, https:\/\/gelidsolutions.com\/wp-content\/uploads\/2022\/06\/REV.-5-TRANQUILLO_A-Content_MOCKUP-DE-84x185.png 84w, https:\/\/gelidsolutions.com\/wp-content\/uploads\/2022\/06\/REV.-5-TRANQUILLO_A-Content_MOCKUP-DE-200x440.png 200w, https:\/\/gelidsolutions.com\/wp-content\/uploads\/2022\/06\/REV.-5-TRANQUILLO_A-Content_MOCKUP-DE-450x989.png 450w, https:\/\/gelidsolutions.com\/wp-content\/uploads\/2022\/06\/REV.-5-TRANQUILLO_A-Content_MOCKUP-DE-359x790.png 359w, https:\/\/gelidsolutions.com\/wp-content\/uploads\/2022\/06\/REV.-5-TRANQUILLO_A-Content_MOCKUP-DE-360x791.png 360w, https:\/\/gelidsolutions.com\/wp-content\/uploads\/2022\/06\/REV.-5-TRANQUILLO_A-Content_MOCKUP-DE-800x1758.png 800w, https:\/\/gelidsolutions.com\/wp-content\/uploads\/2022\/06\/REV.-5-TRANQUILLO_A-Content_MOCKUP-DE-41x90.png 41w\" sizes=\"auto, (max-width: 2037px) 100vw, 2037px\" \/><\/a>Rev. 5 Tranquillo (CC-TranQ-05-A)<\/strong><\/em><br \/>\nLeiser CPU-K\u00fchler<\/p>\n<p>&nbsp;<\/p>\n<p><em><strong>Anwendungen:<\/strong><\/em><\/p>\n<p>CPU-Sockel: AM5, AM4, AM3+, AM3, AM2+, AM2,<br \/>\nLGA1700, LGA2066, LGA2011-v3, LGA2011, LGA1200, LGA1366, LGA1156, LGA1155, LGA1151, LGA1150, LGA775,<br \/>\nFM2+, FM2, FM1<\/p>\n<p><em>Alle Marken und Warenzeichen sind das Eigentum ihrer jeweiligen Inhaber.<\/em><\/p>\n<p>Rev.5 Tranquillo wurde entwickelt, um die Eigenschaften von erstklassigen CPU-K\u00fchlern auf den Massenmarkt zu bringen. Er nutzt eine Konstellation aus dem fortschrittlichen K\u00fchlk\u00f6rper mit 4 Heatpipes mit der Heatpipe Direct Contact (HDC)-Technologie und der hochwertigen schwarzen elektrophoretischen Beschichtung sowie dem 120-mm-Silent-L\u00fcfter mit Smart PWM, um die beste Leistung seiner Klasse zu liefern.<\/p>\n<p>Die kompakte Gr\u00f6\u00dfe, das leichte Design und die nahtlose Montage gew\u00e4hrleisten eine breite plattform\u00fcbergreifende Kompatibilit\u00e4t und eine einfache Installation. Die volle Unterst\u00fctzung von TDP 150W macht Rev.5 Tranquillo zu einer perfekten L\u00f6sung f\u00fcr Gamer und IT-Profis. <strong><em>W\u00e4rmerohr-Direktkontakt-Technologie (HDC)<\/em><\/strong> sorgt f\u00fcr perfekten thermischen Kontakt zwischen CPU und den Heatpipes.<\/p>\n<p>Der <strong>fortschrittliche K\u00fchlk\u00f6rper<\/strong> bietet eine deutlich verbesserte K\u00fchlleistung.<\/p>\n<p>Der <strong>intelligente PWM-L\u00fcfter<\/strong> sorgt f\u00fcr eine effiziente Verteilung des Luftstroms \u00fcber den K\u00fchlk\u00f6rper und f\u00fcr einen leisen Betrieb.<\/p>\n<p>Die <strong>hochwertige schwarze elektrophoretische Beschichtung<\/strong> sorgt f\u00fcr ein perfektes Oberfl\u00e4chenfinish, eine au\u00dfergew\u00f6hnliche Optik und Haptik und verbessert die Haltbarkeit.<\/p>\n<p>Das <strong>Enhanced Mounting Kit<\/strong> erleichtert die Installation und erweitert die CPU-Unterst\u00fctzung.<br \/>\nDer K\u00fchler ist RoHS- und WEEE-konform und hat eine 5-j\u00e4hrige Garantie.<\/p>\n<p>&nbsp;<\/p>\n<p>EAN: 4897025783492<\/p>\n<\/div><\/div><\/div><\/div><\/section><section class=\"vc_row wpb_row vc_row-fluid\"><div class=\"wpb_column vc_column_container col-xs-mobile-fullwidth vc_col-sm-12\"><div class=\"vc_column-inner\"><div class=\"wpb_wrapper\">\n\t<div class=\"wpb_video_widget wpb_content_element vc_clearfix   vc_video-aspect-ratio-235 vc_video-el-width-100 vc_video-align-left\" >\n\t\t<div class=\"wpb_wrapper\">\n\t\t\t\n\t\t\t<div class=\"wpb_video_wrapper\"><iframe loading=\"lazy\" title=\"Gelid Rev. 5 Tranquillo CPU Cooler - I Maxed it\" width=\"500\" height=\"281\" src=\"https:\/\/www.youtube.com\/embed\/CcKWTkY3FaQ?feature=oembed\" frameborder=\"0\" allow=\"accelerometer; autoplay; clipboard-write; encrypted-media; gyroscope; picture-in-picture; web-share\" allowfullscreen><\/iframe><\/div>\n\t\t<\/div>\n\t<\/div>\n\n\t<div class=\"wpb_video_widget wpb_content_element vc_clearfix   vc_video-aspect-ratio-235 vc_video-el-width-100 vc_video-align-left\" >\n\t\t<div class=\"wpb_wrapper\">\n\t\t\t\n\t\t\t<div class=\"wpb_video_wrapper\"><iframe loading=\"lazy\" title=\"Dissipador para processador Gelid Solutions rev.5 Tranquillo [Unboxing ASMR]\" width=\"500\" height=\"281\" src=\"https:\/\/www.youtube.com\/embed\/5u2q-R_bhjM?start=2&feature=oembed\" frameborder=\"0\" allow=\"accelerometer; autoplay; clipboard-write; encrypted-media; gyroscope; picture-in-picture; web-share\" allowfullscreen><\/iframe><\/div>\n\t\t<\/div>\n\t<\/div>\n<\/div><\/div><\/div><\/section>\n<\/div>","protected":false},"excerpt":{"rendered":"<ul>\n<li>4 Leistungs-Heatpipes<\/li>\n<li>Fortschrittlicher K\u00fchlk\u00f6rper<\/li>\n<li>120mm Smart PWM-L\u00fcfter<\/li>\n<li>Erweitertes Montage-Kit<\/li>\n<li>Hochwertige schwarze elektrophoretische Beschichtung<\/li>\n<\/ul>\n","protected":false},"featured_media":116253,"comment_status":"closed","ping_status":"closed","template":"","meta":{"_acf_changed":false},"product_cat":[322,305],"product_tag":[],"class_list":{"0":"post-119624","1":"product","2":"type-product","3":"status-publish","4":"has-post-thumbnail","6":"product_cat-gamer-cpu-kuehler","7":"product_cat-kuehlloesungen","9":"first","10":"instock","11":"taxable","12":"shipping-taxable","13":"purchasable","14":"product-type-simple"},"supplier_id":null,"supplier_sku":"CC-TranQ-05-A","barcode":"4897025783492","atum_controlled":true,"out_stock_date":null,"out_stock_threshold":null,"inheritable":false,"inbound_stock":0,"stock_on_hold":0,"sold_today":0,"sales_last_days":0,"reserved_stock":0,"customer_returns":0,"warehouse_damage":0,"lost_in_post":0,"other_logs":0,"out_stock_days":0,"lost_sales":0,"has_location":false,"update_date":"2026-05-09T01:15:27","atum_locations":[],"atum_stock_status":"instock","restock_status":false,"low_stock_amount":"","sales_update_date":"2026-05-09T01:15:27","calc_backorders":null,"acf":[],"yoast_head":"<!-- This site is optimized with the Yoast SEO plugin v27.5 - https:\/\/yoast.com\/product\/yoast-seo-wordpress\/ -->\n<title>REV. 5 TRANQUILLO - Gelid Solutions<\/title>\n<meta name=\"robots\" content=\"index, follow, max-snippet:-1, max-image-preview:large, max-video-preview:-1\" \/>\n<link rel=\"canonical\" href=\"https:\/\/gelidsolutions.com\/de\/produkt\/rev-5-tranq\/\" \/>\n<meta property=\"og:locale\" content=\"de_DE\" \/>\n<meta property=\"og:type\" content=\"article\" \/>\n<meta property=\"og:title\" content=\"REV. 5 TRANQUILLO - Gelid Solutions\" \/>\n<meta property=\"og:description\" content=\"4 Leistungs-Heatpipes  Fortschrittlicher K\u00fchlk\u00f6rper  120mm Smart PWM-L\u00fcfter  Erweitertes Montage-Kit  Hochwertige schwarze elektrophoretische Beschichtung\" \/>\n<meta property=\"og:url\" content=\"https:\/\/gelidsolutions.com\/de\/produkt\/rev-5-tranq\/\" \/>\n<meta property=\"og:site_name\" content=\"Gelid Solutions\" \/>\n<meta property=\"article:modified_time\" content=\"2023-08-22T09:11:02+00:00\" \/>\n<meta property=\"og:image\" content=\"https:\/\/gelidsolutions.com\/wp-content\/uploads\/2022\/06\/FRONT-PAGE001-with-sticker-002-1-2-1-1024x1024.png\" \/>\n\t<meta property=\"og:image:width\" content=\"1024\" \/>\n\t<meta property=\"og:image:height\" content=\"1024\" \/>\n\t<meta property=\"og:image:type\" content=\"image\/png\" \/>\n<meta name=\"twitter:card\" content=\"summary_large_image\" \/>\n<meta name=\"twitter:label1\" content=\"Gesch\u00e4tzte Lesezeit\" \/>\n\t<meta name=\"twitter:data1\" content=\"2\u00a0Minuten\" \/>\n<script type=\"application\/ld+json\" class=\"yoast-schema-graph\">{\"@context\":\"https:\\\/\\\/schema.org\",\"@graph\":[{\"@type\":\"WebPage\",\"@id\":\"https:\\\/\\\/gelidsolutions.com\\\/de\\\/produkt\\\/rev-5-tranq\\\/\",\"url\":\"https:\\\/\\\/gelidsolutions.com\\\/de\\\/produkt\\\/rev-5-tranq\\\/\",\"name\":\"REV. 5 TRANQUILLO - Gelid Solutions\",\"isPartOf\":{\"@id\":\"https:\\\/\\\/gelidsolutions.com\\\/de\\\/#website\"},\"primaryImageOfPage\":{\"@id\":\"https:\\\/\\\/gelidsolutions.com\\\/de\\\/produkt\\\/rev-5-tranq\\\/#primaryimage\"},\"image\":{\"@id\":\"https:\\\/\\\/gelidsolutions.com\\\/de\\\/produkt\\\/rev-5-tranq\\\/#primaryimage\"},\"thumbnailUrl\":\"https:\\\/\\\/gelidsolutions.com\\\/wp-content\\\/uploads\\\/2022\\\/06\\\/FRONT-PAGE001-with-sticker-002-1-2-1-e1665993123226.png\",\"datePublished\":\"2022-06-16T00:02:00+00:00\",\"dateModified\":\"2023-08-22T09:11:02+00:00\",\"breadcrumb\":{\"@id\":\"https:\\\/\\\/gelidsolutions.com\\\/de\\\/produkt\\\/rev-5-tranq\\\/#breadcrumb\"},\"inLanguage\":\"de\",\"potentialAction\":[{\"@type\":\"ReadAction\",\"target\":[\"https:\\\/\\\/gelidsolutions.com\\\/de\\\/produkt\\\/rev-5-tranq\\\/\"]}]},{\"@type\":\"ImageObject\",\"inLanguage\":\"de\",\"@id\":\"https:\\\/\\\/gelidsolutions.com\\\/de\\\/produkt\\\/rev-5-tranq\\\/#primaryimage\",\"url\":\"https:\\\/\\\/gelidsolutions.com\\\/wp-content\\\/uploads\\\/2022\\\/06\\\/FRONT-PAGE001-with-sticker-002-1-2-1-e1665993123226.png\",\"contentUrl\":\"https:\\\/\\\/gelidsolutions.com\\\/wp-content\\\/uploads\\\/2022\\\/06\\\/FRONT-PAGE001-with-sticker-002-1-2-1-e1665993123226.png\",\"width\":2612,\"height\":2612,\"caption\":\"Rev.5 Tranquillo\"},{\"@type\":\"BreadcrumbList\",\"@id\":\"https:\\\/\\\/gelidsolutions.com\\\/de\\\/produkt\\\/rev-5-tranq\\\/#breadcrumb\",\"itemListElement\":[{\"@type\":\"ListItem\",\"position\":1,\"name\":\"Home\",\"item\":\"https:\\\/\\\/gelidsolutions.com\\\/de\\\/\"},{\"@type\":\"ListItem\",\"position\":2,\"name\":\"Shop\",\"item\":\"https:\\\/\\\/gelidsolutions.com\\\/shop\\\/\"},{\"@type\":\"ListItem\",\"position\":3,\"name\":\"REV. 5 TRANQUILLO\"}]},{\"@type\":\"WebSite\",\"@id\":\"https:\\\/\\\/gelidsolutions.com\\\/de\\\/#website\",\"url\":\"https:\\\/\\\/gelidsolutions.com\\\/de\\\/\",\"name\":\"Gelid Solutions\",\"description\":\"\",\"publisher\":{\"@id\":\"https:\\\/\\\/gelidsolutions.com\\\/de\\\/#organization\"},\"potentialAction\":[{\"@type\":\"SearchAction\",\"target\":{\"@type\":\"EntryPoint\",\"urlTemplate\":\"https:\\\/\\\/gelidsolutions.com\\\/de\\\/?s={search_term_string}\"},\"query-input\":{\"@type\":\"PropertyValueSpecification\",\"valueRequired\":true,\"valueName\":\"search_term_string\"}}],\"inLanguage\":\"de\"},{\"@type\":\"Organization\",\"@id\":\"https:\\\/\\\/gelidsolutions.com\\\/de\\\/#organization\",\"name\":\"Gelid Solutions\",\"url\":\"https:\\\/\\\/gelidsolutions.com\\\/de\\\/\",\"logo\":{\"@type\":\"ImageObject\",\"inLanguage\":\"de\",\"@id\":\"https:\\\/\\\/gelidsolutions.com\\\/de\\\/#\\\/schema\\\/logo\\\/image\\\/\",\"url\":\"https:\\\/\\\/gelidsolutions.com\\\/wp-content\\\/uploads\\\/2022\\\/06\\\/logo_white_104_104.gif\",\"contentUrl\":\"https:\\\/\\\/gelidsolutions.com\\\/wp-content\\\/uploads\\\/2022\\\/06\\\/logo_white_104_104.gif\",\"width\":104,\"height\":104,\"caption\":\"Gelid Solutions\"},\"image\":{\"@id\":\"https:\\\/\\\/gelidsolutions.com\\\/de\\\/#\\\/schema\\\/logo\\\/image\\\/\"}}]}<\/script>\n<!-- \/ Yoast SEO plugin. -->","yoast_head_json":{"title":"REV. 5 TRANQUILLO - Gelid Solutions","robots":{"index":"index","follow":"follow","max-snippet":"max-snippet:-1","max-image-preview":"max-image-preview:large","max-video-preview":"max-video-preview:-1"},"canonical":"https:\/\/gelidsolutions.com\/de\/produkt\/rev-5-tranq\/","og_locale":"de_DE","og_type":"article","og_title":"REV. 5 TRANQUILLO - Gelid Solutions","og_description":"4 Leistungs-Heatpipes  Fortschrittlicher K\u00fchlk\u00f6rper  120mm Smart PWM-L\u00fcfter  Erweitertes Montage-Kit  Hochwertige schwarze elektrophoretische Beschichtung","og_url":"https:\/\/gelidsolutions.com\/de\/produkt\/rev-5-tranq\/","og_site_name":"Gelid Solutions","article_modified_time":"2023-08-22T09:11:02+00:00","og_image":[{"width":1024,"height":1024,"url":"https:\/\/gelidsolutions.com\/wp-content\/uploads\/2022\/06\/FRONT-PAGE001-with-sticker-002-1-2-1-1024x1024.png","type":"image\/png"}],"twitter_card":"summary_large_image","twitter_misc":{"Gesch\u00e4tzte Lesezeit":"2\u00a0Minuten"},"schema":{"@context":"https:\/\/schema.org","@graph":[{"@type":"WebPage","@id":"https:\/\/gelidsolutions.com\/de\/produkt\/rev-5-tranq\/","url":"https:\/\/gelidsolutions.com\/de\/produkt\/rev-5-tranq\/","name":"REV. 5 TRANQUILLO - Gelid Solutions","isPartOf":{"@id":"https:\/\/gelidsolutions.com\/de\/#website"},"primaryImageOfPage":{"@id":"https:\/\/gelidsolutions.com\/de\/produkt\/rev-5-tranq\/#primaryimage"},"image":{"@id":"https:\/\/gelidsolutions.com\/de\/produkt\/rev-5-tranq\/#primaryimage"},"thumbnailUrl":"https:\/\/gelidsolutions.com\/wp-content\/uploads\/2022\/06\/FRONT-PAGE001-with-sticker-002-1-2-1-e1665993123226.png","datePublished":"2022-06-16T00:02:00+00:00","dateModified":"2023-08-22T09:11:02+00:00","breadcrumb":{"@id":"https:\/\/gelidsolutions.com\/de\/produkt\/rev-5-tranq\/#breadcrumb"},"inLanguage":"de","potentialAction":[{"@type":"ReadAction","target":["https:\/\/gelidsolutions.com\/de\/produkt\/rev-5-tranq\/"]}]},{"@type":"ImageObject","inLanguage":"de","@id":"https:\/\/gelidsolutions.com\/de\/produkt\/rev-5-tranq\/#primaryimage","url":"https:\/\/gelidsolutions.com\/wp-content\/uploads\/2022\/06\/FRONT-PAGE001-with-sticker-002-1-2-1-e1665993123226.png","contentUrl":"https:\/\/gelidsolutions.com\/wp-content\/uploads\/2022\/06\/FRONT-PAGE001-with-sticker-002-1-2-1-e1665993123226.png","width":2612,"height":2612,"caption":"Rev.5 Tranquillo"},{"@type":"BreadcrumbList","@id":"https:\/\/gelidsolutions.com\/de\/produkt\/rev-5-tranq\/#breadcrumb","itemListElement":[{"@type":"ListItem","position":1,"name":"Home","item":"https:\/\/gelidsolutions.com\/de\/"},{"@type":"ListItem","position":2,"name":"Shop","item":"https:\/\/gelidsolutions.com\/shop\/"},{"@type":"ListItem","position":3,"name":"REV. 5 TRANQUILLO"}]},{"@type":"WebSite","@id":"https:\/\/gelidsolutions.com\/de\/#website","url":"https:\/\/gelidsolutions.com\/de\/","name":"Gelid Solutions","description":"","publisher":{"@id":"https:\/\/gelidsolutions.com\/de\/#organization"},"potentialAction":[{"@type":"SearchAction","target":{"@type":"EntryPoint","urlTemplate":"https:\/\/gelidsolutions.com\/de\/?s={search_term_string}"},"query-input":{"@type":"PropertyValueSpecification","valueRequired":true,"valueName":"search_term_string"}}],"inLanguage":"de"},{"@type":"Organization","@id":"https:\/\/gelidsolutions.com\/de\/#organization","name":"Gelid Solutions","url":"https:\/\/gelidsolutions.com\/de\/","logo":{"@type":"ImageObject","inLanguage":"de","@id":"https:\/\/gelidsolutions.com\/de\/#\/schema\/logo\/image\/","url":"https:\/\/gelidsolutions.com\/wp-content\/uploads\/2022\/06\/logo_white_104_104.gif","contentUrl":"https:\/\/gelidsolutions.com\/wp-content\/uploads\/2022\/06\/logo_white_104_104.gif","width":104,"height":104,"caption":"Gelid Solutions"},"image":{"@id":"https:\/\/gelidsolutions.com\/de\/#\/schema\/logo\/image\/"}}]}},"_links":{"self":[{"href":"https:\/\/gelidsolutions.com\/de\/wp-json\/wp\/v2\/product\/119624","targetHints":{"allow":["GET"]}}],"collection":[{"href":"https:\/\/gelidsolutions.com\/de\/wp-json\/wp\/v2\/product"}],"about":[{"href":"https:\/\/gelidsolutions.com\/de\/wp-json\/wp\/v2\/types\/product"}],"replies":[{"embeddable":true,"href":"https:\/\/gelidsolutions.com\/de\/wp-json\/wp\/v2\/comments?post=119624"}],"wp:featuredmedia":[{"embeddable":true,"href":"https:\/\/gelidsolutions.com\/de\/wp-json\/wp\/v2\/media\/116253"}],"wp:attachment":[{"href":"https:\/\/gelidsolutions.com\/de\/wp-json\/wp\/v2\/media?parent=119624"}],"wp:term":[{"taxonomy":"product_cat","embeddable":true,"href":"https:\/\/gelidsolutions.com\/de\/wp-json\/wp\/v2\/product_cat?post=119624"},{"taxonomy":"product_tag","embeddable":true,"href":"https:\/\/gelidsolutions.com\/de\/wp-json\/wp\/v2\/product_tag?post=119624"}],"curies":[{"name":"wp","href":"https:\/\/api.w.org\/{rel}","templated":true}]}}