{"id":119687,"date":"2022-09-29T11:14:18","date_gmt":"2022-09-29T03:14:18","guid":{"rendered":"https:\/\/gelidsolutions.com\/product\/nova-rgb-gaming-mauspad\/"},"modified":"2023-03-24T16:45:06","modified_gmt":"2023-03-24T08:45:06","slug":"nova-rgb-gaming-mousepad","status":"publish","type":"product","link":"https:\/\/gelidsolutions.com\/de\/produkt\/nova-rgb-gaming-mousepad\/","title":{"rendered":"NOVA RGB GAMING MAUSPAD"},"content":{"rendered":"<h3 data-mce-fragment=\"1\"><b data-mce-fragment=\"1\"><i data-mce-fragment=\"1\">Nova Gaming-Mauspad (MP-RGB-01) &amp; (MP-RGB-02) &amp; (MP-RGB-03)<\/i><\/b><\/h3>\n<p><strong>Sp\u00fcren Sie den wahren Komfort! Steigern Sie die Pr\u00e4zision Ihres Spielerlebnisses!<\/strong><\/p>\n<p>Nova Gaming Mouse Pad ist f\u00fcr Gamer entwickelt worden. Es bietet eine optimierte Mausverfolgungsgenauigkeit, hochwertige Materialien und eine lebendige RGB-Beleuchtung. Die Anti-Rutsch-Gummibasis verhindert ein Ausrutschen oder \u00dcberstreichen bei schnellen Handbewegungen. <span data-mce-fragment=\"1\">Punktgenaue Verfolgungsgenauigkeit und Optimierung sowohl f\u00fcr Hochgeschwindigkeits- als auch f\u00fcr Niedriggeschwindigkeitssteuerungen. Alle Maussensortypen werden unterst\u00fctzt.<\/span><\/p>\n<p>EAN:<br \/>\nNova S 4897025782488<br \/>\nNova XL 4897025782495<br \/>\nNova XXL 4897025782785<\/p>\n","protected":false},"excerpt":{"rendered":"<ul>\n<li>14 lebendige RGB-Beleuchtung<\/li>\n<li>Kompatibel mit allen PC-Systemen<\/li>\n<li>Einfacher Anschluss \u00fcber USB<\/li>\n<\/ul>\n<p>Nord-Amerika<\/p>\n<p><a href=\"https:\/\/www.amazon.com\/Gelid-Pad-Lighting-Soft-Surface-Plug-Lights-Anti-Slip-Base-900x400mm-Black\/dp\/B08SHYHBKL?ref_=ast_sto_dp\"><img loading=\"lazy\" decoding=\"async\" class=\"alignnone size-full wp-image-115044\" src=\"https:\/\/gelidsolutions.com\/wp-content\/uploads\/2022\/06\/amazon-logo_white-300x145-1.png\" alt=\"\" width=\"300\" height=\"145\" srcset=\"https:\/\/gelidsolutions.com\/wp-content\/uploads\/2022\/06\/amazon-logo_white-300x145-1.png 300w, https:\/\/gelidsolutions.com\/wp-content\/uploads\/2022\/06\/amazon-logo_white-300x145-1-84x41.png 84w, https:\/\/gelidsolutions.com\/wp-content\/uploads\/2022\/06\/amazon-logo_white-300x145-1-200x97.png 200w, https:\/\/gelidsolutions.com\/wp-content\/uploads\/2022\/06\/amazon-logo_white-300x145-1-186x90.png 186w\" sizes=\"auto, (max-width: 300px) 100vw, 300px\" \/><\/a><\/p>\n<p>Europa<\/p>\n<p><a href=\"https:\/\/www.amazon.de\/Gelid-Nova-Mauspad-XL-Schreibtischunterlage\/dp\/B08K2N23KY?ref_=ast_sto_dp&amp;th=1&amp;psc=1\"><img loading=\"lazy\" decoding=\"async\" class=\"alignnone wp-image-115044 size-full\" src=\"https:\/\/gelidsolutions.com\/wp-content\/uploads\/2022\/06\/amazon-logo_white-300x145-1.png\" alt=\"\" width=\"300\" height=\"145\" srcset=\"https:\/\/gelidsolutions.com\/wp-content\/uploads\/2022\/06\/amazon-logo_white-300x145-1.png 300w, https:\/\/gelidsolutions.com\/wp-content\/uploads\/2022\/06\/amazon-logo_white-300x145-1-84x41.png 84w, https:\/\/gelidsolutions.com\/wp-content\/uploads\/2022\/06\/amazon-logo_white-300x145-1-200x97.png 200w, https:\/\/gelidsolutions.com\/wp-content\/uploads\/2022\/06\/amazon-logo_white-300x145-1-186x90.png 186w\" sizes=\"auto, (max-width: 300px) 100vw, 300px\" \/><\/a><\/p>\n","protected":false},"featured_media":121490,"comment_status":"open","ping_status":"closed","template":"","meta":{"_acf_changed":false},"product_cat":[327,531,305,537,538,506,318],"product_tag":[],"class_list":{"0":"post-119687","1":"product","2":"type-product","3":"status-publish","4":"has-post-thumbnail","6":"product_cat-gamer-zubehoer","7":"product_cat-heiser-verkauf","8":"product_cat-kuehlloesungen","9":"product_cat-musstaste","10":"product_cat-spiel-mauspad","11":"product_cat-zubehor","12":"product_cat-zubehoer","13":"pa_size-s-de","14":"pa_size-xl-de","15":"pa_size-xxl-de","17":"first","18":"instock","19":"sale","20":"taxable","21":"shipping-taxable","22":"purchasable","23":"product-type-variable","24":"has-default-attributes"},"supplier_id":null,"supplier_sku":"","barcode":null,"atum_controlled":true,"out_stock_date":null,"out_stock_threshold":null,"inheritable":true,"inbound_stock":0,"stock_on_hold":0,"sold_today":0,"sales_last_days":0,"reserved_stock":0,"customer_returns":0,"warehouse_damage":0,"lost_in_post":0,"other_logs":0,"out_stock_days":0,"lost_sales":0,"has_location":false,"update_date":"2026-05-01T01:12:15","atum_locations":[],"atum_stock_status":"instock","restock_status":false,"low_stock_amount":"","sales_update_date":"2026-05-01T01:12:15","calc_backorders":null,"acf":[],"yoast_head":"<!-- This site is optimized with the Yoast SEO plugin v27.5 - https:\/\/yoast.com\/product\/yoast-seo-wordpress\/ -->\n<title>NOVA RGB GAMING MAUSPAD - Gelid Solutions<\/title>\n<meta name=\"robots\" content=\"index, follow, max-snippet:-1, max-image-preview:large, max-video-preview:-1\" \/>\n<link rel=\"canonical\" href=\"https:\/\/gelidsolutions.com\/de\/produkt\/nova-rgb-gaming-mousepad\/\" \/>\n<meta property=\"og:locale\" content=\"de_DE\" \/>\n<meta property=\"og:type\" content=\"article\" \/>\n<meta property=\"og:title\" content=\"NOVA RGB GAMING MAUSPAD - Gelid Solutions\" \/>\n<meta property=\"og:description\" content=\"14 lebendige RGB-Beleuchtung  Kompatibel mit allen PC-Systemen  Einfacher Anschluss \u00fcber USB  Nord-Amerika    Europa\" \/>\n<meta property=\"og:url\" content=\"https:\/\/gelidsolutions.com\/de\/produkt\/nova-rgb-gaming-mousepad\/\" \/>\n<meta property=\"og:site_name\" content=\"Gelid Solutions\" \/>\n<meta property=\"article:modified_time\" content=\"2023-03-24T08:45:06+00:00\" \/>\n<meta property=\"og:image\" content=\"https:\/\/gelidsolutions.com\/wp-content\/uploads\/2022\/09\/Nova-S_white.1.png\" \/>\n\t<meta property=\"og:image:width\" content=\"1890\" \/>\n\t<meta property=\"og:image:height\" content=\"1417\" \/>\n\t<meta property=\"og:image:type\" content=\"image\/png\" \/>\n<meta name=\"twitter:card\" content=\"summary_large_image\" \/>\n<meta name=\"twitter:label1\" content=\"Gesch\u00e4tzte Lesezeit\" \/>\n\t<meta name=\"twitter:data1\" content=\"1\u00a0Minute\" \/>\n<script type=\"application\/ld+json\" class=\"yoast-schema-graph\">{\"@context\":\"https:\\\/\\\/schema.org\",\"@graph\":[{\"@type\":\"WebPage\",\"@id\":\"https:\\\/\\\/gelidsolutions.com\\\/de\\\/produkt\\\/nova-rgb-gaming-mousepad\\\/\",\"url\":\"https:\\\/\\\/gelidsolutions.com\\\/de\\\/produkt\\\/nova-rgb-gaming-mousepad\\\/\",\"name\":\"NOVA RGB GAMING MAUSPAD - Gelid Solutions\",\"isPartOf\":{\"@id\":\"https:\\\/\\\/gelidsolutions.com\\\/de\\\/#website\"},\"primaryImageOfPage\":{\"@id\":\"https:\\\/\\\/gelidsolutions.com\\\/de\\\/produkt\\\/nova-rgb-gaming-mousepad\\\/#primaryimage\"},\"image\":{\"@id\":\"https:\\\/\\\/gelidsolutions.com\\\/de\\\/produkt\\\/nova-rgb-gaming-mousepad\\\/#primaryimage\"},\"thumbnailUrl\":\"https:\\\/\\\/gelidsolutions.com\\\/wp-content\\\/uploads\\\/2022\\\/09\\\/Nova-S_white.1.png\",\"datePublished\":\"2022-09-29T03:14:18+00:00\",\"dateModified\":\"2023-03-24T08:45:06+00:00\",\"breadcrumb\":{\"@id\":\"https:\\\/\\\/gelidsolutions.com\\\/de\\\/produkt\\\/nova-rgb-gaming-mousepad\\\/#breadcrumb\"},\"inLanguage\":\"de\",\"potentialAction\":[{\"@type\":\"ReadAction\",\"target\":[\"https:\\\/\\\/gelidsolutions.com\\\/de\\\/produkt\\\/nova-rgb-gaming-mousepad\\\/\"]}]},{\"@type\":\"ImageObject\",\"inLanguage\":\"de\",\"@id\":\"https:\\\/\\\/gelidsolutions.com\\\/de\\\/produkt\\\/nova-rgb-gaming-mousepad\\\/#primaryimage\",\"url\":\"https:\\\/\\\/gelidsolutions.com\\\/wp-content\\\/uploads\\\/2022\\\/09\\\/Nova-S_white.1.png\",\"contentUrl\":\"https:\\\/\\\/gelidsolutions.com\\\/wp-content\\\/uploads\\\/2022\\\/09\\\/Nova-S_white.1.png\",\"width\":1890,\"height\":1417},{\"@type\":\"BreadcrumbList\",\"@id\":\"https:\\\/\\\/gelidsolutions.com\\\/de\\\/produkt\\\/nova-rgb-gaming-mousepad\\\/#breadcrumb\",\"itemListElement\":[{\"@type\":\"ListItem\",\"position\":1,\"name\":\"Home\",\"item\":\"https:\\\/\\\/gelidsolutions.com\\\/de\\\/\"},{\"@type\":\"ListItem\",\"position\":2,\"name\":\"Shop\",\"item\":\"https:\\\/\\\/gelidsolutions.com\\\/shop\\\/\"},{\"@type\":\"ListItem\",\"position\":3,\"name\":\"NOVA RGB GAMING MAUSPAD\"}]},{\"@type\":\"WebSite\",\"@id\":\"https:\\\/\\\/gelidsolutions.com\\\/de\\\/#website\",\"url\":\"https:\\\/\\\/gelidsolutions.com\\\/de\\\/\",\"name\":\"Gelid Solutions\",\"description\":\"\",\"publisher\":{\"@id\":\"https:\\\/\\\/gelidsolutions.com\\\/de\\\/#organization\"},\"potentialAction\":[{\"@type\":\"SearchAction\",\"target\":{\"@type\":\"EntryPoint\",\"urlTemplate\":\"https:\\\/\\\/gelidsolutions.com\\\/de\\\/?s={search_term_string}\"},\"query-input\":{\"@type\":\"PropertyValueSpecification\",\"valueRequired\":true,\"valueName\":\"search_term_string\"}}],\"inLanguage\":\"de\"},{\"@type\":\"Organization\",\"@id\":\"https:\\\/\\\/gelidsolutions.com\\\/de\\\/#organization\",\"name\":\"Gelid Solutions\",\"url\":\"https:\\\/\\\/gelidsolutions.com\\\/de\\\/\",\"logo\":{\"@type\":\"ImageObject\",\"inLanguage\":\"de\",\"@id\":\"https:\\\/\\\/gelidsolutions.com\\\/de\\\/#\\\/schema\\\/logo\\\/image\\\/\",\"url\":\"https:\\\/\\\/gelidsolutions.com\\\/wp-content\\\/uploads\\\/2022\\\/06\\\/logo_white_104_104.gif\",\"contentUrl\":\"https:\\\/\\\/gelidsolutions.com\\\/wp-content\\\/uploads\\\/2022\\\/06\\\/logo_white_104_104.gif\",\"width\":104,\"height\":104,\"caption\":\"Gelid Solutions\"},\"image\":{\"@id\":\"https:\\\/\\\/gelidsolutions.com\\\/de\\\/#\\\/schema\\\/logo\\\/image\\\/\"}}]}<\/script>\n<!-- \/ Yoast SEO plugin. -->","yoast_head_json":{"title":"NOVA RGB GAMING MAUSPAD - Gelid Solutions","robots":{"index":"index","follow":"follow","max-snippet":"max-snippet:-1","max-image-preview":"max-image-preview:large","max-video-preview":"max-video-preview:-1"},"canonical":"https:\/\/gelidsolutions.com\/de\/produkt\/nova-rgb-gaming-mousepad\/","og_locale":"de_DE","og_type":"article","og_title":"NOVA RGB GAMING MAUSPAD - Gelid Solutions","og_description":"14 lebendige RGB-Beleuchtung  Kompatibel mit allen PC-Systemen  Einfacher Anschluss \u00fcber USB  Nord-Amerika    Europa","og_url":"https:\/\/gelidsolutions.com\/de\/produkt\/nova-rgb-gaming-mousepad\/","og_site_name":"Gelid Solutions","article_modified_time":"2023-03-24T08:45:06+00:00","og_image":[{"width":1890,"height":1417,"url":"https:\/\/gelidsolutions.com\/wp-content\/uploads\/2022\/09\/Nova-S_white.1.png","type":"image\/png"}],"twitter_card":"summary_large_image","twitter_misc":{"Gesch\u00e4tzte Lesezeit":"1\u00a0Minute"},"schema":{"@context":"https:\/\/schema.org","@graph":[{"@type":"WebPage","@id":"https:\/\/gelidsolutions.com\/de\/produkt\/nova-rgb-gaming-mousepad\/","url":"https:\/\/gelidsolutions.com\/de\/produkt\/nova-rgb-gaming-mousepad\/","name":"NOVA RGB GAMING MAUSPAD - Gelid Solutions","isPartOf":{"@id":"https:\/\/gelidsolutions.com\/de\/#website"},"primaryImageOfPage":{"@id":"https:\/\/gelidsolutions.com\/de\/produkt\/nova-rgb-gaming-mousepad\/#primaryimage"},"image":{"@id":"https:\/\/gelidsolutions.com\/de\/produkt\/nova-rgb-gaming-mousepad\/#primaryimage"},"thumbnailUrl":"https:\/\/gelidsolutions.com\/wp-content\/uploads\/2022\/09\/Nova-S_white.1.png","datePublished":"2022-09-29T03:14:18+00:00","dateModified":"2023-03-24T08:45:06+00:00","breadcrumb":{"@id":"https:\/\/gelidsolutions.com\/de\/produkt\/nova-rgb-gaming-mousepad\/#breadcrumb"},"inLanguage":"de","potentialAction":[{"@type":"ReadAction","target":["https:\/\/gelidsolutions.com\/de\/produkt\/nova-rgb-gaming-mousepad\/"]}]},{"@type":"ImageObject","inLanguage":"de","@id":"https:\/\/gelidsolutions.com\/de\/produkt\/nova-rgb-gaming-mousepad\/#primaryimage","url":"https:\/\/gelidsolutions.com\/wp-content\/uploads\/2022\/09\/Nova-S_white.1.png","contentUrl":"https:\/\/gelidsolutions.com\/wp-content\/uploads\/2022\/09\/Nova-S_white.1.png","width":1890,"height":1417},{"@type":"BreadcrumbList","@id":"https:\/\/gelidsolutions.com\/de\/produkt\/nova-rgb-gaming-mousepad\/#breadcrumb","itemListElement":[{"@type":"ListItem","position":1,"name":"Home","item":"https:\/\/gelidsolutions.com\/de\/"},{"@type":"ListItem","position":2,"name":"Shop","item":"https:\/\/gelidsolutions.com\/shop\/"},{"@type":"ListItem","position":3,"name":"NOVA RGB GAMING MAUSPAD"}]},{"@type":"WebSite","@id":"https:\/\/gelidsolutions.com\/de\/#website","url":"https:\/\/gelidsolutions.com\/de\/","name":"Gelid Solutions","description":"","publisher":{"@id":"https:\/\/gelidsolutions.com\/de\/#organization"},"potentialAction":[{"@type":"SearchAction","target":{"@type":"EntryPoint","urlTemplate":"https:\/\/gelidsolutions.com\/de\/?s={search_term_string}"},"query-input":{"@type":"PropertyValueSpecification","valueRequired":true,"valueName":"search_term_string"}}],"inLanguage":"de"},{"@type":"Organization","@id":"https:\/\/gelidsolutions.com\/de\/#organization","name":"Gelid Solutions","url":"https:\/\/gelidsolutions.com\/de\/","logo":{"@type":"ImageObject","inLanguage":"de","@id":"https:\/\/gelidsolutions.com\/de\/#\/schema\/logo\/image\/","url":"https:\/\/gelidsolutions.com\/wp-content\/uploads\/2022\/06\/logo_white_104_104.gif","contentUrl":"https:\/\/gelidsolutions.com\/wp-content\/uploads\/2022\/06\/logo_white_104_104.gif","width":104,"height":104,"caption":"Gelid Solutions"},"image":{"@id":"https:\/\/gelidsolutions.com\/de\/#\/schema\/logo\/image\/"}}]}},"_links":{"self":[{"href":"https:\/\/gelidsolutions.com\/de\/wp-json\/wp\/v2\/product\/119687","targetHints":{"allow":["GET"]}}],"collection":[{"href":"https:\/\/gelidsolutions.com\/de\/wp-json\/wp\/v2\/product"}],"about":[{"href":"https:\/\/gelidsolutions.com\/de\/wp-json\/wp\/v2\/types\/product"}],"replies":[{"embeddable":true,"href":"https:\/\/gelidsolutions.com\/de\/wp-json\/wp\/v2\/comments?post=119687"}],"wp:featuredmedia":[{"embeddable":true,"href":"https:\/\/gelidsolutions.com\/de\/wp-json\/wp\/v2\/media\/121490"}],"wp:attachment":[{"href":"https:\/\/gelidsolutions.com\/de\/wp-json\/wp\/v2\/media?parent=119687"}],"wp:term":[{"taxonomy":"product_cat","embeddable":true,"href":"https:\/\/gelidsolutions.com\/de\/wp-json\/wp\/v2\/product_cat?post=119687"},{"taxonomy":"product_tag","embeddable":true,"href":"https:\/\/gelidsolutions.com\/de\/wp-json\/wp\/v2\/product_tag?post=119687"}],"curies":[{"name":"wp","href":"https:\/\/api.w.org\/{rel}","templated":true}]}}