{"id":119707,"date":"2022-09-05T10:25:36","date_gmt":"2022-09-05T02:25:36","guid":{"rendered":"https:\/\/gelidsolutions.com\/product\/gale\/"},"modified":"2023-12-01T00:00:20","modified_gmt":"2023-11-30T16:00:20","slug":"gale","status":"publish","type":"product","link":"https:\/\/gelidsolutions.com\/de\/produkt\/gale\/","title":{"rendered":"GALE"},"content":{"rendered":"<div class=\"wpb-content-wrapper\"><section class=\"vc_row wpb_row vc_row-fluid\"><div class=\"wpb_column vc_column_container col-xs-mobile-fullwidth vc_col-sm-12\"><div class=\"vc_column-inner\"><div class=\"wpb_wrapper\"><div class=\"wpb_single_image    hongo-full-width-single-image\">\n\t\t\t<figure class=\"wpb_wrapper vc_figure\">\n\t\t\t\t<div class=\"vc_single_image-wrapper  \"><img loading=\"lazy\" decoding=\"async\" width=\"2560\" height=\"1280\" src=\"https:\/\/gelidsolutions.com\/wp-content\/uploads\/2022\/09\/GALE-3500_Feature-Banner_-DE-01-1.png\" class=\"vc_single_image-img attachment-full\" alt=\"\" title=\"GALE 3500_Feature Banner_ DE-01\" srcset=\"https:\/\/gelidsolutions.com\/wp-content\/uploads\/2022\/09\/GALE-3500_Feature-Banner_-DE-01-1.png 2560w, https:\/\/gelidsolutions.com\/wp-content\/uploads\/2022\/09\/GALE-3500_Feature-Banner_-DE-01-1-300x150.png 300w, https:\/\/gelidsolutions.com\/wp-content\/uploads\/2022\/09\/GALE-3500_Feature-Banner_-DE-01-1-1024x512.png 1024w, https:\/\/gelidsolutions.com\/wp-content\/uploads\/2022\/09\/GALE-3500_Feature-Banner_-DE-01-1-768x384.png 768w, https:\/\/gelidsolutions.com\/wp-content\/uploads\/2022\/09\/GALE-3500_Feature-Banner_-DE-01-1-1536x768.png 1536w, https:\/\/gelidsolutions.com\/wp-content\/uploads\/2022\/09\/GALE-3500_Feature-Banner_-DE-01-1-2048x1024.png 2048w, https:\/\/gelidsolutions.com\/wp-content\/uploads\/2022\/09\/GALE-3500_Feature-Banner_-DE-01-1-84x42.png 84w, https:\/\/gelidsolutions.com\/wp-content\/uploads\/2022\/09\/GALE-3500_Feature-Banner_-DE-01-1-200x100.png 200w, https:\/\/gelidsolutions.com\/wp-content\/uploads\/2022\/09\/GALE-3500_Feature-Banner_-DE-01-1-450x225.png 450w, https:\/\/gelidsolutions.com\/wp-content\/uploads\/2022\/09\/GALE-3500_Feature-Banner_-DE-01-1-1200x600.png 1200w, https:\/\/gelidsolutions.com\/wp-content\/uploads\/2022\/09\/GALE-3500_Feature-Banner_-DE-01-1-360x180.png 360w, https:\/\/gelidsolutions.com\/wp-content\/uploads\/2022\/09\/GALE-3500_Feature-Banner_-DE-01-1-800x400.png 800w, https:\/\/gelidsolutions.com\/wp-content\/uploads\/2022\/09\/GALE-3500_Feature-Banner_-DE-01-1-180x90.png 180w\" sizes=\"auto, (max-width: 2560px) 100vw, 2560px\" \/><\/div>\n\t\t\t<\/figure>\n\t\t\t\n\t\t<\/div><div class=\"vc_empty_space\"   style=\"height: 15px\"><span class=\"vc_empty_space_inner\"><\/span><\/div><div class=\"wpb_single_image    hongo-full-width-single-image\">\n\t\t\t<figure class=\"wpb_wrapper vc_figure\">\n\t\t\t\t<div class=\"vc_single_image-wrapper  \"><img loading=\"lazy\" decoding=\"async\" width=\"5333\" height=\"2667\" src=\"https:\/\/gelidsolutions.com\/wp-content\/uploads\/2022\/09\/GALE-3500_Feature-Banner_-DE-02.png\" class=\"vc_single_image-img attachment-full\" alt=\"\" title=\"GALE 3500_Feature Banner_ DE-02\" srcset=\"https:\/\/gelidsolutions.com\/wp-content\/uploads\/2022\/09\/GALE-3500_Feature-Banner_-DE-02.png 5333w, https:\/\/gelidsolutions.com\/wp-content\/uploads\/2022\/09\/GALE-3500_Feature-Banner_-DE-02-300x150.png 300w, https:\/\/gelidsolutions.com\/wp-content\/uploads\/2022\/09\/GALE-3500_Feature-Banner_-DE-02-1024x512.png 1024w, https:\/\/gelidsolutions.com\/wp-content\/uploads\/2022\/09\/GALE-3500_Feature-Banner_-DE-02-768x384.png 768w, https:\/\/gelidsolutions.com\/wp-content\/uploads\/2022\/09\/GALE-3500_Feature-Banner_-DE-02-1536x768.png 1536w, https:\/\/gelidsolutions.com\/wp-content\/uploads\/2022\/09\/GALE-3500_Feature-Banner_-DE-02-2048x1024.png 2048w, https:\/\/gelidsolutions.com\/wp-content\/uploads\/2022\/09\/GALE-3500_Feature-Banner_-DE-02-84x42.png 84w, https:\/\/gelidsolutions.com\/wp-content\/uploads\/2022\/09\/GALE-3500_Feature-Banner_-DE-02-200x100.png 200w, https:\/\/gelidsolutions.com\/wp-content\/uploads\/2022\/09\/GALE-3500_Feature-Banner_-DE-02-450x225.png 450w, https:\/\/gelidsolutions.com\/wp-content\/uploads\/2022\/09\/GALE-3500_Feature-Banner_-DE-02-1200x600.png 1200w, https:\/\/gelidsolutions.com\/wp-content\/uploads\/2022\/09\/GALE-3500_Feature-Banner_-DE-02-360x180.png 360w, https:\/\/gelidsolutions.com\/wp-content\/uploads\/2022\/09\/GALE-3500_Feature-Banner_-DE-02-800x400.png 800w\" sizes=\"auto, (max-width: 5333px) 100vw, 5333px\" \/><\/div>\n\t\t\t<\/figure>\n\t\t\t\n\t\t<\/div><div class=\"vc_empty_space\"   style=\"height: 15px\"><span class=\"vc_empty_space_inner\"><\/span><\/div><div class=\"wpb_single_image    hongo-full-width-single-image\">\n\t\t\t<figure class=\"wpb_wrapper vc_figure\">\n\t\t\t\t<div class=\"vc_single_image-wrapper  \"><img loading=\"lazy\" decoding=\"async\" width=\"5333\" height=\"2667\" src=\"https:\/\/gelidsolutions.com\/wp-content\/uploads\/2022\/09\/WechatIMG1017-1.png\" class=\"vc_single_image-img attachment-full\" alt=\"\" title=\"WechatIMG1017 (1)\" srcset=\"https:\/\/gelidsolutions.com\/wp-content\/uploads\/2022\/09\/WechatIMG1017-1.png 5333w, https:\/\/gelidsolutions.com\/wp-content\/uploads\/2022\/09\/WechatIMG1017-1-300x150.png 300w, https:\/\/gelidsolutions.com\/wp-content\/uploads\/2022\/09\/WechatIMG1017-1-1024x512.png 1024w, https:\/\/gelidsolutions.com\/wp-content\/uploads\/2022\/09\/WechatIMG1017-1-768x384.png 768w, https:\/\/gelidsolutions.com\/wp-content\/uploads\/2022\/09\/WechatIMG1017-1-1536x768.png 1536w, https:\/\/gelidsolutions.com\/wp-content\/uploads\/2022\/09\/WechatIMG1017-1-2048x1024.png 2048w, https:\/\/gelidsolutions.com\/wp-content\/uploads\/2022\/09\/WechatIMG1017-1-84x42.png 84w, https:\/\/gelidsolutions.com\/wp-content\/uploads\/2022\/09\/WechatIMG1017-1-200x100.png 200w, https:\/\/gelidsolutions.com\/wp-content\/uploads\/2022\/09\/WechatIMG1017-1-450x225.png 450w, https:\/\/gelidsolutions.com\/wp-content\/uploads\/2022\/09\/WechatIMG1017-1-1200x600.png 1200w, https:\/\/gelidsolutions.com\/wp-content\/uploads\/2022\/09\/WechatIMG1017-1-360x180.png 360w, https:\/\/gelidsolutions.com\/wp-content\/uploads\/2022\/09\/WechatIMG1017-1-800x400.png 800w\" sizes=\"auto, (max-width: 5333px) 100vw, 5333px\" \/><\/div>\n\t\t\t<\/figure>\n\t\t\t\n\t\t<\/div><div class=\"vc_empty_space\"   style=\"height: 15px\"><span class=\"vc_empty_space_inner\"><\/span><\/div><div class=\"wpb_single_image    hongo-full-width-single-image\">\n\t\t\t<figure class=\"wpb_wrapper vc_figure\">\n\t\t\t\t<div class=\"vc_single_image-wrapper  \"><img loading=\"lazy\" decoding=\"async\" width=\"5333\" height=\"2667\" src=\"https:\/\/gelidsolutions.com\/wp-content\/uploads\/2022\/09\/GALE-3500_Feature-Banner_-DE-04.png\" class=\"vc_single_image-img attachment-full\" alt=\"\" title=\"GALE 3500_Feature Banner_ DE-04\" srcset=\"https:\/\/gelidsolutions.com\/wp-content\/uploads\/2022\/09\/GALE-3500_Feature-Banner_-DE-04.png 5333w, https:\/\/gelidsolutions.com\/wp-content\/uploads\/2022\/09\/GALE-3500_Feature-Banner_-DE-04-300x150.png 300w, https:\/\/gelidsolutions.com\/wp-content\/uploads\/2022\/09\/GALE-3500_Feature-Banner_-DE-04-1024x512.png 1024w, https:\/\/gelidsolutions.com\/wp-content\/uploads\/2022\/09\/GALE-3500_Feature-Banner_-DE-04-768x384.png 768w, https:\/\/gelidsolutions.com\/wp-content\/uploads\/2022\/09\/GALE-3500_Feature-Banner_-DE-04-1536x768.png 1536w, https:\/\/gelidsolutions.com\/wp-content\/uploads\/2022\/09\/GALE-3500_Feature-Banner_-DE-04-2048x1024.png 2048w, https:\/\/gelidsolutions.com\/wp-content\/uploads\/2022\/09\/GALE-3500_Feature-Banner_-DE-04-84x42.png 84w, https:\/\/gelidsolutions.com\/wp-content\/uploads\/2022\/09\/GALE-3500_Feature-Banner_-DE-04-200x100.png 200w, https:\/\/gelidsolutions.com\/wp-content\/uploads\/2022\/09\/GALE-3500_Feature-Banner_-DE-04-450x225.png 450w, https:\/\/gelidsolutions.com\/wp-content\/uploads\/2022\/09\/GALE-3500_Feature-Banner_-DE-04-1200x600.png 1200w, https:\/\/gelidsolutions.com\/wp-content\/uploads\/2022\/09\/GALE-3500_Feature-Banner_-DE-04-360x180.png 360w, https:\/\/gelidsolutions.com\/wp-content\/uploads\/2022\/09\/GALE-3500_Feature-Banner_-DE-04-800x400.png 800w\" sizes=\"auto, (max-width: 5333px) 100vw, 5333px\" \/><\/div>\n\t\t\t<\/figure>\n\t\t\t\n\t\t<\/div><div class=\"vc_empty_space\"   style=\"height: 40px\"><span class=\"vc_empty_space_inner\"><\/span><\/div><\/div><\/div><\/div><\/section><section class=\"vc_row wpb_row vc_row-fluid\"><div class=\"wpb_column vc_column_container col-xs-mobile-fullwidth vc_col-sm-12\"><div class=\"vc_column-inner\"><div class=\"wpb_wrapper\"><div class=\"text-block-content hongo-text-block-1 last-paragraph-no-margin\"><p><b><i>Gale (FN-GALE-01)<\/i><\/b><\/p>\n<p>GALE bietet eine perfekte Kombination aus erstklassigen Technologien und ultimativer Leistung. Mit einem doppelten Kugellagersystem und einem optimierten Laufrad bietet der GALE eine h\u00f6here Zuverl\u00e4ssigkeit und einen besseren Luftstrom. F\u00fcr die Projektion ist ein Fan Grill vorinstalliert. Die beeindruckenden Spezifikationen und die robuste Konstruktion machen GALE zu einem w\u00fcrdigen Begleiter f\u00fcr Gaming-PCs. Probieren Sie es aus und die Ergebnisse werden es beweisen.<\/p>\n<p>EAN: 4897025783546<\/p>\n<\/div><\/div><\/div><\/div><\/section>\n<\/div>","protected":false},"excerpt":{"rendered":"<ul>\n<li>Ger\u00e4uschloser Betrieb<\/li>\n<li>Optimierte L\u00fcfterbl\u00e4tter<\/li>\n<li>120-mm-Extremleistungsl\u00fcfter<\/li>\n<li>Hoher Luftstrom und hoher statischer Druck<\/li>\n<\/ul>\n","protected":false},"featured_media":130390,"comment_status":"open","ping_status":"closed","template":"","meta":{"_acf_changed":false},"product_cat":[544],"product_tag":[],"class_list":{"0":"post-119707","1":"product","2":"type-product","3":"status-publish","4":"has-post-thumbnail","6":"product_cat-mining-fan-de","8":"first","9":"outofstock","10":"taxable","11":"shipping-taxable","12":"purchasable","13":"product-type-simple"},"supplier_id":null,"supplier_sku":"","barcode":"4897025783546","atum_controlled":true,"out_stock_date":null,"out_stock_threshold":null,"inheritable":false,"inbound_stock":0,"stock_on_hold":0,"sold_today":0,"sales_last_days":0,"reserved_stock":0,"customer_returns":0,"warehouse_damage":0,"lost_in_post":0,"other_logs":0,"out_stock_days":0,"lost_sales":0,"has_location":false,"update_date":"2026-04-15T00:10:25","atum_locations":[],"atum_stock_status":"outofstock","restock_status":false,"low_stock_amount":"","sales_update_date":"2026-04-15T00:10:25","calc_backorders":null,"acf":[],"yoast_head":"<!-- This site is optimized with the Yoast SEO plugin v27.4 - https:\/\/yoast.com\/product\/yoast-seo-wordpress\/ -->\n<title>GALE - Gelid Solutions<\/title>\n<meta name=\"robots\" content=\"index, follow, max-snippet:-1, max-image-preview:large, max-video-preview:-1\" \/>\n<link rel=\"canonical\" href=\"https:\/\/gelidsolutions.com\/de\/produkt\/gale\/\" \/>\n<meta property=\"og:locale\" content=\"de_DE\" \/>\n<meta property=\"og:type\" content=\"article\" \/>\n<meta property=\"og:title\" content=\"GALE - Gelid Solutions\" \/>\n<meta property=\"og:description\" content=\"Ger\u00e4uschloser Betrieb  Optimierte L\u00fcfterbl\u00e4tter  120-mm-Extremleistungsl\u00fcfter  Hoher Luftstrom und hoher statischer Druck\" \/>\n<meta property=\"og:url\" content=\"https:\/\/gelidsolutions.com\/de\/produkt\/gale\/\" \/>\n<meta property=\"og:site_name\" content=\"Gelid Solutions\" \/>\n<meta property=\"article:modified_time\" content=\"2023-11-30T16:00:20+00:00\" \/>\n<meta property=\"og:image\" content=\"https:\/\/gelidsolutions.com\/wp-content\/uploads\/2022\/09\/3500RPM-02-800X800.png\" \/>\n\t<meta property=\"og:image:width\" content=\"800\" \/>\n\t<meta property=\"og:image:height\" content=\"800\" \/>\n\t<meta property=\"og:image:type\" content=\"image\/png\" \/>\n<meta name=\"twitter:card\" content=\"summary_large_image\" \/>\n<meta name=\"twitter:label1\" content=\"Gesch\u00e4tzte Lesezeit\" \/>\n\t<meta name=\"twitter:data1\" content=\"1\u00a0Minute\" \/>\n<script type=\"application\/ld+json\" class=\"yoast-schema-graph\">{\"@context\":\"https:\\\/\\\/schema.org\",\"@graph\":[{\"@type\":\"WebPage\",\"@id\":\"https:\\\/\\\/gelidsolutions.com\\\/de\\\/produkt\\\/gale\\\/\",\"url\":\"https:\\\/\\\/gelidsolutions.com\\\/de\\\/produkt\\\/gale\\\/\",\"name\":\"GALE - Gelid Solutions\",\"isPartOf\":{\"@id\":\"https:\\\/\\\/gelidsolutions.com\\\/de\\\/#website\"},\"primaryImageOfPage\":{\"@id\":\"https:\\\/\\\/gelidsolutions.com\\\/de\\\/produkt\\\/gale\\\/#primaryimage\"},\"image\":{\"@id\":\"https:\\\/\\\/gelidsolutions.com\\\/de\\\/produkt\\\/gale\\\/#primaryimage\"},\"thumbnailUrl\":\"https:\\\/\\\/gelidsolutions.com\\\/wp-content\\\/uploads\\\/2022\\\/09\\\/3500RPM-02-800X800.png\",\"datePublished\":\"2022-09-05T02:25:36+00:00\",\"dateModified\":\"2023-11-30T16:00:20+00:00\",\"breadcrumb\":{\"@id\":\"https:\\\/\\\/gelidsolutions.com\\\/de\\\/produkt\\\/gale\\\/#breadcrumb\"},\"inLanguage\":\"de\",\"potentialAction\":[{\"@type\":\"ReadAction\",\"target\":[\"https:\\\/\\\/gelidsolutions.com\\\/de\\\/produkt\\\/gale\\\/\"]}]},{\"@type\":\"ImageObject\",\"inLanguage\":\"de\",\"@id\":\"https:\\\/\\\/gelidsolutions.com\\\/de\\\/produkt\\\/gale\\\/#primaryimage\",\"url\":\"https:\\\/\\\/gelidsolutions.com\\\/wp-content\\\/uploads\\\/2022\\\/09\\\/3500RPM-02-800X800.png\",\"contentUrl\":\"https:\\\/\\\/gelidsolutions.com\\\/wp-content\\\/uploads\\\/2022\\\/09\\\/3500RPM-02-800X800.png\",\"width\":800,\"height\":800},{\"@type\":\"BreadcrumbList\",\"@id\":\"https:\\\/\\\/gelidsolutions.com\\\/de\\\/produkt\\\/gale\\\/#breadcrumb\",\"itemListElement\":[{\"@type\":\"ListItem\",\"position\":1,\"name\":\"Home\",\"item\":\"https:\\\/\\\/gelidsolutions.com\\\/de\\\/\"},{\"@type\":\"ListItem\",\"position\":2,\"name\":\"Shop\",\"item\":\"https:\\\/\\\/gelidsolutions.com\\\/shop\\\/\"},{\"@type\":\"ListItem\",\"position\":3,\"name\":\"GALE\"}]},{\"@type\":\"WebSite\",\"@id\":\"https:\\\/\\\/gelidsolutions.com\\\/de\\\/#website\",\"url\":\"https:\\\/\\\/gelidsolutions.com\\\/de\\\/\",\"name\":\"Gelid Solutions\",\"description\":\"\",\"publisher\":{\"@id\":\"https:\\\/\\\/gelidsolutions.com\\\/de\\\/#organization\"},\"potentialAction\":[{\"@type\":\"SearchAction\",\"target\":{\"@type\":\"EntryPoint\",\"urlTemplate\":\"https:\\\/\\\/gelidsolutions.com\\\/de\\\/?s={search_term_string}\"},\"query-input\":{\"@type\":\"PropertyValueSpecification\",\"valueRequired\":true,\"valueName\":\"search_term_string\"}}],\"inLanguage\":\"de\"},{\"@type\":\"Organization\",\"@id\":\"https:\\\/\\\/gelidsolutions.com\\\/de\\\/#organization\",\"name\":\"Gelid Solutions\",\"url\":\"https:\\\/\\\/gelidsolutions.com\\\/de\\\/\",\"logo\":{\"@type\":\"ImageObject\",\"inLanguage\":\"de\",\"@id\":\"https:\\\/\\\/gelidsolutions.com\\\/de\\\/#\\\/schema\\\/logo\\\/image\\\/\",\"url\":\"https:\\\/\\\/gelidsolutions.com\\\/wp-content\\\/uploads\\\/2022\\\/06\\\/logo_white_104_104.gif\",\"contentUrl\":\"https:\\\/\\\/gelidsolutions.com\\\/wp-content\\\/uploads\\\/2022\\\/06\\\/logo_white_104_104.gif\",\"width\":104,\"height\":104,\"caption\":\"Gelid Solutions\"},\"image\":{\"@id\":\"https:\\\/\\\/gelidsolutions.com\\\/de\\\/#\\\/schema\\\/logo\\\/image\\\/\"}}]}<\/script>\n<!-- \/ Yoast SEO plugin. -->","yoast_head_json":{"title":"GALE - Gelid Solutions","robots":{"index":"index","follow":"follow","max-snippet":"max-snippet:-1","max-image-preview":"max-image-preview:large","max-video-preview":"max-video-preview:-1"},"canonical":"https:\/\/gelidsolutions.com\/de\/produkt\/gale\/","og_locale":"de_DE","og_type":"article","og_title":"GALE - Gelid Solutions","og_description":"Ger\u00e4uschloser Betrieb  Optimierte L\u00fcfterbl\u00e4tter  120-mm-Extremleistungsl\u00fcfter  Hoher Luftstrom und hoher statischer Druck","og_url":"https:\/\/gelidsolutions.com\/de\/produkt\/gale\/","og_site_name":"Gelid Solutions","article_modified_time":"2023-11-30T16:00:20+00:00","og_image":[{"width":800,"height":800,"url":"https:\/\/gelidsolutions.com\/wp-content\/uploads\/2022\/09\/3500RPM-02-800X800.png","type":"image\/png"}],"twitter_card":"summary_large_image","twitter_misc":{"Gesch\u00e4tzte Lesezeit":"1\u00a0Minute"},"schema":{"@context":"https:\/\/schema.org","@graph":[{"@type":"WebPage","@id":"https:\/\/gelidsolutions.com\/de\/produkt\/gale\/","url":"https:\/\/gelidsolutions.com\/de\/produkt\/gale\/","name":"GALE - Gelid Solutions","isPartOf":{"@id":"https:\/\/gelidsolutions.com\/de\/#website"},"primaryImageOfPage":{"@id":"https:\/\/gelidsolutions.com\/de\/produkt\/gale\/#primaryimage"},"image":{"@id":"https:\/\/gelidsolutions.com\/de\/produkt\/gale\/#primaryimage"},"thumbnailUrl":"https:\/\/gelidsolutions.com\/wp-content\/uploads\/2022\/09\/3500RPM-02-800X800.png","datePublished":"2022-09-05T02:25:36+00:00","dateModified":"2023-11-30T16:00:20+00:00","breadcrumb":{"@id":"https:\/\/gelidsolutions.com\/de\/produkt\/gale\/#breadcrumb"},"inLanguage":"de","potentialAction":[{"@type":"ReadAction","target":["https:\/\/gelidsolutions.com\/de\/produkt\/gale\/"]}]},{"@type":"ImageObject","inLanguage":"de","@id":"https:\/\/gelidsolutions.com\/de\/produkt\/gale\/#primaryimage","url":"https:\/\/gelidsolutions.com\/wp-content\/uploads\/2022\/09\/3500RPM-02-800X800.png","contentUrl":"https:\/\/gelidsolutions.com\/wp-content\/uploads\/2022\/09\/3500RPM-02-800X800.png","width":800,"height":800},{"@type":"BreadcrumbList","@id":"https:\/\/gelidsolutions.com\/de\/produkt\/gale\/#breadcrumb","itemListElement":[{"@type":"ListItem","position":1,"name":"Home","item":"https:\/\/gelidsolutions.com\/de\/"},{"@type":"ListItem","position":2,"name":"Shop","item":"https:\/\/gelidsolutions.com\/shop\/"},{"@type":"ListItem","position":3,"name":"GALE"}]},{"@type":"WebSite","@id":"https:\/\/gelidsolutions.com\/de\/#website","url":"https:\/\/gelidsolutions.com\/de\/","name":"Gelid Solutions","description":"","publisher":{"@id":"https:\/\/gelidsolutions.com\/de\/#organization"},"potentialAction":[{"@type":"SearchAction","target":{"@type":"EntryPoint","urlTemplate":"https:\/\/gelidsolutions.com\/de\/?s={search_term_string}"},"query-input":{"@type":"PropertyValueSpecification","valueRequired":true,"valueName":"search_term_string"}}],"inLanguage":"de"},{"@type":"Organization","@id":"https:\/\/gelidsolutions.com\/de\/#organization","name":"Gelid Solutions","url":"https:\/\/gelidsolutions.com\/de\/","logo":{"@type":"ImageObject","inLanguage":"de","@id":"https:\/\/gelidsolutions.com\/de\/#\/schema\/logo\/image\/","url":"https:\/\/gelidsolutions.com\/wp-content\/uploads\/2022\/06\/logo_white_104_104.gif","contentUrl":"https:\/\/gelidsolutions.com\/wp-content\/uploads\/2022\/06\/logo_white_104_104.gif","width":104,"height":104,"caption":"Gelid Solutions"},"image":{"@id":"https:\/\/gelidsolutions.com\/de\/#\/schema\/logo\/image\/"}}]}},"_links":{"self":[{"href":"https:\/\/gelidsolutions.com\/de\/wp-json\/wp\/v2\/product\/119707","targetHints":{"allow":["GET"]}}],"collection":[{"href":"https:\/\/gelidsolutions.com\/de\/wp-json\/wp\/v2\/product"}],"about":[{"href":"https:\/\/gelidsolutions.com\/de\/wp-json\/wp\/v2\/types\/product"}],"replies":[{"embeddable":true,"href":"https:\/\/gelidsolutions.com\/de\/wp-json\/wp\/v2\/comments?post=119707"}],"wp:featuredmedia":[{"embeddable":true,"href":"https:\/\/gelidsolutions.com\/de\/wp-json\/wp\/v2\/media\/130390"}],"wp:attachment":[{"href":"https:\/\/gelidsolutions.com\/de\/wp-json\/wp\/v2\/media?parent=119707"}],"wp:term":[{"taxonomy":"product_cat","embeddable":true,"href":"https:\/\/gelidsolutions.com\/de\/wp-json\/wp\/v2\/product_cat?post=119707"},{"taxonomy":"product_tag","embeddable":true,"href":"https:\/\/gelidsolutions.com\/de\/wp-json\/wp\/v2\/product_tag?post=119707"}],"curies":[{"name":"wp","href":"https:\/\/api.w.org\/{rel}","templated":true}]}}