{"id":119794,"date":"2022-06-07T13:47:00","date_gmt":"2022-06-07T05:47:00","guid":{"rendered":"https:\/\/gelidsolutions.com\/product\/lux-universal-spring-clamp-01\/"},"modified":"2023-07-11T15:36:35","modified_gmt":"2023-07-11T07:36:35","slug":"lux-universal-federklemme-01","status":"publish","type":"product","link":"https:\/\/gelidsolutions.com\/de\/produkt\/lux-universal-federklemme-01\/","title":{"rendered":"LUX-UNIVERSAL-FEDERKLEMME"},"content":{"rendered":"<div class=\"wpb-content-wrapper\"><h3><b data-mce-fragment=\"1\"><i data-mce-fragment=\"1\">LUX<span data-mce-fragment=\"1\">(ST-LUX-SP-01<\/span>)<\/i><\/b><b><\/b><br \/>\nUniversal-Federklemme<\/h3>\n<h5>Perfekt f\u00fcr das LUX Tri Color Ring Light f\u00fcr:<\/h5>\n<ul>\n<li>Live-Streams<\/li>\n<li>Podcasts<\/li>\n<li>Virtuelle Meetings<\/li>\n<li>Webinare<\/li>\n<li>Selfies<\/li>\n<li>Fotografie<\/li>\n<\/ul>\n<p><img decoding=\"async\" src=\"https:\/\/cdn.shopify.com\/s\/files\/1\/1816\/0437\/files\/lux-applications_480x480.jpg?v=1604947568\" alt=\"\" \/><\/p>\n<p>Die Ringlichttechnik &#8211; ein Top-Pick von renommierten Videofilmern und Fotografen &#8211; ist unverzichtbar, um diffuses Licht zu erzeugen, Schatten zu reduzieren und ein gleichm\u00e4\u00dfiges Leuchten zu bieten. Das LUX Tri-Color LED-Ringlicht verf\u00fcgt \u00fcber eine verbesserte Technik, um Ihnen eine perfekte Ringlichtquelle zu bieten. <br data-mce-fragment=\"1\" \/>Dank des Saugnapfes und des drehbaren Ringkopfes k\u00f6nnen Sie ihn \u00fcberall und auf jede beliebige Weise anbringen. Die superhelle LED-Anordnung und die einstellbaren Farben sorgen f\u00fcr eine k\u00fcnstlerische Beleuchtung, die Schwanenhalshalterung und der Bluetooth-Fernausl\u00f6ser machen die Verbindung mit Ihrem Smartphone einfach und bequem.<br data-mce-fragment=\"1\" \/><br data-mce-fragment=\"1\" \/><strong>Bringen Sie Ihren Arbeitsbereich zum Leuchten! Gl\u00e4nzen Sie hell und machen Sie es professionell!<\/strong><\/p>\n<p><span style=\"text-decoration: underline;\">Eingeschlossen:<\/span><br data-mce-fragment=\"1\" \/><span data-mce-fragment=\"1\">Extra-gro\u00dfe Federklammer<\/span><\/p>\n<div class=\"vc_row wpb_row section vc_row-fluid disable_negative_margin\">\n<div class=\"full_section_inner clearfix\">\n<div class=\"wpb_column vc_column_container vc_col-sm-8\">\n<div class=\"vc_column-inner\">\n<div class=\"wpb_wrapper\">\n<div class=\"wpb_text_column wpb_content_element vc_custom_1574815947327\">\n<div class=\"wpb_wrapper\">\n<p>EAN: 4897025782709<\/p>\n<\/div>\n<\/div>\n<\/div>\n<\/div>\n<\/div>\n<\/div>\n<\/div>\n<\/div>","protected":false},"excerpt":{"rendered":"<p>LUX(ST-LUX-SP-01) Universal-Federklemme Perfekt f\u00fcr das LUX Tri Color Ring Light f\u00fcr: Live-Streams Podcasts Virtuelle Meetings Webinare Selfies Fotografie Die Ringlichttechnik &#8211; ein Top-Pick von renommierten Videofilmern und Fotografen &#8211; ist unverzichtbar, um diffuses Licht zu erzeugen, Schatten zu reduzieren und ein gleichm\u00e4\u00dfiges Leuchten zu bieten. Das LUX Tri-Color LED-Ringlicht verf\u00fcgt \u00fcber eine verbesserte Technik, um Ihnen eine perfekte Ringlichtquelle zu bieten. Dank des Saugnapfes und des drehbaren Ringkopfes k\u00f6nnen Sie ihn \u00fcberall und auf jede beliebige Weise anbringen. Die superhelle LED-Anordnung und die einstellbaren Farben sorgen f\u00fcr eine k\u00fcnstlerische Beleuchtung, die Schwanenhalshalterung und der Bluetooth-Fernausl\u00f6ser machen die Verbindung mit Ihrem Smartphone einfach und bequem.Bringen Sie Ihren Arbeitsbereich zum Leuchten! Gl\u00e4nzen Sie hell und machen Sie es professionell! Eingeschlossen:Extra-gro\u00dfe Federklammer EAN: 4897025782709<\/p>\n","protected":false},"featured_media":120683,"comment_status":"closed","ping_status":"closed","template":"","meta":{"_acf_changed":false},"product_cat":[533,506],"product_tag":[],"class_list":{"0":"post-119794","1":"product","2":"type-product","3":"status-publish","4":"has-post-thumbnail","6":"product_cat-hausburo","7":"product_cat-zubehor","9":"first","10":"outofstock","11":"sale","12":"taxable","13":"shipping-taxable","14":"purchasable","15":"product-type-simple"},"supplier_id":null,"supplier_sku":"ST-LUX-SP-01","barcode":null,"atum_controlled":true,"out_stock_date":null,"out_stock_threshold":null,"inheritable":false,"inbound_stock":0,"stock_on_hold":0,"sold_today":0,"sales_last_days":0,"reserved_stock":0,"customer_returns":0,"warehouse_damage":0,"lost_in_post":0,"other_logs":0,"out_stock_days":0,"lost_sales":0,"has_location":false,"update_date":"2026-04-16T00:10:25","atum_locations":[],"atum_stock_status":"outofstock","restock_status":false,"low_stock_amount":"","sales_update_date":"2026-04-16T00:10:25","calc_backorders":null,"acf":[],"yoast_head":"<!-- This site is optimized with the Yoast SEO plugin v27.4 - https:\/\/yoast.com\/product\/yoast-seo-wordpress\/ -->\n<title>LUX-UNIVERSAL-FEDERKLEMME - Gelid Solutions<\/title>\n<meta name=\"robots\" content=\"index, follow, max-snippet:-1, max-image-preview:large, max-video-preview:-1\" \/>\n<link rel=\"canonical\" href=\"https:\/\/gelidsolutions.com\/de\/produkt\/lux-universal-federklemme-01\/\" \/>\n<meta property=\"og:locale\" content=\"de_DE\" \/>\n<meta property=\"og:type\" content=\"article\" \/>\n<meta property=\"og:title\" content=\"LUX-UNIVERSAL-FEDERKLEMME - Gelid Solutions\" \/>\n<meta property=\"og:description\" content=\"LUX(ST-LUX-SP-01) Universal-Federklemme Perfekt f\u00fcr das LUX Tri Color Ring Light f\u00fcr: Live-Streams Podcasts Virtuelle Meetings Webinare Selfies Fotografie Die Ringlichttechnik &#8211; ein Top-Pick von renommierten Videofilmern und Fotografen &#8211; ist unverzichtbar, um diffuses Licht zu erzeugen, Schatten zu reduzieren und ein gleichm\u00e4\u00dfiges Leuchten zu bieten. Das LUX Tri-Color LED-Ringlicht verf\u00fcgt \u00fcber eine verbesserte Technik, um Ihnen eine perfekte Ringlichtquelle zu bieten. Dank des Saugnapfes und des drehbaren Ringkopfes k\u00f6nnen Sie ihn \u00fcberall und auf jede beliebige Weise anbringen. Die superhelle LED-Anordnung und die einstellbaren Farben sorgen f\u00fcr eine k\u00fcnstlerische Beleuchtung, die Schwanenhalshalterung und der Bluetooth-Fernausl\u00f6ser machen die Verbindung mit Ihrem Smartphone einfach und bequem.Bringen Sie Ihren Arbeitsbereich zum Leuchten! Gl\u00e4nzen Sie hell und machen Sie es professionell! Eingeschlossen:Extra-gro\u00dfe Federklammer EAN: 4897025782709\" \/>\n<meta property=\"og:url\" content=\"https:\/\/gelidsolutions.com\/de\/produkt\/lux-universal-federklemme-01\/\" \/>\n<meta property=\"og:site_name\" content=\"Gelid Solutions\" \/>\n<meta property=\"article:modified_time\" content=\"2023-07-11T07:36:35+00:00\" \/>\n<meta property=\"og:image\" content=\"https:\/\/gelidsolutions.com\/wp-content\/uploads\/2022\/06\/lux-clamp_2a700caa-28dd-4874-a3ad-96fed5a4c460.1.png\" \/>\n\t<meta property=\"og:image:width\" content=\"2000\" \/>\n\t<meta property=\"og:image:height\" content=\"2000\" \/>\n\t<meta property=\"og:image:type\" content=\"image\/png\" \/>\n<meta name=\"twitter:card\" content=\"summary_large_image\" \/>\n<meta name=\"twitter:label1\" content=\"Gesch\u00e4tzte Lesezeit\" \/>\n\t<meta name=\"twitter:data1\" content=\"1\u00a0Minute\" \/>\n<script type=\"application\/ld+json\" class=\"yoast-schema-graph\">{\"@context\":\"https:\\\/\\\/schema.org\",\"@graph\":[{\"@type\":\"WebPage\",\"@id\":\"https:\\\/\\\/gelidsolutions.com\\\/de\\\/produkt\\\/lux-universal-federklemme-01\\\/\",\"url\":\"https:\\\/\\\/gelidsolutions.com\\\/de\\\/produkt\\\/lux-universal-federklemme-01\\\/\",\"name\":\"LUX-UNIVERSAL-FEDERKLEMME - Gelid Solutions\",\"isPartOf\":{\"@id\":\"https:\\\/\\\/gelidsolutions.com\\\/de\\\/#website\"},\"primaryImageOfPage\":{\"@id\":\"https:\\\/\\\/gelidsolutions.com\\\/de\\\/produkt\\\/lux-universal-federklemme-01\\\/#primaryimage\"},\"image\":{\"@id\":\"https:\\\/\\\/gelidsolutions.com\\\/de\\\/produkt\\\/lux-universal-federklemme-01\\\/#primaryimage\"},\"thumbnailUrl\":\"https:\\\/\\\/gelidsolutions.com\\\/wp-content\\\/uploads\\\/2022\\\/06\\\/lux-clamp_2a700caa-28dd-4874-a3ad-96fed5a4c460.1.png\",\"datePublished\":\"2022-06-07T05:47:00+00:00\",\"dateModified\":\"2023-07-11T07:36:35+00:00\",\"breadcrumb\":{\"@id\":\"https:\\\/\\\/gelidsolutions.com\\\/de\\\/produkt\\\/lux-universal-federklemme-01\\\/#breadcrumb\"},\"inLanguage\":\"de\",\"potentialAction\":[{\"@type\":\"ReadAction\",\"target\":[\"https:\\\/\\\/gelidsolutions.com\\\/de\\\/produkt\\\/lux-universal-federklemme-01\\\/\"]}]},{\"@type\":\"ImageObject\",\"inLanguage\":\"de\",\"@id\":\"https:\\\/\\\/gelidsolutions.com\\\/de\\\/produkt\\\/lux-universal-federklemme-01\\\/#primaryimage\",\"url\":\"https:\\\/\\\/gelidsolutions.com\\\/wp-content\\\/uploads\\\/2022\\\/06\\\/lux-clamp_2a700caa-28dd-4874-a3ad-96fed5a4c460.1.png\",\"contentUrl\":\"https:\\\/\\\/gelidsolutions.com\\\/wp-content\\\/uploads\\\/2022\\\/06\\\/lux-clamp_2a700caa-28dd-4874-a3ad-96fed5a4c460.1.png\",\"width\":2000,\"height\":2000,\"caption\":\"LUX Fr\u00fchlingsmuschel\"},{\"@type\":\"BreadcrumbList\",\"@id\":\"https:\\\/\\\/gelidsolutions.com\\\/de\\\/produkt\\\/lux-universal-federklemme-01\\\/#breadcrumb\",\"itemListElement\":[{\"@type\":\"ListItem\",\"position\":1,\"name\":\"Home\",\"item\":\"https:\\\/\\\/gelidsolutions.com\\\/de\\\/\"},{\"@type\":\"ListItem\",\"position\":2,\"name\":\"Shop\",\"item\":\"https:\\\/\\\/gelidsolutions.com\\\/shop\\\/\"},{\"@type\":\"ListItem\",\"position\":3,\"name\":\"LUX-UNIVERSAL-FEDERKLEMME\"}]},{\"@type\":\"WebSite\",\"@id\":\"https:\\\/\\\/gelidsolutions.com\\\/de\\\/#website\",\"url\":\"https:\\\/\\\/gelidsolutions.com\\\/de\\\/\",\"name\":\"Gelid Solutions\",\"description\":\"\",\"publisher\":{\"@id\":\"https:\\\/\\\/gelidsolutions.com\\\/de\\\/#organization\"},\"potentialAction\":[{\"@type\":\"SearchAction\",\"target\":{\"@type\":\"EntryPoint\",\"urlTemplate\":\"https:\\\/\\\/gelidsolutions.com\\\/de\\\/?s={search_term_string}\"},\"query-input\":{\"@type\":\"PropertyValueSpecification\",\"valueRequired\":true,\"valueName\":\"search_term_string\"}}],\"inLanguage\":\"de\"},{\"@type\":\"Organization\",\"@id\":\"https:\\\/\\\/gelidsolutions.com\\\/de\\\/#organization\",\"name\":\"Gelid Solutions\",\"url\":\"https:\\\/\\\/gelidsolutions.com\\\/de\\\/\",\"logo\":{\"@type\":\"ImageObject\",\"inLanguage\":\"de\",\"@id\":\"https:\\\/\\\/gelidsolutions.com\\\/de\\\/#\\\/schema\\\/logo\\\/image\\\/\",\"url\":\"https:\\\/\\\/gelidsolutions.com\\\/wp-content\\\/uploads\\\/2022\\\/06\\\/logo_white_104_104.gif\",\"contentUrl\":\"https:\\\/\\\/gelidsolutions.com\\\/wp-content\\\/uploads\\\/2022\\\/06\\\/logo_white_104_104.gif\",\"width\":104,\"height\":104,\"caption\":\"Gelid Solutions\"},\"image\":{\"@id\":\"https:\\\/\\\/gelidsolutions.com\\\/de\\\/#\\\/schema\\\/logo\\\/image\\\/\"}}]}<\/script>\n<!-- \/ Yoast SEO plugin. -->","yoast_head_json":{"title":"LUX-UNIVERSAL-FEDERKLEMME - Gelid Solutions","robots":{"index":"index","follow":"follow","max-snippet":"max-snippet:-1","max-image-preview":"max-image-preview:large","max-video-preview":"max-video-preview:-1"},"canonical":"https:\/\/gelidsolutions.com\/de\/produkt\/lux-universal-federklemme-01\/","og_locale":"de_DE","og_type":"article","og_title":"LUX-UNIVERSAL-FEDERKLEMME - Gelid Solutions","og_description":"LUX(ST-LUX-SP-01) Universal-Federklemme Perfekt f\u00fcr das LUX Tri Color Ring Light f\u00fcr: Live-Streams Podcasts Virtuelle Meetings Webinare Selfies Fotografie Die Ringlichttechnik &#8211; ein Top-Pick von renommierten Videofilmern und Fotografen &#8211; ist unverzichtbar, um diffuses Licht zu erzeugen, Schatten zu reduzieren und ein gleichm\u00e4\u00dfiges Leuchten zu bieten. Das LUX Tri-Color LED-Ringlicht verf\u00fcgt \u00fcber eine verbesserte Technik, um Ihnen eine perfekte Ringlichtquelle zu bieten. Dank des Saugnapfes und des drehbaren Ringkopfes k\u00f6nnen Sie ihn \u00fcberall und auf jede beliebige Weise anbringen. Die superhelle LED-Anordnung und die einstellbaren Farben sorgen f\u00fcr eine k\u00fcnstlerische Beleuchtung, die Schwanenhalshalterung und der Bluetooth-Fernausl\u00f6ser machen die Verbindung mit Ihrem Smartphone einfach und bequem.Bringen Sie Ihren Arbeitsbereich zum Leuchten! Gl\u00e4nzen Sie hell und machen Sie es professionell! Eingeschlossen:Extra-gro\u00dfe Federklammer EAN: 4897025782709","og_url":"https:\/\/gelidsolutions.com\/de\/produkt\/lux-universal-federklemme-01\/","og_site_name":"Gelid Solutions","article_modified_time":"2023-07-11T07:36:35+00:00","og_image":[{"width":2000,"height":2000,"url":"https:\/\/gelidsolutions.com\/wp-content\/uploads\/2022\/06\/lux-clamp_2a700caa-28dd-4874-a3ad-96fed5a4c460.1.png","type":"image\/png"}],"twitter_card":"summary_large_image","twitter_misc":{"Gesch\u00e4tzte Lesezeit":"1\u00a0Minute"},"schema":{"@context":"https:\/\/schema.org","@graph":[{"@type":"WebPage","@id":"https:\/\/gelidsolutions.com\/de\/produkt\/lux-universal-federklemme-01\/","url":"https:\/\/gelidsolutions.com\/de\/produkt\/lux-universal-federklemme-01\/","name":"LUX-UNIVERSAL-FEDERKLEMME - Gelid Solutions","isPartOf":{"@id":"https:\/\/gelidsolutions.com\/de\/#website"},"primaryImageOfPage":{"@id":"https:\/\/gelidsolutions.com\/de\/produkt\/lux-universal-federklemme-01\/#primaryimage"},"image":{"@id":"https:\/\/gelidsolutions.com\/de\/produkt\/lux-universal-federklemme-01\/#primaryimage"},"thumbnailUrl":"https:\/\/gelidsolutions.com\/wp-content\/uploads\/2022\/06\/lux-clamp_2a700caa-28dd-4874-a3ad-96fed5a4c460.1.png","datePublished":"2022-06-07T05:47:00+00:00","dateModified":"2023-07-11T07:36:35+00:00","breadcrumb":{"@id":"https:\/\/gelidsolutions.com\/de\/produkt\/lux-universal-federklemme-01\/#breadcrumb"},"inLanguage":"de","potentialAction":[{"@type":"ReadAction","target":["https:\/\/gelidsolutions.com\/de\/produkt\/lux-universal-federklemme-01\/"]}]},{"@type":"ImageObject","inLanguage":"de","@id":"https:\/\/gelidsolutions.com\/de\/produkt\/lux-universal-federklemme-01\/#primaryimage","url":"https:\/\/gelidsolutions.com\/wp-content\/uploads\/2022\/06\/lux-clamp_2a700caa-28dd-4874-a3ad-96fed5a4c460.1.png","contentUrl":"https:\/\/gelidsolutions.com\/wp-content\/uploads\/2022\/06\/lux-clamp_2a700caa-28dd-4874-a3ad-96fed5a4c460.1.png","width":2000,"height":2000,"caption":"LUX Fr\u00fchlingsmuschel"},{"@type":"BreadcrumbList","@id":"https:\/\/gelidsolutions.com\/de\/produkt\/lux-universal-federklemme-01\/#breadcrumb","itemListElement":[{"@type":"ListItem","position":1,"name":"Home","item":"https:\/\/gelidsolutions.com\/de\/"},{"@type":"ListItem","position":2,"name":"Shop","item":"https:\/\/gelidsolutions.com\/shop\/"},{"@type":"ListItem","position":3,"name":"LUX-UNIVERSAL-FEDERKLEMME"}]},{"@type":"WebSite","@id":"https:\/\/gelidsolutions.com\/de\/#website","url":"https:\/\/gelidsolutions.com\/de\/","name":"Gelid Solutions","description":"","publisher":{"@id":"https:\/\/gelidsolutions.com\/de\/#organization"},"potentialAction":[{"@type":"SearchAction","target":{"@type":"EntryPoint","urlTemplate":"https:\/\/gelidsolutions.com\/de\/?s={search_term_string}"},"query-input":{"@type":"PropertyValueSpecification","valueRequired":true,"valueName":"search_term_string"}}],"inLanguage":"de"},{"@type":"Organization","@id":"https:\/\/gelidsolutions.com\/de\/#organization","name":"Gelid Solutions","url":"https:\/\/gelidsolutions.com\/de\/","logo":{"@type":"ImageObject","inLanguage":"de","@id":"https:\/\/gelidsolutions.com\/de\/#\/schema\/logo\/image\/","url":"https:\/\/gelidsolutions.com\/wp-content\/uploads\/2022\/06\/logo_white_104_104.gif","contentUrl":"https:\/\/gelidsolutions.com\/wp-content\/uploads\/2022\/06\/logo_white_104_104.gif","width":104,"height":104,"caption":"Gelid Solutions"},"image":{"@id":"https:\/\/gelidsolutions.com\/de\/#\/schema\/logo\/image\/"}}]}},"_links":{"self":[{"href":"https:\/\/gelidsolutions.com\/de\/wp-json\/wp\/v2\/product\/119794","targetHints":{"allow":["GET"]}}],"collection":[{"href":"https:\/\/gelidsolutions.com\/de\/wp-json\/wp\/v2\/product"}],"about":[{"href":"https:\/\/gelidsolutions.com\/de\/wp-json\/wp\/v2\/types\/product"}],"replies":[{"embeddable":true,"href":"https:\/\/gelidsolutions.com\/de\/wp-json\/wp\/v2\/comments?post=119794"}],"wp:featuredmedia":[{"embeddable":true,"href":"https:\/\/gelidsolutions.com\/de\/wp-json\/wp\/v2\/media\/120683"}],"wp:attachment":[{"href":"https:\/\/gelidsolutions.com\/de\/wp-json\/wp\/v2\/media?parent=119794"}],"wp:term":[{"taxonomy":"product_cat","embeddable":true,"href":"https:\/\/gelidsolutions.com\/de\/wp-json\/wp\/v2\/product_cat?post=119794"},{"taxonomy":"product_tag","embeddable":true,"href":"https:\/\/gelidsolutions.com\/de\/wp-json\/wp\/v2\/product_tag?post=119794"}],"curies":[{"name":"wp","href":"https:\/\/api.w.org\/{rel}","templated":true}]}}