{"id":120020,"date":"2021-08-12T19:11:00","date_gmt":"2021-08-12T11:11:00","guid":{"rendered":"https:\/\/gelidsolutions.com\/product\/silent-12\/"},"modified":"2023-12-25T09:28:24","modified_gmt":"2023-12-25T01:28:24","slug":"still-12","status":"publish","type":"product","link":"https:\/\/gelidsolutions.com\/de\/produkt\/still-12\/","title":{"rendered":"SILENT 12 SCHWARZ"},"content":{"rendered":"<p><b><i>Silent 12 Schwarz <\/i><\/b><i>(FN-PX12-11)<\/i><\/p>\n<p><i>120 mm leiser Geh\u00e4usel\u00fcfter<\/i><\/p>\n<p>&nbsp;<\/p>\n<h3>Entwickelt f\u00fcr Silent-Enthusiasten<\/h3>\n<p>&nbsp;<\/p>\n<p>Silent 12 wurde f\u00fcr Silent-Enthusiasten entwickelt und verf\u00fcgt \u00fcber ein neu entwickeltes High-Airflow-Laufrad, ein fortschrittliches Hydrodynamic Bearing und einen ger\u00e4uschlosen Motor-Treiber-IC. Silent 12 f\u00fchrt auch einen Satz weicher Gummipuffer, um Vibrationen zu eliminieren, den L\u00e4rm zu reduzieren und den L\u00fcfter in Ihrem PC unh\u00f6rbar zu machen.<\/p>\n<p>&nbsp;<\/p>\n<p>EAN: 4897025783027<\/p>\n","protected":false},"excerpt":{"rendered":"<ul>\n<li>Ger\u00e4uschloser Betrieb<\/li>\n<li>Optimierte L\u00fcfterbl\u00e4tter<\/li>\n<li>Hoher Luftstrom und hoher statischer Druck<\/li>\n<li>Ger\u00e4uschloser Motorantrieb<\/li>\n<li>Gummipads<\/li>\n<li>Lange Lebensdauer (50&#8217;000 h MTTF bei 40\u00b0C)<\/li>\n<\/ul>\n","protected":false},"featured_media":119958,"comment_status":"closed","ping_status":"closed","template":"","meta":{"_acf_changed":false},"product_cat":[305,306,550,309,506],"product_tag":[551],"class_list":{"0":"post-120020","1":"product","2":"type-product","3":"status-publish","4":"has-post-thumbnail","6":"product_cat-kuehlloesungen","7":"product_cat-luefter","8":"product_cat-silent-case-fan-case-fan-thermal-solutions-de","9":"product_cat-silent-luefter","10":"product_cat-zubehor","11":"product_tag-case-fan-de","13":"first","14":"outofstock","15":"taxable","16":"shipping-taxable","17":"purchasable","18":"product-type-simple"},"supplier_id":null,"supplier_sku":"FN-PX12-11","barcode":null,"atum_controlled":true,"out_stock_date":null,"out_stock_threshold":null,"inheritable":false,"inbound_stock":null,"stock_on_hold":0,"sold_today":0,"sales_last_days":0,"reserved_stock":null,"customer_returns":null,"warehouse_damage":null,"lost_in_post":null,"other_logs":null,"out_stock_days":0,"lost_sales":0,"has_location":false,"update_date":"2026-05-03T01:14:13","atum_locations":[],"atum_stock_status":"outofstock","restock_status":false,"low_stock_amount":"","sales_update_date":"2026-05-03T01:14:13","calc_backorders":null,"acf":[],"yoast_head":"<!-- This site is optimized with the Yoast SEO plugin v27.5 - https:\/\/yoast.com\/product\/yoast-seo-wordpress\/ -->\n<title>SILENT 12 SCHWARZ - Gelid Solutions<\/title>\n<meta name=\"robots\" content=\"index, follow, max-snippet:-1, max-image-preview:large, max-video-preview:-1\" \/>\n<link rel=\"canonical\" href=\"https:\/\/gelidsolutions.com\/de\/produkt\/still-12\/\" \/>\n<meta property=\"og:locale\" content=\"de_DE\" \/>\n<meta property=\"og:type\" content=\"article\" \/>\n<meta property=\"og:title\" content=\"SILENT 12 SCHWARZ - Gelid Solutions\" \/>\n<meta property=\"og:description\" content=\"Ger\u00e4uschloser Betrieb  Optimierte L\u00fcfterbl\u00e4tter  Hoher Luftstrom und hoher statischer Druck  Ger\u00e4uschloser Motorantrieb  Gummipads  Lange Lebensdauer (50&#039;000 h MTTF bei 40\u00b0C)\" \/>\n<meta property=\"og:url\" content=\"https:\/\/gelidsolutions.com\/de\/produkt\/still-12\/\" \/>\n<meta property=\"og:site_name\" content=\"Gelid Solutions\" \/>\n<meta property=\"article:modified_time\" content=\"2023-12-25T01:28:24+00:00\" \/>\n<meta property=\"og:image\" content=\"https:\/\/gelidsolutions.com\/wp-content\/uploads\/2021\/08\/silent12_1-e1665992416899.png\" \/>\n\t<meta property=\"og:image:width\" content=\"1323\" \/>\n\t<meta property=\"og:image:height\" content=\"1155\" \/>\n\t<meta property=\"og:image:type\" content=\"image\/png\" \/>\n<meta name=\"twitter:card\" content=\"summary_large_image\" \/>\n<meta name=\"twitter:label1\" content=\"Gesch\u00e4tzte Lesezeit\" \/>\n\t<meta name=\"twitter:data1\" content=\"1\u00a0Minute\" \/>\n<script type=\"application\/ld+json\" class=\"yoast-schema-graph\">{\"@context\":\"https:\\\/\\\/schema.org\",\"@graph\":[{\"@type\":\"WebPage\",\"@id\":\"https:\\\/\\\/gelidsolutions.com\\\/de\\\/produkt\\\/still-12\\\/\",\"url\":\"https:\\\/\\\/gelidsolutions.com\\\/de\\\/produkt\\\/still-12\\\/\",\"name\":\"SILENT 12 SCHWARZ - Gelid Solutions\",\"isPartOf\":{\"@id\":\"https:\\\/\\\/gelidsolutions.com\\\/de\\\/#website\"},\"primaryImageOfPage\":{\"@id\":\"https:\\\/\\\/gelidsolutions.com\\\/de\\\/produkt\\\/still-12\\\/#primaryimage\"},\"image\":{\"@id\":\"https:\\\/\\\/gelidsolutions.com\\\/de\\\/produkt\\\/still-12\\\/#primaryimage\"},\"thumbnailUrl\":\"https:\\\/\\\/gelidsolutions.com\\\/wp-content\\\/uploads\\\/2021\\\/08\\\/silent12_1-e1665992416899.png\",\"datePublished\":\"2021-08-12T11:11:00+00:00\",\"dateModified\":\"2023-12-25T01:28:24+00:00\",\"breadcrumb\":{\"@id\":\"https:\\\/\\\/gelidsolutions.com\\\/de\\\/produkt\\\/still-12\\\/#breadcrumb\"},\"inLanguage\":\"de\",\"potentialAction\":[{\"@type\":\"ReadAction\",\"target\":[\"https:\\\/\\\/gelidsolutions.com\\\/de\\\/produkt\\\/still-12\\\/\"]}]},{\"@type\":\"ImageObject\",\"inLanguage\":\"de\",\"@id\":\"https:\\\/\\\/gelidsolutions.com\\\/de\\\/produkt\\\/still-12\\\/#primaryimage\",\"url\":\"https:\\\/\\\/gelidsolutions.com\\\/wp-content\\\/uploads\\\/2021\\\/08\\\/silent12_1-e1665992416899.png\",\"contentUrl\":\"https:\\\/\\\/gelidsolutions.com\\\/wp-content\\\/uploads\\\/2021\\\/08\\\/silent12_1-e1665992416899.png\",\"width\":1323,\"height\":1155,\"caption\":\"Silent 12 Schwarz\"},{\"@type\":\"BreadcrumbList\",\"@id\":\"https:\\\/\\\/gelidsolutions.com\\\/de\\\/produkt\\\/still-12\\\/#breadcrumb\",\"itemListElement\":[{\"@type\":\"ListItem\",\"position\":1,\"name\":\"Home\",\"item\":\"https:\\\/\\\/gelidsolutions.com\\\/de\\\/\"},{\"@type\":\"ListItem\",\"position\":2,\"name\":\"Shop\",\"item\":\"https:\\\/\\\/gelidsolutions.com\\\/shop\\\/\"},{\"@type\":\"ListItem\",\"position\":3,\"name\":\"SILENT 12 SCHWARZ\"}]},{\"@type\":\"WebSite\",\"@id\":\"https:\\\/\\\/gelidsolutions.com\\\/de\\\/#website\",\"url\":\"https:\\\/\\\/gelidsolutions.com\\\/de\\\/\",\"name\":\"Gelid Solutions\",\"description\":\"\",\"publisher\":{\"@id\":\"https:\\\/\\\/gelidsolutions.com\\\/de\\\/#organization\"},\"potentialAction\":[{\"@type\":\"SearchAction\",\"target\":{\"@type\":\"EntryPoint\",\"urlTemplate\":\"https:\\\/\\\/gelidsolutions.com\\\/de\\\/?s={search_term_string}\"},\"query-input\":{\"@type\":\"PropertyValueSpecification\",\"valueRequired\":true,\"valueName\":\"search_term_string\"}}],\"inLanguage\":\"de\"},{\"@type\":\"Organization\",\"@id\":\"https:\\\/\\\/gelidsolutions.com\\\/de\\\/#organization\",\"name\":\"Gelid Solutions\",\"url\":\"https:\\\/\\\/gelidsolutions.com\\\/de\\\/\",\"logo\":{\"@type\":\"ImageObject\",\"inLanguage\":\"de\",\"@id\":\"https:\\\/\\\/gelidsolutions.com\\\/de\\\/#\\\/schema\\\/logo\\\/image\\\/\",\"url\":\"https:\\\/\\\/gelidsolutions.com\\\/wp-content\\\/uploads\\\/2022\\\/06\\\/logo_white_104_104.gif\",\"contentUrl\":\"https:\\\/\\\/gelidsolutions.com\\\/wp-content\\\/uploads\\\/2022\\\/06\\\/logo_white_104_104.gif\",\"width\":104,\"height\":104,\"caption\":\"Gelid Solutions\"},\"image\":{\"@id\":\"https:\\\/\\\/gelidsolutions.com\\\/de\\\/#\\\/schema\\\/logo\\\/image\\\/\"}}]}<\/script>\n<!-- \/ Yoast SEO plugin. -->","yoast_head_json":{"title":"SILENT 12 SCHWARZ - Gelid Solutions","robots":{"index":"index","follow":"follow","max-snippet":"max-snippet:-1","max-image-preview":"max-image-preview:large","max-video-preview":"max-video-preview:-1"},"canonical":"https:\/\/gelidsolutions.com\/de\/produkt\/still-12\/","og_locale":"de_DE","og_type":"article","og_title":"SILENT 12 SCHWARZ - Gelid Solutions","og_description":"Ger\u00e4uschloser Betrieb  Optimierte L\u00fcfterbl\u00e4tter  Hoher Luftstrom und hoher statischer Druck  Ger\u00e4uschloser Motorantrieb  Gummipads  Lange Lebensdauer (50'000 h MTTF bei 40\u00b0C)","og_url":"https:\/\/gelidsolutions.com\/de\/produkt\/still-12\/","og_site_name":"Gelid Solutions","article_modified_time":"2023-12-25T01:28:24+00:00","og_image":[{"width":1323,"height":1155,"url":"https:\/\/gelidsolutions.com\/wp-content\/uploads\/2021\/08\/silent12_1-e1665992416899.png","type":"image\/png"}],"twitter_card":"summary_large_image","twitter_misc":{"Gesch\u00e4tzte Lesezeit":"1\u00a0Minute"},"schema":{"@context":"https:\/\/schema.org","@graph":[{"@type":"WebPage","@id":"https:\/\/gelidsolutions.com\/de\/produkt\/still-12\/","url":"https:\/\/gelidsolutions.com\/de\/produkt\/still-12\/","name":"SILENT 12 SCHWARZ - Gelid Solutions","isPartOf":{"@id":"https:\/\/gelidsolutions.com\/de\/#website"},"primaryImageOfPage":{"@id":"https:\/\/gelidsolutions.com\/de\/produkt\/still-12\/#primaryimage"},"image":{"@id":"https:\/\/gelidsolutions.com\/de\/produkt\/still-12\/#primaryimage"},"thumbnailUrl":"https:\/\/gelidsolutions.com\/wp-content\/uploads\/2021\/08\/silent12_1-e1665992416899.png","datePublished":"2021-08-12T11:11:00+00:00","dateModified":"2023-12-25T01:28:24+00:00","breadcrumb":{"@id":"https:\/\/gelidsolutions.com\/de\/produkt\/still-12\/#breadcrumb"},"inLanguage":"de","potentialAction":[{"@type":"ReadAction","target":["https:\/\/gelidsolutions.com\/de\/produkt\/still-12\/"]}]},{"@type":"ImageObject","inLanguage":"de","@id":"https:\/\/gelidsolutions.com\/de\/produkt\/still-12\/#primaryimage","url":"https:\/\/gelidsolutions.com\/wp-content\/uploads\/2021\/08\/silent12_1-e1665992416899.png","contentUrl":"https:\/\/gelidsolutions.com\/wp-content\/uploads\/2021\/08\/silent12_1-e1665992416899.png","width":1323,"height":1155,"caption":"Silent 12 Schwarz"},{"@type":"BreadcrumbList","@id":"https:\/\/gelidsolutions.com\/de\/produkt\/still-12\/#breadcrumb","itemListElement":[{"@type":"ListItem","position":1,"name":"Home","item":"https:\/\/gelidsolutions.com\/de\/"},{"@type":"ListItem","position":2,"name":"Shop","item":"https:\/\/gelidsolutions.com\/shop\/"},{"@type":"ListItem","position":3,"name":"SILENT 12 SCHWARZ"}]},{"@type":"WebSite","@id":"https:\/\/gelidsolutions.com\/de\/#website","url":"https:\/\/gelidsolutions.com\/de\/","name":"Gelid Solutions","description":"","publisher":{"@id":"https:\/\/gelidsolutions.com\/de\/#organization"},"potentialAction":[{"@type":"SearchAction","target":{"@type":"EntryPoint","urlTemplate":"https:\/\/gelidsolutions.com\/de\/?s={search_term_string}"},"query-input":{"@type":"PropertyValueSpecification","valueRequired":true,"valueName":"search_term_string"}}],"inLanguage":"de"},{"@type":"Organization","@id":"https:\/\/gelidsolutions.com\/de\/#organization","name":"Gelid Solutions","url":"https:\/\/gelidsolutions.com\/de\/","logo":{"@type":"ImageObject","inLanguage":"de","@id":"https:\/\/gelidsolutions.com\/de\/#\/schema\/logo\/image\/","url":"https:\/\/gelidsolutions.com\/wp-content\/uploads\/2022\/06\/logo_white_104_104.gif","contentUrl":"https:\/\/gelidsolutions.com\/wp-content\/uploads\/2022\/06\/logo_white_104_104.gif","width":104,"height":104,"caption":"Gelid Solutions"},"image":{"@id":"https:\/\/gelidsolutions.com\/de\/#\/schema\/logo\/image\/"}}]}},"_links":{"self":[{"href":"https:\/\/gelidsolutions.com\/de\/wp-json\/wp\/v2\/product\/120020","targetHints":{"allow":["GET"]}}],"collection":[{"href":"https:\/\/gelidsolutions.com\/de\/wp-json\/wp\/v2\/product"}],"about":[{"href":"https:\/\/gelidsolutions.com\/de\/wp-json\/wp\/v2\/types\/product"}],"replies":[{"embeddable":true,"href":"https:\/\/gelidsolutions.com\/de\/wp-json\/wp\/v2\/comments?post=120020"}],"wp:featuredmedia":[{"embeddable":true,"href":"https:\/\/gelidsolutions.com\/de\/wp-json\/wp\/v2\/media\/119958"}],"wp:attachment":[{"href":"https:\/\/gelidsolutions.com\/de\/wp-json\/wp\/v2\/media?parent=120020"}],"wp:term":[{"taxonomy":"product_cat","embeddable":true,"href":"https:\/\/gelidsolutions.com\/de\/wp-json\/wp\/v2\/product_cat?post=120020"},{"taxonomy":"product_tag","embeddable":true,"href":"https:\/\/gelidsolutions.com\/de\/wp-json\/wp\/v2\/product_tag?post=120020"}],"curies":[{"name":"wp","href":"https:\/\/api.w.org\/{rel}","templated":true}]}}