{"id":120028,"date":"2021-08-12T19:52:00","date_gmt":"2021-08-12T11:52:00","guid":{"rendered":"https:\/\/gelidsolutions.com\/product\/silent-12pwm\/"},"modified":"2023-12-25T09:32:37","modified_gmt":"2023-12-25T01:32:37","slug":"leise-12pwm","status":"publish","type":"product","link":"https:\/\/gelidsolutions.com\/de\/produkt\/leise-12pwm\/","title":{"rendered":"SILENT 12 PWM SCHWARZ"},"content":{"rendered":"<p><i><b>Silent 12 PWM Schwarz <\/b>(FN-PX12-16) <\/i><br \/>\n<i>Ger\u00e4uscharmer 120-mm-Geh\u00e4usel\u00fcfter mit intelligenter PWM-Steuerung<\/i><\/p>\n<p>&nbsp;<\/p>\n<h3>Entwickelt f\u00fcr Silent-Enthusiasten<\/h3>\n<p>&nbsp;<\/p>\n<p>Silent 12 PWM wurde f\u00fcr Silent-Enthusiasten entwickelt und verf\u00fcgt \u00fcber ein neu entwickeltes Laufrad mit hohem Luftstrom, ein fortschrittliches hydrodynamisches Lager und einen ger\u00e4uschlosen Motortreiber-IC. Der L\u00fcfter ist mit der intelligenten PWM-Steuerungstechnologie (Pulse Width Modulation) ausgestattet, die die L\u00fcfterdrehzahl automatisch an die CPU-Last anpasst, so dass er im Leerlauf betrieben werden kann und somit viel leiser ist. Silent 12 PWM ist au\u00dferdem mit weichen Gummipads ausgestattet, die Vibrationen und Ger\u00e4usche reduzieren und den L\u00fcfter in Ihrem PC unh\u00f6rbar machen.<\/p>\n<p>&nbsp;<\/p>\n<p><i><b>Wie funktioniert die PWM?<\/b><\/i><\/p>\n<p>&nbsp;<\/p>\n<p>Die Pulsweitenmodulation (PWM) liefert ein digitales Signal. Die Vorteile der Verwendung eines digitalen PWM-Signals im Vergleich zu einem analogen Regler sind:<\/p>\n<p>&#8211; PWM-Steuerung berechnet die angemessene K\u00fchlleistung je nach CPU- und Systemtemperatur<br \/>\n&#8211; Die PWM-Steuerung wird immer auf die richtigen K\u00fchleinstellungen eingestellt<br \/>\n&#8211; PWM-Steuerung arbeitet ohne W\u00e4rmeentwicklung<\/p>\n<p>&nbsp;<\/p>\n<p><i><b>Die intelligente GELID-PWM-Kurve<\/b><\/i><\/p>\n<p><img loading=\"lazy\" decoding=\"async\" src=\"https:\/\/gelidsolutions.com\/clients\/gelid\/userfiles\/image\/pwm_curves_set_480_250(2).gif\" alt=\"\" width=\"480\" height=\"250\" border=\"0\" \/><\/p>\n<p>Die intelligente GELID-PWM-Kurve ist effizienter als die traditionelle rote Kurve anderer PWM-L\u00fcfter.<\/p>\n<p>&nbsp;<\/p>\n<p>EAN: 4897025783034<\/p>\n","protected":false},"excerpt":{"rendered":"<ul>\n<li>Impulsbreitenmodulation (PWM)<\/li>\n<li>Ger\u00e4uschloser Betrieb<\/li>\n<li>Optimierte L\u00fcfterbl\u00e4tter<\/li>\n<li>Hoher Luftstrom und hoher statischer Druck<\/li>\n<li>Ger\u00e4uschloser Motorantrieb<\/li>\n<li>Gummipads<\/li>\n<li>Lange Lebensdauer (50&#8217;000 h MTTF bei 40\u00b0C)<\/li>\n<\/ul>\n","protected":false},"featured_media":119963,"comment_status":"closed","ping_status":"closed","template":"","meta":{"_acf_changed":false},"product_cat":[548,306,550,309],"product_tag":[],"class_list":{"0":"post-120028","1":"product","2":"type-product","3":"status-publish","4":"has-post-thumbnail","6":"product_cat-award-winning-thermal-solutions-collections-de","7":"product_cat-luefter","8":"product_cat-silent-case-fan-case-fan-thermal-solutions-de","9":"product_cat-silent-luefter","11":"first","12":"instock","13":"taxable","14":"shipping-taxable","15":"purchasable","16":"product-type-simple"},"supplier_id":null,"supplier_sku":"FN-PX12-16","barcode":null,"atum_controlled":true,"out_stock_date":null,"out_stock_threshold":null,"inheritable":false,"inbound_stock":null,"stock_on_hold":0,"sold_today":0,"sales_last_days":0,"reserved_stock":null,"customer_returns":null,"warehouse_damage":null,"lost_in_post":null,"other_logs":null,"out_stock_days":0,"lost_sales":0,"has_location":false,"update_date":"2026-05-02T01:13:16","atum_locations":[],"atum_stock_status":"instock","restock_status":false,"low_stock_amount":"","sales_update_date":"2026-05-02T01:13:15","calc_backorders":null,"acf":[],"yoast_head":"<!-- This site is optimized with the Yoast SEO plugin v27.5 - https:\/\/yoast.com\/product\/yoast-seo-wordpress\/ -->\n<title>SILENT 12 PWM SCHWARZ - Gelid Solutions<\/title>\n<meta name=\"robots\" content=\"index, follow, max-snippet:-1, max-image-preview:large, max-video-preview:-1\" \/>\n<link rel=\"canonical\" href=\"https:\/\/gelidsolutions.com\/de\/produkt\/leise-12pwm\/\" \/>\n<meta property=\"og:locale\" content=\"de_DE\" \/>\n<meta property=\"og:type\" content=\"article\" \/>\n<meta property=\"og:title\" content=\"SILENT 12 PWM SCHWARZ - Gelid Solutions\" \/>\n<meta property=\"og:description\" content=\"Impulsbreitenmodulation (PWM)  Ger\u00e4uschloser Betrieb  Optimierte L\u00fcfterbl\u00e4tter  Hoher Luftstrom und hoher statischer Druck  Ger\u00e4uschloser Motorantrieb  Gummipads  Lange Lebensdauer (50&#039;000 h MTTF bei 40\u00b0C)\" \/>\n<meta property=\"og:url\" content=\"https:\/\/gelidsolutions.com\/de\/produkt\/leise-12pwm\/\" \/>\n<meta property=\"og:site_name\" content=\"Gelid Solutions\" \/>\n<meta property=\"article:modified_time\" content=\"2023-12-25T01:32:37+00:00\" \/>\n<meta property=\"og:image\" content=\"https:\/\/gelidsolutions.com\/wp-content\/uploads\/2021\/08\/Silent-12-PWM-Black.1.png\" \/>\n\t<meta property=\"og:image:width\" content=\"1346\" \/>\n\t<meta property=\"og:image:height\" content=\"1286\" \/>\n\t<meta property=\"og:image:type\" content=\"image\/png\" \/>\n<meta name=\"twitter:card\" content=\"summary_large_image\" \/>\n<meta name=\"twitter:label1\" content=\"Gesch\u00e4tzte Lesezeit\" \/>\n\t<meta name=\"twitter:data1\" content=\"1\u00a0Minute\" \/>\n<script type=\"application\/ld+json\" class=\"yoast-schema-graph\">{\"@context\":\"https:\\\/\\\/schema.org\",\"@graph\":[{\"@type\":\"WebPage\",\"@id\":\"https:\\\/\\\/gelidsolutions.com\\\/de\\\/produkt\\\/leise-12pwm\\\/\",\"url\":\"https:\\\/\\\/gelidsolutions.com\\\/de\\\/produkt\\\/leise-12pwm\\\/\",\"name\":\"SILENT 12 PWM SCHWARZ - Gelid Solutions\",\"isPartOf\":{\"@id\":\"https:\\\/\\\/gelidsolutions.com\\\/de\\\/#website\"},\"primaryImageOfPage\":{\"@id\":\"https:\\\/\\\/gelidsolutions.com\\\/de\\\/produkt\\\/leise-12pwm\\\/#primaryimage\"},\"image\":{\"@id\":\"https:\\\/\\\/gelidsolutions.com\\\/de\\\/produkt\\\/leise-12pwm\\\/#primaryimage\"},\"thumbnailUrl\":\"https:\\\/\\\/gelidsolutions.com\\\/wp-content\\\/uploads\\\/2021\\\/08\\\/Silent-12-PWM-Black.1.png\",\"datePublished\":\"2021-08-12T11:52:00+00:00\",\"dateModified\":\"2023-12-25T01:32:37+00:00\",\"breadcrumb\":{\"@id\":\"https:\\\/\\\/gelidsolutions.com\\\/de\\\/produkt\\\/leise-12pwm\\\/#breadcrumb\"},\"inLanguage\":\"de\",\"potentialAction\":[{\"@type\":\"ReadAction\",\"target\":[\"https:\\\/\\\/gelidsolutions.com\\\/de\\\/produkt\\\/leise-12pwm\\\/\"]}]},{\"@type\":\"ImageObject\",\"inLanguage\":\"de\",\"@id\":\"https:\\\/\\\/gelidsolutions.com\\\/de\\\/produkt\\\/leise-12pwm\\\/#primaryimage\",\"url\":\"https:\\\/\\\/gelidsolutions.com\\\/wp-content\\\/uploads\\\/2021\\\/08\\\/Silent-12-PWM-Black.1.png\",\"contentUrl\":\"https:\\\/\\\/gelidsolutions.com\\\/wp-content\\\/uploads\\\/2021\\\/08\\\/Silent-12-PWM-Black.1.png\",\"width\":1346,\"height\":1286,\"caption\":\"Silent 12 PWM Schwarz\"},{\"@type\":\"BreadcrumbList\",\"@id\":\"https:\\\/\\\/gelidsolutions.com\\\/de\\\/produkt\\\/leise-12pwm\\\/#breadcrumb\",\"itemListElement\":[{\"@type\":\"ListItem\",\"position\":1,\"name\":\"Home\",\"item\":\"https:\\\/\\\/gelidsolutions.com\\\/de\\\/\"},{\"@type\":\"ListItem\",\"position\":2,\"name\":\"Shop\",\"item\":\"https:\\\/\\\/gelidsolutions.com\\\/shop\\\/\"},{\"@type\":\"ListItem\",\"position\":3,\"name\":\"SILENT 12 PWM SCHWARZ\"}]},{\"@type\":\"WebSite\",\"@id\":\"https:\\\/\\\/gelidsolutions.com\\\/de\\\/#website\",\"url\":\"https:\\\/\\\/gelidsolutions.com\\\/de\\\/\",\"name\":\"Gelid Solutions\",\"description\":\"\",\"publisher\":{\"@id\":\"https:\\\/\\\/gelidsolutions.com\\\/de\\\/#organization\"},\"potentialAction\":[{\"@type\":\"SearchAction\",\"target\":{\"@type\":\"EntryPoint\",\"urlTemplate\":\"https:\\\/\\\/gelidsolutions.com\\\/de\\\/?s={search_term_string}\"},\"query-input\":{\"@type\":\"PropertyValueSpecification\",\"valueRequired\":true,\"valueName\":\"search_term_string\"}}],\"inLanguage\":\"de\"},{\"@type\":\"Organization\",\"@id\":\"https:\\\/\\\/gelidsolutions.com\\\/de\\\/#organization\",\"name\":\"Gelid Solutions\",\"url\":\"https:\\\/\\\/gelidsolutions.com\\\/de\\\/\",\"logo\":{\"@type\":\"ImageObject\",\"inLanguage\":\"de\",\"@id\":\"https:\\\/\\\/gelidsolutions.com\\\/de\\\/#\\\/schema\\\/logo\\\/image\\\/\",\"url\":\"https:\\\/\\\/gelidsolutions.com\\\/wp-content\\\/uploads\\\/2022\\\/06\\\/logo_white_104_104.gif\",\"contentUrl\":\"https:\\\/\\\/gelidsolutions.com\\\/wp-content\\\/uploads\\\/2022\\\/06\\\/logo_white_104_104.gif\",\"width\":104,\"height\":104,\"caption\":\"Gelid Solutions\"},\"image\":{\"@id\":\"https:\\\/\\\/gelidsolutions.com\\\/de\\\/#\\\/schema\\\/logo\\\/image\\\/\"}}]}<\/script>\n<!-- \/ Yoast SEO plugin. -->","yoast_head_json":{"title":"SILENT 12 PWM SCHWARZ - Gelid Solutions","robots":{"index":"index","follow":"follow","max-snippet":"max-snippet:-1","max-image-preview":"max-image-preview:large","max-video-preview":"max-video-preview:-1"},"canonical":"https:\/\/gelidsolutions.com\/de\/produkt\/leise-12pwm\/","og_locale":"de_DE","og_type":"article","og_title":"SILENT 12 PWM SCHWARZ - Gelid Solutions","og_description":"Impulsbreitenmodulation (PWM)  Ger\u00e4uschloser Betrieb  Optimierte L\u00fcfterbl\u00e4tter  Hoher Luftstrom und hoher statischer Druck  Ger\u00e4uschloser Motorantrieb  Gummipads  Lange Lebensdauer (50'000 h MTTF bei 40\u00b0C)","og_url":"https:\/\/gelidsolutions.com\/de\/produkt\/leise-12pwm\/","og_site_name":"Gelid Solutions","article_modified_time":"2023-12-25T01:32:37+00:00","og_image":[{"width":1346,"height":1286,"url":"https:\/\/gelidsolutions.com\/wp-content\/uploads\/2021\/08\/Silent-12-PWM-Black.1.png","type":"image\/png"}],"twitter_card":"summary_large_image","twitter_misc":{"Gesch\u00e4tzte Lesezeit":"1\u00a0Minute"},"schema":{"@context":"https:\/\/schema.org","@graph":[{"@type":"WebPage","@id":"https:\/\/gelidsolutions.com\/de\/produkt\/leise-12pwm\/","url":"https:\/\/gelidsolutions.com\/de\/produkt\/leise-12pwm\/","name":"SILENT 12 PWM SCHWARZ - Gelid Solutions","isPartOf":{"@id":"https:\/\/gelidsolutions.com\/de\/#website"},"primaryImageOfPage":{"@id":"https:\/\/gelidsolutions.com\/de\/produkt\/leise-12pwm\/#primaryimage"},"image":{"@id":"https:\/\/gelidsolutions.com\/de\/produkt\/leise-12pwm\/#primaryimage"},"thumbnailUrl":"https:\/\/gelidsolutions.com\/wp-content\/uploads\/2021\/08\/Silent-12-PWM-Black.1.png","datePublished":"2021-08-12T11:52:00+00:00","dateModified":"2023-12-25T01:32:37+00:00","breadcrumb":{"@id":"https:\/\/gelidsolutions.com\/de\/produkt\/leise-12pwm\/#breadcrumb"},"inLanguage":"de","potentialAction":[{"@type":"ReadAction","target":["https:\/\/gelidsolutions.com\/de\/produkt\/leise-12pwm\/"]}]},{"@type":"ImageObject","inLanguage":"de","@id":"https:\/\/gelidsolutions.com\/de\/produkt\/leise-12pwm\/#primaryimage","url":"https:\/\/gelidsolutions.com\/wp-content\/uploads\/2021\/08\/Silent-12-PWM-Black.1.png","contentUrl":"https:\/\/gelidsolutions.com\/wp-content\/uploads\/2021\/08\/Silent-12-PWM-Black.1.png","width":1346,"height":1286,"caption":"Silent 12 PWM Schwarz"},{"@type":"BreadcrumbList","@id":"https:\/\/gelidsolutions.com\/de\/produkt\/leise-12pwm\/#breadcrumb","itemListElement":[{"@type":"ListItem","position":1,"name":"Home","item":"https:\/\/gelidsolutions.com\/de\/"},{"@type":"ListItem","position":2,"name":"Shop","item":"https:\/\/gelidsolutions.com\/shop\/"},{"@type":"ListItem","position":3,"name":"SILENT 12 PWM SCHWARZ"}]},{"@type":"WebSite","@id":"https:\/\/gelidsolutions.com\/de\/#website","url":"https:\/\/gelidsolutions.com\/de\/","name":"Gelid Solutions","description":"","publisher":{"@id":"https:\/\/gelidsolutions.com\/de\/#organization"},"potentialAction":[{"@type":"SearchAction","target":{"@type":"EntryPoint","urlTemplate":"https:\/\/gelidsolutions.com\/de\/?s={search_term_string}"},"query-input":{"@type":"PropertyValueSpecification","valueRequired":true,"valueName":"search_term_string"}}],"inLanguage":"de"},{"@type":"Organization","@id":"https:\/\/gelidsolutions.com\/de\/#organization","name":"Gelid Solutions","url":"https:\/\/gelidsolutions.com\/de\/","logo":{"@type":"ImageObject","inLanguage":"de","@id":"https:\/\/gelidsolutions.com\/de\/#\/schema\/logo\/image\/","url":"https:\/\/gelidsolutions.com\/wp-content\/uploads\/2022\/06\/logo_white_104_104.gif","contentUrl":"https:\/\/gelidsolutions.com\/wp-content\/uploads\/2022\/06\/logo_white_104_104.gif","width":104,"height":104,"caption":"Gelid Solutions"},"image":{"@id":"https:\/\/gelidsolutions.com\/de\/#\/schema\/logo\/image\/"}}]}},"_links":{"self":[{"href":"https:\/\/gelidsolutions.com\/de\/wp-json\/wp\/v2\/product\/120028","targetHints":{"allow":["GET"]}}],"collection":[{"href":"https:\/\/gelidsolutions.com\/de\/wp-json\/wp\/v2\/product"}],"about":[{"href":"https:\/\/gelidsolutions.com\/de\/wp-json\/wp\/v2\/types\/product"}],"replies":[{"embeddable":true,"href":"https:\/\/gelidsolutions.com\/de\/wp-json\/wp\/v2\/comments?post=120028"}],"wp:featuredmedia":[{"embeddable":true,"href":"https:\/\/gelidsolutions.com\/de\/wp-json\/wp\/v2\/media\/119963"}],"wp:attachment":[{"href":"https:\/\/gelidsolutions.com\/de\/wp-json\/wp\/v2\/media?parent=120028"}],"wp:term":[{"taxonomy":"product_cat","embeddable":true,"href":"https:\/\/gelidsolutions.com\/de\/wp-json\/wp\/v2\/product_cat?post=120028"},{"taxonomy":"product_tag","embeddable":true,"href":"https:\/\/gelidsolutions.com\/de\/wp-json\/wp\/v2\/product_tag?post=120028"}],"curies":[{"name":"wp","href":"https:\/\/api.w.org\/{rel}","templated":true}]}}