{"id":120038,"date":"2022-02-03T09:47:00","date_gmt":"2022-02-03T01:47:00","guid":{"rendered":"https:\/\/gelidsolutions.com\/product\/silent-14-black\/"},"modified":"2024-01-06T00:00:07","modified_gmt":"2024-01-05T16:00:07","slug":"still-14-schwarz","status":"publish","type":"product","link":"https:\/\/gelidsolutions.com\/de\/produkt\/still-14-schwarz\/","title":{"rendered":"SILENT 14 SCHWARZ"},"content":{"rendered":"<div class=\"wpb-content-wrapper\"><section class=\"vc_row wpb_row vc_row-fluid\"><div class=\"wpb_column vc_column_container col-xs-mobile-fullwidth vc_col-sm-12\"><div class=\"vc_column-inner\"><div class=\"wpb_wrapper\"><div class=\"wpb_single_image    hongo-full-width-single-image\">\n\t\t\t<figure class=\"wpb_wrapper vc_figure\">\n\t\t\t\t<div class=\"vc_single_image-wrapper  \"><img loading=\"lazy\" decoding=\"async\" width=\"970\" height=\"300\" src=\"https:\/\/gelidsolutions.com\/wp-content\/uploads\/2023\/08\/Silent-14-balck-DE-970x300-01.png\" class=\"vc_single_image-img attachment-full\" alt=\"\" title=\"Silent 14 balck-DE-970x300-01\" srcset=\"https:\/\/gelidsolutions.com\/wp-content\/uploads\/2023\/08\/Silent-14-balck-DE-970x300-01.png 970w, https:\/\/gelidsolutions.com\/wp-content\/uploads\/2023\/08\/Silent-14-balck-DE-970x300-01-300x93.png 300w, https:\/\/gelidsolutions.com\/wp-content\/uploads\/2023\/08\/Silent-14-balck-DE-970x300-01-768x238.png 768w, https:\/\/gelidsolutions.com\/wp-content\/uploads\/2023\/08\/Silent-14-balck-DE-970x300-01-84x26.png 84w, https:\/\/gelidsolutions.com\/wp-content\/uploads\/2023\/08\/Silent-14-balck-DE-970x300-01-200x62.png 200w, https:\/\/gelidsolutions.com\/wp-content\/uploads\/2023\/08\/Silent-14-balck-DE-970x300-01-450x139.png 450w, https:\/\/gelidsolutions.com\/wp-content\/uploads\/2023\/08\/Silent-14-balck-DE-970x300-01-360x111.png 360w, https:\/\/gelidsolutions.com\/wp-content\/uploads\/2023\/08\/Silent-14-balck-DE-970x300-01-800x247.png 800w, https:\/\/gelidsolutions.com\/wp-content\/uploads\/2023\/08\/Silent-14-balck-DE-970x300-01-190x59.png 190w, https:\/\/gelidsolutions.com\/wp-content\/uploads\/2023\/08\/Silent-14-balck-DE-970x300-01-291x90.png 291w\" sizes=\"auto, (max-width: 970px) 100vw, 970px\" \/><\/div>\n\t\t\t<\/figure>\n\t\t\t\n\t\t<\/div><div class=\"vc_empty_space\"   style=\"height: 15px\"><span class=\"vc_empty_space_inner\"><\/span><\/div><div class=\"wpb_single_image    hongo-full-width-single-image\">\n\t\t\t<figure class=\"wpb_wrapper vc_figure\">\n\t\t\t\t<div class=\"vc_single_image-wrapper  \"><img loading=\"lazy\" decoding=\"async\" width=\"970\" height=\"300\" src=\"https:\/\/gelidsolutions.com\/wp-content\/uploads\/2023\/08\/Silent-14-balck-DE-970x300-02.png\" class=\"vc_single_image-img attachment-full\" alt=\"\" title=\"Silent 14 balck-DE-970x300-02\" srcset=\"https:\/\/gelidsolutions.com\/wp-content\/uploads\/2023\/08\/Silent-14-balck-DE-970x300-02.png 970w, https:\/\/gelidsolutions.com\/wp-content\/uploads\/2023\/08\/Silent-14-balck-DE-970x300-02-300x93.png 300w, https:\/\/gelidsolutions.com\/wp-content\/uploads\/2023\/08\/Silent-14-balck-DE-970x300-02-768x238.png 768w, https:\/\/gelidsolutions.com\/wp-content\/uploads\/2023\/08\/Silent-14-balck-DE-970x300-02-84x26.png 84w, https:\/\/gelidsolutions.com\/wp-content\/uploads\/2023\/08\/Silent-14-balck-DE-970x300-02-200x62.png 200w, https:\/\/gelidsolutions.com\/wp-content\/uploads\/2023\/08\/Silent-14-balck-DE-970x300-02-450x139.png 450w, https:\/\/gelidsolutions.com\/wp-content\/uploads\/2023\/08\/Silent-14-balck-DE-970x300-02-360x111.png 360w, https:\/\/gelidsolutions.com\/wp-content\/uploads\/2023\/08\/Silent-14-balck-DE-970x300-02-800x247.png 800w, https:\/\/gelidsolutions.com\/wp-content\/uploads\/2023\/08\/Silent-14-balck-DE-970x300-02-190x59.png 190w, https:\/\/gelidsolutions.com\/wp-content\/uploads\/2023\/08\/Silent-14-balck-DE-970x300-02-291x90.png 291w\" sizes=\"auto, (max-width: 970px) 100vw, 970px\" \/><\/div>\n\t\t\t<\/figure>\n\t\t\t\n\t\t<\/div><div class=\"vc_empty_space\"   style=\"height: 15px\"><span class=\"vc_empty_space_inner\"><\/span><\/div><div class=\"wpb_single_image    hongo-full-width-single-image\">\n\t\t\t<figure class=\"wpb_wrapper vc_figure\">\n\t\t\t\t<div class=\"vc_single_image-wrapper  \"><img loading=\"lazy\" decoding=\"async\" width=\"970\" height=\"300\" src=\"https:\/\/gelidsolutions.com\/wp-content\/uploads\/2023\/08\/Silent-14-balck-DE-970x300-03.png\" class=\"vc_single_image-img attachment-full\" alt=\"\" title=\"Silent 14 balck-DE-970x300-03\" srcset=\"https:\/\/gelidsolutions.com\/wp-content\/uploads\/2023\/08\/Silent-14-balck-DE-970x300-03.png 970w, https:\/\/gelidsolutions.com\/wp-content\/uploads\/2023\/08\/Silent-14-balck-DE-970x300-03-300x93.png 300w, https:\/\/gelidsolutions.com\/wp-content\/uploads\/2023\/08\/Silent-14-balck-DE-970x300-03-768x238.png 768w, https:\/\/gelidsolutions.com\/wp-content\/uploads\/2023\/08\/Silent-14-balck-DE-970x300-03-84x26.png 84w, https:\/\/gelidsolutions.com\/wp-content\/uploads\/2023\/08\/Silent-14-balck-DE-970x300-03-200x62.png 200w, https:\/\/gelidsolutions.com\/wp-content\/uploads\/2023\/08\/Silent-14-balck-DE-970x300-03-450x139.png 450w, https:\/\/gelidsolutions.com\/wp-content\/uploads\/2023\/08\/Silent-14-balck-DE-970x300-03-360x111.png 360w, https:\/\/gelidsolutions.com\/wp-content\/uploads\/2023\/08\/Silent-14-balck-DE-970x300-03-800x247.png 800w, https:\/\/gelidsolutions.com\/wp-content\/uploads\/2023\/08\/Silent-14-balck-DE-970x300-03-190x59.png 190w, https:\/\/gelidsolutions.com\/wp-content\/uploads\/2023\/08\/Silent-14-balck-DE-970x300-03-291x90.png 291w\" sizes=\"auto, (max-width: 970px) 100vw, 970px\" \/><\/div>\n\t\t\t<\/figure>\n\t\t\t\n\t\t<\/div><div class=\"vc_empty_space\"   style=\"height: 15px\"><span class=\"vc_empty_space_inner\"><\/span><\/div><div class=\"wpb_single_image    hongo-full-width-single-image\">\n\t\t\t<figure class=\"wpb_wrapper vc_figure\">\n\t\t\t\t<div class=\"vc_single_image-wrapper  \"><img loading=\"lazy\" decoding=\"async\" width=\"970\" height=\"300\" src=\"https:\/\/gelidsolutions.com\/wp-content\/uploads\/2023\/08\/Silent-14-balck-DE-970x300-04.png\" class=\"vc_single_image-img attachment-full\" alt=\"\" title=\"Silent 14 balck-DE-970x300-04\" srcset=\"https:\/\/gelidsolutions.com\/wp-content\/uploads\/2023\/08\/Silent-14-balck-DE-970x300-04.png 970w, https:\/\/gelidsolutions.com\/wp-content\/uploads\/2023\/08\/Silent-14-balck-DE-970x300-04-300x93.png 300w, https:\/\/gelidsolutions.com\/wp-content\/uploads\/2023\/08\/Silent-14-balck-DE-970x300-04-768x238.png 768w, https:\/\/gelidsolutions.com\/wp-content\/uploads\/2023\/08\/Silent-14-balck-DE-970x300-04-84x26.png 84w, https:\/\/gelidsolutions.com\/wp-content\/uploads\/2023\/08\/Silent-14-balck-DE-970x300-04-200x62.png 200w, https:\/\/gelidsolutions.com\/wp-content\/uploads\/2023\/08\/Silent-14-balck-DE-970x300-04-450x139.png 450w, https:\/\/gelidsolutions.com\/wp-content\/uploads\/2023\/08\/Silent-14-balck-DE-970x300-04-360x111.png 360w, https:\/\/gelidsolutions.com\/wp-content\/uploads\/2023\/08\/Silent-14-balck-DE-970x300-04-800x247.png 800w, https:\/\/gelidsolutions.com\/wp-content\/uploads\/2023\/08\/Silent-14-balck-DE-970x300-04-190x59.png 190w, https:\/\/gelidsolutions.com\/wp-content\/uploads\/2023\/08\/Silent-14-balck-DE-970x300-04-291x90.png 291w\" sizes=\"auto, (max-width: 970px) 100vw, 970px\" \/><\/div>\n\t\t\t<\/figure>\n\t\t\t\n\t\t<\/div><div class=\"vc_empty_space\"   style=\"height: 15px\"><span class=\"vc_empty_space_inner\"><\/span><\/div><div class=\"wpb_single_image    hongo-full-width-single-image\">\n\t\t\t<figure class=\"wpb_wrapper vc_figure\">\n\t\t\t\t<div class=\"vc_single_image-wrapper  \"><img loading=\"lazy\" decoding=\"async\" width=\"970\" height=\"300\" src=\"https:\/\/gelidsolutions.com\/wp-content\/uploads\/2023\/08\/Silent-14-balck-DE-970x300-05.png\" class=\"vc_single_image-img attachment-full\" alt=\"\" title=\"Silent 14 balck-DE-970x300-05\" srcset=\"https:\/\/gelidsolutions.com\/wp-content\/uploads\/2023\/08\/Silent-14-balck-DE-970x300-05.png 970w, https:\/\/gelidsolutions.com\/wp-content\/uploads\/2023\/08\/Silent-14-balck-DE-970x300-05-300x93.png 300w, https:\/\/gelidsolutions.com\/wp-content\/uploads\/2023\/08\/Silent-14-balck-DE-970x300-05-768x238.png 768w, https:\/\/gelidsolutions.com\/wp-content\/uploads\/2023\/08\/Silent-14-balck-DE-970x300-05-84x26.png 84w, https:\/\/gelidsolutions.com\/wp-content\/uploads\/2023\/08\/Silent-14-balck-DE-970x300-05-200x62.png 200w, https:\/\/gelidsolutions.com\/wp-content\/uploads\/2023\/08\/Silent-14-balck-DE-970x300-05-450x139.png 450w, https:\/\/gelidsolutions.com\/wp-content\/uploads\/2023\/08\/Silent-14-balck-DE-970x300-05-360x111.png 360w, https:\/\/gelidsolutions.com\/wp-content\/uploads\/2023\/08\/Silent-14-balck-DE-970x300-05-800x247.png 800w, https:\/\/gelidsolutions.com\/wp-content\/uploads\/2023\/08\/Silent-14-balck-DE-970x300-05-190x59.png 190w, https:\/\/gelidsolutions.com\/wp-content\/uploads\/2023\/08\/Silent-14-balck-DE-970x300-05-291x90.png 291w\" sizes=\"auto, (max-width: 970px) 100vw, 970px\" \/><\/div>\n\t\t\t<\/figure>\n\t\t\t\n\t\t<\/div><div class=\"vc_empty_space\"   style=\"height: 15px\"><span class=\"vc_empty_space_inner\"><\/span><\/div><div class=\"wpb_single_image    hongo-full-width-single-image\">\n\t\t\t<figure class=\"wpb_wrapper vc_figure\">\n\t\t\t\t<div class=\"vc_single_image-wrapper  \"><img loading=\"lazy\" decoding=\"async\" width=\"970\" height=\"300\" src=\"https:\/\/gelidsolutions.com\/wp-content\/uploads\/2023\/08\/Silent-14-balck-DE-970x300-06.png\" class=\"vc_single_image-img attachment-full\" alt=\"\" title=\"Silent 14 balck-DE-970x300-06\" srcset=\"https:\/\/gelidsolutions.com\/wp-content\/uploads\/2023\/08\/Silent-14-balck-DE-970x300-06.png 970w, https:\/\/gelidsolutions.com\/wp-content\/uploads\/2023\/08\/Silent-14-balck-DE-970x300-06-300x93.png 300w, https:\/\/gelidsolutions.com\/wp-content\/uploads\/2023\/08\/Silent-14-balck-DE-970x300-06-768x238.png 768w, https:\/\/gelidsolutions.com\/wp-content\/uploads\/2023\/08\/Silent-14-balck-DE-970x300-06-84x26.png 84w, https:\/\/gelidsolutions.com\/wp-content\/uploads\/2023\/08\/Silent-14-balck-DE-970x300-06-200x62.png 200w, https:\/\/gelidsolutions.com\/wp-content\/uploads\/2023\/08\/Silent-14-balck-DE-970x300-06-450x139.png 450w, https:\/\/gelidsolutions.com\/wp-content\/uploads\/2023\/08\/Silent-14-balck-DE-970x300-06-360x111.png 360w, https:\/\/gelidsolutions.com\/wp-content\/uploads\/2023\/08\/Silent-14-balck-DE-970x300-06-800x247.png 800w, https:\/\/gelidsolutions.com\/wp-content\/uploads\/2023\/08\/Silent-14-balck-DE-970x300-06-190x59.png 190w, https:\/\/gelidsolutions.com\/wp-content\/uploads\/2023\/08\/Silent-14-balck-DE-970x300-06-291x90.png 291w\" sizes=\"auto, (max-width: 970px) 100vw, 970px\" \/><\/div>\n\t\t\t<\/figure>\n\t\t\t\n\t\t<\/div><div class=\"vc_empty_space\"   style=\"height: 15px\"><span class=\"vc_empty_space_inner\"><\/span><\/div><div class=\"wpb_single_image    hongo-full-width-single-image\">\n\t\t\t<figure class=\"wpb_wrapper vc_figure\">\n\t\t\t\t<div class=\"vc_single_image-wrapper  \"><img loading=\"lazy\" decoding=\"async\" width=\"970\" height=\"300\" src=\"https:\/\/gelidsolutions.com\/wp-content\/uploads\/2023\/08\/Silent-14-balck-DE-970x300-07.png\" class=\"vc_single_image-img attachment-full\" alt=\"\" title=\"Silent 14 balck-DE-970x300-07\" srcset=\"https:\/\/gelidsolutions.com\/wp-content\/uploads\/2023\/08\/Silent-14-balck-DE-970x300-07.png 970w, https:\/\/gelidsolutions.com\/wp-content\/uploads\/2023\/08\/Silent-14-balck-DE-970x300-07-300x93.png 300w, https:\/\/gelidsolutions.com\/wp-content\/uploads\/2023\/08\/Silent-14-balck-DE-970x300-07-768x238.png 768w, https:\/\/gelidsolutions.com\/wp-content\/uploads\/2023\/08\/Silent-14-balck-DE-970x300-07-84x26.png 84w, https:\/\/gelidsolutions.com\/wp-content\/uploads\/2023\/08\/Silent-14-balck-DE-970x300-07-200x62.png 200w, https:\/\/gelidsolutions.com\/wp-content\/uploads\/2023\/08\/Silent-14-balck-DE-970x300-07-450x139.png 450w, https:\/\/gelidsolutions.com\/wp-content\/uploads\/2023\/08\/Silent-14-balck-DE-970x300-07-360x111.png 360w, https:\/\/gelidsolutions.com\/wp-content\/uploads\/2023\/08\/Silent-14-balck-DE-970x300-07-800x247.png 800w, https:\/\/gelidsolutions.com\/wp-content\/uploads\/2023\/08\/Silent-14-balck-DE-970x300-07-190x59.png 190w, https:\/\/gelidsolutions.com\/wp-content\/uploads\/2023\/08\/Silent-14-balck-DE-970x300-07-291x90.png 291w\" sizes=\"auto, (max-width: 970px) 100vw, 970px\" \/><\/div>\n\t\t\t<\/figure>\n\t\t\t\n\t\t<\/div><div class=\"vc_empty_space\"   style=\"height: 40px\"><span class=\"vc_empty_space_inner\"><\/span><\/div><div class=\"text-block-content hongo-text-block-1 last-paragraph-no-margin\"><p>EAN: 4897025783157<\/p>\n<\/div><\/div><\/div><\/div><\/section>\n<\/div>","protected":false},"excerpt":{"rendered":"<ul>\n<li>Ger\u00e4uschloser Betrieb<\/li>\n<li>Optimierte L\u00fcfterbl\u00e4tter<\/li>\n<li>Hoher Luftstrom und hoher statischer Druck<\/li>\n<li>Gummil\u00fcfterhalterungen<\/li>\n<li>Lange Lebensdauer (50&#8217;000 h MTTF bei 40\u00b0C)<\/li>\n<\/ul>\n","protected":false},"featured_media":113520,"comment_status":"closed","ping_status":"closed","template":"","meta":{"_acf_changed":false},"product_cat":[305,306,550,309],"product_tag":[],"class_list":{"0":"post-120038","1":"product","2":"type-product","3":"status-publish","4":"has-post-thumbnail","6":"product_cat-kuehlloesungen","7":"product_cat-luefter","8":"product_cat-silent-case-fan-case-fan-thermal-solutions-de","9":"product_cat-silent-luefter","11":"first","12":"instock","13":"taxable","14":"shipping-taxable","15":"purchasable","16":"product-type-simple"},"supplier_id":null,"supplier_sku":"FN-PX14-11","barcode":"4897025783157","atum_controlled":true,"out_stock_date":null,"out_stock_threshold":null,"inheritable":false,"inbound_stock":null,"stock_on_hold":0,"sold_today":0,"sales_last_days":0,"reserved_stock":null,"customer_returns":null,"warehouse_damage":null,"lost_in_post":null,"other_logs":null,"out_stock_days":0,"lost_sales":0,"has_location":false,"update_date":"2026-05-02T01:13:16","atum_locations":[],"atum_stock_status":"instock","restock_status":false,"low_stock_amount":"","sales_update_date":"2026-05-02T01:13:16","calc_backorders":null,"acf":[],"yoast_head":"<!-- This site is optimized with the Yoast SEO plugin v27.5 - https:\/\/yoast.com\/product\/yoast-seo-wordpress\/ -->\n<title>SILENT 14 SCHWARZ - Gelid Solutions<\/title>\n<meta name=\"robots\" content=\"index, follow, max-snippet:-1, max-image-preview:large, max-video-preview:-1\" \/>\n<link rel=\"canonical\" href=\"https:\/\/gelidsolutions.com\/de\/produkt\/still-14-schwarz\/\" \/>\n<meta property=\"og:locale\" content=\"de_DE\" \/>\n<meta property=\"og:type\" content=\"article\" \/>\n<meta property=\"og:title\" content=\"SILENT 14 SCHWARZ - Gelid Solutions\" \/>\n<meta property=\"og:description\" content=\"Ger\u00e4uschloser Betrieb  Optimierte L\u00fcfterbl\u00e4tter  Hoher Luftstrom und hoher statischer Druck  Gummil\u00fcfterhalterungen  Lange Lebensdauer (50&#039;000 h MTTF bei 40\u00b0C)\" \/>\n<meta property=\"og:url\" content=\"https:\/\/gelidsolutions.com\/de\/produkt\/still-14-schwarz\/\" \/>\n<meta property=\"og:site_name\" content=\"Gelid Solutions\" \/>\n<meta property=\"article:modified_time\" content=\"2024-01-05T16:00:07+00:00\" \/>\n<meta property=\"og:image\" content=\"https:\/\/gelidsolutions.com\/wp-content\/uploads\/2022\/05\/Silent-14-03-e1665560277350.png\" \/>\n\t<meta property=\"og:image:width\" content=\"1024\" \/>\n\t<meta property=\"og:image:height\" content=\"1024\" \/>\n\t<meta property=\"og:image:type\" content=\"image\/png\" \/>\n<meta name=\"twitter:card\" content=\"summary_large_image\" \/>\n<meta name=\"twitter:label1\" content=\"Gesch\u00e4tzte Lesezeit\" \/>\n\t<meta name=\"twitter:data1\" content=\"1\u00a0Minute\" \/>\n<script type=\"application\/ld+json\" class=\"yoast-schema-graph\">{\"@context\":\"https:\\\/\\\/schema.org\",\"@graph\":[{\"@type\":\"WebPage\",\"@id\":\"https:\\\/\\\/gelidsolutions.com\\\/de\\\/produkt\\\/still-14-schwarz\\\/\",\"url\":\"https:\\\/\\\/gelidsolutions.com\\\/de\\\/produkt\\\/still-14-schwarz\\\/\",\"name\":\"SILENT 14 SCHWARZ - Gelid Solutions\",\"isPartOf\":{\"@id\":\"https:\\\/\\\/gelidsolutions.com\\\/de\\\/#website\"},\"primaryImageOfPage\":{\"@id\":\"https:\\\/\\\/gelidsolutions.com\\\/de\\\/produkt\\\/still-14-schwarz\\\/#primaryimage\"},\"image\":{\"@id\":\"https:\\\/\\\/gelidsolutions.com\\\/de\\\/produkt\\\/still-14-schwarz\\\/#primaryimage\"},\"thumbnailUrl\":\"https:\\\/\\\/gelidsolutions.com\\\/wp-content\\\/uploads\\\/2022\\\/05\\\/Silent-14-03-e1665560277350.png\",\"datePublished\":\"2022-02-03T01:47:00+00:00\",\"dateModified\":\"2024-01-05T16:00:07+00:00\",\"breadcrumb\":{\"@id\":\"https:\\\/\\\/gelidsolutions.com\\\/de\\\/produkt\\\/still-14-schwarz\\\/#breadcrumb\"},\"inLanguage\":\"de\",\"potentialAction\":[{\"@type\":\"ReadAction\",\"target\":[\"https:\\\/\\\/gelidsolutions.com\\\/de\\\/produkt\\\/still-14-schwarz\\\/\"]}]},{\"@type\":\"ImageObject\",\"inLanguage\":\"de\",\"@id\":\"https:\\\/\\\/gelidsolutions.com\\\/de\\\/produkt\\\/still-14-schwarz\\\/#primaryimage\",\"url\":\"https:\\\/\\\/gelidsolutions.com\\\/wp-content\\\/uploads\\\/2022\\\/05\\\/Silent-14-03-e1665560277350.png\",\"contentUrl\":\"https:\\\/\\\/gelidsolutions.com\\\/wp-content\\\/uploads\\\/2022\\\/05\\\/Silent-14-03-e1665560277350.png\",\"width\":3236,\"height\":3236},{\"@type\":\"BreadcrumbList\",\"@id\":\"https:\\\/\\\/gelidsolutions.com\\\/de\\\/produkt\\\/still-14-schwarz\\\/#breadcrumb\",\"itemListElement\":[{\"@type\":\"ListItem\",\"position\":1,\"name\":\"Home\",\"item\":\"https:\\\/\\\/gelidsolutions.com\\\/de\\\/\"},{\"@type\":\"ListItem\",\"position\":2,\"name\":\"Shop\",\"item\":\"https:\\\/\\\/gelidsolutions.com\\\/shop\\\/\"},{\"@type\":\"ListItem\",\"position\":3,\"name\":\"SILENT 14 SCHWARZ\"}]},{\"@type\":\"WebSite\",\"@id\":\"https:\\\/\\\/gelidsolutions.com\\\/de\\\/#website\",\"url\":\"https:\\\/\\\/gelidsolutions.com\\\/de\\\/\",\"name\":\"Gelid Solutions\",\"description\":\"\",\"publisher\":{\"@id\":\"https:\\\/\\\/gelidsolutions.com\\\/de\\\/#organization\"},\"potentialAction\":[{\"@type\":\"SearchAction\",\"target\":{\"@type\":\"EntryPoint\",\"urlTemplate\":\"https:\\\/\\\/gelidsolutions.com\\\/de\\\/?s={search_term_string}\"},\"query-input\":{\"@type\":\"PropertyValueSpecification\",\"valueRequired\":true,\"valueName\":\"search_term_string\"}}],\"inLanguage\":\"de\"},{\"@type\":\"Organization\",\"@id\":\"https:\\\/\\\/gelidsolutions.com\\\/de\\\/#organization\",\"name\":\"Gelid Solutions\",\"url\":\"https:\\\/\\\/gelidsolutions.com\\\/de\\\/\",\"logo\":{\"@type\":\"ImageObject\",\"inLanguage\":\"de\",\"@id\":\"https:\\\/\\\/gelidsolutions.com\\\/de\\\/#\\\/schema\\\/logo\\\/image\\\/\",\"url\":\"https:\\\/\\\/gelidsolutions.com\\\/wp-content\\\/uploads\\\/2022\\\/06\\\/logo_white_104_104.gif\",\"contentUrl\":\"https:\\\/\\\/gelidsolutions.com\\\/wp-content\\\/uploads\\\/2022\\\/06\\\/logo_white_104_104.gif\",\"width\":104,\"height\":104,\"caption\":\"Gelid Solutions\"},\"image\":{\"@id\":\"https:\\\/\\\/gelidsolutions.com\\\/de\\\/#\\\/schema\\\/logo\\\/image\\\/\"}}]}<\/script>\n<!-- \/ Yoast SEO plugin. -->","yoast_head_json":{"title":"SILENT 14 SCHWARZ - Gelid Solutions","robots":{"index":"index","follow":"follow","max-snippet":"max-snippet:-1","max-image-preview":"max-image-preview:large","max-video-preview":"max-video-preview:-1"},"canonical":"https:\/\/gelidsolutions.com\/de\/produkt\/still-14-schwarz\/","og_locale":"de_DE","og_type":"article","og_title":"SILENT 14 SCHWARZ - Gelid Solutions","og_description":"Ger\u00e4uschloser Betrieb  Optimierte L\u00fcfterbl\u00e4tter  Hoher Luftstrom und hoher statischer Druck  Gummil\u00fcfterhalterungen  Lange Lebensdauer (50'000 h MTTF bei 40\u00b0C)","og_url":"https:\/\/gelidsolutions.com\/de\/produkt\/still-14-schwarz\/","og_site_name":"Gelid Solutions","article_modified_time":"2024-01-05T16:00:07+00:00","og_image":[{"url":"https:\/\/gelidsolutions.com\/wp-content\/uploads\/2022\/05\/Silent-14-03-e1665560277350.png","width":1024,"height":1024,"type":"image\/png"}],"twitter_card":"summary_large_image","twitter_misc":{"Gesch\u00e4tzte Lesezeit":"1\u00a0Minute"},"schema":{"@context":"https:\/\/schema.org","@graph":[{"@type":"WebPage","@id":"https:\/\/gelidsolutions.com\/de\/produkt\/still-14-schwarz\/","url":"https:\/\/gelidsolutions.com\/de\/produkt\/still-14-schwarz\/","name":"SILENT 14 SCHWARZ - Gelid Solutions","isPartOf":{"@id":"https:\/\/gelidsolutions.com\/de\/#website"},"primaryImageOfPage":{"@id":"https:\/\/gelidsolutions.com\/de\/produkt\/still-14-schwarz\/#primaryimage"},"image":{"@id":"https:\/\/gelidsolutions.com\/de\/produkt\/still-14-schwarz\/#primaryimage"},"thumbnailUrl":"https:\/\/gelidsolutions.com\/wp-content\/uploads\/2022\/05\/Silent-14-03-e1665560277350.png","datePublished":"2022-02-03T01:47:00+00:00","dateModified":"2024-01-05T16:00:07+00:00","breadcrumb":{"@id":"https:\/\/gelidsolutions.com\/de\/produkt\/still-14-schwarz\/#breadcrumb"},"inLanguage":"de","potentialAction":[{"@type":"ReadAction","target":["https:\/\/gelidsolutions.com\/de\/produkt\/still-14-schwarz\/"]}]},{"@type":"ImageObject","inLanguage":"de","@id":"https:\/\/gelidsolutions.com\/de\/produkt\/still-14-schwarz\/#primaryimage","url":"https:\/\/gelidsolutions.com\/wp-content\/uploads\/2022\/05\/Silent-14-03-e1665560277350.png","contentUrl":"https:\/\/gelidsolutions.com\/wp-content\/uploads\/2022\/05\/Silent-14-03-e1665560277350.png","width":3236,"height":3236},{"@type":"BreadcrumbList","@id":"https:\/\/gelidsolutions.com\/de\/produkt\/still-14-schwarz\/#breadcrumb","itemListElement":[{"@type":"ListItem","position":1,"name":"Home","item":"https:\/\/gelidsolutions.com\/de\/"},{"@type":"ListItem","position":2,"name":"Shop","item":"https:\/\/gelidsolutions.com\/shop\/"},{"@type":"ListItem","position":3,"name":"SILENT 14 SCHWARZ"}]},{"@type":"WebSite","@id":"https:\/\/gelidsolutions.com\/de\/#website","url":"https:\/\/gelidsolutions.com\/de\/","name":"Gelid Solutions","description":"","publisher":{"@id":"https:\/\/gelidsolutions.com\/de\/#organization"},"potentialAction":[{"@type":"SearchAction","target":{"@type":"EntryPoint","urlTemplate":"https:\/\/gelidsolutions.com\/de\/?s={search_term_string}"},"query-input":{"@type":"PropertyValueSpecification","valueRequired":true,"valueName":"search_term_string"}}],"inLanguage":"de"},{"@type":"Organization","@id":"https:\/\/gelidsolutions.com\/de\/#organization","name":"Gelid Solutions","url":"https:\/\/gelidsolutions.com\/de\/","logo":{"@type":"ImageObject","inLanguage":"de","@id":"https:\/\/gelidsolutions.com\/de\/#\/schema\/logo\/image\/","url":"https:\/\/gelidsolutions.com\/wp-content\/uploads\/2022\/06\/logo_white_104_104.gif","contentUrl":"https:\/\/gelidsolutions.com\/wp-content\/uploads\/2022\/06\/logo_white_104_104.gif","width":104,"height":104,"caption":"Gelid Solutions"},"image":{"@id":"https:\/\/gelidsolutions.com\/de\/#\/schema\/logo\/image\/"}}]}},"_links":{"self":[{"href":"https:\/\/gelidsolutions.com\/de\/wp-json\/wp\/v2\/product\/120038","targetHints":{"allow":["GET"]}}],"collection":[{"href":"https:\/\/gelidsolutions.com\/de\/wp-json\/wp\/v2\/product"}],"about":[{"href":"https:\/\/gelidsolutions.com\/de\/wp-json\/wp\/v2\/types\/product"}],"replies":[{"embeddable":true,"href":"https:\/\/gelidsolutions.com\/de\/wp-json\/wp\/v2\/comments?post=120038"}],"wp:featuredmedia":[{"embeddable":true,"href":"https:\/\/gelidsolutions.com\/de\/wp-json\/wp\/v2\/media\/113520"}],"wp:attachment":[{"href":"https:\/\/gelidsolutions.com\/de\/wp-json\/wp\/v2\/media?parent=120038"}],"wp:term":[{"taxonomy":"product_cat","embeddable":true,"href":"https:\/\/gelidsolutions.com\/de\/wp-json\/wp\/v2\/product_cat?post=120038"},{"taxonomy":"product_tag","embeddable":true,"href":"https:\/\/gelidsolutions.com\/de\/wp-json\/wp\/v2\/product_tag?post=120038"}],"curies":[{"name":"wp","href":"https:\/\/api.w.org\/{rel}","templated":true}]}}