{"id":120126,"date":"2021-09-20T13:31:00","date_gmt":"2021-09-20T05:31:00","guid":{"rendered":"https:\/\/gelidsolutions.com\/product\/blackfrore\/"},"modified":"2024-05-20T00:00:11","modified_gmt":"2024-05-19T16:00:11","slug":"blackfrore","status":"publish","type":"product","link":"https:\/\/gelidsolutions.com\/de\/produkt\/blackfrore\/","title":{"rendered":"BLACKFRORE"},"content":{"rendered":"<p><b><i>BlackFrore (CC-BlackFrore-01-A)<\/i><\/b><br \/>\nUltimativer CPU-K\u00fchler mit intelligentem PWM-L\u00fcfter<\/p>\n<p><i><b>Anwendungen:<\/b><\/i><\/p>\n<p><b>Intel\u2122<\/b> Sockel 775, 1366, 2011, 2066, 1155, 1156, 1150, 1151 &amp; 1200<br \/>\nCPU: Alle Pentium D\/ Pentium 4\/ Alle Celeron D\/ Alle Pentium Dual-Core\/ Extreme\/ Alle Core 2 Extreme\/ Core 2 Quad\/ Core 2 Duo, Core i5, Core i7<br \/>\n<b><br \/>\nAMD\u2122<\/b> Sockel AM2, AM2+, AM3, AM3+, AM4, AM5, FM1, FM2 &amp; FM2+<br \/>\nCPU: Alle Athlon 64 X2, Athlon 64, alle Athlon II, alle Sempron, Phenom, Phenom II, alle AMD APU der A-Serie, alle Ryzen (AM4)<\/p>\n<p><em>Alle Marken und Warenzeichen sind das Eigentum ihrer jeweiligen Inhaber.<\/em><\/p>\n<p>Der BlackFrore wurde entwickelt, um die Eigenschaften erstklassiger CPU-K\u00fchler auf den Massenmarkt zu bringen. Er nutzt eine Konstellation aus einem fortschrittlichen K\u00fchlk\u00f6rper mit doppelter Heatpipe, die mit der Heatpipe Direct Contact (HDC)-Technologie und einer hochklassigen schwarzen elektrophoretischen Beschichtung ausgestattet ist, und einem leisen 92-mm-L\u00fcfter mit Smart PWM, um eine erstklassige Leistung zu erzielen.<\/p>\n<p>Die kompakte Gr\u00f6\u00dfe, das leichte Design und die nahtlose Montage gew\u00e4hrleisten eine breite plattform\u00fcbergreifende Kompatibilit\u00e4t und eine einfache Installation. Die volle Unterst\u00fctzung von TDP 65W macht das BlackFrore zu einer perfekten L\u00f6sung f\u00fcr Gamer und IT-Profis.<\/p>\n<p>Die <strong>Heatpipe Direct Contact (HDC) Technologie<\/strong> sorgt f\u00fcr einen perfekten thermischen Kontakt zwischen CPU und Heatpipes.<\/p>\n<p>Der <strong>fortschrittliche K\u00fchlk\u00f6rper<\/strong> bietet eine deutlich verbesserte K\u00fchlleistung.<\/p>\n<p>Der <strong>intelligente PWM-L\u00fcfter <\/strong>sorgt f\u00fcr eine effiziente Verteilung des Luftstroms \u00fcber den K\u00fchlk\u00f6rper und f\u00fcr einen leisen Betrieb.<\/p>\n<p>Die <strong>hochwertige schwarze elektrophoretische Beschichtung<\/strong> sorgt f\u00fcr ein perfektes Oberfl\u00e4chenfinish, eine au\u00dfergew\u00f6hnliche Optik und Haptik und verbessert die Haltbarkeit.<\/p>\n<p>Das <strong>Enhanced Mounting Kit <\/strong>erleichtert die Installation und erweitert die CPU-Unterst\u00fctzung.<\/p>\n<p><i>Der K\u00fchler ist RoHS- und WEEE-konform und hat eine 3-j\u00e4hrige Garantie.<\/i><i><br \/>\n<\/i><\/p>\n<p>EAN: 4897025783225<\/p>\n","protected":false},"excerpt":{"rendered":"<ul>\n<li>  2 Leistungs-Heatpipes<\/li>\n<li>  Fortschrittlicher K\u00fchlk\u00f6rper<\/li>\n<li>  92mm Smart PWM-L\u00fcfter<\/li>\n<li>  Erweitertes Montage-Kit<\/li>\n<li>  Hochwertige schwarze elektrophoretische Beschichtung<\/li>\n<\/ul>\n","protected":false},"featured_media":120124,"comment_status":"closed","ping_status":"closed","template":"","meta":{"_acf_changed":false},"product_cat":[548,549,311,322,531,305],"product_tag":[553],"class_list":{"0":"post-120126","1":"product","2":"type-product","3":"status-publish","4":"has-post-thumbnail","6":"product_cat-award-winning-thermal-solutions-collections-de","7":"product_cat-collections-de","8":"product_cat-cpu-kuehler","9":"product_cat-gamer-cpu-kuehler","10":"product_cat-heiser-verkauf","11":"product_cat-kuehlloesungen","12":"product_tag-thermal-solution-de","14":"first","15":"instock","16":"taxable","17":"shipping-taxable","18":"purchasable","19":"product-type-simple"},"supplier_id":null,"supplier_sku":"CC-BlackFrore-01-A","barcode":null,"atum_controlled":true,"out_stock_date":null,"out_stock_threshold":null,"inheritable":false,"inbound_stock":null,"stock_on_hold":0,"sold_today":0,"sales_last_days":0,"reserved_stock":null,"customer_returns":null,"warehouse_damage":null,"lost_in_post":null,"other_logs":null,"out_stock_days":0,"lost_sales":0,"has_location":false,"update_date":"2026-04-04T00:03:59","atum_locations":[],"atum_stock_status":"instock","restock_status":false,"low_stock_amount":"","sales_update_date":"2026-04-04T00:03:59","calc_backorders":null,"acf":[],"yoast_head":"<!-- This site is optimized with the Yoast SEO plugin v27.3 - https:\/\/yoast.com\/product\/yoast-seo-wordpress\/ -->\n<title>BLACKFRORE - Gelid Solutions<\/title>\n<meta name=\"robots\" content=\"index, follow, max-snippet:-1, max-image-preview:large, max-video-preview:-1\" \/>\n<link rel=\"canonical\" href=\"https:\/\/gelidsolutions.com\/de\/produkt\/blackfrore\/\" \/>\n<meta property=\"og:locale\" content=\"de_DE\" \/>\n<meta property=\"og:type\" content=\"article\" \/>\n<meta property=\"og:title\" content=\"BLACKFRORE - Gelid Solutions\" \/>\n<meta property=\"og:description\" content=\"2 Leistungs-Heatpipes   Fortschrittlicher K\u00fchlk\u00f6rper   92mm Smart PWM-L\u00fcfter   Erweitertes Montage-Kit   Hochwertige schwarze elektrophoretische Beschichtung\" \/>\n<meta property=\"og:url\" content=\"https:\/\/gelidsolutions.com\/de\/produkt\/blackfrore\/\" \/>\n<meta property=\"og:site_name\" content=\"Gelid Solutions\" \/>\n<meta property=\"article:modified_time\" content=\"2024-05-19T16:00:11+00:00\" \/>\n<meta property=\"og:image\" content=\"https:\/\/gelidsolutions.com\/wp-content\/uploads\/2021\/09\/blackfrore-1.png\" \/>\n\t<meta property=\"og:image:width\" content=\"2000\" \/>\n\t<meta property=\"og:image:height\" content=\"2000\" \/>\n\t<meta property=\"og:image:type\" content=\"image\/png\" \/>\n<meta name=\"twitter:card\" content=\"summary_large_image\" \/>\n<meta name=\"twitter:label1\" content=\"Gesch\u00e4tzte Lesezeit\" \/>\n\t<meta name=\"twitter:data1\" content=\"1\u00a0Minute\" \/>\n<script type=\"application\/ld+json\" class=\"yoast-schema-graph\">{\"@context\":\"https:\\\/\\\/schema.org\",\"@graph\":[{\"@type\":\"WebPage\",\"@id\":\"https:\\\/\\\/gelidsolutions.com\\\/de\\\/produkt\\\/blackfrore\\\/\",\"url\":\"https:\\\/\\\/gelidsolutions.com\\\/de\\\/produkt\\\/blackfrore\\\/\",\"name\":\"BLACKFRORE - Gelid Solutions\",\"isPartOf\":{\"@id\":\"https:\\\/\\\/gelidsolutions.com\\\/de\\\/#website\"},\"primaryImageOfPage\":{\"@id\":\"https:\\\/\\\/gelidsolutions.com\\\/de\\\/produkt\\\/blackfrore\\\/#primaryimage\"},\"image\":{\"@id\":\"https:\\\/\\\/gelidsolutions.com\\\/de\\\/produkt\\\/blackfrore\\\/#primaryimage\"},\"thumbnailUrl\":\"https:\\\/\\\/gelidsolutions.com\\\/wp-content\\\/uploads\\\/2021\\\/09\\\/blackfrore-1.png\",\"datePublished\":\"2021-09-20T05:31:00+00:00\",\"dateModified\":\"2024-05-19T16:00:11+00:00\",\"breadcrumb\":{\"@id\":\"https:\\\/\\\/gelidsolutions.com\\\/de\\\/produkt\\\/blackfrore\\\/#breadcrumb\"},\"inLanguage\":\"de\",\"potentialAction\":[{\"@type\":\"ReadAction\",\"target\":[\"https:\\\/\\\/gelidsolutions.com\\\/de\\\/produkt\\\/blackfrore\\\/\"]}]},{\"@type\":\"ImageObject\",\"inLanguage\":\"de\",\"@id\":\"https:\\\/\\\/gelidsolutions.com\\\/de\\\/produkt\\\/blackfrore\\\/#primaryimage\",\"url\":\"https:\\\/\\\/gelidsolutions.com\\\/wp-content\\\/uploads\\\/2021\\\/09\\\/blackfrore-1.png\",\"contentUrl\":\"https:\\\/\\\/gelidsolutions.com\\\/wp-content\\\/uploads\\\/2021\\\/09\\\/blackfrore-1.png\",\"width\":2000,\"height\":2000,\"caption\":\"BlackFrore\"},{\"@type\":\"BreadcrumbList\",\"@id\":\"https:\\\/\\\/gelidsolutions.com\\\/de\\\/produkt\\\/blackfrore\\\/#breadcrumb\",\"itemListElement\":[{\"@type\":\"ListItem\",\"position\":1,\"name\":\"Home\",\"item\":\"https:\\\/\\\/gelidsolutions.com\\\/de\\\/\"},{\"@type\":\"ListItem\",\"position\":2,\"name\":\"Shop\",\"item\":\"https:\\\/\\\/gelidsolutions.com\\\/shop\\\/\"},{\"@type\":\"ListItem\",\"position\":3,\"name\":\"BLACKFRORE\"}]},{\"@type\":\"WebSite\",\"@id\":\"https:\\\/\\\/gelidsolutions.com\\\/de\\\/#website\",\"url\":\"https:\\\/\\\/gelidsolutions.com\\\/de\\\/\",\"name\":\"Gelid Solutions\",\"description\":\"\",\"publisher\":{\"@id\":\"https:\\\/\\\/gelidsolutions.com\\\/de\\\/#organization\"},\"potentialAction\":[{\"@type\":\"SearchAction\",\"target\":{\"@type\":\"EntryPoint\",\"urlTemplate\":\"https:\\\/\\\/gelidsolutions.com\\\/de\\\/?s={search_term_string}\"},\"query-input\":{\"@type\":\"PropertyValueSpecification\",\"valueRequired\":true,\"valueName\":\"search_term_string\"}}],\"inLanguage\":\"de\"},{\"@type\":\"Organization\",\"@id\":\"https:\\\/\\\/gelidsolutions.com\\\/de\\\/#organization\",\"name\":\"Gelid Solutions\",\"url\":\"https:\\\/\\\/gelidsolutions.com\\\/de\\\/\",\"logo\":{\"@type\":\"ImageObject\",\"inLanguage\":\"de\",\"@id\":\"https:\\\/\\\/gelidsolutions.com\\\/de\\\/#\\\/schema\\\/logo\\\/image\\\/\",\"url\":\"https:\\\/\\\/gelidsolutions.com\\\/wp-content\\\/uploads\\\/2022\\\/06\\\/logo_white_104_104.gif\",\"contentUrl\":\"https:\\\/\\\/gelidsolutions.com\\\/wp-content\\\/uploads\\\/2022\\\/06\\\/logo_white_104_104.gif\",\"width\":104,\"height\":104,\"caption\":\"Gelid Solutions\"},\"image\":{\"@id\":\"https:\\\/\\\/gelidsolutions.com\\\/de\\\/#\\\/schema\\\/logo\\\/image\\\/\"}}]}<\/script>\n<!-- \/ Yoast SEO plugin. -->","yoast_head_json":{"title":"BLACKFRORE - Gelid Solutions","robots":{"index":"index","follow":"follow","max-snippet":"max-snippet:-1","max-image-preview":"max-image-preview:large","max-video-preview":"max-video-preview:-1"},"canonical":"https:\/\/gelidsolutions.com\/de\/produkt\/blackfrore\/","og_locale":"de_DE","og_type":"article","og_title":"BLACKFRORE - Gelid Solutions","og_description":"2 Leistungs-Heatpipes   Fortschrittlicher K\u00fchlk\u00f6rper   92mm Smart PWM-L\u00fcfter   Erweitertes Montage-Kit   Hochwertige schwarze elektrophoretische Beschichtung","og_url":"https:\/\/gelidsolutions.com\/de\/produkt\/blackfrore\/","og_site_name":"Gelid Solutions","article_modified_time":"2024-05-19T16:00:11+00:00","og_image":[{"width":2000,"height":2000,"url":"https:\/\/gelidsolutions.com\/wp-content\/uploads\/2021\/09\/blackfrore-1.png","type":"image\/png"}],"twitter_card":"summary_large_image","twitter_misc":{"Gesch\u00e4tzte Lesezeit":"1\u00a0Minute"},"schema":{"@context":"https:\/\/schema.org","@graph":[{"@type":"WebPage","@id":"https:\/\/gelidsolutions.com\/de\/produkt\/blackfrore\/","url":"https:\/\/gelidsolutions.com\/de\/produkt\/blackfrore\/","name":"BLACKFRORE - Gelid Solutions","isPartOf":{"@id":"https:\/\/gelidsolutions.com\/de\/#website"},"primaryImageOfPage":{"@id":"https:\/\/gelidsolutions.com\/de\/produkt\/blackfrore\/#primaryimage"},"image":{"@id":"https:\/\/gelidsolutions.com\/de\/produkt\/blackfrore\/#primaryimage"},"thumbnailUrl":"https:\/\/gelidsolutions.com\/wp-content\/uploads\/2021\/09\/blackfrore-1.png","datePublished":"2021-09-20T05:31:00+00:00","dateModified":"2024-05-19T16:00:11+00:00","breadcrumb":{"@id":"https:\/\/gelidsolutions.com\/de\/produkt\/blackfrore\/#breadcrumb"},"inLanguage":"de","potentialAction":[{"@type":"ReadAction","target":["https:\/\/gelidsolutions.com\/de\/produkt\/blackfrore\/"]}]},{"@type":"ImageObject","inLanguage":"de","@id":"https:\/\/gelidsolutions.com\/de\/produkt\/blackfrore\/#primaryimage","url":"https:\/\/gelidsolutions.com\/wp-content\/uploads\/2021\/09\/blackfrore-1.png","contentUrl":"https:\/\/gelidsolutions.com\/wp-content\/uploads\/2021\/09\/blackfrore-1.png","width":2000,"height":2000,"caption":"BlackFrore"},{"@type":"BreadcrumbList","@id":"https:\/\/gelidsolutions.com\/de\/produkt\/blackfrore\/#breadcrumb","itemListElement":[{"@type":"ListItem","position":1,"name":"Home","item":"https:\/\/gelidsolutions.com\/de\/"},{"@type":"ListItem","position":2,"name":"Shop","item":"https:\/\/gelidsolutions.com\/shop\/"},{"@type":"ListItem","position":3,"name":"BLACKFRORE"}]},{"@type":"WebSite","@id":"https:\/\/gelidsolutions.com\/de\/#website","url":"https:\/\/gelidsolutions.com\/de\/","name":"Gelid Solutions","description":"","publisher":{"@id":"https:\/\/gelidsolutions.com\/de\/#organization"},"potentialAction":[{"@type":"SearchAction","target":{"@type":"EntryPoint","urlTemplate":"https:\/\/gelidsolutions.com\/de\/?s={search_term_string}"},"query-input":{"@type":"PropertyValueSpecification","valueRequired":true,"valueName":"search_term_string"}}],"inLanguage":"de"},{"@type":"Organization","@id":"https:\/\/gelidsolutions.com\/de\/#organization","name":"Gelid Solutions","url":"https:\/\/gelidsolutions.com\/de\/","logo":{"@type":"ImageObject","inLanguage":"de","@id":"https:\/\/gelidsolutions.com\/de\/#\/schema\/logo\/image\/","url":"https:\/\/gelidsolutions.com\/wp-content\/uploads\/2022\/06\/logo_white_104_104.gif","contentUrl":"https:\/\/gelidsolutions.com\/wp-content\/uploads\/2022\/06\/logo_white_104_104.gif","width":104,"height":104,"caption":"Gelid Solutions"},"image":{"@id":"https:\/\/gelidsolutions.com\/de\/#\/schema\/logo\/image\/"}}]}},"_links":{"self":[{"href":"https:\/\/gelidsolutions.com\/de\/wp-json\/wp\/v2\/product\/120126","targetHints":{"allow":["GET"]}}],"collection":[{"href":"https:\/\/gelidsolutions.com\/de\/wp-json\/wp\/v2\/product"}],"about":[{"href":"https:\/\/gelidsolutions.com\/de\/wp-json\/wp\/v2\/types\/product"}],"replies":[{"embeddable":true,"href":"https:\/\/gelidsolutions.com\/de\/wp-json\/wp\/v2\/comments?post=120126"}],"wp:featuredmedia":[{"embeddable":true,"href":"https:\/\/gelidsolutions.com\/de\/wp-json\/wp\/v2\/media\/120124"}],"wp:attachment":[{"href":"https:\/\/gelidsolutions.com\/de\/wp-json\/wp\/v2\/media?parent=120126"}],"wp:term":[{"taxonomy":"product_cat","embeddable":true,"href":"https:\/\/gelidsolutions.com\/de\/wp-json\/wp\/v2\/product_cat?post=120126"},{"taxonomy":"product_tag","embeddable":true,"href":"https:\/\/gelidsolutions.com\/de\/wp-json\/wp\/v2\/product_tag?post=120126"}],"curies":[{"name":"wp","href":"https:\/\/api.w.org\/{rel}","templated":true}]}}