{"id":120144,"date":"2021-05-26T15:04:00","date_gmt":"2021-05-26T07:04:00","guid":{"rendered":"https:\/\/gelidsolutions.com\/product\/glacier\/"},"modified":"2024-02-15T19:59:14","modified_gmt":"2024-02-15T11:59:14","slug":"gletscher","status":"publish","type":"product","link":"https:\/\/gelidsolutions.com\/de\/produkt\/gletscher\/","title":{"rendered":"GLACIER"},"content":{"rendered":"<p><b><i>Glacier RGB (CC-Glacier-01-A)<\/i><\/b><br \/>\nUltimativer CPU-K\u00fchler mit intelligenten ARGB-PWM-L\u00fcftern<\/p>\n<p><i><b>Anwendungen:<\/b><\/i><\/p>\n<p><b>Intel\u2122<\/b> Sockel 775, 1366, 2011, 2066, 1155, 1156, 1150, 1151 &amp; 1200<br \/>\nCPU: Alle Pentium D\/ Pentium 4\/ Alle Celeron D\/ Alle Pentium Dual-Core\/ Extreme\/ Alle Core 2 Extreme\/ Core 2 Quad\/ Core 2 Duo, Core i5, Core i7, Core i9<br \/>\n<b><br \/>\nAMD\u2122<\/b> Sockel AM2, AM2+, AM3, AM3+, AM4, FM1, FM2 &amp; FM2+<br \/>\nCPU: Alle Athlon 64 X2, Athlon 64, alle Athlon II, alle Sempron, Phenom, Phenom II, alle AMD APU der A-Serie, alle Ryzen (AM4)<\/p>\n<p><em>Alle Marken und Warenzeichen sind das Eigentum ihrer jeweiligen Inhaber.<\/em><\/p>\n<p>&nbsp;<\/p>\n<p>Der neu gestaltete Twin-Tower-K\u00fchlk\u00f6rper &#8211; ein Kernst\u00fcck des GLACIER RGB &#8211; ist mit einem leistungsstarken Satz von 6 U-Stacked-Heatpipes ausgestattet, die eine \u00e4u\u00dferst effiziente W\u00e4rmeverteilung \u00fcber die K\u00fchlk\u00f6rperelemente gew\u00e4hrleisten. Die Twin-Tower-Bauweise des GLACIER RGB bietet au\u00dferdem eine vergr\u00f6\u00dferte Ableitfl\u00e4che, um die W\u00e4rme abzuleiten und den Luftstromwiderstand zu verringern. Zus\u00e4tzlich f\u00fchrt der neue K\u00fchlk\u00f6rper die Enhanced Heatpipe Direct Contact (EHDC) Technologie ein, um einen perfekten thermischen Kontakt zu gew\u00e4hrleisten und die W\u00e4rme\u00fcbertragung zwischen CPU und Heatpipes zu verbessern. Als Ergebnis unterst\u00fctzt der GLACIER RGB eine TDP von \u00fcber 220W und macht sich damit zu einem Superhelden unter den CPU-K\u00fchlern f\u00fcr begeisterte Gamer und Leistungsenthusiasten.<\/p>\n<p>Die <strong>Enhanced Heatpipe Direct Contact (EHDC) Technologie<\/strong> sorgt f\u00fcr einen perfekten thermischen Kontakt zwischen CPU und Heatpipes.<\/p>\n<p>Der <strong>fortschrittliche Twin-Tower-K\u00fchlk\u00f6rper<\/strong> bietet eine deutlich verbesserte K\u00fchlleistung.<\/p>\n<p><strong>2 intelligente ARGB-PWM-L\u00fcfter <\/strong>sorgen f\u00fcr eine effiziente Verteilung des Luftstroms \u00fcber den K\u00fchlk\u00f6rper und f\u00fcr einen leisen Betrieb.<\/p>\n<p>Mit der <strong>Triple Fan Option<\/strong> kann ein <sup>dritter<\/sup> L\u00fcfter installiert werden, der die Leistung noch weiter erh\u00f6ht.<\/p>\n<p>Das <strong>Enhanced Mounting Kit <\/strong>erleichtert die Installation und erweitert die CPU-Unterst\u00fctzung.<\/p>\n<p><strong>TDP 220W-Unterst\u00fctzung<\/strong> gew\u00e4hrleistet ultimative Leistung bei CPU-\u00dcbertaktung.<\/p>\n<p><i>Der K\u00fchler ist RoHS- und WEEE-konform und hat eine 5-j\u00e4hrige Garantie.<\/i><i><br \/>\n<\/i><\/p>\n<p>EAN: 4897025782884<\/p>\n","protected":false},"excerpt":{"rendered":"<ul>\n<li>6 Leistungs-Heatpipes<\/li>\n<li>Fortschrittlicher Twin-Tower-K\u00fchlk\u00f6rper<\/li>\n<li>2 intelligente ARGB-PWM-L\u00fcfter<\/li>\n<li>Dreifach-Ventilator-Option<\/li>\n<li>Erweitertes Montage-Kit<\/li>\n<li>TDP 220W Unterst\u00fctzung<\/li>\n<\/ul>\n","protected":false},"featured_media":120142,"comment_status":"closed","ping_status":"closed","template":"","meta":{"_acf_changed":false},"product_cat":[548,549,311,322,305,428],"product_tag":[553],"class_list":{"0":"post-120144","1":"product","2":"type-product","3":"status-publish","4":"has-post-thumbnail","6":"product_cat-award-winning-thermal-solutions-collections-de","7":"product_cat-collections-de","8":"product_cat-cpu-kuehler","9":"product_cat-gamer-cpu-kuehler","10":"product_cat-kuehlloesungen","11":"product_cat-rgb-collection-de","12":"product_tag-thermal-solution-de","14":"first","15":"outofstock","16":"taxable","17":"shipping-taxable","18":"purchasable","19":"product-type-simple"},"supplier_id":null,"supplier_sku":"CC-Glacier-01-A","barcode":null,"atum_controlled":true,"out_stock_date":"2022-07-12 14:18:19","out_stock_threshold":null,"inheritable":false,"inbound_stock":0,"stock_on_hold":0,"sold_today":0,"sales_last_days":0,"reserved_stock":0,"customer_returns":0,"warehouse_damage":0,"lost_in_post":0,"other_logs":0,"out_stock_days":1385,"lost_sales":0,"has_location":false,"update_date":"2026-04-28T01:11:17","atum_locations":[],"atum_stock_status":"outofstock","restock_status":false,"low_stock_amount":"","sales_update_date":"2026-04-28T01:11:17","calc_backorders":null,"acf":[],"yoast_head":"<!-- This site is optimized with the Yoast SEO plugin v27.4 - https:\/\/yoast.com\/product\/yoast-seo-wordpress\/ -->\n<title>GLACIER - Gelid Solutions<\/title>\n<meta name=\"robots\" content=\"index, follow, max-snippet:-1, max-image-preview:large, max-video-preview:-1\" \/>\n<link rel=\"canonical\" href=\"https:\/\/gelidsolutions.com\/de\/produkt\/gletscher\/\" \/>\n<meta property=\"og:locale\" content=\"de_DE\" \/>\n<meta property=\"og:type\" content=\"article\" \/>\n<meta property=\"og:title\" content=\"GLACIER - Gelid Solutions\" \/>\n<meta property=\"og:description\" content=\"6 Leistungs-Heatpipes  Fortschrittlicher Twin-Tower-K\u00fchlk\u00f6rper  2 intelligente ARGB-PWM-L\u00fcfter  Dreifach-Ventilator-Option  Erweitertes Montage-Kit  TDP 220W Unterst\u00fctzung\" \/>\n<meta property=\"og:url\" content=\"https:\/\/gelidsolutions.com\/de\/produkt\/gletscher\/\" \/>\n<meta property=\"og:site_name\" content=\"Gelid Solutions\" \/>\n<meta property=\"article:modified_time\" content=\"2024-02-15T11:59:14+00:00\" \/>\n<meta property=\"og:image\" content=\"https:\/\/gelidsolutions.com\/wp-content\/uploads\/2021\/05\/glacier_rgb_1-1024x1024.png\" \/>\n\t<meta property=\"og:image:width\" content=\"1024\" \/>\n\t<meta property=\"og:image:height\" content=\"1024\" \/>\n\t<meta property=\"og:image:type\" content=\"image\/png\" \/>\n<meta name=\"twitter:card\" content=\"summary_large_image\" \/>\n<meta name=\"twitter:label1\" content=\"Gesch\u00e4tzte Lesezeit\" \/>\n\t<meta name=\"twitter:data1\" content=\"2\u00a0Minuten\" \/>\n<script type=\"application\/ld+json\" class=\"yoast-schema-graph\">{\"@context\":\"https:\\\/\\\/schema.org\",\"@graph\":[{\"@type\":\"WebPage\",\"@id\":\"https:\\\/\\\/gelidsolutions.com\\\/de\\\/produkt\\\/gletscher\\\/\",\"url\":\"https:\\\/\\\/gelidsolutions.com\\\/de\\\/produkt\\\/gletscher\\\/\",\"name\":\"GLACIER - Gelid Solutions\",\"isPartOf\":{\"@id\":\"https:\\\/\\\/gelidsolutions.com\\\/de\\\/#website\"},\"primaryImageOfPage\":{\"@id\":\"https:\\\/\\\/gelidsolutions.com\\\/de\\\/produkt\\\/gletscher\\\/#primaryimage\"},\"image\":{\"@id\":\"https:\\\/\\\/gelidsolutions.com\\\/de\\\/produkt\\\/gletscher\\\/#primaryimage\"},\"thumbnailUrl\":\"https:\\\/\\\/gelidsolutions.com\\\/wp-content\\\/uploads\\\/2021\\\/05\\\/glacier_rgb_1.png\",\"datePublished\":\"2021-05-26T07:04:00+00:00\",\"dateModified\":\"2024-02-15T11:59:14+00:00\",\"breadcrumb\":{\"@id\":\"https:\\\/\\\/gelidsolutions.com\\\/de\\\/produkt\\\/gletscher\\\/#breadcrumb\"},\"inLanguage\":\"de\",\"potentialAction\":[{\"@type\":\"ReadAction\",\"target\":[\"https:\\\/\\\/gelidsolutions.com\\\/de\\\/produkt\\\/gletscher\\\/\"]}]},{\"@type\":\"ImageObject\",\"inLanguage\":\"de\",\"@id\":\"https:\\\/\\\/gelidsolutions.com\\\/de\\\/produkt\\\/gletscher\\\/#primaryimage\",\"url\":\"https:\\\/\\\/gelidsolutions.com\\\/wp-content\\\/uploads\\\/2021\\\/05\\\/glacier_rgb_1.png\",\"contentUrl\":\"https:\\\/\\\/gelidsolutions.com\\\/wp-content\\\/uploads\\\/2021\\\/05\\\/glacier_rgb_1.png\",\"width\":2000,\"height\":2000,\"caption\":\"Gletscher\"},{\"@type\":\"BreadcrumbList\",\"@id\":\"https:\\\/\\\/gelidsolutions.com\\\/de\\\/produkt\\\/gletscher\\\/#breadcrumb\",\"itemListElement\":[{\"@type\":\"ListItem\",\"position\":1,\"name\":\"Home\",\"item\":\"https:\\\/\\\/gelidsolutions.com\\\/de\\\/\"},{\"@type\":\"ListItem\",\"position\":2,\"name\":\"Shop\",\"item\":\"https:\\\/\\\/gelidsolutions.com\\\/shop\\\/\"},{\"@type\":\"ListItem\",\"position\":3,\"name\":\"GLACIER\"}]},{\"@type\":\"WebSite\",\"@id\":\"https:\\\/\\\/gelidsolutions.com\\\/de\\\/#website\",\"url\":\"https:\\\/\\\/gelidsolutions.com\\\/de\\\/\",\"name\":\"Gelid Solutions\",\"description\":\"\",\"publisher\":{\"@id\":\"https:\\\/\\\/gelidsolutions.com\\\/de\\\/#organization\"},\"potentialAction\":[{\"@type\":\"SearchAction\",\"target\":{\"@type\":\"EntryPoint\",\"urlTemplate\":\"https:\\\/\\\/gelidsolutions.com\\\/de\\\/?s={search_term_string}\"},\"query-input\":{\"@type\":\"PropertyValueSpecification\",\"valueRequired\":true,\"valueName\":\"search_term_string\"}}],\"inLanguage\":\"de\"},{\"@type\":\"Organization\",\"@id\":\"https:\\\/\\\/gelidsolutions.com\\\/de\\\/#organization\",\"name\":\"Gelid Solutions\",\"url\":\"https:\\\/\\\/gelidsolutions.com\\\/de\\\/\",\"logo\":{\"@type\":\"ImageObject\",\"inLanguage\":\"de\",\"@id\":\"https:\\\/\\\/gelidsolutions.com\\\/de\\\/#\\\/schema\\\/logo\\\/image\\\/\",\"url\":\"https:\\\/\\\/gelidsolutions.com\\\/wp-content\\\/uploads\\\/2022\\\/06\\\/logo_white_104_104.gif\",\"contentUrl\":\"https:\\\/\\\/gelidsolutions.com\\\/wp-content\\\/uploads\\\/2022\\\/06\\\/logo_white_104_104.gif\",\"width\":104,\"height\":104,\"caption\":\"Gelid Solutions\"},\"image\":{\"@id\":\"https:\\\/\\\/gelidsolutions.com\\\/de\\\/#\\\/schema\\\/logo\\\/image\\\/\"}}]}<\/script>\n<!-- \/ Yoast SEO plugin. -->","yoast_head_json":{"title":"GLACIER - Gelid Solutions","robots":{"index":"index","follow":"follow","max-snippet":"max-snippet:-1","max-image-preview":"max-image-preview:large","max-video-preview":"max-video-preview:-1"},"canonical":"https:\/\/gelidsolutions.com\/de\/produkt\/gletscher\/","og_locale":"de_DE","og_type":"article","og_title":"GLACIER - Gelid Solutions","og_description":"6 Leistungs-Heatpipes  Fortschrittlicher Twin-Tower-K\u00fchlk\u00f6rper  2 intelligente ARGB-PWM-L\u00fcfter  Dreifach-Ventilator-Option  Erweitertes Montage-Kit  TDP 220W Unterst\u00fctzung","og_url":"https:\/\/gelidsolutions.com\/de\/produkt\/gletscher\/","og_site_name":"Gelid Solutions","article_modified_time":"2024-02-15T11:59:14+00:00","og_image":[{"width":1024,"height":1024,"url":"https:\/\/gelidsolutions.com\/wp-content\/uploads\/2021\/05\/glacier_rgb_1-1024x1024.png","type":"image\/png"}],"twitter_card":"summary_large_image","twitter_misc":{"Gesch\u00e4tzte Lesezeit":"2\u00a0Minuten"},"schema":{"@context":"https:\/\/schema.org","@graph":[{"@type":"WebPage","@id":"https:\/\/gelidsolutions.com\/de\/produkt\/gletscher\/","url":"https:\/\/gelidsolutions.com\/de\/produkt\/gletscher\/","name":"GLACIER - Gelid Solutions","isPartOf":{"@id":"https:\/\/gelidsolutions.com\/de\/#website"},"primaryImageOfPage":{"@id":"https:\/\/gelidsolutions.com\/de\/produkt\/gletscher\/#primaryimage"},"image":{"@id":"https:\/\/gelidsolutions.com\/de\/produkt\/gletscher\/#primaryimage"},"thumbnailUrl":"https:\/\/gelidsolutions.com\/wp-content\/uploads\/2021\/05\/glacier_rgb_1.png","datePublished":"2021-05-26T07:04:00+00:00","dateModified":"2024-02-15T11:59:14+00:00","breadcrumb":{"@id":"https:\/\/gelidsolutions.com\/de\/produkt\/gletscher\/#breadcrumb"},"inLanguage":"de","potentialAction":[{"@type":"ReadAction","target":["https:\/\/gelidsolutions.com\/de\/produkt\/gletscher\/"]}]},{"@type":"ImageObject","inLanguage":"de","@id":"https:\/\/gelidsolutions.com\/de\/produkt\/gletscher\/#primaryimage","url":"https:\/\/gelidsolutions.com\/wp-content\/uploads\/2021\/05\/glacier_rgb_1.png","contentUrl":"https:\/\/gelidsolutions.com\/wp-content\/uploads\/2021\/05\/glacier_rgb_1.png","width":2000,"height":2000,"caption":"Gletscher"},{"@type":"BreadcrumbList","@id":"https:\/\/gelidsolutions.com\/de\/produkt\/gletscher\/#breadcrumb","itemListElement":[{"@type":"ListItem","position":1,"name":"Home","item":"https:\/\/gelidsolutions.com\/de\/"},{"@type":"ListItem","position":2,"name":"Shop","item":"https:\/\/gelidsolutions.com\/shop\/"},{"@type":"ListItem","position":3,"name":"GLACIER"}]},{"@type":"WebSite","@id":"https:\/\/gelidsolutions.com\/de\/#website","url":"https:\/\/gelidsolutions.com\/de\/","name":"Gelid Solutions","description":"","publisher":{"@id":"https:\/\/gelidsolutions.com\/de\/#organization"},"potentialAction":[{"@type":"SearchAction","target":{"@type":"EntryPoint","urlTemplate":"https:\/\/gelidsolutions.com\/de\/?s={search_term_string}"},"query-input":{"@type":"PropertyValueSpecification","valueRequired":true,"valueName":"search_term_string"}}],"inLanguage":"de"},{"@type":"Organization","@id":"https:\/\/gelidsolutions.com\/de\/#organization","name":"Gelid Solutions","url":"https:\/\/gelidsolutions.com\/de\/","logo":{"@type":"ImageObject","inLanguage":"de","@id":"https:\/\/gelidsolutions.com\/de\/#\/schema\/logo\/image\/","url":"https:\/\/gelidsolutions.com\/wp-content\/uploads\/2022\/06\/logo_white_104_104.gif","contentUrl":"https:\/\/gelidsolutions.com\/wp-content\/uploads\/2022\/06\/logo_white_104_104.gif","width":104,"height":104,"caption":"Gelid Solutions"},"image":{"@id":"https:\/\/gelidsolutions.com\/de\/#\/schema\/logo\/image\/"}}]}},"_links":{"self":[{"href":"https:\/\/gelidsolutions.com\/de\/wp-json\/wp\/v2\/product\/120144","targetHints":{"allow":["GET"]}}],"collection":[{"href":"https:\/\/gelidsolutions.com\/de\/wp-json\/wp\/v2\/product"}],"about":[{"href":"https:\/\/gelidsolutions.com\/de\/wp-json\/wp\/v2\/types\/product"}],"replies":[{"embeddable":true,"href":"https:\/\/gelidsolutions.com\/de\/wp-json\/wp\/v2\/comments?post=120144"}],"wp:featuredmedia":[{"embeddable":true,"href":"https:\/\/gelidsolutions.com\/de\/wp-json\/wp\/v2\/media\/120142"}],"wp:attachment":[{"href":"https:\/\/gelidsolutions.com\/de\/wp-json\/wp\/v2\/media?parent=120144"}],"wp:term":[{"taxonomy":"product_cat","embeddable":true,"href":"https:\/\/gelidsolutions.com\/de\/wp-json\/wp\/v2\/product_cat?post=120144"},{"taxonomy":"product_tag","embeddable":true,"href":"https:\/\/gelidsolutions.com\/de\/wp-json\/wp\/v2\/product_tag?post=120144"}],"curies":[{"name":"wp","href":"https:\/\/api.w.org\/{rel}","templated":true}]}}