{"id":120168,"date":"2021-09-02T20:33:00","date_gmt":"2021-09-02T12:33:00","guid":{"rendered":"https:\/\/gelidsolutions.com\/product\/glacier-black\/"},"modified":"2023-12-01T00:00:19","modified_gmt":"2023-11-30T16:00:19","slug":"gletscherschwarz","status":"publish","type":"product","link":"https:\/\/gelidsolutions.com\/de\/produkt\/gletscherschwarz\/","title":{"rendered":"GLACIER BLACK"},"content":{"rendered":"<div class=\"wpb-content-wrapper\"><section class=\"vc_row wpb_row vc_row-fluid\"><div class=\"wpb_column vc_column_container col-xs-mobile-fullwidth vc_col-sm-12\"><div class=\"vc_column-inner\"><div class=\"wpb_wrapper\"><div class=\"text-block-content hongo-text-block-1 last-paragraph-no-margin\"><p><b><i>Glacier Black (CC-Glacier-02-A)<\/i><\/b><br \/>\nUltimativer CPU-K\u00fchler mit intelligenten ARGB-PWM-L\u00fcftern<\/p>\n<p><i><b>Anwendungen:<\/b><\/i><\/p>\n<p><b>Intel\u2122<\/b> Sockel 775, 1366, 2011, 2066, 1155, 1156, 1150, 1151 &amp; 1200<br \/>\nCPU: Alle Pentium D\/ Pentium 4\/ Alle Celeron D\/ Alle Pentium Dual-Core\/ Extreme\/ Alle Core 2 Extreme\/ Core 2 Quad\/ Core 2 Duo, Core i5, Core i7, Core i9<br \/>\n<b><br \/>\nAMD\u2122<\/b> Sockel AM2, AM2+, AM3, AM3+, AM4, FM1, FM2 &amp; FM2+<br \/>\nCPU: Alle Athlon 64 X2, Athlon 64, alle Athlon II, alle Sempron, Phenom, Phenom II, alle AMD APU der A-Serie, alle Ryzen (AM4)<\/p>\n<p><em>Alle Marken und Warenzeichen sind das Eigentum ihrer jeweiligen Inhaber.<\/em><\/p>\n<p>&nbsp;<\/p>\n<p>Der neu gestaltete Twin-Tower-K\u00fchlk\u00f6rper &#8211; ein Kernst\u00fcck des GLACIER BLACK &#8211; ist mit einem leistungsstarken Satz von 6 U-Stacked-Heatpipes ausgestattet, die eine \u00e4u\u00dferst effiziente W\u00e4rmeverteilung \u00fcber die K\u00fchlk\u00f6rperelemente gew\u00e4hrleisten. Der Twin-Tower-Aufbau des GLACIER BLACK bietet eine vergr\u00f6\u00dferte Ableitfl\u00e4che, um die W\u00e4rme abzuleiten, und tr\u00e4gt dazu bei, den Luftstromwiderstand zu verringern. Dar\u00fcber hinaus verf\u00fcgt der neue K\u00fchlk\u00f6rper \u00fcber die Enhanced Heatpipe Direct Contact (EHDC)-Technologie, um einen perfekten thermischen Kontakt zu gew\u00e4hrleisten und die W\u00e4rme\u00fcbertragung zwischen CPU und Heatpipes zu steigern, sowie \u00fcber die High-Class Black Electrophoretic Coating, um eine perfekte Oberfl\u00e4chenbearbeitung zu gew\u00e4hrleisten. Als Ergebnis unterst\u00fctzt der GLACIER BLACK eine TDP von \u00fcber 220W und macht sich damit zu einem Superhelden unter den CPU-K\u00fchlern f\u00fcr begeisterte Gamer und Leistungsenthusiasten.<\/p>\n<p>Die <strong>Enhanced Heatpipe Direct Contact (EHDC) Technologie<\/strong> sorgt f\u00fcr einen perfekten thermischen Kontakt zwischen CPU und Heatpipes.<\/p>\n<p>Der <strong>fortschrittliche Twin-Tower-K\u00fchlk\u00f6rper<\/strong> bietet eine deutlich verbesserte K\u00fchlleistung.<\/p>\n<p>Die <strong>hochwertige schwarze elektrophoretische Beschichtung<\/strong> sorgt f\u00fcr ein perfektes Oberfl\u00e4chenfinish, eine au\u00dfergew\u00f6hnliche Optik und Haptik und verbessert die Haltbarkeit.<\/p>\n<p><strong>2 intelligente ARGB-PWM-L\u00fcfter <\/strong>sorgen f\u00fcr eine effiziente Verteilung des Luftstroms \u00fcber den K\u00fchlk\u00f6rper und f\u00fcr einen leisen Betrieb.<\/p>\n<p>Mit der <strong>Triple Fan Option<\/strong> kann ein <sup>dritter<\/sup> L\u00fcfter installiert werden, der die Leistung noch weiter erh\u00f6ht.<\/p>\n<p>Das <strong>Enhanced Mounting Kit <\/strong>erleichtert die Installation und erweitert die CPU-Unterst\u00fctzung.<\/p>\n<p><strong>TDP 220W-Unterst\u00fctzung<\/strong> gew\u00e4hrleistet ultimative Leistung bei CPU-\u00dcbertaktung.<\/p>\n<p><i>Der K\u00fchler ist RoHS- und WEEE-konform und hat eine 5-j\u00e4hrige Garantie.<\/i><i><br \/>\n<\/i><\/p>\n<p>Inklusive: Montagesatz f\u00fcr LGA1700 und AMD5<\/p>\n<p>EAN: 4897025783041<\/p>\n<\/div>\n\t<div class=\"wpb_video_widget wpb_content_element vc_clearfix   vc_video-aspect-ratio-169 vc_video-el-width-100 vc_video-align-left\" >\n\t\t<div class=\"wpb_wrapper\">\n\t\t\t\n\t\t\t<div class=\"wpb_video_wrapper\"><iframe loading=\"lazy\" title=\"I didn&#039;t know Gelid made CPU coolers and this one is pretty good.\" width=\"500\" height=\"281\" src=\"https:\/\/www.youtube.com\/embed\/s-xcXFmep2g?feature=oembed\" frameborder=\"0\" allow=\"accelerometer; autoplay; clipboard-write; encrypted-media; gyroscope; picture-in-picture; web-share\" allowfullscreen><\/iframe><\/div>\n\t\t<\/div>\n\t<\/div>\n\n\t<div class=\"wpb_video_widget wpb_content_element vc_clearfix   vc_video-aspect-ratio-169 vc_video-el-width-100 vc_video-align-left\" >\n\t\t<div class=\"wpb_wrapper\">\n\t\t\t\n\t\t\t<div class=\"wpb_video_wrapper\"><iframe loading=\"lazy\" title=\"Gelid Solutions Glacier Black - Installation Guide\" width=\"500\" height=\"281\" src=\"https:\/\/www.youtube.com\/embed\/-FOJCdApPPs?feature=oembed\" frameborder=\"0\" allow=\"accelerometer; autoplay; clipboard-write; encrypted-media; gyroscope; picture-in-picture; web-share\" allowfullscreen><\/iframe><\/div>\n\t\t<\/div>\n\t<\/div>\n<\/div><\/div><\/div><\/section>\n<\/div>","protected":false},"excerpt":{"rendered":"<ul>\n<li>6 Leistungs-Heatpipes<\/li>\n<li>Fortschrittlicher Twin-Tower-K\u00fchlk\u00f6rper<\/li>\n<li>Hochwertige schwarze elektrophoretische Beschichtung<\/li>\n<li>2 intelligente ARGB-PWM-L\u00fcfter<\/li>\n<li>Dreifach-Ventilator-Option<\/li>\n<li>Erweitertes Montage-Kit<\/li>\n<li>TDP 220W Unterst\u00fctzung<\/li>\n<\/ul>\n","protected":false},"featured_media":120165,"comment_status":"closed","ping_status":"closed","template":"","meta":{"_acf_changed":false},"product_cat":[311,322],"product_tag":[557],"class_list":{"0":"post-120168","1":"product","2":"type-product","3":"status-publish","4":"has-post-thumbnail","6":"product_cat-cpu-kuehler","7":"product_cat-gamer-cpu-kuehler","8":"product_tag-gamer-cpu-cooler-de","10":"first","11":"outofstock","12":"taxable","13":"shipping-taxable","14":"purchasable","15":"product-type-simple"},"supplier_id":null,"supplier_sku":"CC-Glacier-02-A","barcode":"4897025783041","atum_controlled":true,"out_stock_date":null,"out_stock_threshold":null,"inheritable":false,"inbound_stock":null,"stock_on_hold":0,"sold_today":0,"sales_last_days":0,"reserved_stock":null,"customer_returns":null,"warehouse_damage":null,"lost_in_post":null,"other_logs":null,"out_stock_days":0,"lost_sales":0,"has_location":false,"update_date":"2026-04-04T00:03:59","atum_locations":[],"atum_stock_status":"outofstock","restock_status":false,"low_stock_amount":"","sales_update_date":"2026-04-04T00:03:59","calc_backorders":null,"acf":[],"yoast_head":"<!-- This site is optimized with the Yoast SEO plugin v27.3 - https:\/\/yoast.com\/product\/yoast-seo-wordpress\/ -->\n<title>GLACIER BLACK - Gelid Solutions<\/title>\n<meta name=\"robots\" content=\"index, follow, max-snippet:-1, max-image-preview:large, max-video-preview:-1\" \/>\n<link rel=\"canonical\" href=\"https:\/\/gelidsolutions.com\/de\/produkt\/gletscherschwarz\/\" \/>\n<meta property=\"og:locale\" content=\"de_DE\" \/>\n<meta property=\"og:type\" content=\"article\" \/>\n<meta property=\"og:title\" content=\"GLACIER BLACK - Gelid Solutions\" \/>\n<meta property=\"og:description\" content=\"6 Leistungs-Heatpipes  Fortschrittlicher Twin-Tower-K\u00fchlk\u00f6rper  Hochwertige schwarze elektrophoretische Beschichtung  2 intelligente ARGB-PWM-L\u00fcfter  Dreifach-Ventilator-Option  Erweitertes Montage-Kit  TDP 220W Unterst\u00fctzung\" \/>\n<meta property=\"og:url\" content=\"https:\/\/gelidsolutions.com\/de\/produkt\/gletscherschwarz\/\" \/>\n<meta property=\"og:site_name\" content=\"Gelid Solutions\" \/>\n<meta property=\"article:modified_time\" content=\"2023-11-30T16:00:19+00:00\" \/>\n<meta property=\"og:image\" content=\"https:\/\/gelidsolutions.com\/wp-content\/uploads\/2021\/09\/glacier-black-1-1024x1024.png\" \/>\n\t<meta property=\"og:image:width\" content=\"1024\" \/>\n\t<meta property=\"og:image:height\" content=\"1024\" \/>\n\t<meta property=\"og:image:type\" content=\"image\/png\" \/>\n<meta name=\"twitter:card\" content=\"summary_large_image\" \/>\n<meta name=\"twitter:label1\" content=\"Gesch\u00e4tzte Lesezeit\" \/>\n\t<meta name=\"twitter:data1\" content=\"2\u00a0Minuten\" \/>\n<script type=\"application\/ld+json\" class=\"yoast-schema-graph\">{\"@context\":\"https:\\\/\\\/schema.org\",\"@graph\":[{\"@type\":\"WebPage\",\"@id\":\"https:\\\/\\\/gelidsolutions.com\\\/de\\\/produkt\\\/gletscherschwarz\\\/\",\"url\":\"https:\\\/\\\/gelidsolutions.com\\\/de\\\/produkt\\\/gletscherschwarz\\\/\",\"name\":\"GLACIER BLACK - Gelid Solutions\",\"isPartOf\":{\"@id\":\"https:\\\/\\\/gelidsolutions.com\\\/de\\\/#website\"},\"primaryImageOfPage\":{\"@id\":\"https:\\\/\\\/gelidsolutions.com\\\/de\\\/produkt\\\/gletscherschwarz\\\/#primaryimage\"},\"image\":{\"@id\":\"https:\\\/\\\/gelidsolutions.com\\\/de\\\/produkt\\\/gletscherschwarz\\\/#primaryimage\"},\"thumbnailUrl\":\"https:\\\/\\\/gelidsolutions.com\\\/wp-content\\\/uploads\\\/2021\\\/09\\\/glacier-black-1.png\",\"datePublished\":\"2021-09-02T12:33:00+00:00\",\"dateModified\":\"2023-11-30T16:00:19+00:00\",\"breadcrumb\":{\"@id\":\"https:\\\/\\\/gelidsolutions.com\\\/de\\\/produkt\\\/gletscherschwarz\\\/#breadcrumb\"},\"inLanguage\":\"de\",\"potentialAction\":[{\"@type\":\"ReadAction\",\"target\":[\"https:\\\/\\\/gelidsolutions.com\\\/de\\\/produkt\\\/gletscherschwarz\\\/\"]}]},{\"@type\":\"ImageObject\",\"inLanguage\":\"de\",\"@id\":\"https:\\\/\\\/gelidsolutions.com\\\/de\\\/produkt\\\/gletscherschwarz\\\/#primaryimage\",\"url\":\"https:\\\/\\\/gelidsolutions.com\\\/wp-content\\\/uploads\\\/2021\\\/09\\\/glacier-black-1.png\",\"contentUrl\":\"https:\\\/\\\/gelidsolutions.com\\\/wp-content\\\/uploads\\\/2021\\\/09\\\/glacier-black-1.png\",\"width\":2000,\"height\":2000,\"caption\":\"Gletscher Schwarz\"},{\"@type\":\"BreadcrumbList\",\"@id\":\"https:\\\/\\\/gelidsolutions.com\\\/de\\\/produkt\\\/gletscherschwarz\\\/#breadcrumb\",\"itemListElement\":[{\"@type\":\"ListItem\",\"position\":1,\"name\":\"Home\",\"item\":\"https:\\\/\\\/gelidsolutions.com\\\/de\\\/\"},{\"@type\":\"ListItem\",\"position\":2,\"name\":\"Shop\",\"item\":\"https:\\\/\\\/gelidsolutions.com\\\/shop\\\/\"},{\"@type\":\"ListItem\",\"position\":3,\"name\":\"GLACIER BLACK\"}]},{\"@type\":\"WebSite\",\"@id\":\"https:\\\/\\\/gelidsolutions.com\\\/de\\\/#website\",\"url\":\"https:\\\/\\\/gelidsolutions.com\\\/de\\\/\",\"name\":\"Gelid Solutions\",\"description\":\"\",\"publisher\":{\"@id\":\"https:\\\/\\\/gelidsolutions.com\\\/de\\\/#organization\"},\"potentialAction\":[{\"@type\":\"SearchAction\",\"target\":{\"@type\":\"EntryPoint\",\"urlTemplate\":\"https:\\\/\\\/gelidsolutions.com\\\/de\\\/?s={search_term_string}\"},\"query-input\":{\"@type\":\"PropertyValueSpecification\",\"valueRequired\":true,\"valueName\":\"search_term_string\"}}],\"inLanguage\":\"de\"},{\"@type\":\"Organization\",\"@id\":\"https:\\\/\\\/gelidsolutions.com\\\/de\\\/#organization\",\"name\":\"Gelid Solutions\",\"url\":\"https:\\\/\\\/gelidsolutions.com\\\/de\\\/\",\"logo\":{\"@type\":\"ImageObject\",\"inLanguage\":\"de\",\"@id\":\"https:\\\/\\\/gelidsolutions.com\\\/de\\\/#\\\/schema\\\/logo\\\/image\\\/\",\"url\":\"https:\\\/\\\/gelidsolutions.com\\\/wp-content\\\/uploads\\\/2022\\\/06\\\/logo_white_104_104.gif\",\"contentUrl\":\"https:\\\/\\\/gelidsolutions.com\\\/wp-content\\\/uploads\\\/2022\\\/06\\\/logo_white_104_104.gif\",\"width\":104,\"height\":104,\"caption\":\"Gelid Solutions\"},\"image\":{\"@id\":\"https:\\\/\\\/gelidsolutions.com\\\/de\\\/#\\\/schema\\\/logo\\\/image\\\/\"}}]}<\/script>\n<!-- \/ Yoast SEO plugin. -->","yoast_head_json":{"title":"GLACIER BLACK - Gelid Solutions","robots":{"index":"index","follow":"follow","max-snippet":"max-snippet:-1","max-image-preview":"max-image-preview:large","max-video-preview":"max-video-preview:-1"},"canonical":"https:\/\/gelidsolutions.com\/de\/produkt\/gletscherschwarz\/","og_locale":"de_DE","og_type":"article","og_title":"GLACIER BLACK - Gelid Solutions","og_description":"6 Leistungs-Heatpipes  Fortschrittlicher Twin-Tower-K\u00fchlk\u00f6rper  Hochwertige schwarze elektrophoretische Beschichtung  2 intelligente ARGB-PWM-L\u00fcfter  Dreifach-Ventilator-Option  Erweitertes Montage-Kit  TDP 220W Unterst\u00fctzung","og_url":"https:\/\/gelidsolutions.com\/de\/produkt\/gletscherschwarz\/","og_site_name":"Gelid Solutions","article_modified_time":"2023-11-30T16:00:19+00:00","og_image":[{"width":1024,"height":1024,"url":"https:\/\/gelidsolutions.com\/wp-content\/uploads\/2021\/09\/glacier-black-1-1024x1024.png","type":"image\/png"}],"twitter_card":"summary_large_image","twitter_misc":{"Gesch\u00e4tzte Lesezeit":"2\u00a0Minuten"},"schema":{"@context":"https:\/\/schema.org","@graph":[{"@type":"WebPage","@id":"https:\/\/gelidsolutions.com\/de\/produkt\/gletscherschwarz\/","url":"https:\/\/gelidsolutions.com\/de\/produkt\/gletscherschwarz\/","name":"GLACIER BLACK - Gelid Solutions","isPartOf":{"@id":"https:\/\/gelidsolutions.com\/de\/#website"},"primaryImageOfPage":{"@id":"https:\/\/gelidsolutions.com\/de\/produkt\/gletscherschwarz\/#primaryimage"},"image":{"@id":"https:\/\/gelidsolutions.com\/de\/produkt\/gletscherschwarz\/#primaryimage"},"thumbnailUrl":"https:\/\/gelidsolutions.com\/wp-content\/uploads\/2021\/09\/glacier-black-1.png","datePublished":"2021-09-02T12:33:00+00:00","dateModified":"2023-11-30T16:00:19+00:00","breadcrumb":{"@id":"https:\/\/gelidsolutions.com\/de\/produkt\/gletscherschwarz\/#breadcrumb"},"inLanguage":"de","potentialAction":[{"@type":"ReadAction","target":["https:\/\/gelidsolutions.com\/de\/produkt\/gletscherschwarz\/"]}]},{"@type":"ImageObject","inLanguage":"de","@id":"https:\/\/gelidsolutions.com\/de\/produkt\/gletscherschwarz\/#primaryimage","url":"https:\/\/gelidsolutions.com\/wp-content\/uploads\/2021\/09\/glacier-black-1.png","contentUrl":"https:\/\/gelidsolutions.com\/wp-content\/uploads\/2021\/09\/glacier-black-1.png","width":2000,"height":2000,"caption":"Gletscher Schwarz"},{"@type":"BreadcrumbList","@id":"https:\/\/gelidsolutions.com\/de\/produkt\/gletscherschwarz\/#breadcrumb","itemListElement":[{"@type":"ListItem","position":1,"name":"Home","item":"https:\/\/gelidsolutions.com\/de\/"},{"@type":"ListItem","position":2,"name":"Shop","item":"https:\/\/gelidsolutions.com\/shop\/"},{"@type":"ListItem","position":3,"name":"GLACIER BLACK"}]},{"@type":"WebSite","@id":"https:\/\/gelidsolutions.com\/de\/#website","url":"https:\/\/gelidsolutions.com\/de\/","name":"Gelid Solutions","description":"","publisher":{"@id":"https:\/\/gelidsolutions.com\/de\/#organization"},"potentialAction":[{"@type":"SearchAction","target":{"@type":"EntryPoint","urlTemplate":"https:\/\/gelidsolutions.com\/de\/?s={search_term_string}"},"query-input":{"@type":"PropertyValueSpecification","valueRequired":true,"valueName":"search_term_string"}}],"inLanguage":"de"},{"@type":"Organization","@id":"https:\/\/gelidsolutions.com\/de\/#organization","name":"Gelid Solutions","url":"https:\/\/gelidsolutions.com\/de\/","logo":{"@type":"ImageObject","inLanguage":"de","@id":"https:\/\/gelidsolutions.com\/de\/#\/schema\/logo\/image\/","url":"https:\/\/gelidsolutions.com\/wp-content\/uploads\/2022\/06\/logo_white_104_104.gif","contentUrl":"https:\/\/gelidsolutions.com\/wp-content\/uploads\/2022\/06\/logo_white_104_104.gif","width":104,"height":104,"caption":"Gelid Solutions"},"image":{"@id":"https:\/\/gelidsolutions.com\/de\/#\/schema\/logo\/image\/"}}]}},"_links":{"self":[{"href":"https:\/\/gelidsolutions.com\/de\/wp-json\/wp\/v2\/product\/120168","targetHints":{"allow":["GET"]}}],"collection":[{"href":"https:\/\/gelidsolutions.com\/de\/wp-json\/wp\/v2\/product"}],"about":[{"href":"https:\/\/gelidsolutions.com\/de\/wp-json\/wp\/v2\/types\/product"}],"replies":[{"embeddable":true,"href":"https:\/\/gelidsolutions.com\/de\/wp-json\/wp\/v2\/comments?post=120168"}],"wp:featuredmedia":[{"embeddable":true,"href":"https:\/\/gelidsolutions.com\/de\/wp-json\/wp\/v2\/media\/120165"}],"wp:attachment":[{"href":"https:\/\/gelidsolutions.com\/de\/wp-json\/wp\/v2\/media?parent=120168"}],"wp:term":[{"taxonomy":"product_cat","embeddable":true,"href":"https:\/\/gelidsolutions.com\/de\/wp-json\/wp\/v2\/product_cat?post=120168"},{"taxonomy":"product_tag","embeddable":true,"href":"https:\/\/gelidsolutions.com\/de\/wp-json\/wp\/v2\/product_tag?post=120168"}],"curies":[{"name":"wp","href":"https:\/\/api.w.org\/{rel}","templated":true}]}}