{"id":120339,"date":"2021-08-09T17:23:00","date_gmt":"2021-08-09T09:23:00","guid":{"rendered":"https:\/\/gelidsolutions.com\/product\/icecap-ssd-cooler\/"},"modified":"2024-05-20T00:00:10","modified_gmt":"2024-05-19T16:00:10","slug":"icecap-ssd-kuhler","status":"publish","type":"product","link":"https:\/\/gelidsolutions.com\/de\/produkt\/icecap-ssd-kuhler\/","title":{"rendered":"ICECAP M.2 SSD-K\u00dcHLKIT"},"content":{"rendered":"<p><i><b>IceCap (HS-M2-SSD-21)<\/b><\/i><br \/>\nUltimativer SSD-K\u00fchler<\/p>\n<p>&nbsp;<\/p>\n<p>IceCap ist so konzipiert, dass Ihr M.2 SSD bei jeder Arbeitslast und in jedem Nutzungsszenario k\u00fchlen, die Leistung des Laufwerks steigern und seine Lebensdauer verl\u00e4ngern. Der neu gestaltete Aluminiumk\u00fchlk\u00f6rper, 2 Hochleistungs-GP-Extreme-W\u00e4rmeleitpads und die sichere Befestigung sorgen f\u00fcr eine effektive W\u00e4rmeableitung und tragen dazu bei, die Betriebstemperatur des M.2-Systems deutlich zu senken. Typ SSD-Controller und Speicher-ICs.<\/p>\n<p>IceCap unterst\u00fctzt die neuesten Hochleistungs-PCIe Gen 4 M.2 NVMe-SSD mit bis zu 4 TB und vollst\u00e4ndig kompatibel mit dem PS5-SSD-Upgrade-Slot.<\/p>\n<h3>Machen Sie Ihre SSD eiskalt und rasend schnell!<\/h3>\n<p><strong>SSD-Thermal Throttling erkl\u00e4rt:<\/strong><\/p>\n<p>Bei der thermischen Drosselung handelt es sich um eine Technik, mit der die Frequenz eines ICs automatisch angepasst werden kann, um die vom IC erzeugte W\u00e4rmemenge zu verringern. Normalerweise arbeiten die elektronischen Bauteile innerhalb des Standardtemperaturbereichs bei voller Geschwindigkeit. Bei hoher Arbeitslast &#8211; w\u00e4hrend der Ausf\u00fchrung von Anwendungen wie Computerspielen, Videobearbeitung oder Datenmanipulation &#8211; kann jedoch aufgrund des hohen Datendurchsatzes eine \u00fcberm\u00e4\u00dfige W\u00e4rme durch den SSD-Controller und die Speicher-ICs erzeugt werden.<\/p>\n<p>Um die SSD abzuk\u00fchlen, wird ein automatischer Arbeitszyklus angewandt, die effektive Frequenz wird niedriger und die Betriebstemperatur n\u00e4hert sich allm\u00e4hlich dem Normalbereich. Bei diesem Zyklus nimmt die Leistung der SSD ab, bis sie k\u00fchler l\u00e4uft.<\/p>\n<p>IceCap verbessert die K\u00fchlung der SSD erheblich. Dadurch wird die Betriebstemperatur wesentlich niedriger und die Aktivierung der thermischen Drosselung wird bei jeder Arbeitslast und jedem Nutzungsszenario verhindert.<\/p>\n<p>EAN: 4897025783171<\/p>\n","protected":false},"excerpt":{"rendered":"<ul>\n<li>Ausgezeichnete W\u00e4rmeableitung<\/li>\n<li>Leichtes und schlankes Design<\/li>\n<li>Schnelle und sichere Montage<\/li>\n<li>GP-Extreme W\u00e4rmeleitpads im Lieferumfang enthalten<\/li>\n<li>Passend f\u00fcr alle M.2 Typ 2280 SSD<\/li>\n<li>Passt zu PS5 SSD Upgrade &amp; Speichererweiterung<\/li>\n<\/ul>\n","protected":false},"featured_media":120336,"comment_status":"open","ping_status":"closed","template":"","meta":{"_acf_changed":false},"product_cat":[531,305,561,332,506],"product_tag":[562,558],"class_list":{"0":"post-120339","1":"product","2":"type-product","3":"status-publish","4":"has-post-thumbnail","6":"product_cat-heiser-verkauf","7":"product_cat-kuehlloesungen","8":"product_cat-ssd-cooler-thermal-solutions-de","9":"product_cat-ssd-kuehler","10":"product_cat-zubehor","11":"product_tag-accessories-de","12":"product_tag-rgb-de","14":"first","15":"instock","16":"taxable","17":"shipping-taxable","18":"purchasable","19":"product-type-simple"},"supplier_id":null,"supplier_sku":"HS-M2-SSD-21","barcode":null,"atum_controlled":true,"out_stock_date":null,"out_stock_threshold":null,"inheritable":false,"inbound_stock":null,"stock_on_hold":0,"sold_today":0,"sales_last_days":0,"reserved_stock":null,"customer_returns":null,"warehouse_damage":null,"lost_in_post":null,"other_logs":null,"out_stock_days":0,"lost_sales":0,"has_location":false,"update_date":"2026-04-04T00:03:59","atum_locations":[],"atum_stock_status":"instock","restock_status":false,"low_stock_amount":"","sales_update_date":"2026-04-04T00:03:59","calc_backorders":null,"acf":[],"yoast_head":"<!-- This site is optimized with the Yoast SEO plugin v27.3 - https:\/\/yoast.com\/product\/yoast-seo-wordpress\/ -->\n<title>ICECAP M.2 SSD-K\u00dcHLKIT - Gelid Solutions<\/title>\n<meta name=\"robots\" content=\"index, follow, max-snippet:-1, max-image-preview:large, max-video-preview:-1\" \/>\n<link rel=\"canonical\" href=\"https:\/\/gelidsolutions.com\/de\/produkt\/icecap-ssd-kuhler\/\" \/>\n<meta property=\"og:locale\" content=\"de_DE\" \/>\n<meta property=\"og:type\" content=\"article\" \/>\n<meta property=\"og:title\" content=\"ICECAP M.2 SSD-K\u00dcHLKIT - Gelid Solutions\" \/>\n<meta property=\"og:description\" content=\"Ausgezeichnete W\u00e4rmeableitung  Leichtes und schlankes Design  Schnelle und sichere Montage  GP-Extreme W\u00e4rmeleitpads im Lieferumfang enthalten  Passend f\u00fcr alle M.2 Typ 2280 SSD  Passt zu PS5 SSD Upgrade &amp; Speichererweiterung\" \/>\n<meta property=\"og:url\" content=\"https:\/\/gelidsolutions.com\/de\/produkt\/icecap-ssd-kuhler\/\" \/>\n<meta property=\"og:site_name\" content=\"Gelid Solutions\" \/>\n<meta property=\"article:modified_time\" content=\"2024-05-19T16:00:10+00:00\" \/>\n<meta property=\"og:image\" content=\"https:\/\/gelidsolutions.com\/wp-content\/uploads\/2021\/08\/icecap-ssd-cooler-1.1.png\" \/>\n\t<meta property=\"og:image:width\" content=\"1500\" \/>\n\t<meta property=\"og:image:height\" content=\"1500\" \/>\n\t<meta property=\"og:image:type\" content=\"image\/png\" \/>\n<meta name=\"twitter:card\" content=\"summary_large_image\" \/>\n<meta name=\"twitter:label1\" content=\"Gesch\u00e4tzte Lesezeit\" \/>\n\t<meta name=\"twitter:data1\" content=\"1\u00a0Minute\" \/>\n<script type=\"application\/ld+json\" class=\"yoast-schema-graph\">{\"@context\":\"https:\\\/\\\/schema.org\",\"@graph\":[{\"@type\":\"WebPage\",\"@id\":\"https:\\\/\\\/gelidsolutions.com\\\/de\\\/produkt\\\/icecap-ssd-kuhler\\\/\",\"url\":\"https:\\\/\\\/gelidsolutions.com\\\/de\\\/produkt\\\/icecap-ssd-kuhler\\\/\",\"name\":\"ICECAP M.2 SSD-K\u00dcHLKIT - Gelid Solutions\",\"isPartOf\":{\"@id\":\"https:\\\/\\\/gelidsolutions.com\\\/de\\\/#website\"},\"primaryImageOfPage\":{\"@id\":\"https:\\\/\\\/gelidsolutions.com\\\/de\\\/produkt\\\/icecap-ssd-kuhler\\\/#primaryimage\"},\"image\":{\"@id\":\"https:\\\/\\\/gelidsolutions.com\\\/de\\\/produkt\\\/icecap-ssd-kuhler\\\/#primaryimage\"},\"thumbnailUrl\":\"https:\\\/\\\/gelidsolutions.com\\\/wp-content\\\/uploads\\\/2021\\\/08\\\/icecap-ssd-cooler-1.1.png\",\"datePublished\":\"2021-08-09T09:23:00+00:00\",\"dateModified\":\"2024-05-19T16:00:10+00:00\",\"breadcrumb\":{\"@id\":\"https:\\\/\\\/gelidsolutions.com\\\/de\\\/produkt\\\/icecap-ssd-kuhler\\\/#breadcrumb\"},\"inLanguage\":\"de\",\"potentialAction\":[{\"@type\":\"ReadAction\",\"target\":[\"https:\\\/\\\/gelidsolutions.com\\\/de\\\/produkt\\\/icecap-ssd-kuhler\\\/\"]}]},{\"@type\":\"ImageObject\",\"inLanguage\":\"de\",\"@id\":\"https:\\\/\\\/gelidsolutions.com\\\/de\\\/produkt\\\/icecap-ssd-kuhler\\\/#primaryimage\",\"url\":\"https:\\\/\\\/gelidsolutions.com\\\/wp-content\\\/uploads\\\/2021\\\/08\\\/icecap-ssd-cooler-1.1.png\",\"contentUrl\":\"https:\\\/\\\/gelidsolutions.com\\\/wp-content\\\/uploads\\\/2021\\\/08\\\/icecap-ssd-cooler-1.1.png\",\"width\":1500,\"height\":1500,\"caption\":\"IceCap\"},{\"@type\":\"BreadcrumbList\",\"@id\":\"https:\\\/\\\/gelidsolutions.com\\\/de\\\/produkt\\\/icecap-ssd-kuhler\\\/#breadcrumb\",\"itemListElement\":[{\"@type\":\"ListItem\",\"position\":1,\"name\":\"Home\",\"item\":\"https:\\\/\\\/gelidsolutions.com\\\/de\\\/\"},{\"@type\":\"ListItem\",\"position\":2,\"name\":\"Shop\",\"item\":\"https:\\\/\\\/gelidsolutions.com\\\/shop\\\/\"},{\"@type\":\"ListItem\",\"position\":3,\"name\":\"ICECAP M.2 SSD-K\u00dcHLKIT\"}]},{\"@type\":\"WebSite\",\"@id\":\"https:\\\/\\\/gelidsolutions.com\\\/de\\\/#website\",\"url\":\"https:\\\/\\\/gelidsolutions.com\\\/de\\\/\",\"name\":\"Gelid Solutions\",\"description\":\"\",\"publisher\":{\"@id\":\"https:\\\/\\\/gelidsolutions.com\\\/de\\\/#organization\"},\"potentialAction\":[{\"@type\":\"SearchAction\",\"target\":{\"@type\":\"EntryPoint\",\"urlTemplate\":\"https:\\\/\\\/gelidsolutions.com\\\/de\\\/?s={search_term_string}\"},\"query-input\":{\"@type\":\"PropertyValueSpecification\",\"valueRequired\":true,\"valueName\":\"search_term_string\"}}],\"inLanguage\":\"de\"},{\"@type\":\"Organization\",\"@id\":\"https:\\\/\\\/gelidsolutions.com\\\/de\\\/#organization\",\"name\":\"Gelid Solutions\",\"url\":\"https:\\\/\\\/gelidsolutions.com\\\/de\\\/\",\"logo\":{\"@type\":\"ImageObject\",\"inLanguage\":\"de\",\"@id\":\"https:\\\/\\\/gelidsolutions.com\\\/de\\\/#\\\/schema\\\/logo\\\/image\\\/\",\"url\":\"https:\\\/\\\/gelidsolutions.com\\\/wp-content\\\/uploads\\\/2022\\\/06\\\/logo_white_104_104.gif\",\"contentUrl\":\"https:\\\/\\\/gelidsolutions.com\\\/wp-content\\\/uploads\\\/2022\\\/06\\\/logo_white_104_104.gif\",\"width\":104,\"height\":104,\"caption\":\"Gelid Solutions\"},\"image\":{\"@id\":\"https:\\\/\\\/gelidsolutions.com\\\/de\\\/#\\\/schema\\\/logo\\\/image\\\/\"}}]}<\/script>\n<!-- \/ Yoast SEO plugin. -->","yoast_head_json":{"title":"ICECAP M.2 SSD-K\u00dcHLKIT - Gelid Solutions","robots":{"index":"index","follow":"follow","max-snippet":"max-snippet:-1","max-image-preview":"max-image-preview:large","max-video-preview":"max-video-preview:-1"},"canonical":"https:\/\/gelidsolutions.com\/de\/produkt\/icecap-ssd-kuhler\/","og_locale":"de_DE","og_type":"article","og_title":"ICECAP M.2 SSD-K\u00dcHLKIT - Gelid Solutions","og_description":"Ausgezeichnete W\u00e4rmeableitung  Leichtes und schlankes Design  Schnelle und sichere Montage  GP-Extreme W\u00e4rmeleitpads im Lieferumfang enthalten  Passend f\u00fcr alle M.2 Typ 2280 SSD  Passt zu PS5 SSD Upgrade &amp; Speichererweiterung","og_url":"https:\/\/gelidsolutions.com\/de\/produkt\/icecap-ssd-kuhler\/","og_site_name":"Gelid Solutions","article_modified_time":"2024-05-19T16:00:10+00:00","og_image":[{"width":1500,"height":1500,"url":"https:\/\/gelidsolutions.com\/wp-content\/uploads\/2021\/08\/icecap-ssd-cooler-1.1.png","type":"image\/png"}],"twitter_card":"summary_large_image","twitter_misc":{"Gesch\u00e4tzte Lesezeit":"1\u00a0Minute"},"schema":{"@context":"https:\/\/schema.org","@graph":[{"@type":"WebPage","@id":"https:\/\/gelidsolutions.com\/de\/produkt\/icecap-ssd-kuhler\/","url":"https:\/\/gelidsolutions.com\/de\/produkt\/icecap-ssd-kuhler\/","name":"ICECAP M.2 SSD-K\u00dcHLKIT - Gelid Solutions","isPartOf":{"@id":"https:\/\/gelidsolutions.com\/de\/#website"},"primaryImageOfPage":{"@id":"https:\/\/gelidsolutions.com\/de\/produkt\/icecap-ssd-kuhler\/#primaryimage"},"image":{"@id":"https:\/\/gelidsolutions.com\/de\/produkt\/icecap-ssd-kuhler\/#primaryimage"},"thumbnailUrl":"https:\/\/gelidsolutions.com\/wp-content\/uploads\/2021\/08\/icecap-ssd-cooler-1.1.png","datePublished":"2021-08-09T09:23:00+00:00","dateModified":"2024-05-19T16:00:10+00:00","breadcrumb":{"@id":"https:\/\/gelidsolutions.com\/de\/produkt\/icecap-ssd-kuhler\/#breadcrumb"},"inLanguage":"de","potentialAction":[{"@type":"ReadAction","target":["https:\/\/gelidsolutions.com\/de\/produkt\/icecap-ssd-kuhler\/"]}]},{"@type":"ImageObject","inLanguage":"de","@id":"https:\/\/gelidsolutions.com\/de\/produkt\/icecap-ssd-kuhler\/#primaryimage","url":"https:\/\/gelidsolutions.com\/wp-content\/uploads\/2021\/08\/icecap-ssd-cooler-1.1.png","contentUrl":"https:\/\/gelidsolutions.com\/wp-content\/uploads\/2021\/08\/icecap-ssd-cooler-1.1.png","width":1500,"height":1500,"caption":"IceCap"},{"@type":"BreadcrumbList","@id":"https:\/\/gelidsolutions.com\/de\/produkt\/icecap-ssd-kuhler\/#breadcrumb","itemListElement":[{"@type":"ListItem","position":1,"name":"Home","item":"https:\/\/gelidsolutions.com\/de\/"},{"@type":"ListItem","position":2,"name":"Shop","item":"https:\/\/gelidsolutions.com\/shop\/"},{"@type":"ListItem","position":3,"name":"ICECAP M.2 SSD-K\u00dcHLKIT"}]},{"@type":"WebSite","@id":"https:\/\/gelidsolutions.com\/de\/#website","url":"https:\/\/gelidsolutions.com\/de\/","name":"Gelid Solutions","description":"","publisher":{"@id":"https:\/\/gelidsolutions.com\/de\/#organization"},"potentialAction":[{"@type":"SearchAction","target":{"@type":"EntryPoint","urlTemplate":"https:\/\/gelidsolutions.com\/de\/?s={search_term_string}"},"query-input":{"@type":"PropertyValueSpecification","valueRequired":true,"valueName":"search_term_string"}}],"inLanguage":"de"},{"@type":"Organization","@id":"https:\/\/gelidsolutions.com\/de\/#organization","name":"Gelid Solutions","url":"https:\/\/gelidsolutions.com\/de\/","logo":{"@type":"ImageObject","inLanguage":"de","@id":"https:\/\/gelidsolutions.com\/de\/#\/schema\/logo\/image\/","url":"https:\/\/gelidsolutions.com\/wp-content\/uploads\/2022\/06\/logo_white_104_104.gif","contentUrl":"https:\/\/gelidsolutions.com\/wp-content\/uploads\/2022\/06\/logo_white_104_104.gif","width":104,"height":104,"caption":"Gelid Solutions"},"image":{"@id":"https:\/\/gelidsolutions.com\/de\/#\/schema\/logo\/image\/"}}]}},"_links":{"self":[{"href":"https:\/\/gelidsolutions.com\/de\/wp-json\/wp\/v2\/product\/120339","targetHints":{"allow":["GET"]}}],"collection":[{"href":"https:\/\/gelidsolutions.com\/de\/wp-json\/wp\/v2\/product"}],"about":[{"href":"https:\/\/gelidsolutions.com\/de\/wp-json\/wp\/v2\/types\/product"}],"replies":[{"embeddable":true,"href":"https:\/\/gelidsolutions.com\/de\/wp-json\/wp\/v2\/comments?post=120339"}],"wp:featuredmedia":[{"embeddable":true,"href":"https:\/\/gelidsolutions.com\/de\/wp-json\/wp\/v2\/media\/120336"}],"wp:attachment":[{"href":"https:\/\/gelidsolutions.com\/de\/wp-json\/wp\/v2\/media?parent=120339"}],"wp:term":[{"taxonomy":"product_cat","embeddable":true,"href":"https:\/\/gelidsolutions.com\/de\/wp-json\/wp\/v2\/product_cat?post=120339"},{"taxonomy":"product_tag","embeddable":true,"href":"https:\/\/gelidsolutions.com\/de\/wp-json\/wp\/v2\/product_tag?post=120339"}],"curies":[{"name":"wp","href":"https:\/\/api.w.org\/{rel}","templated":true}]}}