{"id":120841,"date":"2022-08-22T06:12:31","date_gmt":"2022-08-21T22:12:31","guid":{"rendered":"https:\/\/gelidsolutions.com\/product\/voce-black\/"},"modified":"2023-07-20T15:20:16","modified_gmt":"2023-07-20T07:20:16","slug":"voce-schwarz","status":"publish","type":"product","link":"https:\/\/gelidsolutions.com\/de\/produkt\/voce-schwarz\/","title":{"rendered":"VOCE BLACK USB-KONDENSATORMIKROFON"},"content":{"rendered":"<div class=\"wpb-content-wrapper\"><section class=\"vc_row wpb_row vc_row-fluid\"><div class=\"wpb_column vc_column_container col-xs-mobile-fullwidth vc_col-sm-12\"><div class=\"vc_column-inner\"><div class=\"wpb_wrapper\"><div class=\"text-block-content hongo-text-block-1 last-paragraph-no-margin\"><p><i><b>VOCE Black (ST-VOCE-02)<\/b><\/i><br \/>\nUSB-Kondensatormikrofon<\/p>\n<p><strong>Ideal f\u00fcr Podcasting und Live-Streaming!<\/strong><\/p>\n<p>In der Welt des Live-Streamings beginnt alles mit dem Mikrofon. Dank <strong>VOCE<\/strong> m\u00fcssen Sie kein Tontechniker sein.<br \/>\nDamit hat jeder im Handumdrehen Zugang zu au\u00dfergew\u00f6hnlicher Klangqualit\u00e4t. Schlie\u00dfen Sie <strong>VOCE<\/strong> einfach an Ihren Computer, Laptop oder Ihr Smartphone an, und schon k\u00f6nnen Sie Ihre Geschichte auf h\u00f6chst ansprechende Weise erz\u00e4hlen.<\/p>\n<p><strong>Stecken Sie Ihre Energie in den Inhalt, nicht in die Aufnahmeeinrichtung. Sprechen Sie aufrichtig, str\u00f6men Sie ausdrucksstark, genie\u00dfen Sie Ihre Arbeit!<\/strong><\/p>\n<p>Eingeschlossen:<br \/>\n1 x USB-Kondensatormikrofon<br \/>\n1 x Boom-Arm<br \/>\n1 x Pop-Filter<br \/>\n1 x Schaumstoff-Windschutzscheibe<br \/>\n1 x USB-Kabel<\/p>\n<p>EAN: 4897025783560<\/p>\n<\/div>\n\t<div class=\"wpb_video_widget wpb_content_element vc_clearfix   vc_video-aspect-ratio-169 vc_video-el-width-100 vc_video-align-left\" >\n\t\t<div class=\"wpb_wrapper\">\n\t\t\t\n\t\t\t<div class=\"wpb_video_wrapper\"><iframe loading=\"lazy\" title=\"Microfono a condensatore USB per podcast, streaming e canto Gelid Voce recensione\" width=\"500\" height=\"281\" src=\"https:\/\/www.youtube.com\/embed\/hQENFNMg-Zs?feature=oembed\" frameborder=\"0\" allow=\"accelerometer; autoplay; clipboard-write; encrypted-media; gyroscope; picture-in-picture; web-share\" allowfullscreen><\/iframe><\/div>\n\t\t<\/div>\n\t<\/div>\n<\/div><\/div><\/div><\/section>\n<\/div>","protected":false},"excerpt":{"rendered":"<ul>\n<li>All-in-One-Kit, keine zus\u00e4tzliche Ausr\u00fcstung erforderlich<\/li>\n<li>Superschnelle und nahtlose Einrichtung<\/li>\n<li>Au\u00dfergew\u00f6hnliche Klangqualit\u00e4t<\/li>\n<li>Nierenf\u00f6rmige Richtcharakteristik<\/li>\n<li>Perfekt f\u00fcr Ein-Personen-Aufnahmen und Streaming<\/li>\n<li>Langlebige &amp; robuste Bauweise<\/li>\n<\/ul>\n","protected":false},"featured_media":120819,"comment_status":"open","ping_status":"closed","template":"","meta":{"_acf_changed":false},"product_cat":[533,564,532],"product_tag":[],"class_list":{"0":"post-120841","1":"product","2":"type-product","3":"status-publish","4":"has-post-thumbnail","6":"product_cat-hausburo","7":"product_cat-home-office-home-office-de","8":"product_cat-lebensstil","10":"first","11":"instock","12":"sale","13":"taxable","14":"shipping-taxable","15":"purchasable","16":"product-type-simple"},"supplier_id":null,"supplier_sku":"","barcode":"4897025783560","atum_controlled":true,"out_stock_date":null,"out_stock_threshold":null,"inheritable":false,"inbound_stock":0,"stock_on_hold":0,"sold_today":0,"sales_last_days":0,"reserved_stock":0,"customer_returns":0,"warehouse_damage":0,"lost_in_post":0,"other_logs":0,"out_stock_days":0,"lost_sales":0,"has_location":false,"update_date":"2026-05-04T01:14:12","atum_locations":[],"atum_stock_status":"instock","restock_status":false,"low_stock_amount":"","sales_update_date":"2026-05-04T01:14:12","calc_backorders":null,"acf":[],"yoast_head":"<!-- This site is optimized with the Yoast SEO plugin v27.5 - https:\/\/yoast.com\/product\/yoast-seo-wordpress\/ -->\n<title>VOCE BLACK USB-KONDENSATORMIKROFON - Gelid Solutions<\/title>\n<meta name=\"robots\" content=\"index, follow, max-snippet:-1, max-image-preview:large, max-video-preview:-1\" \/>\n<link rel=\"canonical\" href=\"https:\/\/gelidsolutions.com\/de\/produkt\/voce-schwarz\/\" \/>\n<meta property=\"og:locale\" content=\"de_DE\" \/>\n<meta property=\"og:type\" content=\"article\" \/>\n<meta property=\"og:title\" content=\"VOCE BLACK USB-KONDENSATORMIKROFON - Gelid Solutions\" \/>\n<meta property=\"og:description\" content=\"All-in-One-Kit, keine zus\u00e4tzliche Ausr\u00fcstung erforderlich  Superschnelle und nahtlose Einrichtung  Au\u00dfergew\u00f6hnliche Klangqualit\u00e4t  Nierenf\u00f6rmige Richtcharakteristik  Perfekt f\u00fcr Ein-Personen-Aufnahmen und Streaming  Langlebige &amp; robuste Bauweise\" \/>\n<meta property=\"og:url\" content=\"https:\/\/gelidsolutions.com\/de\/produkt\/voce-schwarz\/\" \/>\n<meta property=\"og:site_name\" content=\"Gelid Solutions\" \/>\n<meta property=\"article:modified_time\" content=\"2023-07-20T07:20:16+00:00\" \/>\n<meta property=\"og:image\" content=\"https:\/\/gelidsolutions.com\/wp-content\/uploads\/2022\/08\/01-2-1.1.png\" \/>\n\t<meta property=\"og:image:width\" content=\"2000\" \/>\n\t<meta property=\"og:image:height\" content=\"2000\" \/>\n\t<meta property=\"og:image:type\" content=\"image\/png\" \/>\n<meta name=\"twitter:card\" content=\"summary_large_image\" \/>\n<meta name=\"twitter:label1\" content=\"Gesch\u00e4tzte Lesezeit\" \/>\n\t<meta name=\"twitter:data1\" content=\"1\u00a0Minute\" \/>\n<script type=\"application\/ld+json\" class=\"yoast-schema-graph\">{\"@context\":\"https:\\\/\\\/schema.org\",\"@graph\":[{\"@type\":\"WebPage\",\"@id\":\"https:\\\/\\\/gelidsolutions.com\\\/de\\\/produkt\\\/voce-schwarz\\\/\",\"url\":\"https:\\\/\\\/gelidsolutions.com\\\/de\\\/produkt\\\/voce-schwarz\\\/\",\"name\":\"VOCE BLACK USB-KONDENSATORMIKROFON - Gelid Solutions\",\"isPartOf\":{\"@id\":\"https:\\\/\\\/gelidsolutions.com\\\/de\\\/#website\"},\"primaryImageOfPage\":{\"@id\":\"https:\\\/\\\/gelidsolutions.com\\\/de\\\/produkt\\\/voce-schwarz\\\/#primaryimage\"},\"image\":{\"@id\":\"https:\\\/\\\/gelidsolutions.com\\\/de\\\/produkt\\\/voce-schwarz\\\/#primaryimage\"},\"thumbnailUrl\":\"https:\\\/\\\/gelidsolutions.com\\\/wp-content\\\/uploads\\\/2022\\\/08\\\/01-2-1.1.png\",\"datePublished\":\"2022-08-21T22:12:31+00:00\",\"dateModified\":\"2023-07-20T07:20:16+00:00\",\"breadcrumb\":{\"@id\":\"https:\\\/\\\/gelidsolutions.com\\\/de\\\/produkt\\\/voce-schwarz\\\/#breadcrumb\"},\"inLanguage\":\"de\",\"potentialAction\":[{\"@type\":\"ReadAction\",\"target\":[\"https:\\\/\\\/gelidsolutions.com\\\/de\\\/produkt\\\/voce-schwarz\\\/\"]}]},{\"@type\":\"ImageObject\",\"inLanguage\":\"de\",\"@id\":\"https:\\\/\\\/gelidsolutions.com\\\/de\\\/produkt\\\/voce-schwarz\\\/#primaryimage\",\"url\":\"https:\\\/\\\/gelidsolutions.com\\\/wp-content\\\/uploads\\\/2022\\\/08\\\/01-2-1.1.png\",\"contentUrl\":\"https:\\\/\\\/gelidsolutions.com\\\/wp-content\\\/uploads\\\/2022\\\/08\\\/01-2-1.1.png\",\"width\":2000,\"height\":2000,\"caption\":\"VOCE Schwarz\"},{\"@type\":\"BreadcrumbList\",\"@id\":\"https:\\\/\\\/gelidsolutions.com\\\/de\\\/produkt\\\/voce-schwarz\\\/#breadcrumb\",\"itemListElement\":[{\"@type\":\"ListItem\",\"position\":1,\"name\":\"Home\",\"item\":\"https:\\\/\\\/gelidsolutions.com\\\/de\\\/\"},{\"@type\":\"ListItem\",\"position\":2,\"name\":\"Shop\",\"item\":\"https:\\\/\\\/gelidsolutions.com\\\/shop\\\/\"},{\"@type\":\"ListItem\",\"position\":3,\"name\":\"VOCE BLACK USB-KONDENSATORMIKROFON\"}]},{\"@type\":\"WebSite\",\"@id\":\"https:\\\/\\\/gelidsolutions.com\\\/de\\\/#website\",\"url\":\"https:\\\/\\\/gelidsolutions.com\\\/de\\\/\",\"name\":\"Gelid Solutions\",\"description\":\"\",\"publisher\":{\"@id\":\"https:\\\/\\\/gelidsolutions.com\\\/de\\\/#organization\"},\"potentialAction\":[{\"@type\":\"SearchAction\",\"target\":{\"@type\":\"EntryPoint\",\"urlTemplate\":\"https:\\\/\\\/gelidsolutions.com\\\/de\\\/?s={search_term_string}\"},\"query-input\":{\"@type\":\"PropertyValueSpecification\",\"valueRequired\":true,\"valueName\":\"search_term_string\"}}],\"inLanguage\":\"de\"},{\"@type\":\"Organization\",\"@id\":\"https:\\\/\\\/gelidsolutions.com\\\/de\\\/#organization\",\"name\":\"Gelid Solutions\",\"url\":\"https:\\\/\\\/gelidsolutions.com\\\/de\\\/\",\"logo\":{\"@type\":\"ImageObject\",\"inLanguage\":\"de\",\"@id\":\"https:\\\/\\\/gelidsolutions.com\\\/de\\\/#\\\/schema\\\/logo\\\/image\\\/\",\"url\":\"https:\\\/\\\/gelidsolutions.com\\\/wp-content\\\/uploads\\\/2022\\\/06\\\/logo_white_104_104.gif\",\"contentUrl\":\"https:\\\/\\\/gelidsolutions.com\\\/wp-content\\\/uploads\\\/2022\\\/06\\\/logo_white_104_104.gif\",\"width\":104,\"height\":104,\"caption\":\"Gelid Solutions\"},\"image\":{\"@id\":\"https:\\\/\\\/gelidsolutions.com\\\/de\\\/#\\\/schema\\\/logo\\\/image\\\/\"}}]}<\/script>\n<!-- \/ Yoast SEO plugin. -->","yoast_head_json":{"title":"VOCE BLACK USB-KONDENSATORMIKROFON - Gelid Solutions","robots":{"index":"index","follow":"follow","max-snippet":"max-snippet:-1","max-image-preview":"max-image-preview:large","max-video-preview":"max-video-preview:-1"},"canonical":"https:\/\/gelidsolutions.com\/de\/produkt\/voce-schwarz\/","og_locale":"de_DE","og_type":"article","og_title":"VOCE BLACK USB-KONDENSATORMIKROFON - Gelid Solutions","og_description":"All-in-One-Kit, keine zus\u00e4tzliche Ausr\u00fcstung erforderlich  Superschnelle und nahtlose Einrichtung  Au\u00dfergew\u00f6hnliche Klangqualit\u00e4t  Nierenf\u00f6rmige Richtcharakteristik  Perfekt f\u00fcr Ein-Personen-Aufnahmen und Streaming  Langlebige &amp; robuste Bauweise","og_url":"https:\/\/gelidsolutions.com\/de\/produkt\/voce-schwarz\/","og_site_name":"Gelid Solutions","article_modified_time":"2023-07-20T07:20:16+00:00","og_image":[{"width":2000,"height":2000,"url":"https:\/\/gelidsolutions.com\/wp-content\/uploads\/2022\/08\/01-2-1.1.png","type":"image\/png"}],"twitter_card":"summary_large_image","twitter_misc":{"Gesch\u00e4tzte Lesezeit":"1\u00a0Minute"},"schema":{"@context":"https:\/\/schema.org","@graph":[{"@type":"WebPage","@id":"https:\/\/gelidsolutions.com\/de\/produkt\/voce-schwarz\/","url":"https:\/\/gelidsolutions.com\/de\/produkt\/voce-schwarz\/","name":"VOCE BLACK USB-KONDENSATORMIKROFON - Gelid Solutions","isPartOf":{"@id":"https:\/\/gelidsolutions.com\/de\/#website"},"primaryImageOfPage":{"@id":"https:\/\/gelidsolutions.com\/de\/produkt\/voce-schwarz\/#primaryimage"},"image":{"@id":"https:\/\/gelidsolutions.com\/de\/produkt\/voce-schwarz\/#primaryimage"},"thumbnailUrl":"https:\/\/gelidsolutions.com\/wp-content\/uploads\/2022\/08\/01-2-1.1.png","datePublished":"2022-08-21T22:12:31+00:00","dateModified":"2023-07-20T07:20:16+00:00","breadcrumb":{"@id":"https:\/\/gelidsolutions.com\/de\/produkt\/voce-schwarz\/#breadcrumb"},"inLanguage":"de","potentialAction":[{"@type":"ReadAction","target":["https:\/\/gelidsolutions.com\/de\/produkt\/voce-schwarz\/"]}]},{"@type":"ImageObject","inLanguage":"de","@id":"https:\/\/gelidsolutions.com\/de\/produkt\/voce-schwarz\/#primaryimage","url":"https:\/\/gelidsolutions.com\/wp-content\/uploads\/2022\/08\/01-2-1.1.png","contentUrl":"https:\/\/gelidsolutions.com\/wp-content\/uploads\/2022\/08\/01-2-1.1.png","width":2000,"height":2000,"caption":"VOCE Schwarz"},{"@type":"BreadcrumbList","@id":"https:\/\/gelidsolutions.com\/de\/produkt\/voce-schwarz\/#breadcrumb","itemListElement":[{"@type":"ListItem","position":1,"name":"Home","item":"https:\/\/gelidsolutions.com\/de\/"},{"@type":"ListItem","position":2,"name":"Shop","item":"https:\/\/gelidsolutions.com\/shop\/"},{"@type":"ListItem","position":3,"name":"VOCE BLACK USB-KONDENSATORMIKROFON"}]},{"@type":"WebSite","@id":"https:\/\/gelidsolutions.com\/de\/#website","url":"https:\/\/gelidsolutions.com\/de\/","name":"Gelid Solutions","description":"","publisher":{"@id":"https:\/\/gelidsolutions.com\/de\/#organization"},"potentialAction":[{"@type":"SearchAction","target":{"@type":"EntryPoint","urlTemplate":"https:\/\/gelidsolutions.com\/de\/?s={search_term_string}"},"query-input":{"@type":"PropertyValueSpecification","valueRequired":true,"valueName":"search_term_string"}}],"inLanguage":"de"},{"@type":"Organization","@id":"https:\/\/gelidsolutions.com\/de\/#organization","name":"Gelid Solutions","url":"https:\/\/gelidsolutions.com\/de\/","logo":{"@type":"ImageObject","inLanguage":"de","@id":"https:\/\/gelidsolutions.com\/de\/#\/schema\/logo\/image\/","url":"https:\/\/gelidsolutions.com\/wp-content\/uploads\/2022\/06\/logo_white_104_104.gif","contentUrl":"https:\/\/gelidsolutions.com\/wp-content\/uploads\/2022\/06\/logo_white_104_104.gif","width":104,"height":104,"caption":"Gelid Solutions"},"image":{"@id":"https:\/\/gelidsolutions.com\/de\/#\/schema\/logo\/image\/"}}]}},"_links":{"self":[{"href":"https:\/\/gelidsolutions.com\/de\/wp-json\/wp\/v2\/product\/120841","targetHints":{"allow":["GET"]}}],"collection":[{"href":"https:\/\/gelidsolutions.com\/de\/wp-json\/wp\/v2\/product"}],"about":[{"href":"https:\/\/gelidsolutions.com\/de\/wp-json\/wp\/v2\/types\/product"}],"replies":[{"embeddable":true,"href":"https:\/\/gelidsolutions.com\/de\/wp-json\/wp\/v2\/comments?post=120841"}],"wp:featuredmedia":[{"embeddable":true,"href":"https:\/\/gelidsolutions.com\/de\/wp-json\/wp\/v2\/media\/120819"}],"wp:attachment":[{"href":"https:\/\/gelidsolutions.com\/de\/wp-json\/wp\/v2\/media?parent=120841"}],"wp:term":[{"taxonomy":"product_cat","embeddable":true,"href":"https:\/\/gelidsolutions.com\/de\/wp-json\/wp\/v2\/product_cat?post=120841"},{"taxonomy":"product_tag","embeddable":true,"href":"https:\/\/gelidsolutions.com\/de\/wp-json\/wp\/v2\/product_tag?post=120841"}],"curies":[{"name":"wp","href":"https:\/\/api.w.org\/{rel}","templated":true}]}}