{"id":121565,"date":"2020-06-30T12:30:00","date_gmt":"2020-06-30T04:30:00","guid":{"rendered":"https:\/\/gelidsolutions.com\/product\/mesh140-dust-filter-2\/"},"modified":"2023-07-11T15:29:18","modified_gmt":"2023-07-11T07:29:18","slug":"mesh140-staubfilter","status":"publish","type":"product","link":"https:\/\/gelidsolutions.com\/de\/produkt\/mesh140-staubfilter\/","title":{"rendered":"STAUBFILTERSATZ MESH 140"},"content":{"rendered":"<p><i><b>Masche 140 (SL-Dust-02)<\/b><\/i><br \/>\n140-mm-L\u00fcfter-Staubfilter-Kit<\/p>\n<p>Mesh 140 ist so konzipiert, dass sich im Inneren Ihres PCs kein Staub ansammelt. Staub beeintr\u00e4chtigt nicht nur die \u00c4sthetik, sondern verringert auch die K\u00fchlleistung und kann auch eine gewisse elektrische Kapazit\u00e4t und Leitf\u00e4higkeit anreichern, was sich auf die Zuverl\u00e4ssigkeit und Lebensdauer Ihres PCs auswirkt.<\/p>\n<p>Mit dem winzigen faser- und luftstromoptimierten PVC-Gewebe mit superdichten 17 Poren pro Zoll gew\u00e4hrleistet Mesh 140 eine nahezu 100-prozentige Staubfilterung und l\u00e4sst bis zu 90 % Luftstrom frei passieren. Es ist waschbar, wiederverwendbar und kompatibel mit allen Standard-140-mm-L\u00fcftern und L\u00fcftungs\u00f6ffnungen.<\/p>\n<p>Weg mit dem Staub! Bringen Sie frischen Wind in Ihren PC mit dem Mesh 140 Dust Filter Kit!<\/p>\n<p>EAN: 4897025782365<\/p>\n","protected":false},"excerpt":{"rendered":"<ul>\n<li>  Ultrafeines PVC-Netz mit 17 Poren pro Zoll<\/li>\n<li>  Ausgezeichneter Airflow-Pass<\/li>\n<li>  Leicht und einfach zu installieren<\/li>\n<li>  Waschbar &amp; wiederverwendbar<\/li>\n<li>  Passend f\u00fcr alle 140-mm-L\u00fcfter und L\u00fcftungs\u00f6ffnungen<\/li>\n<li>  RoHS-konform<\/li>\n<\/ul>\n","protected":false},"featured_media":121558,"comment_status":"closed","ping_status":"closed","template":"","meta":{"_acf_changed":false},"product_cat":[327,305,506,318],"product_tag":[562,551],"class_list":{"0":"post-121565","1":"product","2":"type-product","3":"status-publish","4":"has-post-thumbnail","6":"product_cat-gamer-zubehoer","7":"product_cat-kuehlloesungen","8":"product_cat-zubehor","9":"product_cat-zubehoer","10":"product_tag-accessories-de","11":"product_tag-case-fan-de","13":"first","14":"instock","15":"taxable","16":"shipping-taxable","17":"purchasable","18":"product-type-simple"},"supplier_id":null,"supplier_sku":"SL-Dust-02","barcode":null,"atum_controlled":true,"out_stock_date":null,"out_stock_threshold":null,"inheritable":false,"inbound_stock":null,"stock_on_hold":0,"sold_today":0,"sales_last_days":0,"reserved_stock":null,"customer_returns":null,"warehouse_damage":null,"lost_in_post":null,"other_logs":null,"out_stock_days":0,"lost_sales":0,"has_location":false,"update_date":"2026-05-03T01:14:13","atum_locations":[],"atum_stock_status":"instock","restock_status":false,"low_stock_amount":"","sales_update_date":"2026-05-03T01:14:13","calc_backorders":null,"acf":[],"yoast_head":"<!-- This site is optimized with the Yoast SEO plugin v27.5 - https:\/\/yoast.com\/product\/yoast-seo-wordpress\/ -->\n<title>STAUBFILTERSATZ MESH 140 - Gelid Solutions<\/title>\n<meta name=\"robots\" content=\"index, follow, max-snippet:-1, max-image-preview:large, max-video-preview:-1\" \/>\n<link rel=\"canonical\" href=\"https:\/\/gelidsolutions.com\/de\/produkt\/mesh140-staubfilter\/\" \/>\n<meta property=\"og:locale\" content=\"de_DE\" \/>\n<meta property=\"og:type\" content=\"article\" \/>\n<meta property=\"og:title\" content=\"STAUBFILTERSATZ MESH 140 - Gelid Solutions\" \/>\n<meta property=\"og:description\" content=\"Ultrafeines PVC-Netz mit 17 Poren pro Zoll   Ausgezeichneter Airflow-Pass   Leicht und einfach zu installieren   Waschbar &amp; wiederverwendbar   Passend f\u00fcr alle 140-mm-L\u00fcfter und L\u00fcftungs\u00f6ffnungen   RoHS-konform\" \/>\n<meta property=\"og:url\" content=\"https:\/\/gelidsolutions.com\/de\/produkt\/mesh140-staubfilter\/\" \/>\n<meta property=\"og:site_name\" content=\"Gelid Solutions\" \/>\n<meta property=\"article:modified_time\" content=\"2023-07-11T07:29:18+00:00\" \/>\n<meta property=\"og:image\" content=\"https:\/\/gelidsolutions.com\/wp-content\/uploads\/2020\/06\/mesh140_dust_filter_1.1.png\" \/>\n\t<meta property=\"og:image:width\" content=\"1600\" \/>\n\t<meta property=\"og:image:height\" content=\"1600\" \/>\n\t<meta property=\"og:image:type\" content=\"image\/png\" \/>\n<meta name=\"twitter:card\" content=\"summary_large_image\" \/>\n<meta name=\"twitter:label1\" content=\"Gesch\u00e4tzte Lesezeit\" \/>\n\t<meta name=\"twitter:data1\" content=\"1\u00a0Minute\" \/>\n<script type=\"application\/ld+json\" class=\"yoast-schema-graph\">{\"@context\":\"https:\\\/\\\/schema.org\",\"@graph\":[{\"@type\":\"WebPage\",\"@id\":\"https:\\\/\\\/gelidsolutions.com\\\/de\\\/produkt\\\/mesh140-staubfilter\\\/\",\"url\":\"https:\\\/\\\/gelidsolutions.com\\\/de\\\/produkt\\\/mesh140-staubfilter\\\/\",\"name\":\"STAUBFILTERSATZ MESH 140 - Gelid Solutions\",\"isPartOf\":{\"@id\":\"https:\\\/\\\/gelidsolutions.com\\\/de\\\/#website\"},\"primaryImageOfPage\":{\"@id\":\"https:\\\/\\\/gelidsolutions.com\\\/de\\\/produkt\\\/mesh140-staubfilter\\\/#primaryimage\"},\"image\":{\"@id\":\"https:\\\/\\\/gelidsolutions.com\\\/de\\\/produkt\\\/mesh140-staubfilter\\\/#primaryimage\"},\"thumbnailUrl\":\"https:\\\/\\\/gelidsolutions.com\\\/wp-content\\\/uploads\\\/2020\\\/06\\\/mesh140_dust_filter_1.1.png\",\"datePublished\":\"2020-06-30T04:30:00+00:00\",\"dateModified\":\"2023-07-11T07:29:18+00:00\",\"breadcrumb\":{\"@id\":\"https:\\\/\\\/gelidsolutions.com\\\/de\\\/produkt\\\/mesh140-staubfilter\\\/#breadcrumb\"},\"inLanguage\":\"de\",\"potentialAction\":[{\"@type\":\"ReadAction\",\"target\":[\"https:\\\/\\\/gelidsolutions.com\\\/de\\\/produkt\\\/mesh140-staubfilter\\\/\"]}]},{\"@type\":\"ImageObject\",\"inLanguage\":\"de\",\"@id\":\"https:\\\/\\\/gelidsolutions.com\\\/de\\\/produkt\\\/mesh140-staubfilter\\\/#primaryimage\",\"url\":\"https:\\\/\\\/gelidsolutions.com\\\/wp-content\\\/uploads\\\/2020\\\/06\\\/mesh140_dust_filter_1.1.png\",\"contentUrl\":\"https:\\\/\\\/gelidsolutions.com\\\/wp-content\\\/uploads\\\/2020\\\/06\\\/mesh140_dust_filter_1.1.png\",\"width\":1600,\"height\":1600},{\"@type\":\"BreadcrumbList\",\"@id\":\"https:\\\/\\\/gelidsolutions.com\\\/de\\\/produkt\\\/mesh140-staubfilter\\\/#breadcrumb\",\"itemListElement\":[{\"@type\":\"ListItem\",\"position\":1,\"name\":\"Home\",\"item\":\"https:\\\/\\\/gelidsolutions.com\\\/de\\\/\"},{\"@type\":\"ListItem\",\"position\":2,\"name\":\"Shop\",\"item\":\"https:\\\/\\\/gelidsolutions.com\\\/shop\\\/\"},{\"@type\":\"ListItem\",\"position\":3,\"name\":\"STAUBFILTERSATZ MESH 140\"}]},{\"@type\":\"WebSite\",\"@id\":\"https:\\\/\\\/gelidsolutions.com\\\/de\\\/#website\",\"url\":\"https:\\\/\\\/gelidsolutions.com\\\/de\\\/\",\"name\":\"Gelid Solutions\",\"description\":\"\",\"publisher\":{\"@id\":\"https:\\\/\\\/gelidsolutions.com\\\/de\\\/#organization\"},\"potentialAction\":[{\"@type\":\"SearchAction\",\"target\":{\"@type\":\"EntryPoint\",\"urlTemplate\":\"https:\\\/\\\/gelidsolutions.com\\\/de\\\/?s={search_term_string}\"},\"query-input\":{\"@type\":\"PropertyValueSpecification\",\"valueRequired\":true,\"valueName\":\"search_term_string\"}}],\"inLanguage\":\"de\"},{\"@type\":\"Organization\",\"@id\":\"https:\\\/\\\/gelidsolutions.com\\\/de\\\/#organization\",\"name\":\"Gelid Solutions\",\"url\":\"https:\\\/\\\/gelidsolutions.com\\\/de\\\/\",\"logo\":{\"@type\":\"ImageObject\",\"inLanguage\":\"de\",\"@id\":\"https:\\\/\\\/gelidsolutions.com\\\/de\\\/#\\\/schema\\\/logo\\\/image\\\/\",\"url\":\"https:\\\/\\\/gelidsolutions.com\\\/wp-content\\\/uploads\\\/2022\\\/06\\\/logo_white_104_104.gif\",\"contentUrl\":\"https:\\\/\\\/gelidsolutions.com\\\/wp-content\\\/uploads\\\/2022\\\/06\\\/logo_white_104_104.gif\",\"width\":104,\"height\":104,\"caption\":\"Gelid Solutions\"},\"image\":{\"@id\":\"https:\\\/\\\/gelidsolutions.com\\\/de\\\/#\\\/schema\\\/logo\\\/image\\\/\"}}]}<\/script>\n<!-- \/ Yoast SEO plugin. -->","yoast_head_json":{"title":"STAUBFILTERSATZ MESH 140 - Gelid Solutions","robots":{"index":"index","follow":"follow","max-snippet":"max-snippet:-1","max-image-preview":"max-image-preview:large","max-video-preview":"max-video-preview:-1"},"canonical":"https:\/\/gelidsolutions.com\/de\/produkt\/mesh140-staubfilter\/","og_locale":"de_DE","og_type":"article","og_title":"STAUBFILTERSATZ MESH 140 - Gelid Solutions","og_description":"Ultrafeines PVC-Netz mit 17 Poren pro Zoll   Ausgezeichneter Airflow-Pass   Leicht und einfach zu installieren   Waschbar &amp; wiederverwendbar   Passend f\u00fcr alle 140-mm-L\u00fcfter und L\u00fcftungs\u00f6ffnungen   RoHS-konform","og_url":"https:\/\/gelidsolutions.com\/de\/produkt\/mesh140-staubfilter\/","og_site_name":"Gelid Solutions","article_modified_time":"2023-07-11T07:29:18+00:00","og_image":[{"width":1600,"height":1600,"url":"https:\/\/gelidsolutions.com\/wp-content\/uploads\/2020\/06\/mesh140_dust_filter_1.1.png","type":"image\/png"}],"twitter_card":"summary_large_image","twitter_misc":{"Gesch\u00e4tzte Lesezeit":"1\u00a0Minute"},"schema":{"@context":"https:\/\/schema.org","@graph":[{"@type":"WebPage","@id":"https:\/\/gelidsolutions.com\/de\/produkt\/mesh140-staubfilter\/","url":"https:\/\/gelidsolutions.com\/de\/produkt\/mesh140-staubfilter\/","name":"STAUBFILTERSATZ MESH 140 - Gelid Solutions","isPartOf":{"@id":"https:\/\/gelidsolutions.com\/de\/#website"},"primaryImageOfPage":{"@id":"https:\/\/gelidsolutions.com\/de\/produkt\/mesh140-staubfilter\/#primaryimage"},"image":{"@id":"https:\/\/gelidsolutions.com\/de\/produkt\/mesh140-staubfilter\/#primaryimage"},"thumbnailUrl":"https:\/\/gelidsolutions.com\/wp-content\/uploads\/2020\/06\/mesh140_dust_filter_1.1.png","datePublished":"2020-06-30T04:30:00+00:00","dateModified":"2023-07-11T07:29:18+00:00","breadcrumb":{"@id":"https:\/\/gelidsolutions.com\/de\/produkt\/mesh140-staubfilter\/#breadcrumb"},"inLanguage":"de","potentialAction":[{"@type":"ReadAction","target":["https:\/\/gelidsolutions.com\/de\/produkt\/mesh140-staubfilter\/"]}]},{"@type":"ImageObject","inLanguage":"de","@id":"https:\/\/gelidsolutions.com\/de\/produkt\/mesh140-staubfilter\/#primaryimage","url":"https:\/\/gelidsolutions.com\/wp-content\/uploads\/2020\/06\/mesh140_dust_filter_1.1.png","contentUrl":"https:\/\/gelidsolutions.com\/wp-content\/uploads\/2020\/06\/mesh140_dust_filter_1.1.png","width":1600,"height":1600},{"@type":"BreadcrumbList","@id":"https:\/\/gelidsolutions.com\/de\/produkt\/mesh140-staubfilter\/#breadcrumb","itemListElement":[{"@type":"ListItem","position":1,"name":"Home","item":"https:\/\/gelidsolutions.com\/de\/"},{"@type":"ListItem","position":2,"name":"Shop","item":"https:\/\/gelidsolutions.com\/shop\/"},{"@type":"ListItem","position":3,"name":"STAUBFILTERSATZ MESH 140"}]},{"@type":"WebSite","@id":"https:\/\/gelidsolutions.com\/de\/#website","url":"https:\/\/gelidsolutions.com\/de\/","name":"Gelid Solutions","description":"","publisher":{"@id":"https:\/\/gelidsolutions.com\/de\/#organization"},"potentialAction":[{"@type":"SearchAction","target":{"@type":"EntryPoint","urlTemplate":"https:\/\/gelidsolutions.com\/de\/?s={search_term_string}"},"query-input":{"@type":"PropertyValueSpecification","valueRequired":true,"valueName":"search_term_string"}}],"inLanguage":"de"},{"@type":"Organization","@id":"https:\/\/gelidsolutions.com\/de\/#organization","name":"Gelid Solutions","url":"https:\/\/gelidsolutions.com\/de\/","logo":{"@type":"ImageObject","inLanguage":"de","@id":"https:\/\/gelidsolutions.com\/de\/#\/schema\/logo\/image\/","url":"https:\/\/gelidsolutions.com\/wp-content\/uploads\/2022\/06\/logo_white_104_104.gif","contentUrl":"https:\/\/gelidsolutions.com\/wp-content\/uploads\/2022\/06\/logo_white_104_104.gif","width":104,"height":104,"caption":"Gelid Solutions"},"image":{"@id":"https:\/\/gelidsolutions.com\/de\/#\/schema\/logo\/image\/"}}]}},"_links":{"self":[{"href":"https:\/\/gelidsolutions.com\/de\/wp-json\/wp\/v2\/product\/121565","targetHints":{"allow":["GET"]}}],"collection":[{"href":"https:\/\/gelidsolutions.com\/de\/wp-json\/wp\/v2\/product"}],"about":[{"href":"https:\/\/gelidsolutions.com\/de\/wp-json\/wp\/v2\/types\/product"}],"replies":[{"embeddable":true,"href":"https:\/\/gelidsolutions.com\/de\/wp-json\/wp\/v2\/comments?post=121565"}],"wp:featuredmedia":[{"embeddable":true,"href":"https:\/\/gelidsolutions.com\/de\/wp-json\/wp\/v2\/media\/121558"}],"wp:attachment":[{"href":"https:\/\/gelidsolutions.com\/de\/wp-json\/wp\/v2\/media?parent=121565"}],"wp:term":[{"taxonomy":"product_cat","embeddable":true,"href":"https:\/\/gelidsolutions.com\/de\/wp-json\/wp\/v2\/product_cat?post=121565"},{"taxonomy":"product_tag","embeddable":true,"href":"https:\/\/gelidsolutions.com\/de\/wp-json\/wp\/v2\/product_tag?post=121565"}],"curies":[{"name":"wp","href":"https:\/\/api.w.org\/{rel}","templated":true}]}}