{"id":121815,"date":"2021-12-13T15:38:00","date_gmt":"2021-12-13T07:38:00","guid":{"rendered":"https:\/\/gelidsolutions.com\/product\/screwdriver-kit\/"},"modified":"2022-11-30T20:50:03","modified_gmt":"2022-11-30T12:50:03","slug":"schraubendreher-satz","status":"publish","type":"product","link":"https:\/\/gelidsolutions.com\/de\/produkt\/schraubendreher-satz\/","title":{"rendered":"SCHRAUBENDREHER-SET"},"content":{"rendered":"<p><b><i>Schraubendreher-Satz (CC-SDRIVER-01-A)<\/i><\/b><br \/>\n48-Bit-Pr\u00e4zisionsschraubendreher-Satz<\/p>\n<p>&nbsp;<\/p>\n<p>Egal, ob Sie als Hobbybastler oder als Profi Reparaturen durchf\u00fchren, Sie brauchen einen hochwertigen Multi-Bit-Schraubendreher-Satz, mit dem Sie mithalten k\u00f6nnen. Unser austauschbarer 48-Bit-Pr\u00e4zisionsschraubendreher-Satz deckt alle g\u00e4ngigen Schraubenk\u00f6pfe ab, sodass Sie nahtlos mit der Arbeit an Ihrer Elektronik beginnen k\u00f6nnen. Jeder Bit ist aus hochfestem Stahl gefertigt, der St\u00f6\u00dfen und St\u00fcrzen standh\u00e4lt und nicht abbricht. \u00d6ffnen Sie Laptops, Desktop-PCs, Kameras, Armbanduhren, Kinderspielzeug, Brillen, Haushaltsger\u00e4te und vieles mehr mit nur einem Werkzeugsatz.<\/p>\n<p>&nbsp;<\/p>\n<p>Tauschen Sie je nach Bedarf verschiedene Teile aus. Das Schraubendreher-Set verf\u00fcgt \u00fcber einen starken Magnet-Schraubendrehergriff, der Ihre Bits sicher festh\u00e4lt. Damit entf\u00e4llt das Risiko, w\u00e4hrend der Arbeit nach heruntergefallenen Teilen auf dem Boden zu fassen.<\/p>\n<p>&nbsp;<\/p>\n<p>Das Schraubendreher-Kit verf\u00fcgt au\u00dferdem \u00fcber einen leicht zu bedienenden Aluminiumkoffer, aus dem Sie einfach das Fach herausnehmen und alle Ihre Lieblingsbits bequem darin aufbewahren k\u00f6nnen. Tragen Sie Ihr Werkzeug immer bei sich, egal wohin Sie gehen!<\/p>\n<p>&nbsp;<\/p>\n<p><b>Enthaltene Bits:<\/b><\/p>\n<p>&nbsp;<\/p>\n<p>Torx T2, T3, T4, T5, T6, T7, T8, T9, T10, T15, T20<br \/>\nPhilips PH0000, PH000, PH00, PH0, PH1, PH2<br \/>\nF\u00fcnfeck P2, P5, P6<br \/>\nGeschlitzt SL1.0, SL1.5, SL2.0, SL2.5, SL3.0, SL3.5, SL4.0<br \/>\nY Dreifl\u00fcgelig Y0.6, Y1.0, Y2.0, Y2.5<br \/>\nU-Typ U2.6, U3.0<br \/>\nHauptplatine Gr\u00f6\u00dfe SIM2.5<br \/>\nSIM-Auswurf MID0.8<br \/>\nInnensechskant 2,5<br \/>\nDreieck 2.0, 2.3, 3.0<br \/>\nHex H0.7, H0.9, H1.3, H1.5, H2.0, H2.5, H3.0, H3.5, H4.0<\/p>\n<p>&nbsp;<\/p>\n<p>EAN: 4897025783461<\/p>\n","protected":false},"excerpt":{"rendered":"<ul>\n<li>  48 Hochleistungs-Pr\u00e4zisionsbits<\/li>\n<li>  Geh\u00e4use aus Aluminiumlegierung<\/li>\n<li>  Eloxierter Aluminium-Griff mit starker Magnetspitze und Drehkopf<\/li>\n<\/ul>\n","protected":false},"featured_media":113452,"comment_status":"closed","ping_status":"closed","template":"","meta":{"_acf_changed":false},"product_cat":[305,318,506],"product_tag":[553],"class_list":{"0":"post-121815","1":"product","2":"type-product","3":"status-publish","4":"has-post-thumbnail","6":"product_cat-kuehlloesungen","7":"product_cat-zubehoer","8":"product_cat-zubehor","9":"product_tag-thermal-solution-de","11":"first","12":"instock","13":"taxable","14":"shipping-taxable","15":"purchasable","16":"product-type-simple"},"supplier_id":null,"supplier_sku":"CC-SDRIVER-01-A","barcode":null,"atum_controlled":true,"out_stock_date":null,"out_stock_threshold":null,"inheritable":false,"inbound_stock":null,"stock_on_hold":0,"sold_today":0,"sales_last_days":0,"reserved_stock":null,"customer_returns":null,"warehouse_damage":null,"lost_in_post":null,"other_logs":null,"out_stock_days":0,"lost_sales":0,"has_location":false,"update_date":"2026-04-16T00:10:25","atum_locations":[],"atum_stock_status":"instock","restock_status":false,"low_stock_amount":"","sales_update_date":"2026-04-16T00:10:25","calc_backorders":null,"acf":[],"yoast_head":"<!-- This site is optimized with the Yoast SEO plugin v27.4 - https:\/\/yoast.com\/product\/yoast-seo-wordpress\/ -->\n<title>SCHRAUBENDREHER-SET - Gelid Solutions<\/title>\n<meta name=\"robots\" content=\"index, follow, max-snippet:-1, max-image-preview:large, max-video-preview:-1\" \/>\n<link rel=\"canonical\" href=\"https:\/\/gelidsolutions.com\/de\/produkt\/schraubendreher-satz\/\" \/>\n<meta property=\"og:locale\" content=\"de_DE\" \/>\n<meta property=\"og:type\" content=\"article\" \/>\n<meta property=\"og:title\" content=\"SCHRAUBENDREHER-SET - Gelid Solutions\" \/>\n<meta property=\"og:description\" content=\"48 Hochleistungs-Pr\u00e4zisionsbits   Geh\u00e4use aus Aluminiumlegierung   Eloxierter Aluminium-Griff mit starker Magnetspitze und Drehkopf\" \/>\n<meta property=\"og:url\" content=\"https:\/\/gelidsolutions.com\/de\/produkt\/schraubendreher-satz\/\" \/>\n<meta property=\"og:site_name\" content=\"Gelid Solutions\" \/>\n<meta property=\"article:modified_time\" content=\"2022-11-30T12:50:03+00:00\" \/>\n<meta property=\"og:image\" content=\"https:\/\/gelidsolutions.com\/wp-content\/uploads\/2022\/05\/FRONT001-sd.jpg\" \/>\n\t<meta property=\"og:image:width\" content=\"2000\" \/>\n\t<meta property=\"og:image:height\" content=\"2000\" \/>\n\t<meta property=\"og:image:type\" content=\"image\/jpeg\" \/>\n<meta name=\"twitter:card\" content=\"summary_large_image\" \/>\n<meta name=\"twitter:label1\" content=\"Gesch\u00e4tzte Lesezeit\" \/>\n\t<meta name=\"twitter:data1\" content=\"1\u00a0Minute\" \/>\n<script type=\"application\/ld+json\" class=\"yoast-schema-graph\">{\"@context\":\"https:\\\/\\\/schema.org\",\"@graph\":[{\"@type\":\"WebPage\",\"@id\":\"https:\\\/\\\/gelidsolutions.com\\\/de\\\/produkt\\\/schraubendreher-satz\\\/\",\"url\":\"https:\\\/\\\/gelidsolutions.com\\\/de\\\/produkt\\\/schraubendreher-satz\\\/\",\"name\":\"SCHRAUBENDREHER-SET - Gelid Solutions\",\"isPartOf\":{\"@id\":\"https:\\\/\\\/gelidsolutions.com\\\/de\\\/#website\"},\"primaryImageOfPage\":{\"@id\":\"https:\\\/\\\/gelidsolutions.com\\\/de\\\/produkt\\\/schraubendreher-satz\\\/#primaryimage\"},\"image\":{\"@id\":\"https:\\\/\\\/gelidsolutions.com\\\/de\\\/produkt\\\/schraubendreher-satz\\\/#primaryimage\"},\"thumbnailUrl\":\"https:\\\/\\\/gelidsolutions.com\\\/wp-content\\\/uploads\\\/2022\\\/05\\\/FRONT001-sd.jpg\",\"datePublished\":\"2021-12-13T07:38:00+00:00\",\"dateModified\":\"2022-11-30T12:50:03+00:00\",\"breadcrumb\":{\"@id\":\"https:\\\/\\\/gelidsolutions.com\\\/de\\\/produkt\\\/schraubendreher-satz\\\/#breadcrumb\"},\"inLanguage\":\"de\",\"potentialAction\":[{\"@type\":\"ReadAction\",\"target\":[\"https:\\\/\\\/gelidsolutions.com\\\/de\\\/produkt\\\/schraubendreher-satz\\\/\"]}]},{\"@type\":\"ImageObject\",\"inLanguage\":\"de\",\"@id\":\"https:\\\/\\\/gelidsolutions.com\\\/de\\\/produkt\\\/schraubendreher-satz\\\/#primaryimage\",\"url\":\"https:\\\/\\\/gelidsolutions.com\\\/wp-content\\\/uploads\\\/2022\\\/05\\\/FRONT001-sd.jpg\",\"contentUrl\":\"https:\\\/\\\/gelidsolutions.com\\\/wp-content\\\/uploads\\\/2022\\\/05\\\/FRONT001-sd.jpg\",\"width\":2000,\"height\":2000},{\"@type\":\"BreadcrumbList\",\"@id\":\"https:\\\/\\\/gelidsolutions.com\\\/de\\\/produkt\\\/schraubendreher-satz\\\/#breadcrumb\",\"itemListElement\":[{\"@type\":\"ListItem\",\"position\":1,\"name\":\"Home\",\"item\":\"https:\\\/\\\/gelidsolutions.com\\\/de\\\/\"},{\"@type\":\"ListItem\",\"position\":2,\"name\":\"Shop\",\"item\":\"https:\\\/\\\/gelidsolutions.com\\\/shop\\\/\"},{\"@type\":\"ListItem\",\"position\":3,\"name\":\"SCHRAUBENDREHER-SET\"}]},{\"@type\":\"WebSite\",\"@id\":\"https:\\\/\\\/gelidsolutions.com\\\/de\\\/#website\",\"url\":\"https:\\\/\\\/gelidsolutions.com\\\/de\\\/\",\"name\":\"Gelid Solutions\",\"description\":\"\",\"publisher\":{\"@id\":\"https:\\\/\\\/gelidsolutions.com\\\/de\\\/#organization\"},\"potentialAction\":[{\"@type\":\"SearchAction\",\"target\":{\"@type\":\"EntryPoint\",\"urlTemplate\":\"https:\\\/\\\/gelidsolutions.com\\\/de\\\/?s={search_term_string}\"},\"query-input\":{\"@type\":\"PropertyValueSpecification\",\"valueRequired\":true,\"valueName\":\"search_term_string\"}}],\"inLanguage\":\"de\"},{\"@type\":\"Organization\",\"@id\":\"https:\\\/\\\/gelidsolutions.com\\\/de\\\/#organization\",\"name\":\"Gelid Solutions\",\"url\":\"https:\\\/\\\/gelidsolutions.com\\\/de\\\/\",\"logo\":{\"@type\":\"ImageObject\",\"inLanguage\":\"de\",\"@id\":\"https:\\\/\\\/gelidsolutions.com\\\/de\\\/#\\\/schema\\\/logo\\\/image\\\/\",\"url\":\"https:\\\/\\\/gelidsolutions.com\\\/wp-content\\\/uploads\\\/2022\\\/06\\\/logo_white_104_104.gif\",\"contentUrl\":\"https:\\\/\\\/gelidsolutions.com\\\/wp-content\\\/uploads\\\/2022\\\/06\\\/logo_white_104_104.gif\",\"width\":104,\"height\":104,\"caption\":\"Gelid Solutions\"},\"image\":{\"@id\":\"https:\\\/\\\/gelidsolutions.com\\\/de\\\/#\\\/schema\\\/logo\\\/image\\\/\"}}]}<\/script>\n<!-- \/ Yoast SEO plugin. -->","yoast_head_json":{"title":"SCHRAUBENDREHER-SET - Gelid Solutions","robots":{"index":"index","follow":"follow","max-snippet":"max-snippet:-1","max-image-preview":"max-image-preview:large","max-video-preview":"max-video-preview:-1"},"canonical":"https:\/\/gelidsolutions.com\/de\/produkt\/schraubendreher-satz\/","og_locale":"de_DE","og_type":"article","og_title":"SCHRAUBENDREHER-SET - Gelid Solutions","og_description":"48 Hochleistungs-Pr\u00e4zisionsbits   Geh\u00e4use aus Aluminiumlegierung   Eloxierter Aluminium-Griff mit starker Magnetspitze und Drehkopf","og_url":"https:\/\/gelidsolutions.com\/de\/produkt\/schraubendreher-satz\/","og_site_name":"Gelid Solutions","article_modified_time":"2022-11-30T12:50:03+00:00","og_image":[{"width":2000,"height":2000,"url":"https:\/\/gelidsolutions.com\/wp-content\/uploads\/2022\/05\/FRONT001-sd.jpg","type":"image\/jpeg"}],"twitter_card":"summary_large_image","twitter_misc":{"Gesch\u00e4tzte Lesezeit":"1\u00a0Minute"},"schema":{"@context":"https:\/\/schema.org","@graph":[{"@type":"WebPage","@id":"https:\/\/gelidsolutions.com\/de\/produkt\/schraubendreher-satz\/","url":"https:\/\/gelidsolutions.com\/de\/produkt\/schraubendreher-satz\/","name":"SCHRAUBENDREHER-SET - Gelid Solutions","isPartOf":{"@id":"https:\/\/gelidsolutions.com\/de\/#website"},"primaryImageOfPage":{"@id":"https:\/\/gelidsolutions.com\/de\/produkt\/schraubendreher-satz\/#primaryimage"},"image":{"@id":"https:\/\/gelidsolutions.com\/de\/produkt\/schraubendreher-satz\/#primaryimage"},"thumbnailUrl":"https:\/\/gelidsolutions.com\/wp-content\/uploads\/2022\/05\/FRONT001-sd.jpg","datePublished":"2021-12-13T07:38:00+00:00","dateModified":"2022-11-30T12:50:03+00:00","breadcrumb":{"@id":"https:\/\/gelidsolutions.com\/de\/produkt\/schraubendreher-satz\/#breadcrumb"},"inLanguage":"de","potentialAction":[{"@type":"ReadAction","target":["https:\/\/gelidsolutions.com\/de\/produkt\/schraubendreher-satz\/"]}]},{"@type":"ImageObject","inLanguage":"de","@id":"https:\/\/gelidsolutions.com\/de\/produkt\/schraubendreher-satz\/#primaryimage","url":"https:\/\/gelidsolutions.com\/wp-content\/uploads\/2022\/05\/FRONT001-sd.jpg","contentUrl":"https:\/\/gelidsolutions.com\/wp-content\/uploads\/2022\/05\/FRONT001-sd.jpg","width":2000,"height":2000},{"@type":"BreadcrumbList","@id":"https:\/\/gelidsolutions.com\/de\/produkt\/schraubendreher-satz\/#breadcrumb","itemListElement":[{"@type":"ListItem","position":1,"name":"Home","item":"https:\/\/gelidsolutions.com\/de\/"},{"@type":"ListItem","position":2,"name":"Shop","item":"https:\/\/gelidsolutions.com\/shop\/"},{"@type":"ListItem","position":3,"name":"SCHRAUBENDREHER-SET"}]},{"@type":"WebSite","@id":"https:\/\/gelidsolutions.com\/de\/#website","url":"https:\/\/gelidsolutions.com\/de\/","name":"Gelid Solutions","description":"","publisher":{"@id":"https:\/\/gelidsolutions.com\/de\/#organization"},"potentialAction":[{"@type":"SearchAction","target":{"@type":"EntryPoint","urlTemplate":"https:\/\/gelidsolutions.com\/de\/?s={search_term_string}"},"query-input":{"@type":"PropertyValueSpecification","valueRequired":true,"valueName":"search_term_string"}}],"inLanguage":"de"},{"@type":"Organization","@id":"https:\/\/gelidsolutions.com\/de\/#organization","name":"Gelid Solutions","url":"https:\/\/gelidsolutions.com\/de\/","logo":{"@type":"ImageObject","inLanguage":"de","@id":"https:\/\/gelidsolutions.com\/de\/#\/schema\/logo\/image\/","url":"https:\/\/gelidsolutions.com\/wp-content\/uploads\/2022\/06\/logo_white_104_104.gif","contentUrl":"https:\/\/gelidsolutions.com\/wp-content\/uploads\/2022\/06\/logo_white_104_104.gif","width":104,"height":104,"caption":"Gelid Solutions"},"image":{"@id":"https:\/\/gelidsolutions.com\/de\/#\/schema\/logo\/image\/"}}]}},"_links":{"self":[{"href":"https:\/\/gelidsolutions.com\/de\/wp-json\/wp\/v2\/product\/121815","targetHints":{"allow":["GET"]}}],"collection":[{"href":"https:\/\/gelidsolutions.com\/de\/wp-json\/wp\/v2\/product"}],"about":[{"href":"https:\/\/gelidsolutions.com\/de\/wp-json\/wp\/v2\/types\/product"}],"replies":[{"embeddable":true,"href":"https:\/\/gelidsolutions.com\/de\/wp-json\/wp\/v2\/comments?post=121815"}],"wp:featuredmedia":[{"embeddable":true,"href":"https:\/\/gelidsolutions.com\/de\/wp-json\/wp\/v2\/media\/113452"}],"wp:attachment":[{"href":"https:\/\/gelidsolutions.com\/de\/wp-json\/wp\/v2\/media?parent=121815"}],"wp:term":[{"taxonomy":"product_cat","embeddable":true,"href":"https:\/\/gelidsolutions.com\/de\/wp-json\/wp\/v2\/product_cat?post=121815"},{"taxonomy":"product_tag","embeddable":true,"href":"https:\/\/gelidsolutions.com\/de\/wp-json\/wp\/v2\/product_tag?post=121815"}],"curies":[{"name":"wp","href":"https:\/\/api.w.org\/{rel}","templated":true}]}}