{"id":121834,"date":"2021-09-16T08:16:00","date_gmt":"2021-09-16T00:16:00","guid":{"rendered":"https:\/\/gelidsolutions.com\/product\/gp-extreme-120x20-thermal-pad\/"},"modified":"2024-02-07T14:16:14","modified_gmt":"2024-02-07T06:16:14","slug":"gp-extreme-120x20-thermal-pad","status":"publish","type":"product","link":"https:\/\/gelidsolutions.com\/de\/produkt\/gp-extreme-120x20-thermal-pad\/","title":{"rendered":"Gelid Solutions &#8211; GP-EXTREME 120\u00d720 W\u00c4RMELEITPAD"},"content":{"rendered":"<h2><i><b>GP-Extreme 120&#215;20 W\u00e4rmeleitpads Serie<br \/>\n<\/b><\/i><\/h2>\n<p>&nbsp;<\/p>\n<h3>Das hochmoderne W\u00e4rmeleitpad<\/h3>\n<p>&nbsp;<\/p>\n<p>Dickenvarianten:<br \/>\nEinzelpackung (1 Stk. enthalten): 0,5 mm (TP-GP05-A), 1,0mm (TP-GP05-B), 1,5mm (TP-GP05-C), 2,0mm (TP-GP05-D), 2,5mm (TP-GP05-F), 3,0mm (TP-GP05-E)<br \/>\nDoppelpackung (2 St\u00fcck enthalten): 0,5mm (TP-VP05-A), 1,0mm (TP-VP05-B), 1,5mm (TP-VP05-C), 2,0mm (TP-VP05-D), 2,5mm (TP-VP05-F), 3,0mm (TP-VP05-E)<\/p>\n<p>&nbsp;<\/p>\n<p><b>Gelid Solutions GP-Extreme 120\u00d720 <\/b><span style=\"font-weight: 400;\">wurde entwickelt, um den thermischen Kontakt zum K\u00fchlk\u00f6rper zu perfektionieren, wenn er auf Leiterplatten mit H\u00f6henunterschieden und unebenen Oberfl\u00e4chen installiert wird, wie z. B. bei Mikrocontroller-Einheiten, Speicher-ICs und analogen ICs, <\/span><span style=\"font-weight: 400;\">MOSFETs<\/span><b>, <\/b> <span style=\"font-weight: 400;\">und andere SMD-Bauteile. Dank seiner Weichheit und ultimativen W\u00e4rmeleitf\u00e4higkeit f\u00fcllt das GP-Extreme die R\u00e4ume richtig aus und bietet die beste Leistung in seiner Klasse. GP-Extreme ist nicht elektrisch leitf\u00e4hig und nicht korrosiv, <\/span><span style=\"font-weight: 400;\">nicht aush\u00e4rten,<\/span><b> <\/b><span style=\"font-weight: 400;\">und ungiftig. Das GP-Extreme gew\u00e4hrleistet eine einfache Anwendung und die Abmessungen des W\u00e4rmeleitpads von 120\u00d720 mm passen optimal zu gro\u00dfen Leiterplattenfl\u00e4chen von VGA-Karten und Laptops, <\/span><span style=\"font-weight: 400;\">Spielkonsolen, <\/span><span style=\"font-weight: 400;\">und andere dicht gepackte Ger\u00e4te.<\/span><\/p>\n<p>&nbsp;<\/p>\n<p><img loading=\"lazy\" decoding=\"async\" class=\"alignnone wp-image-36052 size-full\" src=\"https:\/\/gelidsolutions.com\/wp-content\/uploads\/2021\/10\/gp-extreme120-test.jpg\" alt=\"GP-Extrem 120x120\" width=\"590\" height=\"385\" \/><\/p>\n<p>&nbsp;<\/p>\n<p><strong>Hinweis: Bitte entfernen Sie vor der Anwendung die Schutzfolien von beiden Seiten!<\/strong><\/p>\n<p><strong>Nach dem Auftragen wird die Form des W\u00e4rmeleitpads komprimiert und verformt und ist nicht wieder verwendbar. <\/strong><\/p>\n<p>&nbsp;<\/p>\n<p><strong>EAN (Einzelpackung 1 Stk.)<\/strong>:<br \/>\n<i>0,5 mm: 4897025783993<\/i><br \/>\n<i>1mm: 4897025783986<\/i><br \/>\n<i>1,5 mm: 4897025782006<\/i><br \/>\n<i>2mm: 4897025783294<\/i><br \/>\n<i>2,5 mm: 4897025783430<\/i><br \/>\n<i>3mm: 4897025783300<\/i><\/p>\n<p>&nbsp;<\/p>\n<p><strong>EAN (Doppelpackung 2 St\u00fcck)<\/strong>:<br \/>\n<i>0,5 mm: 4897025783317<\/i><br \/>\n<i>1,0 mm: 4897025783324<\/i><br \/>\n<i>1,5 mm: 4897025783331<\/i><br \/>\n<i>2,0 mm: 4897025783348<\/i><br \/>\n<i>2,5 mm: 4897025783447<\/i><br \/>\n<i>3,0 mm: 4897025783355<\/i><\/p>\n<p><iframe loading=\"lazy\" title=\"Thermal Pad Showdown! What you should (and Shouldn&#039;t) Buy\" width=\"500\" height=\"281\" src=\"https:\/\/www.youtube.com\/embed\/vdIIA57treo?feature=oembed\" frameborder=\"0\" allow=\"accelerometer; autoplay; clipboard-write; encrypted-media; gyroscope; picture-in-picture; web-share\" referrerpolicy=\"strict-origin-when-cross-origin\" allowfullscreen><\/iframe><\/p>\n","protected":false},"excerpt":{"rendered":"<ul>\n<li>\u00a0Ultimative W\u00e4rmeleitf\u00e4higkeit<\/li>\n<li>\u00a0Nicht elektrisch leitf\u00e4hig<\/li>\n<li>\u00a0Nicht korrosiv, nicht aush\u00e4rtend &amp; ungiftig<\/li>\n<li>\u00a0Einfache Anwendung<\/li>\n<li>\u00a0Perfekt f\u00fcr RAM-Speicher, VRM &amp; SSD vom Typ M.2<\/li>\n<\/ul>\n","protected":false},"featured_media":113401,"comment_status":"closed","ping_status":"closed","template":"","meta":{"_acf_changed":false},"product_cat":[548,549,327,305,315,318],"product_tag":[562,567,553,568],"class_list":{"0":"post-121834","1":"product","2":"type-product","3":"status-publish","4":"has-post-thumbnail","6":"product_cat-award-winning-thermal-solutions-collections-de","7":"product_cat-collections-de","8":"product_cat-gamer-zubehoer","9":"product_cat-kuehlloesungen","10":"product_cat-waermeleitpads","11":"product_cat-zubehoer","12":"product_tag-accessories-de","13":"product_tag-gamer-zubehor","14":"product_tag-thermal-solution-de","15":"product_tag-thermisches-pad","16":"pa_size-0-5mm-de","17":"pa_size-1-0mm-de","18":"pa_size-1-5mm-de","19":"pa_size-2-0mm-de","20":"pa_size-2-5mm-de","21":"pa_size-3-0mm-de","22":"pa_size-value-pack-0-5mm-de","23":"pa_size-value-pack-1-0mm-de","24":"pa_size-value-pack-1-5mm-de","25":"pa_size-value-pack-2-0mm-de","26":"pa_size-value-pack-2-5mm-de","27":"pa_size-value-pack-3-0mm-de","29":"first","30":"instock","31":"taxable","32":"shipping-taxable","33":"purchasable","34":"product-type-variable","35":"has-default-attributes"},"supplier_id":null,"supplier_sku":"","barcode":null,"atum_controlled":true,"out_stock_date":null,"out_stock_threshold":null,"inheritable":true,"inbound_stock":0,"stock_on_hold":0,"sold_today":0,"sales_last_days":0,"reserved_stock":0,"customer_returns":0,"warehouse_damage":0,"lost_in_post":0,"other_logs":0,"out_stock_days":0,"lost_sales":0,"has_location":false,"update_date":"2026-04-04T00:04:00","atum_locations":[],"atum_stock_status":"instock","restock_status":false,"low_stock_amount":"","sales_update_date":"2026-04-04T00:04:00","calc_backorders":null,"acf":[],"yoast_head":"<!-- This site is optimized with the Yoast SEO plugin v27.3 - https:\/\/yoast.com\/product\/yoast-seo-wordpress\/ -->\n<title>Gelid Solutions GP-EXTREME 120\u00d720 W\u00e4rmeleitpads f\u00fcr Laptop kaufen<\/title>\n<meta name=\"description\" content=\"Sie k\u00f6nnen kein gutes W\u00e4rmeleitpad f\u00fcr Ihren Laptop finden? Das ist kein Problem mehr! Die GP-EXTREME 120\u00d720 W\u00e4rmeleitpads von Gelid Solutions eignen sich am besten f\u00fcr Laptops, Spielkonsolen und andere Ger\u00e4te mit hoher Packungsdichte.\" \/>\n<meta name=\"robots\" content=\"index, follow, max-snippet:-1, max-image-preview:large, max-video-preview:-1\" \/>\n<link rel=\"canonical\" href=\"https:\/\/gelidsolutions.com\/de\/produkt\/gp-extreme-120x20-thermal-pad\/\" \/>\n<meta property=\"og:locale\" content=\"de_DE\" \/>\n<meta property=\"og:type\" content=\"article\" \/>\n<meta property=\"og:title\" content=\"Gelid Solutions GP-EXTREME 120\u00d720 W\u00e4rmeleitpads f\u00fcr Laptop kaufen\" \/>\n<meta property=\"og:description\" content=\"Sie k\u00f6nnen kein gutes W\u00e4rmeleitpad f\u00fcr Ihren Laptop finden? Das ist kein Problem mehr! Die GP-EXTREME 120\u00d720 W\u00e4rmeleitpads von Gelid Solutions eignen sich am besten f\u00fcr Laptops, Spielkonsolen und andere Ger\u00e4te mit hoher Packungsdichte.\" \/>\n<meta property=\"og:url\" content=\"https:\/\/gelidsolutions.com\/de\/produkt\/gp-extreme-120x20-thermal-pad\/\" \/>\n<meta property=\"og:site_name\" content=\"Gelid Solutions\" \/>\n<meta property=\"article:modified_time\" content=\"2024-02-07T06:16:14+00:00\" \/>\n<meta property=\"og:image\" content=\"https:\/\/gelidsolutions.com\/wp-content\/uploads\/2022\/05\/IMG_7042.png\" \/>\n\t<meta property=\"og:image:width\" content=\"1024\" \/>\n\t<meta property=\"og:image:height\" content=\"1024\" \/>\n\t<meta property=\"og:image:type\" content=\"image\/png\" \/>\n<meta name=\"twitter:card\" content=\"summary_large_image\" \/>\n<meta name=\"twitter:label1\" content=\"Gesch\u00e4tzte Lesezeit\" \/>\n\t<meta name=\"twitter:data1\" content=\"2\u00a0Minuten\" \/>\n<script type=\"application\/ld+json\" class=\"yoast-schema-graph\">{\"@context\":\"https:\\\/\\\/schema.org\",\"@graph\":[{\"@type\":\"WebPage\",\"@id\":\"https:\\\/\\\/gelidsolutions.com\\\/de\\\/produkt\\\/gp-extreme-120x20-thermal-pad\\\/\",\"url\":\"https:\\\/\\\/gelidsolutions.com\\\/de\\\/produkt\\\/gp-extreme-120x20-thermal-pad\\\/\",\"name\":\"Gelid Solutions GP-EXTREME 120\u00d720 W\u00e4rmeleitpads f\u00fcr Laptop kaufen\",\"isPartOf\":{\"@id\":\"https:\\\/\\\/gelidsolutions.com\\\/de\\\/#website\"},\"primaryImageOfPage\":{\"@id\":\"https:\\\/\\\/gelidsolutions.com\\\/de\\\/produkt\\\/gp-extreme-120x20-thermal-pad\\\/#primaryimage\"},\"image\":{\"@id\":\"https:\\\/\\\/gelidsolutions.com\\\/de\\\/produkt\\\/gp-extreme-120x20-thermal-pad\\\/#primaryimage\"},\"thumbnailUrl\":\"https:\\\/\\\/gelidsolutions.com\\\/wp-content\\\/uploads\\\/2022\\\/05\\\/IMG_7042.png\",\"datePublished\":\"2021-09-16T00:16:00+00:00\",\"dateModified\":\"2024-02-07T06:16:14+00:00\",\"description\":\"Sie k\u00f6nnen kein gutes W\u00e4rmeleitpad f\u00fcr Ihren Laptop finden? Das ist kein Problem mehr! Die GP-EXTREME 120\u00d720 W\u00e4rmeleitpads von Gelid Solutions eignen sich am besten f\u00fcr Laptops, Spielkonsolen und andere Ger\u00e4te mit hoher Packungsdichte.\",\"breadcrumb\":{\"@id\":\"https:\\\/\\\/gelidsolutions.com\\\/de\\\/produkt\\\/gp-extreme-120x20-thermal-pad\\\/#breadcrumb\"},\"inLanguage\":\"de\",\"potentialAction\":[{\"@type\":\"ReadAction\",\"target\":[\"https:\\\/\\\/gelidsolutions.com\\\/de\\\/produkt\\\/gp-extreme-120x20-thermal-pad\\\/\"]}]},{\"@type\":\"ImageObject\",\"inLanguage\":\"de\",\"@id\":\"https:\\\/\\\/gelidsolutions.com\\\/de\\\/produkt\\\/gp-extreme-120x20-thermal-pad\\\/#primaryimage\",\"url\":\"https:\\\/\\\/gelidsolutions.com\\\/wp-content\\\/uploads\\\/2022\\\/05\\\/IMG_7042.png\",\"contentUrl\":\"https:\\\/\\\/gelidsolutions.com\\\/wp-content\\\/uploads\\\/2022\\\/05\\\/IMG_7042.png\",\"width\":2612,\"height\":2612,\"caption\":\"GP-Extrem 120x20\"},{\"@type\":\"BreadcrumbList\",\"@id\":\"https:\\\/\\\/gelidsolutions.com\\\/de\\\/produkt\\\/gp-extreme-120x20-thermal-pad\\\/#breadcrumb\",\"itemListElement\":[{\"@type\":\"ListItem\",\"position\":1,\"name\":\"Home\",\"item\":\"https:\\\/\\\/gelidsolutions.com\\\/de\\\/\"},{\"@type\":\"ListItem\",\"position\":2,\"name\":\"Shop\",\"item\":\"https:\\\/\\\/gelidsolutions.com\\\/shop\\\/\"},{\"@type\":\"ListItem\",\"position\":3,\"name\":\"Gelid Solutions &#8211; GP-EXTREME 120\u00d720 W\u00c4RMELEITPAD\"}]},{\"@type\":\"WebSite\",\"@id\":\"https:\\\/\\\/gelidsolutions.com\\\/de\\\/#website\",\"url\":\"https:\\\/\\\/gelidsolutions.com\\\/de\\\/\",\"name\":\"Gelid Solutions\",\"description\":\"\",\"publisher\":{\"@id\":\"https:\\\/\\\/gelidsolutions.com\\\/de\\\/#organization\"},\"potentialAction\":[{\"@type\":\"SearchAction\",\"target\":{\"@type\":\"EntryPoint\",\"urlTemplate\":\"https:\\\/\\\/gelidsolutions.com\\\/de\\\/?s={search_term_string}\"},\"query-input\":{\"@type\":\"PropertyValueSpecification\",\"valueRequired\":true,\"valueName\":\"search_term_string\"}}],\"inLanguage\":\"de\"},{\"@type\":\"Organization\",\"@id\":\"https:\\\/\\\/gelidsolutions.com\\\/de\\\/#organization\",\"name\":\"Gelid Solutions\",\"url\":\"https:\\\/\\\/gelidsolutions.com\\\/de\\\/\",\"logo\":{\"@type\":\"ImageObject\",\"inLanguage\":\"de\",\"@id\":\"https:\\\/\\\/gelidsolutions.com\\\/de\\\/#\\\/schema\\\/logo\\\/image\\\/\",\"url\":\"https:\\\/\\\/gelidsolutions.com\\\/wp-content\\\/uploads\\\/2022\\\/06\\\/logo_white_104_104.gif\",\"contentUrl\":\"https:\\\/\\\/gelidsolutions.com\\\/wp-content\\\/uploads\\\/2022\\\/06\\\/logo_white_104_104.gif\",\"width\":104,\"height\":104,\"caption\":\"Gelid Solutions\"},\"image\":{\"@id\":\"https:\\\/\\\/gelidsolutions.com\\\/de\\\/#\\\/schema\\\/logo\\\/image\\\/\"}}]}<\/script>\n<!-- \/ Yoast SEO plugin. -->","yoast_head_json":{"title":"Gelid Solutions GP-EXTREME 120\u00d720 W\u00e4rmeleitpads f\u00fcr Laptop kaufen","description":"Sie k\u00f6nnen kein gutes W\u00e4rmeleitpad f\u00fcr Ihren Laptop finden? Das ist kein Problem mehr! Die GP-EXTREME 120\u00d720 W\u00e4rmeleitpads von Gelid Solutions eignen sich am besten f\u00fcr Laptops, Spielkonsolen und andere Ger\u00e4te mit hoher Packungsdichte.","robots":{"index":"index","follow":"follow","max-snippet":"max-snippet:-1","max-image-preview":"max-image-preview:large","max-video-preview":"max-video-preview:-1"},"canonical":"https:\/\/gelidsolutions.com\/de\/produkt\/gp-extreme-120x20-thermal-pad\/","og_locale":"de_DE","og_type":"article","og_title":"Gelid Solutions GP-EXTREME 120\u00d720 W\u00e4rmeleitpads f\u00fcr Laptop kaufen","og_description":"Sie k\u00f6nnen kein gutes W\u00e4rmeleitpad f\u00fcr Ihren Laptop finden? Das ist kein Problem mehr! Die GP-EXTREME 120\u00d720 W\u00e4rmeleitpads von Gelid Solutions eignen sich am besten f\u00fcr Laptops, Spielkonsolen und andere Ger\u00e4te mit hoher Packungsdichte.","og_url":"https:\/\/gelidsolutions.com\/de\/produkt\/gp-extreme-120x20-thermal-pad\/","og_site_name":"Gelid Solutions","article_modified_time":"2024-02-07T06:16:14+00:00","og_image":[{"url":"https:\/\/gelidsolutions.com\/wp-content\/uploads\/2022\/05\/IMG_7042.png","width":1024,"height":1024,"type":"image\/png"}],"twitter_card":"summary_large_image","twitter_misc":{"Gesch\u00e4tzte Lesezeit":"2\u00a0Minuten"},"schema":{"@context":"https:\/\/schema.org","@graph":[{"@type":"WebPage","@id":"https:\/\/gelidsolutions.com\/de\/produkt\/gp-extreme-120x20-thermal-pad\/","url":"https:\/\/gelidsolutions.com\/de\/produkt\/gp-extreme-120x20-thermal-pad\/","name":"Gelid Solutions GP-EXTREME 120\u00d720 W\u00e4rmeleitpads f\u00fcr Laptop kaufen","isPartOf":{"@id":"https:\/\/gelidsolutions.com\/de\/#website"},"primaryImageOfPage":{"@id":"https:\/\/gelidsolutions.com\/de\/produkt\/gp-extreme-120x20-thermal-pad\/#primaryimage"},"image":{"@id":"https:\/\/gelidsolutions.com\/de\/produkt\/gp-extreme-120x20-thermal-pad\/#primaryimage"},"thumbnailUrl":"https:\/\/gelidsolutions.com\/wp-content\/uploads\/2022\/05\/IMG_7042.png","datePublished":"2021-09-16T00:16:00+00:00","dateModified":"2024-02-07T06:16:14+00:00","description":"Sie k\u00f6nnen kein gutes W\u00e4rmeleitpad f\u00fcr Ihren Laptop finden? Das ist kein Problem mehr! Die GP-EXTREME 120\u00d720 W\u00e4rmeleitpads von Gelid Solutions eignen sich am besten f\u00fcr Laptops, Spielkonsolen und andere Ger\u00e4te mit hoher Packungsdichte.","breadcrumb":{"@id":"https:\/\/gelidsolutions.com\/de\/produkt\/gp-extreme-120x20-thermal-pad\/#breadcrumb"},"inLanguage":"de","potentialAction":[{"@type":"ReadAction","target":["https:\/\/gelidsolutions.com\/de\/produkt\/gp-extreme-120x20-thermal-pad\/"]}]},{"@type":"ImageObject","inLanguage":"de","@id":"https:\/\/gelidsolutions.com\/de\/produkt\/gp-extreme-120x20-thermal-pad\/#primaryimage","url":"https:\/\/gelidsolutions.com\/wp-content\/uploads\/2022\/05\/IMG_7042.png","contentUrl":"https:\/\/gelidsolutions.com\/wp-content\/uploads\/2022\/05\/IMG_7042.png","width":2612,"height":2612,"caption":"GP-Extrem 120x20"},{"@type":"BreadcrumbList","@id":"https:\/\/gelidsolutions.com\/de\/produkt\/gp-extreme-120x20-thermal-pad\/#breadcrumb","itemListElement":[{"@type":"ListItem","position":1,"name":"Home","item":"https:\/\/gelidsolutions.com\/de\/"},{"@type":"ListItem","position":2,"name":"Shop","item":"https:\/\/gelidsolutions.com\/shop\/"},{"@type":"ListItem","position":3,"name":"Gelid Solutions &#8211; GP-EXTREME 120\u00d720 W\u00c4RMELEITPAD"}]},{"@type":"WebSite","@id":"https:\/\/gelidsolutions.com\/de\/#website","url":"https:\/\/gelidsolutions.com\/de\/","name":"Gelid Solutions","description":"","publisher":{"@id":"https:\/\/gelidsolutions.com\/de\/#organization"},"potentialAction":[{"@type":"SearchAction","target":{"@type":"EntryPoint","urlTemplate":"https:\/\/gelidsolutions.com\/de\/?s={search_term_string}"},"query-input":{"@type":"PropertyValueSpecification","valueRequired":true,"valueName":"search_term_string"}}],"inLanguage":"de"},{"@type":"Organization","@id":"https:\/\/gelidsolutions.com\/de\/#organization","name":"Gelid Solutions","url":"https:\/\/gelidsolutions.com\/de\/","logo":{"@type":"ImageObject","inLanguage":"de","@id":"https:\/\/gelidsolutions.com\/de\/#\/schema\/logo\/image\/","url":"https:\/\/gelidsolutions.com\/wp-content\/uploads\/2022\/06\/logo_white_104_104.gif","contentUrl":"https:\/\/gelidsolutions.com\/wp-content\/uploads\/2022\/06\/logo_white_104_104.gif","width":104,"height":104,"caption":"Gelid Solutions"},"image":{"@id":"https:\/\/gelidsolutions.com\/de\/#\/schema\/logo\/image\/"}}]}},"_links":{"self":[{"href":"https:\/\/gelidsolutions.com\/de\/wp-json\/wp\/v2\/product\/121834","targetHints":{"allow":["GET"]}}],"collection":[{"href":"https:\/\/gelidsolutions.com\/de\/wp-json\/wp\/v2\/product"}],"about":[{"href":"https:\/\/gelidsolutions.com\/de\/wp-json\/wp\/v2\/types\/product"}],"replies":[{"embeddable":true,"href":"https:\/\/gelidsolutions.com\/de\/wp-json\/wp\/v2\/comments?post=121834"}],"wp:featuredmedia":[{"embeddable":true,"href":"https:\/\/gelidsolutions.com\/de\/wp-json\/wp\/v2\/media\/113401"}],"wp:attachment":[{"href":"https:\/\/gelidsolutions.com\/de\/wp-json\/wp\/v2\/media?parent=121834"}],"wp:term":[{"taxonomy":"product_cat","embeddable":true,"href":"https:\/\/gelidsolutions.com\/de\/wp-json\/wp\/v2\/product_cat?post=121834"},{"taxonomy":"product_tag","embeddable":true,"href":"https:\/\/gelidsolutions.com\/de\/wp-json\/wp\/v2\/product_tag?post=121834"}],"curies":[{"name":"wp","href":"https:\/\/api.w.org\/{rel}","templated":true}]}}