{"id":121860,"date":"2021-07-12T09:10:00","date_gmt":"2021-07-12T01:10:00","guid":{"rendered":"https:\/\/gelidsolutions.com\/product\/gp-ultimate-120x120-thermal-pad-2\/"},"modified":"2023-12-01T16:35:53","modified_gmt":"2023-12-01T08:35:53","slug":"gp-ultimate-120x120-thermal-pad-2","status":"publish","type":"product","link":"https:\/\/gelidsolutions.com\/de\/produkt\/gp-ultimate-120x120-thermal-pad-2\/","title":{"rendered":"Gelid Solutions GP-ULTIMATE 120\u00d7120 THERMAL PAD"},"content":{"rendered":"<div class=\"wpb-content-wrapper\"><section class=\"vc_row wpb_row vc_row-fluid\"><div class=\"wpb_column vc_column_container col-xs-mobile-fullwidth vc_col-sm-12\"><div class=\"vc_column-inner\"><div class=\"wpb_wrapper\"><div class=\"text-block-content hongo-text-block-1 last-paragraph-no-margin\"><h2><i><b>GP-Ultimate 120&#215;120 W\u00e4rmeleitpad-Serie<br \/>\n<\/b><\/i><\/h2>\n<h3>Das hochmoderne Thermal Pad<\/h3>\n<p>&nbsp;<\/p>\n<p><strong>Dickenvarianten:<\/strong><br \/>\n0,5 mm (TP-GP04-S-A), 1,0mm (TP-GP04-S-B), 1,5mm (TP-GP04-S-C), 2,0mm (TP-GP04-S-D), 3,0mm (TP-GP04-S-E)<\/p>\n<p>&nbsp;<\/p>\n<p><strong>Gelid Solutions &#8211; GP-Ultimate 120\u00d7120<\/strong><span style=\"font-weight: 400;\"> wurde entwickelt, um eine perfekte thermische Schnittstelle zur \u00dcbertragung von W\u00e4rme an <strong>K\u00fchlk\u00f6rper<\/strong> zu bieten, wenn sie auf Leiterplatten mit H\u00f6henunterschieden und unebenen Oberfl\u00e4chen wie DRAM-ICs, VRM-ICs, Leistungs-MOSFETs installiert sind,<\/span><span style=\"font-weight: 400;\"> NVRAM-ICs,<\/span><b> <\/b><span style=\"font-weight: 400;\">und andere Hochtemperatur-SMD-Bauteile. Dank der verbesserten Mehrschichtmatrix, der hervorragenden Materialzusammensetzung und der ultimativen W\u00e4rmeleitf\u00e4higkeit von 15 W\/mK bietet die GP-Ultimate 120\u00d7120 die beste Leistung ihrer Klasse.<\/span><\/p>\n<h4><b>Merkmale:<\/b><\/h4>\n<ul>\n<li style=\"font-weight: 400;\" aria-level=\"1\"><span style=\"font-weight: 400;\">GP-Ultimate 120\u00d7120 ist nicht elektrisch leitf\u00e4hig, nicht korrosiv, nicht aush\u00e4rtend, nicht toxisch und unterst\u00fctzt einen erweiterten Betriebstemperaturbereich von -60\u00b0C bis 220\u00b0C. <\/span><\/li>\n<li style=\"font-weight: 400;\" aria-level=\"1\"><span style=\"font-weight: 400;\">Es l\u00e4sst sich nahtlos anbringen und hat die Abmessungen eines W\u00e4rmeleitpads von 120x120mm, um sich optimal an vergr\u00f6\u00dferte Oberfl\u00e4chen von <strong>RAM-Speichermodule, GPU- und CPU-VRM-Schaltungen, M.2 Typ SSD<\/strong> und andere dicht gepackte elektronische Ger\u00e4te.<\/span><\/li>\n<\/ul>\n<p>&nbsp;<\/p>\n<p><img loading=\"lazy\" decoding=\"async\" class=\"alignnone wp-image-36052 size-full\" src=\"https:\/\/gelidsolutions.com\/wp-content\/uploads\/2021\/07\/gp-ultimate-test.jpg\" alt=\"GP-Extrem 120x120\" width=\"590\" height=\"385\" \/><\/p>\n<p>&nbsp;<\/p>\n<p><strong>Hinweis: Bitte entfernen Sie vor der Anwendung die Schutzfolien von beiden Seiten!<\/strong><\/p>\n<p><strong>Nach dem Auftragen wird die Form des W\u00e4rmeleitpads komprimiert und verformt und ist nicht wieder verwendbar. <\/strong><\/p>\n<p>&nbsp;<\/p>\n<p><strong>EAN (Einzelpackung 1 Stk.):<\/strong><br \/>\n<i>0,5 mm: 4897025783058<\/i><br \/>\n<i>1mm: 4897025783065<\/i><br \/>\n<i>1,5 mm: 4897025783072<\/i><br \/>\n<i>2,0 mm: 4897025783089<\/i><br \/>\n<i>3,0 mm: 4897025783096<\/i><\/p>\n<\/div>\n\t<div class=\"wpb_video_widget wpb_content_element vc_clearfix   vc_video-aspect-ratio-169 vc_video-el-width-100 vc_video-align-left\" >\n\t\t<div class=\"wpb_wrapper\">\n\t\t\t\n\t\t\t<div class=\"wpb_video_wrapper\"><iframe loading=\"lazy\" title=\"Thermal Pad Showdown! What you should (and Shouldn&#039;t) Buy\" width=\"500\" height=\"281\" src=\"https:\/\/www.youtube.com\/embed\/vdIIA57treo?feature=oembed\" frameborder=\"0\" allow=\"accelerometer; autoplay; clipboard-write; encrypted-media; gyroscope; picture-in-picture; web-share\" allowfullscreen><\/iframe><\/div>\n\t\t<\/div>\n\t<\/div>\n<\/div><\/div><\/div><\/section>\n<\/div>","protected":false},"excerpt":{"rendered":"<ul>\n<li>\u00a0Ultimative W\u00e4rmeleitf\u00e4higkeit<\/li>\n<li>\u00a0Nicht elektrisch leitf\u00e4hig<\/li>\n<li>\u00a0Nicht korrosiv, nicht aush\u00e4rtend &amp; ungiftig<\/li>\n<li>\u00a0Einfache Anwendung<\/li>\n<li>\u00a0Perfekt f\u00fcr RAM-Speicher, VRM &amp; SSD vom Typ M.2<\/li>\n<\/ul>\n","protected":false},"featured_media":116563,"comment_status":"closed","ping_status":"closed","template":"","meta":{"_acf_changed":false},"product_cat":[548,549,327,305,315,318],"product_tag":[562,567,553,568],"class_list":{"0":"post-121860","1":"product","2":"type-product","3":"status-publish","4":"has-post-thumbnail","6":"product_cat-award-winning-thermal-solutions-collections-de","7":"product_cat-collections-de","8":"product_cat-gamer-zubehoer","9":"product_cat-kuehlloesungen","10":"product_cat-waermeleitpads","11":"product_cat-zubehoer","12":"product_tag-accessories-de","13":"product_tag-gamer-zubehor","14":"product_tag-thermal-solution-de","15":"product_tag-thermisches-pad","16":"pa_size-0-5mm-de","17":"pa_size-1-0mm-de","18":"pa_size-1-5mm-de","19":"pa_size-2-0mm-de","20":"pa_size-3-0mm-de","22":"first","23":"instock","24":"taxable","25":"shipping-taxable","26":"purchasable","27":"product-type-variable","28":"has-default-attributes"},"supplier_id":null,"supplier_sku":"","barcode":null,"atum_controlled":true,"out_stock_date":null,"out_stock_threshold":null,"inheritable":true,"inbound_stock":0,"stock_on_hold":0,"sold_today":0,"sales_last_days":0,"reserved_stock":0,"customer_returns":0,"warehouse_damage":0,"lost_in_post":0,"other_logs":0,"out_stock_days":0,"lost_sales":0,"has_location":false,"update_date":"2026-05-08T01:15:18","atum_locations":[],"atum_stock_status":"instock","restock_status":false,"low_stock_amount":"","sales_update_date":"2026-05-08T01:15:18","calc_backorders":null,"acf":[],"yoast_head":"<!-- This site is optimized with the Yoast SEO plugin v27.5 - https:\/\/yoast.com\/product\/yoast-seo-wordpress\/ -->\n<title>Gelid Solutions GP-ULTIMATE 120\u00d7120 W\u00e4rme-\/K\u00fchlk\u00f6rper-Pad f\u00fcr Laptop<\/title>\n<meta name=\"description\" content=\"Mit dem Gelid Solutions GP-Ultimate 120\u00d7120 Thermal\/Heatsink Pad erhalten Sie eine hervorragende K\u00fchlleistung f\u00fcr Ihre Laptops und andere elektronische Ger\u00e4te.\" \/>\n<meta name=\"robots\" content=\"index, follow, max-snippet:-1, max-image-preview:large, max-video-preview:-1\" \/>\n<link rel=\"canonical\" href=\"https:\/\/gelidsolutions.com\/de\/produkt\/gp-ultimate-120x120-thermal-pad-2\/\" \/>\n<meta property=\"og:locale\" content=\"de_DE\" \/>\n<meta property=\"og:type\" content=\"article\" \/>\n<meta property=\"og:title\" content=\"Gelid Solutions GP-ULTIMATE 120\u00d7120 W\u00e4rme-\/K\u00fchlk\u00f6rper-Pad f\u00fcr Laptop\" \/>\n<meta property=\"og:description\" content=\"Mit dem Gelid Solutions GP-Ultimate 120\u00d7120 Thermal\/Heatsink Pad erhalten Sie eine hervorragende K\u00fchlleistung f\u00fcr Ihre Laptops und andere elektronische Ger\u00e4te.\" \/>\n<meta property=\"og:url\" content=\"https:\/\/gelidsolutions.com\/de\/produkt\/gp-ultimate-120x120-thermal-pad-2\/\" \/>\n<meta property=\"og:site_name\" content=\"Gelid Solutions\" \/>\n<meta property=\"article:modified_time\" content=\"2023-12-01T08:35:53+00:00\" \/>\n<meta property=\"og:image\" content=\"https:\/\/gelidsolutions.com\/wp-content\/uploads\/2021\/07\/IMG_1484-1024x1024.png\" \/>\n\t<meta property=\"og:image:width\" content=\"1024\" \/>\n\t<meta property=\"og:image:height\" content=\"1024\" \/>\n\t<meta property=\"og:image:type\" content=\"image\/png\" \/>\n<meta name=\"twitter:card\" content=\"summary_large_image\" \/>\n<meta name=\"twitter:label1\" content=\"Gesch\u00e4tzte Lesezeit\" \/>\n\t<meta name=\"twitter:data1\" content=\"2\u00a0Minuten\" \/>\n<script type=\"application\/ld+json\" class=\"yoast-schema-graph\">{\"@context\":\"https:\\\/\\\/schema.org\",\"@graph\":[{\"@type\":\"WebPage\",\"@id\":\"https:\\\/\\\/gelidsolutions.com\\\/de\\\/produkt\\\/gp-ultimate-120x120-thermal-pad-2\\\/\",\"url\":\"https:\\\/\\\/gelidsolutions.com\\\/de\\\/produkt\\\/gp-ultimate-120x120-thermal-pad-2\\\/\",\"name\":\"Gelid Solutions GP-ULTIMATE 120\u00d7120 W\u00e4rme-\\\/K\u00fchlk\u00f6rper-Pad f\u00fcr Laptop\",\"isPartOf\":{\"@id\":\"https:\\\/\\\/gelidsolutions.com\\\/de\\\/#website\"},\"primaryImageOfPage\":{\"@id\":\"https:\\\/\\\/gelidsolutions.com\\\/de\\\/produkt\\\/gp-ultimate-120x120-thermal-pad-2\\\/#primaryimage\"},\"image\":{\"@id\":\"https:\\\/\\\/gelidsolutions.com\\\/de\\\/produkt\\\/gp-ultimate-120x120-thermal-pad-2\\\/#primaryimage\"},\"thumbnailUrl\":\"https:\\\/\\\/gelidsolutions.com\\\/wp-content\\\/uploads\\\/2021\\\/07\\\/IMG_1484.png\",\"datePublished\":\"2021-07-12T01:10:00+00:00\",\"dateModified\":\"2023-12-01T08:35:53+00:00\",\"description\":\"Mit dem Gelid Solutions GP-Ultimate 120\u00d7120 Thermal\\\/Heatsink Pad erhalten Sie eine hervorragende K\u00fchlleistung f\u00fcr Ihre Laptops und andere elektronische Ger\u00e4te.\",\"breadcrumb\":{\"@id\":\"https:\\\/\\\/gelidsolutions.com\\\/de\\\/produkt\\\/gp-ultimate-120x120-thermal-pad-2\\\/#breadcrumb\"},\"inLanguage\":\"de\",\"potentialAction\":[{\"@type\":\"ReadAction\",\"target\":[\"https:\\\/\\\/gelidsolutions.com\\\/de\\\/produkt\\\/gp-ultimate-120x120-thermal-pad-2\\\/\"]}]},{\"@type\":\"ImageObject\",\"inLanguage\":\"de\",\"@id\":\"https:\\\/\\\/gelidsolutions.com\\\/de\\\/produkt\\\/gp-ultimate-120x120-thermal-pad-2\\\/#primaryimage\",\"url\":\"https:\\\/\\\/gelidsolutions.com\\\/wp-content\\\/uploads\\\/2021\\\/07\\\/IMG_1484.png\",\"contentUrl\":\"https:\\\/\\\/gelidsolutions.com\\\/wp-content\\\/uploads\\\/2021\\\/07\\\/IMG_1484.png\",\"width\":3482,\"height\":3483,\"caption\":\"GP-Ultimate 120x120\"},{\"@type\":\"BreadcrumbList\",\"@id\":\"https:\\\/\\\/gelidsolutions.com\\\/de\\\/produkt\\\/gp-ultimate-120x120-thermal-pad-2\\\/#breadcrumb\",\"itemListElement\":[{\"@type\":\"ListItem\",\"position\":1,\"name\":\"Home\",\"item\":\"https:\\\/\\\/gelidsolutions.com\\\/de\\\/\"},{\"@type\":\"ListItem\",\"position\":2,\"name\":\"Shop\",\"item\":\"https:\\\/\\\/gelidsolutions.com\\\/shop\\\/\"},{\"@type\":\"ListItem\",\"position\":3,\"name\":\"Gelid Solutions GP-ULTIMATE 120\u00d7120 THERMAL PAD\"}]},{\"@type\":\"WebSite\",\"@id\":\"https:\\\/\\\/gelidsolutions.com\\\/de\\\/#website\",\"url\":\"https:\\\/\\\/gelidsolutions.com\\\/de\\\/\",\"name\":\"Gelid Solutions\",\"description\":\"\",\"publisher\":{\"@id\":\"https:\\\/\\\/gelidsolutions.com\\\/de\\\/#organization\"},\"potentialAction\":[{\"@type\":\"SearchAction\",\"target\":{\"@type\":\"EntryPoint\",\"urlTemplate\":\"https:\\\/\\\/gelidsolutions.com\\\/de\\\/?s={search_term_string}\"},\"query-input\":{\"@type\":\"PropertyValueSpecification\",\"valueRequired\":true,\"valueName\":\"search_term_string\"}}],\"inLanguage\":\"de\"},{\"@type\":\"Organization\",\"@id\":\"https:\\\/\\\/gelidsolutions.com\\\/de\\\/#organization\",\"name\":\"Gelid Solutions\",\"url\":\"https:\\\/\\\/gelidsolutions.com\\\/de\\\/\",\"logo\":{\"@type\":\"ImageObject\",\"inLanguage\":\"de\",\"@id\":\"https:\\\/\\\/gelidsolutions.com\\\/de\\\/#\\\/schema\\\/logo\\\/image\\\/\",\"url\":\"https:\\\/\\\/gelidsolutions.com\\\/wp-content\\\/uploads\\\/2022\\\/06\\\/logo_white_104_104.gif\",\"contentUrl\":\"https:\\\/\\\/gelidsolutions.com\\\/wp-content\\\/uploads\\\/2022\\\/06\\\/logo_white_104_104.gif\",\"width\":104,\"height\":104,\"caption\":\"Gelid Solutions\"},\"image\":{\"@id\":\"https:\\\/\\\/gelidsolutions.com\\\/de\\\/#\\\/schema\\\/logo\\\/image\\\/\"}}]}<\/script>\n<!-- \/ Yoast SEO plugin. -->","yoast_head_json":{"title":"Gelid Solutions GP-ULTIMATE 120\u00d7120 W\u00e4rme-\/K\u00fchlk\u00f6rper-Pad f\u00fcr Laptop","description":"Mit dem Gelid Solutions GP-Ultimate 120\u00d7120 Thermal\/Heatsink Pad erhalten Sie eine hervorragende K\u00fchlleistung f\u00fcr Ihre Laptops und andere elektronische Ger\u00e4te.","robots":{"index":"index","follow":"follow","max-snippet":"max-snippet:-1","max-image-preview":"max-image-preview:large","max-video-preview":"max-video-preview:-1"},"canonical":"https:\/\/gelidsolutions.com\/de\/produkt\/gp-ultimate-120x120-thermal-pad-2\/","og_locale":"de_DE","og_type":"article","og_title":"Gelid Solutions GP-ULTIMATE 120\u00d7120 W\u00e4rme-\/K\u00fchlk\u00f6rper-Pad f\u00fcr Laptop","og_description":"Mit dem Gelid Solutions GP-Ultimate 120\u00d7120 Thermal\/Heatsink Pad erhalten Sie eine hervorragende K\u00fchlleistung f\u00fcr Ihre Laptops und andere elektronische Ger\u00e4te.","og_url":"https:\/\/gelidsolutions.com\/de\/produkt\/gp-ultimate-120x120-thermal-pad-2\/","og_site_name":"Gelid Solutions","article_modified_time":"2023-12-01T08:35:53+00:00","og_image":[{"width":1024,"height":1024,"url":"https:\/\/gelidsolutions.com\/wp-content\/uploads\/2021\/07\/IMG_1484-1024x1024.png","type":"image\/png"}],"twitter_card":"summary_large_image","twitter_misc":{"Gesch\u00e4tzte Lesezeit":"2\u00a0Minuten"},"schema":{"@context":"https:\/\/schema.org","@graph":[{"@type":"WebPage","@id":"https:\/\/gelidsolutions.com\/de\/produkt\/gp-ultimate-120x120-thermal-pad-2\/","url":"https:\/\/gelidsolutions.com\/de\/produkt\/gp-ultimate-120x120-thermal-pad-2\/","name":"Gelid Solutions GP-ULTIMATE 120\u00d7120 W\u00e4rme-\/K\u00fchlk\u00f6rper-Pad f\u00fcr Laptop","isPartOf":{"@id":"https:\/\/gelidsolutions.com\/de\/#website"},"primaryImageOfPage":{"@id":"https:\/\/gelidsolutions.com\/de\/produkt\/gp-ultimate-120x120-thermal-pad-2\/#primaryimage"},"image":{"@id":"https:\/\/gelidsolutions.com\/de\/produkt\/gp-ultimate-120x120-thermal-pad-2\/#primaryimage"},"thumbnailUrl":"https:\/\/gelidsolutions.com\/wp-content\/uploads\/2021\/07\/IMG_1484.png","datePublished":"2021-07-12T01:10:00+00:00","dateModified":"2023-12-01T08:35:53+00:00","description":"Mit dem Gelid Solutions GP-Ultimate 120\u00d7120 Thermal\/Heatsink Pad erhalten Sie eine hervorragende K\u00fchlleistung f\u00fcr Ihre Laptops und andere elektronische Ger\u00e4te.","breadcrumb":{"@id":"https:\/\/gelidsolutions.com\/de\/produkt\/gp-ultimate-120x120-thermal-pad-2\/#breadcrumb"},"inLanguage":"de","potentialAction":[{"@type":"ReadAction","target":["https:\/\/gelidsolutions.com\/de\/produkt\/gp-ultimate-120x120-thermal-pad-2\/"]}]},{"@type":"ImageObject","inLanguage":"de","@id":"https:\/\/gelidsolutions.com\/de\/produkt\/gp-ultimate-120x120-thermal-pad-2\/#primaryimage","url":"https:\/\/gelidsolutions.com\/wp-content\/uploads\/2021\/07\/IMG_1484.png","contentUrl":"https:\/\/gelidsolutions.com\/wp-content\/uploads\/2021\/07\/IMG_1484.png","width":3482,"height":3483,"caption":"GP-Ultimate 120x120"},{"@type":"BreadcrumbList","@id":"https:\/\/gelidsolutions.com\/de\/produkt\/gp-ultimate-120x120-thermal-pad-2\/#breadcrumb","itemListElement":[{"@type":"ListItem","position":1,"name":"Home","item":"https:\/\/gelidsolutions.com\/de\/"},{"@type":"ListItem","position":2,"name":"Shop","item":"https:\/\/gelidsolutions.com\/shop\/"},{"@type":"ListItem","position":3,"name":"Gelid Solutions GP-ULTIMATE 120\u00d7120 THERMAL PAD"}]},{"@type":"WebSite","@id":"https:\/\/gelidsolutions.com\/de\/#website","url":"https:\/\/gelidsolutions.com\/de\/","name":"Gelid Solutions","description":"","publisher":{"@id":"https:\/\/gelidsolutions.com\/de\/#organization"},"potentialAction":[{"@type":"SearchAction","target":{"@type":"EntryPoint","urlTemplate":"https:\/\/gelidsolutions.com\/de\/?s={search_term_string}"},"query-input":{"@type":"PropertyValueSpecification","valueRequired":true,"valueName":"search_term_string"}}],"inLanguage":"de"},{"@type":"Organization","@id":"https:\/\/gelidsolutions.com\/de\/#organization","name":"Gelid Solutions","url":"https:\/\/gelidsolutions.com\/de\/","logo":{"@type":"ImageObject","inLanguage":"de","@id":"https:\/\/gelidsolutions.com\/de\/#\/schema\/logo\/image\/","url":"https:\/\/gelidsolutions.com\/wp-content\/uploads\/2022\/06\/logo_white_104_104.gif","contentUrl":"https:\/\/gelidsolutions.com\/wp-content\/uploads\/2022\/06\/logo_white_104_104.gif","width":104,"height":104,"caption":"Gelid Solutions"},"image":{"@id":"https:\/\/gelidsolutions.com\/de\/#\/schema\/logo\/image\/"}}]}},"_links":{"self":[{"href":"https:\/\/gelidsolutions.com\/de\/wp-json\/wp\/v2\/product\/121860","targetHints":{"allow":["GET"]}}],"collection":[{"href":"https:\/\/gelidsolutions.com\/de\/wp-json\/wp\/v2\/product"}],"about":[{"href":"https:\/\/gelidsolutions.com\/de\/wp-json\/wp\/v2\/types\/product"}],"replies":[{"embeddable":true,"href":"https:\/\/gelidsolutions.com\/de\/wp-json\/wp\/v2\/comments?post=121860"}],"wp:featuredmedia":[{"embeddable":true,"href":"https:\/\/gelidsolutions.com\/de\/wp-json\/wp\/v2\/media\/116563"}],"wp:attachment":[{"href":"https:\/\/gelidsolutions.com\/de\/wp-json\/wp\/v2\/media?parent=121860"}],"wp:term":[{"taxonomy":"product_cat","embeddable":true,"href":"https:\/\/gelidsolutions.com\/de\/wp-json\/wp\/v2\/product_cat?post=121860"},{"taxonomy":"product_tag","embeddable":true,"href":"https:\/\/gelidsolutions.com\/de\/wp-json\/wp\/v2\/product_tag?post=121860"}],"curies":[{"name":"wp","href":"https:\/\/api.w.org\/{rel}","templated":true}]}}