{"id":121877,"date":"2020-09-15T18:11:00","date_gmt":"2020-09-15T10:11:00","guid":{"rendered":"https:\/\/gelidsolutions.com\/product\/gp-ultimate-xl-thermal-pad\/"},"modified":"2023-12-01T15:53:45","modified_gmt":"2023-12-01T07:53:45","slug":"gp-ultimate-xl-thermal-pad","status":"publish","type":"product","link":"https:\/\/gelidsolutions.com\/de\/produkt\/gp-ultimate-xl-thermal-pad\/","title":{"rendered":"Gelid Solutions &#8211; GP-Ultimate 120&#215;20 W\u00e4rmeleitpad"},"content":{"rendered":"<h2><i><b>GP-Ultimate 120&#215;20 W\u00e4rmeleitpads-Serie<br \/>\n<\/b><\/i><\/h2>\n<h3>Das hochmoderne Thermal Pad<\/h3>\n<p><strong>Dickenvarianten:<\/strong><br \/>\nEinzelpackung (1 Stk. enthalten): 0,5 mm (TP-GP04-R-A), 1,0mm (TP-GP04-R-B), 1,5mm (TP-GP04-R-C), 2mm (TP-GP04-R-D), 3mm (TP-GP04-R-E)<br \/>\nDoppelpackung (2 St\u00fcck enthalten): 0,5mm (TP-VP04-R-A), 1,0mm (TP-VP04-R-B), 1,5mm (TP-VP04-R-C), 2mm (TP-VP04-R-D), 3mm (TP-VP04-R-E)<\/p>\n<p><span style=\"font-weight: 400;\"><strong>Die W\u00e4rmeleitpads von Gelid Solutions<\/strong> wurden entwickelt, um eine hervorragende thermische <\/span><span style=\"font-weight: 400;\">Schnittstelle zur \u00dcbertragung von W\u00e4rme auf K\u00fchlk\u00f6rper bei der Installation auf Leiterplatten mit H\u00f6henunterschieden und unebenen Oberfl\u00e4chen wie DRAM-ICs, VRM-ICs, Leistungs-MOSFETs, <\/span><span style=\"font-weight: 400;\">NVRAM-ICs,<\/span><span style=\"font-weight: 400;\"> und andere Hochtemperatur-SMD-Bauteile. Dank der verbesserten Mehrschichtmatrix, der hervorragenden Materialzusammensetzung und der ultimativen W\u00e4rmeleitf\u00e4higkeit von 15 W\/mK bietet die GP-Ultimate 120\u00d720 die beste Leistung ihrer Klasse.<\/span><\/p>\n<p><span style=\"font-weight: 400;\"><strong>GP-Ultimate 120\u00d720<\/strong> ist nicht elektrisch leitf\u00e4hig, nicht korrosiv, nicht aush\u00e4rtend,<\/span><span style=\"font-weight: 400;\">ungiftig, <\/span> <span style=\"font-weight: 400;\">und unterst\u00fctzt den erweiterten Betriebstemperaturbereich von -60\u00b0C bis 220\u00b0C. Es zeichnet sich durch eine nahtlose Anwendung aus und hat die Abmessungen des W\u00e4rmeleitpads von 120x20mm, um sich optimal an vergr\u00f6\u00dferte Oberfl\u00e4chen von RAM-Speichermodulen, GPU- und CPU-VRM-Schaltungen, M.2 Typ SSD und andere dicht gepackte elektronische Ger\u00e4te.<\/span><\/p>\n<p><img loading=\"lazy\" decoding=\"async\" class=\"alignnone wp-image-36052 size-full\" src=\"https:\/\/gelidsolutions.com\/wp-content\/uploads\/2021\/07\/gp-ultimate-test.jpg\" alt=\"GP-Extrem 120x120\" width=\"590\" height=\"385\" \/><\/p>\n<p><strong>Hinweis: Bitte entfernen Sie vor der Anwendung die Schutzfolien von beiden Seiten!<\/strong><\/p>\n<p><strong>Nach dem Auftragen wird die Form des W\u00e4rmeleitpads komprimiert und verformt und ist nicht wieder verwendbar. <\/strong><\/p>\n<p><strong>EAN (Einzelpackung 1 Stk.)<\/strong>:<br \/>\n<i>0,5 mm: 4897025782532<\/i><br \/>\n<i>1mm: 4897025782549<\/i><br \/>\n<i>1,5 mm: 4897025782556<\/i><br \/>\n<i>2mm: 4897025782921<\/i><br \/>\n<i>3mm: 4897025782969<\/i><\/p>\n<p>&nbsp;<\/p>\n<p><strong>EAN (Doppelpackung 2 Stk.)<\/strong>:<br \/>\n<i>0,5 mm: 4897025782631<\/i><br \/>\n<i>1mm: 4897025782648<\/i><br \/>\n<i>1,5 mm: 4897025782655<\/i><br \/>\n<i>2mm: 4897025782662<\/i><br \/>\n<i>3mm: 4897025782976<\/i><\/p>\n<p><iframe loading=\"lazy\" title=\"Thermal Pad Showdown! What you should (and Shouldn&#039;t) Buy\" width=\"500\" height=\"281\" src=\"https:\/\/www.youtube.com\/embed\/vdIIA57treo?feature=oembed\" frameborder=\"0\" allow=\"accelerometer; autoplay; clipboard-write; encrypted-media; gyroscope; picture-in-picture; web-share\" referrerpolicy=\"strict-origin-when-cross-origin\" allowfullscreen><\/iframe><\/p>\n","protected":false},"excerpt":{"rendered":"<ul>\n<li>\u00a0Ultimative W\u00e4rmeleitf\u00e4higkeit<\/li>\n<li>\u00a0Nicht elektrisch leitf\u00e4hig<\/li>\n<li>\u00a0Nicht korrosiv, nicht aush\u00e4rtend &amp; ungiftig<\/li>\n<li>\u00a0Einfache Anwendung<\/li>\n<li>\u00a0Perfekt f\u00fcr RAM-Speicher, VRM &amp; SSD vom Typ M.2<\/li>\n<\/ul>\n","protected":false},"featured_media":116583,"comment_status":"closed","ping_status":"closed","template":"","meta":{"_acf_changed":false},"product_cat":[548,549,327,305,315,318],"product_tag":[562,567,553,568],"class_list":{"0":"post-121877","1":"product","2":"type-product","3":"status-publish","4":"has-post-thumbnail","6":"product_cat-award-winning-thermal-solutions-collections-de","7":"product_cat-collections-de","8":"product_cat-gamer-zubehoer","9":"product_cat-kuehlloesungen","10":"product_cat-waermeleitpads","11":"product_cat-zubehoer","12":"product_tag-accessories-de","13":"product_tag-gamer-zubehor","14":"product_tag-thermal-solution-de","15":"product_tag-thermisches-pad","16":"pa_size-0-5mm-de","17":"pa_size-1-0mm-de","18":"pa_size-1-5mm-de","19":"pa_size-2-0mm-de","20":"pa_size-3-0mm-de","21":"pa_size-value-pack-0-5mm-de","22":"pa_size-value-pack-1-0mm-de","23":"pa_size-value-pack-1-5mm-de","24":"pa_size-value-pack-2-0mm-de","25":"pa_size-value-pack-3-0mm-de","27":"first","28":"instock","29":"taxable","30":"shipping-taxable","31":"purchasable","32":"product-type-variable","33":"has-default-attributes"},"supplier_id":null,"supplier_sku":"","barcode":null,"atum_controlled":true,"out_stock_date":null,"out_stock_threshold":null,"inheritable":true,"inbound_stock":0,"stock_on_hold":0,"sold_today":0,"sales_last_days":0,"reserved_stock":0,"customer_returns":0,"warehouse_damage":0,"lost_in_post":0,"other_logs":0,"out_stock_days":0,"lost_sales":0,"has_location":false,"update_date":"2026-05-04T01:14:14","atum_locations":[],"atum_stock_status":"instock","restock_status":false,"low_stock_amount":"","sales_update_date":"2026-05-04T01:14:14","calc_backorders":null,"acf":[],"yoast_head":"<!-- This site is optimized with the Yoast SEO plugin v27.5 - https:\/\/yoast.com\/product\/yoast-seo-wordpress\/ -->\n<title>Gelid Solutions GP-ULTIMATE 120\u00d720 High Performance Thermal Pad kaufen<\/title>\n<meta name=\"description\" content=\"Gelid Solutions GP-Ultimate 120\u00d720 High Performance Thermal Pad wurde entwickelt, um die beste thermische Schnittstelle mit verschiedenen Arten von W\u00e4rmequellen zu schaffen, wenn es auf elektronischen Ger\u00e4ten installiert wird.\" \/>\n<meta name=\"robots\" content=\"index, follow, max-snippet:-1, max-image-preview:large, max-video-preview:-1\" \/>\n<link rel=\"canonical\" href=\"https:\/\/gelidsolutions.com\/de\/produkt\/gp-ultimate-xl-thermal-pad\/\" \/>\n<meta property=\"og:locale\" content=\"de_DE\" \/>\n<meta property=\"og:type\" content=\"article\" \/>\n<meta property=\"og:title\" content=\"Gelid Solutions GP-ULTIMATE 120\u00d720 High Performance Thermal Pad kaufen\" \/>\n<meta property=\"og:description\" content=\"Gelid Solutions GP-Ultimate 120\u00d720 High Performance Thermal Pad wurde entwickelt, um die beste thermische Schnittstelle mit verschiedenen Arten von W\u00e4rmequellen zu schaffen, wenn es auf elektronischen Ger\u00e4ten installiert wird.\" \/>\n<meta property=\"og:url\" content=\"https:\/\/gelidsolutions.com\/de\/produkt\/gp-ultimate-xl-thermal-pad\/\" \/>\n<meta property=\"og:site_name\" content=\"Gelid Solutions\" \/>\n<meta property=\"article:modified_time\" content=\"2023-12-01T07:53:45+00:00\" \/>\n<meta property=\"og:image\" content=\"https:\/\/gelidsolutions.com\/wp-content\/uploads\/2020\/09\/IMG_1508.png\" \/>\n\t<meta property=\"og:image:width\" content=\"2180\" \/>\n\t<meta property=\"og:image:height\" content=\"2181\" \/>\n\t<meta property=\"og:image:type\" content=\"image\/png\" \/>\n<meta name=\"twitter:card\" content=\"summary_large_image\" \/>\n<meta name=\"twitter:label1\" content=\"Gesch\u00e4tzte Lesezeit\" \/>\n\t<meta name=\"twitter:data1\" content=\"2\u00a0Minuten\" \/>\n<script type=\"application\/ld+json\" class=\"yoast-schema-graph\">{\"@context\":\"https:\\\/\\\/schema.org\",\"@graph\":[{\"@type\":\"WebPage\",\"@id\":\"https:\\\/\\\/gelidsolutions.com\\\/de\\\/produkt\\\/gp-ultimate-xl-thermal-pad\\\/\",\"url\":\"https:\\\/\\\/gelidsolutions.com\\\/de\\\/produkt\\\/gp-ultimate-xl-thermal-pad\\\/\",\"name\":\"Gelid Solutions GP-ULTIMATE 120\u00d720 High Performance Thermal Pad kaufen\",\"isPartOf\":{\"@id\":\"https:\\\/\\\/gelidsolutions.com\\\/de\\\/#website\"},\"primaryImageOfPage\":{\"@id\":\"https:\\\/\\\/gelidsolutions.com\\\/de\\\/produkt\\\/gp-ultimate-xl-thermal-pad\\\/#primaryimage\"},\"image\":{\"@id\":\"https:\\\/\\\/gelidsolutions.com\\\/de\\\/produkt\\\/gp-ultimate-xl-thermal-pad\\\/#primaryimage\"},\"thumbnailUrl\":\"https:\\\/\\\/gelidsolutions.com\\\/wp-content\\\/uploads\\\/2020\\\/09\\\/IMG_1508.png\",\"datePublished\":\"2020-09-15T10:11:00+00:00\",\"dateModified\":\"2023-12-01T07:53:45+00:00\",\"description\":\"Gelid Solutions GP-Ultimate 120\u00d720 High Performance Thermal Pad wurde entwickelt, um die beste thermische Schnittstelle mit verschiedenen Arten von W\u00e4rmequellen zu schaffen, wenn es auf elektronischen Ger\u00e4ten installiert wird.\",\"breadcrumb\":{\"@id\":\"https:\\\/\\\/gelidsolutions.com\\\/de\\\/produkt\\\/gp-ultimate-xl-thermal-pad\\\/#breadcrumb\"},\"inLanguage\":\"de\",\"potentialAction\":[{\"@type\":\"ReadAction\",\"target\":[\"https:\\\/\\\/gelidsolutions.com\\\/de\\\/produkt\\\/gp-ultimate-xl-thermal-pad\\\/\"]}]},{\"@type\":\"ImageObject\",\"inLanguage\":\"de\",\"@id\":\"https:\\\/\\\/gelidsolutions.com\\\/de\\\/produkt\\\/gp-ultimate-xl-thermal-pad\\\/#primaryimage\",\"url\":\"https:\\\/\\\/gelidsolutions.com\\\/wp-content\\\/uploads\\\/2020\\\/09\\\/IMG_1508.png\",\"contentUrl\":\"https:\\\/\\\/gelidsolutions.com\\\/wp-content\\\/uploads\\\/2020\\\/09\\\/IMG_1508.png\",\"width\":2180,\"height\":2181,\"caption\":\"GP-Ultimate 120x20\"},{\"@type\":\"BreadcrumbList\",\"@id\":\"https:\\\/\\\/gelidsolutions.com\\\/de\\\/produkt\\\/gp-ultimate-xl-thermal-pad\\\/#breadcrumb\",\"itemListElement\":[{\"@type\":\"ListItem\",\"position\":1,\"name\":\"Home\",\"item\":\"https:\\\/\\\/gelidsolutions.com\\\/de\\\/\"},{\"@type\":\"ListItem\",\"position\":2,\"name\":\"Shop\",\"item\":\"https:\\\/\\\/gelidsolutions.com\\\/shop\\\/\"},{\"@type\":\"ListItem\",\"position\":3,\"name\":\"Gelid Solutions &#8211; GP-Ultimate 120&#215;20 W\u00e4rmeleitpad\"}]},{\"@type\":\"WebSite\",\"@id\":\"https:\\\/\\\/gelidsolutions.com\\\/de\\\/#website\",\"url\":\"https:\\\/\\\/gelidsolutions.com\\\/de\\\/\",\"name\":\"Gelid Solutions\",\"description\":\"\",\"publisher\":{\"@id\":\"https:\\\/\\\/gelidsolutions.com\\\/de\\\/#organization\"},\"potentialAction\":[{\"@type\":\"SearchAction\",\"target\":{\"@type\":\"EntryPoint\",\"urlTemplate\":\"https:\\\/\\\/gelidsolutions.com\\\/de\\\/?s={search_term_string}\"},\"query-input\":{\"@type\":\"PropertyValueSpecification\",\"valueRequired\":true,\"valueName\":\"search_term_string\"}}],\"inLanguage\":\"de\"},{\"@type\":\"Organization\",\"@id\":\"https:\\\/\\\/gelidsolutions.com\\\/de\\\/#organization\",\"name\":\"Gelid Solutions\",\"url\":\"https:\\\/\\\/gelidsolutions.com\\\/de\\\/\",\"logo\":{\"@type\":\"ImageObject\",\"inLanguage\":\"de\",\"@id\":\"https:\\\/\\\/gelidsolutions.com\\\/de\\\/#\\\/schema\\\/logo\\\/image\\\/\",\"url\":\"https:\\\/\\\/gelidsolutions.com\\\/wp-content\\\/uploads\\\/2022\\\/06\\\/logo_white_104_104.gif\",\"contentUrl\":\"https:\\\/\\\/gelidsolutions.com\\\/wp-content\\\/uploads\\\/2022\\\/06\\\/logo_white_104_104.gif\",\"width\":104,\"height\":104,\"caption\":\"Gelid Solutions\"},\"image\":{\"@id\":\"https:\\\/\\\/gelidsolutions.com\\\/de\\\/#\\\/schema\\\/logo\\\/image\\\/\"}}]}<\/script>\n<!-- \/ Yoast SEO plugin. -->","yoast_head_json":{"title":"Gelid Solutions GP-ULTIMATE 120\u00d720 High Performance Thermal Pad kaufen","description":"Gelid Solutions GP-Ultimate 120\u00d720 High Performance Thermal Pad wurde entwickelt, um die beste thermische Schnittstelle mit verschiedenen Arten von W\u00e4rmequellen zu schaffen, wenn es auf elektronischen Ger\u00e4ten installiert wird.","robots":{"index":"index","follow":"follow","max-snippet":"max-snippet:-1","max-image-preview":"max-image-preview:large","max-video-preview":"max-video-preview:-1"},"canonical":"https:\/\/gelidsolutions.com\/de\/produkt\/gp-ultimate-xl-thermal-pad\/","og_locale":"de_DE","og_type":"article","og_title":"Gelid Solutions GP-ULTIMATE 120\u00d720 High Performance Thermal Pad kaufen","og_description":"Gelid Solutions GP-Ultimate 120\u00d720 High Performance Thermal Pad wurde entwickelt, um die beste thermische Schnittstelle mit verschiedenen Arten von W\u00e4rmequellen zu schaffen, wenn es auf elektronischen Ger\u00e4ten installiert wird.","og_url":"https:\/\/gelidsolutions.com\/de\/produkt\/gp-ultimate-xl-thermal-pad\/","og_site_name":"Gelid Solutions","article_modified_time":"2023-12-01T07:53:45+00:00","og_image":[{"width":2180,"height":2181,"url":"https:\/\/gelidsolutions.com\/wp-content\/uploads\/2020\/09\/IMG_1508.png","type":"image\/png"}],"twitter_card":"summary_large_image","twitter_misc":{"Gesch\u00e4tzte Lesezeit":"2\u00a0Minuten"},"schema":{"@context":"https:\/\/schema.org","@graph":[{"@type":"WebPage","@id":"https:\/\/gelidsolutions.com\/de\/produkt\/gp-ultimate-xl-thermal-pad\/","url":"https:\/\/gelidsolutions.com\/de\/produkt\/gp-ultimate-xl-thermal-pad\/","name":"Gelid Solutions GP-ULTIMATE 120\u00d720 High Performance Thermal Pad kaufen","isPartOf":{"@id":"https:\/\/gelidsolutions.com\/de\/#website"},"primaryImageOfPage":{"@id":"https:\/\/gelidsolutions.com\/de\/produkt\/gp-ultimate-xl-thermal-pad\/#primaryimage"},"image":{"@id":"https:\/\/gelidsolutions.com\/de\/produkt\/gp-ultimate-xl-thermal-pad\/#primaryimage"},"thumbnailUrl":"https:\/\/gelidsolutions.com\/wp-content\/uploads\/2020\/09\/IMG_1508.png","datePublished":"2020-09-15T10:11:00+00:00","dateModified":"2023-12-01T07:53:45+00:00","description":"Gelid Solutions GP-Ultimate 120\u00d720 High Performance Thermal Pad wurde entwickelt, um die beste thermische Schnittstelle mit verschiedenen Arten von W\u00e4rmequellen zu schaffen, wenn es auf elektronischen Ger\u00e4ten installiert wird.","breadcrumb":{"@id":"https:\/\/gelidsolutions.com\/de\/produkt\/gp-ultimate-xl-thermal-pad\/#breadcrumb"},"inLanguage":"de","potentialAction":[{"@type":"ReadAction","target":["https:\/\/gelidsolutions.com\/de\/produkt\/gp-ultimate-xl-thermal-pad\/"]}]},{"@type":"ImageObject","inLanguage":"de","@id":"https:\/\/gelidsolutions.com\/de\/produkt\/gp-ultimate-xl-thermal-pad\/#primaryimage","url":"https:\/\/gelidsolutions.com\/wp-content\/uploads\/2020\/09\/IMG_1508.png","contentUrl":"https:\/\/gelidsolutions.com\/wp-content\/uploads\/2020\/09\/IMG_1508.png","width":2180,"height":2181,"caption":"GP-Ultimate 120x20"},{"@type":"BreadcrumbList","@id":"https:\/\/gelidsolutions.com\/de\/produkt\/gp-ultimate-xl-thermal-pad\/#breadcrumb","itemListElement":[{"@type":"ListItem","position":1,"name":"Home","item":"https:\/\/gelidsolutions.com\/de\/"},{"@type":"ListItem","position":2,"name":"Shop","item":"https:\/\/gelidsolutions.com\/shop\/"},{"@type":"ListItem","position":3,"name":"Gelid Solutions &#8211; GP-Ultimate 120&#215;20 W\u00e4rmeleitpad"}]},{"@type":"WebSite","@id":"https:\/\/gelidsolutions.com\/de\/#website","url":"https:\/\/gelidsolutions.com\/de\/","name":"Gelid Solutions","description":"","publisher":{"@id":"https:\/\/gelidsolutions.com\/de\/#organization"},"potentialAction":[{"@type":"SearchAction","target":{"@type":"EntryPoint","urlTemplate":"https:\/\/gelidsolutions.com\/de\/?s={search_term_string}"},"query-input":{"@type":"PropertyValueSpecification","valueRequired":true,"valueName":"search_term_string"}}],"inLanguage":"de"},{"@type":"Organization","@id":"https:\/\/gelidsolutions.com\/de\/#organization","name":"Gelid Solutions","url":"https:\/\/gelidsolutions.com\/de\/","logo":{"@type":"ImageObject","inLanguage":"de","@id":"https:\/\/gelidsolutions.com\/de\/#\/schema\/logo\/image\/","url":"https:\/\/gelidsolutions.com\/wp-content\/uploads\/2022\/06\/logo_white_104_104.gif","contentUrl":"https:\/\/gelidsolutions.com\/wp-content\/uploads\/2022\/06\/logo_white_104_104.gif","width":104,"height":104,"caption":"Gelid Solutions"},"image":{"@id":"https:\/\/gelidsolutions.com\/de\/#\/schema\/logo\/image\/"}}]}},"_links":{"self":[{"href":"https:\/\/gelidsolutions.com\/de\/wp-json\/wp\/v2\/product\/121877","targetHints":{"allow":["GET"]}}],"collection":[{"href":"https:\/\/gelidsolutions.com\/de\/wp-json\/wp\/v2\/product"}],"about":[{"href":"https:\/\/gelidsolutions.com\/de\/wp-json\/wp\/v2\/types\/product"}],"replies":[{"embeddable":true,"href":"https:\/\/gelidsolutions.com\/de\/wp-json\/wp\/v2\/comments?post=121877"}],"wp:featuredmedia":[{"embeddable":true,"href":"https:\/\/gelidsolutions.com\/de\/wp-json\/wp\/v2\/media\/116583"}],"wp:attachment":[{"href":"https:\/\/gelidsolutions.com\/de\/wp-json\/wp\/v2\/media?parent=121877"}],"wp:term":[{"taxonomy":"product_cat","embeddable":true,"href":"https:\/\/gelidsolutions.com\/de\/wp-json\/wp\/v2\/product_cat?post=121877"},{"taxonomy":"product_tag","embeddable":true,"href":"https:\/\/gelidsolutions.com\/de\/wp-json\/wp\/v2\/product_tag?post=121877"}],"curies":[{"name":"wp","href":"https:\/\/api.w.org\/{rel}","templated":true}]}}