{"id":121956,"date":"2019-10-28T20:06:00","date_gmt":"2019-10-28T12:06:00","guid":{"rendered":"https:\/\/gelidsolutions.com\/product\/gp-ultimate-thermal-pad-2\/"},"modified":"2024-03-30T17:53:13","modified_gmt":"2024-03-30T09:53:13","slug":"gp-ultimate-thermal-pad-2","status":"publish","type":"product","link":"https:\/\/gelidsolutions.com\/de\/produkt\/gp-ultimate-thermal-pad-2\/","title":{"rendered":"Gelid GP-Ultimate 90 x 50 W\u00e4rmeleitpad"},"content":{"rendered":"<h2><i><b>GP-Ultimate W\u00e4rmeleitpad-Serie<br \/>\n<\/b><\/i><\/h2>\n<p>&nbsp;<\/p>\n<h3>Das hochmoderne Thermal Pad<\/h3>\n<p>&nbsp;<\/p>\n<p><strong>Dickenvarianten:<\/strong><br \/>\nEinzelpackung (1 Stk. enthalten): 0,5 mm (TP-GP04-A), 1,0mm (TP-GP04-B), 1,5mm (TP-GP04-C), 2mm (TP-GP04-D), 3mm (TP-GP04-E)<br \/>\nDoppelpackung (2 Stk. enthalten): 0,5 mm (TP-VP04-A), 1,0mm (TP-VP04-B), 1,5mm (TP-VP04-C), 2mm (TP-VP04-D), 3mm (TP-VP04-E)<\/p>\n<p>&nbsp;<\/p>\n<p><strong>Gelid Ultimate <\/strong><span style=\"font-weight: 400;\">wurde entwickelt, um bei der Installation auf Leiterplatten mit H\u00f6henunterschieden und unebenen Oberfl\u00e4chen, wie z. B. Leistungs-MOSFETs, Chips\u00e4tzen, analogen ICs, Mikrocontroller-Einheiten und anderen Hochtemperatur-SMD-Komponenten, einen perfekten <strong>thermischen Kontakt<\/strong> zu den K\u00fchlk\u00f6rpern herzustellen. Dank der verbesserten Mehrschichtmatrix, der \u00fcberlegenen Materialzusammensetzung und der ultimativen W\u00e4rmeleitf\u00e4higkeit f\u00fcllt das GP-Ultimate den Raum richtig aus und bietet die beste Leistung seiner Klasse.<\/span><\/p>\n<p>&nbsp;<\/p>\n<p><span style=\"font-weight: 400;\">Die <\/span><strong>Gelid Ultimate<\/strong><span style=\"font-weight: 400;\"> ist nicht elektrisch leitf\u00e4hig, nicht korrosiv, nicht aush\u00e4rtend, nicht toxisch und unterst\u00fctzt einen erweiterten Betriebstemperaturbereich von -60\u00b0C bis 220\u00b0C. Es bietet einfache <\/span><span style=\"font-weight: 400;\">Anwendung, <\/span><span style=\"font-weight: 400;\">und hat die Abmessungen eines W\u00e4rmeleitpads von 90x50mm, um am besten f\u00fcr gro\u00dfe PCB-Oberfl\u00e4chen von GPU-Karten, Motherboards, Add-on-Karten und anderen dicht gepackten elektronischen Ger\u00e4ten geeignet zu sein.<\/span><\/p>\n<p>&nbsp;<\/p>\n<p><img loading=\"lazy\" decoding=\"async\" class=\"alignnone wp-image-36052 size-full\" src=\"https:\/\/gelidsolutions.com\/wp-content\/uploads\/2021\/07\/gp-ultimate-test.jpg\" alt=\"GP-Extrem 120x120\" width=\"590\" height=\"385\" \/><\/p>\n<p>&nbsp;<\/p>\n<p><strong>Hinweis: Bitte entfernen Sie vor der Anwendung die Schutzfolien von beiden Seiten!<\/strong><\/p>\n<p><strong>Nach dem Auftragen wird die Form des W\u00e4rmeleitpads komprimiert und verformt und ist nicht wieder verwendbar. <\/strong><\/p>\n<p>&nbsp;<\/p>\n<p><strong>EAN (Einzelverpackung 1 Stk.):<\/strong><br \/>\n<i>(0,5 mm): 4897025782112<\/i><br \/>\n<i>(1mm): 4897025782198<\/i><br \/>\n<i>(1,5 mm): 4897025782204<\/i><br \/>\n<i>(2mm): 4897025782211<\/i><br \/>\n<i>(3mm): 4897025782945<\/i><\/p>\n<p>&nbsp;<\/p>\n<p><strong>EAN (Doppelpackung 2 Stk.):<\/strong><br \/>\n<i>(0,5 mm): 4897025782594<\/i><br \/>\n<i>(1mm): 4897025782600<\/i><br \/>\n<i>(1,5 mm): 4897025782617<\/i><br \/>\n<i>(2mm): 4897025782624<\/i><br \/>\n<i>(3mm): 4897025782952<\/i><\/p>\n<p><iframe loading=\"lazy\" title=\"Thermal Pad Showdown! What you should (and Shouldn&#039;t) Buy\" width=\"500\" height=\"281\" src=\"https:\/\/www.youtube.com\/embed\/vdIIA57treo?feature=oembed\" frameborder=\"0\" allow=\"accelerometer; autoplay; clipboard-write; encrypted-media; gyroscope; picture-in-picture; web-share\" referrerpolicy=\"strict-origin-when-cross-origin\" allowfullscreen><\/iframe><\/p>\n","protected":false},"excerpt":{"rendered":"<ul>\n<li>\u00a0Ultimative W\u00e4rmeleitf\u00e4higkeit<\/li>\n<li>\u00a0Nicht elektrisch leitf\u00e4hig<\/li>\n<li>\u00a0Nicht korrosiv, nicht aush\u00e4rtend &amp; ungiftig<\/li>\n<li>\u00a0Einfache Anwendung<\/li>\n<li>\u00a0Perfekt f\u00fcr RAM-Speicher, VRM &amp; SSD vom Typ M.2<\/li>\n<\/ul>\n","protected":false},"featured_media":116603,"comment_status":"closed","ping_status":"closed","template":"","meta":{"_acf_changed":false},"product_cat":[548,549,327,305,315,318],"product_tag":[562,567,553,568],"class_list":{"0":"post-121956","1":"product","2":"type-product","3":"status-publish","4":"has-post-thumbnail","6":"product_cat-award-winning-thermal-solutions-collections-de","7":"product_cat-collections-de","8":"product_cat-gamer-zubehoer","9":"product_cat-kuehlloesungen","10":"product_cat-waermeleitpads","11":"product_cat-zubehoer","12":"product_tag-accessories-de","13":"product_tag-gamer-zubehor","14":"product_tag-thermal-solution-de","15":"product_tag-thermisches-pad","16":"pa_size-0-5mm-de","17":"pa_size-1-0mm-de","18":"pa_size-1-5mm-de","19":"pa_size-2-0mm-de","20":"pa_size-3-0mm-de","21":"pa_size-value-pack-0-5mm-de","22":"pa_size-value-pack-1-0mm-de","23":"pa_size-value-pack-1-5mm-de","24":"pa_size-value-pack-2-0mm-de","25":"pa_size-value-pack-3-0mm-de","27":"first","28":"instock","29":"taxable","30":"shipping-taxable","31":"purchasable","32":"product-type-variable","33":"has-default-attributes"},"supplier_id":null,"supplier_sku":"","barcode":null,"atum_controlled":true,"out_stock_date":null,"out_stock_threshold":null,"inheritable":true,"inbound_stock":null,"stock_on_hold":0,"sold_today":0,"sales_last_days":0,"reserved_stock":null,"customer_returns":null,"warehouse_damage":null,"lost_in_post":null,"other_logs":null,"out_stock_days":0,"lost_sales":0,"has_location":false,"update_date":"2026-05-17T00:04:15","atum_locations":[],"atum_stock_status":"instock","restock_status":false,"low_stock_amount":"","sales_update_date":"2026-05-17T00:04:15","calc_backorders":null,"acf":[],"yoast_head":"<!-- This site is optimized with the Yoast SEO plugin v27.6 - https:\/\/yoast.com\/product\/yoast-seo-wordpress\/ -->\n<title>Gelid Solutions GP-ULTIMATE 90x50 W\u00e4rmeleitpad mit MB VRM-K\u00fchlk\u00f6rper kaufen<\/title>\n<meta name=\"description\" content=\"Gelid Solutions GP-Ultimate 90x50 Thermal Pad wurde entwickelt, um die VRM-Komponenten auf dem Motherboard zu k\u00fchlen. Und um einen perfekten thermischen Kontakt zu den K\u00fchlk\u00f6rpern herzustellen.\" \/>\n<meta name=\"robots\" content=\"index, follow, max-snippet:-1, max-image-preview:large, max-video-preview:-1\" \/>\n<link rel=\"canonical\" href=\"https:\/\/gelidsolutions.com\/de\/produkt\/gp-ultimate-thermal-pad-2\/\" \/>\n<meta property=\"og:locale\" content=\"de_DE\" \/>\n<meta property=\"og:type\" content=\"article\" \/>\n<meta property=\"og:title\" content=\"Gelid Solutions GP-ULTIMATE 90x50 W\u00e4rmeleitpad mit MB VRM-K\u00fchlk\u00f6rper kaufen\" \/>\n<meta property=\"og:description\" content=\"Gelid Solutions GP-Ultimate 90x50 Thermal Pad wurde entwickelt, um die VRM-Komponenten auf dem Motherboard zu k\u00fchlen. Und um einen perfekten thermischen Kontakt zu den K\u00fchlk\u00f6rpern herzustellen.\" \/>\n<meta property=\"og:url\" content=\"https:\/\/gelidsolutions.com\/de\/produkt\/gp-ultimate-thermal-pad-2\/\" \/>\n<meta property=\"og:site_name\" content=\"Gelid Solutions\" \/>\n<meta property=\"article:modified_time\" content=\"2024-03-30T09:53:13+00:00\" \/>\n<meta property=\"og:image\" content=\"https:\/\/gelidsolutions.com\/wp-content\/uploads\/2019\/10\/IMG_1496-1024x1024.png\" \/>\n\t<meta property=\"og:image:width\" content=\"1024\" \/>\n\t<meta property=\"og:image:height\" content=\"1024\" \/>\n\t<meta property=\"og:image:type\" content=\"image\/png\" \/>\n<meta name=\"twitter:card\" content=\"summary_large_image\" \/>\n<meta name=\"twitter:label1\" content=\"Gesch\u00e4tzte Lesezeit\" \/>\n\t<meta name=\"twitter:data1\" content=\"2\u00a0Minuten\" \/>\n<script type=\"application\/ld+json\" class=\"yoast-schema-graph\">{\"@context\":\"https:\\\/\\\/schema.org\",\"@graph\":[{\"@type\":\"WebPage\",\"@id\":\"https:\\\/\\\/gelidsolutions.com\\\/de\\\/produkt\\\/gp-ultimate-thermal-pad-2\\\/\",\"url\":\"https:\\\/\\\/gelidsolutions.com\\\/de\\\/produkt\\\/gp-ultimate-thermal-pad-2\\\/\",\"name\":\"Gelid Solutions GP-ULTIMATE 90x50 W\u00e4rmeleitpad mit MB VRM-K\u00fchlk\u00f6rper kaufen\",\"isPartOf\":{\"@id\":\"https:\\\/\\\/gelidsolutions.com\\\/de\\\/#website\"},\"primaryImageOfPage\":{\"@id\":\"https:\\\/\\\/gelidsolutions.com\\\/de\\\/produkt\\\/gp-ultimate-thermal-pad-2\\\/#primaryimage\"},\"image\":{\"@id\":\"https:\\\/\\\/gelidsolutions.com\\\/de\\\/produkt\\\/gp-ultimate-thermal-pad-2\\\/#primaryimage\"},\"thumbnailUrl\":\"https:\\\/\\\/gelidsolutions.com\\\/wp-content\\\/uploads\\\/2019\\\/10\\\/IMG_1496.png\",\"datePublished\":\"2019-10-28T12:06:00+00:00\",\"dateModified\":\"2024-03-30T09:53:13+00:00\",\"description\":\"Gelid Solutions GP-Ultimate 90x50 Thermal Pad wurde entwickelt, um die VRM-Komponenten auf dem Motherboard zu k\u00fchlen. Und um einen perfekten thermischen Kontakt zu den K\u00fchlk\u00f6rpern herzustellen.\",\"breadcrumb\":{\"@id\":\"https:\\\/\\\/gelidsolutions.com\\\/de\\\/produkt\\\/gp-ultimate-thermal-pad-2\\\/#breadcrumb\"},\"inLanguage\":\"de\",\"potentialAction\":[{\"@type\":\"ReadAction\",\"target\":[\"https:\\\/\\\/gelidsolutions.com\\\/de\\\/produkt\\\/gp-ultimate-thermal-pad-2\\\/\"]}]},{\"@type\":\"ImageObject\",\"inLanguage\":\"de\",\"@id\":\"https:\\\/\\\/gelidsolutions.com\\\/de\\\/produkt\\\/gp-ultimate-thermal-pad-2\\\/#primaryimage\",\"url\":\"https:\\\/\\\/gelidsolutions.com\\\/wp-content\\\/uploads\\\/2019\\\/10\\\/IMG_1496.png\",\"contentUrl\":\"https:\\\/\\\/gelidsolutions.com\\\/wp-content\\\/uploads\\\/2019\\\/10\\\/IMG_1496.png\",\"width\":2099,\"height\":2100,\"caption\":\"GP-Ultimate 90x50\"},{\"@type\":\"BreadcrumbList\",\"@id\":\"https:\\\/\\\/gelidsolutions.com\\\/de\\\/produkt\\\/gp-ultimate-thermal-pad-2\\\/#breadcrumb\",\"itemListElement\":[{\"@type\":\"ListItem\",\"position\":1,\"name\":\"Home\",\"item\":\"https:\\\/\\\/gelidsolutions.com\\\/de\\\/\"},{\"@type\":\"ListItem\",\"position\":2,\"name\":\"Shop\",\"item\":\"https:\\\/\\\/gelidsolutions.com\\\/shop\\\/\"},{\"@type\":\"ListItem\",\"position\":3,\"name\":\"Gelid GP-Ultimate 90 x 50 W\u00e4rmeleitpad\"}]},{\"@type\":\"WebSite\",\"@id\":\"https:\\\/\\\/gelidsolutions.com\\\/de\\\/#website\",\"url\":\"https:\\\/\\\/gelidsolutions.com\\\/de\\\/\",\"name\":\"Gelid Solutions\",\"description\":\"\",\"publisher\":{\"@id\":\"https:\\\/\\\/gelidsolutions.com\\\/de\\\/#organization\"},\"potentialAction\":[{\"@type\":\"SearchAction\",\"target\":{\"@type\":\"EntryPoint\",\"urlTemplate\":\"https:\\\/\\\/gelidsolutions.com\\\/de\\\/?s={search_term_string}\"},\"query-input\":{\"@type\":\"PropertyValueSpecification\",\"valueRequired\":true,\"valueName\":\"search_term_string\"}}],\"inLanguage\":\"de\"},{\"@type\":\"Organization\",\"@id\":\"https:\\\/\\\/gelidsolutions.com\\\/de\\\/#organization\",\"name\":\"Gelid Solutions\",\"url\":\"https:\\\/\\\/gelidsolutions.com\\\/de\\\/\",\"logo\":{\"@type\":\"ImageObject\",\"inLanguage\":\"de\",\"@id\":\"https:\\\/\\\/gelidsolutions.com\\\/de\\\/#\\\/schema\\\/logo\\\/image\\\/\",\"url\":\"https:\\\/\\\/gelidsolutions.com\\\/wp-content\\\/uploads\\\/2022\\\/06\\\/logo_white_104_104.gif\",\"contentUrl\":\"https:\\\/\\\/gelidsolutions.com\\\/wp-content\\\/uploads\\\/2022\\\/06\\\/logo_white_104_104.gif\",\"width\":104,\"height\":104,\"caption\":\"Gelid Solutions\"},\"image\":{\"@id\":\"https:\\\/\\\/gelidsolutions.com\\\/de\\\/#\\\/schema\\\/logo\\\/image\\\/\"}}]}<\/script>\n<!-- \/ Yoast SEO plugin. -->","yoast_head_json":{"title":"Gelid Solutions GP-ULTIMATE 90x50 W\u00e4rmeleitpad mit MB VRM-K\u00fchlk\u00f6rper kaufen","description":"Gelid Solutions GP-Ultimate 90x50 Thermal Pad wurde entwickelt, um die VRM-Komponenten auf dem Motherboard zu k\u00fchlen. Und um einen perfekten thermischen Kontakt zu den K\u00fchlk\u00f6rpern herzustellen.","robots":{"index":"index","follow":"follow","max-snippet":"max-snippet:-1","max-image-preview":"max-image-preview:large","max-video-preview":"max-video-preview:-1"},"canonical":"https:\/\/gelidsolutions.com\/de\/produkt\/gp-ultimate-thermal-pad-2\/","og_locale":"de_DE","og_type":"article","og_title":"Gelid Solutions GP-ULTIMATE 90x50 W\u00e4rmeleitpad mit MB VRM-K\u00fchlk\u00f6rper kaufen","og_description":"Gelid Solutions GP-Ultimate 90x50 Thermal Pad wurde entwickelt, um die VRM-Komponenten auf dem Motherboard zu k\u00fchlen. Und um einen perfekten thermischen Kontakt zu den K\u00fchlk\u00f6rpern herzustellen.","og_url":"https:\/\/gelidsolutions.com\/de\/produkt\/gp-ultimate-thermal-pad-2\/","og_site_name":"Gelid Solutions","article_modified_time":"2024-03-30T09:53:13+00:00","og_image":[{"width":1024,"height":1024,"url":"https:\/\/gelidsolutions.com\/wp-content\/uploads\/2019\/10\/IMG_1496-1024x1024.png","type":"image\/png"}],"twitter_card":"summary_large_image","twitter_misc":{"Gesch\u00e4tzte Lesezeit":"2\u00a0Minuten"},"schema":{"@context":"https:\/\/schema.org","@graph":[{"@type":"WebPage","@id":"https:\/\/gelidsolutions.com\/de\/produkt\/gp-ultimate-thermal-pad-2\/","url":"https:\/\/gelidsolutions.com\/de\/produkt\/gp-ultimate-thermal-pad-2\/","name":"Gelid Solutions GP-ULTIMATE 90x50 W\u00e4rmeleitpad mit MB VRM-K\u00fchlk\u00f6rper kaufen","isPartOf":{"@id":"https:\/\/gelidsolutions.com\/de\/#website"},"primaryImageOfPage":{"@id":"https:\/\/gelidsolutions.com\/de\/produkt\/gp-ultimate-thermal-pad-2\/#primaryimage"},"image":{"@id":"https:\/\/gelidsolutions.com\/de\/produkt\/gp-ultimate-thermal-pad-2\/#primaryimage"},"thumbnailUrl":"https:\/\/gelidsolutions.com\/wp-content\/uploads\/2019\/10\/IMG_1496.png","datePublished":"2019-10-28T12:06:00+00:00","dateModified":"2024-03-30T09:53:13+00:00","description":"Gelid Solutions GP-Ultimate 90x50 Thermal Pad wurde entwickelt, um die VRM-Komponenten auf dem Motherboard zu k\u00fchlen. Und um einen perfekten thermischen Kontakt zu den K\u00fchlk\u00f6rpern herzustellen.","breadcrumb":{"@id":"https:\/\/gelidsolutions.com\/de\/produkt\/gp-ultimate-thermal-pad-2\/#breadcrumb"},"inLanguage":"de","potentialAction":[{"@type":"ReadAction","target":["https:\/\/gelidsolutions.com\/de\/produkt\/gp-ultimate-thermal-pad-2\/"]}]},{"@type":"ImageObject","inLanguage":"de","@id":"https:\/\/gelidsolutions.com\/de\/produkt\/gp-ultimate-thermal-pad-2\/#primaryimage","url":"https:\/\/gelidsolutions.com\/wp-content\/uploads\/2019\/10\/IMG_1496.png","contentUrl":"https:\/\/gelidsolutions.com\/wp-content\/uploads\/2019\/10\/IMG_1496.png","width":2099,"height":2100,"caption":"GP-Ultimate 90x50"},{"@type":"BreadcrumbList","@id":"https:\/\/gelidsolutions.com\/de\/produkt\/gp-ultimate-thermal-pad-2\/#breadcrumb","itemListElement":[{"@type":"ListItem","position":1,"name":"Home","item":"https:\/\/gelidsolutions.com\/de\/"},{"@type":"ListItem","position":2,"name":"Shop","item":"https:\/\/gelidsolutions.com\/shop\/"},{"@type":"ListItem","position":3,"name":"Gelid GP-Ultimate 90 x 50 W\u00e4rmeleitpad"}]},{"@type":"WebSite","@id":"https:\/\/gelidsolutions.com\/de\/#website","url":"https:\/\/gelidsolutions.com\/de\/","name":"Gelid Solutions","description":"","publisher":{"@id":"https:\/\/gelidsolutions.com\/de\/#organization"},"potentialAction":[{"@type":"SearchAction","target":{"@type":"EntryPoint","urlTemplate":"https:\/\/gelidsolutions.com\/de\/?s={search_term_string}"},"query-input":{"@type":"PropertyValueSpecification","valueRequired":true,"valueName":"search_term_string"}}],"inLanguage":"de"},{"@type":"Organization","@id":"https:\/\/gelidsolutions.com\/de\/#organization","name":"Gelid Solutions","url":"https:\/\/gelidsolutions.com\/de\/","logo":{"@type":"ImageObject","inLanguage":"de","@id":"https:\/\/gelidsolutions.com\/de\/#\/schema\/logo\/image\/","url":"https:\/\/gelidsolutions.com\/wp-content\/uploads\/2022\/06\/logo_white_104_104.gif","contentUrl":"https:\/\/gelidsolutions.com\/wp-content\/uploads\/2022\/06\/logo_white_104_104.gif","width":104,"height":104,"caption":"Gelid Solutions"},"image":{"@id":"https:\/\/gelidsolutions.com\/de\/#\/schema\/logo\/image\/"}}]}},"_links":{"self":[{"href":"https:\/\/gelidsolutions.com\/de\/wp-json\/wp\/v2\/product\/121956","targetHints":{"allow":["GET"]}}],"collection":[{"href":"https:\/\/gelidsolutions.com\/de\/wp-json\/wp\/v2\/product"}],"about":[{"href":"https:\/\/gelidsolutions.com\/de\/wp-json\/wp\/v2\/types\/product"}],"replies":[{"embeddable":true,"href":"https:\/\/gelidsolutions.com\/de\/wp-json\/wp\/v2\/comments?post=121956"}],"wp:featuredmedia":[{"embeddable":true,"href":"https:\/\/gelidsolutions.com\/de\/wp-json\/wp\/v2\/media\/116603"}],"wp:attachment":[{"href":"https:\/\/gelidsolutions.com\/de\/wp-json\/wp\/v2\/media?parent=121956"}],"wp:term":[{"taxonomy":"product_cat","embeddable":true,"href":"https:\/\/gelidsolutions.com\/de\/wp-json\/wp\/v2\/product_cat?post=121956"},{"taxonomy":"product_tag","embeddable":true,"href":"https:\/\/gelidsolutions.com\/de\/wp-json\/wp\/v2\/product_tag?post=121956"}],"curies":[{"name":"wp","href":"https:\/\/api.w.org\/{rel}","templated":true}]}}