{"id":122082,"date":"2016-08-02T07:39:00","date_gmt":"2016-08-02T07:39:00","guid":{"rendered":"https:\/\/gelidsolutions.com\/product\/kitrev2icyvisionamdr9290290x\/"},"modified":"2022-11-30T22:25:50","modified_gmt":"2022-11-30T14:25:50","slug":"kitrev2icyvisionamdr9290290x","status":"publish","type":"product","link":"https:\/\/gelidsolutions.com\/de\/produkt\/kitrev2icyvisionamdr9290290x\/","title":{"rendered":"ICY VISION ENHANCEMENT KIT F\u00dcR AMD R9 290 \/ 290X"},"content":{"rendered":"<p><b>Enhancement KIT von Rev. 2 ICY Vision f\u00fcr AMD R9 290 \/ 290X Serie:<\/b><\/p>\n<p>&nbsp;<\/p>\n<p>&#8211; Kurzer Schraubenkopf f\u00fcr bessere Kompatibilit\u00e4t<\/p>\n<p>&#8211; Gr\u00f6\u00dfere VRM-K\u00fchlk\u00f6rper f\u00fcr verbesserte K\u00fchlleistung<\/p>\n<p>&nbsp;<\/p>\n<p><i>EAN: 4897025781085<\/i><\/p>\n<p>&nbsp;<\/p>\n","protected":false},"excerpt":{"rendered":"<p>Das Enhancement Kit wurde entwickelt, um die K\u00fchlleistung des Rev. 2 ICY Vision VGA K\u00fchlers und von Aftermarket VGA K\u00fchlern zu verbessern.<\/p>\n<p>Kompatibel mit AMD R9 290 \/ 290X VGA-Karten-Serie.<\/p>\n","protected":false},"featured_media":111526,"comment_status":"closed","ping_status":"closed","template":"","meta":{"_acf_changed":false},"product_cat":[305,320],"product_tag":[553],"class_list":{"0":"post-122082","1":"product","2":"type-product","3":"status-publish","4":"has-post-thumbnail","6":"product_cat-kuehlloesungen","7":"product_cat-zubehoer-archiv","8":"product_tag-thermal-solution-de","10":"first","11":"outofstock","12":"taxable","13":"shipping-taxable","14":"product-type-simple"},"supplier_id":null,"supplier_sku":"","barcode":null,"atum_controlled":true,"out_stock_date":null,"out_stock_threshold":null,"inheritable":false,"inbound_stock":0,"stock_on_hold":0,"sold_today":0,"sales_last_days":0,"reserved_stock":0,"customer_returns":0,"warehouse_damage":0,"lost_in_post":0,"other_logs":0,"out_stock_days":0,"lost_sales":0,"has_location":false,"update_date":"2026-04-14T00:10:22","atum_locations":[],"atum_stock_status":"outofstock","restock_status":false,"low_stock_amount":"","sales_update_date":"2026-04-14T00:10:22","calc_backorders":null,"acf":[],"yoast_head":"<!-- This site is optimized with the Yoast SEO plugin v27.3 - https:\/\/yoast.com\/product\/yoast-seo-wordpress\/ -->\n<title>ICY VISION ENHANCEMENT KIT F\u00dcR AMD R9 290 \/ 290X - Gelid Solutions<\/title>\n<meta name=\"robots\" content=\"index, follow, max-snippet:-1, max-image-preview:large, max-video-preview:-1\" \/>\n<link rel=\"canonical\" href=\"https:\/\/gelidsolutions.com\/de\/produkt\/kitrev2icyvisionamdr9290290x\/\" \/>\n<meta property=\"og:locale\" content=\"de_DE\" \/>\n<meta property=\"og:type\" content=\"article\" \/>\n<meta property=\"og:title\" content=\"ICY VISION ENHANCEMENT KIT F\u00dcR AMD R9 290 \/ 290X - Gelid Solutions\" \/>\n<meta property=\"og:description\" content=\"Das Enhancement Kit wurde entwickelt, um die K\u00fchlleistung des Rev. 2 ICY Vision VGA K\u00fchlers und von Aftermarket VGA K\u00fchlern zu verbessern. Kompatibel mit AMD R9 290 \/ 290X VGA-Karten-Serie.\" \/>\n<meta property=\"og:url\" content=\"https:\/\/gelidsolutions.com\/de\/produkt\/kitrev2icyvisionamdr9290290x\/\" \/>\n<meta property=\"og:site_name\" content=\"Gelid Solutions\" \/>\n<meta property=\"article:modified_time\" content=\"2022-11-30T14:25:50+00:00\" \/>\n<meta property=\"og:image\" content=\"https:\/\/gelidsolutions.com\/wp-content\/uploads\/2022\/05\/accessories_gamer_ENHANCEMENT_KIT_REV2_ICY_1-3-scaled.jpg\" \/>\n\t<meta property=\"og:image:width\" content=\"2560\" \/>\n\t<meta property=\"og:image:height\" content=\"1920\" \/>\n\t<meta property=\"og:image:type\" content=\"image\/jpeg\" \/>\n<meta name=\"twitter:card\" content=\"summary_large_image\" \/>\n<script type=\"application\/ld+json\" class=\"yoast-schema-graph\">{\"@context\":\"https:\\\/\\\/schema.org\",\"@graph\":[{\"@type\":\"WebPage\",\"@id\":\"https:\\\/\\\/gelidsolutions.com\\\/de\\\/produkt\\\/kitrev2icyvisionamdr9290290x\\\/\",\"url\":\"https:\\\/\\\/gelidsolutions.com\\\/de\\\/produkt\\\/kitrev2icyvisionamdr9290290x\\\/\",\"name\":\"ICY VISION ENHANCEMENT KIT F\u00dcR AMD R9 290 \\\/ 290X - Gelid Solutions\",\"isPartOf\":{\"@id\":\"https:\\\/\\\/gelidsolutions.com\\\/de\\\/#website\"},\"primaryImageOfPage\":{\"@id\":\"https:\\\/\\\/gelidsolutions.com\\\/de\\\/produkt\\\/kitrev2icyvisionamdr9290290x\\\/#primaryimage\"},\"image\":{\"@id\":\"https:\\\/\\\/gelidsolutions.com\\\/de\\\/produkt\\\/kitrev2icyvisionamdr9290290x\\\/#primaryimage\"},\"thumbnailUrl\":\"https:\\\/\\\/gelidsolutions.com\\\/wp-content\\\/uploads\\\/2022\\\/05\\\/accessories_gamer_ENHANCEMENT_KIT_REV2_ICY_1-3-scaled.jpg\",\"datePublished\":\"2016-08-02T07:39:00+00:00\",\"dateModified\":\"2022-11-30T14:25:50+00:00\",\"breadcrumb\":{\"@id\":\"https:\\\/\\\/gelidsolutions.com\\\/de\\\/produkt\\\/kitrev2icyvisionamdr9290290x\\\/#breadcrumb\"},\"inLanguage\":\"de\",\"potentialAction\":[{\"@type\":\"ReadAction\",\"target\":[\"https:\\\/\\\/gelidsolutions.com\\\/de\\\/produkt\\\/kitrev2icyvisionamdr9290290x\\\/\"]}]},{\"@type\":\"ImageObject\",\"inLanguage\":\"de\",\"@id\":\"https:\\\/\\\/gelidsolutions.com\\\/de\\\/produkt\\\/kitrev2icyvisionamdr9290290x\\\/#primaryimage\",\"url\":\"https:\\\/\\\/gelidsolutions.com\\\/wp-content\\\/uploads\\\/2022\\\/05\\\/accessories_gamer_ENHANCEMENT_KIT_REV2_ICY_1-3-scaled.jpg\",\"contentUrl\":\"https:\\\/\\\/gelidsolutions.com\\\/wp-content\\\/uploads\\\/2022\\\/05\\\/accessories_gamer_ENHANCEMENT_KIT_REV2_ICY_1-3-scaled.jpg\",\"width\":2560,\"height\":1920},{\"@type\":\"BreadcrumbList\",\"@id\":\"https:\\\/\\\/gelidsolutions.com\\\/de\\\/produkt\\\/kitrev2icyvisionamdr9290290x\\\/#breadcrumb\",\"itemListElement\":[{\"@type\":\"ListItem\",\"position\":1,\"name\":\"Home\",\"item\":\"https:\\\/\\\/gelidsolutions.com\\\/de\\\/\"},{\"@type\":\"ListItem\",\"position\":2,\"name\":\"Shop\",\"item\":\"https:\\\/\\\/gelidsolutions.com\\\/shop\\\/\"},{\"@type\":\"ListItem\",\"position\":3,\"name\":\"ICY VISION ENHANCEMENT KIT F\u00dcR AMD R9 290 \\\/ 290X\"}]},{\"@type\":\"WebSite\",\"@id\":\"https:\\\/\\\/gelidsolutions.com\\\/de\\\/#website\",\"url\":\"https:\\\/\\\/gelidsolutions.com\\\/de\\\/\",\"name\":\"Gelid Solutions\",\"description\":\"\",\"publisher\":{\"@id\":\"https:\\\/\\\/gelidsolutions.com\\\/de\\\/#organization\"},\"potentialAction\":[{\"@type\":\"SearchAction\",\"target\":{\"@type\":\"EntryPoint\",\"urlTemplate\":\"https:\\\/\\\/gelidsolutions.com\\\/de\\\/?s={search_term_string}\"},\"query-input\":{\"@type\":\"PropertyValueSpecification\",\"valueRequired\":true,\"valueName\":\"search_term_string\"}}],\"inLanguage\":\"de\"},{\"@type\":\"Organization\",\"@id\":\"https:\\\/\\\/gelidsolutions.com\\\/de\\\/#organization\",\"name\":\"Gelid Solutions\",\"url\":\"https:\\\/\\\/gelidsolutions.com\\\/de\\\/\",\"logo\":{\"@type\":\"ImageObject\",\"inLanguage\":\"de\",\"@id\":\"https:\\\/\\\/gelidsolutions.com\\\/de\\\/#\\\/schema\\\/logo\\\/image\\\/\",\"url\":\"https:\\\/\\\/gelidsolutions.com\\\/wp-content\\\/uploads\\\/2022\\\/06\\\/logo_white_104_104.gif\",\"contentUrl\":\"https:\\\/\\\/gelidsolutions.com\\\/wp-content\\\/uploads\\\/2022\\\/06\\\/logo_white_104_104.gif\",\"width\":104,\"height\":104,\"caption\":\"Gelid Solutions\"},\"image\":{\"@id\":\"https:\\\/\\\/gelidsolutions.com\\\/de\\\/#\\\/schema\\\/logo\\\/image\\\/\"}}]}<\/script>\n<!-- \/ Yoast SEO plugin. -->","yoast_head_json":{"title":"ICY VISION ENHANCEMENT KIT F\u00dcR AMD R9 290 \/ 290X - Gelid Solutions","robots":{"index":"index","follow":"follow","max-snippet":"max-snippet:-1","max-image-preview":"max-image-preview:large","max-video-preview":"max-video-preview:-1"},"canonical":"https:\/\/gelidsolutions.com\/de\/produkt\/kitrev2icyvisionamdr9290290x\/","og_locale":"de_DE","og_type":"article","og_title":"ICY VISION ENHANCEMENT KIT F\u00dcR AMD R9 290 \/ 290X - Gelid Solutions","og_description":"Das Enhancement Kit wurde entwickelt, um die K\u00fchlleistung des Rev. 2 ICY Vision VGA K\u00fchlers und von Aftermarket VGA K\u00fchlern zu verbessern. Kompatibel mit AMD R9 290 \/ 290X VGA-Karten-Serie.","og_url":"https:\/\/gelidsolutions.com\/de\/produkt\/kitrev2icyvisionamdr9290290x\/","og_site_name":"Gelid Solutions","article_modified_time":"2022-11-30T14:25:50+00:00","og_image":[{"width":2560,"height":1920,"url":"https:\/\/gelidsolutions.com\/wp-content\/uploads\/2022\/05\/accessories_gamer_ENHANCEMENT_KIT_REV2_ICY_1-3-scaled.jpg","type":"image\/jpeg"}],"twitter_card":"summary_large_image","schema":{"@context":"https:\/\/schema.org","@graph":[{"@type":"WebPage","@id":"https:\/\/gelidsolutions.com\/de\/produkt\/kitrev2icyvisionamdr9290290x\/","url":"https:\/\/gelidsolutions.com\/de\/produkt\/kitrev2icyvisionamdr9290290x\/","name":"ICY VISION ENHANCEMENT KIT F\u00dcR AMD R9 290 \/ 290X - Gelid Solutions","isPartOf":{"@id":"https:\/\/gelidsolutions.com\/de\/#website"},"primaryImageOfPage":{"@id":"https:\/\/gelidsolutions.com\/de\/produkt\/kitrev2icyvisionamdr9290290x\/#primaryimage"},"image":{"@id":"https:\/\/gelidsolutions.com\/de\/produkt\/kitrev2icyvisionamdr9290290x\/#primaryimage"},"thumbnailUrl":"https:\/\/gelidsolutions.com\/wp-content\/uploads\/2022\/05\/accessories_gamer_ENHANCEMENT_KIT_REV2_ICY_1-3-scaled.jpg","datePublished":"2016-08-02T07:39:00+00:00","dateModified":"2022-11-30T14:25:50+00:00","breadcrumb":{"@id":"https:\/\/gelidsolutions.com\/de\/produkt\/kitrev2icyvisionamdr9290290x\/#breadcrumb"},"inLanguage":"de","potentialAction":[{"@type":"ReadAction","target":["https:\/\/gelidsolutions.com\/de\/produkt\/kitrev2icyvisionamdr9290290x\/"]}]},{"@type":"ImageObject","inLanguage":"de","@id":"https:\/\/gelidsolutions.com\/de\/produkt\/kitrev2icyvisionamdr9290290x\/#primaryimage","url":"https:\/\/gelidsolutions.com\/wp-content\/uploads\/2022\/05\/accessories_gamer_ENHANCEMENT_KIT_REV2_ICY_1-3-scaled.jpg","contentUrl":"https:\/\/gelidsolutions.com\/wp-content\/uploads\/2022\/05\/accessories_gamer_ENHANCEMENT_KIT_REV2_ICY_1-3-scaled.jpg","width":2560,"height":1920},{"@type":"BreadcrumbList","@id":"https:\/\/gelidsolutions.com\/de\/produkt\/kitrev2icyvisionamdr9290290x\/#breadcrumb","itemListElement":[{"@type":"ListItem","position":1,"name":"Home","item":"https:\/\/gelidsolutions.com\/de\/"},{"@type":"ListItem","position":2,"name":"Shop","item":"https:\/\/gelidsolutions.com\/shop\/"},{"@type":"ListItem","position":3,"name":"ICY VISION ENHANCEMENT KIT F\u00dcR AMD R9 290 \/ 290X"}]},{"@type":"WebSite","@id":"https:\/\/gelidsolutions.com\/de\/#website","url":"https:\/\/gelidsolutions.com\/de\/","name":"Gelid Solutions","description":"","publisher":{"@id":"https:\/\/gelidsolutions.com\/de\/#organization"},"potentialAction":[{"@type":"SearchAction","target":{"@type":"EntryPoint","urlTemplate":"https:\/\/gelidsolutions.com\/de\/?s={search_term_string}"},"query-input":{"@type":"PropertyValueSpecification","valueRequired":true,"valueName":"search_term_string"}}],"inLanguage":"de"},{"@type":"Organization","@id":"https:\/\/gelidsolutions.com\/de\/#organization","name":"Gelid Solutions","url":"https:\/\/gelidsolutions.com\/de\/","logo":{"@type":"ImageObject","inLanguage":"de","@id":"https:\/\/gelidsolutions.com\/de\/#\/schema\/logo\/image\/","url":"https:\/\/gelidsolutions.com\/wp-content\/uploads\/2022\/06\/logo_white_104_104.gif","contentUrl":"https:\/\/gelidsolutions.com\/wp-content\/uploads\/2022\/06\/logo_white_104_104.gif","width":104,"height":104,"caption":"Gelid Solutions"},"image":{"@id":"https:\/\/gelidsolutions.com\/de\/#\/schema\/logo\/image\/"}}]}},"_links":{"self":[{"href":"https:\/\/gelidsolutions.com\/de\/wp-json\/wp\/v2\/product\/122082","targetHints":{"allow":["GET"]}}],"collection":[{"href":"https:\/\/gelidsolutions.com\/de\/wp-json\/wp\/v2\/product"}],"about":[{"href":"https:\/\/gelidsolutions.com\/de\/wp-json\/wp\/v2\/types\/product"}],"replies":[{"embeddable":true,"href":"https:\/\/gelidsolutions.com\/de\/wp-json\/wp\/v2\/comments?post=122082"}],"wp:featuredmedia":[{"embeddable":true,"href":"https:\/\/gelidsolutions.com\/de\/wp-json\/wp\/v2\/media\/111526"}],"wp:attachment":[{"href":"https:\/\/gelidsolutions.com\/de\/wp-json\/wp\/v2\/media?parent=122082"}],"wp:term":[{"taxonomy":"product_cat","embeddable":true,"href":"https:\/\/gelidsolutions.com\/de\/wp-json\/wp\/v2\/product_cat?post=122082"},{"taxonomy":"product_tag","embeddable":true,"href":"https:\/\/gelidsolutions.com\/de\/wp-json\/wp\/v2\/product_tag?post=122082"}],"curies":[{"name":"wp","href":"https:\/\/api.w.org\/{rel}","templated":true}]}}