{"id":122099,"date":"2016-08-02T07:29:00","date_gmt":"2016-08-02T07:29:00","guid":{"rendered":"https:\/\/gelidsolutions.com\/product\/accessories-enhancement-kit-of-rev-2-icy-vision-for-amd-6900-series-2\/"},"modified":"2022-11-30T22:27:06","modified_gmt":"2022-11-30T14:27:06","slug":"zubehor-erweiterungssatz-von-rev-2-icy-vision-fur-amd-6900-serie","status":"publish","type":"product","link":"https:\/\/gelidsolutions.com\/de\/produkt\/zubehor-erweiterungssatz-von-rev-2-icy-vision-fur-amd-6900-serie\/","title":{"rendered":"ICY VISION ENHANCEMENT KIT F\u00dcR AMD 6900 SERIE"},"content":{"rendered":"<p><i><b>Enhancement KIT von Rev. 2 ICY Vision f\u00fcr AMD6900 Serie (erste Ausgabe):<\/b><\/i><\/p>\n<p>&#8211; Erweitern Sie die Kompatibilit\u00e4t von Rev. 2 Icy Vision auf die AMD HD6900 Serie<\/p>\n<p>&#8211; Kurzer Schraubenkopf f\u00fcr bessere Kompatibilit\u00e4t<\/p>\n<p>&#8211; Inkl. gr\u00f6\u00dfere VRM-K\u00fchlk\u00f6rper f\u00fcr bessere K\u00fchlleistung<\/p>\n<p>&nbsp;<\/p>\n<p>Das Enhancement Kit unterst\u00fctzt nur die erste Edition (Version 1) der AMD HD 6900 Serie:<\/p>\n<p><img loading=\"lazy\" decoding=\"async\" src=\"https:\/\/gelidsolutions.com\/clients\/gelid\/userfiles\/image\/VRM_480.gif\" alt=\"\" width=\"480\" height=\"187\" border=\"0\"><\/p>\n<p>&nbsp;<\/p>\n","protected":false},"excerpt":{"rendered":"<p>Mit dem Enhancement KIT kann der ICY Vision VGA-K\u00fchler Rev. 2 f\u00fcr Karten der AMD HD6900 (first edition) Serie verwendet werden.<\/p>\n","protected":false},"featured_media":111595,"comment_status":"closed","ping_status":"closed","template":"","meta":{"_acf_changed":false},"product_cat":[313,320],"product_tag":[562,567,553],"class_list":{"0":"post-122099","1":"product","2":"type-product","3":"status-publish","4":"has-post-thumbnail","6":"product_cat-archiv","7":"product_cat-zubehoer-archiv","8":"product_tag-accessories-de","9":"product_tag-gamer-zubehor","10":"product_tag-thermal-solution-de","12":"first","13":"outofstock","14":"taxable","15":"shipping-taxable","16":"purchasable","17":"product-type-simple"},"supplier_id":null,"supplier_sku":"","barcode":null,"atum_controlled":true,"out_stock_date":null,"out_stock_threshold":null,"inheritable":false,"inbound_stock":0,"stock_on_hold":0,"sold_today":0,"sales_last_days":0,"reserved_stock":0,"customer_returns":0,"warehouse_damage":0,"lost_in_post":0,"other_logs":0,"out_stock_days":0,"lost_sales":0,"has_location":false,"update_date":"2026-04-26T01:10:19","atum_locations":[],"atum_stock_status":"outofstock","restock_status":false,"low_stock_amount":"","sales_update_date":"2026-04-26T01:10:19","calc_backorders":null,"acf":[],"yoast_head":"<!-- This site is optimized with the Yoast SEO plugin v27.4 - https:\/\/yoast.com\/product\/yoast-seo-wordpress\/ -->\n<title>ICY VISION ENHANCEMENT KIT F\u00dcR AMD 6900 SERIE - Gelid Solutions<\/title>\n<meta name=\"robots\" content=\"index, follow, max-snippet:-1, max-image-preview:large, max-video-preview:-1\" \/>\n<link rel=\"canonical\" href=\"https:\/\/gelidsolutions.com\/de\/produkt\/zubehor-erweiterungssatz-von-rev-2-icy-vision-fur-amd-6900-serie\/\" \/>\n<meta property=\"og:locale\" content=\"de_DE\" \/>\n<meta property=\"og:type\" content=\"article\" \/>\n<meta property=\"og:title\" content=\"ICY VISION ENHANCEMENT KIT F\u00dcR AMD 6900 SERIE - Gelid Solutions\" \/>\n<meta property=\"og:description\" content=\"Mit dem Enhancement KIT kann der ICY Vision VGA-K\u00fchler Rev. 2 f\u00fcr Karten der AMD HD6900 (first edition) Serie verwendet werden.\" \/>\n<meta property=\"og:url\" content=\"https:\/\/gelidsolutions.com\/de\/produkt\/zubehor-erweiterungssatz-von-rev-2-icy-vision-fur-amd-6900-serie\/\" \/>\n<meta property=\"og:site_name\" content=\"Gelid Solutions\" \/>\n<meta property=\"article:modified_time\" content=\"2022-11-30T14:27:06+00:00\" \/>\n<meta property=\"og:image\" content=\"https:\/\/gelidsolutions.com\/wp-content\/uploads\/2022\/05\/accessories_gamer_ENHANCEMENT_KIT_REV2_ICY_VISION_AMD_6900_1.gif\" \/>\n\t<meta property=\"og:image:width\" content=\"600\" \/>\n\t<meta property=\"og:image:height\" content=\"400\" \/>\n\t<meta property=\"og:image:type\" content=\"image\/gif\" \/>\n<meta name=\"twitter:card\" content=\"summary_large_image\" \/>\n<script type=\"application\/ld+json\" class=\"yoast-schema-graph\">{\"@context\":\"https:\\\/\\\/schema.org\",\"@graph\":[{\"@type\":\"WebPage\",\"@id\":\"https:\\\/\\\/gelidsolutions.com\\\/de\\\/produkt\\\/zubehor-erweiterungssatz-von-rev-2-icy-vision-fur-amd-6900-serie\\\/\",\"url\":\"https:\\\/\\\/gelidsolutions.com\\\/de\\\/produkt\\\/zubehor-erweiterungssatz-von-rev-2-icy-vision-fur-amd-6900-serie\\\/\",\"name\":\"ICY VISION ENHANCEMENT KIT F\u00dcR AMD 6900 SERIE - Gelid Solutions\",\"isPartOf\":{\"@id\":\"https:\\\/\\\/gelidsolutions.com\\\/de\\\/#website\"},\"primaryImageOfPage\":{\"@id\":\"https:\\\/\\\/gelidsolutions.com\\\/de\\\/produkt\\\/zubehor-erweiterungssatz-von-rev-2-icy-vision-fur-amd-6900-serie\\\/#primaryimage\"},\"image\":{\"@id\":\"https:\\\/\\\/gelidsolutions.com\\\/de\\\/produkt\\\/zubehor-erweiterungssatz-von-rev-2-icy-vision-fur-amd-6900-serie\\\/#primaryimage\"},\"thumbnailUrl\":\"https:\\\/\\\/gelidsolutions.com\\\/wp-content\\\/uploads\\\/2022\\\/05\\\/accessories_gamer_ENHANCEMENT_KIT_REV2_ICY_VISION_AMD_6900_1.gif\",\"datePublished\":\"2016-08-02T07:29:00+00:00\",\"dateModified\":\"2022-11-30T14:27:06+00:00\",\"breadcrumb\":{\"@id\":\"https:\\\/\\\/gelidsolutions.com\\\/de\\\/produkt\\\/zubehor-erweiterungssatz-von-rev-2-icy-vision-fur-amd-6900-serie\\\/#breadcrumb\"},\"inLanguage\":\"de\",\"potentialAction\":[{\"@type\":\"ReadAction\",\"target\":[\"https:\\\/\\\/gelidsolutions.com\\\/de\\\/produkt\\\/zubehor-erweiterungssatz-von-rev-2-icy-vision-fur-amd-6900-serie\\\/\"]}]},{\"@type\":\"ImageObject\",\"inLanguage\":\"de\",\"@id\":\"https:\\\/\\\/gelidsolutions.com\\\/de\\\/produkt\\\/zubehor-erweiterungssatz-von-rev-2-icy-vision-fur-amd-6900-serie\\\/#primaryimage\",\"url\":\"https:\\\/\\\/gelidsolutions.com\\\/wp-content\\\/uploads\\\/2022\\\/05\\\/accessories_gamer_ENHANCEMENT_KIT_REV2_ICY_VISION_AMD_6900_1.gif\",\"contentUrl\":\"https:\\\/\\\/gelidsolutions.com\\\/wp-content\\\/uploads\\\/2022\\\/05\\\/accessories_gamer_ENHANCEMENT_KIT_REV2_ICY_VISION_AMD_6900_1.gif\",\"width\":600,\"height\":400},{\"@type\":\"BreadcrumbList\",\"@id\":\"https:\\\/\\\/gelidsolutions.com\\\/de\\\/produkt\\\/zubehor-erweiterungssatz-von-rev-2-icy-vision-fur-amd-6900-serie\\\/#breadcrumb\",\"itemListElement\":[{\"@type\":\"ListItem\",\"position\":1,\"name\":\"Home\",\"item\":\"https:\\\/\\\/gelidsolutions.com\\\/de\\\/\"},{\"@type\":\"ListItem\",\"position\":2,\"name\":\"Shop\",\"item\":\"https:\\\/\\\/gelidsolutions.com\\\/shop\\\/\"},{\"@type\":\"ListItem\",\"position\":3,\"name\":\"ICY VISION ENHANCEMENT KIT F\u00dcR AMD 6900 SERIE\"}]},{\"@type\":\"WebSite\",\"@id\":\"https:\\\/\\\/gelidsolutions.com\\\/de\\\/#website\",\"url\":\"https:\\\/\\\/gelidsolutions.com\\\/de\\\/\",\"name\":\"Gelid Solutions\",\"description\":\"\",\"publisher\":{\"@id\":\"https:\\\/\\\/gelidsolutions.com\\\/de\\\/#organization\"},\"potentialAction\":[{\"@type\":\"SearchAction\",\"target\":{\"@type\":\"EntryPoint\",\"urlTemplate\":\"https:\\\/\\\/gelidsolutions.com\\\/de\\\/?s={search_term_string}\"},\"query-input\":{\"@type\":\"PropertyValueSpecification\",\"valueRequired\":true,\"valueName\":\"search_term_string\"}}],\"inLanguage\":\"de\"},{\"@type\":\"Organization\",\"@id\":\"https:\\\/\\\/gelidsolutions.com\\\/de\\\/#organization\",\"name\":\"Gelid Solutions\",\"url\":\"https:\\\/\\\/gelidsolutions.com\\\/de\\\/\",\"logo\":{\"@type\":\"ImageObject\",\"inLanguage\":\"de\",\"@id\":\"https:\\\/\\\/gelidsolutions.com\\\/de\\\/#\\\/schema\\\/logo\\\/image\\\/\",\"url\":\"https:\\\/\\\/gelidsolutions.com\\\/wp-content\\\/uploads\\\/2022\\\/06\\\/logo_white_104_104.gif\",\"contentUrl\":\"https:\\\/\\\/gelidsolutions.com\\\/wp-content\\\/uploads\\\/2022\\\/06\\\/logo_white_104_104.gif\",\"width\":104,\"height\":104,\"caption\":\"Gelid Solutions\"},\"image\":{\"@id\":\"https:\\\/\\\/gelidsolutions.com\\\/de\\\/#\\\/schema\\\/logo\\\/image\\\/\"}}]}<\/script>\n<!-- \/ Yoast SEO plugin. -->","yoast_head_json":{"title":"ICY VISION ENHANCEMENT KIT F\u00dcR AMD 6900 SERIE - Gelid Solutions","robots":{"index":"index","follow":"follow","max-snippet":"max-snippet:-1","max-image-preview":"max-image-preview:large","max-video-preview":"max-video-preview:-1"},"canonical":"https:\/\/gelidsolutions.com\/de\/produkt\/zubehor-erweiterungssatz-von-rev-2-icy-vision-fur-amd-6900-serie\/","og_locale":"de_DE","og_type":"article","og_title":"ICY VISION ENHANCEMENT KIT F\u00dcR AMD 6900 SERIE - Gelid Solutions","og_description":"Mit dem Enhancement KIT kann der ICY Vision VGA-K\u00fchler Rev. 2 f\u00fcr Karten der AMD HD6900 (first edition) Serie verwendet werden.","og_url":"https:\/\/gelidsolutions.com\/de\/produkt\/zubehor-erweiterungssatz-von-rev-2-icy-vision-fur-amd-6900-serie\/","og_site_name":"Gelid Solutions","article_modified_time":"2022-11-30T14:27:06+00:00","og_image":[{"width":600,"height":400,"url":"https:\/\/gelidsolutions.com\/wp-content\/uploads\/2022\/05\/accessories_gamer_ENHANCEMENT_KIT_REV2_ICY_VISION_AMD_6900_1.gif","type":"image\/gif"}],"twitter_card":"summary_large_image","schema":{"@context":"https:\/\/schema.org","@graph":[{"@type":"WebPage","@id":"https:\/\/gelidsolutions.com\/de\/produkt\/zubehor-erweiterungssatz-von-rev-2-icy-vision-fur-amd-6900-serie\/","url":"https:\/\/gelidsolutions.com\/de\/produkt\/zubehor-erweiterungssatz-von-rev-2-icy-vision-fur-amd-6900-serie\/","name":"ICY VISION ENHANCEMENT KIT F\u00dcR AMD 6900 SERIE - Gelid Solutions","isPartOf":{"@id":"https:\/\/gelidsolutions.com\/de\/#website"},"primaryImageOfPage":{"@id":"https:\/\/gelidsolutions.com\/de\/produkt\/zubehor-erweiterungssatz-von-rev-2-icy-vision-fur-amd-6900-serie\/#primaryimage"},"image":{"@id":"https:\/\/gelidsolutions.com\/de\/produkt\/zubehor-erweiterungssatz-von-rev-2-icy-vision-fur-amd-6900-serie\/#primaryimage"},"thumbnailUrl":"https:\/\/gelidsolutions.com\/wp-content\/uploads\/2022\/05\/accessories_gamer_ENHANCEMENT_KIT_REV2_ICY_VISION_AMD_6900_1.gif","datePublished":"2016-08-02T07:29:00+00:00","dateModified":"2022-11-30T14:27:06+00:00","breadcrumb":{"@id":"https:\/\/gelidsolutions.com\/de\/produkt\/zubehor-erweiterungssatz-von-rev-2-icy-vision-fur-amd-6900-serie\/#breadcrumb"},"inLanguage":"de","potentialAction":[{"@type":"ReadAction","target":["https:\/\/gelidsolutions.com\/de\/produkt\/zubehor-erweiterungssatz-von-rev-2-icy-vision-fur-amd-6900-serie\/"]}]},{"@type":"ImageObject","inLanguage":"de","@id":"https:\/\/gelidsolutions.com\/de\/produkt\/zubehor-erweiterungssatz-von-rev-2-icy-vision-fur-amd-6900-serie\/#primaryimage","url":"https:\/\/gelidsolutions.com\/wp-content\/uploads\/2022\/05\/accessories_gamer_ENHANCEMENT_KIT_REV2_ICY_VISION_AMD_6900_1.gif","contentUrl":"https:\/\/gelidsolutions.com\/wp-content\/uploads\/2022\/05\/accessories_gamer_ENHANCEMENT_KIT_REV2_ICY_VISION_AMD_6900_1.gif","width":600,"height":400},{"@type":"BreadcrumbList","@id":"https:\/\/gelidsolutions.com\/de\/produkt\/zubehor-erweiterungssatz-von-rev-2-icy-vision-fur-amd-6900-serie\/#breadcrumb","itemListElement":[{"@type":"ListItem","position":1,"name":"Home","item":"https:\/\/gelidsolutions.com\/de\/"},{"@type":"ListItem","position":2,"name":"Shop","item":"https:\/\/gelidsolutions.com\/shop\/"},{"@type":"ListItem","position":3,"name":"ICY VISION ENHANCEMENT KIT F\u00dcR AMD 6900 SERIE"}]},{"@type":"WebSite","@id":"https:\/\/gelidsolutions.com\/de\/#website","url":"https:\/\/gelidsolutions.com\/de\/","name":"Gelid Solutions","description":"","publisher":{"@id":"https:\/\/gelidsolutions.com\/de\/#organization"},"potentialAction":[{"@type":"SearchAction","target":{"@type":"EntryPoint","urlTemplate":"https:\/\/gelidsolutions.com\/de\/?s={search_term_string}"},"query-input":{"@type":"PropertyValueSpecification","valueRequired":true,"valueName":"search_term_string"}}],"inLanguage":"de"},{"@type":"Organization","@id":"https:\/\/gelidsolutions.com\/de\/#organization","name":"Gelid Solutions","url":"https:\/\/gelidsolutions.com\/de\/","logo":{"@type":"ImageObject","inLanguage":"de","@id":"https:\/\/gelidsolutions.com\/de\/#\/schema\/logo\/image\/","url":"https:\/\/gelidsolutions.com\/wp-content\/uploads\/2022\/06\/logo_white_104_104.gif","contentUrl":"https:\/\/gelidsolutions.com\/wp-content\/uploads\/2022\/06\/logo_white_104_104.gif","width":104,"height":104,"caption":"Gelid Solutions"},"image":{"@id":"https:\/\/gelidsolutions.com\/de\/#\/schema\/logo\/image\/"}}]}},"_links":{"self":[{"href":"https:\/\/gelidsolutions.com\/de\/wp-json\/wp\/v2\/product\/122099","targetHints":{"allow":["GET"]}}],"collection":[{"href":"https:\/\/gelidsolutions.com\/de\/wp-json\/wp\/v2\/product"}],"about":[{"href":"https:\/\/gelidsolutions.com\/de\/wp-json\/wp\/v2\/types\/product"}],"replies":[{"embeddable":true,"href":"https:\/\/gelidsolutions.com\/de\/wp-json\/wp\/v2\/comments?post=122099"}],"wp:featuredmedia":[{"embeddable":true,"href":"https:\/\/gelidsolutions.com\/de\/wp-json\/wp\/v2\/media\/111595"}],"wp:attachment":[{"href":"https:\/\/gelidsolutions.com\/de\/wp-json\/wp\/v2\/media?parent=122099"}],"wp:term":[{"taxonomy":"product_cat","embeddable":true,"href":"https:\/\/gelidsolutions.com\/de\/wp-json\/wp\/v2\/product_cat?post=122099"},{"taxonomy":"product_tag","embeddable":true,"href":"https:\/\/gelidsolutions.com\/de\/wp-json\/wp\/v2\/product_tag?post=122099"}],"curies":[{"name":"wp","href":"https:\/\/api.w.org\/{rel}","templated":true}]}}