{"id":122121,"date":"2016-08-02T06:21:00","date_gmt":"2016-08-02T06:21:00","guid":{"rendered":"https:\/\/gelidsolutions.com\/product\/cpu-cooler-slim-silence-775-2\/"},"modified":"2022-11-30T22:34:06","modified_gmt":"2022-11-30T14:34:06","slug":"cpu-kuhler-slim-silence-775","status":"publish","type":"product","link":"https:\/\/gelidsolutions.com\/de\/produkt\/cpu-kuhler-slim-silence-775\/","title":{"rendered":"SLIM SILENCE 775"},"content":{"rendered":"<p><b><i>SLIM SILENCE 775 (CC-SSilence-775) <\/i><\/b><\/p>\n<p>&nbsp;<\/p>\n<p><b><i>Anwendungen:<\/i><\/b><\/p>\n<p><b>Intel Sockel: <\/b>775<\/p>\n<p><b>CPU:<\/b> Conroe-L mit TDP von 35W, E-Serie Celeron mit TDP bis zu 65W bei guter Geh\u00e4usebel\u00fcftung, Dual &#8211; Core mit TDP bis zu 65W bei guter Geh\u00e4usebel\u00fcftung, Core 2 Duo mit TDP bis zu 65W bei guter Geh\u00e4usebel\u00fcftung<\/p>\n<p><b>Unterst\u00fctzt Motherboard-Typen<\/b>: Mini ITX, Micro ATX, ATX<\/p>\n<p>&nbsp;<\/p>\n<p><i><a href=\"https:\/\/gelidsolutions.com\/product-pdf\/guides\/installation_manual_intel_A5_r1.pdf\" target=\"_blank\" rel=\"noopener\"><em>*Bitte pr\u00fcfen Sie das Installationshandbuch und die Zeichnung mit den Gr\u00f6\u00dfenbeschr\u00e4nkungen.<\/em><\/a><\/i><i><\/i><\/p>\n<p>&nbsp;<\/p>\n<p><em>Alle Marken und Warenzeichen sind das Eigentum ihrer jeweiligen Inhaber.<\/em><\/p>\n<p>&nbsp;<\/p>\n<p><b>Kompaktes K\u00fchlk\u00f6rperdesign<\/b> f\u00fcr Mini ITX, Micro ATX, ATX*, HTPC, Pannel PC, Car PC &amp; 1U Server<br \/>\nMaximale K\u00fchlk\u00f6rperh\u00f6he von nur 28 mm, um in die meisten schlanken Low-Profile-Geh\u00e4use zu passen, ohne dass es zu Konflikten mit dem Geh\u00e4use kommt.<\/p>\n<p>&nbsp;<\/p>\n<p><strong>Hochwertige gesinterte Heatpipe<br \/>\n<\/strong>Erm\u00f6glicht eine effizientere und schnellere W\u00e4rme\u00fcbertragung vom Kern zu den Aluminiumlamellen.<\/p>\n<p>&nbsp;<\/p>\n<p><b>Optimiertes L\u00fcfterdesign mit PWM-gesteuertem L\u00fcfter<\/b><br \/>\nIntegrierter, rahmenloser 75-mm-L\u00fcfter mit Kugellager und PWM-Steuerung zur Minimierung des Ger\u00e4uschpegels bei gleichzeitiger Bereitstellung eines ausreichenden Luftstroms f\u00fcr die CPU-K\u00fchlung unter Last und f\u00fcr eine lange Lebensdauer in Umgebungen mit hohen Temperaturen.<\/p>\n<p>&nbsp;<\/p>\n","protected":false},"excerpt":{"rendered":"<ul>\n<li>  1U K\u00fchler H\u00f6he (28mm)<\/li>\n<li>  High Performance Heatpipe<\/li>\n<li>  Leiser PWM-L\u00fcfter<\/li>\n<li>  Kugellager<\/li>\n<li>  Hoher Luftstrom<\/li>\n<\/ul>\n","protected":false},"featured_media":108312,"comment_status":"closed","ping_status":"closed","template":"","meta":{"_acf_changed":false},"product_cat":[313,591],"product_tag":[559,560,553],"class_list":{"0":"post-122121","1":"product","2":"type-product","3":"status-publish","4":"has-post-thumbnail","6":"product_cat-archiv","7":"product_cat-silent-cpu-cooler-archive-product-archive-de","8":"product_tag-cpu-kuhler","9":"product_tag-leiser-cpu-kuhler","10":"product_tag-thermal-solution-de","12":"first","13":"outofstock","14":"taxable","15":"shipping-taxable","16":"purchasable","17":"product-type-simple"},"supplier_id":null,"supplier_sku":"CC-SSilence-775","barcode":null,"atum_controlled":true,"out_stock_date":"2022-07-12 14:17:59","out_stock_threshold":null,"inheritable":false,"inbound_stock":null,"stock_on_hold":0,"sold_today":0,"sales_last_days":0,"reserved_stock":null,"customer_returns":null,"warehouse_damage":null,"lost_in_post":null,"other_logs":null,"out_stock_days":1391,"lost_sales":0,"has_location":false,"update_date":"2026-05-04T01:14:16","atum_locations":[],"atum_stock_status":"outofstock","restock_status":false,"low_stock_amount":"","sales_update_date":"2026-05-04T01:14:16","calc_backorders":null,"acf":[],"yoast_head":"<!-- This site is optimized with the Yoast SEO plugin v27.5 - https:\/\/yoast.com\/product\/yoast-seo-wordpress\/ -->\n<title>SLIM SILENCE 775 - Gelid Solutions<\/title>\n<meta name=\"robots\" content=\"index, follow, max-snippet:-1, max-image-preview:large, max-video-preview:-1\" \/>\n<link rel=\"canonical\" href=\"https:\/\/gelidsolutions.com\/de\/produkt\/cpu-kuhler-slim-silence-775\/\" \/>\n<meta property=\"og:locale\" content=\"de_DE\" \/>\n<meta property=\"og:type\" content=\"article\" \/>\n<meta property=\"og:title\" content=\"SLIM SILENCE 775 - Gelid Solutions\" \/>\n<meta property=\"og:description\" content=\"1U K\u00fchler H\u00f6he (28mm)   High Performance Heatpipe   Leiser PWM-L\u00fcfter   Kugellager   Hoher Luftstrom\" \/>\n<meta property=\"og:url\" content=\"https:\/\/gelidsolutions.com\/de\/produkt\/cpu-kuhler-slim-silence-775\/\" \/>\n<meta property=\"og:site_name\" content=\"Gelid Solutions\" \/>\n<meta property=\"article:modified_time\" content=\"2022-11-30T14:34:06+00:00\" \/>\n<meta property=\"og:image\" content=\"https:\/\/gelidsolutions.com\/wp-content\/uploads\/2022\/05\/cpu_cooler_silent_SLIM_SILENCE_775_1.jpg\" \/>\n\t<meta property=\"og:image:width\" content=\"600\" \/>\n\t<meta property=\"og:image:height\" content=\"400\" \/>\n\t<meta property=\"og:image:type\" content=\"image\/jpeg\" \/>\n<meta name=\"twitter:card\" content=\"summary_large_image\" \/>\n<meta name=\"twitter:label1\" content=\"Gesch\u00e4tzte Lesezeit\" \/>\n\t<meta name=\"twitter:data1\" content=\"1\u00a0Minute\" \/>\n<script type=\"application\/ld+json\" class=\"yoast-schema-graph\">{\"@context\":\"https:\\\/\\\/schema.org\",\"@graph\":[{\"@type\":\"WebPage\",\"@id\":\"https:\\\/\\\/gelidsolutions.com\\\/de\\\/produkt\\\/cpu-kuhler-slim-silence-775\\\/\",\"url\":\"https:\\\/\\\/gelidsolutions.com\\\/de\\\/produkt\\\/cpu-kuhler-slim-silence-775\\\/\",\"name\":\"SLIM SILENCE 775 - Gelid Solutions\",\"isPartOf\":{\"@id\":\"https:\\\/\\\/gelidsolutions.com\\\/de\\\/#website\"},\"primaryImageOfPage\":{\"@id\":\"https:\\\/\\\/gelidsolutions.com\\\/de\\\/produkt\\\/cpu-kuhler-slim-silence-775\\\/#primaryimage\"},\"image\":{\"@id\":\"https:\\\/\\\/gelidsolutions.com\\\/de\\\/produkt\\\/cpu-kuhler-slim-silence-775\\\/#primaryimage\"},\"thumbnailUrl\":\"https:\\\/\\\/gelidsolutions.com\\\/wp-content\\\/uploads\\\/2022\\\/05\\\/cpu_cooler_silent_SLIM_SILENCE_775_1.jpg\",\"datePublished\":\"2016-08-02T06:21:00+00:00\",\"dateModified\":\"2022-11-30T14:34:06+00:00\",\"breadcrumb\":{\"@id\":\"https:\\\/\\\/gelidsolutions.com\\\/de\\\/produkt\\\/cpu-kuhler-slim-silence-775\\\/#breadcrumb\"},\"inLanguage\":\"de\",\"potentialAction\":[{\"@type\":\"ReadAction\",\"target\":[\"https:\\\/\\\/gelidsolutions.com\\\/de\\\/produkt\\\/cpu-kuhler-slim-silence-775\\\/\"]}]},{\"@type\":\"ImageObject\",\"inLanguage\":\"de\",\"@id\":\"https:\\\/\\\/gelidsolutions.com\\\/de\\\/produkt\\\/cpu-kuhler-slim-silence-775\\\/#primaryimage\",\"url\":\"https:\\\/\\\/gelidsolutions.com\\\/wp-content\\\/uploads\\\/2022\\\/05\\\/cpu_cooler_silent_SLIM_SILENCE_775_1.jpg\",\"contentUrl\":\"https:\\\/\\\/gelidsolutions.com\\\/wp-content\\\/uploads\\\/2022\\\/05\\\/cpu_cooler_silent_SLIM_SILENCE_775_1.jpg\",\"width\":600,\"height\":400},{\"@type\":\"BreadcrumbList\",\"@id\":\"https:\\\/\\\/gelidsolutions.com\\\/de\\\/produkt\\\/cpu-kuhler-slim-silence-775\\\/#breadcrumb\",\"itemListElement\":[{\"@type\":\"ListItem\",\"position\":1,\"name\":\"Home\",\"item\":\"https:\\\/\\\/gelidsolutions.com\\\/de\\\/\"},{\"@type\":\"ListItem\",\"position\":2,\"name\":\"Shop\",\"item\":\"https:\\\/\\\/gelidsolutions.com\\\/shop\\\/\"},{\"@type\":\"ListItem\",\"position\":3,\"name\":\"SLIM SILENCE 775\"}]},{\"@type\":\"WebSite\",\"@id\":\"https:\\\/\\\/gelidsolutions.com\\\/de\\\/#website\",\"url\":\"https:\\\/\\\/gelidsolutions.com\\\/de\\\/\",\"name\":\"Gelid Solutions\",\"description\":\"\",\"publisher\":{\"@id\":\"https:\\\/\\\/gelidsolutions.com\\\/de\\\/#organization\"},\"potentialAction\":[{\"@type\":\"SearchAction\",\"target\":{\"@type\":\"EntryPoint\",\"urlTemplate\":\"https:\\\/\\\/gelidsolutions.com\\\/de\\\/?s={search_term_string}\"},\"query-input\":{\"@type\":\"PropertyValueSpecification\",\"valueRequired\":true,\"valueName\":\"search_term_string\"}}],\"inLanguage\":\"de\"},{\"@type\":\"Organization\",\"@id\":\"https:\\\/\\\/gelidsolutions.com\\\/de\\\/#organization\",\"name\":\"Gelid Solutions\",\"url\":\"https:\\\/\\\/gelidsolutions.com\\\/de\\\/\",\"logo\":{\"@type\":\"ImageObject\",\"inLanguage\":\"de\",\"@id\":\"https:\\\/\\\/gelidsolutions.com\\\/de\\\/#\\\/schema\\\/logo\\\/image\\\/\",\"url\":\"https:\\\/\\\/gelidsolutions.com\\\/wp-content\\\/uploads\\\/2022\\\/06\\\/logo_white_104_104.gif\",\"contentUrl\":\"https:\\\/\\\/gelidsolutions.com\\\/wp-content\\\/uploads\\\/2022\\\/06\\\/logo_white_104_104.gif\",\"width\":104,\"height\":104,\"caption\":\"Gelid Solutions\"},\"image\":{\"@id\":\"https:\\\/\\\/gelidsolutions.com\\\/de\\\/#\\\/schema\\\/logo\\\/image\\\/\"}}]}<\/script>\n<!-- \/ Yoast SEO plugin. -->","yoast_head_json":{"title":"SLIM SILENCE 775 - Gelid Solutions","robots":{"index":"index","follow":"follow","max-snippet":"max-snippet:-1","max-image-preview":"max-image-preview:large","max-video-preview":"max-video-preview:-1"},"canonical":"https:\/\/gelidsolutions.com\/de\/produkt\/cpu-kuhler-slim-silence-775\/","og_locale":"de_DE","og_type":"article","og_title":"SLIM SILENCE 775 - Gelid Solutions","og_description":"1U K\u00fchler H\u00f6he (28mm)   High Performance Heatpipe   Leiser PWM-L\u00fcfter   Kugellager   Hoher Luftstrom","og_url":"https:\/\/gelidsolutions.com\/de\/produkt\/cpu-kuhler-slim-silence-775\/","og_site_name":"Gelid Solutions","article_modified_time":"2022-11-30T14:34:06+00:00","og_image":[{"width":600,"height":400,"url":"https:\/\/gelidsolutions.com\/wp-content\/uploads\/2022\/05\/cpu_cooler_silent_SLIM_SILENCE_775_1.jpg","type":"image\/jpeg"}],"twitter_card":"summary_large_image","twitter_misc":{"Gesch\u00e4tzte Lesezeit":"1\u00a0Minute"},"schema":{"@context":"https:\/\/schema.org","@graph":[{"@type":"WebPage","@id":"https:\/\/gelidsolutions.com\/de\/produkt\/cpu-kuhler-slim-silence-775\/","url":"https:\/\/gelidsolutions.com\/de\/produkt\/cpu-kuhler-slim-silence-775\/","name":"SLIM SILENCE 775 - Gelid Solutions","isPartOf":{"@id":"https:\/\/gelidsolutions.com\/de\/#website"},"primaryImageOfPage":{"@id":"https:\/\/gelidsolutions.com\/de\/produkt\/cpu-kuhler-slim-silence-775\/#primaryimage"},"image":{"@id":"https:\/\/gelidsolutions.com\/de\/produkt\/cpu-kuhler-slim-silence-775\/#primaryimage"},"thumbnailUrl":"https:\/\/gelidsolutions.com\/wp-content\/uploads\/2022\/05\/cpu_cooler_silent_SLIM_SILENCE_775_1.jpg","datePublished":"2016-08-02T06:21:00+00:00","dateModified":"2022-11-30T14:34:06+00:00","breadcrumb":{"@id":"https:\/\/gelidsolutions.com\/de\/produkt\/cpu-kuhler-slim-silence-775\/#breadcrumb"},"inLanguage":"de","potentialAction":[{"@type":"ReadAction","target":["https:\/\/gelidsolutions.com\/de\/produkt\/cpu-kuhler-slim-silence-775\/"]}]},{"@type":"ImageObject","inLanguage":"de","@id":"https:\/\/gelidsolutions.com\/de\/produkt\/cpu-kuhler-slim-silence-775\/#primaryimage","url":"https:\/\/gelidsolutions.com\/wp-content\/uploads\/2022\/05\/cpu_cooler_silent_SLIM_SILENCE_775_1.jpg","contentUrl":"https:\/\/gelidsolutions.com\/wp-content\/uploads\/2022\/05\/cpu_cooler_silent_SLIM_SILENCE_775_1.jpg","width":600,"height":400},{"@type":"BreadcrumbList","@id":"https:\/\/gelidsolutions.com\/de\/produkt\/cpu-kuhler-slim-silence-775\/#breadcrumb","itemListElement":[{"@type":"ListItem","position":1,"name":"Home","item":"https:\/\/gelidsolutions.com\/de\/"},{"@type":"ListItem","position":2,"name":"Shop","item":"https:\/\/gelidsolutions.com\/shop\/"},{"@type":"ListItem","position":3,"name":"SLIM SILENCE 775"}]},{"@type":"WebSite","@id":"https:\/\/gelidsolutions.com\/de\/#website","url":"https:\/\/gelidsolutions.com\/de\/","name":"Gelid Solutions","description":"","publisher":{"@id":"https:\/\/gelidsolutions.com\/de\/#organization"},"potentialAction":[{"@type":"SearchAction","target":{"@type":"EntryPoint","urlTemplate":"https:\/\/gelidsolutions.com\/de\/?s={search_term_string}"},"query-input":{"@type":"PropertyValueSpecification","valueRequired":true,"valueName":"search_term_string"}}],"inLanguage":"de"},{"@type":"Organization","@id":"https:\/\/gelidsolutions.com\/de\/#organization","name":"Gelid Solutions","url":"https:\/\/gelidsolutions.com\/de\/","logo":{"@type":"ImageObject","inLanguage":"de","@id":"https:\/\/gelidsolutions.com\/de\/#\/schema\/logo\/image\/","url":"https:\/\/gelidsolutions.com\/wp-content\/uploads\/2022\/06\/logo_white_104_104.gif","contentUrl":"https:\/\/gelidsolutions.com\/wp-content\/uploads\/2022\/06\/logo_white_104_104.gif","width":104,"height":104,"caption":"Gelid Solutions"},"image":{"@id":"https:\/\/gelidsolutions.com\/de\/#\/schema\/logo\/image\/"}}]}},"_links":{"self":[{"href":"https:\/\/gelidsolutions.com\/de\/wp-json\/wp\/v2\/product\/122121","targetHints":{"allow":["GET"]}}],"collection":[{"href":"https:\/\/gelidsolutions.com\/de\/wp-json\/wp\/v2\/product"}],"about":[{"href":"https:\/\/gelidsolutions.com\/de\/wp-json\/wp\/v2\/types\/product"}],"replies":[{"embeddable":true,"href":"https:\/\/gelidsolutions.com\/de\/wp-json\/wp\/v2\/comments?post=122121"}],"wp:featuredmedia":[{"embeddable":true,"href":"https:\/\/gelidsolutions.com\/de\/wp-json\/wp\/v2\/media\/108312"}],"wp:attachment":[{"href":"https:\/\/gelidsolutions.com\/de\/wp-json\/wp\/v2\/media?parent=122121"}],"wp:term":[{"taxonomy":"product_cat","embeddable":true,"href":"https:\/\/gelidsolutions.com\/de\/wp-json\/wp\/v2\/product_cat?post=122121"},{"taxonomy":"product_tag","embeddable":true,"href":"https:\/\/gelidsolutions.com\/de\/wp-json\/wp\/v2\/product_tag?post=122121"}],"curies":[{"name":"wp","href":"https:\/\/api.w.org\/{rel}","templated":true}]}}