{"id":122136,"date":"2016-08-02T05:27:00","date_gmt":"2016-08-02T05:27:00","guid":{"rendered":"https:\/\/gelidsolutions.com\/product\/case-fan-silent-14-2\/"},"modified":"2022-11-30T22:39:02","modified_gmt":"2022-11-30T14:39:02","slug":"gehause-lufter-gerauschlos-14-2","status":"publish","type":"product","link":"https:\/\/gelidsolutions.com\/de\/produkt\/gehause-lufter-gerauschlos-14-2\/","title":{"rendered":"SILENT 14"},"content":{"rendered":"<p><b><br \/>\n  <i>Leise 14 <\/i><br \/>\n<\/b><i>(FN-SX14-10)<\/i><\/p>\n<p><i>140 mm leiser Geh\u00e4usel\u00fcfter<\/i><\/p>\n<p>&nbsp;<\/p>\n<p>GELID Silent-L\u00fcfter wurden f\u00fcr Silent-Enthusiasten entwickelt und sorgen f\u00fcr zus\u00e4tzlichen Luftstrom, ohne den Ger\u00e4uschpegel zu erh\u00f6hen, und das zu erschwinglichen Preisen. Pr\u00e4zise ausgewuchtete L\u00fcfterfl\u00fcgel und das langlebige Hydro-Dynamic-Lager garantieren einen extrem niedrigen Ger\u00e4uschpegel. Sie sind aus hochwertigem, temperaturbest\u00e4ndigem und besonders langlebigem Gummi gefertigt und verhindern, dass die Vibrationen des L\u00fcftermotors in Ihr PC-Geh\u00e4use eindringen.<\/p>\n<p>&nbsp;<\/p>\n<p><i>EAN: 4897025780729<\/i><\/p>\n<p>&nbsp;<\/p>\n","protected":false},"excerpt":{"rendered":"<ul>\n<li> Ger\u00e4uschloser Betrieb<\/li>\n<li> Optimierte L\u00fcfterbl\u00e4tter<\/li>\n<li> Hoher Luftstrom und hoher statischer Druck<\/li>\n<li>  Gummil\u00fcfterhalterungen<\/li>\n<li> Lange Lebensdauer (50&#8217;000 h MTTF bei 40\u00b0C)<\/li>\n<\/ul>\n<p>Europa<\/p>\n<p><a href=\"https:\/\/www.amazon.de\/GELID-SILENT-Gehaeuse-Luefter-Dynamic\/dp\/B00CYYBURM?ref_=ast_sto_dp&amp;th=1\"><img loading=\"lazy\" decoding=\"async\" class=\"alignnone wp-image-115044 size-full\" src=\"https:\/\/gelidsolutions.com\/wp-content\/uploads\/2022\/06\/amazon-logo_white-300x145-1.png\" alt=\"\" width=\"300\" height=\"145\" srcset=\"https:\/\/gelidsolutions.com\/wp-content\/uploads\/2022\/06\/amazon-logo_white-300x145-1.png 300w, https:\/\/gelidsolutions.com\/wp-content\/uploads\/2022\/06\/amazon-logo_white-300x145-1-84x41.png 84w, https:\/\/gelidsolutions.com\/wp-content\/uploads\/2022\/06\/amazon-logo_white-300x145-1-200x97.png 200w, https:\/\/gelidsolutions.com\/wp-content\/uploads\/2022\/06\/amazon-logo_white-300x145-1-186x90.png 186w\" sizes=\"auto, (max-width: 300px) 100vw, 300px\" \/><\/a><\/p>\n<h6><strong>Kaufen Sie unser Produkt von Amazon, um verg\u00fcnstigte Versandpreise zu erhalten!<\/strong><\/h6>\n<p>&nbsp;<\/p>\n","protected":false},"featured_media":107624,"comment_status":"closed","ping_status":"closed","template":"","meta":{"_acf_changed":false},"product_cat":[587],"product_tag":[],"class_list":{"0":"post-122136","1":"product","2":"type-product","3":"status-publish","4":"has-post-thumbnail","6":"product_cat-archiv-fur-stille-fans","8":"first","9":"outofstock","10":"taxable","11":"shipping-taxable","12":"purchasable","13":"product-type-simple"},"supplier_id":null,"supplier_sku":"FN-SX14-10","barcode":null,"atum_controlled":true,"out_stock_date":"2022-07-12 14:17:54","out_stock_threshold":null,"inheritable":false,"inbound_stock":null,"stock_on_hold":0,"sold_today":0,"sales_last_days":0,"reserved_stock":null,"customer_returns":null,"warehouse_damage":null,"lost_in_post":null,"other_logs":null,"out_stock_days":1385,"lost_sales":0,"has_location":false,"update_date":"2026-04-28T01:11:21","atum_locations":[],"atum_stock_status":"outofstock","restock_status":false,"low_stock_amount":"","sales_update_date":"2026-04-28T01:11:21","calc_backorders":null,"acf":[],"yoast_head":"<!-- This site is optimized with the Yoast SEO plugin v27.4 - https:\/\/yoast.com\/product\/yoast-seo-wordpress\/ -->\n<title>SILENT 14 - Gelid Solutions<\/title>\n<meta name=\"robots\" content=\"index, follow, max-snippet:-1, max-image-preview:large, max-video-preview:-1\" \/>\n<link rel=\"canonical\" href=\"https:\/\/gelidsolutions.com\/de\/produkt\/gehause-lufter-gerauschlos-14-2\/\" \/>\n<meta property=\"og:locale\" content=\"de_DE\" \/>\n<meta property=\"og:type\" content=\"article\" \/>\n<meta property=\"og:title\" content=\"SILENT 14 - Gelid Solutions\" \/>\n<meta property=\"og:description\" content=\"Ger\u00e4uschloser Betrieb  Optimierte L\u00fcfterbl\u00e4tter  Hoher Luftstrom und hoher statischer Druck   Gummil\u00fcfterhalterungen  Lange Lebensdauer (50&#039;000 h MTTF bei 40\u00b0C)  Europa  Kaufen Sie unser Produkt von Amazon, um verg\u00fcnstigte Versandpreise zu erhalten! &nbsp;\" \/>\n<meta property=\"og:url\" content=\"https:\/\/gelidsolutions.com\/de\/produkt\/gehause-lufter-gerauschlos-14-2\/\" \/>\n<meta property=\"og:site_name\" content=\"Gelid Solutions\" \/>\n<meta property=\"article:modified_time\" content=\"2022-11-30T14:39:02+00:00\" \/>\n<meta property=\"og:image\" content=\"https:\/\/gelidsolutions.com\/wp-content\/uploads\/2022\/05\/case_fan_silent_SILENT_14_1.jpg\" \/>\n\t<meta property=\"og:image:width\" content=\"600\" \/>\n\t<meta property=\"og:image:height\" content=\"400\" \/>\n\t<meta property=\"og:image:type\" content=\"image\/jpeg\" \/>\n<meta name=\"twitter:card\" content=\"summary_large_image\" \/>\n<script type=\"application\/ld+json\" class=\"yoast-schema-graph\">{\"@context\":\"https:\\\/\\\/schema.org\",\"@graph\":[{\"@type\":\"WebPage\",\"@id\":\"https:\\\/\\\/gelidsolutions.com\\\/de\\\/produkt\\\/gehause-lufter-gerauschlos-14-2\\\/\",\"url\":\"https:\\\/\\\/gelidsolutions.com\\\/de\\\/produkt\\\/gehause-lufter-gerauschlos-14-2\\\/\",\"name\":\"SILENT 14 - Gelid Solutions\",\"isPartOf\":{\"@id\":\"https:\\\/\\\/gelidsolutions.com\\\/de\\\/#website\"},\"primaryImageOfPage\":{\"@id\":\"https:\\\/\\\/gelidsolutions.com\\\/de\\\/produkt\\\/gehause-lufter-gerauschlos-14-2\\\/#primaryimage\"},\"image\":{\"@id\":\"https:\\\/\\\/gelidsolutions.com\\\/de\\\/produkt\\\/gehause-lufter-gerauschlos-14-2\\\/#primaryimage\"},\"thumbnailUrl\":\"https:\\\/\\\/gelidsolutions.com\\\/wp-content\\\/uploads\\\/2022\\\/05\\\/case_fan_silent_SILENT_14_1.jpg\",\"datePublished\":\"2016-08-02T05:27:00+00:00\",\"dateModified\":\"2022-11-30T14:39:02+00:00\",\"breadcrumb\":{\"@id\":\"https:\\\/\\\/gelidsolutions.com\\\/de\\\/produkt\\\/gehause-lufter-gerauschlos-14-2\\\/#breadcrumb\"},\"inLanguage\":\"de\",\"potentialAction\":[{\"@type\":\"ReadAction\",\"target\":[\"https:\\\/\\\/gelidsolutions.com\\\/de\\\/produkt\\\/gehause-lufter-gerauschlos-14-2\\\/\"]}]},{\"@type\":\"ImageObject\",\"inLanguage\":\"de\",\"@id\":\"https:\\\/\\\/gelidsolutions.com\\\/de\\\/produkt\\\/gehause-lufter-gerauschlos-14-2\\\/#primaryimage\",\"url\":\"https:\\\/\\\/gelidsolutions.com\\\/wp-content\\\/uploads\\\/2022\\\/05\\\/case_fan_silent_SILENT_14_1.jpg\",\"contentUrl\":\"https:\\\/\\\/gelidsolutions.com\\\/wp-content\\\/uploads\\\/2022\\\/05\\\/case_fan_silent_SILENT_14_1.jpg\",\"width\":600,\"height\":400},{\"@type\":\"BreadcrumbList\",\"@id\":\"https:\\\/\\\/gelidsolutions.com\\\/de\\\/produkt\\\/gehause-lufter-gerauschlos-14-2\\\/#breadcrumb\",\"itemListElement\":[{\"@type\":\"ListItem\",\"position\":1,\"name\":\"Home\",\"item\":\"https:\\\/\\\/gelidsolutions.com\\\/de\\\/\"},{\"@type\":\"ListItem\",\"position\":2,\"name\":\"Shop\",\"item\":\"https:\\\/\\\/gelidsolutions.com\\\/shop\\\/\"},{\"@type\":\"ListItem\",\"position\":3,\"name\":\"SILENT 14\"}]},{\"@type\":\"WebSite\",\"@id\":\"https:\\\/\\\/gelidsolutions.com\\\/de\\\/#website\",\"url\":\"https:\\\/\\\/gelidsolutions.com\\\/de\\\/\",\"name\":\"Gelid Solutions\",\"description\":\"\",\"publisher\":{\"@id\":\"https:\\\/\\\/gelidsolutions.com\\\/de\\\/#organization\"},\"potentialAction\":[{\"@type\":\"SearchAction\",\"target\":{\"@type\":\"EntryPoint\",\"urlTemplate\":\"https:\\\/\\\/gelidsolutions.com\\\/de\\\/?s={search_term_string}\"},\"query-input\":{\"@type\":\"PropertyValueSpecification\",\"valueRequired\":true,\"valueName\":\"search_term_string\"}}],\"inLanguage\":\"de\"},{\"@type\":\"Organization\",\"@id\":\"https:\\\/\\\/gelidsolutions.com\\\/de\\\/#organization\",\"name\":\"Gelid Solutions\",\"url\":\"https:\\\/\\\/gelidsolutions.com\\\/de\\\/\",\"logo\":{\"@type\":\"ImageObject\",\"inLanguage\":\"de\",\"@id\":\"https:\\\/\\\/gelidsolutions.com\\\/de\\\/#\\\/schema\\\/logo\\\/image\\\/\",\"url\":\"https:\\\/\\\/gelidsolutions.com\\\/wp-content\\\/uploads\\\/2022\\\/06\\\/logo_white_104_104.gif\",\"contentUrl\":\"https:\\\/\\\/gelidsolutions.com\\\/wp-content\\\/uploads\\\/2022\\\/06\\\/logo_white_104_104.gif\",\"width\":104,\"height\":104,\"caption\":\"Gelid Solutions\"},\"image\":{\"@id\":\"https:\\\/\\\/gelidsolutions.com\\\/de\\\/#\\\/schema\\\/logo\\\/image\\\/\"}}]}<\/script>\n<!-- \/ Yoast SEO plugin. -->","yoast_head_json":{"title":"SILENT 14 - Gelid Solutions","robots":{"index":"index","follow":"follow","max-snippet":"max-snippet:-1","max-image-preview":"max-image-preview:large","max-video-preview":"max-video-preview:-1"},"canonical":"https:\/\/gelidsolutions.com\/de\/produkt\/gehause-lufter-gerauschlos-14-2\/","og_locale":"de_DE","og_type":"article","og_title":"SILENT 14 - Gelid Solutions","og_description":"Ger\u00e4uschloser Betrieb  Optimierte L\u00fcfterbl\u00e4tter  Hoher Luftstrom und hoher statischer Druck   Gummil\u00fcfterhalterungen  Lange Lebensdauer (50'000 h MTTF bei 40\u00b0C)  Europa  Kaufen Sie unser Produkt von Amazon, um verg\u00fcnstigte Versandpreise zu erhalten! &nbsp;","og_url":"https:\/\/gelidsolutions.com\/de\/produkt\/gehause-lufter-gerauschlos-14-2\/","og_site_name":"Gelid Solutions","article_modified_time":"2022-11-30T14:39:02+00:00","og_image":[{"width":600,"height":400,"url":"https:\/\/gelidsolutions.com\/wp-content\/uploads\/2022\/05\/case_fan_silent_SILENT_14_1.jpg","type":"image\/jpeg"}],"twitter_card":"summary_large_image","schema":{"@context":"https:\/\/schema.org","@graph":[{"@type":"WebPage","@id":"https:\/\/gelidsolutions.com\/de\/produkt\/gehause-lufter-gerauschlos-14-2\/","url":"https:\/\/gelidsolutions.com\/de\/produkt\/gehause-lufter-gerauschlos-14-2\/","name":"SILENT 14 - Gelid Solutions","isPartOf":{"@id":"https:\/\/gelidsolutions.com\/de\/#website"},"primaryImageOfPage":{"@id":"https:\/\/gelidsolutions.com\/de\/produkt\/gehause-lufter-gerauschlos-14-2\/#primaryimage"},"image":{"@id":"https:\/\/gelidsolutions.com\/de\/produkt\/gehause-lufter-gerauschlos-14-2\/#primaryimage"},"thumbnailUrl":"https:\/\/gelidsolutions.com\/wp-content\/uploads\/2022\/05\/case_fan_silent_SILENT_14_1.jpg","datePublished":"2016-08-02T05:27:00+00:00","dateModified":"2022-11-30T14:39:02+00:00","breadcrumb":{"@id":"https:\/\/gelidsolutions.com\/de\/produkt\/gehause-lufter-gerauschlos-14-2\/#breadcrumb"},"inLanguage":"de","potentialAction":[{"@type":"ReadAction","target":["https:\/\/gelidsolutions.com\/de\/produkt\/gehause-lufter-gerauschlos-14-2\/"]}]},{"@type":"ImageObject","inLanguage":"de","@id":"https:\/\/gelidsolutions.com\/de\/produkt\/gehause-lufter-gerauschlos-14-2\/#primaryimage","url":"https:\/\/gelidsolutions.com\/wp-content\/uploads\/2022\/05\/case_fan_silent_SILENT_14_1.jpg","contentUrl":"https:\/\/gelidsolutions.com\/wp-content\/uploads\/2022\/05\/case_fan_silent_SILENT_14_1.jpg","width":600,"height":400},{"@type":"BreadcrumbList","@id":"https:\/\/gelidsolutions.com\/de\/produkt\/gehause-lufter-gerauschlos-14-2\/#breadcrumb","itemListElement":[{"@type":"ListItem","position":1,"name":"Home","item":"https:\/\/gelidsolutions.com\/de\/"},{"@type":"ListItem","position":2,"name":"Shop","item":"https:\/\/gelidsolutions.com\/shop\/"},{"@type":"ListItem","position":3,"name":"SILENT 14"}]},{"@type":"WebSite","@id":"https:\/\/gelidsolutions.com\/de\/#website","url":"https:\/\/gelidsolutions.com\/de\/","name":"Gelid Solutions","description":"","publisher":{"@id":"https:\/\/gelidsolutions.com\/de\/#organization"},"potentialAction":[{"@type":"SearchAction","target":{"@type":"EntryPoint","urlTemplate":"https:\/\/gelidsolutions.com\/de\/?s={search_term_string}"},"query-input":{"@type":"PropertyValueSpecification","valueRequired":true,"valueName":"search_term_string"}}],"inLanguage":"de"},{"@type":"Organization","@id":"https:\/\/gelidsolutions.com\/de\/#organization","name":"Gelid Solutions","url":"https:\/\/gelidsolutions.com\/de\/","logo":{"@type":"ImageObject","inLanguage":"de","@id":"https:\/\/gelidsolutions.com\/de\/#\/schema\/logo\/image\/","url":"https:\/\/gelidsolutions.com\/wp-content\/uploads\/2022\/06\/logo_white_104_104.gif","contentUrl":"https:\/\/gelidsolutions.com\/wp-content\/uploads\/2022\/06\/logo_white_104_104.gif","width":104,"height":104,"caption":"Gelid Solutions"},"image":{"@id":"https:\/\/gelidsolutions.com\/de\/#\/schema\/logo\/image\/"}}]}},"_links":{"self":[{"href":"https:\/\/gelidsolutions.com\/de\/wp-json\/wp\/v2\/product\/122136","targetHints":{"allow":["GET"]}}],"collection":[{"href":"https:\/\/gelidsolutions.com\/de\/wp-json\/wp\/v2\/product"}],"about":[{"href":"https:\/\/gelidsolutions.com\/de\/wp-json\/wp\/v2\/types\/product"}],"replies":[{"embeddable":true,"href":"https:\/\/gelidsolutions.com\/de\/wp-json\/wp\/v2\/comments?post=122136"}],"wp:featuredmedia":[{"embeddable":true,"href":"https:\/\/gelidsolutions.com\/de\/wp-json\/wp\/v2\/media\/107624"}],"wp:attachment":[{"href":"https:\/\/gelidsolutions.com\/de\/wp-json\/wp\/v2\/media?parent=122136"}],"wp:term":[{"taxonomy":"product_cat","embeddable":true,"href":"https:\/\/gelidsolutions.com\/de\/wp-json\/wp\/v2\/product_cat?post=122136"},{"taxonomy":"product_tag","embeddable":true,"href":"https:\/\/gelidsolutions.com\/de\/wp-json\/wp\/v2\/product_tag?post=122136"}],"curies":[{"name":"wp","href":"https:\/\/api.w.org\/{rel}","templated":true}]}}