{"id":122224,"date":"2016-08-02T05:09:00","date_gmt":"2016-08-01T21:09:00","guid":{"rendered":"https:\/\/gelidsolutions.com\/product\/case-fan-silent-9tc-2\/"},"modified":"2022-12-01T16:06:55","modified_gmt":"2022-12-01T08:06:55","slug":"case-fan-silent-9tc","status":"publish","type":"product","link":"https:\/\/gelidsolutions.com\/de\/produkt\/case-fan-silent-9tc\/","title":{"rendered":"SILENT 9 TC"},"content":{"rendered":"<p><i><b>Silent\u00a09 TC <\/b>(FN-TX09-20) <\/i><br \/>\n<i>92-mm-Geh\u00e4usel\u00fcfter mit hervorragender Temperaturregelung<\/i><\/p>\n<p>&nbsp;<\/p>\n<p>Die GELID Silent TC-L\u00fcfter wurden f\u00fcr anspruchsvolle Silent-Enthusiasten entwickelt und bieten zus\u00e4tzlichen Luftstrom, indem sie die L\u00fcftergeschwindigkeit entsprechend Ihren tats\u00e4chlichen Temperaturanforderungen \u00e4ndern, sodass Sie nicht mehr L\u00e4rm als unbedingt erforderlich und bei Bedarf maximale K\u00fchlung erhalten. Ein intelligenter IC, der in die Leiterplatte des L\u00fcfters eingebettet ist, erm\u00f6glicht intelligente variable L\u00fcftergeschwindigkeiten. Jedes L\u00fcfterrad wurde mit modernster Technologie einzeln ausgewuchtet, um einen stabilen Betrieb zu gew\u00e4hrleisten. Um die Ger\u00e4uschlosigkeit zu erh\u00f6hen, ersetzen die L\u00fcfterhalterungen herk\u00f6mmliche Schrauben und bestehen aus hochwertigem, temperaturbest\u00e4ndigem, besonders langlebigem Gummi und verhindern, dass Vibrationen des L\u00fcftermotors in Ihr PC-Geh\u00e4use gelangen.<\/p>\n<p>&nbsp;<\/p>\n<p><i><strong>Die Superior\u00a0<\/strong><strong>GELID TC Kurve<\/strong><\/i><\/p>\n<p><img loading=\"lazy\" decoding=\"async\" src=\"https:\/\/gelidsolutions.com\/clients\/gelid\/userfiles\/image\/tc_curves_set_480_250(1).gif\" alt=\"\" width=\"480\" height=\"250\" border=\"0\" \/><\/p>\n<p>Im Vergleich zu anderen Herstellern haben GELID TC-L\u00fcfter einen weitaus gr\u00f6\u00dferen regelbaren Drehzahlbereich<\/p>\n<p>&nbsp;<\/p>\n<p><i><b>Externer Sensor<\/b><\/i><\/p>\n<p><i><b><img loading=\"lazy\" decoding=\"async\" src=\"https:\/\/gelidsolutions.com\/clients\/gelid\/userfiles\/image\/IMG_3307_tc_set_280_200.gif\" alt=\"\" width=\"280\" height=\"200\" border=\"0\" \/><\/b><\/i><\/p>\n<p>Dieser externe Sensor kann an der gew\u00fcnschten Stelle positioniert werden. d.h. vor oder hinter dem Geh\u00e4use<\/p>\n<p>&nbsp;<\/p>\n<p><i>EAN: 4897025780095<\/i><\/p>\n<p>&nbsp;<\/p>\n","protected":false},"excerpt":{"rendered":"<ul>\n<li>\u00a0Temperaturregelung &amp; externer Sensor<\/li>\n<li>\u00a0Leiser Betrieb mit Gummi-L\u00fcfterhalterungen<\/li>\n<li>\u00a0Optimierte L\u00fcfterfl\u00fcgel<\/li>\n<li>\u00a0Hoher Luftstrom &#038; amp; Hoher statischer Druck<\/li>\n<li>\u00a0Lange Lebensdauer (50.000 h MTTF bei 40 \u00b0C)<\/li>\n<\/ul>\n","protected":false},"featured_media":107409,"comment_status":"closed","ping_status":"closed","template":"","meta":{"_acf_changed":false},"product_cat":[587],"product_tag":[551,552,553],"class_list":{"0":"post-122224","1":"product","2":"type-product","3":"status-publish","4":"has-post-thumbnail","6":"product_cat-archiv-fur-stille-fans","7":"product_tag-case-fan-de","8":"product_tag-silent-case-fan-de","9":"product_tag-thermal-solution-de","11":"first","12":"outofstock","13":"taxable","14":"shipping-taxable","15":"purchasable","16":"product-type-simple"},"supplier_id":null,"supplier_sku":"FN-TX09-20","barcode":null,"atum_controlled":true,"out_stock_date":"2022-07-12 14:17:54","out_stock_threshold":null,"inheritable":false,"inbound_stock":null,"stock_on_hold":0,"sold_today":0,"sales_last_days":0,"reserved_stock":null,"customer_returns":null,"warehouse_damage":null,"lost_in_post":null,"other_logs":null,"out_stock_days":1388,"lost_sales":0,"has_location":false,"update_date":"2026-05-01T01:12:19","atum_locations":[],"atum_stock_status":"outofstock","restock_status":false,"low_stock_amount":"","sales_update_date":"2026-05-01T01:12:19","calc_backorders":null,"acf":[],"yoast_head":"<!-- This site is optimized with the Yoast SEO plugin v27.5 - https:\/\/yoast.com\/product\/yoast-seo-wordpress\/ -->\n<title>SILENT 9 TC - Gelid Solutions<\/title>\n<meta name=\"robots\" content=\"index, follow, max-snippet:-1, max-image-preview:large, max-video-preview:-1\" \/>\n<link rel=\"canonical\" href=\"https:\/\/gelidsolutions.com\/de\/produkt\/case-fan-silent-9tc\/\" \/>\n<meta property=\"og:locale\" content=\"de_DE\" \/>\n<meta property=\"og:type\" content=\"article\" \/>\n<meta property=\"og:title\" content=\"SILENT 9 TC - Gelid Solutions\" \/>\n<meta property=\"og:description\" content=\"\u00a0Temperaturregelung &amp; externer Sensor  \u00a0Leiser Betrieb mit Gummi-L\u00fcfterhalterungen  \u00a0Optimierte L\u00fcfterfl\u00fcgel  \u00a0Hoher Luftstrom &amp; amp; Hoher statischer Druck  \u00a0Lange Lebensdauer (50.000 h MTTF bei 40 \u00b0C)\" \/>\n<meta property=\"og:url\" content=\"https:\/\/gelidsolutions.com\/de\/produkt\/case-fan-silent-9tc\/\" \/>\n<meta property=\"og:site_name\" content=\"Gelid Solutions\" \/>\n<meta property=\"article:modified_time\" content=\"2022-12-01T08:06:55+00:00\" \/>\n<meta property=\"og:image\" content=\"https:\/\/gelidsolutions.com\/wp-content\/uploads\/2022\/05\/case_fan_silent_SILENT_9tc_1.jpg\" \/>\n\t<meta property=\"og:image:width\" content=\"600\" \/>\n\t<meta property=\"og:image:height\" content=\"400\" \/>\n\t<meta property=\"og:image:type\" content=\"image\/jpeg\" \/>\n<meta name=\"twitter:card\" content=\"summary_large_image\" \/>\n<meta name=\"twitter:label1\" content=\"Gesch\u00e4tzte Lesezeit\" \/>\n\t<meta name=\"twitter:data1\" content=\"2\u00a0Minuten\" \/>\n<script type=\"application\/ld+json\" class=\"yoast-schema-graph\">{\"@context\":\"https:\\\/\\\/schema.org\",\"@graph\":[{\"@type\":\"WebPage\",\"@id\":\"https:\\\/\\\/gelidsolutions.com\\\/de\\\/produkt\\\/case-fan-silent-9tc\\\/\",\"url\":\"https:\\\/\\\/gelidsolutions.com\\\/de\\\/produkt\\\/case-fan-silent-9tc\\\/\",\"name\":\"SILENT 9 TC - Gelid Solutions\",\"isPartOf\":{\"@id\":\"https:\\\/\\\/gelidsolutions.com\\\/de\\\/#website\"},\"primaryImageOfPage\":{\"@id\":\"https:\\\/\\\/gelidsolutions.com\\\/de\\\/produkt\\\/case-fan-silent-9tc\\\/#primaryimage\"},\"image\":{\"@id\":\"https:\\\/\\\/gelidsolutions.com\\\/de\\\/produkt\\\/case-fan-silent-9tc\\\/#primaryimage\"},\"thumbnailUrl\":\"https:\\\/\\\/gelidsolutions.com\\\/wp-content\\\/uploads\\\/2022\\\/05\\\/case_fan_silent_SILENT_9tc_1.jpg\",\"datePublished\":\"2016-08-01T21:09:00+00:00\",\"dateModified\":\"2022-12-01T08:06:55+00:00\",\"breadcrumb\":{\"@id\":\"https:\\\/\\\/gelidsolutions.com\\\/de\\\/produkt\\\/case-fan-silent-9tc\\\/#breadcrumb\"},\"inLanguage\":\"de\",\"potentialAction\":[{\"@type\":\"ReadAction\",\"target\":[\"https:\\\/\\\/gelidsolutions.com\\\/de\\\/produkt\\\/case-fan-silent-9tc\\\/\"]}]},{\"@type\":\"ImageObject\",\"inLanguage\":\"de\",\"@id\":\"https:\\\/\\\/gelidsolutions.com\\\/de\\\/produkt\\\/case-fan-silent-9tc\\\/#primaryimage\",\"url\":\"https:\\\/\\\/gelidsolutions.com\\\/wp-content\\\/uploads\\\/2022\\\/05\\\/case_fan_silent_SILENT_9tc_1.jpg\",\"contentUrl\":\"https:\\\/\\\/gelidsolutions.com\\\/wp-content\\\/uploads\\\/2022\\\/05\\\/case_fan_silent_SILENT_9tc_1.jpg\",\"width\":600,\"height\":400},{\"@type\":\"BreadcrumbList\",\"@id\":\"https:\\\/\\\/gelidsolutions.com\\\/de\\\/produkt\\\/case-fan-silent-9tc\\\/#breadcrumb\",\"itemListElement\":[{\"@type\":\"ListItem\",\"position\":1,\"name\":\"Home\",\"item\":\"https:\\\/\\\/gelidsolutions.com\\\/de\\\/\"},{\"@type\":\"ListItem\",\"position\":2,\"name\":\"Shop\",\"item\":\"https:\\\/\\\/gelidsolutions.com\\\/shop\\\/\"},{\"@type\":\"ListItem\",\"position\":3,\"name\":\"SILENT 9 TC\"}]},{\"@type\":\"WebSite\",\"@id\":\"https:\\\/\\\/gelidsolutions.com\\\/de\\\/#website\",\"url\":\"https:\\\/\\\/gelidsolutions.com\\\/de\\\/\",\"name\":\"Gelid Solutions\",\"description\":\"\",\"publisher\":{\"@id\":\"https:\\\/\\\/gelidsolutions.com\\\/de\\\/#organization\"},\"potentialAction\":[{\"@type\":\"SearchAction\",\"target\":{\"@type\":\"EntryPoint\",\"urlTemplate\":\"https:\\\/\\\/gelidsolutions.com\\\/de\\\/?s={search_term_string}\"},\"query-input\":{\"@type\":\"PropertyValueSpecification\",\"valueRequired\":true,\"valueName\":\"search_term_string\"}}],\"inLanguage\":\"de\"},{\"@type\":\"Organization\",\"@id\":\"https:\\\/\\\/gelidsolutions.com\\\/de\\\/#organization\",\"name\":\"Gelid Solutions\",\"url\":\"https:\\\/\\\/gelidsolutions.com\\\/de\\\/\",\"logo\":{\"@type\":\"ImageObject\",\"inLanguage\":\"de\",\"@id\":\"https:\\\/\\\/gelidsolutions.com\\\/de\\\/#\\\/schema\\\/logo\\\/image\\\/\",\"url\":\"https:\\\/\\\/gelidsolutions.com\\\/wp-content\\\/uploads\\\/2022\\\/06\\\/logo_white_104_104.gif\",\"contentUrl\":\"https:\\\/\\\/gelidsolutions.com\\\/wp-content\\\/uploads\\\/2022\\\/06\\\/logo_white_104_104.gif\",\"width\":104,\"height\":104,\"caption\":\"Gelid Solutions\"},\"image\":{\"@id\":\"https:\\\/\\\/gelidsolutions.com\\\/de\\\/#\\\/schema\\\/logo\\\/image\\\/\"}}]}<\/script>\n<!-- \/ Yoast SEO plugin. -->","yoast_head_json":{"title":"SILENT 9 TC - Gelid Solutions","robots":{"index":"index","follow":"follow","max-snippet":"max-snippet:-1","max-image-preview":"max-image-preview:large","max-video-preview":"max-video-preview:-1"},"canonical":"https:\/\/gelidsolutions.com\/de\/produkt\/case-fan-silent-9tc\/","og_locale":"de_DE","og_type":"article","og_title":"SILENT 9 TC - Gelid Solutions","og_description":"\u00a0Temperaturregelung &amp; externer Sensor  \u00a0Leiser Betrieb mit Gummi-L\u00fcfterhalterungen  \u00a0Optimierte L\u00fcfterfl\u00fcgel  \u00a0Hoher Luftstrom & amp; Hoher statischer Druck  \u00a0Lange Lebensdauer (50.000 h MTTF bei 40 \u00b0C)","og_url":"https:\/\/gelidsolutions.com\/de\/produkt\/case-fan-silent-9tc\/","og_site_name":"Gelid Solutions","article_modified_time":"2022-12-01T08:06:55+00:00","og_image":[{"width":600,"height":400,"url":"https:\/\/gelidsolutions.com\/wp-content\/uploads\/2022\/05\/case_fan_silent_SILENT_9tc_1.jpg","type":"image\/jpeg"}],"twitter_card":"summary_large_image","twitter_misc":{"Gesch\u00e4tzte Lesezeit":"2\u00a0Minuten"},"schema":{"@context":"https:\/\/schema.org","@graph":[{"@type":"WebPage","@id":"https:\/\/gelidsolutions.com\/de\/produkt\/case-fan-silent-9tc\/","url":"https:\/\/gelidsolutions.com\/de\/produkt\/case-fan-silent-9tc\/","name":"SILENT 9 TC - Gelid Solutions","isPartOf":{"@id":"https:\/\/gelidsolutions.com\/de\/#website"},"primaryImageOfPage":{"@id":"https:\/\/gelidsolutions.com\/de\/produkt\/case-fan-silent-9tc\/#primaryimage"},"image":{"@id":"https:\/\/gelidsolutions.com\/de\/produkt\/case-fan-silent-9tc\/#primaryimage"},"thumbnailUrl":"https:\/\/gelidsolutions.com\/wp-content\/uploads\/2022\/05\/case_fan_silent_SILENT_9tc_1.jpg","datePublished":"2016-08-01T21:09:00+00:00","dateModified":"2022-12-01T08:06:55+00:00","breadcrumb":{"@id":"https:\/\/gelidsolutions.com\/de\/produkt\/case-fan-silent-9tc\/#breadcrumb"},"inLanguage":"de","potentialAction":[{"@type":"ReadAction","target":["https:\/\/gelidsolutions.com\/de\/produkt\/case-fan-silent-9tc\/"]}]},{"@type":"ImageObject","inLanguage":"de","@id":"https:\/\/gelidsolutions.com\/de\/produkt\/case-fan-silent-9tc\/#primaryimage","url":"https:\/\/gelidsolutions.com\/wp-content\/uploads\/2022\/05\/case_fan_silent_SILENT_9tc_1.jpg","contentUrl":"https:\/\/gelidsolutions.com\/wp-content\/uploads\/2022\/05\/case_fan_silent_SILENT_9tc_1.jpg","width":600,"height":400},{"@type":"BreadcrumbList","@id":"https:\/\/gelidsolutions.com\/de\/produkt\/case-fan-silent-9tc\/#breadcrumb","itemListElement":[{"@type":"ListItem","position":1,"name":"Home","item":"https:\/\/gelidsolutions.com\/de\/"},{"@type":"ListItem","position":2,"name":"Shop","item":"https:\/\/gelidsolutions.com\/shop\/"},{"@type":"ListItem","position":3,"name":"SILENT 9 TC"}]},{"@type":"WebSite","@id":"https:\/\/gelidsolutions.com\/de\/#website","url":"https:\/\/gelidsolutions.com\/de\/","name":"Gelid Solutions","description":"","publisher":{"@id":"https:\/\/gelidsolutions.com\/de\/#organization"},"potentialAction":[{"@type":"SearchAction","target":{"@type":"EntryPoint","urlTemplate":"https:\/\/gelidsolutions.com\/de\/?s={search_term_string}"},"query-input":{"@type":"PropertyValueSpecification","valueRequired":true,"valueName":"search_term_string"}}],"inLanguage":"de"},{"@type":"Organization","@id":"https:\/\/gelidsolutions.com\/de\/#organization","name":"Gelid Solutions","url":"https:\/\/gelidsolutions.com\/de\/","logo":{"@type":"ImageObject","inLanguage":"de","@id":"https:\/\/gelidsolutions.com\/de\/#\/schema\/logo\/image\/","url":"https:\/\/gelidsolutions.com\/wp-content\/uploads\/2022\/06\/logo_white_104_104.gif","contentUrl":"https:\/\/gelidsolutions.com\/wp-content\/uploads\/2022\/06\/logo_white_104_104.gif","width":104,"height":104,"caption":"Gelid Solutions"},"image":{"@id":"https:\/\/gelidsolutions.com\/de\/#\/schema\/logo\/image\/"}}]}},"_links":{"self":[{"href":"https:\/\/gelidsolutions.com\/de\/wp-json\/wp\/v2\/product\/122224","targetHints":{"allow":["GET"]}}],"collection":[{"href":"https:\/\/gelidsolutions.com\/de\/wp-json\/wp\/v2\/product"}],"about":[{"href":"https:\/\/gelidsolutions.com\/de\/wp-json\/wp\/v2\/types\/product"}],"replies":[{"embeddable":true,"href":"https:\/\/gelidsolutions.com\/de\/wp-json\/wp\/v2\/comments?post=122224"}],"wp:featuredmedia":[{"embeddable":true,"href":"https:\/\/gelidsolutions.com\/de\/wp-json\/wp\/v2\/media\/107409"}],"wp:attachment":[{"href":"https:\/\/gelidsolutions.com\/de\/wp-json\/wp\/v2\/media?parent=122224"}],"wp:term":[{"taxonomy":"product_cat","embeddable":true,"href":"https:\/\/gelidsolutions.com\/de\/wp-json\/wp\/v2\/product_cat?post=122224"},{"taxonomy":"product_tag","embeddable":true,"href":"https:\/\/gelidsolutions.com\/de\/wp-json\/wp\/v2\/product_tag?post=122224"}],"curies":[{"name":"wp","href":"https:\/\/api.w.org\/{rel}","templated":true}]}}