{"id":122446,"date":"2022-10-19T16:32:27","date_gmt":"2022-10-19T08:32:27","guid":{"rendered":"https:\/\/gelidsolutions.com\/product\/nexus-pc-headset-holder\/"},"modified":"2023-07-11T15:45:17","modified_gmt":"2023-07-11T07:45:17","slug":"nexus-pc-headset-halter","status":"publish","type":"product","link":"https:\/\/gelidsolutions.com\/de\/produkt\/nexus-pc-headset-halter\/","title":{"rendered":"NEXUS-PC-HEADSET-HALTERUNG"},"content":{"rendered":"<p><i><b><a href=\"https:\/\/gelidsolutions.com\/wp-content\/uploads\/2022\/10\/NEXUS-latest-news-20230118-G.png\"><img loading=\"lazy\" decoding=\"async\" class=\"alignnone size-large wp-image-127281\" src=\"https:\/\/gelidsolutions.com\/wp-content\/uploads\/2022\/10\/NEXUS-latest-news-20230118-G-1024x684.png\" alt=\"\" width=\"1024\" height=\"684\" srcset=\"https:\/\/gelidsolutions.com\/wp-content\/uploads\/2022\/10\/NEXUS-latest-news-20230118-G-1024x684.png 1024w, https:\/\/gelidsolutions.com\/wp-content\/uploads\/2022\/10\/NEXUS-latest-news-20230118-G-300x200.png 300w, https:\/\/gelidsolutions.com\/wp-content\/uploads\/2022\/10\/NEXUS-latest-news-20230118-G-768x513.png 768w, https:\/\/gelidsolutions.com\/wp-content\/uploads\/2022\/10\/NEXUS-latest-news-20230118-G-1536x1026.png 1536w, https:\/\/gelidsolutions.com\/wp-content\/uploads\/2022\/10\/NEXUS-latest-news-20230118-G-2048x1368.png 2048w, https:\/\/gelidsolutions.com\/wp-content\/uploads\/2022\/10\/NEXUS-latest-news-20230118-G-84x56.png 84w, https:\/\/gelidsolutions.com\/wp-content\/uploads\/2022\/10\/NEXUS-latest-news-20230118-G-200x134.png 200w, https:\/\/gelidsolutions.com\/wp-content\/uploads\/2022\/10\/NEXUS-latest-news-20230118-G-450x301.png 450w, https:\/\/gelidsolutions.com\/wp-content\/uploads\/2022\/10\/NEXUS-latest-news-20230118-G-1183x790.png 1183w, https:\/\/gelidsolutions.com\/wp-content\/uploads\/2022\/10\/NEXUS-latest-news-20230118-G-360x240.png 360w, https:\/\/gelidsolutions.com\/wp-content\/uploads\/2022\/10\/NEXUS-latest-news-20230118-G-800x534.png 800w\" sizes=\"auto, (max-width: 1024px) 100vw, 1024px\" \/><\/a><\/b><\/i><\/p>\n<p><i><b>Nexus (NEX-01-A)<br \/>\n<\/b><\/i><br \/>\nPremium-Headset-Halter<\/p>\n<p>Nexus wurde entwickelt, um Ihnen bei der Organisation Ihres Arbeitsplatzes zu helfen und Ihr Gaming-Setup zu erg\u00e4nzen. Der revolution\u00e4re dreifache USB-Anschluss zusammen mit einem SD-Karten- und TF-Karteneingang wird den t\u00e4glichen Bedarf eines jeden B\u00fcros mehr als decken. Im Gegensatz zu herk\u00f6mmlichen Headset-Haltern kann unser brandneuer Nexus Premium-Headset-Halter ein Gewicht von bis zu 1 kg tragen und ist au\u00dferdem um 360 Grad drehbar, sodass Ihr Schreibtisch sch\u00f6n und aufger\u00e4umt bleibt, ohne Platz auf Ihrem Arbeitsplatz einzunehmen.<\/p>\n<p>EAN: 4897025783669<\/p>\n<p><iframe loading=\"lazy\" title=\"NEXUS PC HEADSET HOLDER\" width=\"500\" height=\"281\" src=\"https:\/\/www.youtube.com\/embed\/uayqhCGanyI?feature=oembed\" frameborder=\"0\" allow=\"accelerometer; autoplay; clipboard-write; encrypted-media; gyroscope; picture-in-picture; web-share\" referrerpolicy=\"strict-origin-when-cross-origin\" allowfullscreen><\/iframe><\/p>\n<p>&nbsp;<\/p>\n","protected":false},"excerpt":{"rendered":"<ul>\n<li>H\u00e4lt bis zu 1kg<\/li>\n<li>360-Grad-Drehung<\/li>\n<li>Passend f\u00fcr Schreibtische mit einer Dicke von 10\u201342 mm<\/li>\n<li>Kabelmanagement<\/li>\n<li>Datenschnittstelle mit TF-Karte, SD-Karte, USB 2.0 x 3<\/li>\n<\/ul>\n<p>Europe<\/p>\n<p><a href=\"https:\/\/www.amazon.de\/Gelid-Solutions-Organisation-Arbeitsplatzes-Gaming-Setup\/dp\/B0BSGXT655\/ref=sr_1_3?__mk_de_DE=%C3%85M%C3%85%C5%BD%C3%95%C3%91&amp;crid=3EU94TEGHKKBB&amp;keywords=gelid+nexus&amp;qid=1674549920&amp;sprefix=gelid+nexus%2Caps%2C127&amp;sr=8-3\"><img loading=\"lazy\" decoding=\"async\" class=\"alignnone wp-image-115044 size-full\" src=\"https:\/\/gelidsolutions.com\/wp-content\/uploads\/2022\/06\/amazon-logo_white-300x145-1.png\" alt=\"\" width=\"300\" height=\"145\" srcset=\"https:\/\/gelidsolutions.com\/wp-content\/uploads\/2022\/06\/amazon-logo_white-300x145-1.png 300w, https:\/\/gelidsolutions.com\/wp-content\/uploads\/2022\/06\/amazon-logo_white-300x145-1-84x41.png 84w, https:\/\/gelidsolutions.com\/wp-content\/uploads\/2022\/06\/amazon-logo_white-300x145-1-200x97.png 200w, https:\/\/gelidsolutions.com\/wp-content\/uploads\/2022\/06\/amazon-logo_white-300x145-1-186x90.png 186w\" sizes=\"auto, (max-width: 300px) 100vw, 300px\" \/><\/a><\/p>\n","protected":false},"featured_media":127590,"comment_status":"open","ping_status":"closed","template":"","meta":{"_acf_changed":false},"product_cat":[533,564,318,506],"product_tag":[],"class_list":{"0":"post-122446","1":"product","2":"type-product","3":"status-publish","4":"has-post-thumbnail","6":"product_cat-hausburo","7":"product_cat-home-office-home-office-de","8":"product_cat-zubehoer","9":"product_cat-zubehor","11":"first","12":"instock","13":"taxable","14":"shipping-taxable","15":"purchasable","16":"product-type-simple"},"supplier_id":null,"supplier_sku":"","barcode":null,"atum_controlled":true,"out_stock_date":null,"out_stock_threshold":null,"inheritable":false,"inbound_stock":0,"stock_on_hold":0,"sold_today":0,"sales_last_days":0,"reserved_stock":0,"customer_returns":0,"warehouse_damage":0,"lost_in_post":0,"other_logs":0,"out_stock_days":0,"lost_sales":0,"has_location":false,"update_date":"2026-04-04T00:04:04","atum_locations":[],"atum_stock_status":"instock","restock_status":false,"low_stock_amount":"","sales_update_date":"2026-04-04T00:04:04","calc_backorders":null,"acf":[],"yoast_head":"<!-- This site is optimized with the Yoast SEO plugin v27.3 - https:\/\/yoast.com\/product\/yoast-seo-wordpress\/ -->\n<title>NEXUS-PC-HEADSET-HALTERUNG - Gelid Solutions<\/title>\n<meta name=\"robots\" content=\"index, follow, max-snippet:-1, max-image-preview:large, max-video-preview:-1\" \/>\n<link rel=\"canonical\" href=\"https:\/\/gelidsolutions.com\/de\/produkt\/nexus-pc-headset-halter\/\" \/>\n<meta property=\"og:locale\" content=\"de_DE\" \/>\n<meta property=\"og:type\" content=\"article\" \/>\n<meta property=\"og:title\" content=\"NEXUS-PC-HEADSET-HALTERUNG - Gelid Solutions\" \/>\n<meta property=\"og:description\" content=\"H\u00e4lt bis zu 1kg  360-Grad-Drehung  Passend f\u00fcr Schreibtische mit einer Dicke von 10\u201342 mm  Kabelmanagement  Datenschnittstelle mit TF-Karte, SD-Karte, USB 2.0 x 3  Europe\" \/>\n<meta property=\"og:url\" content=\"https:\/\/gelidsolutions.com\/de\/produkt\/nexus-pc-headset-halter\/\" \/>\n<meta property=\"og:site_name\" content=\"Gelid Solutions\" \/>\n<meta property=\"article:modified_time\" content=\"2023-07-11T07:45:17+00:00\" \/>\n<meta property=\"og:image\" content=\"https:\/\/gelidsolutions.com\/wp-content\/uploads\/2022\/10\/IMG_2811-e1677587749789-1024x1024-1-e1687849340956.webp\" \/>\n\t<meta property=\"og:image:width\" content=\"1024\" \/>\n\t<meta property=\"og:image:height\" content=\"1024\" \/>\n\t<meta property=\"og:image:type\" content=\"image\/webp\" \/>\n<meta name=\"twitter:card\" content=\"summary_large_image\" \/>\n<meta name=\"twitter:label1\" content=\"Gesch\u00e4tzte Lesezeit\" \/>\n\t<meta name=\"twitter:data1\" content=\"1\u00a0Minute\" \/>\n<script type=\"application\/ld+json\" class=\"yoast-schema-graph\">{\"@context\":\"https:\\\/\\\/schema.org\",\"@graph\":[{\"@type\":\"WebPage\",\"@id\":\"https:\\\/\\\/gelidsolutions.com\\\/de\\\/produkt\\\/nexus-pc-headset-halter\\\/\",\"url\":\"https:\\\/\\\/gelidsolutions.com\\\/de\\\/produkt\\\/nexus-pc-headset-halter\\\/\",\"name\":\"NEXUS-PC-HEADSET-HALTERUNG - Gelid Solutions\",\"isPartOf\":{\"@id\":\"https:\\\/\\\/gelidsolutions.com\\\/de\\\/#website\"},\"primaryImageOfPage\":{\"@id\":\"https:\\\/\\\/gelidsolutions.com\\\/de\\\/produkt\\\/nexus-pc-headset-halter\\\/#primaryimage\"},\"image\":{\"@id\":\"https:\\\/\\\/gelidsolutions.com\\\/de\\\/produkt\\\/nexus-pc-headset-halter\\\/#primaryimage\"},\"thumbnailUrl\":\"https:\\\/\\\/gelidsolutions.com\\\/wp-content\\\/uploads\\\/2022\\\/10\\\/IMG_2811-e1677587749789-1024x1024-1-e1687849340956.webp\",\"datePublished\":\"2022-10-19T08:32:27+00:00\",\"dateModified\":\"2023-07-11T07:45:17+00:00\",\"breadcrumb\":{\"@id\":\"https:\\\/\\\/gelidsolutions.com\\\/de\\\/produkt\\\/nexus-pc-headset-halter\\\/#breadcrumb\"},\"inLanguage\":\"de\",\"potentialAction\":[{\"@type\":\"ReadAction\",\"target\":[\"https:\\\/\\\/gelidsolutions.com\\\/de\\\/produkt\\\/nexus-pc-headset-halter\\\/\"]}]},{\"@type\":\"ImageObject\",\"inLanguage\":\"de\",\"@id\":\"https:\\\/\\\/gelidsolutions.com\\\/de\\\/produkt\\\/nexus-pc-headset-halter\\\/#primaryimage\",\"url\":\"https:\\\/\\\/gelidsolutions.com\\\/wp-content\\\/uploads\\\/2022\\\/10\\\/IMG_2811-e1677587749789-1024x1024-1-e1687849340956.webp\",\"contentUrl\":\"https:\\\/\\\/gelidsolutions.com\\\/wp-content\\\/uploads\\\/2022\\\/10\\\/IMG_2811-e1677587749789-1024x1024-1-e1687849340956.webp\",\"width\":1024,\"height\":1024},{\"@type\":\"BreadcrumbList\",\"@id\":\"https:\\\/\\\/gelidsolutions.com\\\/de\\\/produkt\\\/nexus-pc-headset-halter\\\/#breadcrumb\",\"itemListElement\":[{\"@type\":\"ListItem\",\"position\":1,\"name\":\"Home\",\"item\":\"https:\\\/\\\/gelidsolutions.com\\\/de\\\/\"},{\"@type\":\"ListItem\",\"position\":2,\"name\":\"Shop\",\"item\":\"https:\\\/\\\/gelidsolutions.com\\\/shop\\\/\"},{\"@type\":\"ListItem\",\"position\":3,\"name\":\"NEXUS-PC-HEADSET-HALTERUNG\"}]},{\"@type\":\"WebSite\",\"@id\":\"https:\\\/\\\/gelidsolutions.com\\\/de\\\/#website\",\"url\":\"https:\\\/\\\/gelidsolutions.com\\\/de\\\/\",\"name\":\"Gelid Solutions\",\"description\":\"\",\"publisher\":{\"@id\":\"https:\\\/\\\/gelidsolutions.com\\\/de\\\/#organization\"},\"potentialAction\":[{\"@type\":\"SearchAction\",\"target\":{\"@type\":\"EntryPoint\",\"urlTemplate\":\"https:\\\/\\\/gelidsolutions.com\\\/de\\\/?s={search_term_string}\"},\"query-input\":{\"@type\":\"PropertyValueSpecification\",\"valueRequired\":true,\"valueName\":\"search_term_string\"}}],\"inLanguage\":\"de\"},{\"@type\":\"Organization\",\"@id\":\"https:\\\/\\\/gelidsolutions.com\\\/de\\\/#organization\",\"name\":\"Gelid Solutions\",\"url\":\"https:\\\/\\\/gelidsolutions.com\\\/de\\\/\",\"logo\":{\"@type\":\"ImageObject\",\"inLanguage\":\"de\",\"@id\":\"https:\\\/\\\/gelidsolutions.com\\\/de\\\/#\\\/schema\\\/logo\\\/image\\\/\",\"url\":\"https:\\\/\\\/gelidsolutions.com\\\/wp-content\\\/uploads\\\/2022\\\/06\\\/logo_white_104_104.gif\",\"contentUrl\":\"https:\\\/\\\/gelidsolutions.com\\\/wp-content\\\/uploads\\\/2022\\\/06\\\/logo_white_104_104.gif\",\"width\":104,\"height\":104,\"caption\":\"Gelid Solutions\"},\"image\":{\"@id\":\"https:\\\/\\\/gelidsolutions.com\\\/de\\\/#\\\/schema\\\/logo\\\/image\\\/\"}}]}<\/script>\n<!-- \/ Yoast SEO plugin. -->","yoast_head_json":{"title":"NEXUS-PC-HEADSET-HALTERUNG - Gelid Solutions","robots":{"index":"index","follow":"follow","max-snippet":"max-snippet:-1","max-image-preview":"max-image-preview:large","max-video-preview":"max-video-preview:-1"},"canonical":"https:\/\/gelidsolutions.com\/de\/produkt\/nexus-pc-headset-halter\/","og_locale":"de_DE","og_type":"article","og_title":"NEXUS-PC-HEADSET-HALTERUNG - Gelid Solutions","og_description":"H\u00e4lt bis zu 1kg  360-Grad-Drehung  Passend f\u00fcr Schreibtische mit einer Dicke von 10\u201342 mm  Kabelmanagement  Datenschnittstelle mit TF-Karte, SD-Karte, USB 2.0 x 3  Europe","og_url":"https:\/\/gelidsolutions.com\/de\/produkt\/nexus-pc-headset-halter\/","og_site_name":"Gelid Solutions","article_modified_time":"2023-07-11T07:45:17+00:00","og_image":[{"width":1024,"height":1024,"url":"https:\/\/gelidsolutions.com\/wp-content\/uploads\/2022\/10\/IMG_2811-e1677587749789-1024x1024-1-e1687849340956.webp","type":"image\/webp"}],"twitter_card":"summary_large_image","twitter_misc":{"Gesch\u00e4tzte Lesezeit":"1\u00a0Minute"},"schema":{"@context":"https:\/\/schema.org","@graph":[{"@type":"WebPage","@id":"https:\/\/gelidsolutions.com\/de\/produkt\/nexus-pc-headset-halter\/","url":"https:\/\/gelidsolutions.com\/de\/produkt\/nexus-pc-headset-halter\/","name":"NEXUS-PC-HEADSET-HALTERUNG - Gelid Solutions","isPartOf":{"@id":"https:\/\/gelidsolutions.com\/de\/#website"},"primaryImageOfPage":{"@id":"https:\/\/gelidsolutions.com\/de\/produkt\/nexus-pc-headset-halter\/#primaryimage"},"image":{"@id":"https:\/\/gelidsolutions.com\/de\/produkt\/nexus-pc-headset-halter\/#primaryimage"},"thumbnailUrl":"https:\/\/gelidsolutions.com\/wp-content\/uploads\/2022\/10\/IMG_2811-e1677587749789-1024x1024-1-e1687849340956.webp","datePublished":"2022-10-19T08:32:27+00:00","dateModified":"2023-07-11T07:45:17+00:00","breadcrumb":{"@id":"https:\/\/gelidsolutions.com\/de\/produkt\/nexus-pc-headset-halter\/#breadcrumb"},"inLanguage":"de","potentialAction":[{"@type":"ReadAction","target":["https:\/\/gelidsolutions.com\/de\/produkt\/nexus-pc-headset-halter\/"]}]},{"@type":"ImageObject","inLanguage":"de","@id":"https:\/\/gelidsolutions.com\/de\/produkt\/nexus-pc-headset-halter\/#primaryimage","url":"https:\/\/gelidsolutions.com\/wp-content\/uploads\/2022\/10\/IMG_2811-e1677587749789-1024x1024-1-e1687849340956.webp","contentUrl":"https:\/\/gelidsolutions.com\/wp-content\/uploads\/2022\/10\/IMG_2811-e1677587749789-1024x1024-1-e1687849340956.webp","width":1024,"height":1024},{"@type":"BreadcrumbList","@id":"https:\/\/gelidsolutions.com\/de\/produkt\/nexus-pc-headset-halter\/#breadcrumb","itemListElement":[{"@type":"ListItem","position":1,"name":"Home","item":"https:\/\/gelidsolutions.com\/de\/"},{"@type":"ListItem","position":2,"name":"Shop","item":"https:\/\/gelidsolutions.com\/shop\/"},{"@type":"ListItem","position":3,"name":"NEXUS-PC-HEADSET-HALTERUNG"}]},{"@type":"WebSite","@id":"https:\/\/gelidsolutions.com\/de\/#website","url":"https:\/\/gelidsolutions.com\/de\/","name":"Gelid Solutions","description":"","publisher":{"@id":"https:\/\/gelidsolutions.com\/de\/#organization"},"potentialAction":[{"@type":"SearchAction","target":{"@type":"EntryPoint","urlTemplate":"https:\/\/gelidsolutions.com\/de\/?s={search_term_string}"},"query-input":{"@type":"PropertyValueSpecification","valueRequired":true,"valueName":"search_term_string"}}],"inLanguage":"de"},{"@type":"Organization","@id":"https:\/\/gelidsolutions.com\/de\/#organization","name":"Gelid Solutions","url":"https:\/\/gelidsolutions.com\/de\/","logo":{"@type":"ImageObject","inLanguage":"de","@id":"https:\/\/gelidsolutions.com\/de\/#\/schema\/logo\/image\/","url":"https:\/\/gelidsolutions.com\/wp-content\/uploads\/2022\/06\/logo_white_104_104.gif","contentUrl":"https:\/\/gelidsolutions.com\/wp-content\/uploads\/2022\/06\/logo_white_104_104.gif","width":104,"height":104,"caption":"Gelid Solutions"},"image":{"@id":"https:\/\/gelidsolutions.com\/de\/#\/schema\/logo\/image\/"}}]}},"_links":{"self":[{"href":"https:\/\/gelidsolutions.com\/de\/wp-json\/wp\/v2\/product\/122446","targetHints":{"allow":["GET"]}}],"collection":[{"href":"https:\/\/gelidsolutions.com\/de\/wp-json\/wp\/v2\/product"}],"about":[{"href":"https:\/\/gelidsolutions.com\/de\/wp-json\/wp\/v2\/types\/product"}],"replies":[{"embeddable":true,"href":"https:\/\/gelidsolutions.com\/de\/wp-json\/wp\/v2\/comments?post=122446"}],"wp:featuredmedia":[{"embeddable":true,"href":"https:\/\/gelidsolutions.com\/de\/wp-json\/wp\/v2\/media\/127590"}],"wp:attachment":[{"href":"https:\/\/gelidsolutions.com\/de\/wp-json\/wp\/v2\/media?parent=122446"}],"wp:term":[{"taxonomy":"product_cat","embeddable":true,"href":"https:\/\/gelidsolutions.com\/de\/wp-json\/wp\/v2\/product_cat?post=122446"},{"taxonomy":"product_tag","embeddable":true,"href":"https:\/\/gelidsolutions.com\/de\/wp-json\/wp\/v2\/product_tag?post=122446"}],"curies":[{"name":"wp","href":"https:\/\/api.w.org\/{rel}","templated":true}]}}