{"id":126323,"date":"2022-10-19T16:29:33","date_gmt":"2022-10-19T08:29:33","guid":{"rendered":"https:\/\/gelidsolutions.com\/product\/icecap-pro-m-2-ssd-cooler\/"},"modified":"2024-05-20T00:00:10","modified_gmt":"2024-05-19T16:00:10","slug":"icecap-pro-m-2-ssd-kuhler","status":"publish","type":"product","link":"https:\/\/gelidsolutions.com\/de\/produkt\/icecap-pro-m-2-ssd-kuhler\/","title":{"rendered":"ICECAP PRO M.2 SSD-K\u00dcHLER"},"content":{"rendered":"<div class=\"wpb-content-wrapper\"><section class=\"vc_row wpb_row vc_row-fluid\"><div class=\"wpb_column vc_column_container col-xs-mobile-fullwidth vc_col-sm-12\"><div class=\"vc_column-inner\"><div class=\"wpb_wrapper\"><div class=\"wpb_single_image    hongo-full-width-single-image\">\n\t\t\t<figure class=\"wpb_wrapper vc_figure\">\n\t\t\t\t<div class=\"vc_single_image-wrapper  \"><img loading=\"lazy\" decoding=\"async\" width=\"1200\" height=\"800\" src=\"https:\/\/gelidsolutions.com\/wp-content\/uploads\/2023\/06\/IceCap-Pro_Latest-News_02_1200x800_GE-2.png\" class=\"vc_single_image-img attachment-full\" alt=\"\" title=\"IceCap Pro_Latest News_02_1200x800_GE (2)\" srcset=\"https:\/\/gelidsolutions.com\/wp-content\/uploads\/2023\/06\/IceCap-Pro_Latest-News_02_1200x800_GE-2.png 1200w, https:\/\/gelidsolutions.com\/wp-content\/uploads\/2023\/06\/IceCap-Pro_Latest-News_02_1200x800_GE-2-300x200.png 300w, https:\/\/gelidsolutions.com\/wp-content\/uploads\/2023\/06\/IceCap-Pro_Latest-News_02_1200x800_GE-2-1024x683.png 1024w, https:\/\/gelidsolutions.com\/wp-content\/uploads\/2023\/06\/IceCap-Pro_Latest-News_02_1200x800_GE-2-768x512.png 768w, https:\/\/gelidsolutions.com\/wp-content\/uploads\/2023\/06\/IceCap-Pro_Latest-News_02_1200x800_GE-2-84x56.png 84w, https:\/\/gelidsolutions.com\/wp-content\/uploads\/2023\/06\/IceCap-Pro_Latest-News_02_1200x800_GE-2-200x133.png 200w, https:\/\/gelidsolutions.com\/wp-content\/uploads\/2023\/06\/IceCap-Pro_Latest-News_02_1200x800_GE-2-450x300.png 450w, https:\/\/gelidsolutions.com\/wp-content\/uploads\/2023\/06\/IceCap-Pro_Latest-News_02_1200x800_GE-2-1185x790.png 1185w, https:\/\/gelidsolutions.com\/wp-content\/uploads\/2023\/06\/IceCap-Pro_Latest-News_02_1200x800_GE-2-360x240.png 360w, https:\/\/gelidsolutions.com\/wp-content\/uploads\/2023\/06\/IceCap-Pro_Latest-News_02_1200x800_GE-2-800x533.png 800w, https:\/\/gelidsolutions.com\/wp-content\/uploads\/2023\/06\/IceCap-Pro_Latest-News_02_1200x800_GE-2-135x90.png 135w\" sizes=\"auto, (max-width: 1200px) 100vw, 1200px\" \/><\/div>\n\t\t\t<\/figure>\n\t\t\t\n\t\t<\/div><div class=\"vc_empty_space\"   style=\"height: 15px\"><span class=\"vc_empty_space_inner\"><\/span><\/div><div class=\"wpb_single_image    hongo-full-width-single-image\">\n\t\t\t<figure class=\"wpb_wrapper vc_figure\">\n\t\t\t\t<div class=\"vc_single_image-wrapper  \"><img loading=\"lazy\" decoding=\"async\" width=\"2560\" height=\"1280\" src=\"https:\/\/gelidsolutions.com\/wp-content\/uploads\/2022\/10\/IceCap-Pro_Banner_01-5333x2667-\u8085\u6045.png\" class=\"vc_single_image-img attachment-full\" alt=\"\" title=\"IceCap Pro_Banner_01 5333x2667 \u8085\u6045\" srcset=\"https:\/\/gelidsolutions.com\/wp-content\/uploads\/2022\/10\/IceCap-Pro_Banner_01-5333x2667-\u8085\u6045.png 2560w, https:\/\/gelidsolutions.com\/wp-content\/uploads\/2022\/10\/IceCap-Pro_Banner_01-5333x2667-\u8085\u6045-300x150.png 300w, https:\/\/gelidsolutions.com\/wp-content\/uploads\/2022\/10\/IceCap-Pro_Banner_01-5333x2667-\u8085\u6045-1024x512.png 1024w, https:\/\/gelidsolutions.com\/wp-content\/uploads\/2022\/10\/IceCap-Pro_Banner_01-5333x2667-\u8085\u6045-768x384.png 768w, https:\/\/gelidsolutions.com\/wp-content\/uploads\/2022\/10\/IceCap-Pro_Banner_01-5333x2667-\u8085\u6045-1536x768.png 1536w, https:\/\/gelidsolutions.com\/wp-content\/uploads\/2022\/10\/IceCap-Pro_Banner_01-5333x2667-\u8085\u6045-2048x1024.png 2048w, https:\/\/gelidsolutions.com\/wp-content\/uploads\/2022\/10\/IceCap-Pro_Banner_01-5333x2667-\u8085\u6045-84x42.png 84w, https:\/\/gelidsolutions.com\/wp-content\/uploads\/2022\/10\/IceCap-Pro_Banner_01-5333x2667-\u8085\u6045-200x100.png 200w, https:\/\/gelidsolutions.com\/wp-content\/uploads\/2022\/10\/IceCap-Pro_Banner_01-5333x2667-\u8085\u6045-450x225.png 450w, https:\/\/gelidsolutions.com\/wp-content\/uploads\/2022\/10\/IceCap-Pro_Banner_01-5333x2667-\u8085\u6045-1200x600.png 1200w, https:\/\/gelidsolutions.com\/wp-content\/uploads\/2022\/10\/IceCap-Pro_Banner_01-5333x2667-\u8085\u6045-360x180.png 360w, https:\/\/gelidsolutions.com\/wp-content\/uploads\/2022\/10\/IceCap-Pro_Banner_01-5333x2667-\u8085\u6045-800x400.png 800w\" sizes=\"auto, (max-width: 2560px) 100vw, 2560px\" \/><\/div>\n\t\t\t<\/figure>\n\t\t\t\n\t\t<\/div><div class=\"vc_empty_space\"   style=\"height: 15px\"><span class=\"vc_empty_space_inner\"><\/span><\/div><div class=\"wpb_single_image    hongo-full-width-single-image\">\n\t\t\t<figure class=\"wpb_wrapper vc_figure\">\n\t\t\t\t<div class=\"vc_single_image-wrapper  \"><img loading=\"lazy\" decoding=\"async\" width=\"2560\" height=\"1280\" src=\"https:\/\/gelidsolutions.com\/wp-content\/uploads\/2022\/10\/IceCap-Pro_Banner_02-5333x2667-\u8085\u6045.png\" class=\"vc_single_image-img attachment-full\" alt=\"\" title=\"IceCap Pro_Banner_02 5333x2667 \u8085\u6045\" srcset=\"https:\/\/gelidsolutions.com\/wp-content\/uploads\/2022\/10\/IceCap-Pro_Banner_02-5333x2667-\u8085\u6045.png 2560w, https:\/\/gelidsolutions.com\/wp-content\/uploads\/2022\/10\/IceCap-Pro_Banner_02-5333x2667-\u8085\u6045-300x150.png 300w, https:\/\/gelidsolutions.com\/wp-content\/uploads\/2022\/10\/IceCap-Pro_Banner_02-5333x2667-\u8085\u6045-1024x512.png 1024w, https:\/\/gelidsolutions.com\/wp-content\/uploads\/2022\/10\/IceCap-Pro_Banner_02-5333x2667-\u8085\u6045-768x384.png 768w, https:\/\/gelidsolutions.com\/wp-content\/uploads\/2022\/10\/IceCap-Pro_Banner_02-5333x2667-\u8085\u6045-1536x768.png 1536w, https:\/\/gelidsolutions.com\/wp-content\/uploads\/2022\/10\/IceCap-Pro_Banner_02-5333x2667-\u8085\u6045-2048x1024.png 2048w, https:\/\/gelidsolutions.com\/wp-content\/uploads\/2022\/10\/IceCap-Pro_Banner_02-5333x2667-\u8085\u6045-84x42.png 84w, https:\/\/gelidsolutions.com\/wp-content\/uploads\/2022\/10\/IceCap-Pro_Banner_02-5333x2667-\u8085\u6045-200x100.png 200w, https:\/\/gelidsolutions.com\/wp-content\/uploads\/2022\/10\/IceCap-Pro_Banner_02-5333x2667-\u8085\u6045-450x225.png 450w, https:\/\/gelidsolutions.com\/wp-content\/uploads\/2022\/10\/IceCap-Pro_Banner_02-5333x2667-\u8085\u6045-1200x600.png 1200w, https:\/\/gelidsolutions.com\/wp-content\/uploads\/2022\/10\/IceCap-Pro_Banner_02-5333x2667-\u8085\u6045-360x180.png 360w, https:\/\/gelidsolutions.com\/wp-content\/uploads\/2022\/10\/IceCap-Pro_Banner_02-5333x2667-\u8085\u6045-800x400.png 800w\" sizes=\"auto, (max-width: 2560px) 100vw, 2560px\" \/><\/div>\n\t\t\t<\/figure>\n\t\t\t\n\t\t<\/div><div class=\"vc_empty_space\"   style=\"height: 15px\"><span class=\"vc_empty_space_inner\"><\/span><\/div><div class=\"wpb_single_image    hongo-full-width-single-image\">\n\t\t\t<figure class=\"wpb_wrapper vc_figure\">\n\t\t\t\t<div class=\"vc_single_image-wrapper  \"><img loading=\"lazy\" decoding=\"async\" width=\"2560\" height=\"1280\" src=\"https:\/\/gelidsolutions.com\/wp-content\/uploads\/2022\/10\/IceCap-Pro_Banner_03-5333x2667-\u8085\u6045.png\" class=\"vc_single_image-img attachment-full\" alt=\"\" title=\"IceCap Pro_Banner_03 5333x2667 \u8085\u6045\" srcset=\"https:\/\/gelidsolutions.com\/wp-content\/uploads\/2022\/10\/IceCap-Pro_Banner_03-5333x2667-\u8085\u6045.png 2560w, https:\/\/gelidsolutions.com\/wp-content\/uploads\/2022\/10\/IceCap-Pro_Banner_03-5333x2667-\u8085\u6045-300x150.png 300w, https:\/\/gelidsolutions.com\/wp-content\/uploads\/2022\/10\/IceCap-Pro_Banner_03-5333x2667-\u8085\u6045-1024x512.png 1024w, https:\/\/gelidsolutions.com\/wp-content\/uploads\/2022\/10\/IceCap-Pro_Banner_03-5333x2667-\u8085\u6045-768x384.png 768w, https:\/\/gelidsolutions.com\/wp-content\/uploads\/2022\/10\/IceCap-Pro_Banner_03-5333x2667-\u8085\u6045-1536x768.png 1536w, https:\/\/gelidsolutions.com\/wp-content\/uploads\/2022\/10\/IceCap-Pro_Banner_03-5333x2667-\u8085\u6045-2048x1024.png 2048w, https:\/\/gelidsolutions.com\/wp-content\/uploads\/2022\/10\/IceCap-Pro_Banner_03-5333x2667-\u8085\u6045-84x42.png 84w, https:\/\/gelidsolutions.com\/wp-content\/uploads\/2022\/10\/IceCap-Pro_Banner_03-5333x2667-\u8085\u6045-200x100.png 200w, https:\/\/gelidsolutions.com\/wp-content\/uploads\/2022\/10\/IceCap-Pro_Banner_03-5333x2667-\u8085\u6045-450x225.png 450w, https:\/\/gelidsolutions.com\/wp-content\/uploads\/2022\/10\/IceCap-Pro_Banner_03-5333x2667-\u8085\u6045-1200x600.png 1200w, https:\/\/gelidsolutions.com\/wp-content\/uploads\/2022\/10\/IceCap-Pro_Banner_03-5333x2667-\u8085\u6045-360x180.png 360w, https:\/\/gelidsolutions.com\/wp-content\/uploads\/2022\/10\/IceCap-Pro_Banner_03-5333x2667-\u8085\u6045-800x400.png 800w\" sizes=\"auto, (max-width: 2560px) 100vw, 2560px\" \/><\/div>\n\t\t\t<\/figure>\n\t\t\t\n\t\t<\/div><div class=\"vc_empty_space\"   style=\"height: 15px\"><span class=\"vc_empty_space_inner\"><\/span><\/div><div class=\"wpb_single_image    hongo-full-width-single-image\">\n\t\t\t<figure class=\"wpb_wrapper vc_figure\">\n\t\t\t\t<div class=\"vc_single_image-wrapper  \"><img loading=\"lazy\" decoding=\"async\" width=\"2560\" height=\"1280\" src=\"https:\/\/gelidsolutions.com\/wp-content\/uploads\/2022\/10\/IceCap-Pro_Banner_04-5333x2667-\u8085\u6045.png\" class=\"vc_single_image-img attachment-full\" alt=\"\" title=\"IceCap Pro_Banner_04 5333x2667 \u8085\u6045\" srcset=\"https:\/\/gelidsolutions.com\/wp-content\/uploads\/2022\/10\/IceCap-Pro_Banner_04-5333x2667-\u8085\u6045.png 2560w, https:\/\/gelidsolutions.com\/wp-content\/uploads\/2022\/10\/IceCap-Pro_Banner_04-5333x2667-\u8085\u6045-300x150.png 300w, https:\/\/gelidsolutions.com\/wp-content\/uploads\/2022\/10\/IceCap-Pro_Banner_04-5333x2667-\u8085\u6045-1024x512.png 1024w, https:\/\/gelidsolutions.com\/wp-content\/uploads\/2022\/10\/IceCap-Pro_Banner_04-5333x2667-\u8085\u6045-768x384.png 768w, https:\/\/gelidsolutions.com\/wp-content\/uploads\/2022\/10\/IceCap-Pro_Banner_04-5333x2667-\u8085\u6045-1536x768.png 1536w, https:\/\/gelidsolutions.com\/wp-content\/uploads\/2022\/10\/IceCap-Pro_Banner_04-5333x2667-\u8085\u6045-2048x1024.png 2048w, https:\/\/gelidsolutions.com\/wp-content\/uploads\/2022\/10\/IceCap-Pro_Banner_04-5333x2667-\u8085\u6045-84x42.png 84w, https:\/\/gelidsolutions.com\/wp-content\/uploads\/2022\/10\/IceCap-Pro_Banner_04-5333x2667-\u8085\u6045-200x100.png 200w, https:\/\/gelidsolutions.com\/wp-content\/uploads\/2022\/10\/IceCap-Pro_Banner_04-5333x2667-\u8085\u6045-450x225.png 450w, https:\/\/gelidsolutions.com\/wp-content\/uploads\/2022\/10\/IceCap-Pro_Banner_04-5333x2667-\u8085\u6045-1200x600.png 1200w, https:\/\/gelidsolutions.com\/wp-content\/uploads\/2022\/10\/IceCap-Pro_Banner_04-5333x2667-\u8085\u6045-360x180.png 360w, https:\/\/gelidsolutions.com\/wp-content\/uploads\/2022\/10\/IceCap-Pro_Banner_04-5333x2667-\u8085\u6045-800x400.png 800w\" sizes=\"auto, (max-width: 2560px) 100vw, 2560px\" \/><\/div>\n\t\t\t<\/figure>\n\t\t\t\n\t\t<\/div><div class=\"vc_empty_space\"   style=\"height: 15px\"><span class=\"vc_empty_space_inner\"><\/span><\/div><div class=\"text-block-content hongo-text-block-1 last-paragraph-no-margin\"><div class=\"entry-content\">\n<section class=\"vc_row wpb_row vc_row-fluid vc_custom_1654769359352\">\n<div class=\"wpb_column vc_column_container col-xs-mobile-fullwidth vc_col-sm-12\">\n<div class=\"vc_column-inner\">\n<div class=\"wpb_wrapper\"><\/div>\n<\/div>\n<\/div>\n<\/section>\n<\/div>\n<h4>IceCap Pro (HS-M2-SSD-22)<br \/>\nM.2 SSD-K\u00fchlungsset<\/h4>\n<h4>IceCap Pro ist so konzipiert, dass Ihr M.2 SSD bei jeder Arbeitslast und in jedem Nutzungsszenario k\u00fchlen, die Leistung des Laufwerks steigern und seine Lebensdauer verl\u00e4ngern.<\/h4>\n<h4>Der neu gestaltete Aluminium-K\u00fchlk\u00f6rper, der aktive PWM-L\u00fcfter, der direkte Kontakt der Enhanced Heat Pipe, die Hochleistungs-W\u00e4rmeleitpads und die sichere Befestigung sorgen f\u00fcr eine perfekte W\u00e4rmeableitung und eine deutlich niedrigere Betriebstemperatur der M.2 Typ SSD-Controller und Speicher-ICs.<\/h4>\n<h4>Einfache und zuverl\u00e4ssige Installation. Das Zubeh\u00f6r, das Sie ben\u00f6tigen, ist im Produktpaket enthalten, und die Installation ist einfach und schnell.<\/h4>\n<h4>Mach deine SSD eiskalt und rasend schnell!!<\/h4>\n<h2><strong>EAN: 4897025783676<\/strong><\/h2>\n<\/div>\n\t<div class=\"wpb_video_widget wpb_content_element vc_clearfix   vc_video-aspect-ratio-169 vc_video-el-width-100 vc_video-align-left\" >\n\t\t<div class=\"wpb_wrapper\">\n\t\t\t\n\t\t\t<div class=\"wpb_video_wrapper\"><iframe loading=\"lazy\" title=\"Dissipador para NVMe Gelid Solutions IceCap Pro [Unboxing ASMR]\" width=\"500\" height=\"281\" src=\"https:\/\/www.youtube.com\/embed\/uqfH1UlQC8k?feature=oembed\" frameborder=\"0\" allow=\"accelerometer; autoplay; clipboard-write; encrypted-media; gyroscope; picture-in-picture; web-share\" allowfullscreen><\/iframe><\/div>\n\t\t<\/div>\n\t<\/div>\n<\/div><\/div><\/div><\/section>\n<\/div>","protected":false},"excerpt":{"rendered":"<ul>\n<li>Ausgezeichnete W\u00e4rmeableitung<\/li>\n<li>Passend f\u00fcr alle M.2 Typ 2280 SSD<\/li>\n<li>Aktive K\u00fchlung PWM-L\u00fcfter<\/li>\n<li>Hochleistungs-W\u00e4rmerohre<\/li>\n<\/ul>\n","protected":false},"featured_media":126497,"comment_status":"open","ping_status":"closed","template":"","meta":{"_acf_changed":false},"product_cat":[305,561,332,506],"product_tag":[],"class_list":{"0":"post-126323","1":"product","2":"type-product","3":"status-publish","4":"has-post-thumbnail","6":"product_cat-kuehlloesungen","7":"product_cat-ssd-cooler-thermal-solutions-de","8":"product_cat-ssd-kuehler","9":"product_cat-zubehor","11":"first","12":"instock","13":"taxable","14":"shipping-taxable","15":"purchasable","16":"product-type-simple"},"supplier_id":null,"supplier_sku":"","barcode":"4897025783676","atum_controlled":true,"out_stock_date":null,"out_stock_threshold":null,"inheritable":false,"inbound_stock":0,"stock_on_hold":0,"sold_today":0,"sales_last_days":0,"reserved_stock":0,"customer_returns":0,"warehouse_damage":0,"lost_in_post":0,"other_logs":0,"out_stock_days":0,"lost_sales":0,"has_location":false,"update_date":"2026-04-04T00:04:16","atum_locations":[],"atum_stock_status":"instock","restock_status":false,"low_stock_amount":"","sales_update_date":"2026-04-04T00:04:16","calc_backorders":null,"acf":[],"yoast_head":"<!-- This site is optimized with the Yoast SEO plugin v27.3 - https:\/\/yoast.com\/product\/yoast-seo-wordpress\/ -->\n<title>ICECAP PRO M.2 SSD-K\u00dcHLER - Gelid Solutions<\/title>\n<meta name=\"robots\" content=\"index, follow, max-snippet:-1, max-image-preview:large, max-video-preview:-1\" \/>\n<link rel=\"canonical\" href=\"https:\/\/gelidsolutions.com\/de\/produkt\/icecap-pro-m-2-ssd-kuhler\/\" \/>\n<meta property=\"og:locale\" content=\"de_DE\" \/>\n<meta property=\"og:type\" content=\"article\" \/>\n<meta property=\"og:title\" content=\"ICECAP PRO M.2 SSD-K\u00dcHLER - Gelid Solutions\" \/>\n<meta property=\"og:description\" content=\"Ausgezeichnete W\u00e4rmeableitung  Passend f\u00fcr alle M.2 Typ 2280 SSD  Aktive K\u00fchlung PWM-L\u00fcfter  Hochleistungs-W\u00e4rmerohre\" \/>\n<meta property=\"og:url\" content=\"https:\/\/gelidsolutions.com\/de\/produkt\/icecap-pro-m-2-ssd-kuhler\/\" \/>\n<meta property=\"og:site_name\" content=\"Gelid Solutions\" \/>\n<meta property=\"article:modified_time\" content=\"2024-05-19T16:00:10+00:00\" \/>\n<meta property=\"og:image\" content=\"https:\/\/gelidsolutions.com\/wp-content\/uploads\/2022\/10\/IMG_5765-1-1024x1024.png\" \/>\n\t<meta property=\"og:image:width\" content=\"1024\" \/>\n\t<meta property=\"og:image:height\" content=\"1024\" \/>\n\t<meta property=\"og:image:type\" content=\"image\/png\" \/>\n<meta name=\"twitter:card\" content=\"summary_large_image\" \/>\n<meta name=\"twitter:label1\" content=\"Gesch\u00e4tzte Lesezeit\" \/>\n\t<meta name=\"twitter:data1\" content=\"1\u00a0Minute\" \/>\n<script type=\"application\/ld+json\" class=\"yoast-schema-graph\">{\"@context\":\"https:\\\/\\\/schema.org\",\"@graph\":[{\"@type\":\"WebPage\",\"@id\":\"https:\\\/\\\/gelidsolutions.com\\\/de\\\/produkt\\\/icecap-pro-m-2-ssd-kuhler\\\/\",\"url\":\"https:\\\/\\\/gelidsolutions.com\\\/de\\\/produkt\\\/icecap-pro-m-2-ssd-kuhler\\\/\",\"name\":\"ICECAP PRO M.2 SSD-K\u00dcHLER - Gelid Solutions\",\"isPartOf\":{\"@id\":\"https:\\\/\\\/gelidsolutions.com\\\/de\\\/#website\"},\"primaryImageOfPage\":{\"@id\":\"https:\\\/\\\/gelidsolutions.com\\\/de\\\/produkt\\\/icecap-pro-m-2-ssd-kuhler\\\/#primaryimage\"},\"image\":{\"@id\":\"https:\\\/\\\/gelidsolutions.com\\\/de\\\/produkt\\\/icecap-pro-m-2-ssd-kuhler\\\/#primaryimage\"},\"thumbnailUrl\":\"https:\\\/\\\/gelidsolutions.com\\\/wp-content\\\/uploads\\\/2022\\\/10\\\/IMG_5765-1.png\",\"datePublished\":\"2022-10-19T08:29:33+00:00\",\"dateModified\":\"2024-05-19T16:00:10+00:00\",\"breadcrumb\":{\"@id\":\"https:\\\/\\\/gelidsolutions.com\\\/de\\\/produkt\\\/icecap-pro-m-2-ssd-kuhler\\\/#breadcrumb\"},\"inLanguage\":\"de\",\"potentialAction\":[{\"@type\":\"ReadAction\",\"target\":[\"https:\\\/\\\/gelidsolutions.com\\\/de\\\/produkt\\\/icecap-pro-m-2-ssd-kuhler\\\/\"]}]},{\"@type\":\"ImageObject\",\"inLanguage\":\"de\",\"@id\":\"https:\\\/\\\/gelidsolutions.com\\\/de\\\/produkt\\\/icecap-pro-m-2-ssd-kuhler\\\/#primaryimage\",\"url\":\"https:\\\/\\\/gelidsolutions.com\\\/wp-content\\\/uploads\\\/2022\\\/10\\\/IMG_5765-1.png\",\"contentUrl\":\"https:\\\/\\\/gelidsolutions.com\\\/wp-content\\\/uploads\\\/2022\\\/10\\\/IMG_5765-1.png\",\"width\":3393,\"height\":3393},{\"@type\":\"BreadcrumbList\",\"@id\":\"https:\\\/\\\/gelidsolutions.com\\\/de\\\/produkt\\\/icecap-pro-m-2-ssd-kuhler\\\/#breadcrumb\",\"itemListElement\":[{\"@type\":\"ListItem\",\"position\":1,\"name\":\"Home\",\"item\":\"https:\\\/\\\/gelidsolutions.com\\\/de\\\/\"},{\"@type\":\"ListItem\",\"position\":2,\"name\":\"Shop\",\"item\":\"https:\\\/\\\/gelidsolutions.com\\\/shop\\\/\"},{\"@type\":\"ListItem\",\"position\":3,\"name\":\"ICECAP PRO M.2 SSD-K\u00dcHLER\"}]},{\"@type\":\"WebSite\",\"@id\":\"https:\\\/\\\/gelidsolutions.com\\\/de\\\/#website\",\"url\":\"https:\\\/\\\/gelidsolutions.com\\\/de\\\/\",\"name\":\"Gelid Solutions\",\"description\":\"\",\"publisher\":{\"@id\":\"https:\\\/\\\/gelidsolutions.com\\\/de\\\/#organization\"},\"potentialAction\":[{\"@type\":\"SearchAction\",\"target\":{\"@type\":\"EntryPoint\",\"urlTemplate\":\"https:\\\/\\\/gelidsolutions.com\\\/de\\\/?s={search_term_string}\"},\"query-input\":{\"@type\":\"PropertyValueSpecification\",\"valueRequired\":true,\"valueName\":\"search_term_string\"}}],\"inLanguage\":\"de\"},{\"@type\":\"Organization\",\"@id\":\"https:\\\/\\\/gelidsolutions.com\\\/de\\\/#organization\",\"name\":\"Gelid Solutions\",\"url\":\"https:\\\/\\\/gelidsolutions.com\\\/de\\\/\",\"logo\":{\"@type\":\"ImageObject\",\"inLanguage\":\"de\",\"@id\":\"https:\\\/\\\/gelidsolutions.com\\\/de\\\/#\\\/schema\\\/logo\\\/image\\\/\",\"url\":\"https:\\\/\\\/gelidsolutions.com\\\/wp-content\\\/uploads\\\/2022\\\/06\\\/logo_white_104_104.gif\",\"contentUrl\":\"https:\\\/\\\/gelidsolutions.com\\\/wp-content\\\/uploads\\\/2022\\\/06\\\/logo_white_104_104.gif\",\"width\":104,\"height\":104,\"caption\":\"Gelid Solutions\"},\"image\":{\"@id\":\"https:\\\/\\\/gelidsolutions.com\\\/de\\\/#\\\/schema\\\/logo\\\/image\\\/\"}}]}<\/script>\n<!-- \/ Yoast SEO plugin. -->","yoast_head_json":{"title":"ICECAP PRO M.2 SSD-K\u00dcHLER - Gelid Solutions","robots":{"index":"index","follow":"follow","max-snippet":"max-snippet:-1","max-image-preview":"max-image-preview:large","max-video-preview":"max-video-preview:-1"},"canonical":"https:\/\/gelidsolutions.com\/de\/produkt\/icecap-pro-m-2-ssd-kuhler\/","og_locale":"de_DE","og_type":"article","og_title":"ICECAP PRO M.2 SSD-K\u00dcHLER - Gelid Solutions","og_description":"Ausgezeichnete W\u00e4rmeableitung  Passend f\u00fcr alle M.2 Typ 2280 SSD  Aktive K\u00fchlung PWM-L\u00fcfter  Hochleistungs-W\u00e4rmerohre","og_url":"https:\/\/gelidsolutions.com\/de\/produkt\/icecap-pro-m-2-ssd-kuhler\/","og_site_name":"Gelid Solutions","article_modified_time":"2024-05-19T16:00:10+00:00","og_image":[{"width":1024,"height":1024,"url":"https:\/\/gelidsolutions.com\/wp-content\/uploads\/2022\/10\/IMG_5765-1-1024x1024.png","type":"image\/png"}],"twitter_card":"summary_large_image","twitter_misc":{"Gesch\u00e4tzte Lesezeit":"1\u00a0Minute"},"schema":{"@context":"https:\/\/schema.org","@graph":[{"@type":"WebPage","@id":"https:\/\/gelidsolutions.com\/de\/produkt\/icecap-pro-m-2-ssd-kuhler\/","url":"https:\/\/gelidsolutions.com\/de\/produkt\/icecap-pro-m-2-ssd-kuhler\/","name":"ICECAP PRO M.2 SSD-K\u00dcHLER - Gelid Solutions","isPartOf":{"@id":"https:\/\/gelidsolutions.com\/de\/#website"},"primaryImageOfPage":{"@id":"https:\/\/gelidsolutions.com\/de\/produkt\/icecap-pro-m-2-ssd-kuhler\/#primaryimage"},"image":{"@id":"https:\/\/gelidsolutions.com\/de\/produkt\/icecap-pro-m-2-ssd-kuhler\/#primaryimage"},"thumbnailUrl":"https:\/\/gelidsolutions.com\/wp-content\/uploads\/2022\/10\/IMG_5765-1.png","datePublished":"2022-10-19T08:29:33+00:00","dateModified":"2024-05-19T16:00:10+00:00","breadcrumb":{"@id":"https:\/\/gelidsolutions.com\/de\/produkt\/icecap-pro-m-2-ssd-kuhler\/#breadcrumb"},"inLanguage":"de","potentialAction":[{"@type":"ReadAction","target":["https:\/\/gelidsolutions.com\/de\/produkt\/icecap-pro-m-2-ssd-kuhler\/"]}]},{"@type":"ImageObject","inLanguage":"de","@id":"https:\/\/gelidsolutions.com\/de\/produkt\/icecap-pro-m-2-ssd-kuhler\/#primaryimage","url":"https:\/\/gelidsolutions.com\/wp-content\/uploads\/2022\/10\/IMG_5765-1.png","contentUrl":"https:\/\/gelidsolutions.com\/wp-content\/uploads\/2022\/10\/IMG_5765-1.png","width":3393,"height":3393},{"@type":"BreadcrumbList","@id":"https:\/\/gelidsolutions.com\/de\/produkt\/icecap-pro-m-2-ssd-kuhler\/#breadcrumb","itemListElement":[{"@type":"ListItem","position":1,"name":"Home","item":"https:\/\/gelidsolutions.com\/de\/"},{"@type":"ListItem","position":2,"name":"Shop","item":"https:\/\/gelidsolutions.com\/shop\/"},{"@type":"ListItem","position":3,"name":"ICECAP PRO M.2 SSD-K\u00dcHLER"}]},{"@type":"WebSite","@id":"https:\/\/gelidsolutions.com\/de\/#website","url":"https:\/\/gelidsolutions.com\/de\/","name":"Gelid Solutions","description":"","publisher":{"@id":"https:\/\/gelidsolutions.com\/de\/#organization"},"potentialAction":[{"@type":"SearchAction","target":{"@type":"EntryPoint","urlTemplate":"https:\/\/gelidsolutions.com\/de\/?s={search_term_string}"},"query-input":{"@type":"PropertyValueSpecification","valueRequired":true,"valueName":"search_term_string"}}],"inLanguage":"de"},{"@type":"Organization","@id":"https:\/\/gelidsolutions.com\/de\/#organization","name":"Gelid Solutions","url":"https:\/\/gelidsolutions.com\/de\/","logo":{"@type":"ImageObject","inLanguage":"de","@id":"https:\/\/gelidsolutions.com\/de\/#\/schema\/logo\/image\/","url":"https:\/\/gelidsolutions.com\/wp-content\/uploads\/2022\/06\/logo_white_104_104.gif","contentUrl":"https:\/\/gelidsolutions.com\/wp-content\/uploads\/2022\/06\/logo_white_104_104.gif","width":104,"height":104,"caption":"Gelid Solutions"},"image":{"@id":"https:\/\/gelidsolutions.com\/de\/#\/schema\/logo\/image\/"}}]}},"_links":{"self":[{"href":"https:\/\/gelidsolutions.com\/de\/wp-json\/wp\/v2\/product\/126323","targetHints":{"allow":["GET"]}}],"collection":[{"href":"https:\/\/gelidsolutions.com\/de\/wp-json\/wp\/v2\/product"}],"about":[{"href":"https:\/\/gelidsolutions.com\/de\/wp-json\/wp\/v2\/types\/product"}],"replies":[{"embeddable":true,"href":"https:\/\/gelidsolutions.com\/de\/wp-json\/wp\/v2\/comments?post=126323"}],"wp:featuredmedia":[{"embeddable":true,"href":"https:\/\/gelidsolutions.com\/de\/wp-json\/wp\/v2\/media\/126497"}],"wp:attachment":[{"href":"https:\/\/gelidsolutions.com\/de\/wp-json\/wp\/v2\/media?parent=126323"}],"wp:term":[{"taxonomy":"product_cat","embeddable":true,"href":"https:\/\/gelidsolutions.com\/de\/wp-json\/wp\/v2\/product_cat?post=126323"},{"taxonomy":"product_tag","embeddable":true,"href":"https:\/\/gelidsolutions.com\/de\/wp-json\/wp\/v2\/product_tag?post=126323"}],"curies":[{"name":"wp","href":"https:\/\/api.w.org\/{rel}","templated":true}]}}