{"id":126327,"date":"2022-10-19T16:38:26","date_gmt":"2022-10-19T08:38:26","guid":{"rendered":"https:\/\/gelidsolutions.com\/product\/aio240-watercooling-system\/"},"modified":"2023-09-26T13:55:51","modified_gmt":"2023-09-26T05:55:51","slug":"aio240-wasserkuhlung-system","status":"publish","type":"product","link":"https:\/\/gelidsolutions.com\/de\/produkt\/aio240-wasserkuhlung-system\/","title":{"rendered":"GELID LIQUID 240"},"content":{"rendered":"<div class=\"wpb-content-wrapper\"><section class=\"vc_row wpb_row vc_row-fluid\"><div class=\"wpb_column vc_column_container col-xs-mobile-fullwidth vc_col-sm-12\"><div class=\"vc_column-inner\"><div class=\"wpb_wrapper\"><div class=\"wpb_single_image    hongo-full-width-single-image\">\n\t\t\t<figure class=\"wpb_wrapper vc_figure\">\n\t\t\t\t<div class=\"vc_single_image-wrapper  \"><img loading=\"lazy\" decoding=\"async\" width=\"970\" height=\"600\" src=\"https:\/\/gelidsolutions.com\/wp-content\/uploads\/2023\/08\/A240-AMAZON-970x600-DE-02.png\" class=\"vc_single_image-img attachment-full\" alt=\"\" title=\"A240-AMAZON-970x600-DE-02\" srcset=\"https:\/\/gelidsolutions.com\/wp-content\/uploads\/2023\/08\/A240-AMAZON-970x600-DE-02.png 970w, https:\/\/gelidsolutions.com\/wp-content\/uploads\/2023\/08\/A240-AMAZON-970x600-DE-02-300x186.png 300w, https:\/\/gelidsolutions.com\/wp-content\/uploads\/2023\/08\/A240-AMAZON-970x600-DE-02-768x475.png 768w, https:\/\/gelidsolutions.com\/wp-content\/uploads\/2023\/08\/A240-AMAZON-970x600-DE-02-84x52.png 84w, https:\/\/gelidsolutions.com\/wp-content\/uploads\/2023\/08\/A240-AMAZON-970x600-DE-02-200x124.png 200w, https:\/\/gelidsolutions.com\/wp-content\/uploads\/2023\/08\/A240-AMAZON-970x600-DE-02-450x278.png 450w, https:\/\/gelidsolutions.com\/wp-content\/uploads\/2023\/08\/A240-AMAZON-970x600-DE-02-360x223.png 360w, https:\/\/gelidsolutions.com\/wp-content\/uploads\/2023\/08\/A240-AMAZON-970x600-DE-02-800x495.png 800w, https:\/\/gelidsolutions.com\/wp-content\/uploads\/2023\/08\/A240-AMAZON-970x600-DE-02-146x90.png 146w\" sizes=\"auto, (max-width: 970px) 100vw, 970px\" \/><\/div>\n\t\t\t<\/figure>\n\t\t\t\n\t\t<\/div><div class=\"vc_empty_space\"   style=\"height: 15px\"><span class=\"vc_empty_space_inner\"><\/span><\/div><div class=\"wpb_single_image    hongo-full-width-single-image\">\n\t\t\t<figure class=\"wpb_wrapper vc_figure\">\n\t\t\t\t<div class=\"vc_single_image-wrapper  \"><img loading=\"lazy\" decoding=\"async\" width=\"970\" height=\"600\" src=\"https:\/\/gelidsolutions.com\/wp-content\/uploads\/2022\/10\/A240-AMAZON-970x600-DE-03.png\" class=\"vc_single_image-img attachment-full\" alt=\"\" title=\"A240-AMAZON-970x600-DE-03\" srcset=\"https:\/\/gelidsolutions.com\/wp-content\/uploads\/2022\/10\/A240-AMAZON-970x600-DE-03.png 970w, https:\/\/gelidsolutions.com\/wp-content\/uploads\/2022\/10\/A240-AMAZON-970x600-DE-03-300x186.png 300w, https:\/\/gelidsolutions.com\/wp-content\/uploads\/2022\/10\/A240-AMAZON-970x600-DE-03-768x475.png 768w, https:\/\/gelidsolutions.com\/wp-content\/uploads\/2022\/10\/A240-AMAZON-970x600-DE-03-84x52.png 84w, https:\/\/gelidsolutions.com\/wp-content\/uploads\/2022\/10\/A240-AMAZON-970x600-DE-03-200x124.png 200w, https:\/\/gelidsolutions.com\/wp-content\/uploads\/2022\/10\/A240-AMAZON-970x600-DE-03-450x278.png 450w, https:\/\/gelidsolutions.com\/wp-content\/uploads\/2022\/10\/A240-AMAZON-970x600-DE-03-360x223.png 360w, https:\/\/gelidsolutions.com\/wp-content\/uploads\/2022\/10\/A240-AMAZON-970x600-DE-03-800x495.png 800w, https:\/\/gelidsolutions.com\/wp-content\/uploads\/2022\/10\/A240-AMAZON-970x600-DE-03-146x90.png 146w\" sizes=\"auto, (max-width: 970px) 100vw, 970px\" \/><\/div>\n\t\t\t<\/figure>\n\t\t\t\n\t\t<\/div><div class=\"vc_empty_space\"   style=\"height: 15px\"><span class=\"vc_empty_space_inner\"><\/span><\/div><div class=\"wpb_single_image    hongo-full-width-single-image\">\n\t\t\t<figure class=\"wpb_wrapper vc_figure\">\n\t\t\t\t<div class=\"vc_single_image-wrapper  \"><img loading=\"lazy\" decoding=\"async\" width=\"970\" height=\"600\" src=\"https:\/\/gelidsolutions.com\/wp-content\/uploads\/2023\/08\/A240-AMAZON-970x600-DE-06.png\" class=\"vc_single_image-img attachment-full\" alt=\"\" title=\"A240-AMAZON-970x600-DE-06\" srcset=\"https:\/\/gelidsolutions.com\/wp-content\/uploads\/2023\/08\/A240-AMAZON-970x600-DE-06.png 970w, https:\/\/gelidsolutions.com\/wp-content\/uploads\/2023\/08\/A240-AMAZON-970x600-DE-06-300x186.png 300w, https:\/\/gelidsolutions.com\/wp-content\/uploads\/2023\/08\/A240-AMAZON-970x600-DE-06-768x475.png 768w, https:\/\/gelidsolutions.com\/wp-content\/uploads\/2023\/08\/A240-AMAZON-970x600-DE-06-84x52.png 84w, https:\/\/gelidsolutions.com\/wp-content\/uploads\/2023\/08\/A240-AMAZON-970x600-DE-06-200x124.png 200w, https:\/\/gelidsolutions.com\/wp-content\/uploads\/2023\/08\/A240-AMAZON-970x600-DE-06-450x278.png 450w, https:\/\/gelidsolutions.com\/wp-content\/uploads\/2023\/08\/A240-AMAZON-970x600-DE-06-360x223.png 360w, https:\/\/gelidsolutions.com\/wp-content\/uploads\/2023\/08\/A240-AMAZON-970x600-DE-06-800x495.png 800w, https:\/\/gelidsolutions.com\/wp-content\/uploads\/2023\/08\/A240-AMAZON-970x600-DE-06-146x90.png 146w\" sizes=\"auto, (max-width: 970px) 100vw, 970px\" \/><\/div>\n\t\t\t<\/figure>\n\t\t\t\n\t\t<\/div><div class=\"vc_empty_space\"   style=\"height: 15px\"><span class=\"vc_empty_space_inner\"><\/span><\/div><div class=\"wpb_single_image    hongo-full-width-single-image\">\n\t\t\t<figure class=\"wpb_wrapper vc_figure\">\n\t\t\t\t<div class=\"vc_single_image-wrapper  \"><img loading=\"lazy\" decoding=\"async\" width=\"970\" height=\"600\" src=\"https:\/\/gelidsolutions.com\/wp-content\/uploads\/2023\/08\/A240-AMAZON-970x600-DE-07.png\" class=\"vc_single_image-img attachment-full\" alt=\"\" title=\"A240-AMAZON-970x600-DE-07\" srcset=\"https:\/\/gelidsolutions.com\/wp-content\/uploads\/2023\/08\/A240-AMAZON-970x600-DE-07.png 970w, https:\/\/gelidsolutions.com\/wp-content\/uploads\/2023\/08\/A240-AMAZON-970x600-DE-07-300x186.png 300w, https:\/\/gelidsolutions.com\/wp-content\/uploads\/2023\/08\/A240-AMAZON-970x600-DE-07-768x475.png 768w, https:\/\/gelidsolutions.com\/wp-content\/uploads\/2023\/08\/A240-AMAZON-970x600-DE-07-84x52.png 84w, https:\/\/gelidsolutions.com\/wp-content\/uploads\/2023\/08\/A240-AMAZON-970x600-DE-07-200x124.png 200w, https:\/\/gelidsolutions.com\/wp-content\/uploads\/2023\/08\/A240-AMAZON-970x600-DE-07-450x278.png 450w, https:\/\/gelidsolutions.com\/wp-content\/uploads\/2023\/08\/A240-AMAZON-970x600-DE-07-360x223.png 360w, https:\/\/gelidsolutions.com\/wp-content\/uploads\/2023\/08\/A240-AMAZON-970x600-DE-07-800x495.png 800w, https:\/\/gelidsolutions.com\/wp-content\/uploads\/2023\/08\/A240-AMAZON-970x600-DE-07-146x90.png 146w\" sizes=\"auto, (max-width: 970px) 100vw, 970px\" \/><\/div>\n\t\t\t<\/figure>\n\t\t\t\n\t\t<\/div><div class=\"vc_empty_space\"   style=\"height: 15px\"><span class=\"vc_empty_space_inner\"><\/span><\/div><div class=\"wpb_single_image    hongo-full-width-single-image\">\n\t\t\t<figure class=\"wpb_wrapper vc_figure\">\n\t\t\t\t<div class=\"vc_single_image-wrapper  \"><img loading=\"lazy\" decoding=\"async\" width=\"970\" height=\"600\" src=\"https:\/\/gelidsolutions.com\/wp-content\/uploads\/2023\/08\/A240-AMAZON-970x600-DE-04.png\" class=\"vc_single_image-img attachment-full\" alt=\"\" title=\"A240-AMAZON-970x600-DE-04\" srcset=\"https:\/\/gelidsolutions.com\/wp-content\/uploads\/2023\/08\/A240-AMAZON-970x600-DE-04.png 970w, https:\/\/gelidsolutions.com\/wp-content\/uploads\/2023\/08\/A240-AMAZON-970x600-DE-04-300x186.png 300w, https:\/\/gelidsolutions.com\/wp-content\/uploads\/2023\/08\/A240-AMAZON-970x600-DE-04-768x475.png 768w, https:\/\/gelidsolutions.com\/wp-content\/uploads\/2023\/08\/A240-AMAZON-970x600-DE-04-84x52.png 84w, https:\/\/gelidsolutions.com\/wp-content\/uploads\/2023\/08\/A240-AMAZON-970x600-DE-04-200x124.png 200w, https:\/\/gelidsolutions.com\/wp-content\/uploads\/2023\/08\/A240-AMAZON-970x600-DE-04-450x278.png 450w, https:\/\/gelidsolutions.com\/wp-content\/uploads\/2023\/08\/A240-AMAZON-970x600-DE-04-360x223.png 360w, https:\/\/gelidsolutions.com\/wp-content\/uploads\/2023\/08\/A240-AMAZON-970x600-DE-04-800x495.png 800w, https:\/\/gelidsolutions.com\/wp-content\/uploads\/2023\/08\/A240-AMAZON-970x600-DE-04-146x90.png 146w\" sizes=\"auto, (max-width: 970px) 100vw, 970px\" \/><\/div>\n\t\t\t<\/figure>\n\t\t\t\n\t\t<\/div><div class=\"vc_empty_space\"   style=\"height: 15px\"><span class=\"vc_empty_space_inner\"><\/span><\/div><div class=\"wpb_single_image    hongo-full-width-single-image\">\n\t\t\t<figure class=\"wpb_wrapper vc_figure\">\n\t\t\t\t<div class=\"vc_single_image-wrapper  \"><img loading=\"lazy\" decoding=\"async\" width=\"970\" height=\"600\" src=\"https:\/\/gelidsolutions.com\/wp-content\/uploads\/2023\/08\/EA27F939-5CD7-4C12-B1B2-2074D074D35E.png\" class=\"vc_single_image-img attachment-full\" alt=\"\" title=\"EA27F939-5CD7-4C12-B1B2-2074D074D35E\" srcset=\"https:\/\/gelidsolutions.com\/wp-content\/uploads\/2023\/08\/EA27F939-5CD7-4C12-B1B2-2074D074D35E.png 970w, https:\/\/gelidsolutions.com\/wp-content\/uploads\/2023\/08\/EA27F939-5CD7-4C12-B1B2-2074D074D35E-300x186.png 300w, https:\/\/gelidsolutions.com\/wp-content\/uploads\/2023\/08\/EA27F939-5CD7-4C12-B1B2-2074D074D35E-768x475.png 768w, https:\/\/gelidsolutions.com\/wp-content\/uploads\/2023\/08\/EA27F939-5CD7-4C12-B1B2-2074D074D35E-84x52.png 84w, https:\/\/gelidsolutions.com\/wp-content\/uploads\/2023\/08\/EA27F939-5CD7-4C12-B1B2-2074D074D35E-200x124.png 200w, https:\/\/gelidsolutions.com\/wp-content\/uploads\/2023\/08\/EA27F939-5CD7-4C12-B1B2-2074D074D35E-450x278.png 450w, https:\/\/gelidsolutions.com\/wp-content\/uploads\/2023\/08\/EA27F939-5CD7-4C12-B1B2-2074D074D35E-360x223.png 360w, https:\/\/gelidsolutions.com\/wp-content\/uploads\/2023\/08\/EA27F939-5CD7-4C12-B1B2-2074D074D35E-800x495.png 800w, https:\/\/gelidsolutions.com\/wp-content\/uploads\/2023\/08\/EA27F939-5CD7-4C12-B1B2-2074D074D35E-146x90.png 146w\" sizes=\"auto, (max-width: 970px) 100vw, 970px\" \/><\/div>\n\t\t\t<\/figure>\n\t\t\t\n\t\t<\/div><div class=\"vc_empty_space\"   style=\"height: 15px\"><span class=\"vc_empty_space_inner\"><\/span><\/div><div class=\"wpb_single_image    hongo-full-width-single-image\">\n\t\t\t<figure class=\"wpb_wrapper vc_figure\">\n\t\t\t\t<div class=\"vc_single_image-wrapper  \"><img loading=\"lazy\" decoding=\"async\" width=\"970\" height=\"600\" src=\"https:\/\/gelidsolutions.com\/wp-content\/uploads\/2023\/08\/A240-AMAZON-970x600-DE-05.png\" class=\"vc_single_image-img attachment-full\" alt=\"\" title=\"A240-AMAZON-970x600-DE-05\" srcset=\"https:\/\/gelidsolutions.com\/wp-content\/uploads\/2023\/08\/A240-AMAZON-970x600-DE-05.png 970w, https:\/\/gelidsolutions.com\/wp-content\/uploads\/2023\/08\/A240-AMAZON-970x600-DE-05-300x186.png 300w, https:\/\/gelidsolutions.com\/wp-content\/uploads\/2023\/08\/A240-AMAZON-970x600-DE-05-768x475.png 768w, https:\/\/gelidsolutions.com\/wp-content\/uploads\/2023\/08\/A240-AMAZON-970x600-DE-05-84x52.png 84w, https:\/\/gelidsolutions.com\/wp-content\/uploads\/2023\/08\/A240-AMAZON-970x600-DE-05-200x124.png 200w, https:\/\/gelidsolutions.com\/wp-content\/uploads\/2023\/08\/A240-AMAZON-970x600-DE-05-450x278.png 450w, https:\/\/gelidsolutions.com\/wp-content\/uploads\/2023\/08\/A240-AMAZON-970x600-DE-05-360x223.png 360w, https:\/\/gelidsolutions.com\/wp-content\/uploads\/2023\/08\/A240-AMAZON-970x600-DE-05-800x495.png 800w, https:\/\/gelidsolutions.com\/wp-content\/uploads\/2023\/08\/A240-AMAZON-970x600-DE-05-146x90.png 146w\" sizes=\"auto, (max-width: 970px) 100vw, 970px\" \/><\/div>\n\t\t\t<\/figure>\n\t\t\t\n\t\t<\/div><div class=\"wpb_single_image    hongo-full-width-single-image\">\n\t\t\t<figure class=\"wpb_wrapper vc_figure\">\n\t\t\t\t<div class=\"vc_single_image-wrapper  \"><img loading=\"lazy\" decoding=\"async\" width=\"2131\" height=\"2560\" src=\"https:\/\/gelidsolutions.com\/wp-content\/uploads\/2022\/10\/vysledky_3-scaled.jpeg\" class=\"vc_single_image-img attachment-full\" alt=\"\" title=\"vysledky_3\" srcset=\"https:\/\/gelidsolutions.com\/wp-content\/uploads\/2022\/10\/vysledky_3-scaled.jpeg 2131w, https:\/\/gelidsolutions.com\/wp-content\/uploads\/2022\/10\/vysledky_3-250x300.jpeg 250w, https:\/\/gelidsolutions.com\/wp-content\/uploads\/2022\/10\/vysledky_3-853x1024.jpeg 853w, https:\/\/gelidsolutions.com\/wp-content\/uploads\/2022\/10\/vysledky_3-768x922.jpeg 768w, https:\/\/gelidsolutions.com\/wp-content\/uploads\/2022\/10\/vysledky_3-1279x1536.jpeg 1279w, https:\/\/gelidsolutions.com\/wp-content\/uploads\/2022\/10\/vysledky_3-1705x2048.jpeg 1705w, https:\/\/gelidsolutions.com\/wp-content\/uploads\/2022\/10\/vysledky_3-84x101.jpeg 84w, https:\/\/gelidsolutions.com\/wp-content\/uploads\/2022\/10\/vysledky_3-200x240.jpeg 200w, https:\/\/gelidsolutions.com\/wp-content\/uploads\/2022\/10\/vysledky_3-450x541.jpeg 450w, https:\/\/gelidsolutions.com\/wp-content\/uploads\/2022\/10\/vysledky_3-658x790.jpeg 658w, https:\/\/gelidsolutions.com\/wp-content\/uploads\/2022\/10\/vysledky_3-360x432.jpeg 360w, https:\/\/gelidsolutions.com\/wp-content\/uploads\/2022\/10\/vysledky_3-800x961.jpeg 800w\" sizes=\"auto, (max-width: 2131px) 100vw, 2131px\" \/><\/div>\n\t\t\t<\/figure>\n\t\t\t\n\t\t<\/div><div class=\"vc_empty_space\"   style=\"height: 40px\"><span class=\"vc_empty_space_inner\"><\/span><\/div><div class=\"text-block-content hongo-text-block-1 last-paragraph-no-margin\"><p>The source is from https:\/\/pc.zoznam.sk\/<\/p>\n<\/div>\n\t<div class=\"wpb_video_widget wpb_content_element vc_clearfix   vc_video-aspect-ratio-169 vc_video-el-width-100 vc_video-align-left\" >\n\t\t<div class=\"wpb_wrapper\">\n\t\t\t\n\t\t\t<div class=\"wpb_video_wrapper\"><iframe loading=\"lazy\" title=\"Gelid Liquid 240   Installation Guide\" width=\"500\" height=\"281\" src=\"https:\/\/www.youtube.com\/embed\/29mRH6oH8Iw?feature=oembed\" frameborder=\"0\" allow=\"accelerometer; autoplay; clipboard-write; encrypted-media; gyroscope; picture-in-picture; web-share\" allowfullscreen><\/iframe><\/div>\n\t\t<\/div>\n\t<\/div>\n\n\t<div class=\"wpb_video_widget wpb_content_element vc_clearfix   vc_video-aspect-ratio-169 vc_video-el-width-100 vc_video-align-left\" >\n\t\t<div class=\"wpb_wrapper\">\n\t\t\t\n\t\t\t<div class=\"wpb_video_wrapper\"><iframe loading=\"lazy\" title=\"AIO Gelid Liquid 240 - Ser\u00e1 que Vale a Pena?  Gelid Liquid 240 VS Arctic Freezer 240\" width=\"500\" height=\"281\" src=\"https:\/\/www.youtube.com\/embed\/09UNT7rDFM8?feature=oembed\" frameborder=\"0\" allow=\"accelerometer; autoplay; clipboard-write; encrypted-media; gyroscope; picture-in-picture; web-share\" allowfullscreen><\/iframe><\/div>\n\t\t<\/div>\n\t<\/div>\n\n\t<div class=\"wpb_video_widget wpb_content_element vc_clearfix   vc_video-aspect-ratio-169 vc_video-el-width-100 vc_video-align-left\" >\n\t\t<div class=\"wpb_wrapper\">\n\t\t\t\n\t\t\t<div class=\"wpb_video_wrapper\"><iframe loading=\"lazy\" title=\"Don&#039;t Throw Your OLD PC Away - Upgrade Old Computer\" width=\"500\" height=\"281\" src=\"https:\/\/www.youtube.com\/embed\/Pwueg2DKxas?feature=oembed\" frameborder=\"0\" allow=\"accelerometer; autoplay; clipboard-write; encrypted-media; gyroscope; picture-in-picture; web-share\" allowfullscreen><\/iframe><\/div>\n\t\t<\/div>\n\t<\/div>\n<div class=\"text-block-content hongo-text-block-2 last-paragraph-no-margin\"><p>Ultimate AIO Liquid CPU Cooler<\/p>\n<p>GELID Liquid 240 features a masterpiece of top-notch liquid cooling technologies. The premium-class high-density radiator, the silent Fans with Smart ARGB PWM, and the high-class water pump deliver ultimate cooling performance. The all-in-one cooling handles the latest requirements even the most powerful LGA 1700 from Intel and AM5 from AMD. The support of TDP over 240W makes the GELID Liquid 240 an overkill CPU AIO cooling solution for pro gamers and overclockers.<\/p>\n<p><strong>Applications<\/strong><\/p>\n<p>CPU Socket:<br \/>\nAM5, AM4, AM3+, AM3, AM2+, AM2,<br \/>\nLGA1700, LGA1200, LGA1366,LGA1366, LGA1156, LGA1155, LGA1151, LGA1150, LGA2011,LGA2066,<br \/>\nFM2+, FM2, FM1<\/p>\n<p>EAN: 4897025783652<\/p>\n<\/div><\/div><\/div><\/div><\/section>\n<\/div>","protected":false},"excerpt":{"rendered":"<ul>\n<li>AM5-kompatibel<\/li>\n<li>Hochwertige H\u00fclsenschl\u00e4uche<\/li>\n<li>Extreme-K\u00fchlleistung<\/li>\n<li>Temperatur-Anzeige<\/li>\n<li>Heizk\u00f6rper der Premiumklasse<\/li>\n<li>Infinity Spiegel<\/li>\n<li>750 &#8211; 1800 UMDREHUNGEN PRO MINUTE<\/li>\n<li>Ger\u00e4uschloser Motor<\/li>\n<li>Enth\u00e4lt: GC-4 &#8211; Die modernste W\u00e4rmeleitpaste<\/li>\n<\/ul>\n","protected":false},"featured_media":131375,"comment_status":"open","ping_status":"closed","template":"","meta":{"_acf_changed":false},"product_cat":[311,322,796],"product_tag":[],"class_list":{"0":"post-126327","1":"product","2":"type-product","3":"status-publish","4":"has-post-thumbnail","6":"product_cat-cpu-kuehler","7":"product_cat-gamer-cpu-kuehler","8":"product_cat-wasserkuehler","10":"first","11":"outofstock","12":"taxable","13":"shipping-taxable","14":"purchasable","15":"product-type-simple"},"supplier_id":null,"supplier_sku":"","barcode":"4897025783652","atum_controlled":true,"out_stock_date":null,"out_stock_threshold":null,"inheritable":false,"inbound_stock":0,"stock_on_hold":0,"sold_today":0,"sales_last_days":0,"reserved_stock":0,"customer_returns":0,"warehouse_damage":0,"lost_in_post":0,"other_logs":0,"out_stock_days":0,"lost_sales":0,"has_location":false,"update_date":"2026-04-04T00:04:16","atum_locations":[],"atum_stock_status":"outofstock","restock_status":false,"low_stock_amount":"","sales_update_date":"2026-04-04T00:04:16","calc_backorders":null,"acf":[],"yoast_head":"<!-- This site is optimized with the Yoast SEO plugin v27.3 - https:\/\/yoast.com\/product\/yoast-seo-wordpress\/ -->\n<title>GELID LIQUID 240 - Gelid Solutions<\/title>\n<meta name=\"robots\" content=\"index, follow, max-snippet:-1, max-image-preview:large, max-video-preview:-1\" \/>\n<link rel=\"canonical\" href=\"https:\/\/gelidsolutions.com\/de\/produkt\/aio240-wasserkuhlung-system\/\" \/>\n<meta property=\"og:locale\" content=\"de_DE\" \/>\n<meta property=\"og:type\" content=\"article\" \/>\n<meta property=\"og:title\" content=\"GELID LIQUID 240 - Gelid Solutions\" \/>\n<meta property=\"og:description\" content=\"AM5-kompatibel  Hochwertige H\u00fclsenschl\u00e4uche  Extreme-K\u00fchlleistung  Temperatur-Anzeige  Heizk\u00f6rper der Premiumklasse  Infinity Spiegel  750 - 1800 UMDREHUNGEN PRO MINUTE  Ger\u00e4uschloser Motor  Enth\u00e4lt: GC-4 - Die modernste W\u00e4rmeleitpaste\" \/>\n<meta property=\"og:url\" content=\"https:\/\/gelidsolutions.com\/de\/produkt\/aio240-wasserkuhlung-system\/\" \/>\n<meta property=\"og:site_name\" content=\"Gelid Solutions\" \/>\n<meta property=\"article:modified_time\" content=\"2023-09-26T05:55:51+00:00\" \/>\n<meta property=\"og:image\" content=\"https:\/\/gelidsolutions.com\/wp-content\/uploads\/2022\/10\/WechatIMG3885-1024x683.png\" \/>\n\t<meta property=\"og:image:width\" content=\"1024\" \/>\n\t<meta property=\"og:image:height\" content=\"683\" \/>\n\t<meta property=\"og:image:type\" content=\"image\/png\" \/>\n<meta name=\"twitter:card\" content=\"summary_large_image\" \/>\n<meta name=\"twitter:label1\" content=\"Gesch\u00e4tzte Lesezeit\" \/>\n\t<meta name=\"twitter:data1\" content=\"1\u00a0Minute\" \/>\n<script type=\"application\/ld+json\" class=\"yoast-schema-graph\">{\"@context\":\"https:\\\/\\\/schema.org\",\"@graph\":[{\"@type\":\"WebPage\",\"@id\":\"https:\\\/\\\/gelidsolutions.com\\\/de\\\/produkt\\\/aio240-wasserkuhlung-system\\\/\",\"url\":\"https:\\\/\\\/gelidsolutions.com\\\/de\\\/produkt\\\/aio240-wasserkuhlung-system\\\/\",\"name\":\"GELID LIQUID 240 - Gelid Solutions\",\"isPartOf\":{\"@id\":\"https:\\\/\\\/gelidsolutions.com\\\/de\\\/#website\"},\"primaryImageOfPage\":{\"@id\":\"https:\\\/\\\/gelidsolutions.com\\\/de\\\/produkt\\\/aio240-wasserkuhlung-system\\\/#primaryimage\"},\"image\":{\"@id\":\"https:\\\/\\\/gelidsolutions.com\\\/de\\\/produkt\\\/aio240-wasserkuhlung-system\\\/#primaryimage\"},\"thumbnailUrl\":\"https:\\\/\\\/gelidsolutions.com\\\/wp-content\\\/uploads\\\/2022\\\/10\\\/WechatIMG3885-e1690184735351.png\",\"datePublished\":\"2022-10-19T08:38:26+00:00\",\"dateModified\":\"2023-09-26T05:55:51+00:00\",\"breadcrumb\":{\"@id\":\"https:\\\/\\\/gelidsolutions.com\\\/de\\\/produkt\\\/aio240-wasserkuhlung-system\\\/#breadcrumb\"},\"inLanguage\":\"de\",\"potentialAction\":[{\"@type\":\"ReadAction\",\"target\":[\"https:\\\/\\\/gelidsolutions.com\\\/de\\\/produkt\\\/aio240-wasserkuhlung-system\\\/\"]}]},{\"@type\":\"ImageObject\",\"inLanguage\":\"de\",\"@id\":\"https:\\\/\\\/gelidsolutions.com\\\/de\\\/produkt\\\/aio240-wasserkuhlung-system\\\/#primaryimage\",\"url\":\"https:\\\/\\\/gelidsolutions.com\\\/wp-content\\\/uploads\\\/2022\\\/10\\\/WechatIMG3885-e1690184735351.png\",\"contentUrl\":\"https:\\\/\\\/gelidsolutions.com\\\/wp-content\\\/uploads\\\/2022\\\/10\\\/WechatIMG3885-e1690184735351.png\",\"width\":6240,\"height\":4160},{\"@type\":\"BreadcrumbList\",\"@id\":\"https:\\\/\\\/gelidsolutions.com\\\/de\\\/produkt\\\/aio240-wasserkuhlung-system\\\/#breadcrumb\",\"itemListElement\":[{\"@type\":\"ListItem\",\"position\":1,\"name\":\"Home\",\"item\":\"https:\\\/\\\/gelidsolutions.com\\\/de\\\/\"},{\"@type\":\"ListItem\",\"position\":2,\"name\":\"Shop\",\"item\":\"https:\\\/\\\/gelidsolutions.com\\\/shop\\\/\"},{\"@type\":\"ListItem\",\"position\":3,\"name\":\"GELID LIQUID 240\"}]},{\"@type\":\"WebSite\",\"@id\":\"https:\\\/\\\/gelidsolutions.com\\\/de\\\/#website\",\"url\":\"https:\\\/\\\/gelidsolutions.com\\\/de\\\/\",\"name\":\"Gelid Solutions\",\"description\":\"\",\"publisher\":{\"@id\":\"https:\\\/\\\/gelidsolutions.com\\\/de\\\/#organization\"},\"potentialAction\":[{\"@type\":\"SearchAction\",\"target\":{\"@type\":\"EntryPoint\",\"urlTemplate\":\"https:\\\/\\\/gelidsolutions.com\\\/de\\\/?s={search_term_string}\"},\"query-input\":{\"@type\":\"PropertyValueSpecification\",\"valueRequired\":true,\"valueName\":\"search_term_string\"}}],\"inLanguage\":\"de\"},{\"@type\":\"Organization\",\"@id\":\"https:\\\/\\\/gelidsolutions.com\\\/de\\\/#organization\",\"name\":\"Gelid Solutions\",\"url\":\"https:\\\/\\\/gelidsolutions.com\\\/de\\\/\",\"logo\":{\"@type\":\"ImageObject\",\"inLanguage\":\"de\",\"@id\":\"https:\\\/\\\/gelidsolutions.com\\\/de\\\/#\\\/schema\\\/logo\\\/image\\\/\",\"url\":\"https:\\\/\\\/gelidsolutions.com\\\/wp-content\\\/uploads\\\/2022\\\/06\\\/logo_white_104_104.gif\",\"contentUrl\":\"https:\\\/\\\/gelidsolutions.com\\\/wp-content\\\/uploads\\\/2022\\\/06\\\/logo_white_104_104.gif\",\"width\":104,\"height\":104,\"caption\":\"Gelid Solutions\"},\"image\":{\"@id\":\"https:\\\/\\\/gelidsolutions.com\\\/de\\\/#\\\/schema\\\/logo\\\/image\\\/\"}}]}<\/script>\n<!-- \/ Yoast SEO plugin. -->","yoast_head_json":{"title":"GELID LIQUID 240 - Gelid Solutions","robots":{"index":"index","follow":"follow","max-snippet":"max-snippet:-1","max-image-preview":"max-image-preview:large","max-video-preview":"max-video-preview:-1"},"canonical":"https:\/\/gelidsolutions.com\/de\/produkt\/aio240-wasserkuhlung-system\/","og_locale":"de_DE","og_type":"article","og_title":"GELID LIQUID 240 - Gelid Solutions","og_description":"AM5-kompatibel  Hochwertige H\u00fclsenschl\u00e4uche  Extreme-K\u00fchlleistung  Temperatur-Anzeige  Heizk\u00f6rper der Premiumklasse  Infinity Spiegel  750 - 1800 UMDREHUNGEN PRO MINUTE  Ger\u00e4uschloser Motor  Enth\u00e4lt: GC-4 - Die modernste W\u00e4rmeleitpaste","og_url":"https:\/\/gelidsolutions.com\/de\/produkt\/aio240-wasserkuhlung-system\/","og_site_name":"Gelid Solutions","article_modified_time":"2023-09-26T05:55:51+00:00","og_image":[{"width":1024,"height":683,"url":"https:\/\/gelidsolutions.com\/wp-content\/uploads\/2022\/10\/WechatIMG3885-1024x683.png","type":"image\/png"}],"twitter_card":"summary_large_image","twitter_misc":{"Gesch\u00e4tzte Lesezeit":"1\u00a0Minute"},"schema":{"@context":"https:\/\/schema.org","@graph":[{"@type":"WebPage","@id":"https:\/\/gelidsolutions.com\/de\/produkt\/aio240-wasserkuhlung-system\/","url":"https:\/\/gelidsolutions.com\/de\/produkt\/aio240-wasserkuhlung-system\/","name":"GELID LIQUID 240 - Gelid Solutions","isPartOf":{"@id":"https:\/\/gelidsolutions.com\/de\/#website"},"primaryImageOfPage":{"@id":"https:\/\/gelidsolutions.com\/de\/produkt\/aio240-wasserkuhlung-system\/#primaryimage"},"image":{"@id":"https:\/\/gelidsolutions.com\/de\/produkt\/aio240-wasserkuhlung-system\/#primaryimage"},"thumbnailUrl":"https:\/\/gelidsolutions.com\/wp-content\/uploads\/2022\/10\/WechatIMG3885-e1690184735351.png","datePublished":"2022-10-19T08:38:26+00:00","dateModified":"2023-09-26T05:55:51+00:00","breadcrumb":{"@id":"https:\/\/gelidsolutions.com\/de\/produkt\/aio240-wasserkuhlung-system\/#breadcrumb"},"inLanguage":"de","potentialAction":[{"@type":"ReadAction","target":["https:\/\/gelidsolutions.com\/de\/produkt\/aio240-wasserkuhlung-system\/"]}]},{"@type":"ImageObject","inLanguage":"de","@id":"https:\/\/gelidsolutions.com\/de\/produkt\/aio240-wasserkuhlung-system\/#primaryimage","url":"https:\/\/gelidsolutions.com\/wp-content\/uploads\/2022\/10\/WechatIMG3885-e1690184735351.png","contentUrl":"https:\/\/gelidsolutions.com\/wp-content\/uploads\/2022\/10\/WechatIMG3885-e1690184735351.png","width":6240,"height":4160},{"@type":"BreadcrumbList","@id":"https:\/\/gelidsolutions.com\/de\/produkt\/aio240-wasserkuhlung-system\/#breadcrumb","itemListElement":[{"@type":"ListItem","position":1,"name":"Home","item":"https:\/\/gelidsolutions.com\/de\/"},{"@type":"ListItem","position":2,"name":"Shop","item":"https:\/\/gelidsolutions.com\/shop\/"},{"@type":"ListItem","position":3,"name":"GELID LIQUID 240"}]},{"@type":"WebSite","@id":"https:\/\/gelidsolutions.com\/de\/#website","url":"https:\/\/gelidsolutions.com\/de\/","name":"Gelid Solutions","description":"","publisher":{"@id":"https:\/\/gelidsolutions.com\/de\/#organization"},"potentialAction":[{"@type":"SearchAction","target":{"@type":"EntryPoint","urlTemplate":"https:\/\/gelidsolutions.com\/de\/?s={search_term_string}"},"query-input":{"@type":"PropertyValueSpecification","valueRequired":true,"valueName":"search_term_string"}}],"inLanguage":"de"},{"@type":"Organization","@id":"https:\/\/gelidsolutions.com\/de\/#organization","name":"Gelid Solutions","url":"https:\/\/gelidsolutions.com\/de\/","logo":{"@type":"ImageObject","inLanguage":"de","@id":"https:\/\/gelidsolutions.com\/de\/#\/schema\/logo\/image\/","url":"https:\/\/gelidsolutions.com\/wp-content\/uploads\/2022\/06\/logo_white_104_104.gif","contentUrl":"https:\/\/gelidsolutions.com\/wp-content\/uploads\/2022\/06\/logo_white_104_104.gif","width":104,"height":104,"caption":"Gelid Solutions"},"image":{"@id":"https:\/\/gelidsolutions.com\/de\/#\/schema\/logo\/image\/"}}]}},"_links":{"self":[{"href":"https:\/\/gelidsolutions.com\/de\/wp-json\/wp\/v2\/product\/126327","targetHints":{"allow":["GET"]}}],"collection":[{"href":"https:\/\/gelidsolutions.com\/de\/wp-json\/wp\/v2\/product"}],"about":[{"href":"https:\/\/gelidsolutions.com\/de\/wp-json\/wp\/v2\/types\/product"}],"replies":[{"embeddable":true,"href":"https:\/\/gelidsolutions.com\/de\/wp-json\/wp\/v2\/comments?post=126327"}],"wp:featuredmedia":[{"embeddable":true,"href":"https:\/\/gelidsolutions.com\/de\/wp-json\/wp\/v2\/media\/131375"}],"wp:attachment":[{"href":"https:\/\/gelidsolutions.com\/de\/wp-json\/wp\/v2\/media?parent=126327"}],"wp:term":[{"taxonomy":"product_cat","embeddable":true,"href":"https:\/\/gelidsolutions.com\/de\/wp-json\/wp\/v2\/product_cat?post=126327"},{"taxonomy":"product_tag","embeddable":true,"href":"https:\/\/gelidsolutions.com\/de\/wp-json\/wp\/v2\/product_tag?post=126327"}],"curies":[{"name":"wp","href":"https:\/\/api.w.org\/{rel}","templated":true}]}}