{"id":126330,"date":"2022-10-19T16:35:32","date_gmt":"2022-10-19T08:35:32","guid":{"rendered":"https:\/\/gelidsolutions.com\/product\/aio120-watercooling-system\/"},"modified":"2023-12-07T09:51:57","modified_gmt":"2023-12-07T01:51:57","slug":"aio120-wasserkuhlung-system","status":"publish","type":"product","link":"https:\/\/gelidsolutions.com\/de\/produkt\/aio120-wasserkuhlung-system\/","title":{"rendered":"GELID LIQUID 120"},"content":{"rendered":"<div class=\"wpb-content-wrapper\"><section class=\"vc_row wpb_row vc_row-fluid\"><div class=\"wpb_column vc_column_container col-xs-mobile-fullwidth vc_col-sm-12\"><div class=\"vc_column-inner\"><div class=\"wpb_wrapper\"><div class=\"wpb_single_image    hongo-full-width-single-image\">\n\t\t\t<figure class=\"wpb_wrapper vc_figure\">\n\t\t\t\t<div class=\"vc_single_image-wrapper  \"><img loading=\"lazy\" decoding=\"async\" width=\"1464\" height=\"600\" src=\"https:\/\/gelidsolutions.com\/wp-content\/uploads\/2022\/10\/AIO120-DE-02.png\" class=\"vc_single_image-img attachment-full\" alt=\"\" title=\"AIO120 DE-02\" srcset=\"https:\/\/gelidsolutions.com\/wp-content\/uploads\/2022\/10\/AIO120-DE-02.png 1464w, https:\/\/gelidsolutions.com\/wp-content\/uploads\/2022\/10\/AIO120-DE-02-300x123.png 300w, https:\/\/gelidsolutions.com\/wp-content\/uploads\/2022\/10\/AIO120-DE-02-1024x420.png 1024w, https:\/\/gelidsolutions.com\/wp-content\/uploads\/2022\/10\/AIO120-DE-02-768x315.png 768w, https:\/\/gelidsolutions.com\/wp-content\/uploads\/2022\/10\/AIO120-DE-02-84x34.png 84w, https:\/\/gelidsolutions.com\/wp-content\/uploads\/2022\/10\/AIO120-DE-02-200x82.png 200w, https:\/\/gelidsolutions.com\/wp-content\/uploads\/2022\/10\/AIO120-DE-02-450x184.png 450w, https:\/\/gelidsolutions.com\/wp-content\/uploads\/2022\/10\/AIO120-DE-02-1200x492.png 1200w, https:\/\/gelidsolutions.com\/wp-content\/uploads\/2022\/10\/AIO120-DE-02-360x148.png 360w, https:\/\/gelidsolutions.com\/wp-content\/uploads\/2022\/10\/AIO120-DE-02-800x328.png 800w, https:\/\/gelidsolutions.com\/wp-content\/uploads\/2022\/10\/AIO120-DE-02-190x78.png 190w, https:\/\/gelidsolutions.com\/wp-content\/uploads\/2022\/10\/AIO120-DE-02-220x90.png 220w\" sizes=\"auto, (max-width: 1464px) 100vw, 1464px\" \/><\/div>\n\t\t\t<\/figure>\n\t\t\t\n\t\t<\/div><div class=\"vc_empty_space\"   style=\"height: 15px\"><span class=\"vc_empty_space_inner\"><\/span><\/div><div class=\"wpb_single_image    hongo-full-width-single-image\">\n\t\t\t<figure class=\"wpb_wrapper vc_figure\">\n\t\t\t\t<div class=\"vc_single_image-wrapper  \"><img loading=\"lazy\" decoding=\"async\" width=\"1464\" height=\"600\" src=\"https:\/\/gelidsolutions.com\/wp-content\/uploads\/2022\/10\/AIO120-AMAZON-DE-03.png\" class=\"vc_single_image-img attachment-full\" alt=\"\" title=\"AIO120 AMAZON -DE-03\" srcset=\"https:\/\/gelidsolutions.com\/wp-content\/uploads\/2022\/10\/AIO120-AMAZON-DE-03.png 1464w, https:\/\/gelidsolutions.com\/wp-content\/uploads\/2022\/10\/AIO120-AMAZON-DE-03-300x123.png 300w, https:\/\/gelidsolutions.com\/wp-content\/uploads\/2022\/10\/AIO120-AMAZON-DE-03-1024x420.png 1024w, https:\/\/gelidsolutions.com\/wp-content\/uploads\/2022\/10\/AIO120-AMAZON-DE-03-768x315.png 768w, https:\/\/gelidsolutions.com\/wp-content\/uploads\/2022\/10\/AIO120-AMAZON-DE-03-84x34.png 84w, https:\/\/gelidsolutions.com\/wp-content\/uploads\/2022\/10\/AIO120-AMAZON-DE-03-200x82.png 200w, https:\/\/gelidsolutions.com\/wp-content\/uploads\/2022\/10\/AIO120-AMAZON-DE-03-450x184.png 450w, https:\/\/gelidsolutions.com\/wp-content\/uploads\/2022\/10\/AIO120-AMAZON-DE-03-1200x492.png 1200w, https:\/\/gelidsolutions.com\/wp-content\/uploads\/2022\/10\/AIO120-AMAZON-DE-03-360x148.png 360w, https:\/\/gelidsolutions.com\/wp-content\/uploads\/2022\/10\/AIO120-AMAZON-DE-03-800x328.png 800w, https:\/\/gelidsolutions.com\/wp-content\/uploads\/2022\/10\/AIO120-AMAZON-DE-03-190x78.png 190w, https:\/\/gelidsolutions.com\/wp-content\/uploads\/2022\/10\/AIO120-AMAZON-DE-03-220x90.png 220w\" sizes=\"auto, (max-width: 1464px) 100vw, 1464px\" \/><\/div>\n\t\t\t<\/figure>\n\t\t\t\n\t\t<\/div><div class=\"vc_empty_space\"   style=\"height: 15px\"><span class=\"vc_empty_space_inner\"><\/span><\/div><div class=\"wpb_single_image    hongo-full-width-single-image\">\n\t\t\t<figure class=\"wpb_wrapper vc_figure\">\n\t\t\t\t<div class=\"vc_single_image-wrapper  \"><img loading=\"lazy\" decoding=\"async\" width=\"1464\" height=\"600\" src=\"https:\/\/gelidsolutions.com\/wp-content\/uploads\/2022\/10\/AIO120-AMAZON-DE-04.png\" class=\"vc_single_image-img attachment-full\" alt=\"\" title=\"AIO120 AMAZON -DE-04\" srcset=\"https:\/\/gelidsolutions.com\/wp-content\/uploads\/2022\/10\/AIO120-AMAZON-DE-04.png 1464w, https:\/\/gelidsolutions.com\/wp-content\/uploads\/2022\/10\/AIO120-AMAZON-DE-04-300x123.png 300w, https:\/\/gelidsolutions.com\/wp-content\/uploads\/2022\/10\/AIO120-AMAZON-DE-04-1024x420.png 1024w, https:\/\/gelidsolutions.com\/wp-content\/uploads\/2022\/10\/AIO120-AMAZON-DE-04-768x315.png 768w, https:\/\/gelidsolutions.com\/wp-content\/uploads\/2022\/10\/AIO120-AMAZON-DE-04-84x34.png 84w, https:\/\/gelidsolutions.com\/wp-content\/uploads\/2022\/10\/AIO120-AMAZON-DE-04-200x82.png 200w, https:\/\/gelidsolutions.com\/wp-content\/uploads\/2022\/10\/AIO120-AMAZON-DE-04-450x184.png 450w, https:\/\/gelidsolutions.com\/wp-content\/uploads\/2022\/10\/AIO120-AMAZON-DE-04-1200x492.png 1200w, https:\/\/gelidsolutions.com\/wp-content\/uploads\/2022\/10\/AIO120-AMAZON-DE-04-360x148.png 360w, https:\/\/gelidsolutions.com\/wp-content\/uploads\/2022\/10\/AIO120-AMAZON-DE-04-800x328.png 800w, https:\/\/gelidsolutions.com\/wp-content\/uploads\/2022\/10\/AIO120-AMAZON-DE-04-190x78.png 190w, https:\/\/gelidsolutions.com\/wp-content\/uploads\/2022\/10\/AIO120-AMAZON-DE-04-220x90.png 220w\" sizes=\"auto, (max-width: 1464px) 100vw, 1464px\" \/><\/div>\n\t\t\t<\/figure>\n\t\t\t\n\t\t<\/div><div class=\"vc_empty_space\"   style=\"height: 15px\"><span class=\"vc_empty_space_inner\"><\/span><\/div><div class=\"wpb_single_image    hongo-full-width-single-image\">\n\t\t\t<figure class=\"wpb_wrapper vc_figure\">\n\t\t\t\t<div class=\"vc_single_image-wrapper  \"><img loading=\"lazy\" decoding=\"async\" width=\"1464\" height=\"600\" src=\"https:\/\/gelidsolutions.com\/wp-content\/uploads\/2022\/10\/AIO120-AMAZON-DE-05.png\" class=\"vc_single_image-img attachment-full\" alt=\"\" title=\"AIO120 AMAZON -DE-05\" srcset=\"https:\/\/gelidsolutions.com\/wp-content\/uploads\/2022\/10\/AIO120-AMAZON-DE-05.png 1464w, https:\/\/gelidsolutions.com\/wp-content\/uploads\/2022\/10\/AIO120-AMAZON-DE-05-300x123.png 300w, https:\/\/gelidsolutions.com\/wp-content\/uploads\/2022\/10\/AIO120-AMAZON-DE-05-1024x420.png 1024w, https:\/\/gelidsolutions.com\/wp-content\/uploads\/2022\/10\/AIO120-AMAZON-DE-05-768x315.png 768w, https:\/\/gelidsolutions.com\/wp-content\/uploads\/2022\/10\/AIO120-AMAZON-DE-05-84x34.png 84w, https:\/\/gelidsolutions.com\/wp-content\/uploads\/2022\/10\/AIO120-AMAZON-DE-05-200x82.png 200w, https:\/\/gelidsolutions.com\/wp-content\/uploads\/2022\/10\/AIO120-AMAZON-DE-05-450x184.png 450w, https:\/\/gelidsolutions.com\/wp-content\/uploads\/2022\/10\/AIO120-AMAZON-DE-05-1200x492.png 1200w, https:\/\/gelidsolutions.com\/wp-content\/uploads\/2022\/10\/AIO120-AMAZON-DE-05-360x148.png 360w, https:\/\/gelidsolutions.com\/wp-content\/uploads\/2022\/10\/AIO120-AMAZON-DE-05-800x328.png 800w, https:\/\/gelidsolutions.com\/wp-content\/uploads\/2022\/10\/AIO120-AMAZON-DE-05-190x78.png 190w, https:\/\/gelidsolutions.com\/wp-content\/uploads\/2022\/10\/AIO120-AMAZON-DE-05-220x90.png 220w\" sizes=\"auto, (max-width: 1464px) 100vw, 1464px\" \/><\/div>\n\t\t\t<\/figure>\n\t\t\t\n\t\t<\/div><div class=\"vc_empty_space\"   style=\"height: 15px\"><span class=\"vc_empty_space_inner\"><\/span><\/div><div class=\"wpb_single_image    hongo-full-width-single-image\">\n\t\t\t<figure class=\"wpb_wrapper vc_figure\">\n\t\t\t\t<div class=\"vc_single_image-wrapper  \"><img loading=\"lazy\" decoding=\"async\" width=\"1464\" height=\"600\" src=\"https:\/\/gelidsolutions.com\/wp-content\/uploads\/2022\/10\/AIO120-AMAZON-DE-06.png\" class=\"vc_single_image-img attachment-full\" alt=\"\" title=\"AIO120 AMAZON -DE-06\" srcset=\"https:\/\/gelidsolutions.com\/wp-content\/uploads\/2022\/10\/AIO120-AMAZON-DE-06.png 1464w, https:\/\/gelidsolutions.com\/wp-content\/uploads\/2022\/10\/AIO120-AMAZON-DE-06-300x123.png 300w, https:\/\/gelidsolutions.com\/wp-content\/uploads\/2022\/10\/AIO120-AMAZON-DE-06-1024x420.png 1024w, https:\/\/gelidsolutions.com\/wp-content\/uploads\/2022\/10\/AIO120-AMAZON-DE-06-768x315.png 768w, https:\/\/gelidsolutions.com\/wp-content\/uploads\/2022\/10\/AIO120-AMAZON-DE-06-84x34.png 84w, https:\/\/gelidsolutions.com\/wp-content\/uploads\/2022\/10\/AIO120-AMAZON-DE-06-200x82.png 200w, https:\/\/gelidsolutions.com\/wp-content\/uploads\/2022\/10\/AIO120-AMAZON-DE-06-450x184.png 450w, https:\/\/gelidsolutions.com\/wp-content\/uploads\/2022\/10\/AIO120-AMAZON-DE-06-1200x492.png 1200w, https:\/\/gelidsolutions.com\/wp-content\/uploads\/2022\/10\/AIO120-AMAZON-DE-06-360x148.png 360w, https:\/\/gelidsolutions.com\/wp-content\/uploads\/2022\/10\/AIO120-AMAZON-DE-06-800x328.png 800w, https:\/\/gelidsolutions.com\/wp-content\/uploads\/2022\/10\/AIO120-AMAZON-DE-06-190x78.png 190w, https:\/\/gelidsolutions.com\/wp-content\/uploads\/2022\/10\/AIO120-AMAZON-DE-06-220x90.png 220w\" sizes=\"auto, (max-width: 1464px) 100vw, 1464px\" \/><\/div>\n\t\t\t<\/figure>\n\t\t\t\n\t\t<\/div><div class=\"vc_empty_space\"   style=\"height: 15px\"><span class=\"vc_empty_space_inner\"><\/span><\/div><div class=\"wpb_single_image    hongo-full-width-single-image\">\n\t\t\t<figure class=\"wpb_wrapper vc_figure\">\n\t\t\t\t<div class=\"vc_single_image-wrapper  \"><img loading=\"lazy\" decoding=\"async\" width=\"1464\" height=\"600\" src=\"https:\/\/gelidsolutions.com\/wp-content\/uploads\/2022\/10\/AIO120-AMAZON-DE-07.png\" class=\"vc_single_image-img attachment-full\" alt=\"\" title=\"AIO120 AMAZON -DE-07\" srcset=\"https:\/\/gelidsolutions.com\/wp-content\/uploads\/2022\/10\/AIO120-AMAZON-DE-07.png 1464w, https:\/\/gelidsolutions.com\/wp-content\/uploads\/2022\/10\/AIO120-AMAZON-DE-07-300x123.png 300w, https:\/\/gelidsolutions.com\/wp-content\/uploads\/2022\/10\/AIO120-AMAZON-DE-07-1024x420.png 1024w, https:\/\/gelidsolutions.com\/wp-content\/uploads\/2022\/10\/AIO120-AMAZON-DE-07-768x315.png 768w, https:\/\/gelidsolutions.com\/wp-content\/uploads\/2022\/10\/AIO120-AMAZON-DE-07-84x34.png 84w, https:\/\/gelidsolutions.com\/wp-content\/uploads\/2022\/10\/AIO120-AMAZON-DE-07-200x82.png 200w, https:\/\/gelidsolutions.com\/wp-content\/uploads\/2022\/10\/AIO120-AMAZON-DE-07-450x184.png 450w, https:\/\/gelidsolutions.com\/wp-content\/uploads\/2022\/10\/AIO120-AMAZON-DE-07-1200x492.png 1200w, https:\/\/gelidsolutions.com\/wp-content\/uploads\/2022\/10\/AIO120-AMAZON-DE-07-360x148.png 360w, https:\/\/gelidsolutions.com\/wp-content\/uploads\/2022\/10\/AIO120-AMAZON-DE-07-800x328.png 800w, https:\/\/gelidsolutions.com\/wp-content\/uploads\/2022\/10\/AIO120-AMAZON-DE-07-190x78.png 190w, https:\/\/gelidsolutions.com\/wp-content\/uploads\/2022\/10\/AIO120-AMAZON-DE-07-220x90.png 220w\" sizes=\"auto, (max-width: 1464px) 100vw, 1464px\" \/><\/div>\n\t\t\t<\/figure>\n\t\t\t\n\t\t<\/div><div class=\"vc_empty_space\"   style=\"height: 15px\"><span class=\"vc_empty_space_inner\"><\/span><\/div><div class=\"wpb_single_image    hongo-full-width-single-image\">\n\t\t\t<figure class=\"wpb_wrapper vc_figure\">\n\t\t\t\t<div class=\"vc_single_image-wrapper  \"><img loading=\"lazy\" decoding=\"async\" width=\"1460\" height=\"600\" src=\"https:\/\/gelidsolutions.com\/wp-content\/uploads\/2023\/08\/80FE7D2C-BB19-4D36-92E6-D89C7A059DD1.png\" class=\"vc_single_image-img attachment-full\" alt=\"\" title=\"80FE7D2C-BB19-4D36-92E6-D89C7A059DD1\" srcset=\"https:\/\/gelidsolutions.com\/wp-content\/uploads\/2023\/08\/80FE7D2C-BB19-4D36-92E6-D89C7A059DD1.png 1460w, https:\/\/gelidsolutions.com\/wp-content\/uploads\/2023\/08\/80FE7D2C-BB19-4D36-92E6-D89C7A059DD1-300x123.png 300w, https:\/\/gelidsolutions.com\/wp-content\/uploads\/2023\/08\/80FE7D2C-BB19-4D36-92E6-D89C7A059DD1-1024x421.png 1024w, https:\/\/gelidsolutions.com\/wp-content\/uploads\/2023\/08\/80FE7D2C-BB19-4D36-92E6-D89C7A059DD1-768x316.png 768w, https:\/\/gelidsolutions.com\/wp-content\/uploads\/2023\/08\/80FE7D2C-BB19-4D36-92E6-D89C7A059DD1-84x35.png 84w, https:\/\/gelidsolutions.com\/wp-content\/uploads\/2023\/08\/80FE7D2C-BB19-4D36-92E6-D89C7A059DD1-200x82.png 200w, https:\/\/gelidsolutions.com\/wp-content\/uploads\/2023\/08\/80FE7D2C-BB19-4D36-92E6-D89C7A059DD1-450x185.png 450w, https:\/\/gelidsolutions.com\/wp-content\/uploads\/2023\/08\/80FE7D2C-BB19-4D36-92E6-D89C7A059DD1-1200x493.png 1200w, https:\/\/gelidsolutions.com\/wp-content\/uploads\/2023\/08\/80FE7D2C-BB19-4D36-92E6-D89C7A059DD1-360x148.png 360w, https:\/\/gelidsolutions.com\/wp-content\/uploads\/2023\/08\/80FE7D2C-BB19-4D36-92E6-D89C7A059DD1-800x329.png 800w, https:\/\/gelidsolutions.com\/wp-content\/uploads\/2023\/08\/80FE7D2C-BB19-4D36-92E6-D89C7A059DD1-190x78.png 190w, https:\/\/gelidsolutions.com\/wp-content\/uploads\/2023\/08\/80FE7D2C-BB19-4D36-92E6-D89C7A059DD1-219x90.png 219w\" sizes=\"auto, (max-width: 1460px) 100vw, 1460px\" \/><\/div>\n\t\t\t<\/figure>\n\t\t\t\n\t\t<\/div><div class=\"vc_empty_space\"   style=\"height: 30px\"><span class=\"vc_empty_space_inner\"><\/span><\/div><\/div><\/div><\/div><\/section><section class=\"vc_row wpb_row vc_row-fluid\"><div class=\"wpb_column vc_column_container col-xs-mobile-fullwidth vc_col-sm-12\"><div class=\"vc_column-inner\"><div class=\"wpb_wrapper\"><div class=\"text-block-content hongo-text-block-1 last-paragraph-no-margin\"><p>EAN: 4897025783645<\/p>\n<\/div><\/div><\/div><\/div><\/section><section class=\"vc_row wpb_row vc_row-fluid\"><div class=\"wpb_column vc_column_container col-xs-mobile-fullwidth vc_col-sm-12\"><div class=\"vc_column-inner\"><div class=\"wpb_wrapper\"><div class=\"text-block-content hongo-text-block-2 last-paragraph-no-margin\"><\/div><div class=\"vc_empty_space\"   style=\"height: 30px\"><span class=\"vc_empty_space_inner\"><\/span><\/div><\/div><\/div><\/div><\/section><section class=\"vc_row wpb_row vc_row-fluid\"><div class=\"wpb_column vc_column_container col-xs-mobile-fullwidth vc_col-sm-12\"><div class=\"vc_column-inner\"><div class=\"wpb_wrapper\"><div class=\"text-block-content hongo-text-block-3 last-paragraph-no-margin\"><table border=\"0\" width=\"504\" cellpadding=\"15\">\n<tbody>\n<tr>\n<td style=\"width: auto; vertical-align: middle;\"><a href=\"https:\/\/www.cdrinfo.com\/d7\/content\/gelid-liquid-120-aio-cooler\" target=\"_blank\" rel=\"noopener\"><br \/>\n<img loading=\"lazy\" decoding=\"async\" style=\"width: 160px; height: 190px; max-width: inherit;\" src=\"https:\/\/gelidsolutions.com\/wp-content\/uploads\/2023\/04\/CDRINFO_BEST_BUY_AWARD.jpg\" alt=\"CDRinfo Award\" width=\"160\" height=\"190\" border=\"0\" \/><\/a><\/td>\n<td style=\"width: auto; vertical-align: middle;\"><a href=\"https:\/\/www.cdrinfo.com\/d7\/content\/gelid-liquid-120-aio-cooler\" target=\"_blank\" rel=\"noopener\"><br \/>\n<b><br \/>\n<i>April, 2023 CDRinfo<\/i><br \/>\n<\/b><br \/>\n<\/a><a href=\"https:\/\/www.cdrinfo.com\/d7\/content\/gelid-liquid-120-aio-cooler\" target=\"_blank\" rel=\"noopener\"><br \/>\n<i>&#8222;The Gelid Liquid 120 AIO cooler is a great product with a low retail price and 5 years of warranty. So if you are looking for a small AIO product with great performance and great price, consider buying this product to improve your cooling efficiency.&#8220;<\/i><\/a><i><a href=\"https:\/\/www.cdrinfo.com\/d7\/content\/gelid-liquid-120-aio-cooler\" target=\"_blank\" rel=\"noopener\"><i><\/i><br \/>\n<\/a><\/i><\/td>\n<\/tr>\n<\/tbody>\n<\/table>\n<\/div><\/div><\/div><\/div><\/section>\n<\/div>","protected":false},"excerpt":{"rendered":"<ul>\n<li>AM5-kompatibel<\/li>\n<li>Hochwertige H\u00fclsenschl\u00e4uche<\/li>\n<li>Extreme-K\u00fchlleistung<\/li>\n<li>Temperatur-Anzeige<\/li>\n<li>Heizk\u00f6rper der Premiumklasse<\/li>\n<li>Infinity Spiegel<\/li>\n<li>750 &#8211; 1800 UMDREHUNGEN PRO MINUTE<\/li>\n<li>Ger\u00e4uschloser Motor<\/li>\n<\/ul>\n","protected":false},"featured_media":128876,"comment_status":"open","ping_status":"closed","template":"","meta":{"_acf_changed":false},"product_cat":[311,322,796],"product_tag":[],"class_list":{"0":"post-126330","1":"product","2":"type-product","3":"status-publish","4":"has-post-thumbnail","6":"product_cat-cpu-kuehler","7":"product_cat-gamer-cpu-kuehler","8":"product_cat-wasserkuehler","10":"first","11":"outofstock","12":"taxable","13":"shipping-taxable","14":"purchasable","15":"product-type-simple"},"supplier_id":null,"supplier_sku":"","barcode":"4897025783645","atum_controlled":true,"out_stock_date":null,"out_stock_threshold":null,"inheritable":false,"inbound_stock":0,"stock_on_hold":0,"sold_today":0,"sales_last_days":0,"reserved_stock":0,"customer_returns":0,"warehouse_damage":0,"lost_in_post":0,"other_logs":0,"out_stock_days":0,"lost_sales":0,"has_location":false,"update_date":"2026-05-09T01:15:45","atum_locations":[],"atum_stock_status":"outofstock","restock_status":false,"low_stock_amount":"","sales_update_date":"2026-05-09T01:15:45","calc_backorders":null,"acf":[],"yoast_head":"<!-- This site is optimized with the Yoast SEO plugin v27.5 - https:\/\/yoast.com\/product\/yoast-seo-wordpress\/ -->\n<title>GELID LIQUID 120 - Gelid Solutions<\/title>\n<meta name=\"robots\" content=\"index, follow, max-snippet:-1, max-image-preview:large, max-video-preview:-1\" \/>\n<link rel=\"canonical\" href=\"https:\/\/gelidsolutions.com\/de\/produkt\/aio120-wasserkuhlung-system\/\" \/>\n<meta property=\"og:locale\" content=\"de_DE\" \/>\n<meta property=\"og:type\" content=\"article\" \/>\n<meta property=\"og:title\" content=\"GELID LIQUID 120 - Gelid Solutions\" \/>\n<meta property=\"og:description\" content=\"AM5-kompatibel  Hochwertige H\u00fclsenschl\u00e4uche  Extreme-K\u00fchlleistung  Temperatur-Anzeige  Heizk\u00f6rper der Premiumklasse  Infinity Spiegel  750 - 1800 UMDREHUNGEN PRO MINUTE  Ger\u00e4uschloser Motor\" \/>\n<meta property=\"og:url\" content=\"https:\/\/gelidsolutions.com\/de\/produkt\/aio120-wasserkuhlung-system\/\" \/>\n<meta property=\"og:site_name\" content=\"Gelid Solutions\" \/>\n<meta property=\"article:modified_time\" content=\"2023-12-07T01:51:57+00:00\" \/>\n<meta property=\"og:image\" content=\"https:\/\/gelidsolutions.com\/wp-content\/uploads\/2022\/10\/IMG_2349-1-1024x683.png\" \/>\n\t<meta property=\"og:image:width\" content=\"1024\" \/>\n\t<meta property=\"og:image:height\" content=\"683\" \/>\n\t<meta property=\"og:image:type\" content=\"image\/png\" \/>\n<meta name=\"twitter:card\" content=\"summary_large_image\" \/>\n<meta name=\"twitter:label1\" content=\"Gesch\u00e4tzte Lesezeit\" \/>\n\t<meta name=\"twitter:data1\" content=\"1\u00a0Minute\" \/>\n<script type=\"application\/ld+json\" class=\"yoast-schema-graph\">{\"@context\":\"https:\\\/\\\/schema.org\",\"@graph\":[{\"@type\":\"WebPage\",\"@id\":\"https:\\\/\\\/gelidsolutions.com\\\/de\\\/produkt\\\/aio120-wasserkuhlung-system\\\/\",\"url\":\"https:\\\/\\\/gelidsolutions.com\\\/de\\\/produkt\\\/aio120-wasserkuhlung-system\\\/\",\"name\":\"GELID LIQUID 120 - Gelid Solutions\",\"isPartOf\":{\"@id\":\"https:\\\/\\\/gelidsolutions.com\\\/de\\\/#website\"},\"primaryImageOfPage\":{\"@id\":\"https:\\\/\\\/gelidsolutions.com\\\/de\\\/produkt\\\/aio120-wasserkuhlung-system\\\/#primaryimage\"},\"image\":{\"@id\":\"https:\\\/\\\/gelidsolutions.com\\\/de\\\/produkt\\\/aio120-wasserkuhlung-system\\\/#primaryimage\"},\"thumbnailUrl\":\"https:\\\/\\\/gelidsolutions.com\\\/wp-content\\\/uploads\\\/2022\\\/10\\\/IMG_2349-1-e1681960622377.png\",\"datePublished\":\"2022-10-19T08:35:32+00:00\",\"dateModified\":\"2023-12-07T01:51:57+00:00\",\"breadcrumb\":{\"@id\":\"https:\\\/\\\/gelidsolutions.com\\\/de\\\/produkt\\\/aio120-wasserkuhlung-system\\\/#breadcrumb\"},\"inLanguage\":\"de\",\"potentialAction\":[{\"@type\":\"ReadAction\",\"target\":[\"https:\\\/\\\/gelidsolutions.com\\\/de\\\/produkt\\\/aio120-wasserkuhlung-system\\\/\"]}]},{\"@type\":\"ImageObject\",\"inLanguage\":\"de\",\"@id\":\"https:\\\/\\\/gelidsolutions.com\\\/de\\\/produkt\\\/aio120-wasserkuhlung-system\\\/#primaryimage\",\"url\":\"https:\\\/\\\/gelidsolutions.com\\\/wp-content\\\/uploads\\\/2022\\\/10\\\/IMG_2349-1-e1681960622377.png\",\"contentUrl\":\"https:\\\/\\\/gelidsolutions.com\\\/wp-content\\\/uploads\\\/2022\\\/10\\\/IMG_2349-1-e1681960622377.png\",\"width\":6240,\"height\":4160},{\"@type\":\"BreadcrumbList\",\"@id\":\"https:\\\/\\\/gelidsolutions.com\\\/de\\\/produkt\\\/aio120-wasserkuhlung-system\\\/#breadcrumb\",\"itemListElement\":[{\"@type\":\"ListItem\",\"position\":1,\"name\":\"Home\",\"item\":\"https:\\\/\\\/gelidsolutions.com\\\/de\\\/\"},{\"@type\":\"ListItem\",\"position\":2,\"name\":\"Shop\",\"item\":\"https:\\\/\\\/gelidsolutions.com\\\/shop\\\/\"},{\"@type\":\"ListItem\",\"position\":3,\"name\":\"GELID LIQUID 120\"}]},{\"@type\":\"WebSite\",\"@id\":\"https:\\\/\\\/gelidsolutions.com\\\/de\\\/#website\",\"url\":\"https:\\\/\\\/gelidsolutions.com\\\/de\\\/\",\"name\":\"Gelid Solutions\",\"description\":\"\",\"publisher\":{\"@id\":\"https:\\\/\\\/gelidsolutions.com\\\/de\\\/#organization\"},\"potentialAction\":[{\"@type\":\"SearchAction\",\"target\":{\"@type\":\"EntryPoint\",\"urlTemplate\":\"https:\\\/\\\/gelidsolutions.com\\\/de\\\/?s={search_term_string}\"},\"query-input\":{\"@type\":\"PropertyValueSpecification\",\"valueRequired\":true,\"valueName\":\"search_term_string\"}}],\"inLanguage\":\"de\"},{\"@type\":\"Organization\",\"@id\":\"https:\\\/\\\/gelidsolutions.com\\\/de\\\/#organization\",\"name\":\"Gelid Solutions\",\"url\":\"https:\\\/\\\/gelidsolutions.com\\\/de\\\/\",\"logo\":{\"@type\":\"ImageObject\",\"inLanguage\":\"de\",\"@id\":\"https:\\\/\\\/gelidsolutions.com\\\/de\\\/#\\\/schema\\\/logo\\\/image\\\/\",\"url\":\"https:\\\/\\\/gelidsolutions.com\\\/wp-content\\\/uploads\\\/2022\\\/06\\\/logo_white_104_104.gif\",\"contentUrl\":\"https:\\\/\\\/gelidsolutions.com\\\/wp-content\\\/uploads\\\/2022\\\/06\\\/logo_white_104_104.gif\",\"width\":104,\"height\":104,\"caption\":\"Gelid Solutions\"},\"image\":{\"@id\":\"https:\\\/\\\/gelidsolutions.com\\\/de\\\/#\\\/schema\\\/logo\\\/image\\\/\"}}]}<\/script>\n<!-- \/ Yoast SEO plugin. -->","yoast_head_json":{"title":"GELID LIQUID 120 - Gelid Solutions","robots":{"index":"index","follow":"follow","max-snippet":"max-snippet:-1","max-image-preview":"max-image-preview:large","max-video-preview":"max-video-preview:-1"},"canonical":"https:\/\/gelidsolutions.com\/de\/produkt\/aio120-wasserkuhlung-system\/","og_locale":"de_DE","og_type":"article","og_title":"GELID LIQUID 120 - Gelid Solutions","og_description":"AM5-kompatibel  Hochwertige H\u00fclsenschl\u00e4uche  Extreme-K\u00fchlleistung  Temperatur-Anzeige  Heizk\u00f6rper der Premiumklasse  Infinity Spiegel  750 - 1800 UMDREHUNGEN PRO MINUTE  Ger\u00e4uschloser Motor","og_url":"https:\/\/gelidsolutions.com\/de\/produkt\/aio120-wasserkuhlung-system\/","og_site_name":"Gelid Solutions","article_modified_time":"2023-12-07T01:51:57+00:00","og_image":[{"width":1024,"height":683,"url":"https:\/\/gelidsolutions.com\/wp-content\/uploads\/2022\/10\/IMG_2349-1-1024x683.png","type":"image\/png"}],"twitter_card":"summary_large_image","twitter_misc":{"Gesch\u00e4tzte Lesezeit":"1\u00a0Minute"},"schema":{"@context":"https:\/\/schema.org","@graph":[{"@type":"WebPage","@id":"https:\/\/gelidsolutions.com\/de\/produkt\/aio120-wasserkuhlung-system\/","url":"https:\/\/gelidsolutions.com\/de\/produkt\/aio120-wasserkuhlung-system\/","name":"GELID LIQUID 120 - Gelid Solutions","isPartOf":{"@id":"https:\/\/gelidsolutions.com\/de\/#website"},"primaryImageOfPage":{"@id":"https:\/\/gelidsolutions.com\/de\/produkt\/aio120-wasserkuhlung-system\/#primaryimage"},"image":{"@id":"https:\/\/gelidsolutions.com\/de\/produkt\/aio120-wasserkuhlung-system\/#primaryimage"},"thumbnailUrl":"https:\/\/gelidsolutions.com\/wp-content\/uploads\/2022\/10\/IMG_2349-1-e1681960622377.png","datePublished":"2022-10-19T08:35:32+00:00","dateModified":"2023-12-07T01:51:57+00:00","breadcrumb":{"@id":"https:\/\/gelidsolutions.com\/de\/produkt\/aio120-wasserkuhlung-system\/#breadcrumb"},"inLanguage":"de","potentialAction":[{"@type":"ReadAction","target":["https:\/\/gelidsolutions.com\/de\/produkt\/aio120-wasserkuhlung-system\/"]}]},{"@type":"ImageObject","inLanguage":"de","@id":"https:\/\/gelidsolutions.com\/de\/produkt\/aio120-wasserkuhlung-system\/#primaryimage","url":"https:\/\/gelidsolutions.com\/wp-content\/uploads\/2022\/10\/IMG_2349-1-e1681960622377.png","contentUrl":"https:\/\/gelidsolutions.com\/wp-content\/uploads\/2022\/10\/IMG_2349-1-e1681960622377.png","width":6240,"height":4160},{"@type":"BreadcrumbList","@id":"https:\/\/gelidsolutions.com\/de\/produkt\/aio120-wasserkuhlung-system\/#breadcrumb","itemListElement":[{"@type":"ListItem","position":1,"name":"Home","item":"https:\/\/gelidsolutions.com\/de\/"},{"@type":"ListItem","position":2,"name":"Shop","item":"https:\/\/gelidsolutions.com\/shop\/"},{"@type":"ListItem","position":3,"name":"GELID LIQUID 120"}]},{"@type":"WebSite","@id":"https:\/\/gelidsolutions.com\/de\/#website","url":"https:\/\/gelidsolutions.com\/de\/","name":"Gelid Solutions","description":"","publisher":{"@id":"https:\/\/gelidsolutions.com\/de\/#organization"},"potentialAction":[{"@type":"SearchAction","target":{"@type":"EntryPoint","urlTemplate":"https:\/\/gelidsolutions.com\/de\/?s={search_term_string}"},"query-input":{"@type":"PropertyValueSpecification","valueRequired":true,"valueName":"search_term_string"}}],"inLanguage":"de"},{"@type":"Organization","@id":"https:\/\/gelidsolutions.com\/de\/#organization","name":"Gelid Solutions","url":"https:\/\/gelidsolutions.com\/de\/","logo":{"@type":"ImageObject","inLanguage":"de","@id":"https:\/\/gelidsolutions.com\/de\/#\/schema\/logo\/image\/","url":"https:\/\/gelidsolutions.com\/wp-content\/uploads\/2022\/06\/logo_white_104_104.gif","contentUrl":"https:\/\/gelidsolutions.com\/wp-content\/uploads\/2022\/06\/logo_white_104_104.gif","width":104,"height":104,"caption":"Gelid Solutions"},"image":{"@id":"https:\/\/gelidsolutions.com\/de\/#\/schema\/logo\/image\/"}}]}},"_links":{"self":[{"href":"https:\/\/gelidsolutions.com\/de\/wp-json\/wp\/v2\/product\/126330","targetHints":{"allow":["GET"]}}],"collection":[{"href":"https:\/\/gelidsolutions.com\/de\/wp-json\/wp\/v2\/product"}],"about":[{"href":"https:\/\/gelidsolutions.com\/de\/wp-json\/wp\/v2\/types\/product"}],"replies":[{"embeddable":true,"href":"https:\/\/gelidsolutions.com\/de\/wp-json\/wp\/v2\/comments?post=126330"}],"wp:featuredmedia":[{"embeddable":true,"href":"https:\/\/gelidsolutions.com\/de\/wp-json\/wp\/v2\/media\/128876"}],"wp:attachment":[{"href":"https:\/\/gelidsolutions.com\/de\/wp-json\/wp\/v2\/media?parent=126330"}],"wp:term":[{"taxonomy":"product_cat","embeddable":true,"href":"https:\/\/gelidsolutions.com\/de\/wp-json\/wp\/v2\/product_cat?post=126330"},{"taxonomy":"product_tag","embeddable":true,"href":"https:\/\/gelidsolutions.com\/de\/wp-json\/wp\/v2\/product_tag?post=126330"}],"curies":[{"name":"wp","href":"https:\/\/api.w.org\/{rel}","templated":true}]}}