{"id":128177,"date":"2023-03-09T19:28:47","date_gmt":"2023-03-09T11:28:47","guid":{"rendered":"https:\/\/gelidsolutions.com\/product\/gelid-liquid-360\/"},"modified":"2023-12-21T12:48:30","modified_gmt":"2023-12-21T04:48:30","slug":"gelid-liquid-360","status":"publish","type":"product","link":"https:\/\/gelidsolutions.com\/de\/produkt\/gelid-liquid-360\/","title":{"rendered":"GELID LIQUID 360"},"content":{"rendered":"<div class=\"wpb-content-wrapper\"><section class=\"vc_row wpb_row vc_row-fluid\"><div class=\"wpb_column vc_column_container col-xs-mobile-fullwidth vc_col-sm-12\"><div class=\"vc_column-inner\"><div class=\"wpb_wrapper\"><div class=\"wpb_single_image    hongo-full-width-single-image\">\n\t\t\t<figure class=\"wpb_wrapper vc_figure\">\n\t\t\t\t<div class=\"vc_single_image-wrapper  \"><img loading=\"lazy\" decoding=\"async\" width=\"2560\" height=\"1039\" src=\"https:\/\/gelidsolutions.com\/wp-content\/uploads\/2023\/03\/AIO360-DE-1-b.png\" class=\"vc_single_image-img attachment-full\" alt=\"\" title=\"AIO360-DE-1-b\" srcset=\"https:\/\/gelidsolutions.com\/wp-content\/uploads\/2023\/03\/AIO360-DE-1-b.png 2560w, https:\/\/gelidsolutions.com\/wp-content\/uploads\/2023\/03\/AIO360-DE-1-b-300x122.png 300w, https:\/\/gelidsolutions.com\/wp-content\/uploads\/2023\/03\/AIO360-DE-1-b-1024x416.png 1024w, https:\/\/gelidsolutions.com\/wp-content\/uploads\/2023\/03\/AIO360-DE-1-b-768x312.png 768w, https:\/\/gelidsolutions.com\/wp-content\/uploads\/2023\/03\/AIO360-DE-1-b-1536x624.png 1536w, https:\/\/gelidsolutions.com\/wp-content\/uploads\/2023\/03\/AIO360-DE-1-b-2048x832.png 2048w, https:\/\/gelidsolutions.com\/wp-content\/uploads\/2023\/03\/AIO360-DE-1-b-84x34.png 84w, https:\/\/gelidsolutions.com\/wp-content\/uploads\/2023\/03\/AIO360-DE-1-b-200x80.png 200w, https:\/\/gelidsolutions.com\/wp-content\/uploads\/2023\/03\/AIO360-DE-1-b-450x183.png 450w, https:\/\/gelidsolutions.com\/wp-content\/uploads\/2023\/03\/AIO360-DE-1-b-1200x487.png 1200w, https:\/\/gelidsolutions.com\/wp-content\/uploads\/2023\/03\/AIO360-DE-1-b-360x146.png 360w, https:\/\/gelidsolutions.com\/wp-content\/uploads\/2023\/03\/AIO360-DE-1-b-800x325.png 800w, https:\/\/gelidsolutions.com\/wp-content\/uploads\/2023\/03\/AIO360-DE-1-b-190x77.png 190w, https:\/\/gelidsolutions.com\/wp-content\/uploads\/2023\/03\/AIO360-DE-1-b-222x90.png 222w\" sizes=\"auto, (max-width: 2560px) 100vw, 2560px\" \/><\/div>\n\t\t\t<\/figure>\n\t\t\t\n\t\t<\/div><div class=\"vc_empty_space\"   style=\"height: 15px\"><span class=\"vc_empty_space_inner\"><\/span><\/div><div class=\"wpb_single_image    hongo-full-width-single-image\">\n\t\t\t<figure class=\"wpb_wrapper vc_figure\">\n\t\t\t\t<div class=\"vc_single_image-wrapper  \"><img loading=\"lazy\" decoding=\"async\" width=\"2560\" height=\"1048\" src=\"https:\/\/gelidsolutions.com\/wp-content\/uploads\/2023\/03\/AIO360-DE-2-b.png\" class=\"vc_single_image-img attachment-full\" alt=\"\" title=\"AIO360-DE-2-b\" srcset=\"https:\/\/gelidsolutions.com\/wp-content\/uploads\/2023\/03\/AIO360-DE-2-b.png 2560w, https:\/\/gelidsolutions.com\/wp-content\/uploads\/2023\/03\/AIO360-DE-2-b-300x123.png 300w, https:\/\/gelidsolutions.com\/wp-content\/uploads\/2023\/03\/AIO360-DE-2-b-1024x419.png 1024w, https:\/\/gelidsolutions.com\/wp-content\/uploads\/2023\/03\/AIO360-DE-2-b-768x315.png 768w, https:\/\/gelidsolutions.com\/wp-content\/uploads\/2023\/03\/AIO360-DE-2-b-1536x629.png 1536w, https:\/\/gelidsolutions.com\/wp-content\/uploads\/2023\/03\/AIO360-DE-2-b-2048x839.png 2048w, https:\/\/gelidsolutions.com\/wp-content\/uploads\/2023\/03\/AIO360-DE-2-b-84x34.png 84w, https:\/\/gelidsolutions.com\/wp-content\/uploads\/2023\/03\/AIO360-DE-2-b-200x82.png 200w, https:\/\/gelidsolutions.com\/wp-content\/uploads\/2023\/03\/AIO360-DE-2-b-450x184.png 450w, https:\/\/gelidsolutions.com\/wp-content\/uploads\/2023\/03\/AIO360-DE-2-b-1200x491.png 1200w, https:\/\/gelidsolutions.com\/wp-content\/uploads\/2023\/03\/AIO360-DE-2-b-360x147.png 360w, https:\/\/gelidsolutions.com\/wp-content\/uploads\/2023\/03\/AIO360-DE-2-b-800x328.png 800w, https:\/\/gelidsolutions.com\/wp-content\/uploads\/2023\/03\/AIO360-DE-2-b-190x78.png 190w, https:\/\/gelidsolutions.com\/wp-content\/uploads\/2023\/03\/AIO360-DE-2-b-220x90.png 220w\" sizes=\"auto, (max-width: 2560px) 100vw, 2560px\" \/><\/div>\n\t\t\t<\/figure>\n\t\t\t\n\t\t<\/div><div class=\"vc_empty_space\"   style=\"height: 15px\"><span class=\"vc_empty_space_inner\"><\/span><\/div><div class=\"wpb_single_image    hongo-full-width-single-image\">\n\t\t\t<figure class=\"wpb_wrapper vc_figure\">\n\t\t\t\t<div class=\"vc_single_image-wrapper  \"><img loading=\"lazy\" decoding=\"async\" width=\"2560\" height=\"1057\" src=\"https:\/\/gelidsolutions.com\/wp-content\/uploads\/2023\/03\/AIO360-DE-3-b.png\" class=\"vc_single_image-img attachment-full\" alt=\"\" title=\"AIO360-DE-3-b\" srcset=\"https:\/\/gelidsolutions.com\/wp-content\/uploads\/2023\/03\/AIO360-DE-3-b.png 2560w, https:\/\/gelidsolutions.com\/wp-content\/uploads\/2023\/03\/AIO360-DE-3-b-300x124.png 300w, https:\/\/gelidsolutions.com\/wp-content\/uploads\/2023\/03\/AIO360-DE-3-b-1024x423.png 1024w, https:\/\/gelidsolutions.com\/wp-content\/uploads\/2023\/03\/AIO360-DE-3-b-768x317.png 768w, https:\/\/gelidsolutions.com\/wp-content\/uploads\/2023\/03\/AIO360-DE-3-b-1536x634.png 1536w, https:\/\/gelidsolutions.com\/wp-content\/uploads\/2023\/03\/AIO360-DE-3-b-2048x845.png 2048w, https:\/\/gelidsolutions.com\/wp-content\/uploads\/2023\/03\/AIO360-DE-3-b-84x35.png 84w, https:\/\/gelidsolutions.com\/wp-content\/uploads\/2023\/03\/AIO360-DE-3-b-200x83.png 200w, https:\/\/gelidsolutions.com\/wp-content\/uploads\/2023\/03\/AIO360-DE-3-b-450x186.png 450w, https:\/\/gelidsolutions.com\/wp-content\/uploads\/2023\/03\/AIO360-DE-3-b-1200x495.png 1200w, https:\/\/gelidsolutions.com\/wp-content\/uploads\/2023\/03\/AIO360-DE-3-b-360x149.png 360w, https:\/\/gelidsolutions.com\/wp-content\/uploads\/2023\/03\/AIO360-DE-3-b-800x330.png 800w, https:\/\/gelidsolutions.com\/wp-content\/uploads\/2023\/03\/AIO360-DE-3-b-190x78.png 190w, https:\/\/gelidsolutions.com\/wp-content\/uploads\/2023\/03\/AIO360-DE-3-b-218x90.png 218w\" sizes=\"auto, (max-width: 2560px) 100vw, 2560px\" \/><\/div>\n\t\t\t<\/figure>\n\t\t\t\n\t\t<\/div><div class=\"vc_empty_space\"   style=\"height: 15px\"><span class=\"vc_empty_space_inner\"><\/span><\/div><div class=\"wpb_single_image    hongo-full-width-single-image\">\n\t\t\t<figure class=\"wpb_wrapper vc_figure\">\n\t\t\t\t<div class=\"vc_single_image-wrapper  \"><img loading=\"lazy\" decoding=\"async\" width=\"2560\" height=\"1048\" src=\"https:\/\/gelidsolutions.com\/wp-content\/uploads\/2023\/03\/AIO360-DE-4-b.png\" class=\"vc_single_image-img attachment-full\" alt=\"\" title=\"AIO360-DE-4-b\" srcset=\"https:\/\/gelidsolutions.com\/wp-content\/uploads\/2023\/03\/AIO360-DE-4-b.png 2560w, https:\/\/gelidsolutions.com\/wp-content\/uploads\/2023\/03\/AIO360-DE-4-b-300x123.png 300w, https:\/\/gelidsolutions.com\/wp-content\/uploads\/2023\/03\/AIO360-DE-4-b-1024x419.png 1024w, https:\/\/gelidsolutions.com\/wp-content\/uploads\/2023\/03\/AIO360-DE-4-b-768x314.png 768w, https:\/\/gelidsolutions.com\/wp-content\/uploads\/2023\/03\/AIO360-DE-4-b-1536x629.png 1536w, https:\/\/gelidsolutions.com\/wp-content\/uploads\/2023\/03\/AIO360-DE-4-b-2048x839.png 2048w, https:\/\/gelidsolutions.com\/wp-content\/uploads\/2023\/03\/AIO360-DE-4-b-84x34.png 84w, https:\/\/gelidsolutions.com\/wp-content\/uploads\/2023\/03\/AIO360-DE-4-b-200x82.png 200w, https:\/\/gelidsolutions.com\/wp-content\/uploads\/2023\/03\/AIO360-DE-4-b-450x184.png 450w, https:\/\/gelidsolutions.com\/wp-content\/uploads\/2023\/03\/AIO360-DE-4-b-1200x491.png 1200w, https:\/\/gelidsolutions.com\/wp-content\/uploads\/2023\/03\/AIO360-DE-4-b-360x147.png 360w, https:\/\/gelidsolutions.com\/wp-content\/uploads\/2023\/03\/AIO360-DE-4-b-800x328.png 800w, https:\/\/gelidsolutions.com\/wp-content\/uploads\/2023\/03\/AIO360-DE-4-b-190x78.png 190w, https:\/\/gelidsolutions.com\/wp-content\/uploads\/2023\/03\/AIO360-DE-4-b-220x90.png 220w\" sizes=\"auto, (max-width: 2560px) 100vw, 2560px\" \/><\/div>\n\t\t\t<\/figure>\n\t\t\t\n\t\t<\/div><div class=\"vc_empty_space\"   style=\"height: 40px\"><span class=\"vc_empty_space_inner\"><\/span><\/div><div class=\"wpb_single_image    hongo-full-width-single-image\">\n\t\t\t<figure class=\"wpb_wrapper vc_figure\">\n\t\t\t\t<div class=\"vc_single_image-wrapper  \"><img loading=\"lazy\" decoding=\"async\" width=\"8643\" height=\"3549\" src=\"https:\/\/gelidsolutions.com\/wp-content\/uploads\/2023\/03\/AIO360-EN-5-b.png\" class=\"vc_single_image-img attachment-full\" alt=\"\" title=\"AIO360-EN-5-b\" srcset=\"https:\/\/gelidsolutions.com\/wp-content\/uploads\/2023\/03\/AIO360-EN-5-b.png 8643w, https:\/\/gelidsolutions.com\/wp-content\/uploads\/2023\/03\/AIO360-EN-5-b-300x123.png 300w, https:\/\/gelidsolutions.com\/wp-content\/uploads\/2023\/03\/AIO360-EN-5-b-1024x420.png 1024w, https:\/\/gelidsolutions.com\/wp-content\/uploads\/2023\/03\/AIO360-EN-5-b-768x315.png 768w, https:\/\/gelidsolutions.com\/wp-content\/uploads\/2023\/03\/AIO360-EN-5-b-1536x631.png 1536w, https:\/\/gelidsolutions.com\/wp-content\/uploads\/2023\/03\/AIO360-EN-5-b-2048x841.png 2048w, https:\/\/gelidsolutions.com\/wp-content\/uploads\/2023\/03\/AIO360-EN-5-b-84x34.png 84w, https:\/\/gelidsolutions.com\/wp-content\/uploads\/2023\/03\/AIO360-EN-5-b-200x82.png 200w, https:\/\/gelidsolutions.com\/wp-content\/uploads\/2023\/03\/AIO360-EN-5-b-450x185.png 450w, https:\/\/gelidsolutions.com\/wp-content\/uploads\/2023\/03\/AIO360-EN-5-b-1200x493.png 1200w, https:\/\/gelidsolutions.com\/wp-content\/uploads\/2023\/03\/AIO360-EN-5-b-360x148.png 360w, https:\/\/gelidsolutions.com\/wp-content\/uploads\/2023\/03\/AIO360-EN-5-b-800x328.png 800w, https:\/\/gelidsolutions.com\/wp-content\/uploads\/2023\/03\/AIO360-EN-5-b-190x78.png 190w, https:\/\/gelidsolutions.com\/wp-content\/uploads\/2023\/03\/AIO360-EN-5-b-219x90.png 219w\" sizes=\"auto, (max-width: 8643px) 100vw, 8643px\" \/><\/div>\n\t\t\t<\/figure>\n\t\t\t\n\t\t<\/div><div class=\"vc_empty_space\"   style=\"height: 40px\"><span class=\"vc_empty_space_inner\"><\/span><\/div><div class=\"wpb_single_image    hongo-full-width-single-image\">\n\t\t\t<figure class=\"wpb_wrapper vc_figure\">\n\t\t\t\t<div class=\"vc_single_image-wrapper  \"><img loading=\"lazy\" decoding=\"async\" width=\"2560\" height=\"1051\" src=\"https:\/\/gelidsolutions.com\/wp-content\/uploads\/2023\/03\/AIO360-DE-7-b.png\" class=\"vc_single_image-img attachment-full\" alt=\"\" title=\"AIO360-DE-7-b\" srcset=\"https:\/\/gelidsolutions.com\/wp-content\/uploads\/2023\/03\/AIO360-DE-7-b.png 2560w, https:\/\/gelidsolutions.com\/wp-content\/uploads\/2023\/03\/AIO360-DE-7-b-300x123.png 300w, https:\/\/gelidsolutions.com\/wp-content\/uploads\/2023\/03\/AIO360-DE-7-b-1024x420.png 1024w, https:\/\/gelidsolutions.com\/wp-content\/uploads\/2023\/03\/AIO360-DE-7-b-768x315.png 768w, https:\/\/gelidsolutions.com\/wp-content\/uploads\/2023\/03\/AIO360-DE-7-b-1536x631.png 1536w, https:\/\/gelidsolutions.com\/wp-content\/uploads\/2023\/03\/AIO360-DE-7-b-2048x841.png 2048w, https:\/\/gelidsolutions.com\/wp-content\/uploads\/2023\/03\/AIO360-DE-7-b-84x34.png 84w, https:\/\/gelidsolutions.com\/wp-content\/uploads\/2023\/03\/AIO360-DE-7-b-200x82.png 200w, https:\/\/gelidsolutions.com\/wp-content\/uploads\/2023\/03\/AIO360-DE-7-b-450x185.png 450w, https:\/\/gelidsolutions.com\/wp-content\/uploads\/2023\/03\/AIO360-DE-7-b-1200x493.png 1200w, https:\/\/gelidsolutions.com\/wp-content\/uploads\/2023\/03\/AIO360-DE-7-b-360x148.png 360w, https:\/\/gelidsolutions.com\/wp-content\/uploads\/2023\/03\/AIO360-DE-7-b-800x328.png 800w, https:\/\/gelidsolutions.com\/wp-content\/uploads\/2023\/03\/AIO360-DE-7-b-190x78.png 190w, https:\/\/gelidsolutions.com\/wp-content\/uploads\/2023\/03\/AIO360-DE-7-b-219x90.png 219w\" sizes=\"auto, (max-width: 2560px) 100vw, 2560px\" \/><\/div>\n\t\t\t<\/figure>\n\t\t\t\n\t\t<\/div><div class=\"vc_empty_space\"   style=\"height: 40px\"><span class=\"vc_empty_space_inner\"><\/span><\/div><div class=\"wpb_single_image    hongo-full-width-single-image\">\n\t\t\t<figure class=\"wpb_wrapper vc_figure\">\n\t\t\t\t<div class=\"vc_single_image-wrapper  \"><img loading=\"lazy\" decoding=\"async\" width=\"2560\" height=\"1052\" src=\"https:\/\/gelidsolutions.com\/wp-content\/uploads\/2023\/03\/AIO360-DE-6-b.png\" class=\"vc_single_image-img attachment-full\" alt=\"\" title=\"AIO360-DE-6-b\" srcset=\"https:\/\/gelidsolutions.com\/wp-content\/uploads\/2023\/03\/AIO360-DE-6-b.png 2560w, https:\/\/gelidsolutions.com\/wp-content\/uploads\/2023\/03\/AIO360-DE-6-b-300x123.png 300w, https:\/\/gelidsolutions.com\/wp-content\/uploads\/2023\/03\/AIO360-DE-6-b-1024x421.png 1024w, https:\/\/gelidsolutions.com\/wp-content\/uploads\/2023\/03\/AIO360-DE-6-b-768x316.png 768w, https:\/\/gelidsolutions.com\/wp-content\/uploads\/2023\/03\/AIO360-DE-6-b-1536x631.png 1536w, https:\/\/gelidsolutions.com\/wp-content\/uploads\/2023\/03\/AIO360-DE-6-b-2048x842.png 2048w, https:\/\/gelidsolutions.com\/wp-content\/uploads\/2023\/03\/AIO360-DE-6-b-84x35.png 84w, https:\/\/gelidsolutions.com\/wp-content\/uploads\/2023\/03\/AIO360-DE-6-b-200x82.png 200w, https:\/\/gelidsolutions.com\/wp-content\/uploads\/2023\/03\/AIO360-DE-6-b-450x185.png 450w, https:\/\/gelidsolutions.com\/wp-content\/uploads\/2023\/03\/AIO360-DE-6-b-1200x493.png 1200w, https:\/\/gelidsolutions.com\/wp-content\/uploads\/2023\/03\/AIO360-DE-6-b-360x148.png 360w, https:\/\/gelidsolutions.com\/wp-content\/uploads\/2023\/03\/AIO360-DE-6-b-800x329.png 800w, https:\/\/gelidsolutions.com\/wp-content\/uploads\/2023\/03\/AIO360-DE-6-b-190x78.png 190w, https:\/\/gelidsolutions.com\/wp-content\/uploads\/2023\/03\/AIO360-DE-6-b-219x90.png 219w\" sizes=\"auto, (max-width: 2560px) 100vw, 2560px\" \/><\/div>\n\t\t\t<\/figure>\n\t\t\t\n\t\t<\/div><div class=\"vc_empty_space\"   style=\"height: 40px\"><span class=\"vc_empty_space_inner\"><\/span><\/div>\n\t<div class=\"wpb_video_widget wpb_content_element vc_clearfix   vc_video-aspect-ratio-169 vc_video-el-width-100 vc_video-align-left\" >\n\t\t<div class=\"wpb_wrapper\">\n\t\t\t\n\t\t\t<div class=\"wpb_video_wrapper\"><iframe loading=\"lazy\" title=\"Gelid Liquid 360\" width=\"500\" height=\"281\" src=\"https:\/\/www.youtube.com\/embed\/o7H3602RkkI?feature=oembed\" frameborder=\"0\" allow=\"accelerometer; autoplay; clipboard-write; encrypted-media; gyroscope; picture-in-picture; web-share\" allowfullscreen><\/iframe><\/div>\n\t\t<\/div>\n\t<\/div>\n\n\t<div class=\"wpb_video_widget wpb_content_element vc_clearfix   vc_video-aspect-ratio-169 vc_video-el-width-100 vc_video-align-left\" >\n\t\t<div class=\"wpb_wrapper\">\n\t\t\t\n\t\t\t<div class=\"wpb_video_wrapper\"><iframe loading=\"lazy\" title=\"Gelid\u2019s Liquid 360 AIO with OG LCD\u2026 But is it any good?\" width=\"500\" height=\"281\" src=\"https:\/\/www.youtube.com\/embed\/9CuV0_PSfZI?start=863&feature=oembed\" frameborder=\"0\" allow=\"accelerometer; autoplay; clipboard-write; encrypted-media; gyroscope; picture-in-picture; web-share\" allowfullscreen><\/iframe><\/div>\n\t\t<\/div>\n\t<\/div>\n<div class=\"vc_empty_space\"   style=\"height: 30px\"><span class=\"vc_empty_space_inner\"><\/span><\/div><\/div><\/div><\/div><\/section><section class=\"vc_row wpb_row vc_row-fluid\"><div class=\"wpb_column vc_column_container col-xs-mobile-fullwidth vc_col-sm-12\"><div class=\"vc_column-inner\"><div class=\"wpb_wrapper\"><div class=\"text-block-content hongo-text-block-1 last-paragraph-no-margin\"><p>EAN: 4897025783751<\/p>\n<\/div><\/div><\/div><\/div><\/section>\n<\/div>","protected":false},"excerpt":{"rendered":"<ul>\n<li>AM5-kompatibel<\/li>\n<li>Hochwertige H\u00fclsenschl\u00e4uche<\/li>\n<li>Extreme-K\u00fchlleistung<\/li>\n<li>Temperatur-Anzeige<\/li>\n<li>Heizk\u00f6rper der Premiumklasse<\/li>\n<li>Infinity Spiegel<\/li>\n<li>750 &#8211; 1800 UMDREHUNGEN PRO MINUTE<\/li>\n<li>Ger\u00e4uschloser Motor<\/li>\n<li>Enth\u00e4lt: GC-4 &#8211; Die modernste W\u00e4rmeleitpaste<\/li>\n<\/ul>\n","protected":false},"featured_media":128125,"comment_status":"open","ping_status":"closed","template":"","meta":{"_acf_changed":false},"product_cat":[796],"product_tag":[],"class_list":{"0":"post-128177","1":"product","2":"type-product","3":"status-publish","4":"has-post-thumbnail","6":"product_cat-wasserkuehler","8":"first","9":"outofstock","10":"taxable","11":"shipping-taxable","12":"purchasable","13":"product-type-simple"},"supplier_id":null,"supplier_sku":"","barcode":"4897025783751","atum_controlled":true,"out_stock_date":null,"out_stock_threshold":null,"inheritable":false,"inbound_stock":0,"stock_on_hold":0,"sold_today":0,"sales_last_days":0,"reserved_stock":0,"customer_returns":0,"warehouse_damage":0,"lost_in_post":0,"other_logs":0,"out_stock_days":0,"lost_sales":0,"has_location":false,"update_date":"2026-04-28T01:11:35","atum_locations":[],"atum_stock_status":"outofstock","restock_status":false,"low_stock_amount":"","sales_update_date":"2026-04-28T01:11:35","calc_backorders":null,"acf":[],"yoast_head":"<!-- This site is optimized with the Yoast SEO plugin v27.4 - https:\/\/yoast.com\/product\/yoast-seo-wordpress\/ -->\n<title>GELID LIQUID 360 - Gelid Solutions<\/title>\n<meta name=\"robots\" content=\"index, follow, max-snippet:-1, max-image-preview:large, max-video-preview:-1\" \/>\n<link rel=\"canonical\" href=\"https:\/\/gelidsolutions.com\/de\/produkt\/gelid-liquid-360\/\" \/>\n<meta property=\"og:locale\" content=\"de_DE\" \/>\n<meta property=\"og:type\" content=\"article\" \/>\n<meta property=\"og:title\" content=\"GELID LIQUID 360 - Gelid Solutions\" \/>\n<meta property=\"og:description\" content=\"AM5-kompatibel  Hochwertige H\u00fclsenschl\u00e4uche  Extreme-K\u00fchlleistung  Temperatur-Anzeige  Heizk\u00f6rper der Premiumklasse  Infinity Spiegel  750 - 1800 UMDREHUNGEN PRO MINUTE  Ger\u00e4uschloser Motor  Enth\u00e4lt: GC-4 - Die modernste W\u00e4rmeleitpaste\" \/>\n<meta property=\"og:url\" content=\"https:\/\/gelidsolutions.com\/de\/produkt\/gelid-liquid-360\/\" \/>\n<meta property=\"og:site_name\" content=\"Gelid Solutions\" \/>\n<meta property=\"article:modified_time\" content=\"2023-12-21T04:48:30+00:00\" \/>\n<meta property=\"og:image\" content=\"https:\/\/gelidsolutions.com\/wp-content\/uploads\/2023\/03\/GELID-Liquid-360-2.png\" \/>\n\t<meta property=\"og:image:width\" content=\"2000\" \/>\n\t<meta property=\"og:image:height\" content=\"1333\" \/>\n\t<meta property=\"og:image:type\" content=\"image\/png\" \/>\n<meta name=\"twitter:card\" content=\"summary_large_image\" \/>\n<meta name=\"twitter:label1\" content=\"Gesch\u00e4tzte Lesezeit\" \/>\n\t<meta name=\"twitter:data1\" content=\"1\u00a0Minute\" \/>\n<script type=\"application\/ld+json\" class=\"yoast-schema-graph\">{\"@context\":\"https:\\\/\\\/schema.org\",\"@graph\":[{\"@type\":\"WebPage\",\"@id\":\"https:\\\/\\\/gelidsolutions.com\\\/de\\\/produkt\\\/gelid-liquid-360\\\/\",\"url\":\"https:\\\/\\\/gelidsolutions.com\\\/de\\\/produkt\\\/gelid-liquid-360\\\/\",\"name\":\"GELID LIQUID 360 - Gelid Solutions\",\"isPartOf\":{\"@id\":\"https:\\\/\\\/gelidsolutions.com\\\/de\\\/#website\"},\"primaryImageOfPage\":{\"@id\":\"https:\\\/\\\/gelidsolutions.com\\\/de\\\/produkt\\\/gelid-liquid-360\\\/#primaryimage\"},\"image\":{\"@id\":\"https:\\\/\\\/gelidsolutions.com\\\/de\\\/produkt\\\/gelid-liquid-360\\\/#primaryimage\"},\"thumbnailUrl\":\"https:\\\/\\\/gelidsolutions.com\\\/wp-content\\\/uploads\\\/2023\\\/03\\\/GELID-Liquid-360-2.png\",\"datePublished\":\"2023-03-09T11:28:47+00:00\",\"dateModified\":\"2023-12-21T04:48:30+00:00\",\"breadcrumb\":{\"@id\":\"https:\\\/\\\/gelidsolutions.com\\\/de\\\/produkt\\\/gelid-liquid-360\\\/#breadcrumb\"},\"inLanguage\":\"de\",\"potentialAction\":[{\"@type\":\"ReadAction\",\"target\":[\"https:\\\/\\\/gelidsolutions.com\\\/de\\\/produkt\\\/gelid-liquid-360\\\/\"]}]},{\"@type\":\"ImageObject\",\"inLanguage\":\"de\",\"@id\":\"https:\\\/\\\/gelidsolutions.com\\\/de\\\/produkt\\\/gelid-liquid-360\\\/#primaryimage\",\"url\":\"https:\\\/\\\/gelidsolutions.com\\\/wp-content\\\/uploads\\\/2023\\\/03\\\/GELID-Liquid-360-2.png\",\"contentUrl\":\"https:\\\/\\\/gelidsolutions.com\\\/wp-content\\\/uploads\\\/2023\\\/03\\\/GELID-Liquid-360-2.png\",\"width\":2000,\"height\":1333},{\"@type\":\"BreadcrumbList\",\"@id\":\"https:\\\/\\\/gelidsolutions.com\\\/de\\\/produkt\\\/gelid-liquid-360\\\/#breadcrumb\",\"itemListElement\":[{\"@type\":\"ListItem\",\"position\":1,\"name\":\"Home\",\"item\":\"https:\\\/\\\/gelidsolutions.com\\\/de\\\/\"},{\"@type\":\"ListItem\",\"position\":2,\"name\":\"Shop\",\"item\":\"https:\\\/\\\/gelidsolutions.com\\\/shop\\\/\"},{\"@type\":\"ListItem\",\"position\":3,\"name\":\"GELID LIQUID 360\"}]},{\"@type\":\"WebSite\",\"@id\":\"https:\\\/\\\/gelidsolutions.com\\\/de\\\/#website\",\"url\":\"https:\\\/\\\/gelidsolutions.com\\\/de\\\/\",\"name\":\"Gelid Solutions\",\"description\":\"\",\"publisher\":{\"@id\":\"https:\\\/\\\/gelidsolutions.com\\\/de\\\/#organization\"},\"potentialAction\":[{\"@type\":\"SearchAction\",\"target\":{\"@type\":\"EntryPoint\",\"urlTemplate\":\"https:\\\/\\\/gelidsolutions.com\\\/de\\\/?s={search_term_string}\"},\"query-input\":{\"@type\":\"PropertyValueSpecification\",\"valueRequired\":true,\"valueName\":\"search_term_string\"}}],\"inLanguage\":\"de\"},{\"@type\":\"Organization\",\"@id\":\"https:\\\/\\\/gelidsolutions.com\\\/de\\\/#organization\",\"name\":\"Gelid Solutions\",\"url\":\"https:\\\/\\\/gelidsolutions.com\\\/de\\\/\",\"logo\":{\"@type\":\"ImageObject\",\"inLanguage\":\"de\",\"@id\":\"https:\\\/\\\/gelidsolutions.com\\\/de\\\/#\\\/schema\\\/logo\\\/image\\\/\",\"url\":\"https:\\\/\\\/gelidsolutions.com\\\/wp-content\\\/uploads\\\/2022\\\/06\\\/logo_white_104_104.gif\",\"contentUrl\":\"https:\\\/\\\/gelidsolutions.com\\\/wp-content\\\/uploads\\\/2022\\\/06\\\/logo_white_104_104.gif\",\"width\":104,\"height\":104,\"caption\":\"Gelid Solutions\"},\"image\":{\"@id\":\"https:\\\/\\\/gelidsolutions.com\\\/de\\\/#\\\/schema\\\/logo\\\/image\\\/\"}}]}<\/script>\n<!-- \/ Yoast SEO plugin. -->","yoast_head_json":{"title":"GELID LIQUID 360 - Gelid Solutions","robots":{"index":"index","follow":"follow","max-snippet":"max-snippet:-1","max-image-preview":"max-image-preview:large","max-video-preview":"max-video-preview:-1"},"canonical":"https:\/\/gelidsolutions.com\/de\/produkt\/gelid-liquid-360\/","og_locale":"de_DE","og_type":"article","og_title":"GELID LIQUID 360 - Gelid Solutions","og_description":"AM5-kompatibel  Hochwertige H\u00fclsenschl\u00e4uche  Extreme-K\u00fchlleistung  Temperatur-Anzeige  Heizk\u00f6rper der Premiumklasse  Infinity Spiegel  750 - 1800 UMDREHUNGEN PRO MINUTE  Ger\u00e4uschloser Motor  Enth\u00e4lt: GC-4 - Die modernste W\u00e4rmeleitpaste","og_url":"https:\/\/gelidsolutions.com\/de\/produkt\/gelid-liquid-360\/","og_site_name":"Gelid Solutions","article_modified_time":"2023-12-21T04:48:30+00:00","og_image":[{"width":2000,"height":1333,"url":"https:\/\/gelidsolutions.com\/wp-content\/uploads\/2023\/03\/GELID-Liquid-360-2.png","type":"image\/png"}],"twitter_card":"summary_large_image","twitter_misc":{"Gesch\u00e4tzte Lesezeit":"1\u00a0Minute"},"schema":{"@context":"https:\/\/schema.org","@graph":[{"@type":"WebPage","@id":"https:\/\/gelidsolutions.com\/de\/produkt\/gelid-liquid-360\/","url":"https:\/\/gelidsolutions.com\/de\/produkt\/gelid-liquid-360\/","name":"GELID LIQUID 360 - Gelid Solutions","isPartOf":{"@id":"https:\/\/gelidsolutions.com\/de\/#website"},"primaryImageOfPage":{"@id":"https:\/\/gelidsolutions.com\/de\/produkt\/gelid-liquid-360\/#primaryimage"},"image":{"@id":"https:\/\/gelidsolutions.com\/de\/produkt\/gelid-liquid-360\/#primaryimage"},"thumbnailUrl":"https:\/\/gelidsolutions.com\/wp-content\/uploads\/2023\/03\/GELID-Liquid-360-2.png","datePublished":"2023-03-09T11:28:47+00:00","dateModified":"2023-12-21T04:48:30+00:00","breadcrumb":{"@id":"https:\/\/gelidsolutions.com\/de\/produkt\/gelid-liquid-360\/#breadcrumb"},"inLanguage":"de","potentialAction":[{"@type":"ReadAction","target":["https:\/\/gelidsolutions.com\/de\/produkt\/gelid-liquid-360\/"]}]},{"@type":"ImageObject","inLanguage":"de","@id":"https:\/\/gelidsolutions.com\/de\/produkt\/gelid-liquid-360\/#primaryimage","url":"https:\/\/gelidsolutions.com\/wp-content\/uploads\/2023\/03\/GELID-Liquid-360-2.png","contentUrl":"https:\/\/gelidsolutions.com\/wp-content\/uploads\/2023\/03\/GELID-Liquid-360-2.png","width":2000,"height":1333},{"@type":"BreadcrumbList","@id":"https:\/\/gelidsolutions.com\/de\/produkt\/gelid-liquid-360\/#breadcrumb","itemListElement":[{"@type":"ListItem","position":1,"name":"Home","item":"https:\/\/gelidsolutions.com\/de\/"},{"@type":"ListItem","position":2,"name":"Shop","item":"https:\/\/gelidsolutions.com\/shop\/"},{"@type":"ListItem","position":3,"name":"GELID LIQUID 360"}]},{"@type":"WebSite","@id":"https:\/\/gelidsolutions.com\/de\/#website","url":"https:\/\/gelidsolutions.com\/de\/","name":"Gelid Solutions","description":"","publisher":{"@id":"https:\/\/gelidsolutions.com\/de\/#organization"},"potentialAction":[{"@type":"SearchAction","target":{"@type":"EntryPoint","urlTemplate":"https:\/\/gelidsolutions.com\/de\/?s={search_term_string}"},"query-input":{"@type":"PropertyValueSpecification","valueRequired":true,"valueName":"search_term_string"}}],"inLanguage":"de"},{"@type":"Organization","@id":"https:\/\/gelidsolutions.com\/de\/#organization","name":"Gelid Solutions","url":"https:\/\/gelidsolutions.com\/de\/","logo":{"@type":"ImageObject","inLanguage":"de","@id":"https:\/\/gelidsolutions.com\/de\/#\/schema\/logo\/image\/","url":"https:\/\/gelidsolutions.com\/wp-content\/uploads\/2022\/06\/logo_white_104_104.gif","contentUrl":"https:\/\/gelidsolutions.com\/wp-content\/uploads\/2022\/06\/logo_white_104_104.gif","width":104,"height":104,"caption":"Gelid Solutions"},"image":{"@id":"https:\/\/gelidsolutions.com\/de\/#\/schema\/logo\/image\/"}}]}},"_links":{"self":[{"href":"https:\/\/gelidsolutions.com\/de\/wp-json\/wp\/v2\/product\/128177","targetHints":{"allow":["GET"]}}],"collection":[{"href":"https:\/\/gelidsolutions.com\/de\/wp-json\/wp\/v2\/product"}],"about":[{"href":"https:\/\/gelidsolutions.com\/de\/wp-json\/wp\/v2\/types\/product"}],"replies":[{"embeddable":true,"href":"https:\/\/gelidsolutions.com\/de\/wp-json\/wp\/v2\/comments?post=128177"}],"wp:featuredmedia":[{"embeddable":true,"href":"https:\/\/gelidsolutions.com\/de\/wp-json\/wp\/v2\/media\/128125"}],"wp:attachment":[{"href":"https:\/\/gelidsolutions.com\/de\/wp-json\/wp\/v2\/media?parent=128177"}],"wp:term":[{"taxonomy":"product_cat","embeddable":true,"href":"https:\/\/gelidsolutions.com\/de\/wp-json\/wp\/v2\/product_cat?post=128177"},{"taxonomy":"product_tag","embeddable":true,"href":"https:\/\/gelidsolutions.com\/de\/wp-json\/wp\/v2\/product_tag?post=128177"}],"curies":[{"name":"wp","href":"https:\/\/api.w.org\/{rel}","templated":true}]}}