{"id":128443,"date":"2023-03-17T20:42:18","date_gmt":"2023-03-17T12:42:18","guid":{"rendered":"https:\/\/gelidsolutions.com\/product\/icerock-ddr5-cooler\/"},"modified":"2023-05-10T16:22:00","modified_gmt":"2023-05-10T08:22:00","slug":"icerock-ddr5-cooler","status":"publish","type":"product","link":"https:\/\/gelidsolutions.com\/de\/produkt\/icerock-ddr5-cooler\/","title":{"rendered":"IceROCK DDR5 K\u00fchler"},"content":{"rendered":"<div class=\"wpb-content-wrapper\"><section class=\"vc_row wpb_row vc_row-fluid\"><div class=\"wpb_column vc_column_container col-xs-mobile-fullwidth vc_col-sm-12\"><div class=\"vc_column-inner\"><div class=\"wpb_wrapper\"><div class=\"wpb_single_image    hongo-full-width-single-image\">\n\t\t\t<figure class=\"wpb_wrapper vc_figure\">\n\t\t\t\t<div class=\"vc_single_image-wrapper  \"><img loading=\"lazy\" decoding=\"async\" width=\"1024\" height=\"427\" src=\"https:\/\/gelidsolutions.com\/wp-content\/uploads\/2023\/03\/ICEROCK_Banner_rev1-01.png\" class=\"vc_single_image-img attachment-full\" alt=\"\" title=\"ICEROCK_Banner_rev1-01\" srcset=\"https:\/\/gelidsolutions.com\/wp-content\/uploads\/2023\/03\/ICEROCK_Banner_rev1-01.png 1024w, https:\/\/gelidsolutions.com\/wp-content\/uploads\/2023\/03\/ICEROCK_Banner_rev1-01-300x125.png 300w, https:\/\/gelidsolutions.com\/wp-content\/uploads\/2023\/03\/ICEROCK_Banner_rev1-01-768x320.png 768w, https:\/\/gelidsolutions.com\/wp-content\/uploads\/2023\/03\/ICEROCK_Banner_rev1-01-84x35.png 84w, https:\/\/gelidsolutions.com\/wp-content\/uploads\/2023\/03\/ICEROCK_Banner_rev1-01-200x83.png 200w, https:\/\/gelidsolutions.com\/wp-content\/uploads\/2023\/03\/ICEROCK_Banner_rev1-01-450x188.png 450w, https:\/\/gelidsolutions.com\/wp-content\/uploads\/2023\/03\/ICEROCK_Banner_rev1-01-360x150.png 360w, https:\/\/gelidsolutions.com\/wp-content\/uploads\/2023\/03\/ICEROCK_Banner_rev1-01-800x334.png 800w\" sizes=\"auto, (max-width: 1024px) 100vw, 1024px\" \/><\/div>\n\t\t\t<\/figure>\n\t\t\t\n\t\t<\/div><div class=\"vc_empty_space\"   style=\"height: 15px\"><span class=\"vc_empty_space_inner\"><\/span><\/div><div class=\"wpb_single_image    hongo-full-width-single-image\">\n\t\t\t<figure class=\"wpb_wrapper vc_figure\">\n\t\t\t\t<div class=\"vc_single_image-wrapper  \"><img loading=\"lazy\" decoding=\"async\" width=\"1280\" height=\"640\" src=\"https:\/\/gelidsolutions.com\/wp-content\/uploads\/2023\/03\/ICEROCK_Banner_02-1280X640-EN.png\" class=\"vc_single_image-img attachment-full\" alt=\"\" title=\"ICEROCK_Banner_02 1280X640 EN\" srcset=\"https:\/\/gelidsolutions.com\/wp-content\/uploads\/2023\/03\/ICEROCK_Banner_02-1280X640-EN.png 1280w, https:\/\/gelidsolutions.com\/wp-content\/uploads\/2023\/03\/ICEROCK_Banner_02-1280X640-EN-300x150.png 300w, https:\/\/gelidsolutions.com\/wp-content\/uploads\/2023\/03\/ICEROCK_Banner_02-1280X640-EN-1024x512.png 1024w, https:\/\/gelidsolutions.com\/wp-content\/uploads\/2023\/03\/ICEROCK_Banner_02-1280X640-EN-768x384.png 768w, https:\/\/gelidsolutions.com\/wp-content\/uploads\/2023\/03\/ICEROCK_Banner_02-1280X640-EN-84x42.png 84w, https:\/\/gelidsolutions.com\/wp-content\/uploads\/2023\/03\/ICEROCK_Banner_02-1280X640-EN-200x100.png 200w, https:\/\/gelidsolutions.com\/wp-content\/uploads\/2023\/03\/ICEROCK_Banner_02-1280X640-EN-450x225.png 450w, https:\/\/gelidsolutions.com\/wp-content\/uploads\/2023\/03\/ICEROCK_Banner_02-1280X640-EN-1200x600.png 1200w, https:\/\/gelidsolutions.com\/wp-content\/uploads\/2023\/03\/ICEROCK_Banner_02-1280X640-EN-360x180.png 360w, https:\/\/gelidsolutions.com\/wp-content\/uploads\/2023\/03\/ICEROCK_Banner_02-1280X640-EN-800x400.png 800w, https:\/\/gelidsolutions.com\/wp-content\/uploads\/2023\/03\/ICEROCK_Banner_02-1280X640-EN-180x90.png 180w\" sizes=\"auto, (max-width: 1280px) 100vw, 1280px\" \/><\/div>\n\t\t\t<\/figure>\n\t\t\t\n\t\t<\/div><div class=\"vc_empty_space\"   style=\"height: 15px\"><span class=\"vc_empty_space_inner\"><\/span><\/div><div class=\"wpb_single_image    hongo-full-width-single-image\">\n\t\t\t<figure class=\"wpb_wrapper vc_figure\">\n\t\t\t\t<div class=\"vc_single_image-wrapper  \"><img loading=\"lazy\" decoding=\"async\" width=\"1024\" height=\"427\" src=\"https:\/\/gelidsolutions.com\/wp-content\/uploads\/2023\/03\/13371680257550_.pic_.png\" class=\"vc_single_image-img attachment-full\" alt=\"\" title=\"13371680257550_.pic\" srcset=\"https:\/\/gelidsolutions.com\/wp-content\/uploads\/2023\/03\/13371680257550_.pic_.png 1024w, https:\/\/gelidsolutions.com\/wp-content\/uploads\/2023\/03\/13371680257550_.pic_-300x125.png 300w, https:\/\/gelidsolutions.com\/wp-content\/uploads\/2023\/03\/13371680257550_.pic_-768x320.png 768w, https:\/\/gelidsolutions.com\/wp-content\/uploads\/2023\/03\/13371680257550_.pic_-84x35.png 84w, https:\/\/gelidsolutions.com\/wp-content\/uploads\/2023\/03\/13371680257550_.pic_-200x83.png 200w, https:\/\/gelidsolutions.com\/wp-content\/uploads\/2023\/03\/13371680257550_.pic_-450x188.png 450w, https:\/\/gelidsolutions.com\/wp-content\/uploads\/2023\/03\/13371680257550_.pic_-360x150.png 360w, https:\/\/gelidsolutions.com\/wp-content\/uploads\/2023\/03\/13371680257550_.pic_-800x334.png 800w, https:\/\/gelidsolutions.com\/wp-content\/uploads\/2023\/03\/13371680257550_.pic_-190x79.png 190w, https:\/\/gelidsolutions.com\/wp-content\/uploads\/2023\/03\/13371680257550_.pic_-216x90.png 216w\" sizes=\"auto, (max-width: 1024px) 100vw, 1024px\" \/><\/div>\n\t\t\t<\/figure>\n\t\t\t\n\t\t<\/div><div class=\"vc_empty_space\"   style=\"height: 15px\"><span class=\"vc_empty_space_inner\"><\/span><\/div><div class=\"wpb_single_image    hongo-full-width-single-image\">\n\t\t\t<figure class=\"wpb_wrapper vc_figure\">\n\t\t\t\t<div class=\"vc_single_image-wrapper  \"><img loading=\"lazy\" decoding=\"async\" width=\"1024\" height=\"427\" src=\"https:\/\/gelidsolutions.com\/wp-content\/uploads\/2023\/03\/ICEROCK_Banner-04.png\" class=\"vc_single_image-img attachment-full\" alt=\"\" title=\"ICEROCK_Banner-04\" srcset=\"https:\/\/gelidsolutions.com\/wp-content\/uploads\/2023\/03\/ICEROCK_Banner-04.png 1024w, https:\/\/gelidsolutions.com\/wp-content\/uploads\/2023\/03\/ICEROCK_Banner-04-300x125.png 300w, https:\/\/gelidsolutions.com\/wp-content\/uploads\/2023\/03\/ICEROCK_Banner-04-768x320.png 768w, https:\/\/gelidsolutions.com\/wp-content\/uploads\/2023\/03\/ICEROCK_Banner-04-84x35.png 84w, https:\/\/gelidsolutions.com\/wp-content\/uploads\/2023\/03\/ICEROCK_Banner-04-200x83.png 200w, https:\/\/gelidsolutions.com\/wp-content\/uploads\/2023\/03\/ICEROCK_Banner-04-450x188.png 450w, https:\/\/gelidsolutions.com\/wp-content\/uploads\/2023\/03\/ICEROCK_Banner-04-360x150.png 360w, https:\/\/gelidsolutions.com\/wp-content\/uploads\/2023\/03\/ICEROCK_Banner-04-800x334.png 800w\" sizes=\"auto, (max-width: 1024px) 100vw, 1024px\" \/><\/div>\n\t\t\t<\/figure>\n\t\t\t\n\t\t<\/div><div class=\"vc_empty_space\"   style=\"height: 15px\"><span class=\"vc_empty_space_inner\"><\/span><\/div><div class=\"wpb_single_image    hongo-full-width-single-image\">\n\t\t\t<figure class=\"wpb_wrapper vc_figure\">\n\t\t\t\t<div class=\"vc_single_image-wrapper  \"><img loading=\"lazy\" decoding=\"async\" width=\"1024\" height=\"512\" src=\"https:\/\/gelidsolutions.com\/wp-content\/uploads\/2023\/03\/IceROCK-1_EN.png\" class=\"vc_single_image-img attachment-full\" alt=\"\" title=\"IceROCK 1_EN\" srcset=\"https:\/\/gelidsolutions.com\/wp-content\/uploads\/2023\/03\/IceROCK-1_EN.png 1024w, https:\/\/gelidsolutions.com\/wp-content\/uploads\/2023\/03\/IceROCK-1_EN-300x150.png 300w, https:\/\/gelidsolutions.com\/wp-content\/uploads\/2023\/03\/IceROCK-1_EN-768x384.png 768w, https:\/\/gelidsolutions.com\/wp-content\/uploads\/2023\/03\/IceROCK-1_EN-84x42.png 84w, https:\/\/gelidsolutions.com\/wp-content\/uploads\/2023\/03\/IceROCK-1_EN-200x100.png 200w, https:\/\/gelidsolutions.com\/wp-content\/uploads\/2023\/03\/IceROCK-1_EN-450x225.png 450w, https:\/\/gelidsolutions.com\/wp-content\/uploads\/2023\/03\/IceROCK-1_EN-360x180.png 360w, https:\/\/gelidsolutions.com\/wp-content\/uploads\/2023\/03\/IceROCK-1_EN-800x400.png 800w, https:\/\/gelidsolutions.com\/wp-content\/uploads\/2023\/03\/IceROCK-1_EN-180x90.png 180w\" sizes=\"auto, (max-width: 1024px) 100vw, 1024px\" \/><\/div>\n\t\t\t<\/figure>\n\t\t\t\n\t\t<\/div><div class=\"vc_empty_space\"   style=\"height: 40px\"><span class=\"vc_empty_space_inner\"><\/span><\/div><\/div><\/div><\/div><\/section><section class=\"vc_row wpb_row vc_row-fluid\"><div class=\"wpb_column vc_column_container col-xs-mobile-fullwidth vc_col-sm-12\"><div class=\"vc_column-inner\"><div class=\"wpb_wrapper\"><div class=\"text-block-content hongo-text-block-1 last-paragraph-no-margin\"><h3><strong>IceROCK DDR5 K\u00fchler schwarz (CC-IceR-01) &amp; silber(CC-IceR-02)<\/strong><\/h3>\n<p>DDR-Hochleistungs-K\u00fchlungsset<\/p>\n<p>IceRock verf\u00fcgt \u00fcber einen optimierten K\u00fchlk\u00f6rper. Aus hochwertigem Aluminium gefertigt, einfach zu installieren und ideal f\u00fcr die Steigerung der DRAM-\u00dcbertaktung. Au\u00dferdem unterst\u00fctzt er alle DDR3-, DDR4- und DDR5-Speicher.<\/p>\n<p>EAN:<br \/>\n4897025783737 (black)<br \/>\n4897025783737 (silver)<\/p>\n<\/div><\/div><\/div><\/div><\/section>\n<\/div>","protected":false},"excerpt":{"rendered":"<ul>\n<li>Optimierter K\u00fchlk\u00f6rper<\/li>\n<li>Leichte Konstruktion<\/li>\n<li>Hohe Leistung<\/li>\n<li>Leichtere Installation<\/li>\n<li>Unterst\u00fctzt alle DDR3\/ DDR4\/ DDR5 RAM<\/li>\n<\/ul>\n","protected":false},"featured_media":130135,"comment_status":"open","ping_status":"closed","template":"","meta":{"_acf_changed":false},"product_cat":[15],"product_tag":[],"class_list":{"0":"post-128443","1":"product","2":"type-product","3":"status-publish","4":"has-post-thumbnail","6":"product_cat-uncategorized","8":"first","9":"instock","10":"taxable","11":"shipping-taxable","12":"purchasable","13":"product-type-variable"},"supplier_id":null,"supplier_sku":"","barcode":null,"atum_controlled":true,"out_stock_date":null,"out_stock_threshold":null,"inheritable":true,"inbound_stock":null,"stock_on_hold":0,"sold_today":0,"sales_last_days":0,"reserved_stock":null,"customer_returns":null,"warehouse_damage":null,"lost_in_post":null,"other_logs":null,"out_stock_days":0,"lost_sales":0,"has_location":false,"update_date":"2026-04-29T01:11:33","atum_locations":[],"atum_stock_status":"instock","restock_status":false,"low_stock_amount":"","sales_update_date":"2026-04-29T01:11:33","calc_backorders":null,"acf":[],"yoast_head":"<!-- This site is optimized with the Yoast SEO plugin v27.5 - https:\/\/yoast.com\/product\/yoast-seo-wordpress\/ -->\n<title>IceROCK DDR5 K\u00fchler - Gelid Solutions<\/title>\n<meta name=\"robots\" content=\"index, follow, max-snippet:-1, max-image-preview:large, max-video-preview:-1\" \/>\n<link rel=\"canonical\" href=\"https:\/\/gelidsolutions.com\/de\/produkt\/icerock-ddr5-cooler\/\" \/>\n<meta property=\"og:locale\" content=\"de_DE\" \/>\n<meta property=\"og:type\" content=\"article\" \/>\n<meta property=\"og:title\" content=\"IceROCK DDR5 K\u00fchler - Gelid Solutions\" \/>\n<meta property=\"og:description\" content=\"Optimierter K\u00fchlk\u00f6rper  Leichte Konstruktion  Hohe Leistung  Leichtere Installation  Unterst\u00fctzt alle DDR3\/ DDR4\/ DDR5 RAM\" \/>\n<meta property=\"og:url\" content=\"https:\/\/gelidsolutions.com\/de\/produkt\/icerock-ddr5-cooler\/\" \/>\n<meta property=\"og:site_name\" content=\"Gelid Solutions\" \/>\n<meta property=\"article:modified_time\" content=\"2023-05-10T08:22:00+00:00\" \/>\n<meta property=\"og:image\" content=\"https:\/\/gelidsolutions.com\/wp-content\/uploads\/2023\/03\/IMG_7284-\u95a5\u8469\u8154.png\" \/>\n\t<meta property=\"og:image:width\" content=\"2000\" \/>\n\t<meta property=\"og:image:height\" content=\"2000\" \/>\n\t<meta property=\"og:image:type\" content=\"image\/png\" \/>\n<meta name=\"twitter:card\" content=\"summary_large_image\" \/>\n<meta name=\"twitter:label1\" content=\"Gesch\u00e4tzte Lesezeit\" \/>\n\t<meta name=\"twitter:data1\" content=\"1\u00a0Minute\" \/>\n<script type=\"application\/ld+json\" class=\"yoast-schema-graph\">{\"@context\":\"https:\\\/\\\/schema.org\",\"@graph\":[{\"@type\":\"WebPage\",\"@id\":\"https:\\\/\\\/gelidsolutions.com\\\/de\\\/produkt\\\/icerock-ddr5-cooler\\\/\",\"url\":\"https:\\\/\\\/gelidsolutions.com\\\/de\\\/produkt\\\/icerock-ddr5-cooler\\\/\",\"name\":\"IceROCK DDR5 K\u00fchler - Gelid Solutions\",\"isPartOf\":{\"@id\":\"https:\\\/\\\/gelidsolutions.com\\\/de\\\/#website\"},\"primaryImageOfPage\":{\"@id\":\"https:\\\/\\\/gelidsolutions.com\\\/de\\\/produkt\\\/icerock-ddr5-cooler\\\/#primaryimage\"},\"image\":{\"@id\":\"https:\\\/\\\/gelidsolutions.com\\\/de\\\/produkt\\\/icerock-ddr5-cooler\\\/#primaryimage\"},\"thumbnailUrl\":\"https:\\\/\\\/gelidsolutions.com\\\/wp-content\\\/uploads\\\/2023\\\/03\\\/IceRock_Black.png\",\"datePublished\":\"2023-03-17T12:42:18+00:00\",\"dateModified\":\"2023-05-10T08:22:00+00:00\",\"breadcrumb\":{\"@id\":\"https:\\\/\\\/gelidsolutions.com\\\/de\\\/produkt\\\/icerock-ddr5-cooler\\\/#breadcrumb\"},\"inLanguage\":\"de\",\"potentialAction\":[{\"@type\":\"ReadAction\",\"target\":[\"https:\\\/\\\/gelidsolutions.com\\\/de\\\/produkt\\\/icerock-ddr5-cooler\\\/\"]}]},{\"@type\":\"ImageObject\",\"inLanguage\":\"de\",\"@id\":\"https:\\\/\\\/gelidsolutions.com\\\/de\\\/produkt\\\/icerock-ddr5-cooler\\\/#primaryimage\",\"url\":\"https:\\\/\\\/gelidsolutions.com\\\/wp-content\\\/uploads\\\/2023\\\/03\\\/IceRock_Black.png\",\"contentUrl\":\"https:\\\/\\\/gelidsolutions.com\\\/wp-content\\\/uploads\\\/2023\\\/03\\\/IceRock_Black.png\",\"width\":800,\"height\":800},{\"@type\":\"BreadcrumbList\",\"@id\":\"https:\\\/\\\/gelidsolutions.com\\\/de\\\/produkt\\\/icerock-ddr5-cooler\\\/#breadcrumb\",\"itemListElement\":[{\"@type\":\"ListItem\",\"position\":1,\"name\":\"Home\",\"item\":\"https:\\\/\\\/gelidsolutions.com\\\/de\\\/\"},{\"@type\":\"ListItem\",\"position\":2,\"name\":\"Shop\",\"item\":\"https:\\\/\\\/gelidsolutions.com\\\/shop\\\/\"},{\"@type\":\"ListItem\",\"position\":3,\"name\":\"IceROCK DDR5 K\u00fchler\"}]},{\"@type\":\"WebSite\",\"@id\":\"https:\\\/\\\/gelidsolutions.com\\\/de\\\/#website\",\"url\":\"https:\\\/\\\/gelidsolutions.com\\\/de\\\/\",\"name\":\"Gelid Solutions\",\"description\":\"\",\"publisher\":{\"@id\":\"https:\\\/\\\/gelidsolutions.com\\\/de\\\/#organization\"},\"potentialAction\":[{\"@type\":\"SearchAction\",\"target\":{\"@type\":\"EntryPoint\",\"urlTemplate\":\"https:\\\/\\\/gelidsolutions.com\\\/de\\\/?s={search_term_string}\"},\"query-input\":{\"@type\":\"PropertyValueSpecification\",\"valueRequired\":true,\"valueName\":\"search_term_string\"}}],\"inLanguage\":\"de\"},{\"@type\":\"Organization\",\"@id\":\"https:\\\/\\\/gelidsolutions.com\\\/de\\\/#organization\",\"name\":\"Gelid Solutions\",\"url\":\"https:\\\/\\\/gelidsolutions.com\\\/de\\\/\",\"logo\":{\"@type\":\"ImageObject\",\"inLanguage\":\"de\",\"@id\":\"https:\\\/\\\/gelidsolutions.com\\\/de\\\/#\\\/schema\\\/logo\\\/image\\\/\",\"url\":\"https:\\\/\\\/gelidsolutions.com\\\/wp-content\\\/uploads\\\/2022\\\/06\\\/logo_white_104_104.gif\",\"contentUrl\":\"https:\\\/\\\/gelidsolutions.com\\\/wp-content\\\/uploads\\\/2022\\\/06\\\/logo_white_104_104.gif\",\"width\":104,\"height\":104,\"caption\":\"Gelid Solutions\"},\"image\":{\"@id\":\"https:\\\/\\\/gelidsolutions.com\\\/de\\\/#\\\/schema\\\/logo\\\/image\\\/\"}}]}<\/script>\n<!-- \/ Yoast SEO plugin. -->","yoast_head_json":{"title":"IceROCK DDR5 K\u00fchler - Gelid Solutions","robots":{"index":"index","follow":"follow","max-snippet":"max-snippet:-1","max-image-preview":"max-image-preview:large","max-video-preview":"max-video-preview:-1"},"canonical":"https:\/\/gelidsolutions.com\/de\/produkt\/icerock-ddr5-cooler\/","og_locale":"de_DE","og_type":"article","og_title":"IceROCK DDR5 K\u00fchler - Gelid Solutions","og_description":"Optimierter K\u00fchlk\u00f6rper  Leichte Konstruktion  Hohe Leistung  Leichtere Installation  Unterst\u00fctzt alle DDR3\/ DDR4\/ DDR5 RAM","og_url":"https:\/\/gelidsolutions.com\/de\/produkt\/icerock-ddr5-cooler\/","og_site_name":"Gelid Solutions","article_modified_time":"2023-05-10T08:22:00+00:00","og_image":[{"width":2000,"height":2000,"url":"https:\/\/gelidsolutions.com\/wp-content\/uploads\/2023\/03\/IMG_7284-\u95a5\u8469\u8154.png","type":"image\/png"}],"twitter_card":"summary_large_image","twitter_misc":{"Gesch\u00e4tzte Lesezeit":"1\u00a0Minute"},"schema":{"@context":"https:\/\/schema.org","@graph":[{"@type":"WebPage","@id":"https:\/\/gelidsolutions.com\/de\/produkt\/icerock-ddr5-cooler\/","url":"https:\/\/gelidsolutions.com\/de\/produkt\/icerock-ddr5-cooler\/","name":"IceROCK DDR5 K\u00fchler - Gelid Solutions","isPartOf":{"@id":"https:\/\/gelidsolutions.com\/de\/#website"},"primaryImageOfPage":{"@id":"https:\/\/gelidsolutions.com\/de\/produkt\/icerock-ddr5-cooler\/#primaryimage"},"image":{"@id":"https:\/\/gelidsolutions.com\/de\/produkt\/icerock-ddr5-cooler\/#primaryimage"},"thumbnailUrl":"https:\/\/gelidsolutions.com\/wp-content\/uploads\/2023\/03\/IceRock_Black.png","datePublished":"2023-03-17T12:42:18+00:00","dateModified":"2023-05-10T08:22:00+00:00","breadcrumb":{"@id":"https:\/\/gelidsolutions.com\/de\/produkt\/icerock-ddr5-cooler\/#breadcrumb"},"inLanguage":"de","potentialAction":[{"@type":"ReadAction","target":["https:\/\/gelidsolutions.com\/de\/produkt\/icerock-ddr5-cooler\/"]}]},{"@type":"ImageObject","inLanguage":"de","@id":"https:\/\/gelidsolutions.com\/de\/produkt\/icerock-ddr5-cooler\/#primaryimage","url":"https:\/\/gelidsolutions.com\/wp-content\/uploads\/2023\/03\/IceRock_Black.png","contentUrl":"https:\/\/gelidsolutions.com\/wp-content\/uploads\/2023\/03\/IceRock_Black.png","width":800,"height":800},{"@type":"BreadcrumbList","@id":"https:\/\/gelidsolutions.com\/de\/produkt\/icerock-ddr5-cooler\/#breadcrumb","itemListElement":[{"@type":"ListItem","position":1,"name":"Home","item":"https:\/\/gelidsolutions.com\/de\/"},{"@type":"ListItem","position":2,"name":"Shop","item":"https:\/\/gelidsolutions.com\/shop\/"},{"@type":"ListItem","position":3,"name":"IceROCK DDR5 K\u00fchler"}]},{"@type":"WebSite","@id":"https:\/\/gelidsolutions.com\/de\/#website","url":"https:\/\/gelidsolutions.com\/de\/","name":"Gelid Solutions","description":"","publisher":{"@id":"https:\/\/gelidsolutions.com\/de\/#organization"},"potentialAction":[{"@type":"SearchAction","target":{"@type":"EntryPoint","urlTemplate":"https:\/\/gelidsolutions.com\/de\/?s={search_term_string}"},"query-input":{"@type":"PropertyValueSpecification","valueRequired":true,"valueName":"search_term_string"}}],"inLanguage":"de"},{"@type":"Organization","@id":"https:\/\/gelidsolutions.com\/de\/#organization","name":"Gelid Solutions","url":"https:\/\/gelidsolutions.com\/de\/","logo":{"@type":"ImageObject","inLanguage":"de","@id":"https:\/\/gelidsolutions.com\/de\/#\/schema\/logo\/image\/","url":"https:\/\/gelidsolutions.com\/wp-content\/uploads\/2022\/06\/logo_white_104_104.gif","contentUrl":"https:\/\/gelidsolutions.com\/wp-content\/uploads\/2022\/06\/logo_white_104_104.gif","width":104,"height":104,"caption":"Gelid Solutions"},"image":{"@id":"https:\/\/gelidsolutions.com\/de\/#\/schema\/logo\/image\/"}}]}},"_links":{"self":[{"href":"https:\/\/gelidsolutions.com\/de\/wp-json\/wp\/v2\/product\/128443","targetHints":{"allow":["GET"]}}],"collection":[{"href":"https:\/\/gelidsolutions.com\/de\/wp-json\/wp\/v2\/product"}],"about":[{"href":"https:\/\/gelidsolutions.com\/de\/wp-json\/wp\/v2\/types\/product"}],"replies":[{"embeddable":true,"href":"https:\/\/gelidsolutions.com\/de\/wp-json\/wp\/v2\/comments?post=128443"}],"wp:featuredmedia":[{"embeddable":true,"href":"https:\/\/gelidsolutions.com\/de\/wp-json\/wp\/v2\/media\/130135"}],"wp:attachment":[{"href":"https:\/\/gelidsolutions.com\/de\/wp-json\/wp\/v2\/media?parent=128443"}],"wp:term":[{"taxonomy":"product_cat","embeddable":true,"href":"https:\/\/gelidsolutions.com\/de\/wp-json\/wp\/v2\/product_cat?post=128443"},{"taxonomy":"product_tag","embeddable":true,"href":"https:\/\/gelidsolutions.com\/de\/wp-json\/wp\/v2\/product_tag?post=128443"}],"curies":[{"name":"wp","href":"https:\/\/api.w.org\/{rel}","templated":true}]}}