{"id":134480,"date":"2023-08-21T13:58:28","date_gmt":"2023-08-21T05:58:28","guid":{"rendered":"https:\/\/gelidsolutions.com\/?post_type=product&#038;p=134480"},"modified":"2024-05-20T00:00:10","modified_gmt":"2024-05-19T16:00:10","slug":"silent-12","status":"publish","type":"product","link":"https:\/\/gelidsolutions.com\/de\/produkt\/silent-12\/","title":{"rendered":"Silent 12 Schwarz"},"content":{"rendered":"<div class=\"wpb-content-wrapper\"><section class=\"vc_row wpb_row vc_row-fluid\"><div class=\"wpb_column vc_column_container col-xs-mobile-fullwidth vc_col-sm-12\"><div class=\"vc_column-inner\"><div class=\"wpb_wrapper\"><div class=\"wpb_single_image    hongo-full-width-single-image\">\n\t\t\t<figure class=\"wpb_wrapper vc_figure\">\n\t\t\t\t<div class=\"vc_single_image-wrapper  \"><img loading=\"lazy\" decoding=\"async\" width=\"1464\" height=\"600\" src=\"https:\/\/gelidsolutions.com\/wp-content\/uploads\/2023\/08\/Silent-12_Web-Banners_rev2_DE-01.png\" class=\"vc_single_image-img attachment-full\" alt=\"\" title=\"Silent 12_Web Banners_rev2_DE-01\" srcset=\"https:\/\/gelidsolutions.com\/wp-content\/uploads\/2023\/08\/Silent-12_Web-Banners_rev2_DE-01.png 1464w, https:\/\/gelidsolutions.com\/wp-content\/uploads\/2023\/08\/Silent-12_Web-Banners_rev2_DE-01-300x123.png 300w, https:\/\/gelidsolutions.com\/wp-content\/uploads\/2023\/08\/Silent-12_Web-Banners_rev2_DE-01-1024x420.png 1024w, https:\/\/gelidsolutions.com\/wp-content\/uploads\/2023\/08\/Silent-12_Web-Banners_rev2_DE-01-768x315.png 768w, https:\/\/gelidsolutions.com\/wp-content\/uploads\/2023\/08\/Silent-12_Web-Banners_rev2_DE-01-84x34.png 84w, https:\/\/gelidsolutions.com\/wp-content\/uploads\/2023\/08\/Silent-12_Web-Banners_rev2_DE-01-200x82.png 200w, https:\/\/gelidsolutions.com\/wp-content\/uploads\/2023\/08\/Silent-12_Web-Banners_rev2_DE-01-450x184.png 450w, https:\/\/gelidsolutions.com\/wp-content\/uploads\/2023\/08\/Silent-12_Web-Banners_rev2_DE-01-1200x492.png 1200w, https:\/\/gelidsolutions.com\/wp-content\/uploads\/2023\/08\/Silent-12_Web-Banners_rev2_DE-01-360x148.png 360w, https:\/\/gelidsolutions.com\/wp-content\/uploads\/2023\/08\/Silent-12_Web-Banners_rev2_DE-01-800x328.png 800w\" sizes=\"auto, (max-width: 1464px) 100vw, 1464px\" \/><\/div>\n\t\t\t<\/figure>\n\t\t\t\n\t\t<\/div><div class=\"vc_empty_space\"   style=\"height: 15px\"><span class=\"vc_empty_space_inner\"><\/span><\/div><div class=\"wpb_single_image    hongo-full-width-single-image\">\n\t\t\t<figure class=\"wpb_wrapper vc_figure\">\n\t\t\t\t<div class=\"vc_single_image-wrapper  \"><img loading=\"lazy\" decoding=\"async\" width=\"1464\" height=\"600\" src=\"https:\/\/gelidsolutions.com\/wp-content\/uploads\/2023\/08\/Silent-12_Web-Banners_rev2_DE-02.png\" class=\"vc_single_image-img attachment-full\" alt=\"\" title=\"Silent 12_Web Banners_rev2_DE-02\" srcset=\"https:\/\/gelidsolutions.com\/wp-content\/uploads\/2023\/08\/Silent-12_Web-Banners_rev2_DE-02.png 1464w, https:\/\/gelidsolutions.com\/wp-content\/uploads\/2023\/08\/Silent-12_Web-Banners_rev2_DE-02-300x123.png 300w, https:\/\/gelidsolutions.com\/wp-content\/uploads\/2023\/08\/Silent-12_Web-Banners_rev2_DE-02-1024x420.png 1024w, https:\/\/gelidsolutions.com\/wp-content\/uploads\/2023\/08\/Silent-12_Web-Banners_rev2_DE-02-768x315.png 768w, https:\/\/gelidsolutions.com\/wp-content\/uploads\/2023\/08\/Silent-12_Web-Banners_rev2_DE-02-84x34.png 84w, https:\/\/gelidsolutions.com\/wp-content\/uploads\/2023\/08\/Silent-12_Web-Banners_rev2_DE-02-200x82.png 200w, https:\/\/gelidsolutions.com\/wp-content\/uploads\/2023\/08\/Silent-12_Web-Banners_rev2_DE-02-450x184.png 450w, https:\/\/gelidsolutions.com\/wp-content\/uploads\/2023\/08\/Silent-12_Web-Banners_rev2_DE-02-1200x492.png 1200w, https:\/\/gelidsolutions.com\/wp-content\/uploads\/2023\/08\/Silent-12_Web-Banners_rev2_DE-02-360x148.png 360w, https:\/\/gelidsolutions.com\/wp-content\/uploads\/2023\/08\/Silent-12_Web-Banners_rev2_DE-02-800x328.png 800w\" sizes=\"auto, (max-width: 1464px) 100vw, 1464px\" \/><\/div>\n\t\t\t<\/figure>\n\t\t\t\n\t\t<\/div><div class=\"vc_empty_space\"   style=\"height: 15px\"><span class=\"vc_empty_space_inner\"><\/span><\/div><div class=\"wpb_single_image    hongo-full-width-single-image\">\n\t\t\t<figure class=\"wpb_wrapper vc_figure\">\n\t\t\t\t<div class=\"vc_single_image-wrapper  \"><img loading=\"lazy\" decoding=\"async\" width=\"1464\" height=\"600\" src=\"https:\/\/gelidsolutions.com\/wp-content\/uploads\/2023\/08\/Silent-12_Web-Banners_rev2_DE-03.png\" class=\"vc_single_image-img attachment-full\" alt=\"\" title=\"Silent 12_Web Banners_rev2_DE-03\" srcset=\"https:\/\/gelidsolutions.com\/wp-content\/uploads\/2023\/08\/Silent-12_Web-Banners_rev2_DE-03.png 1464w, https:\/\/gelidsolutions.com\/wp-content\/uploads\/2023\/08\/Silent-12_Web-Banners_rev2_DE-03-300x123.png 300w, https:\/\/gelidsolutions.com\/wp-content\/uploads\/2023\/08\/Silent-12_Web-Banners_rev2_DE-03-1024x420.png 1024w, https:\/\/gelidsolutions.com\/wp-content\/uploads\/2023\/08\/Silent-12_Web-Banners_rev2_DE-03-768x315.png 768w, https:\/\/gelidsolutions.com\/wp-content\/uploads\/2023\/08\/Silent-12_Web-Banners_rev2_DE-03-84x34.png 84w, https:\/\/gelidsolutions.com\/wp-content\/uploads\/2023\/08\/Silent-12_Web-Banners_rev2_DE-03-200x82.png 200w, https:\/\/gelidsolutions.com\/wp-content\/uploads\/2023\/08\/Silent-12_Web-Banners_rev2_DE-03-450x184.png 450w, https:\/\/gelidsolutions.com\/wp-content\/uploads\/2023\/08\/Silent-12_Web-Banners_rev2_DE-03-1200x492.png 1200w, https:\/\/gelidsolutions.com\/wp-content\/uploads\/2023\/08\/Silent-12_Web-Banners_rev2_DE-03-360x148.png 360w, https:\/\/gelidsolutions.com\/wp-content\/uploads\/2023\/08\/Silent-12_Web-Banners_rev2_DE-03-800x328.png 800w\" sizes=\"auto, (max-width: 1464px) 100vw, 1464px\" \/><\/div>\n\t\t\t<\/figure>\n\t\t\t\n\t\t<\/div><div class=\"vc_empty_space\"   style=\"height: 15px\"><span class=\"vc_empty_space_inner\"><\/span><\/div><div class=\"wpb_single_image    hongo-full-width-single-image\">\n\t\t\t<figure class=\"wpb_wrapper vc_figure\">\n\t\t\t\t<div class=\"vc_single_image-wrapper  \"><img loading=\"lazy\" decoding=\"async\" width=\"2560\" height=\"1051\" src=\"https:\/\/gelidsolutions.com\/wp-content\/uploads\/2023\/08\/Silent-12_Web-Banners_rev1-04-DE.png\" class=\"vc_single_image-img attachment-full\" alt=\"\" title=\"Silent 12_Web Banners_rev1-04-DE\" srcset=\"https:\/\/gelidsolutions.com\/wp-content\/uploads\/2023\/08\/Silent-12_Web-Banners_rev1-04-DE.png 2560w, https:\/\/gelidsolutions.com\/wp-content\/uploads\/2023\/08\/Silent-12_Web-Banners_rev1-04-DE-300x123.png 300w, https:\/\/gelidsolutions.com\/wp-content\/uploads\/2023\/08\/Silent-12_Web-Banners_rev1-04-DE-1024x420.png 1024w, https:\/\/gelidsolutions.com\/wp-content\/uploads\/2023\/08\/Silent-12_Web-Banners_rev1-04-DE-768x315.png 768w, https:\/\/gelidsolutions.com\/wp-content\/uploads\/2023\/08\/Silent-12_Web-Banners_rev1-04-DE-1536x630.png 1536w, https:\/\/gelidsolutions.com\/wp-content\/uploads\/2023\/08\/Silent-12_Web-Banners_rev1-04-DE-2048x841.png 2048w, https:\/\/gelidsolutions.com\/wp-content\/uploads\/2023\/08\/Silent-12_Web-Banners_rev1-04-DE-84x34.png 84w, https:\/\/gelidsolutions.com\/wp-content\/uploads\/2023\/08\/Silent-12_Web-Banners_rev1-04-DE-200x82.png 200w, https:\/\/gelidsolutions.com\/wp-content\/uploads\/2023\/08\/Silent-12_Web-Banners_rev1-04-DE-450x185.png 450w, https:\/\/gelidsolutions.com\/wp-content\/uploads\/2023\/08\/Silent-12_Web-Banners_rev1-04-DE-1200x493.png 1200w, https:\/\/gelidsolutions.com\/wp-content\/uploads\/2023\/08\/Silent-12_Web-Banners_rev1-04-DE-360x148.png 360w, https:\/\/gelidsolutions.com\/wp-content\/uploads\/2023\/08\/Silent-12_Web-Banners_rev1-04-DE-800x328.png 800w\" sizes=\"auto, (max-width: 2560px) 100vw, 2560px\" \/><\/div>\n\t\t\t<\/figure>\n\t\t\t\n\t\t<\/div><div class=\"vc_empty_space\"   style=\"height: 15px\"><span class=\"vc_empty_space_inner\"><\/span><\/div><div class=\"wpb_single_image    hongo-full-width-single-image\">\n\t\t\t<figure class=\"wpb_wrapper vc_figure\">\n\t\t\t\t<div class=\"vc_single_image-wrapper  \"><img loading=\"lazy\" decoding=\"async\" width=\"1464\" height=\"600\" src=\"https:\/\/gelidsolutions.com\/wp-content\/uploads\/2023\/08\/Silent-12_Web-Banners_rev2_DE-05.png\" class=\"vc_single_image-img attachment-full\" alt=\"\" title=\"Silent 12_Web Banners_rev2_DE-05\" srcset=\"https:\/\/gelidsolutions.com\/wp-content\/uploads\/2023\/08\/Silent-12_Web-Banners_rev2_DE-05.png 1464w, https:\/\/gelidsolutions.com\/wp-content\/uploads\/2023\/08\/Silent-12_Web-Banners_rev2_DE-05-300x123.png 300w, https:\/\/gelidsolutions.com\/wp-content\/uploads\/2023\/08\/Silent-12_Web-Banners_rev2_DE-05-1024x420.png 1024w, https:\/\/gelidsolutions.com\/wp-content\/uploads\/2023\/08\/Silent-12_Web-Banners_rev2_DE-05-768x315.png 768w, https:\/\/gelidsolutions.com\/wp-content\/uploads\/2023\/08\/Silent-12_Web-Banners_rev2_DE-05-84x34.png 84w, https:\/\/gelidsolutions.com\/wp-content\/uploads\/2023\/08\/Silent-12_Web-Banners_rev2_DE-05-200x82.png 200w, https:\/\/gelidsolutions.com\/wp-content\/uploads\/2023\/08\/Silent-12_Web-Banners_rev2_DE-05-450x184.png 450w, https:\/\/gelidsolutions.com\/wp-content\/uploads\/2023\/08\/Silent-12_Web-Banners_rev2_DE-05-1200x492.png 1200w, https:\/\/gelidsolutions.com\/wp-content\/uploads\/2023\/08\/Silent-12_Web-Banners_rev2_DE-05-360x148.png 360w, https:\/\/gelidsolutions.com\/wp-content\/uploads\/2023\/08\/Silent-12_Web-Banners_rev2_DE-05-800x328.png 800w\" sizes=\"auto, (max-width: 1464px) 100vw, 1464px\" \/><\/div>\n\t\t\t<\/figure>\n\t\t\t\n\t\t<\/div><div class=\"vc_empty_space\"   style=\"height: 40px\"><span class=\"vc_empty_space_inner\"><\/span><\/div><div class=\"text-block-content hongo-text-block-1 last-paragraph-no-margin\"><p><b><i>Silent 12 Schwarz <\/i><\/b><i>(FN-SX12-16)<\/i><\/p>\n<p><i>120 mm leiser Geh\u00e4usel\u00fcfter<\/i><\/p>\n<p>&nbsp;<\/p>\n<h3>Entwickelt f\u00fcr Silent-Enthusiasten<\/h3>\n<p>&nbsp;<\/p>\n<p>Silent 12 wurde f\u00fcr Silent-Enthusiasten entwickelt und verf\u00fcgt \u00fcber ein neu entwickeltes High-Airflow-Laufrad, ein fortschrittliches Hydrodynamic Bearing und einen ger\u00e4uschlosen Motor-Treiber-IC. Silent 12 f\u00fchrt auch einen Satz weicher Gummipuffer, um Vibrationen zu eliminieren, den L\u00e4rm zu reduzieren und den L\u00fcfter in Ihrem PC unh\u00f6rbar zu machen.<\/p>\n<p>&nbsp;<\/p>\n<p>EAN 4897025783881<\/p>\n<\/div><\/div><\/div><\/div><\/section>\n<\/div>","protected":false},"excerpt":{"rendered":"<ul>\n<li>Ger\u00e4uschloser Betrieb<\/li>\n<li>Optimierte L\u00fcfterbl\u00e4tter<\/li>\n<li>Hoher Luftstrom und hoher statischer Druck<\/li>\n<li>Ger\u00e4uschloser Motorantrieb<\/li>\n<li>Achsbefestigung mit Messingverst\u00e4rkung<\/li>\n<li>Lange Lebensdauer (50&#8217;000 h MTTF bei 40\u00b0C)<\/li>\n<\/ul>\n","protected":false},"featured_media":134463,"comment_status":"open","ping_status":"closed","template":"","meta":{"_acf_changed":false},"product_cat":[531,306,550,309],"product_tag":[],"class_list":{"0":"post-134480","1":"product","2":"type-product","3":"status-publish","4":"has-post-thumbnail","6":"product_cat-heiser-verkauf","7":"product_cat-luefter","8":"product_cat-silent-case-fan-case-fan-thermal-solutions-de","9":"product_cat-silent-luefter","11":"first","12":"instock","13":"taxable","14":"shipping-taxable","15":"purchasable","16":"product-type-simple"},"supplier_id":null,"supplier_sku":"","barcode":"4897025783027","atum_controlled":true,"out_stock_date":null,"out_stock_threshold":null,"inheritable":false,"inbound_stock":null,"stock_on_hold":0,"sold_today":0,"sales_last_days":0,"reserved_stock":null,"customer_returns":null,"warehouse_damage":null,"lost_in_post":null,"other_logs":null,"out_stock_days":0,"lost_sales":0,"has_location":false,"update_date":"2026-05-04T01:14:30","atum_locations":[],"atum_stock_status":"instock","restock_status":false,"low_stock_amount":"","sales_update_date":"2026-05-04T01:14:30","calc_backorders":null,"acf":[],"yoast_head":"<!-- This site is optimized with the Yoast SEO plugin v27.5 - https:\/\/yoast.com\/product\/yoast-seo-wordpress\/ -->\n<title>Silent 12 Schwarz - Gelid Solutions<\/title>\n<meta name=\"robots\" content=\"index, follow, max-snippet:-1, max-image-preview:large, max-video-preview:-1\" \/>\n<link rel=\"canonical\" href=\"https:\/\/gelidsolutions.com\/de\/produkt\/silent-12\/\" \/>\n<meta property=\"og:locale\" content=\"de_DE\" \/>\n<meta property=\"og:type\" content=\"article\" \/>\n<meta property=\"og:title\" content=\"Silent 12 Schwarz - Gelid Solutions\" \/>\n<meta property=\"og:description\" content=\"Ger\u00e4uschloser Betrieb  Optimierte L\u00fcfterbl\u00e4tter  Hoher Luftstrom und hoher statischer Druck  Ger\u00e4uschloser Motorantrieb  Achsbefestigung mit Messingverst\u00e4rkung  Lange Lebensdauer (50&#039;000 h MTTF bei 40\u00b0C)\" \/>\n<meta property=\"og:url\" content=\"https:\/\/gelidsolutions.com\/de\/produkt\/silent-12\/\" \/>\n<meta property=\"og:site_name\" content=\"Gelid Solutions\" \/>\n<meta property=\"article:modified_time\" content=\"2024-05-19T16:00:10+00:00\" \/>\n<meta property=\"og:image\" content=\"https:\/\/gelidsolutions.com\/wp-content\/uploads\/2023\/08\/Blizzarga-12-001.png\" \/>\n\t<meta property=\"og:image:width\" content=\"800\" \/>\n\t<meta property=\"og:image:height\" content=\"800\" \/>\n\t<meta property=\"og:image:type\" content=\"image\/png\" \/>\n<meta name=\"twitter:card\" content=\"summary_large_image\" \/>\n<meta name=\"twitter:label1\" content=\"Gesch\u00e4tzte Lesezeit\" \/>\n\t<meta name=\"twitter:data1\" content=\"2\u00a0Minuten\" \/>\n<script type=\"application\/ld+json\" class=\"yoast-schema-graph\">{\"@context\":\"https:\\\/\\\/schema.org\",\"@graph\":[{\"@type\":\"WebPage\",\"@id\":\"https:\\\/\\\/gelidsolutions.com\\\/de\\\/produkt\\\/silent-12\\\/\",\"url\":\"https:\\\/\\\/gelidsolutions.com\\\/de\\\/produkt\\\/silent-12\\\/\",\"name\":\"Silent 12 Schwarz - Gelid Solutions\",\"isPartOf\":{\"@id\":\"https:\\\/\\\/gelidsolutions.com\\\/de\\\/#website\"},\"primaryImageOfPage\":{\"@id\":\"https:\\\/\\\/gelidsolutions.com\\\/de\\\/produkt\\\/silent-12\\\/#primaryimage\"},\"image\":{\"@id\":\"https:\\\/\\\/gelidsolutions.com\\\/de\\\/produkt\\\/silent-12\\\/#primaryimage\"},\"thumbnailUrl\":\"https:\\\/\\\/gelidsolutions.com\\\/wp-content\\\/uploads\\\/2023\\\/08\\\/Blizzarga-12-001.png\",\"datePublished\":\"2023-08-21T05:58:28+00:00\",\"dateModified\":\"2024-05-19T16:00:10+00:00\",\"breadcrumb\":{\"@id\":\"https:\\\/\\\/gelidsolutions.com\\\/de\\\/produkt\\\/silent-12\\\/#breadcrumb\"},\"inLanguage\":\"de\",\"potentialAction\":[{\"@type\":\"ReadAction\",\"target\":[\"https:\\\/\\\/gelidsolutions.com\\\/de\\\/produkt\\\/silent-12\\\/\"]}]},{\"@type\":\"ImageObject\",\"inLanguage\":\"de\",\"@id\":\"https:\\\/\\\/gelidsolutions.com\\\/de\\\/produkt\\\/silent-12\\\/#primaryimage\",\"url\":\"https:\\\/\\\/gelidsolutions.com\\\/wp-content\\\/uploads\\\/2023\\\/08\\\/Blizzarga-12-001.png\",\"contentUrl\":\"https:\\\/\\\/gelidsolutions.com\\\/wp-content\\\/uploads\\\/2023\\\/08\\\/Blizzarga-12-001.png\",\"width\":800,\"height\":800},{\"@type\":\"BreadcrumbList\",\"@id\":\"https:\\\/\\\/gelidsolutions.com\\\/de\\\/produkt\\\/silent-12\\\/#breadcrumb\",\"itemListElement\":[{\"@type\":\"ListItem\",\"position\":1,\"name\":\"Home\",\"item\":\"https:\\\/\\\/gelidsolutions.com\\\/de\\\/\"},{\"@type\":\"ListItem\",\"position\":2,\"name\":\"Shop\",\"item\":\"https:\\\/\\\/gelidsolutions.com\\\/shop\\\/\"},{\"@type\":\"ListItem\",\"position\":3,\"name\":\"Silent 12 Schwarz\"}]},{\"@type\":\"WebSite\",\"@id\":\"https:\\\/\\\/gelidsolutions.com\\\/de\\\/#website\",\"url\":\"https:\\\/\\\/gelidsolutions.com\\\/de\\\/\",\"name\":\"Gelid Solutions\",\"description\":\"\",\"publisher\":{\"@id\":\"https:\\\/\\\/gelidsolutions.com\\\/de\\\/#organization\"},\"potentialAction\":[{\"@type\":\"SearchAction\",\"target\":{\"@type\":\"EntryPoint\",\"urlTemplate\":\"https:\\\/\\\/gelidsolutions.com\\\/de\\\/?s={search_term_string}\"},\"query-input\":{\"@type\":\"PropertyValueSpecification\",\"valueRequired\":true,\"valueName\":\"search_term_string\"}}],\"inLanguage\":\"de\"},{\"@type\":\"Organization\",\"@id\":\"https:\\\/\\\/gelidsolutions.com\\\/de\\\/#organization\",\"name\":\"Gelid Solutions\",\"url\":\"https:\\\/\\\/gelidsolutions.com\\\/de\\\/\",\"logo\":{\"@type\":\"ImageObject\",\"inLanguage\":\"de\",\"@id\":\"https:\\\/\\\/gelidsolutions.com\\\/de\\\/#\\\/schema\\\/logo\\\/image\\\/\",\"url\":\"https:\\\/\\\/gelidsolutions.com\\\/wp-content\\\/uploads\\\/2022\\\/06\\\/logo_white_104_104.gif\",\"contentUrl\":\"https:\\\/\\\/gelidsolutions.com\\\/wp-content\\\/uploads\\\/2022\\\/06\\\/logo_white_104_104.gif\",\"width\":104,\"height\":104,\"caption\":\"Gelid Solutions\"},\"image\":{\"@id\":\"https:\\\/\\\/gelidsolutions.com\\\/de\\\/#\\\/schema\\\/logo\\\/image\\\/\"}}]}<\/script>\n<!-- \/ Yoast SEO plugin. -->","yoast_head_json":{"title":"Silent 12 Schwarz - Gelid Solutions","robots":{"index":"index","follow":"follow","max-snippet":"max-snippet:-1","max-image-preview":"max-image-preview:large","max-video-preview":"max-video-preview:-1"},"canonical":"https:\/\/gelidsolutions.com\/de\/produkt\/silent-12\/","og_locale":"de_DE","og_type":"article","og_title":"Silent 12 Schwarz - Gelid Solutions","og_description":"Ger\u00e4uschloser Betrieb  Optimierte L\u00fcfterbl\u00e4tter  Hoher Luftstrom und hoher statischer Druck  Ger\u00e4uschloser Motorantrieb  Achsbefestigung mit Messingverst\u00e4rkung  Lange Lebensdauer (50'000 h MTTF bei 40\u00b0C)","og_url":"https:\/\/gelidsolutions.com\/de\/produkt\/silent-12\/","og_site_name":"Gelid Solutions","article_modified_time":"2024-05-19T16:00:10+00:00","og_image":[{"width":800,"height":800,"url":"https:\/\/gelidsolutions.com\/wp-content\/uploads\/2023\/08\/Blizzarga-12-001.png","type":"image\/png"}],"twitter_card":"summary_large_image","twitter_misc":{"Gesch\u00e4tzte Lesezeit":"2\u00a0Minuten"},"schema":{"@context":"https:\/\/schema.org","@graph":[{"@type":"WebPage","@id":"https:\/\/gelidsolutions.com\/de\/produkt\/silent-12\/","url":"https:\/\/gelidsolutions.com\/de\/produkt\/silent-12\/","name":"Silent 12 Schwarz - Gelid Solutions","isPartOf":{"@id":"https:\/\/gelidsolutions.com\/de\/#website"},"primaryImageOfPage":{"@id":"https:\/\/gelidsolutions.com\/de\/produkt\/silent-12\/#primaryimage"},"image":{"@id":"https:\/\/gelidsolutions.com\/de\/produkt\/silent-12\/#primaryimage"},"thumbnailUrl":"https:\/\/gelidsolutions.com\/wp-content\/uploads\/2023\/08\/Blizzarga-12-001.png","datePublished":"2023-08-21T05:58:28+00:00","dateModified":"2024-05-19T16:00:10+00:00","breadcrumb":{"@id":"https:\/\/gelidsolutions.com\/de\/produkt\/silent-12\/#breadcrumb"},"inLanguage":"de","potentialAction":[{"@type":"ReadAction","target":["https:\/\/gelidsolutions.com\/de\/produkt\/silent-12\/"]}]},{"@type":"ImageObject","inLanguage":"de","@id":"https:\/\/gelidsolutions.com\/de\/produkt\/silent-12\/#primaryimage","url":"https:\/\/gelidsolutions.com\/wp-content\/uploads\/2023\/08\/Blizzarga-12-001.png","contentUrl":"https:\/\/gelidsolutions.com\/wp-content\/uploads\/2023\/08\/Blizzarga-12-001.png","width":800,"height":800},{"@type":"BreadcrumbList","@id":"https:\/\/gelidsolutions.com\/de\/produkt\/silent-12\/#breadcrumb","itemListElement":[{"@type":"ListItem","position":1,"name":"Home","item":"https:\/\/gelidsolutions.com\/de\/"},{"@type":"ListItem","position":2,"name":"Shop","item":"https:\/\/gelidsolutions.com\/shop\/"},{"@type":"ListItem","position":3,"name":"Silent 12 Schwarz"}]},{"@type":"WebSite","@id":"https:\/\/gelidsolutions.com\/de\/#website","url":"https:\/\/gelidsolutions.com\/de\/","name":"Gelid Solutions","description":"","publisher":{"@id":"https:\/\/gelidsolutions.com\/de\/#organization"},"potentialAction":[{"@type":"SearchAction","target":{"@type":"EntryPoint","urlTemplate":"https:\/\/gelidsolutions.com\/de\/?s={search_term_string}"},"query-input":{"@type":"PropertyValueSpecification","valueRequired":true,"valueName":"search_term_string"}}],"inLanguage":"de"},{"@type":"Organization","@id":"https:\/\/gelidsolutions.com\/de\/#organization","name":"Gelid Solutions","url":"https:\/\/gelidsolutions.com\/de\/","logo":{"@type":"ImageObject","inLanguage":"de","@id":"https:\/\/gelidsolutions.com\/de\/#\/schema\/logo\/image\/","url":"https:\/\/gelidsolutions.com\/wp-content\/uploads\/2022\/06\/logo_white_104_104.gif","contentUrl":"https:\/\/gelidsolutions.com\/wp-content\/uploads\/2022\/06\/logo_white_104_104.gif","width":104,"height":104,"caption":"Gelid Solutions"},"image":{"@id":"https:\/\/gelidsolutions.com\/de\/#\/schema\/logo\/image\/"}}]}},"_links":{"self":[{"href":"https:\/\/gelidsolutions.com\/de\/wp-json\/wp\/v2\/product\/134480","targetHints":{"allow":["GET"]}}],"collection":[{"href":"https:\/\/gelidsolutions.com\/de\/wp-json\/wp\/v2\/product"}],"about":[{"href":"https:\/\/gelidsolutions.com\/de\/wp-json\/wp\/v2\/types\/product"}],"replies":[{"embeddable":true,"href":"https:\/\/gelidsolutions.com\/de\/wp-json\/wp\/v2\/comments?post=134480"}],"wp:featuredmedia":[{"embeddable":true,"href":"https:\/\/gelidsolutions.com\/de\/wp-json\/wp\/v2\/media\/134463"}],"wp:attachment":[{"href":"https:\/\/gelidsolutions.com\/de\/wp-json\/wp\/v2\/media?parent=134480"}],"wp:term":[{"taxonomy":"product_cat","embeddable":true,"href":"https:\/\/gelidsolutions.com\/de\/wp-json\/wp\/v2\/product_cat?post=134480"},{"taxonomy":"product_tag","embeddable":true,"href":"https:\/\/gelidsolutions.com\/de\/wp-json\/wp\/v2\/product_tag?post=134480"}],"curies":[{"name":"wp","href":"https:\/\/api.w.org\/{rel}","templated":true}]}}