{"id":137758,"date":"2025-05-29T13:53:02","date_gmt":"2025-05-29T05:53:02","guid":{"rendered":"https:\/\/gelidsolutions.com\/?post_type=product&#038;p=137758"},"modified":"2025-09-23T17:30:56","modified_gmt":"2025-09-23T09:30:56","slug":"gn-ultimate-50g-thermal-putty-2","status":"publish","type":"product","link":"https:\/\/gelidsolutions.com\/de\/produkt\/gn-ultimate-50g-thermal-putty-2\/","title":{"rendered":"GN &#8211; Ultimate 50g W\u00e4rmeleitputty"},"content":{"rendered":"<div class=\"wpb-content-wrapper\"><section class=\"vc_row wpb_row vc_row-fluid\"><div class=\"wpb_column vc_column_container col-xs-mobile-fullwidth vc_col-sm-12\"><div class=\"vc_column-inner\"><div class=\"wpb_wrapper\"><div class=\"text-block-content hongo-text-block-1 last-paragraph-no-margin\"><h1 style=\"text-align: left;\"><strong>GN-Ultimate Thermal Putty Series<\/strong><\/h1>\n<h1 style=\"text-align: left;\"><strong>Das fortschrittlichste W\u00e4rmeleitputty<\/strong><\/h1>\n<p>&nbsp;<\/p>\n<ul>\n<li><strong>\u00a0Ultimative W\u00e4rmeleitf\u00e4higkeit\u00a0<\/strong><\/li>\n<li>\u00a0<strong>Nicht elektrisch leitf\u00e4hig<\/strong><\/li>\n<li>\u00a0<strong>Aush\u00e4rtungsfrei &amp; kein Ausbluten\u00a0<\/strong><\/li>\n<li>\u00a0<strong>Hohe Formbarkeit\u00a0<\/strong><\/li>\n<\/ul>\n<p>&nbsp;<\/p>\n<p style=\"text-align: left;\">Gelid Ultimate Thermal Putty \u00a0wurde entwickelt, um perfekten W\u00e4rmekontakt zum K\u00fchlk\u00f6rper herzustellen, wenn es auf Leiterplatten mit H\u00f6henunterschieden und unebenen Oberfl\u00e4chen wie Mikrocontroller-Einheiten, Speicher-ICs, analoge ICs, MOSFETs und anderen SMD-Bauteilen installiert wird.<\/p>\n<p>GN-Ultimate Thermal Putty ist ein vielseitiges Material zum F\u00fcllen von L\u00fccken, das unter Druck einen geringen W\u00e4rmewiderstand und einen ultrad\u00fcnnen Effekt erreicht \u2013 ideal f\u00fcr mehrere Chips, die einen gemeinsamen K\u00fchlk\u00f6rper nutzen.<\/p>\n<p>&nbsp;<\/p>\n<p><em>Einzelpackung: <\/em><\/p>\n<p><i>EAN (4W 50g):4897025784017<\/i><\/p>\n<p><i>EAN (6W 50g):4897025784031<\/i><\/p>\n<p><i>EAN (10W 50g):4897025784055<\/i><\/p>\n<\/div><\/div><\/div><\/div><\/section><section class=\"vc_row wpb_row vc_row-fluid\"><div class=\"wpb_column vc_column_container col-xs-mobile-fullwidth vc_col-sm-12\"><div class=\"vc_column-inner\"><div class=\"wpb_wrapper\"><div class=\"wpb_single_image    hongo-full-width-single-image\">\n\t\t\t<figure class=\"wpb_wrapper vc_figure\">\n\t\t\t\t<div class=\"vc_single_image-wrapper  \"><img loading=\"lazy\" decoding=\"async\" width=\"1536\" height=\"630\" src=\"https:\/\/gelidsolutions.com\/wp-content\/uploads\/2025\/06\/DE-01.png\" class=\"vc_single_image-img attachment-full\" alt=\"\" title=\"DE-01\" srcset=\"https:\/\/gelidsolutions.com\/wp-content\/uploads\/2025\/06\/DE-01.png 1536w, https:\/\/gelidsolutions.com\/wp-content\/uploads\/2025\/06\/DE-01-300x123.png 300w, https:\/\/gelidsolutions.com\/wp-content\/uploads\/2025\/06\/DE-01-1024x420.png 1024w, https:\/\/gelidsolutions.com\/wp-content\/uploads\/2025\/06\/DE-01-768x315.png 768w, https:\/\/gelidsolutions.com\/wp-content\/uploads\/2025\/06\/DE-01-84x34.png 84w, https:\/\/gelidsolutions.com\/wp-content\/uploads\/2025\/06\/DE-01-200x82.png 200w, https:\/\/gelidsolutions.com\/wp-content\/uploads\/2025\/06\/DE-01-450x185.png 450w, https:\/\/gelidsolutions.com\/wp-content\/uploads\/2025\/06\/DE-01-1200x492.png 1200w, https:\/\/gelidsolutions.com\/wp-content\/uploads\/2025\/06\/DE-01-360x148.png 360w, https:\/\/gelidsolutions.com\/wp-content\/uploads\/2025\/06\/DE-01-800x328.png 800w\" sizes=\"auto, (max-width: 1536px) 100vw, 1536px\" \/><\/div>\n\t\t\t<\/figure>\n\t\t\t\n\t\t<\/div><\/div><\/div><\/div><\/section><section class=\"vc_row wpb_row vc_row-fluid\"><div class=\"wpb_column vc_column_container col-xs-mobile-fullwidth vc_col-sm-12\"><div class=\"vc_column-inner\"><div class=\"wpb_wrapper\"><div class=\"wpb_single_image    hongo-full-width-single-image\">\n\t\t\t<figure class=\"wpb_wrapper vc_figure\">\n\t\t\t\t<div class=\"vc_single_image-wrapper  \"><img loading=\"lazy\" decoding=\"async\" width=\"1536\" height=\"630\" src=\"https:\/\/gelidsolutions.com\/wp-content\/uploads\/2025\/06\/DE-02.png\" class=\"vc_single_image-img attachment-full\" alt=\"\" title=\"DE-02\" srcset=\"https:\/\/gelidsolutions.com\/wp-content\/uploads\/2025\/06\/DE-02.png 1536w, https:\/\/gelidsolutions.com\/wp-content\/uploads\/2025\/06\/DE-02-300x123.png 300w, https:\/\/gelidsolutions.com\/wp-content\/uploads\/2025\/06\/DE-02-1024x420.png 1024w, https:\/\/gelidsolutions.com\/wp-content\/uploads\/2025\/06\/DE-02-768x315.png 768w, https:\/\/gelidsolutions.com\/wp-content\/uploads\/2025\/06\/DE-02-84x34.png 84w, https:\/\/gelidsolutions.com\/wp-content\/uploads\/2025\/06\/DE-02-200x82.png 200w, https:\/\/gelidsolutions.com\/wp-content\/uploads\/2025\/06\/DE-02-450x185.png 450w, https:\/\/gelidsolutions.com\/wp-content\/uploads\/2025\/06\/DE-02-1200x492.png 1200w, https:\/\/gelidsolutions.com\/wp-content\/uploads\/2025\/06\/DE-02-360x148.png 360w, https:\/\/gelidsolutions.com\/wp-content\/uploads\/2025\/06\/DE-02-800x328.png 800w\" sizes=\"auto, (max-width: 1536px) 100vw, 1536px\" \/><\/div>\n\t\t\t<\/figure>\n\t\t\t\n\t\t<\/div><\/div><\/div><\/div><\/section><section class=\"vc_row wpb_row vc_row-fluid\"><div class=\"wpb_column vc_column_container col-xs-mobile-fullwidth vc_col-sm-12\"><div class=\"vc_column-inner\"><div class=\"wpb_wrapper\"><div class=\"wpb_single_image    hongo-full-width-single-image\">\n\t\t\t<figure class=\"wpb_wrapper vc_figure\">\n\t\t\t\t<div class=\"vc_single_image-wrapper  \"><img loading=\"lazy\" decoding=\"async\" width=\"1536\" height=\"630\" src=\"https:\/\/gelidsolutions.com\/wp-content\/uploads\/2025\/06\/DE-03.png\" class=\"vc_single_image-img attachment-full\" alt=\"\" title=\"DE-03\" srcset=\"https:\/\/gelidsolutions.com\/wp-content\/uploads\/2025\/06\/DE-03.png 1536w, https:\/\/gelidsolutions.com\/wp-content\/uploads\/2025\/06\/DE-03-300x123.png 300w, https:\/\/gelidsolutions.com\/wp-content\/uploads\/2025\/06\/DE-03-1024x420.png 1024w, https:\/\/gelidsolutions.com\/wp-content\/uploads\/2025\/06\/DE-03-768x315.png 768w, https:\/\/gelidsolutions.com\/wp-content\/uploads\/2025\/06\/DE-03-84x34.png 84w, https:\/\/gelidsolutions.com\/wp-content\/uploads\/2025\/06\/DE-03-200x82.png 200w, https:\/\/gelidsolutions.com\/wp-content\/uploads\/2025\/06\/DE-03-450x185.png 450w, https:\/\/gelidsolutions.com\/wp-content\/uploads\/2025\/06\/DE-03-1200x492.png 1200w, https:\/\/gelidsolutions.com\/wp-content\/uploads\/2025\/06\/DE-03-360x148.png 360w, https:\/\/gelidsolutions.com\/wp-content\/uploads\/2025\/06\/DE-03-800x328.png 800w\" sizes=\"auto, (max-width: 1536px) 100vw, 1536px\" \/><\/div>\n\t\t\t<\/figure>\n\t\t\t\n\t\t<\/div><\/div><\/div><\/div><\/section><section class=\"vc_row wpb_row vc_row-fluid\"><div class=\"wpb_column vc_column_container col-xs-mobile-fullwidth vc_col-sm-12\"><div class=\"vc_column-inner\"><div class=\"wpb_wrapper\"><div class=\"wpb_single_image    hongo-full-width-single-image\">\n\t\t\t<figure class=\"wpb_wrapper vc_figure\">\n\t\t\t\t<div class=\"vc_single_image-wrapper  \"><img loading=\"lazy\" decoding=\"async\" width=\"1536\" height=\"630\" src=\"https:\/\/gelidsolutions.com\/wp-content\/uploads\/2025\/06\/DE-04.png\" class=\"vc_single_image-img attachment-full\" alt=\"\" title=\"DE-04\" srcset=\"https:\/\/gelidsolutions.com\/wp-content\/uploads\/2025\/06\/DE-04.png 1536w, https:\/\/gelidsolutions.com\/wp-content\/uploads\/2025\/06\/DE-04-300x123.png 300w, https:\/\/gelidsolutions.com\/wp-content\/uploads\/2025\/06\/DE-04-1024x420.png 1024w, https:\/\/gelidsolutions.com\/wp-content\/uploads\/2025\/06\/DE-04-768x315.png 768w, https:\/\/gelidsolutions.com\/wp-content\/uploads\/2025\/06\/DE-04-84x34.png 84w, https:\/\/gelidsolutions.com\/wp-content\/uploads\/2025\/06\/DE-04-200x82.png 200w, https:\/\/gelidsolutions.com\/wp-content\/uploads\/2025\/06\/DE-04-450x185.png 450w, https:\/\/gelidsolutions.com\/wp-content\/uploads\/2025\/06\/DE-04-1200x492.png 1200w, https:\/\/gelidsolutions.com\/wp-content\/uploads\/2025\/06\/DE-04-360x148.png 360w, https:\/\/gelidsolutions.com\/wp-content\/uploads\/2025\/06\/DE-04-800x328.png 800w\" sizes=\"auto, (max-width: 1536px) 100vw, 1536px\" \/><\/div>\n\t\t\t<\/figure>\n\t\t\t\n\t\t<\/div><\/div><\/div><\/div><\/section><section class=\"vc_row wpb_row vc_row-fluid\"><div class=\"wpb_column vc_column_container col-xs-mobile-fullwidth vc_col-sm-12\"><div class=\"vc_column-inner\"><div class=\"wpb_wrapper\"><div class=\"wpb_single_image    hongo-full-width-single-image\">\n\t\t\t<figure class=\"wpb_wrapper vc_figure\">\n\t\t\t\t<div class=\"vc_single_image-wrapper  \"><img loading=\"lazy\" decoding=\"async\" width=\"1536\" height=\"630\" src=\"https:\/\/gelidsolutions.com\/wp-content\/uploads\/2025\/06\/DE-05.png\" class=\"vc_single_image-img attachment-full\" alt=\"\" title=\"DE-05\" srcset=\"https:\/\/gelidsolutions.com\/wp-content\/uploads\/2025\/06\/DE-05.png 1536w, https:\/\/gelidsolutions.com\/wp-content\/uploads\/2025\/06\/DE-05-300x123.png 300w, https:\/\/gelidsolutions.com\/wp-content\/uploads\/2025\/06\/DE-05-1024x420.png 1024w, https:\/\/gelidsolutions.com\/wp-content\/uploads\/2025\/06\/DE-05-768x315.png 768w, https:\/\/gelidsolutions.com\/wp-content\/uploads\/2025\/06\/DE-05-84x34.png 84w, https:\/\/gelidsolutions.com\/wp-content\/uploads\/2025\/06\/DE-05-200x82.png 200w, https:\/\/gelidsolutions.com\/wp-content\/uploads\/2025\/06\/DE-05-450x185.png 450w, https:\/\/gelidsolutions.com\/wp-content\/uploads\/2025\/06\/DE-05-1200x492.png 1200w, https:\/\/gelidsolutions.com\/wp-content\/uploads\/2025\/06\/DE-05-360x148.png 360w, https:\/\/gelidsolutions.com\/wp-content\/uploads\/2025\/06\/DE-05-800x328.png 800w\" sizes=\"auto, (max-width: 1536px) 100vw, 1536px\" \/><\/div>\n\t\t\t<\/figure>\n\t\t\t\n\t\t<\/div><\/div><\/div><\/div><\/section><section class=\"vc_row wpb_row vc_row-fluid\"><div class=\"wpb_column vc_column_container col-xs-mobile-fullwidth vc_col-sm-12\"><div class=\"vc_column-inner\"><div class=\"wpb_wrapper\"><div class=\"wpb_single_image    hongo-full-width-single-image\">\n\t\t\t<figure class=\"wpb_wrapper vc_figure\">\n\t\t\t\t<div class=\"vc_single_image-wrapper  \"><img loading=\"lazy\" decoding=\"async\" width=\"1536\" height=\"630\" src=\"https:\/\/gelidsolutions.com\/wp-content\/uploads\/2025\/06\/DE-06.png\" class=\"vc_single_image-img attachment-full\" alt=\"\" title=\"DE-06\" srcset=\"https:\/\/gelidsolutions.com\/wp-content\/uploads\/2025\/06\/DE-06.png 1536w, https:\/\/gelidsolutions.com\/wp-content\/uploads\/2025\/06\/DE-06-300x123.png 300w, https:\/\/gelidsolutions.com\/wp-content\/uploads\/2025\/06\/DE-06-1024x420.png 1024w, https:\/\/gelidsolutions.com\/wp-content\/uploads\/2025\/06\/DE-06-768x315.png 768w, https:\/\/gelidsolutions.com\/wp-content\/uploads\/2025\/06\/DE-06-84x34.png 84w, https:\/\/gelidsolutions.com\/wp-content\/uploads\/2025\/06\/DE-06-200x82.png 200w, https:\/\/gelidsolutions.com\/wp-content\/uploads\/2025\/06\/DE-06-450x185.png 450w, https:\/\/gelidsolutions.com\/wp-content\/uploads\/2025\/06\/DE-06-1200x492.png 1200w, https:\/\/gelidsolutions.com\/wp-content\/uploads\/2025\/06\/DE-06-360x148.png 360w, https:\/\/gelidsolutions.com\/wp-content\/uploads\/2025\/06\/DE-06-800x328.png 800w\" sizes=\"auto, (max-width: 1536px) 100vw, 1536px\" \/><\/div>\n\t\t\t<\/figure>\n\t\t\t\n\t\t<\/div><\/div><\/div><\/div><\/section><section class=\"vc_row wpb_row vc_row-fluid\"><div class=\"wpb_column vc_column_container col-xs-mobile-fullwidth vc_col-sm-12\"><div class=\"vc_column-inner\"><div class=\"wpb_wrapper\"><div class=\"wpb_single_image    hongo-full-width-single-image\">\n\t\t\t<figure class=\"wpb_wrapper vc_figure\">\n\t\t\t\t<div class=\"vc_single_image-wrapper  \"><img loading=\"lazy\" decoding=\"async\" width=\"1536\" height=\"630\" src=\"https:\/\/gelidsolutions.com\/wp-content\/uploads\/2025\/06\/DE-07.png\" class=\"vc_single_image-img attachment-full\" alt=\"\" title=\"DE-07\" srcset=\"https:\/\/gelidsolutions.com\/wp-content\/uploads\/2025\/06\/DE-07.png 1536w, https:\/\/gelidsolutions.com\/wp-content\/uploads\/2025\/06\/DE-07-300x123.png 300w, https:\/\/gelidsolutions.com\/wp-content\/uploads\/2025\/06\/DE-07-1024x420.png 1024w, https:\/\/gelidsolutions.com\/wp-content\/uploads\/2025\/06\/DE-07-768x315.png 768w, https:\/\/gelidsolutions.com\/wp-content\/uploads\/2025\/06\/DE-07-84x34.png 84w, https:\/\/gelidsolutions.com\/wp-content\/uploads\/2025\/06\/DE-07-200x82.png 200w, https:\/\/gelidsolutions.com\/wp-content\/uploads\/2025\/06\/DE-07-450x185.png 450w, https:\/\/gelidsolutions.com\/wp-content\/uploads\/2025\/06\/DE-07-1200x492.png 1200w, https:\/\/gelidsolutions.com\/wp-content\/uploads\/2025\/06\/DE-07-360x148.png 360w, https:\/\/gelidsolutions.com\/wp-content\/uploads\/2025\/06\/DE-07-800x328.png 800w\" sizes=\"auto, (max-width: 1536px) 100vw, 1536px\" \/><\/div>\n\t\t\t<\/figure>\n\t\t\t\n\t\t<\/div><\/div><\/div><\/div><\/section>\n<\/div>","protected":false},"excerpt":{"rendered":"<ul style=\"text-align: left;\">\n<li><strong>Ultimative W\u00e4rmeleitf\u00e4higkeit\u00a0<\/strong><\/li>\n<li><strong>Nicht elektrisch leitf\u00e4hig<\/strong><\/li>\n<li><strong>Aush\u00e4rtungsfrei &amp; kein Ausbluten\u00a0<\/strong><\/li>\n<li><strong>Hohe Formbarkeit\u00a0<\/strong><\/li>\n<\/ul>\n","protected":false},"featured_media":137634,"comment_status":"open","ping_status":"closed","template":"","meta":{"_acf_changed":false},"product_cat":[858],"product_tag":[553],"class_list":{"0":"post-137758","1":"product","2":"type-product","3":"status-publish","4":"has-post-thumbnail","6":"product_cat-thermal-putty-2-de","7":"product_tag-thermal-solution-de","9":"first","10":"instock","11":"taxable","12":"shipping-taxable","13":"product-type-simple"},"supplier_id":null,"supplier_sku":"","barcode":null,"atum_controlled":true,"out_stock_date":null,"out_stock_threshold":null,"inheritable":false,"inbound_stock":null,"stock_on_hold":0,"sold_today":0,"sales_last_days":0,"reserved_stock":null,"customer_returns":null,"warehouse_damage":null,"lost_in_post":null,"other_logs":null,"out_stock_days":0,"lost_sales":0,"has_location":false,"update_date":"2026-05-04T01:14:31","atum_locations":[],"atum_stock_status":"instock","restock_status":false,"low_stock_amount":"","sales_update_date":"2026-05-04T01:14:31","calc_backorders":null,"acf":[],"yoast_head":"<!-- This site is optimized with the Yoast SEO plugin v27.5 - https:\/\/yoast.com\/product\/yoast-seo-wordpress\/ -->\n<title>GN - Ultimate 50g W\u00e4rmeleitputty - Gelid Solutions<\/title>\n<meta name=\"description\" content=\"GN - Ultimate 50g W\u00e4rmeleitputty - 4W , 6W , 10W\" \/>\n<meta name=\"robots\" content=\"index, follow, max-snippet:-1, max-image-preview:large, max-video-preview:-1\" \/>\n<link rel=\"canonical\" href=\"https:\/\/gelidsolutions.com\/de\/produkt\/gn-ultimate-50g-thermal-putty-2\/\" \/>\n<meta property=\"og:locale\" content=\"de_DE\" \/>\n<meta property=\"og:type\" content=\"article\" \/>\n<meta property=\"og:title\" content=\"GN - Ultimate 50g W\u00e4rmeleitputty - Gelid Solutions\" \/>\n<meta property=\"og:description\" content=\"GN - Ultimate 50g W\u00e4rmeleitputty - 4W , 6W , 10W\" \/>\n<meta property=\"og:url\" content=\"https:\/\/gelidsolutions.com\/de\/produkt\/gn-ultimate-50g-thermal-putty-2\/\" \/>\n<meta property=\"og:site_name\" content=\"Gelid Solutions\" \/>\n<meta property=\"article:modified_time\" content=\"2025-09-23T09:30:56+00:00\" \/>\n<meta property=\"og:image\" content=\"https:\/\/gelidsolutions.com\/wp-content\/uploads\/2025\/04\/50g-2-1024x1024.png\" \/>\n\t<meta property=\"og:image:width\" content=\"1024\" \/>\n\t<meta property=\"og:image:height\" content=\"1024\" \/>\n\t<meta property=\"og:image:type\" content=\"image\/png\" \/>\n<meta name=\"twitter:card\" content=\"summary_large_image\" \/>\n<meta name=\"twitter:label1\" content=\"Gesch\u00e4tzte Lesezeit\" \/>\n\t<meta name=\"twitter:data1\" content=\"1\u00a0Minute\" \/>\n<script type=\"application\/ld+json\" class=\"yoast-schema-graph\">{\"@context\":\"https:\\\/\\\/schema.org\",\"@graph\":[{\"@type\":\"WebPage\",\"@id\":\"https:\\\/\\\/gelidsolutions.com\\\/de\\\/produkt\\\/gn-ultimate-50g-thermal-putty-2\\\/\",\"url\":\"https:\\\/\\\/gelidsolutions.com\\\/de\\\/produkt\\\/gn-ultimate-50g-thermal-putty-2\\\/\",\"name\":\"GN - Ultimate 50g W\u00e4rmeleitputty - Gelid Solutions\",\"isPartOf\":{\"@id\":\"https:\\\/\\\/gelidsolutions.com\\\/de\\\/#website\"},\"primaryImageOfPage\":{\"@id\":\"https:\\\/\\\/gelidsolutions.com\\\/de\\\/produkt\\\/gn-ultimate-50g-thermal-putty-2\\\/#primaryimage\"},\"image\":{\"@id\":\"https:\\\/\\\/gelidsolutions.com\\\/de\\\/produkt\\\/gn-ultimate-50g-thermal-putty-2\\\/#primaryimage\"},\"thumbnailUrl\":\"https:\\\/\\\/gelidsolutions.com\\\/wp-content\\\/uploads\\\/2025\\\/04\\\/50g-2.png\",\"datePublished\":\"2025-05-29T05:53:02+00:00\",\"dateModified\":\"2025-09-23T09:30:56+00:00\",\"description\":\"GN - Ultimate 50g W\u00e4rmeleitputty - 4W , 6W , 10W\",\"breadcrumb\":{\"@id\":\"https:\\\/\\\/gelidsolutions.com\\\/de\\\/produkt\\\/gn-ultimate-50g-thermal-putty-2\\\/#breadcrumb\"},\"inLanguage\":\"de\",\"potentialAction\":[{\"@type\":\"ReadAction\",\"target\":[\"https:\\\/\\\/gelidsolutions.com\\\/de\\\/produkt\\\/gn-ultimate-50g-thermal-putty-2\\\/\"]}]},{\"@type\":\"ImageObject\",\"inLanguage\":\"de\",\"@id\":\"https:\\\/\\\/gelidsolutions.com\\\/de\\\/produkt\\\/gn-ultimate-50g-thermal-putty-2\\\/#primaryimage\",\"url\":\"https:\\\/\\\/gelidsolutions.com\\\/wp-content\\\/uploads\\\/2025\\\/04\\\/50g-2.png\",\"contentUrl\":\"https:\\\/\\\/gelidsolutions.com\\\/wp-content\\\/uploads\\\/2025\\\/04\\\/50g-2.png\",\"width\":2190,\"height\":2190},{\"@type\":\"BreadcrumbList\",\"@id\":\"https:\\\/\\\/gelidsolutions.com\\\/de\\\/produkt\\\/gn-ultimate-50g-thermal-putty-2\\\/#breadcrumb\",\"itemListElement\":[{\"@type\":\"ListItem\",\"position\":1,\"name\":\"Home\",\"item\":\"https:\\\/\\\/gelidsolutions.com\\\/de\\\/\"},{\"@type\":\"ListItem\",\"position\":2,\"name\":\"Shop\",\"item\":\"https:\\\/\\\/gelidsolutions.com\\\/shop\\\/\"},{\"@type\":\"ListItem\",\"position\":3,\"name\":\"GN &#8211; Ultimate 50g W\u00e4rmeleitputty\"}]},{\"@type\":\"WebSite\",\"@id\":\"https:\\\/\\\/gelidsolutions.com\\\/de\\\/#website\",\"url\":\"https:\\\/\\\/gelidsolutions.com\\\/de\\\/\",\"name\":\"Gelid Solutions\",\"description\":\"\",\"publisher\":{\"@id\":\"https:\\\/\\\/gelidsolutions.com\\\/de\\\/#organization\"},\"potentialAction\":[{\"@type\":\"SearchAction\",\"target\":{\"@type\":\"EntryPoint\",\"urlTemplate\":\"https:\\\/\\\/gelidsolutions.com\\\/de\\\/?s={search_term_string}\"},\"query-input\":{\"@type\":\"PropertyValueSpecification\",\"valueRequired\":true,\"valueName\":\"search_term_string\"}}],\"inLanguage\":\"de\"},{\"@type\":\"Organization\",\"@id\":\"https:\\\/\\\/gelidsolutions.com\\\/de\\\/#organization\",\"name\":\"Gelid Solutions\",\"url\":\"https:\\\/\\\/gelidsolutions.com\\\/de\\\/\",\"logo\":{\"@type\":\"ImageObject\",\"inLanguage\":\"de\",\"@id\":\"https:\\\/\\\/gelidsolutions.com\\\/de\\\/#\\\/schema\\\/logo\\\/image\\\/\",\"url\":\"https:\\\/\\\/gelidsolutions.com\\\/wp-content\\\/uploads\\\/2022\\\/06\\\/logo_white_104_104.gif\",\"contentUrl\":\"https:\\\/\\\/gelidsolutions.com\\\/wp-content\\\/uploads\\\/2022\\\/06\\\/logo_white_104_104.gif\",\"width\":104,\"height\":104,\"caption\":\"Gelid Solutions\"},\"image\":{\"@id\":\"https:\\\/\\\/gelidsolutions.com\\\/de\\\/#\\\/schema\\\/logo\\\/image\\\/\"}}]}<\/script>\n<!-- \/ Yoast SEO plugin. -->","yoast_head_json":{"title":"GN - Ultimate 50g W\u00e4rmeleitputty - Gelid Solutions","description":"GN - Ultimate 50g W\u00e4rmeleitputty - 4W , 6W , 10W","robots":{"index":"index","follow":"follow","max-snippet":"max-snippet:-1","max-image-preview":"max-image-preview:large","max-video-preview":"max-video-preview:-1"},"canonical":"https:\/\/gelidsolutions.com\/de\/produkt\/gn-ultimate-50g-thermal-putty-2\/","og_locale":"de_DE","og_type":"article","og_title":"GN - Ultimate 50g W\u00e4rmeleitputty - Gelid Solutions","og_description":"GN - Ultimate 50g W\u00e4rmeleitputty - 4W , 6W , 10W","og_url":"https:\/\/gelidsolutions.com\/de\/produkt\/gn-ultimate-50g-thermal-putty-2\/","og_site_name":"Gelid Solutions","article_modified_time":"2025-09-23T09:30:56+00:00","og_image":[{"width":1024,"height":1024,"url":"https:\/\/gelidsolutions.com\/wp-content\/uploads\/2025\/04\/50g-2-1024x1024.png","type":"image\/png"}],"twitter_card":"summary_large_image","twitter_misc":{"Gesch\u00e4tzte Lesezeit":"1\u00a0Minute"},"schema":{"@context":"https:\/\/schema.org","@graph":[{"@type":"WebPage","@id":"https:\/\/gelidsolutions.com\/de\/produkt\/gn-ultimate-50g-thermal-putty-2\/","url":"https:\/\/gelidsolutions.com\/de\/produkt\/gn-ultimate-50g-thermal-putty-2\/","name":"GN - Ultimate 50g W\u00e4rmeleitputty - Gelid Solutions","isPartOf":{"@id":"https:\/\/gelidsolutions.com\/de\/#website"},"primaryImageOfPage":{"@id":"https:\/\/gelidsolutions.com\/de\/produkt\/gn-ultimate-50g-thermal-putty-2\/#primaryimage"},"image":{"@id":"https:\/\/gelidsolutions.com\/de\/produkt\/gn-ultimate-50g-thermal-putty-2\/#primaryimage"},"thumbnailUrl":"https:\/\/gelidsolutions.com\/wp-content\/uploads\/2025\/04\/50g-2.png","datePublished":"2025-05-29T05:53:02+00:00","dateModified":"2025-09-23T09:30:56+00:00","description":"GN - Ultimate 50g W\u00e4rmeleitputty - 4W , 6W , 10W","breadcrumb":{"@id":"https:\/\/gelidsolutions.com\/de\/produkt\/gn-ultimate-50g-thermal-putty-2\/#breadcrumb"},"inLanguage":"de","potentialAction":[{"@type":"ReadAction","target":["https:\/\/gelidsolutions.com\/de\/produkt\/gn-ultimate-50g-thermal-putty-2\/"]}]},{"@type":"ImageObject","inLanguage":"de","@id":"https:\/\/gelidsolutions.com\/de\/produkt\/gn-ultimate-50g-thermal-putty-2\/#primaryimage","url":"https:\/\/gelidsolutions.com\/wp-content\/uploads\/2025\/04\/50g-2.png","contentUrl":"https:\/\/gelidsolutions.com\/wp-content\/uploads\/2025\/04\/50g-2.png","width":2190,"height":2190},{"@type":"BreadcrumbList","@id":"https:\/\/gelidsolutions.com\/de\/produkt\/gn-ultimate-50g-thermal-putty-2\/#breadcrumb","itemListElement":[{"@type":"ListItem","position":1,"name":"Home","item":"https:\/\/gelidsolutions.com\/de\/"},{"@type":"ListItem","position":2,"name":"Shop","item":"https:\/\/gelidsolutions.com\/shop\/"},{"@type":"ListItem","position":3,"name":"GN &#8211; Ultimate 50g W\u00e4rmeleitputty"}]},{"@type":"WebSite","@id":"https:\/\/gelidsolutions.com\/de\/#website","url":"https:\/\/gelidsolutions.com\/de\/","name":"Gelid Solutions","description":"","publisher":{"@id":"https:\/\/gelidsolutions.com\/de\/#organization"},"potentialAction":[{"@type":"SearchAction","target":{"@type":"EntryPoint","urlTemplate":"https:\/\/gelidsolutions.com\/de\/?s={search_term_string}"},"query-input":{"@type":"PropertyValueSpecification","valueRequired":true,"valueName":"search_term_string"}}],"inLanguage":"de"},{"@type":"Organization","@id":"https:\/\/gelidsolutions.com\/de\/#organization","name":"Gelid Solutions","url":"https:\/\/gelidsolutions.com\/de\/","logo":{"@type":"ImageObject","inLanguage":"de","@id":"https:\/\/gelidsolutions.com\/de\/#\/schema\/logo\/image\/","url":"https:\/\/gelidsolutions.com\/wp-content\/uploads\/2022\/06\/logo_white_104_104.gif","contentUrl":"https:\/\/gelidsolutions.com\/wp-content\/uploads\/2022\/06\/logo_white_104_104.gif","width":104,"height":104,"caption":"Gelid Solutions"},"image":{"@id":"https:\/\/gelidsolutions.com\/de\/#\/schema\/logo\/image\/"}}]}},"_links":{"self":[{"href":"https:\/\/gelidsolutions.com\/de\/wp-json\/wp\/v2\/product\/137758","targetHints":{"allow":["GET"]}}],"collection":[{"href":"https:\/\/gelidsolutions.com\/de\/wp-json\/wp\/v2\/product"}],"about":[{"href":"https:\/\/gelidsolutions.com\/de\/wp-json\/wp\/v2\/types\/product"}],"replies":[{"embeddable":true,"href":"https:\/\/gelidsolutions.com\/de\/wp-json\/wp\/v2\/comments?post=137758"}],"wp:featuredmedia":[{"embeddable":true,"href":"https:\/\/gelidsolutions.com\/de\/wp-json\/wp\/v2\/media\/137634"}],"wp:attachment":[{"href":"https:\/\/gelidsolutions.com\/de\/wp-json\/wp\/v2\/media?parent=137758"}],"wp:term":[{"taxonomy":"product_cat","embeddable":true,"href":"https:\/\/gelidsolutions.com\/de\/wp-json\/wp\/v2\/product_cat?post=137758"},{"taxonomy":"product_tag","embeddable":true,"href":"https:\/\/gelidsolutions.com\/de\/wp-json\/wp\/v2\/product_tag?post=137758"}],"curies":[{"name":"wp","href":"https:\/\/api.w.org\/{rel}","templated":true}]}}