{"id":138604,"date":"2025-11-02T16:38:26","date_gmt":"2025-11-02T08:38:26","guid":{"rendered":"https:\/\/gelidsolutions.com\/?post_type=product&#038;p=138604"},"modified":"2025-12-22T16:11:15","modified_gmt":"2025-12-22T08:11:15","slug":"gc-5-extreme-thermal-paste","status":"publish","type":"product","link":"https:\/\/gelidsolutions.com\/de\/produkt\/gc-5-extreme-thermal-paste\/","title":{"rendered":"GC-5 W\u00c4RMELEITPASTE"},"content":{"rendered":"<div class=\"wpb-content-wrapper\"><section class=\"vc_row wpb_row vc_row-fluid\"><div class=\"wpb_column vc_column_container col-xs-mobile-fullwidth vc_col-sm-12\"><div class=\"vc_column-inner\"><div class=\"wpb_wrapper\"><div class=\"wpb_single_image    hongo-full-width-single-image\">\n\t\t\t<figure class=\"wpb_wrapper vc_figure\">\n\t\t\t\t<div class=\"vc_single_image-wrapper  \"><img loading=\"lazy\" decoding=\"async\" width=\"1536\" height=\"480\" src=\"https:\/\/gelidsolutions.com\/wp-content\/uploads\/2025\/12\/GC-5-Product-Webpage-DE01.jpg\" class=\"vc_single_image-img attachment-full\" alt=\"\" title=\"GC-5 Product Webpage-DE01\" srcset=\"https:\/\/gelidsolutions.com\/wp-content\/uploads\/2025\/12\/GC-5-Product-Webpage-DE01.jpg 1536w, https:\/\/gelidsolutions.com\/wp-content\/uploads\/2025\/12\/GC-5-Product-Webpage-DE01-300x94.jpg 300w, https:\/\/gelidsolutions.com\/wp-content\/uploads\/2025\/12\/GC-5-Product-Webpage-DE01-1024x320.jpg 1024w, https:\/\/gelidsolutions.com\/wp-content\/uploads\/2025\/12\/GC-5-Product-Webpage-DE01-768x240.jpg 768w, https:\/\/gelidsolutions.com\/wp-content\/uploads\/2025\/12\/GC-5-Product-Webpage-DE01-84x26.jpg 84w, https:\/\/gelidsolutions.com\/wp-content\/uploads\/2025\/12\/GC-5-Product-Webpage-DE01-200x63.jpg 200w, https:\/\/gelidsolutions.com\/wp-content\/uploads\/2025\/12\/GC-5-Product-Webpage-DE01-450x141.jpg 450w, https:\/\/gelidsolutions.com\/wp-content\/uploads\/2025\/12\/GC-5-Product-Webpage-DE01-1200x375.jpg 1200w, https:\/\/gelidsolutions.com\/wp-content\/uploads\/2025\/12\/GC-5-Product-Webpage-DE01-360x113.jpg 360w, https:\/\/gelidsolutions.com\/wp-content\/uploads\/2025\/12\/GC-5-Product-Webpage-DE01-800x250.jpg 800w\" sizes=\"auto, (max-width: 1536px) 100vw, 1536px\" \/><\/div>\n\t\t\t<\/figure>\n\t\t\t\n\t\t<\/div><div class=\"wpb_single_image    hongo-full-width-single-image\">\n\t\t\t<figure class=\"wpb_wrapper vc_figure\">\n\t\t\t\t<div class=\"vc_single_image-wrapper  \"><img loading=\"lazy\" decoding=\"async\" width=\"1536\" height=\"480\" src=\"https:\/\/gelidsolutions.com\/wp-content\/uploads\/2025\/12\/GC-5-Product-Webpage-DE02.jpg\" class=\"vc_single_image-img attachment-full\" alt=\"\" title=\"GC-5 Product Webpage-DE02\" srcset=\"https:\/\/gelidsolutions.com\/wp-content\/uploads\/2025\/12\/GC-5-Product-Webpage-DE02.jpg 1536w, https:\/\/gelidsolutions.com\/wp-content\/uploads\/2025\/12\/GC-5-Product-Webpage-DE02-300x94.jpg 300w, https:\/\/gelidsolutions.com\/wp-content\/uploads\/2025\/12\/GC-5-Product-Webpage-DE02-1024x320.jpg 1024w, https:\/\/gelidsolutions.com\/wp-content\/uploads\/2025\/12\/GC-5-Product-Webpage-DE02-768x240.jpg 768w, https:\/\/gelidsolutions.com\/wp-content\/uploads\/2025\/12\/GC-5-Product-Webpage-DE02-84x26.jpg 84w, https:\/\/gelidsolutions.com\/wp-content\/uploads\/2025\/12\/GC-5-Product-Webpage-DE02-200x63.jpg 200w, https:\/\/gelidsolutions.com\/wp-content\/uploads\/2025\/12\/GC-5-Product-Webpage-DE02-450x141.jpg 450w, https:\/\/gelidsolutions.com\/wp-content\/uploads\/2025\/12\/GC-5-Product-Webpage-DE02-1200x375.jpg 1200w, https:\/\/gelidsolutions.com\/wp-content\/uploads\/2025\/12\/GC-5-Product-Webpage-DE02-360x113.jpg 360w, https:\/\/gelidsolutions.com\/wp-content\/uploads\/2025\/12\/GC-5-Product-Webpage-DE02-800x250.jpg 800w\" sizes=\"auto, (max-width: 1536px) 100vw, 1536px\" \/><\/div>\n\t\t\t<\/figure>\n\t\t\t\n\t\t<\/div><div class=\"wpb_single_image    hongo-full-width-single-image\">\n\t\t\t<figure class=\"wpb_wrapper vc_figure\">\n\t\t\t\t<div class=\"vc_single_image-wrapper  \"><img loading=\"lazy\" decoding=\"async\" width=\"1536\" height=\"1266\" src=\"https:\/\/gelidsolutions.com\/wp-content\/uploads\/2025\/12\/GC-5-Product-Webpage-DE03.jpg\" class=\"vc_single_image-img attachment-full\" alt=\"\" title=\"GC-5 Product Webpage-DE03\" srcset=\"https:\/\/gelidsolutions.com\/wp-content\/uploads\/2025\/12\/GC-5-Product-Webpage-DE03.jpg 1536w, https:\/\/gelidsolutions.com\/wp-content\/uploads\/2025\/12\/GC-5-Product-Webpage-DE03-300x247.jpg 300w, https:\/\/gelidsolutions.com\/wp-content\/uploads\/2025\/12\/GC-5-Product-Webpage-DE03-1024x844.jpg 1024w, https:\/\/gelidsolutions.com\/wp-content\/uploads\/2025\/12\/GC-5-Product-Webpage-DE03-768x633.jpg 768w, https:\/\/gelidsolutions.com\/wp-content\/uploads\/2025\/12\/GC-5-Product-Webpage-DE03-84x69.jpg 84w, https:\/\/gelidsolutions.com\/wp-content\/uploads\/2025\/12\/GC-5-Product-Webpage-DE03-200x165.jpg 200w, https:\/\/gelidsolutions.com\/wp-content\/uploads\/2025\/12\/GC-5-Product-Webpage-DE03-450x371.jpg 450w, https:\/\/gelidsolutions.com\/wp-content\/uploads\/2025\/12\/GC-5-Product-Webpage-DE03-958x790.jpg 958w, https:\/\/gelidsolutions.com\/wp-content\/uploads\/2025\/12\/GC-5-Product-Webpage-DE03-360x297.jpg 360w, https:\/\/gelidsolutions.com\/wp-content\/uploads\/2025\/12\/GC-5-Product-Webpage-DE03-800x659.jpg 800w\" sizes=\"auto, (max-width: 1536px) 100vw, 1536px\" \/><\/div>\n\t\t\t<\/figure>\n\t\t\t\n\t\t<\/div><div class=\"wpb_single_image    hongo-full-width-single-image\">\n\t\t\t<figure class=\"wpb_wrapper vc_figure\">\n\t\t\t\t<div class=\"vc_single_image-wrapper  \"><img loading=\"lazy\" decoding=\"async\" width=\"1536\" height=\"640\" src=\"https:\/\/gelidsolutions.com\/wp-content\/uploads\/2025\/12\/GC-5-Product-Webpage-DE04.jpg\" class=\"vc_single_image-img attachment-full\" alt=\"\" title=\"GC-5 Product Webpage-DE04\" srcset=\"https:\/\/gelidsolutions.com\/wp-content\/uploads\/2025\/12\/GC-5-Product-Webpage-DE04.jpg 1536w, https:\/\/gelidsolutions.com\/wp-content\/uploads\/2025\/12\/GC-5-Product-Webpage-DE04-300x125.jpg 300w, https:\/\/gelidsolutions.com\/wp-content\/uploads\/2025\/12\/GC-5-Product-Webpage-DE04-1024x427.jpg 1024w, https:\/\/gelidsolutions.com\/wp-content\/uploads\/2025\/12\/GC-5-Product-Webpage-DE04-768x320.jpg 768w, https:\/\/gelidsolutions.com\/wp-content\/uploads\/2025\/12\/GC-5-Product-Webpage-DE04-84x35.jpg 84w, https:\/\/gelidsolutions.com\/wp-content\/uploads\/2025\/12\/GC-5-Product-Webpage-DE04-200x83.jpg 200w, https:\/\/gelidsolutions.com\/wp-content\/uploads\/2025\/12\/GC-5-Product-Webpage-DE04-450x188.jpg 450w, https:\/\/gelidsolutions.com\/wp-content\/uploads\/2025\/12\/GC-5-Product-Webpage-DE04-1200x500.jpg 1200w, https:\/\/gelidsolutions.com\/wp-content\/uploads\/2025\/12\/GC-5-Product-Webpage-DE04-360x150.jpg 360w, https:\/\/gelidsolutions.com\/wp-content\/uploads\/2025\/12\/GC-5-Product-Webpage-DE04-800x333.jpg 800w\" sizes=\"auto, (max-width: 1536px) 100vw, 1536px\" \/><\/div>\n\t\t\t<\/figure>\n\t\t\t\n\t\t<\/div><div class=\"wpb_single_image    hongo-full-width-single-image\">\n\t\t\t<figure class=\"wpb_wrapper vc_figure\">\n\t\t\t\t<div class=\"vc_single_image-wrapper  \"><img loading=\"lazy\" decoding=\"async\" width=\"1536\" height=\"640\" src=\"https:\/\/gelidsolutions.com\/wp-content\/uploads\/2025\/12\/GC-5-Product-Webpage-DE05.jpg\" class=\"vc_single_image-img attachment-full\" alt=\"\" title=\"GC-5 Product Webpage-DE05\" srcset=\"https:\/\/gelidsolutions.com\/wp-content\/uploads\/2025\/12\/GC-5-Product-Webpage-DE05.jpg 1536w, https:\/\/gelidsolutions.com\/wp-content\/uploads\/2025\/12\/GC-5-Product-Webpage-DE05-300x125.jpg 300w, https:\/\/gelidsolutions.com\/wp-content\/uploads\/2025\/12\/GC-5-Product-Webpage-DE05-1024x427.jpg 1024w, https:\/\/gelidsolutions.com\/wp-content\/uploads\/2025\/12\/GC-5-Product-Webpage-DE05-768x320.jpg 768w, https:\/\/gelidsolutions.com\/wp-content\/uploads\/2025\/12\/GC-5-Product-Webpage-DE05-84x35.jpg 84w, https:\/\/gelidsolutions.com\/wp-content\/uploads\/2025\/12\/GC-5-Product-Webpage-DE05-200x83.jpg 200w, https:\/\/gelidsolutions.com\/wp-content\/uploads\/2025\/12\/GC-5-Product-Webpage-DE05-450x188.jpg 450w, https:\/\/gelidsolutions.com\/wp-content\/uploads\/2025\/12\/GC-5-Product-Webpage-DE05-1200x500.jpg 1200w, https:\/\/gelidsolutions.com\/wp-content\/uploads\/2025\/12\/GC-5-Product-Webpage-DE05-360x150.jpg 360w, https:\/\/gelidsolutions.com\/wp-content\/uploads\/2025\/12\/GC-5-Product-Webpage-DE05-800x333.jpg 800w\" sizes=\"auto, (max-width: 1536px) 100vw, 1536px\" \/><\/div>\n\t\t\t<\/figure>\n\t\t\t\n\t\t<\/div><div class=\"text-block-content hongo-text-block-1 last-paragraph-no-margin\"><p><strong>Exklusiv entwickelt f\u00fcr professionelle Anwender und Nutzer mit h\u00f6chsten Leistungsanforderungen.<\/strong><\/p>\n<p>Es bietet unvergleichliche Qualit\u00e4t der W\u00e4rmeleitungsgrenzfl\u00e4che und ultraschnelle W\u00e4rme\u00fcbertragung f\u00fcr Ihre CPU, GPU und Ihren Chipsatz \u2013 selbst in den anspruchsvollsten missionkritischen Anwendungsf\u00e4llen.<\/p>\n<p><strong>Konzipiert f\u00fcr H\u00f6chstleistungen im W\u00e4rmemanagement.<\/strong><\/p>\n<p>Die bahnbrechende synthetische W\u00e4rmeleitformel der GC-5 nutzt die synergistische Wirkung von mikronisierten Partikeln und einer Polymermatrix \u2013 und wurde exklusiv entwickelt, um die Herausforderungen im W\u00e4rmemanagement von CPUs, GPUs und Chips\u00e4tzen zu meistern. Neben hervorragender W\u00e4rmeleitf\u00e4higkeit und optimaler Spaltf\u00fcllung gew\u00e4hrleisten ihre nicht leitenden Eigenschaften und der im Lieferumfang enthaltene Pr\u00e4zisionsauftragger\u00e4t, dass professionelle Anwendungen sicher, reibungslos und h\u00f6chst effizient ablaufen.<\/p>\n<p>EAN: 4897025784116<\/p>\n<\/div><\/div><\/div><\/div><\/section>\n<\/div>","protected":false},"excerpt":{"rendered":"<h2>Die hochmoderne W\u00e4rmeleitpaste<\/h2>\n<ul>\n<li>Hervorragende W\u00e4rmeleitf\u00e4higkeit<\/li>\n<li>Elektrisch isolierend<\/li>\n<li>\u00c4u\u00dferst best\u00e4ndig und nicht aush\u00e4rtend<\/li>\n<li>Kein \u00d6l-Ausschwitzen<\/li>\n<li>Einfache Verarbeitung<\/li>\n<\/ul>\n","protected":false},"featured_media":138781,"comment_status":"open","ping_status":"closed","template":"","meta":{"_acf_changed":false},"product_cat":[797,329],"product_tag":[],"class_list":{"0":"post-138604","1":"product","2":"type-product","3":"status-publish","4":"has-post-thumbnail","6":"product_cat-uncategorized-de","7":"product_cat-waermeleitpad","9":"first","10":"instock","11":"taxable","12":"shipping-taxable","13":"product-type-simple"},"supplier_id":null,"supplier_sku":"","barcode":null,"atum_controlled":true,"out_stock_date":null,"out_stock_threshold":null,"inheritable":false,"inbound_stock":null,"stock_on_hold":0,"sold_today":0,"sales_last_days":0,"reserved_stock":null,"customer_returns":null,"warehouse_damage":null,"lost_in_post":null,"other_logs":null,"out_stock_days":0,"lost_sales":0,"has_location":false,"update_date":"2026-05-03T01:14:35","atum_locations":[],"atum_stock_status":"instock","restock_status":false,"low_stock_amount":"","sales_update_date":"2026-05-03T01:14:35","calc_backorders":null,"acf":[],"yoast_head":"<!-- This site is optimized with the Yoast SEO plugin v27.5 - https:\/\/yoast.com\/product\/yoast-seo-wordpress\/ -->\n<title>GC-5 W\u00c4RMELEITPASTE Gelid Solutions<\/title>\n<meta name=\"robots\" content=\"index, follow, max-snippet:-1, max-image-preview:large, max-video-preview:-1\" \/>\n<link rel=\"canonical\" href=\"https:\/\/gelidsolutions.com\/de\/produkt\/gc-5-extreme-thermal-paste\/\" \/>\n<meta property=\"og:locale\" content=\"de_DE\" \/>\n<meta property=\"og:type\" content=\"article\" \/>\n<meta property=\"og:title\" content=\"GC-5 W\u00c4RMELEITPASTE Gelid Solutions\" \/>\n<meta property=\"og:description\" content=\"Die hochmoderne W\u00e4rmeleitpaste   Hervorragende W\u00e4rmeleitf\u00e4higkeit  Elektrisch isolierend  \u00c4u\u00dferst best\u00e4ndig und nicht aush\u00e4rtend  Kein \u00d6l-Ausschwitzen  Einfache Verarbeitung\" \/>\n<meta property=\"og:url\" content=\"https:\/\/gelidsolutions.com\/de\/produkt\/gc-5-extreme-thermal-paste\/\" \/>\n<meta property=\"og:site_name\" content=\"Gelid Solutions\" \/>\n<meta property=\"article:modified_time\" content=\"2025-12-22T08:11:15+00:00\" \/>\n<meta property=\"og:image\" content=\"https:\/\/gelidsolutions.com\/wp-content\/uploads\/2025\/12\/GC-5-product-3.jpg\" \/>\n\t<meta property=\"og:image:width\" content=\"1280\" \/>\n\t<meta property=\"og:image:height\" content=\"1280\" \/>\n\t<meta property=\"og:image:type\" content=\"image\/jpeg\" \/>\n<meta name=\"twitter:card\" content=\"summary_large_image\" \/>\n<meta name=\"twitter:label1\" content=\"Gesch\u00e4tzte Lesezeit\" \/>\n\t<meta name=\"twitter:data1\" content=\"1\u00a0Minute\" \/>\n<script type=\"application\/ld+json\" class=\"yoast-schema-graph\">{\"@context\":\"https:\\\/\\\/schema.org\",\"@graph\":[{\"@type\":\"WebPage\",\"@id\":\"https:\\\/\\\/gelidsolutions.com\\\/de\\\/produkt\\\/gc-5-extreme-thermal-paste\\\/\",\"url\":\"https:\\\/\\\/gelidsolutions.com\\\/de\\\/produkt\\\/gc-5-extreme-thermal-paste\\\/\",\"name\":\"GC-5 W\u00c4RMELEITPASTE Gelid Solutions\",\"isPartOf\":{\"@id\":\"https:\\\/\\\/gelidsolutions.com\\\/de\\\/#website\"},\"primaryImageOfPage\":{\"@id\":\"https:\\\/\\\/gelidsolutions.com\\\/de\\\/produkt\\\/gc-5-extreme-thermal-paste\\\/#primaryimage\"},\"image\":{\"@id\":\"https:\\\/\\\/gelidsolutions.com\\\/de\\\/produkt\\\/gc-5-extreme-thermal-paste\\\/#primaryimage\"},\"thumbnailUrl\":\"https:\\\/\\\/gelidsolutions.com\\\/wp-content\\\/uploads\\\/2025\\\/12\\\/GC-5-product-3.jpg\",\"datePublished\":\"2025-11-02T08:38:26+00:00\",\"dateModified\":\"2025-12-22T08:11:15+00:00\",\"breadcrumb\":{\"@id\":\"https:\\\/\\\/gelidsolutions.com\\\/de\\\/produkt\\\/gc-5-extreme-thermal-paste\\\/#breadcrumb\"},\"inLanguage\":\"de\",\"potentialAction\":[{\"@type\":\"ReadAction\",\"target\":[\"https:\\\/\\\/gelidsolutions.com\\\/de\\\/produkt\\\/gc-5-extreme-thermal-paste\\\/\"]}]},{\"@type\":\"ImageObject\",\"inLanguage\":\"de\",\"@id\":\"https:\\\/\\\/gelidsolutions.com\\\/de\\\/produkt\\\/gc-5-extreme-thermal-paste\\\/#primaryimage\",\"url\":\"https:\\\/\\\/gelidsolutions.com\\\/wp-content\\\/uploads\\\/2025\\\/12\\\/GC-5-product-3.jpg\",\"contentUrl\":\"https:\\\/\\\/gelidsolutions.com\\\/wp-content\\\/uploads\\\/2025\\\/12\\\/GC-5-product-3.jpg\",\"width\":1280,\"height\":1280},{\"@type\":\"BreadcrumbList\",\"@id\":\"https:\\\/\\\/gelidsolutions.com\\\/de\\\/produkt\\\/gc-5-extreme-thermal-paste\\\/#breadcrumb\",\"itemListElement\":[{\"@type\":\"ListItem\",\"position\":1,\"name\":\"Home\",\"item\":\"https:\\\/\\\/gelidsolutions.com\\\/de\\\/\"},{\"@type\":\"ListItem\",\"position\":2,\"name\":\"Shop\",\"item\":\"https:\\\/\\\/gelidsolutions.com\\\/shop\\\/\"},{\"@type\":\"ListItem\",\"position\":3,\"name\":\"GC-5 W\u00c4RMELEITPASTE\"}]},{\"@type\":\"WebSite\",\"@id\":\"https:\\\/\\\/gelidsolutions.com\\\/de\\\/#website\",\"url\":\"https:\\\/\\\/gelidsolutions.com\\\/de\\\/\",\"name\":\"Gelid Solutions\",\"description\":\"\",\"publisher\":{\"@id\":\"https:\\\/\\\/gelidsolutions.com\\\/de\\\/#organization\"},\"potentialAction\":[{\"@type\":\"SearchAction\",\"target\":{\"@type\":\"EntryPoint\",\"urlTemplate\":\"https:\\\/\\\/gelidsolutions.com\\\/de\\\/?s={search_term_string}\"},\"query-input\":{\"@type\":\"PropertyValueSpecification\",\"valueRequired\":true,\"valueName\":\"search_term_string\"}}],\"inLanguage\":\"de\"},{\"@type\":\"Organization\",\"@id\":\"https:\\\/\\\/gelidsolutions.com\\\/de\\\/#organization\",\"name\":\"Gelid Solutions\",\"url\":\"https:\\\/\\\/gelidsolutions.com\\\/de\\\/\",\"logo\":{\"@type\":\"ImageObject\",\"inLanguage\":\"de\",\"@id\":\"https:\\\/\\\/gelidsolutions.com\\\/de\\\/#\\\/schema\\\/logo\\\/image\\\/\",\"url\":\"https:\\\/\\\/gelidsolutions.com\\\/wp-content\\\/uploads\\\/2022\\\/06\\\/logo_white_104_104.gif\",\"contentUrl\":\"https:\\\/\\\/gelidsolutions.com\\\/wp-content\\\/uploads\\\/2022\\\/06\\\/logo_white_104_104.gif\",\"width\":104,\"height\":104,\"caption\":\"Gelid Solutions\"},\"image\":{\"@id\":\"https:\\\/\\\/gelidsolutions.com\\\/de\\\/#\\\/schema\\\/logo\\\/image\\\/\"}}]}<\/script>\n<!-- \/ Yoast SEO plugin. -->","yoast_head_json":{"title":"GC-5 W\u00c4RMELEITPASTE Gelid Solutions","robots":{"index":"index","follow":"follow","max-snippet":"max-snippet:-1","max-image-preview":"max-image-preview:large","max-video-preview":"max-video-preview:-1"},"canonical":"https:\/\/gelidsolutions.com\/de\/produkt\/gc-5-extreme-thermal-paste\/","og_locale":"de_DE","og_type":"article","og_title":"GC-5 W\u00c4RMELEITPASTE Gelid Solutions","og_description":"Die hochmoderne W\u00e4rmeleitpaste   Hervorragende W\u00e4rmeleitf\u00e4higkeit  Elektrisch isolierend  \u00c4u\u00dferst best\u00e4ndig und nicht aush\u00e4rtend  Kein \u00d6l-Ausschwitzen  Einfache Verarbeitung","og_url":"https:\/\/gelidsolutions.com\/de\/produkt\/gc-5-extreme-thermal-paste\/","og_site_name":"Gelid Solutions","article_modified_time":"2025-12-22T08:11:15+00:00","og_image":[{"width":1280,"height":1280,"url":"https:\/\/gelidsolutions.com\/wp-content\/uploads\/2025\/12\/GC-5-product-3.jpg","type":"image\/jpeg"}],"twitter_card":"summary_large_image","twitter_misc":{"Gesch\u00e4tzte Lesezeit":"1\u00a0Minute"},"schema":{"@context":"https:\/\/schema.org","@graph":[{"@type":"WebPage","@id":"https:\/\/gelidsolutions.com\/de\/produkt\/gc-5-extreme-thermal-paste\/","url":"https:\/\/gelidsolutions.com\/de\/produkt\/gc-5-extreme-thermal-paste\/","name":"GC-5 W\u00c4RMELEITPASTE Gelid Solutions","isPartOf":{"@id":"https:\/\/gelidsolutions.com\/de\/#website"},"primaryImageOfPage":{"@id":"https:\/\/gelidsolutions.com\/de\/produkt\/gc-5-extreme-thermal-paste\/#primaryimage"},"image":{"@id":"https:\/\/gelidsolutions.com\/de\/produkt\/gc-5-extreme-thermal-paste\/#primaryimage"},"thumbnailUrl":"https:\/\/gelidsolutions.com\/wp-content\/uploads\/2025\/12\/GC-5-product-3.jpg","datePublished":"2025-11-02T08:38:26+00:00","dateModified":"2025-12-22T08:11:15+00:00","breadcrumb":{"@id":"https:\/\/gelidsolutions.com\/de\/produkt\/gc-5-extreme-thermal-paste\/#breadcrumb"},"inLanguage":"de","potentialAction":[{"@type":"ReadAction","target":["https:\/\/gelidsolutions.com\/de\/produkt\/gc-5-extreme-thermal-paste\/"]}]},{"@type":"ImageObject","inLanguage":"de","@id":"https:\/\/gelidsolutions.com\/de\/produkt\/gc-5-extreme-thermal-paste\/#primaryimage","url":"https:\/\/gelidsolutions.com\/wp-content\/uploads\/2025\/12\/GC-5-product-3.jpg","contentUrl":"https:\/\/gelidsolutions.com\/wp-content\/uploads\/2025\/12\/GC-5-product-3.jpg","width":1280,"height":1280},{"@type":"BreadcrumbList","@id":"https:\/\/gelidsolutions.com\/de\/produkt\/gc-5-extreme-thermal-paste\/#breadcrumb","itemListElement":[{"@type":"ListItem","position":1,"name":"Home","item":"https:\/\/gelidsolutions.com\/de\/"},{"@type":"ListItem","position":2,"name":"Shop","item":"https:\/\/gelidsolutions.com\/shop\/"},{"@type":"ListItem","position":3,"name":"GC-5 W\u00c4RMELEITPASTE"}]},{"@type":"WebSite","@id":"https:\/\/gelidsolutions.com\/de\/#website","url":"https:\/\/gelidsolutions.com\/de\/","name":"Gelid Solutions","description":"","publisher":{"@id":"https:\/\/gelidsolutions.com\/de\/#organization"},"potentialAction":[{"@type":"SearchAction","target":{"@type":"EntryPoint","urlTemplate":"https:\/\/gelidsolutions.com\/de\/?s={search_term_string}"},"query-input":{"@type":"PropertyValueSpecification","valueRequired":true,"valueName":"search_term_string"}}],"inLanguage":"de"},{"@type":"Organization","@id":"https:\/\/gelidsolutions.com\/de\/#organization","name":"Gelid Solutions","url":"https:\/\/gelidsolutions.com\/de\/","logo":{"@type":"ImageObject","inLanguage":"de","@id":"https:\/\/gelidsolutions.com\/de\/#\/schema\/logo\/image\/","url":"https:\/\/gelidsolutions.com\/wp-content\/uploads\/2022\/06\/logo_white_104_104.gif","contentUrl":"https:\/\/gelidsolutions.com\/wp-content\/uploads\/2022\/06\/logo_white_104_104.gif","width":104,"height":104,"caption":"Gelid Solutions"},"image":{"@id":"https:\/\/gelidsolutions.com\/de\/#\/schema\/logo\/image\/"}}]}},"_links":{"self":[{"href":"https:\/\/gelidsolutions.com\/de\/wp-json\/wp\/v2\/product\/138604","targetHints":{"allow":["GET"]}}],"collection":[{"href":"https:\/\/gelidsolutions.com\/de\/wp-json\/wp\/v2\/product"}],"about":[{"href":"https:\/\/gelidsolutions.com\/de\/wp-json\/wp\/v2\/types\/product"}],"replies":[{"embeddable":true,"href":"https:\/\/gelidsolutions.com\/de\/wp-json\/wp\/v2\/comments?post=138604"}],"wp:featuredmedia":[{"embeddable":true,"href":"https:\/\/gelidsolutions.com\/de\/wp-json\/wp\/v2\/media\/138781"}],"wp:attachment":[{"href":"https:\/\/gelidsolutions.com\/de\/wp-json\/wp\/v2\/media?parent=138604"}],"wp:term":[{"taxonomy":"product_cat","embeddable":true,"href":"https:\/\/gelidsolutions.com\/de\/wp-json\/wp\/v2\/product_cat?post=138604"},{"taxonomy":"product_tag","embeddable":true,"href":"https:\/\/gelidsolutions.com\/de\/wp-json\/wp\/v2\/product_tag?post=138604"}],"curies":[{"name":"wp","href":"https:\/\/api.w.org\/{rel}","templated":true}]}}